{"id":21798,"date":"2024-02-13T16:03:53","date_gmt":"2024-02-13T15:03:53","guid":{"rendered":"https:\/\/truusk.store\/product\/kajakvagn-aluminium-batvagn-hopfallbar-transportvagn-pu-dack-silver-75-kg-75-x-43-x-46-cm\/"},"modified":"2026-03-12T09:03:41","modified_gmt":"2026-03-12T08:03:41","slug":"truusk-aluminium-kajakvagn-hopfallbar-transportvagn-pu-dack-silver-75-kg-75-x-43-x-46-cm","status":"publish","type":"product","link":"https:\/\/truusk.store\/sv\/produkt\/truusk-aluminium-kajakvagn-hopfallbar-transportvagn-pu-dack-silver-75-kg-75-x-43-x-46-cm\/","title":{"rendered":"TRUUSK Aluminium Kajakvagn &#8211; Hopf\u00e4llbar Transportvagn &#8211; PU-d\u00e4ck &#8211; Silver &#8211; 75 Kg &#8211; 75 X 43 X 46 Cm"},"content":{"rendered":"<p>Vill du \u00e5ka p\u00e5 semester? Letar du efter ett l\u00e4ttviktsverktyg som hj\u00e4lper dig att transportera din kajak enkelt och s\u00e4kert? Prova v\u00e5r kajakvagn och bespara dig dina bekymmer. Kommer med 2 stora d\u00e4ck och h\u00f6gkvalitativ l\u00e4tt aluminiumram, denna vagn kan h\u00e5lla stor lastkapacitet. Den \u00e4r redo att g\u00e5! L\u00e4gg din kajak, kanot, paddleboard, flytmatta eller jonb\u00e5t i v\u00e5r vagn, kan njuta av en fantastisk resa med dina v\u00e4nner!<\/p>\n<h3>Beskrivning:<\/h3>\n<ul>\n<li>Passar kajaken, kanoten, paddleboarden, flytmattan eller jonb\u00e5ten<\/li>\n<li>Perfekt f\u00f6r sand, placering, transport av kajak<\/li>\n<li>Stora PU-d\u00e4ck m\u00f6jligg\u00f6r mjuk r\u00f6relse, inget behov av att bl\u00e5sa upp luft<\/li>\n<li>Omedelbart f\u00e4llbar och l\u00e4tt f\u00f6r enkel transport<\/li>\n<li>Aluminium f\u00f6r robusthet<\/li>\n<li>Halkfritt slangskydd f\u00f6r att \u00f6ka friktionen med din b\u00e5t<\/li>\n<\/ul>\n<h3>Teknisk data:<\/h3>\n<ul>\n<li>silver<\/li>\n<li>Material: aluminium, PU<\/li>\n<li>Totala m\u00e5tt: 75L x 43W x 46H cm<\/li>\n<li>Vikstorlek: 75L x 50W x 24H cm<\/li>\n<li>Lastkapacitet: 75 kg<\/li>\n<li>Artikelnummer: A32-011<\/li>\n<\/ul>\n<h3>Leveransens omfattning:<\/h3>\n<ul>\n<li>1 x kajakvagn<\/li>\n<li>1 x Instruktioner<\/li>\n<\/ul>\n","protected":false},"excerpt":{"rendered":"<p>Vill du \u00e5ka p\u00e5 semester? Letar du efter ett l\u00e4ttviktsverktyg som hj\u00e4lper dig att transportera din kajak enkelt och s\u00e4kert?&#8230;<\/p>\n","protected":false},"featured_media":21799,"template":"","meta":[],"product_brand":[],"product_cat":[647,670],"product_tag":[],"class_list":{"0":"post-21798","1":"product","2":"type-product","3":"status-publish","4":"has-post-thumbnail","6":"product_cat-sport-fritid","7":"product_cat-vattensporter","9":"first","10":"instock","11":"sale","12":"taxable","13":"shipping-taxable","14":"purchasable","15":"product-type-simple"},"yoast_head":"<!-- This site is optimized with the Yoast SEO plugin v25.4 - https:\/\/yoast.com\/wordpress\/plugins\/seo\/ -->\n<title>TRUUSK Aluminium Kajakvagn - Hopf\u00e4llbar Transportvagn - PU-d\u00e4ck - Silver - 75 Kg - 75 X 43 X 46 Cm - TRUUSK - Hem, Tr\u00e4dg\u00e5rd &amp; Fritid<\/title>\n<meta name=\"robots\" content=\"index, follow, max-snippet:-1, max-image-preview:large, max-video-preview:-1\" \/>\n<link rel=\"canonical\" href=\"https:\/\/truusk.store\/sv\/produkt\/truusk-aluminium-kajakvagn-hopfallbar-transportvagn-pu-dack-silver-75-kg-75-x-43-x-46-cm\/\" \/>\n<meta property=\"og:locale\" content=\"sv_SE\" \/>\n<meta property=\"og:type\" content=\"article\" \/>\n<meta property=\"og:title\" content=\"TRUUSK Aluminium Kajakvagn - Hopf\u00e4llbar Transportvagn - PU-d\u00e4ck - Silver - 75 Kg - 75 X 43 X 46 Cm - TRUUSK - Hem, Tr\u00e4dg\u00e5rd &amp; Fritid\" \/>\n<meta property=\"og:description\" content=\"Vill du \u00e5ka p\u00e5 semester? Letar du efter ett l\u00e4ttviktsverktyg som hj\u00e4lper dig att transportera din kajak enkelt och s\u00e4kert?...\" \/>\n<meta property=\"og:url\" content=\"https:\/\/truusk.store\/sv\/produkt\/truusk-aluminium-kajakvagn-hopfallbar-transportvagn-pu-dack-silver-75-kg-75-x-43-x-46-cm\/\" \/>\n<meta property=\"og:site_name\" content=\"TRUUSK - Hem, Tr\u00e4dg\u00e5rd &amp; Fritid\" \/>\n<meta property=\"article:modified_time\" content=\"2026-03-12T08:03:41+00:00\" \/>\n<meta property=\"og:image\" content=\"https:\/\/i0.wp.com\/truusk.se\/wp-content\/uploads\/2024\/02\/kajakvagn-aluminium-batvagn-hopfallbar-transportvagn-pu-dack-silver-75-kg-75-x-43-x-46-cm.webp?fit=800%2C800&ssl=1\" \/>\n\t<meta property=\"og:image:width\" content=\"800\" \/>\n\t<meta property=\"og:image:height\" content=\"800\" \/>\n\t<meta property=\"og:image:type\" content=\"image\/webp\" \/>\n<meta name=\"twitter:card\" content=\"summary_large_image\" \/>\n<meta name=\"twitter:label1\" content=\"Ber\u00e4knad l\u00e4stid\" \/>\n\t<meta name=\"twitter:data1\" content=\"1 minut\" \/>\n<!-- \/ Yoast SEO plugin. -->","yoast_head_json":{"title":"TRUUSK Aluminium Kajakvagn - Hopf\u00e4llbar Transportvagn - PU-d\u00e4ck - Silver - 75 Kg - 75 X 43 X 46 Cm - TRUUSK - Hem, Tr\u00e4dg\u00e5rd &amp; Fritid","robots":{"index":"index","follow":"follow","max-snippet":"max-snippet:-1","max-image-preview":"max-image-preview:large","max-video-preview":"max-video-preview:-1"},"canonical":"https:\/\/truusk.store\/sv\/produkt\/truusk-aluminium-kajakvagn-hopfallbar-transportvagn-pu-dack-silver-75-kg-75-x-43-x-46-cm\/","og_locale":"sv_SE","og_type":"article","og_title":"TRUUSK Aluminium Kajakvagn - Hopf\u00e4llbar Transportvagn - PU-d\u00e4ck - Silver - 75 Kg - 75 X 43 X 46 Cm - TRUUSK - Hem, Tr\u00e4dg\u00e5rd &amp; Fritid","og_description":"Vill du \u00e5ka p\u00e5 semester? Letar du efter ett l\u00e4ttviktsverktyg som hj\u00e4lper dig att transportera din kajak enkelt och s\u00e4kert?...","og_url":"https:\/\/truusk.store\/sv\/produkt\/truusk-aluminium-kajakvagn-hopfallbar-transportvagn-pu-dack-silver-75-kg-75-x-43-x-46-cm\/","og_site_name":"TRUUSK - Hem, Tr\u00e4dg\u00e5rd &amp; Fritid","article_modified_time":"2026-03-12T08:03:41+00:00","og_image":[{"width":800,"height":800,"url":"https:\/\/i0.wp.com\/truusk.se\/wp-content\/uploads\/2024\/02\/kajakvagn-aluminium-batvagn-hopfallbar-transportvagn-pu-dack-silver-75-kg-75-x-43-x-46-cm.webp?fit=800%2C800&ssl=1","type":"image\/webp"}],"twitter_card":"summary_large_image","twitter_misc":{"Ber\u00e4knad l\u00e4stid":"1 minut"},"schema":{"@context":"https:\/\/schema.org","@graph":[{"@type":"WebPage","@id":"https:\/\/truusk.store\/sv\/produkt\/truusk-aluminium-kajakvagn-hopfallbar-transportvagn-pu-dack-silver-75-kg-75-x-43-x-46-cm\/","url":"https:\/\/truusk.store\/sv\/produkt\/truusk-aluminium-kajakvagn-hopfallbar-transportvagn-pu-dack-silver-75-kg-75-x-43-x-46-cm\/","name":"TRUUSK Aluminium Kajakvagn - Hopf\u00e4llbar Transportvagn - PU-d\u00e4ck - Silver - 75 Kg - 75 X 43 X 46 Cm - TRUUSK - Hem, Tr\u00e4dg\u00e5rd &amp; Fritid","isPartOf":{"@id":"https:\/\/truusk.store\/sv\/#website"},"primaryImageOfPage":{"@id":"https:\/\/truusk.store\/sv\/produkt\/truusk-aluminium-kajakvagn-hopfallbar-transportvagn-pu-dack-silver-75-kg-75-x-43-x-46-cm\/#primaryimage"},"image":{"@id":"https:\/\/truusk.store\/sv\/produkt\/truusk-aluminium-kajakvagn-hopfallbar-transportvagn-pu-dack-silver-75-kg-75-x-43-x-46-cm\/#primaryimage"},"thumbnailUrl":"https:\/\/i0.wp.com\/truusk.store\/wp-content\/uploads\/2024\/02\/kajakvagn-aluminium-batvagn-hopfallbar-transportvagn-pu-dack-silver-75-kg-75-x-43-x-46-cm.webp?fit=800%2C800&ssl=1","datePublished":"2024-02-13T15:03:53+00:00","dateModified":"2026-03-12T08:03:41+00:00","breadcrumb":{"@id":"https:\/\/truusk.store\/sv\/produkt\/truusk-aluminium-kajakvagn-hopfallbar-transportvagn-pu-dack-silver-75-kg-75-x-43-x-46-cm\/#breadcrumb"},"inLanguage":"sv-SE","potentialAction":[{"@type":"ReadAction","target":["https:\/\/truusk.store\/sv\/produkt\/truusk-aluminium-kajakvagn-hopfallbar-transportvagn-pu-dack-silver-75-kg-75-x-43-x-46-cm\/"]}]},{"@type":"ImageObject","inLanguage":"sv-SE","@id":"https:\/\/truusk.store\/sv\/produkt\/truusk-aluminium-kajakvagn-hopfallbar-transportvagn-pu-dack-silver-75-kg-75-x-43-x-46-cm\/#primaryimage","url":"https:\/\/i0.wp.com\/truusk.store\/wp-content\/uploads\/2024\/02\/kajakvagn-aluminium-batvagn-hopfallbar-transportvagn-pu-dack-silver-75-kg-75-x-43-x-46-cm.webp?fit=800%2C800&ssl=1","contentUrl":"https:\/\/i0.wp.com\/truusk.store\/wp-content\/uploads\/2024\/02\/kajakvagn-aluminium-batvagn-hopfallbar-transportvagn-pu-dack-silver-75-kg-75-x-43-x-46-cm.webp?fit=800%2C800&ssl=1","width":800,"height":800,"caption":"Kajakvagn Aluminium B\u00e5tvagn Hopf\u00e4llbar Transportvagn PU-d\u00e4ck Silver 75 Kg 75 X 43 X 46 Cm 1"},{"@type":"BreadcrumbList","@id":"https:\/\/truusk.store\/sv\/produkt\/truusk-aluminium-kajakvagn-hopfallbar-transportvagn-pu-dack-silver-75-kg-75-x-43-x-46-cm\/#breadcrumb","itemListElement":[{"@type":"ListItem","position":1,"name":"Home","item":"https:\/\/truusk.store\/sv\/"},{"@type":"ListItem","position":2,"name":"Shop","item":"https:\/\/truusk.store\/shop\/"},{"@type":"ListItem","position":3,"name":"TRUUSK Aluminium Kajakvagn &#8211; Hopf\u00e4llbar Transportvagn &#8211; PU-d\u00e4ck &#8211; Silver &#8211; 75 Kg &#8211; 75 X 43 X 46 Cm"}]},{"@type":"WebSite","@id":"https:\/\/truusk.store\/sv\/#website","url":"https:\/\/truusk.store\/sv\/","name":"TRUUSK - Hem, Tr\u00e4dg\u00e5rd & Fritid","description":"","publisher":{"@id":"https:\/\/truusk.store\/sv\/#organization"},"potentialAction":[{"@type":"SearchAction","target":{"@type":"EntryPoint","urlTemplate":"https:\/\/truusk.store\/sv\/?s={search_term_string}"},"query-input":{"@type":"PropertyValueSpecification","valueRequired":true,"valueName":"search_term_string"}}],"inLanguage":"sv-SE"},{"@type":"Organization","@id":"https:\/\/truusk.store\/sv\/#organization","name":"TRUUSK - Hem, Tr\u00e4dg\u00e5rd & Fritid","url":"https:\/\/truusk.store\/sv\/","logo":{"@type":"ImageObject","inLanguage":"sv-SE","@id":"https:\/\/truusk.store\/sv\/#\/schema\/logo\/image\/","url":"https:\/\/i0.wp.com\/truusk.store\/wp-content\/uploads\/2026\/03\/cropped-TRUUSK.png?fit=2032%2C917&ssl=1","contentUrl":"https:\/\/i0.wp.com\/truusk.store\/wp-content\/uploads\/2026\/03\/cropped-TRUUSK.png?fit=2032%2C917&ssl=1","width":2032,"height":917,"caption":"TRUUSK - Hem, Tr\u00e4dg\u00e5rd & Fritid"},"image":{"@id":"https:\/\/truusk.store\/sv\/#\/schema\/logo\/image\/"}}]}},"jetpack_sharing_enabled":true,"_links":{"self":[{"href":"https:\/\/truusk.store\/sv\/wp-json\/wp\/v2\/product\/21798","targetHints":{"allow":["GET"]}}],"collection":[{"href":"https:\/\/truusk.store\/sv\/wp-json\/wp\/v2\/product"}],"about":[{"href":"https:\/\/truusk.store\/sv\/wp-json\/wp\/v2\/types\/product"}],"wp:featuredmedia":[{"embeddable":true,"href":"https:\/\/truusk.store\/sv\/wp-json\/wp\/v2\/media\/21799"}],"wp:attachment":[{"href":"https:\/\/truusk.store\/sv\/wp-json\/wp\/v2\/media?parent=21798"}],"wp:term":[{"taxonomy":"product_brand","embeddable":true,"href":"https:\/\/truusk.store\/sv\/wp-json\/wp\/v2\/product_brand?post=21798"},{"taxonomy":"product_cat","embeddable":true,"href":"https:\/\/truusk.store\/sv\/wp-json\/wp\/v2\/product_cat?post=21798"},{"taxonomy":"product_tag","embeddable":true,"href":"https:\/\/truusk.store\/sv\/wp-json\/wp\/v2\/product_tag?post=21798"}],"curies":[{"name":"wp","href":"https:\/\/api.w.org\/{rel}","templated":true}]}}