{"id":21809,"date":"2024-02-13T16:04:10","date_gmt":"2024-02-13T15:04:10","guid":{"rendered":"https:\/\/truusk.store\/product\/boxningsstativ-staende-boxningstranare-med-2-hastighetsbollar-reflexstang-och-sugkoppsbas-160-230cm-hojdjusterbar-lamplig-for-vuxna-tonaringar-svart\/"},"modified":"2026-03-12T09:03:41","modified_gmt":"2026-03-12T08:03:41","slug":"truusk-boxningsstativ-staende-boxningstranare-2-hastighetsbollar-reflexstang-sugkoppsbas-justerbar-hojd-160-230cm-for","status":"publish","type":"product","link":"https:\/\/truusk.store\/sv\/produkt\/truusk-boxningsstativ-staende-boxningstranare-2-hastighetsbollar-reflexstang-sugkoppsbas-justerbar-hojd-160-230cm-for\/","title":{"rendered":"TRUUSK Boxningsstativ &#8211; St\u00e5ende Boxningstr\u00e4nare &#8211; 2 Hastighetsbollar &#8211; Reflexst\u00e5ng &#8211; Sugkoppsbas &#8211; Justerbar H\u00f6jd 160-230cm &#8211; F\u00f6r"},"content":{"rendered":"<p>V\u00e5r sparks\u00e4ck \u00e4r det b\u00e4sta valet f\u00f6r boxningsfans och kroppsbyggare att tr\u00e4na hemma eller p\u00e5 gymmet. Det kan f\u00f6rb\u00e4ttra din hand- och \u00f6gonkoordination, \u00e5terh\u00e4mta sig snabbt och tr\u00e4na reflexer, hj\u00e4lper till att bygga muskler. Den robusta basen g\u00f6r att den har utm\u00e4rkt stabilitet. Eftersom detta boxningsst\u00e4ll \u00e4r justerbart i h\u00f6jdled kan boxningss\u00e4cken \u00e4ven m\u00f6ta behoven hos de flesta barn och ton\u00e5ringar. Kolla in v\u00e5r boxningss\u00e4ck och b\u00f6rja tr\u00e4na!<\/p>\n<h3>Beskrivning:<\/h3>\n<ul>\n<li>Ett energiskt och sportigt s\u00e4tt att h\u00e5lla dig underh\u00e5llen och aktiv<\/li>\n<li>3-i-1-funktion, kombination av tv\u00e5 speedbollar, en reflexst\u00e5ng och en boxningsp\u00e5se i syntetl\u00e4der<\/li>\n<li>H\u00f6jden \u00e4r justerbar: str\u00e4cker sig fr\u00e5n 160 till 230 cm, perfekt f\u00f6r alla anv\u00e4ndningsh\u00f6jder<\/li>\n<li>Detta set kan hj\u00e4lpa dig att \u00f6ka din puls f\u00f6r ett bra tr\u00e4ningspass samtidigt som det hj\u00e4lper dig att utveckla snabbhet och noggrannhet i hand- och \u00f6gonkoordination<\/li>\n<li>Montering kr\u00e4vs<\/li>\n<\/ul>\n<h3>Teknisk data:<\/h3>\n<ul>\n<li>Svart f\u00e4rg<\/li>\n<li>Material: st\u00e5l, PU, \u200b\u200bHDPE<\/li>\n<li>\u00d6vergripande m\u00e5tt: 88L x 50W x 160-230H cm<\/li>\n<li>Basm\u00e5tt: 50 x 27H cm<\/li>\n<li>H\u00f6jden p\u00e5 speedbollens mitt \u00f6ver marken: 120-190 cm<\/li>\n<li>Agilitystavens totala l\u00e4ngd: 50 cm<\/li>\n<li>Basens lastkapacitet: sand 45 kg, vatten 30 kg, vatten-sandblandning 40 kg<\/li>\n<li>Obs: F\u00f6r att s\u00e4kerst\u00e4lla b\u00e4ttre anv\u00e4ndning rekommenderar vi att du fyller basen innan du installerar produkten<\/li>\n<\/ul>\n<h3>Leveransens omfattning:<\/h3>\n<ul>\n<li>1 x Box Set<\/li>\n<li>1 x Instruktioner<\/li>\n<\/ul>\n","protected":false},"excerpt":{"rendered":"<p>V\u00e5r sparks\u00e4ck \u00e4r det b\u00e4sta valet f\u00f6r boxningsfans och kroppsbyggare att tr\u00e4na hemma eller p\u00e5 gymmet. Det kan f\u00f6rb\u00e4ttra din&#8230;<\/p>\n","protected":false},"featured_media":21810,"template":"","meta":[],"product_brand":[],"product_cat":[667,661,647],"product_tag":[],"class_list":{"0":"post-21809","1":"product","2":"type-product","3":"status-publish","4":"has-post-thumbnail","6":"product_cat-boxningssack","7":"product_cat-kondition-styrketraning","8":"product_cat-sport-fritid","10":"first","11":"instock","12":"sale","13":"taxable","14":"shipping-taxable","15":"purchasable","16":"product-type-simple"},"yoast_head":"<!-- This site is optimized with the Yoast SEO plugin v25.4 - https:\/\/yoast.com\/wordpress\/plugins\/seo\/ -->\n<title>TRUUSK Boxningsstativ - St\u00e5ende Boxningstr\u00e4nare - 2 Hastighetsbollar - Reflexst\u00e5ng - Sugkoppsbas - Justerbar H\u00f6jd 160-230cm - F\u00f6r - TRUUSK - Hem, Tr\u00e4dg\u00e5rd &amp; Fritid<\/title>\n<meta name=\"robots\" content=\"index, follow, max-snippet:-1, max-image-preview:large, max-video-preview:-1\" \/>\n<link rel=\"canonical\" href=\"https:\/\/truusk.store\/sv\/produkt\/truusk-boxningsstativ-staende-boxningstranare-2-hastighetsbollar-reflexstang-sugkoppsbas-justerbar-hojd-160-230cm-for\/\" \/>\n<meta property=\"og:locale\" content=\"sv_SE\" \/>\n<meta property=\"og:type\" content=\"article\" \/>\n<meta property=\"og:title\" content=\"TRUUSK Boxningsstativ - St\u00e5ende Boxningstr\u00e4nare - 2 Hastighetsbollar - Reflexst\u00e5ng - Sugkoppsbas - Justerbar H\u00f6jd 160-230cm - F\u00f6r - TRUUSK - Hem, Tr\u00e4dg\u00e5rd &amp; Fritid\" \/>\n<meta property=\"og:description\" content=\"V\u00e5r sparks\u00e4ck \u00e4r det b\u00e4sta valet f\u00f6r boxningsfans och kroppsbyggare att tr\u00e4na hemma eller p\u00e5 gymmet. Det kan f\u00f6rb\u00e4ttra din...\" \/>\n<meta property=\"og:url\" content=\"https:\/\/truusk.store\/sv\/produkt\/truusk-boxningsstativ-staende-boxningstranare-2-hastighetsbollar-reflexstang-sugkoppsbas-justerbar-hojd-160-230cm-for\/\" \/>\n<meta property=\"og:site_name\" content=\"TRUUSK - Hem, Tr\u00e4dg\u00e5rd &amp; Fritid\" \/>\n<meta property=\"article:modified_time\" content=\"2026-03-12T08:03:41+00:00\" \/>\n<meta property=\"og:image\" content=\"https:\/\/i0.wp.com\/truusk.se\/wp-content\/uploads\/2024\/02\/boxningsstativ-staende-boxningstranare-med-2-hastighetsbollar-reflexstang-och-sugkoppsbas-160-230cm-hojdjusterbar-lamplig-for-vuxna-tonaringar-svart.webp?fit=800%2C800&ssl=1\" \/>\n\t<meta property=\"og:image:width\" content=\"800\" \/>\n\t<meta property=\"og:image:height\" content=\"800\" \/>\n\t<meta property=\"og:image:type\" content=\"image\/webp\" \/>\n<meta name=\"twitter:card\" content=\"summary_large_image\" \/>\n<meta name=\"twitter:label1\" content=\"Ber\u00e4knad l\u00e4stid\" \/>\n\t<meta name=\"twitter:data1\" content=\"1 minut\" \/>\n<!-- \/ Yoast SEO plugin. -->","yoast_head_json":{"title":"TRUUSK Boxningsstativ - St\u00e5ende Boxningstr\u00e4nare - 2 Hastighetsbollar - Reflexst\u00e5ng - Sugkoppsbas - Justerbar H\u00f6jd 160-230cm - F\u00f6r - TRUUSK - Hem, Tr\u00e4dg\u00e5rd &amp; Fritid","robots":{"index":"index","follow":"follow","max-snippet":"max-snippet:-1","max-image-preview":"max-image-preview:large","max-video-preview":"max-video-preview:-1"},"canonical":"https:\/\/truusk.store\/sv\/produkt\/truusk-boxningsstativ-staende-boxningstranare-2-hastighetsbollar-reflexstang-sugkoppsbas-justerbar-hojd-160-230cm-for\/","og_locale":"sv_SE","og_type":"article","og_title":"TRUUSK Boxningsstativ - St\u00e5ende Boxningstr\u00e4nare - 2 Hastighetsbollar - Reflexst\u00e5ng - Sugkoppsbas - Justerbar H\u00f6jd 160-230cm - F\u00f6r - TRUUSK - Hem, Tr\u00e4dg\u00e5rd &amp; Fritid","og_description":"V\u00e5r sparks\u00e4ck \u00e4r det b\u00e4sta valet f\u00f6r boxningsfans och kroppsbyggare att tr\u00e4na hemma eller p\u00e5 gymmet. Det kan f\u00f6rb\u00e4ttra din...","og_url":"https:\/\/truusk.store\/sv\/produkt\/truusk-boxningsstativ-staende-boxningstranare-2-hastighetsbollar-reflexstang-sugkoppsbas-justerbar-hojd-160-230cm-for\/","og_site_name":"TRUUSK - Hem, Tr\u00e4dg\u00e5rd &amp; Fritid","article_modified_time":"2026-03-12T08:03:41+00:00","og_image":[{"width":800,"height":800,"url":"https:\/\/i0.wp.com\/truusk.se\/wp-content\/uploads\/2024\/02\/boxningsstativ-staende-boxningstranare-med-2-hastighetsbollar-reflexstang-och-sugkoppsbas-160-230cm-hojdjusterbar-lamplig-for-vuxna-tonaringar-svart.webp?fit=800%2C800&ssl=1","type":"image\/webp"}],"twitter_card":"summary_large_image","twitter_misc":{"Ber\u00e4knad l\u00e4stid":"1 minut"},"schema":{"@context":"https:\/\/schema.org","@graph":[{"@type":"WebPage","@id":"https:\/\/truusk.store\/sv\/produkt\/truusk-boxningsstativ-staende-boxningstranare-2-hastighetsbollar-reflexstang-sugkoppsbas-justerbar-hojd-160-230cm-for\/","url":"https:\/\/truusk.store\/sv\/produkt\/truusk-boxningsstativ-staende-boxningstranare-2-hastighetsbollar-reflexstang-sugkoppsbas-justerbar-hojd-160-230cm-for\/","name":"TRUUSK Boxningsstativ - St\u00e5ende Boxningstr\u00e4nare - 2 Hastighetsbollar - Reflexst\u00e5ng - Sugkoppsbas - Justerbar H\u00f6jd 160-230cm - F\u00f6r - TRUUSK - Hem, Tr\u00e4dg\u00e5rd &amp; Fritid","isPartOf":{"@id":"https:\/\/truusk.store\/sv\/#website"},"primaryImageOfPage":{"@id":"https:\/\/truusk.store\/sv\/produkt\/truusk-boxningsstativ-staende-boxningstranare-2-hastighetsbollar-reflexstang-sugkoppsbas-justerbar-hojd-160-230cm-for\/#primaryimage"},"image":{"@id":"https:\/\/truusk.store\/sv\/produkt\/truusk-boxningsstativ-staende-boxningstranare-2-hastighetsbollar-reflexstang-sugkoppsbas-justerbar-hojd-160-230cm-for\/#primaryimage"},"thumbnailUrl":"https:\/\/i0.wp.com\/truusk.store\/wp-content\/uploads\/2024\/02\/boxningsstativ-staende-boxningstranare-med-2-hastighetsbollar-reflexstang-och-sugkoppsbas-160-230cm-hojdjusterbar-lamplig-for-vuxna-tonaringar-svart.webp?fit=800%2C800&ssl=1","datePublished":"2024-02-13T15:04:10+00:00","dateModified":"2026-03-12T08:03:41+00:00","breadcrumb":{"@id":"https:\/\/truusk.store\/sv\/produkt\/truusk-boxningsstativ-staende-boxningstranare-2-hastighetsbollar-reflexstang-sugkoppsbas-justerbar-hojd-160-230cm-for\/#breadcrumb"},"inLanguage":"sv-SE","potentialAction":[{"@type":"ReadAction","target":["https:\/\/truusk.store\/sv\/produkt\/truusk-boxningsstativ-staende-boxningstranare-2-hastighetsbollar-reflexstang-sugkoppsbas-justerbar-hojd-160-230cm-for\/"]}]},{"@type":"ImageObject","inLanguage":"sv-SE","@id":"https:\/\/truusk.store\/sv\/produkt\/truusk-boxningsstativ-staende-boxningstranare-2-hastighetsbollar-reflexstang-sugkoppsbas-justerbar-hojd-160-230cm-for\/#primaryimage","url":"https:\/\/i0.wp.com\/truusk.store\/wp-content\/uploads\/2024\/02\/boxningsstativ-staende-boxningstranare-med-2-hastighetsbollar-reflexstang-och-sugkoppsbas-160-230cm-hojdjusterbar-lamplig-for-vuxna-tonaringar-svart.webp?fit=800%2C800&ssl=1","contentUrl":"https:\/\/i0.wp.com\/truusk.store\/wp-content\/uploads\/2024\/02\/boxningsstativ-staende-boxningstranare-med-2-hastighetsbollar-reflexstang-och-sugkoppsbas-160-230cm-hojdjusterbar-lamplig-for-vuxna-tonaringar-svart.webp?fit=800%2C800&ssl=1","width":800,"height":800,"caption":"Boxningsstativ St\u00e5ende Boxningstr\u00e4nare Med 2 Hastighetsbollar Reflexst\u00e5ng Och Sugkoppsbas 160-230cm H\u00f6jdjusterbar L\u00e4mplig F\u00f6r Vuxna Ton\u00e5ringar Svart 1"},{"@type":"BreadcrumbList","@id":"https:\/\/truusk.store\/sv\/produkt\/truusk-boxningsstativ-staende-boxningstranare-2-hastighetsbollar-reflexstang-sugkoppsbas-justerbar-hojd-160-230cm-for\/#breadcrumb","itemListElement":[{"@type":"ListItem","position":1,"name":"Home","item":"https:\/\/truusk.store\/sv\/"},{"@type":"ListItem","position":2,"name":"Shop","item":"https:\/\/truusk.store\/shop\/"},{"@type":"ListItem","position":3,"name":"TRUUSK Boxningsstativ &#8211; St\u00e5ende Boxningstr\u00e4nare &#8211; 2 Hastighetsbollar &#8211; Reflexst\u00e5ng &#8211; Sugkoppsbas &#8211; Justerbar H\u00f6jd 160-230cm &#8211; F\u00f6r"}]},{"@type":"WebSite","@id":"https:\/\/truusk.store\/sv\/#website","url":"https:\/\/truusk.store\/sv\/","name":"TRUUSK - Hem, Tr\u00e4dg\u00e5rd & Fritid","description":"","publisher":{"@id":"https:\/\/truusk.store\/sv\/#organization"},"potentialAction":[{"@type":"SearchAction","target":{"@type":"EntryPoint","urlTemplate":"https:\/\/truusk.store\/sv\/?s={search_term_string}"},"query-input":{"@type":"PropertyValueSpecification","valueRequired":true,"valueName":"search_term_string"}}],"inLanguage":"sv-SE"},{"@type":"Organization","@id":"https:\/\/truusk.store\/sv\/#organization","name":"TRUUSK - Hem, Tr\u00e4dg\u00e5rd & Fritid","url":"https:\/\/truusk.store\/sv\/","logo":{"@type":"ImageObject","inLanguage":"sv-SE","@id":"https:\/\/truusk.store\/sv\/#\/schema\/logo\/image\/","url":"https:\/\/i0.wp.com\/truusk.store\/wp-content\/uploads\/2026\/03\/cropped-TRUUSK.png?fit=2032%2C917&ssl=1","contentUrl":"https:\/\/i0.wp.com\/truusk.store\/wp-content\/uploads\/2026\/03\/cropped-TRUUSK.png?fit=2032%2C917&ssl=1","width":2032,"height":917,"caption":"TRUUSK - Hem, Tr\u00e4dg\u00e5rd & Fritid"},"image":{"@id":"https:\/\/truusk.store\/sv\/#\/schema\/logo\/image\/"}}]}},"jetpack_sharing_enabled":true,"_links":{"self":[{"href":"https:\/\/truusk.store\/sv\/wp-json\/wp\/v2\/product\/21809","targetHints":{"allow":["GET"]}}],"collection":[{"href":"https:\/\/truusk.store\/sv\/wp-json\/wp\/v2\/product"}],"about":[{"href":"https:\/\/truusk.store\/sv\/wp-json\/wp\/v2\/types\/product"}],"wp:featuredmedia":[{"embeddable":true,"href":"https:\/\/truusk.store\/sv\/wp-json\/wp\/v2\/media\/21810"}],"wp:attachment":[{"href":"https:\/\/truusk.store\/sv\/wp-json\/wp\/v2\/media?parent=21809"}],"wp:term":[{"taxonomy":"product_brand","embeddable":true,"href":"https:\/\/truusk.store\/sv\/wp-json\/wp\/v2\/product_brand?post=21809"},{"taxonomy":"product_cat","embeddable":true,"href":"https:\/\/truusk.store\/sv\/wp-json\/wp\/v2\/product_cat?post=21809"},{"taxonomy":"product_tag","embeddable":true,"href":"https:\/\/truusk.store\/sv\/wp-json\/wp\/v2\/product_tag?post=21809"}],"curies":[{"name":"wp","href":"https:\/\/api.w.org\/{rel}","templated":true}]}}