{"id":21819,"date":"2024-02-13T16:04:31","date_gmt":"2024-02-13T15:04:31","guid":{"rendered":"https:\/\/truusk.store\/product\/tornflakt-70-oscillerande-piedestalflakt-med-fjarrkontroll-96-cm-pelarflakt-45-w-3-lagen-abs-plast-vit-svart\/"},"modified":"2026-03-12T09:03:41","modified_gmt":"2026-03-12T08:03:41","slug":"truusk-tornflakt-70-oscillerande-piedestalflakt-96-cm-fjarrkontroll-3-lagen-abs-plast-vit-svart","status":"publish","type":"product","link":"https:\/\/truusk.store\/sv\/produkt\/truusk-tornflakt-70-oscillerande-piedestalflakt-96-cm-fjarrkontroll-3-lagen-abs-plast-vit-svart\/","title":{"rendered":"TRUUSK Tornfl\u00e4kt 70 Oscillerande Piedestalfl\u00e4kt &#8211; 96 cm &#8211; Fj\u00e4rrkontroll &#8211; 3 L\u00e4gen &#8211; ABS Plast &#8211; Vit + Svart"},"content":{"rendered":"<p>Denna piedestalfl\u00e4kt har ett brett vridomr\u00e5de och g\u00f6r att du kan uppn\u00e5 optimal ventilation i det rum du v\u00e4ljer. Den tv\u00e5f\u00e4rgade designen i vitt och svart \u00e4r mycket elegant och passar perfekt in i dina rum: vardagsrum, sovrum, kontor, etc. Den tysta fl\u00e4kten \u00e4r utrustad med en fj\u00e4rrkontroll och ett f\u00f6rvaringsfack, programmerbar och l\u00e5g ljudniv\u00e5 och kommer att vara en oumb\u00e4rlig f\u00f6r dig under de varma sommarm\u00e5naderna vara hj\u00e4lp.<\/p>\n<h3>Beskrivning:<\/h3>\n<ul>\n<li>Elegant tv\u00e5f\u00e4rgad design i vitt och svart som passar perfekt in i det rum du v\u00e4ljer: vardagsrum, sovrum, kontor, etc.<\/li>\n<li>Kompakt, tar liten plats i ditt vardagsrum<\/li>\n<li>Intuitiv och enkel man\u00f6vrering: via fj\u00e4rrkontroll eller direkt via enhetens kontrollpanel<\/li>\n<li>3 ventilationsl\u00e4gen att v\u00e4lja mellan: normal, naturlig bris och nattl\u00e4ge<\/li>\n<li>3 ventilationshastigheter som kan anpassas efter dina behov: l\u00e5g\/medel\/h\u00f6g<\/li>\n<li>Fj\u00e4rrkontroll med integrerat f\u00f6rvaringsfack p\u00e5 baksidan av fl\u00e4kten<\/li>\n<li>Programmerbar timer fr\u00e5n 1 till 12 timmar<\/li>\n<li>LCD-display p\u00e5 sk\u00e4rmen<\/li>\n<li>Vridfunktion (70) f\u00f6r att ventilera ett stort omr\u00e5de<\/li>\n<li>Kraftfull (45 W) och tyst (57,4 dB) f\u00f6r optimal anv\u00e4ndarkomfort<\/li>\n<li>Utrustad med ett handtag f\u00f6r att enkelt transportera enheten vid behov<\/li>\n<\/ul>\n<h3>Teknisk data:<\/h3>\n<ul>\n<li>F\u00e4rg: Vit+svart<\/li>\n<li>Material: ABS-plast<\/li>\n<li>Totala m\u00e5tt: 32L x 32L x 96H cm<\/li>\n<li>Insp\u00e4nning: 220-240V<\/li>\n<li>Frekvens: 50\/60Hz<\/li>\n<li>Effekt: 45W<\/li>\n<li>Ljudniv\u00e5: 57,4 dB<\/li>\n<li>Fj\u00e4rrkontrollens r\u00e4ckvidd: 5 m<\/li>\n<li>N\u00e4tsladdl\u00e4ngd: ca 1,5 m<\/li>\n<li>Installationstillbeh\u00f6r ing\u00e5r: 2 halvcirkelbaser och 4 skruvar<\/li>\n<li>Levereras i ett paket<\/li>\n<li>Artikelnummer: 824004<\/li>\n<\/ul>\n<h3>Leveransens omfattning:<\/h3>\n<ul>\n<li>1 x tornfl\u00e4kt<\/li>\n<li>1 x Instruktioner<\/li>\n<\/ul>\n","protected":false},"excerpt":{"rendered":"<p>Denna piedestalfl\u00e4kt har ett brett vridomr\u00e5de och g\u00f6r att du kan uppn\u00e5 optimal ventilation i det rum du v\u00e4ljer. Den&#8230;<\/p>\n","protected":false},"featured_media":21820,"template":"","meta":[],"product_brand":[],"product_cat":[697,671,696],"product_tag":[],"class_list":{"0":"post-21819","1":"product","2":"type-product","3":"status-publish","4":"has-post-thumbnail","6":"product_cat-flaktar-och-luftkonditioneringsapparater","7":"product_cat-jarnaffar","8":"product_cat-luftkonditionering-och-flaktar","10":"first","11":"instock","12":"sale","13":"taxable","14":"shipping-taxable","15":"purchasable","16":"product-type-simple"},"yoast_head":"<!-- This site is optimized with the Yoast SEO plugin v25.4 - https:\/\/yoast.com\/wordpress\/plugins\/seo\/ -->\n<title>TRUUSK Tornfl\u00e4kt 70 Oscillerande Piedestalfl\u00e4kt - 96 cm - Fj\u00e4rrkontroll - 3 L\u00e4gen - ABS Plast - Vit + Svart - TRUUSK - Hem, Tr\u00e4dg\u00e5rd &amp; Fritid<\/title>\n<meta name=\"robots\" content=\"index, follow, max-snippet:-1, max-image-preview:large, max-video-preview:-1\" \/>\n<link rel=\"canonical\" href=\"https:\/\/truusk.store\/sv\/produkt\/truusk-tornflakt-70-oscillerande-piedestalflakt-96-cm-fjarrkontroll-3-lagen-abs-plast-vit-svart\/\" \/>\n<meta property=\"og:locale\" content=\"sv_SE\" \/>\n<meta property=\"og:type\" content=\"article\" \/>\n<meta property=\"og:title\" content=\"TRUUSK Tornfl\u00e4kt 70 Oscillerande Piedestalfl\u00e4kt - 96 cm - Fj\u00e4rrkontroll - 3 L\u00e4gen - ABS Plast - Vit + Svart - TRUUSK - Hem, Tr\u00e4dg\u00e5rd &amp; Fritid\" \/>\n<meta property=\"og:description\" content=\"Denna piedestalfl\u00e4kt har ett brett vridomr\u00e5de och g\u00f6r att du kan uppn\u00e5 optimal ventilation i det rum du v\u00e4ljer. Den...\" \/>\n<meta property=\"og:url\" content=\"https:\/\/truusk.store\/sv\/produkt\/truusk-tornflakt-70-oscillerande-piedestalflakt-96-cm-fjarrkontroll-3-lagen-abs-plast-vit-svart\/\" \/>\n<meta property=\"og:site_name\" content=\"TRUUSK - Hem, Tr\u00e4dg\u00e5rd &amp; Fritid\" \/>\n<meta property=\"article:modified_time\" content=\"2026-03-12T08:03:41+00:00\" \/>\n<meta property=\"og:image\" content=\"https:\/\/i0.wp.com\/truusk.se\/wp-content\/uploads\/2024\/02\/tornflakt-70-oscillerande-piedestalflakt-med-fjarrkontroll-96-cm-pelarflakt-45-w-3-lagen-abs-plast-vit-svart.webp?fit=800%2C800&ssl=1\" \/>\n\t<meta property=\"og:image:width\" content=\"800\" \/>\n\t<meta property=\"og:image:height\" content=\"800\" \/>\n\t<meta property=\"og:image:type\" content=\"image\/webp\" \/>\n<meta name=\"twitter:card\" content=\"summary_large_image\" \/>\n<meta name=\"twitter:label1\" content=\"Ber\u00e4knad l\u00e4stid\" \/>\n\t<meta name=\"twitter:data1\" content=\"1 minut\" \/>\n<!-- \/ Yoast SEO plugin. -->","yoast_head_json":{"title":"TRUUSK Tornfl\u00e4kt 70 Oscillerande Piedestalfl\u00e4kt - 96 cm - Fj\u00e4rrkontroll - 3 L\u00e4gen - ABS Plast - Vit + Svart - TRUUSK - Hem, Tr\u00e4dg\u00e5rd &amp; Fritid","robots":{"index":"index","follow":"follow","max-snippet":"max-snippet:-1","max-image-preview":"max-image-preview:large","max-video-preview":"max-video-preview:-1"},"canonical":"https:\/\/truusk.store\/sv\/produkt\/truusk-tornflakt-70-oscillerande-piedestalflakt-96-cm-fjarrkontroll-3-lagen-abs-plast-vit-svart\/","og_locale":"sv_SE","og_type":"article","og_title":"TRUUSK Tornfl\u00e4kt 70 Oscillerande Piedestalfl\u00e4kt - 96 cm - Fj\u00e4rrkontroll - 3 L\u00e4gen - ABS Plast - Vit + Svart - TRUUSK - Hem, Tr\u00e4dg\u00e5rd &amp; Fritid","og_description":"Denna piedestalfl\u00e4kt har ett brett vridomr\u00e5de och g\u00f6r att du kan uppn\u00e5 optimal ventilation i det rum du v\u00e4ljer. Den...","og_url":"https:\/\/truusk.store\/sv\/produkt\/truusk-tornflakt-70-oscillerande-piedestalflakt-96-cm-fjarrkontroll-3-lagen-abs-plast-vit-svart\/","og_site_name":"TRUUSK - Hem, Tr\u00e4dg\u00e5rd &amp; Fritid","article_modified_time":"2026-03-12T08:03:41+00:00","og_image":[{"width":800,"height":800,"url":"https:\/\/i0.wp.com\/truusk.se\/wp-content\/uploads\/2024\/02\/tornflakt-70-oscillerande-piedestalflakt-med-fjarrkontroll-96-cm-pelarflakt-45-w-3-lagen-abs-plast-vit-svart.webp?fit=800%2C800&ssl=1","type":"image\/webp"}],"twitter_card":"summary_large_image","twitter_misc":{"Ber\u00e4knad l\u00e4stid":"1 minut"},"schema":{"@context":"https:\/\/schema.org","@graph":[{"@type":"WebPage","@id":"https:\/\/truusk.store\/sv\/produkt\/truusk-tornflakt-70-oscillerande-piedestalflakt-96-cm-fjarrkontroll-3-lagen-abs-plast-vit-svart\/","url":"https:\/\/truusk.store\/sv\/produkt\/truusk-tornflakt-70-oscillerande-piedestalflakt-96-cm-fjarrkontroll-3-lagen-abs-plast-vit-svart\/","name":"TRUUSK Tornfl\u00e4kt 70 Oscillerande Piedestalfl\u00e4kt - 96 cm - Fj\u00e4rrkontroll - 3 L\u00e4gen - ABS Plast - Vit + Svart - TRUUSK - Hem, Tr\u00e4dg\u00e5rd &amp; Fritid","isPartOf":{"@id":"https:\/\/truusk.store\/sv\/#website"},"primaryImageOfPage":{"@id":"https:\/\/truusk.store\/sv\/produkt\/truusk-tornflakt-70-oscillerande-piedestalflakt-96-cm-fjarrkontroll-3-lagen-abs-plast-vit-svart\/#primaryimage"},"image":{"@id":"https:\/\/truusk.store\/sv\/produkt\/truusk-tornflakt-70-oscillerande-piedestalflakt-96-cm-fjarrkontroll-3-lagen-abs-plast-vit-svart\/#primaryimage"},"thumbnailUrl":"https:\/\/i0.wp.com\/truusk.store\/wp-content\/uploads\/2024\/02\/tornflakt-70-oscillerande-piedestalflakt-med-fjarrkontroll-96-cm-pelarflakt-45-w-3-lagen-abs-plast-vit-svart.webp?fit=800%2C800&ssl=1","datePublished":"2024-02-13T15:04:31+00:00","dateModified":"2026-03-12T08:03:41+00:00","breadcrumb":{"@id":"https:\/\/truusk.store\/sv\/produkt\/truusk-tornflakt-70-oscillerande-piedestalflakt-96-cm-fjarrkontroll-3-lagen-abs-plast-vit-svart\/#breadcrumb"},"inLanguage":"sv-SE","potentialAction":[{"@type":"ReadAction","target":["https:\/\/truusk.store\/sv\/produkt\/truusk-tornflakt-70-oscillerande-piedestalflakt-96-cm-fjarrkontroll-3-lagen-abs-plast-vit-svart\/"]}]},{"@type":"ImageObject","inLanguage":"sv-SE","@id":"https:\/\/truusk.store\/sv\/produkt\/truusk-tornflakt-70-oscillerande-piedestalflakt-96-cm-fjarrkontroll-3-lagen-abs-plast-vit-svart\/#primaryimage","url":"https:\/\/i0.wp.com\/truusk.store\/wp-content\/uploads\/2024\/02\/tornflakt-70-oscillerande-piedestalflakt-med-fjarrkontroll-96-cm-pelarflakt-45-w-3-lagen-abs-plast-vit-svart.webp?fit=800%2C800&ssl=1","contentUrl":"https:\/\/i0.wp.com\/truusk.store\/wp-content\/uploads\/2024\/02\/tornflakt-70-oscillerande-piedestalflakt-med-fjarrkontroll-96-cm-pelarflakt-45-w-3-lagen-abs-plast-vit-svart.webp?fit=800%2C800&ssl=1","width":800,"height":800,"caption":"Tornfl\u00e4kt 70 Oscillerande Piedestalfl\u00e4kt Med Fj\u00e4rrkontroll 96 Cm Pelarfl\u00e4kt 45 W 3 L\u00e4gen ABS Plast Vit + Svart 1"},{"@type":"BreadcrumbList","@id":"https:\/\/truusk.store\/sv\/produkt\/truusk-tornflakt-70-oscillerande-piedestalflakt-96-cm-fjarrkontroll-3-lagen-abs-plast-vit-svart\/#breadcrumb","itemListElement":[{"@type":"ListItem","position":1,"name":"Home","item":"https:\/\/truusk.store\/sv\/"},{"@type":"ListItem","position":2,"name":"Shop","item":"https:\/\/truusk.store\/shop\/"},{"@type":"ListItem","position":3,"name":"TRUUSK Tornfl\u00e4kt 70 Oscillerande Piedestalfl\u00e4kt &#8211; 96 cm &#8211; Fj\u00e4rrkontroll &#8211; 3 L\u00e4gen &#8211; ABS Plast &#8211; Vit + Svart"}]},{"@type":"WebSite","@id":"https:\/\/truusk.store\/sv\/#website","url":"https:\/\/truusk.store\/sv\/","name":"TRUUSK - Hem, Tr\u00e4dg\u00e5rd & Fritid","description":"","publisher":{"@id":"https:\/\/truusk.store\/sv\/#organization"},"potentialAction":[{"@type":"SearchAction","target":{"@type":"EntryPoint","urlTemplate":"https:\/\/truusk.store\/sv\/?s={search_term_string}"},"query-input":{"@type":"PropertyValueSpecification","valueRequired":true,"valueName":"search_term_string"}}],"inLanguage":"sv-SE"},{"@type":"Organization","@id":"https:\/\/truusk.store\/sv\/#organization","name":"TRUUSK - Hem, Tr\u00e4dg\u00e5rd & Fritid","url":"https:\/\/truusk.store\/sv\/","logo":{"@type":"ImageObject","inLanguage":"sv-SE","@id":"https:\/\/truusk.store\/sv\/#\/schema\/logo\/image\/","url":"https:\/\/i0.wp.com\/truusk.store\/wp-content\/uploads\/2026\/03\/cropped-TRUUSK.png?fit=2032%2C917&ssl=1","contentUrl":"https:\/\/i0.wp.com\/truusk.store\/wp-content\/uploads\/2026\/03\/cropped-TRUUSK.png?fit=2032%2C917&ssl=1","width":2032,"height":917,"caption":"TRUUSK - Hem, Tr\u00e4dg\u00e5rd & Fritid"},"image":{"@id":"https:\/\/truusk.store\/sv\/#\/schema\/logo\/image\/"}}]}},"jetpack_sharing_enabled":true,"_links":{"self":[{"href":"https:\/\/truusk.store\/sv\/wp-json\/wp\/v2\/product\/21819","targetHints":{"allow":["GET"]}}],"collection":[{"href":"https:\/\/truusk.store\/sv\/wp-json\/wp\/v2\/product"}],"about":[{"href":"https:\/\/truusk.store\/sv\/wp-json\/wp\/v2\/types\/product"}],"wp:featuredmedia":[{"embeddable":true,"href":"https:\/\/truusk.store\/sv\/wp-json\/wp\/v2\/media\/21820"}],"wp:attachment":[{"href":"https:\/\/truusk.store\/sv\/wp-json\/wp\/v2\/media?parent=21819"}],"wp:term":[{"taxonomy":"product_brand","embeddable":true,"href":"https:\/\/truusk.store\/sv\/wp-json\/wp\/v2\/product_brand?post=21819"},{"taxonomy":"product_cat","embeddable":true,"href":"https:\/\/truusk.store\/sv\/wp-json\/wp\/v2\/product_cat?post=21819"},{"taxonomy":"product_tag","embeddable":true,"href":"https:\/\/truusk.store\/sv\/wp-json\/wp\/v2\/product_tag?post=21819"}],"curies":[{"name":"wp","href":"https:\/\/api.w.org\/{rel}","templated":true}]}}