{"id":21887,"date":"2024-02-13T16:06:26","date_gmt":"2024-02-13T15:06:26","guid":{"rendered":"https:\/\/truusk.store\/product\/set-med-9-terrassplattor-balkong-uteplats-30-x-30-cm-tradgardsklick-klinkergolv-golvplattor-inomhus-utomhus-plast-brun\/"},"modified":"2026-03-12T09:03:43","modified_gmt":"2026-03-12T08:03:43","slug":"truusk-set-med-9-terrassplattor-30-x-30-cm-klinkergolv-inomhus-utomhus-plast-brun","status":"publish","type":"product","link":"https:\/\/truusk.store\/sv\/produkt\/truusk-set-med-9-terrassplattor-30-x-30-cm-klinkergolv-inomhus-utomhus-plast-brun\/","title":{"rendered":"TRUUSK Set med 9 Terrassplattor &#8211; 30 x 30 cm &#8211; Klinkergolv &#8211; Inomhus\/Utomhus &#8211; Plast &#8211; Brun"},"content":{"rendered":"<p>Vill du g\u00f6ra golvet p\u00e5 din balkong eller terrass enast\u00e5ende vackert &#8211; p\u00e5 bara 10 minuter? Med dessa dekorativa och praktiska golvplattor kan du! De \u00e4r milj\u00f6medvetna, tillverkade av \u00e5tervunnen plast och extremt l\u00e4tta. Med en modern klickmekanism kan plattorna l\u00e4ggas snabbt och enkelt, utan lim eller skruvar. De \u00e4r robusta och v\u00e4derbest\u00e4ndiga och \u00e4r idealiska f\u00f6r l\u00e5ngvarig utomhusbruk!<\/p>\n<h3>Beskrivning:<\/h3>\n<ul>\n<li>Tack vare klicktekniken beh\u00f6ver du varken lim eller skruvar f\u00f6r att s\u00e4tta ihop plattorna<\/li>\n<li>Med halkfri bel\u00e4ggning s\u00e5 att du kan g\u00e5 s\u00e4kert<\/li>\n<li>Tillverkade av milj\u00f6v\u00e4nliga, v\u00e4rmebest\u00e4ndiga och korrosionsfria material, \u00e4r dessa plattor idealiska f\u00f6r en m\u00e4ngd olika milj\u00f6er<\/li>\n<li>Tr\u00e4fibrerna replikeras p\u00e5 ytan f\u00f6r att ge ett elegant, naturligt utseende<\/li>\n<li>Ett set best\u00e5r av 9 plattor som t\u00e4cker en total yta p\u00e5 0,81 m<\/li>\n<\/ul>\n<h3>Teknisk data:<\/h3>\n<ul>\n<li>Material: PP-plast<\/li>\n<li>F\u00e4rg brun<\/li>\n<li>Nettovikt: 2,7 kg<\/li>\n<li>M\u00e5tt per kakel: 30W x 30D x 2H cm<\/li>\n<li>T\u00e4ckt omr\u00e5de: 0,81 m<\/li>\n<\/ul>\n<h3>Leveransens omfattning:<\/h3>\n<ul>\n<li>9 x altanplattor;<\/li>\n<\/ul>\n","protected":false},"excerpt":{"rendered":"<p>Vill du g\u00f6ra golvet p\u00e5 din balkong eller terrass enast\u00e5ende vackert &#8211; p\u00e5 bara 10 minuter? Med dessa dekorativa och&#8230;<\/p>\n","protected":false},"featured_media":21888,"template":"","meta":[],"product_brand":[],"product_cat":[671,672],"product_tag":[],"class_list":{"0":"post-21887","1":"product","2":"type-product","3":"status-publish","4":"has-post-thumbnail","6":"product_cat-jarnaffar","7":"product_cat-runt-huset","9":"first","10":"instock","11":"sale","12":"taxable","13":"shipping-taxable","14":"purchasable","15":"product-type-simple"},"yoast_head":"<!-- This site is optimized with the Yoast SEO plugin v25.4 - https:\/\/yoast.com\/wordpress\/plugins\/seo\/ -->\n<title>TRUUSK Set med 9 Terrassplattor - 30 x 30 cm - Klinkergolv - Inomhus\/Utomhus - Plast - Brun - TRUUSK - Hem, Tr\u00e4dg\u00e5rd &amp; Fritid<\/title>\n<meta name=\"robots\" content=\"index, follow, max-snippet:-1, max-image-preview:large, max-video-preview:-1\" \/>\n<link rel=\"canonical\" href=\"https:\/\/truusk.store\/sv\/produkt\/truusk-set-med-9-terrassplattor-30-x-30-cm-klinkergolv-inomhus-utomhus-plast-brun\/\" \/>\n<meta property=\"og:locale\" content=\"sv_SE\" \/>\n<meta property=\"og:type\" content=\"article\" \/>\n<meta property=\"og:title\" content=\"TRUUSK Set med 9 Terrassplattor - 30 x 30 cm - Klinkergolv - Inomhus\/Utomhus - Plast - Brun - TRUUSK - Hem, Tr\u00e4dg\u00e5rd &amp; Fritid\" \/>\n<meta property=\"og:description\" content=\"Vill du g\u00f6ra golvet p\u00e5 din balkong eller terrass enast\u00e5ende vackert &#8211; p\u00e5 bara 10 minuter? Med dessa dekorativa och...\" \/>\n<meta property=\"og:url\" content=\"https:\/\/truusk.store\/sv\/produkt\/truusk-set-med-9-terrassplattor-30-x-30-cm-klinkergolv-inomhus-utomhus-plast-brun\/\" \/>\n<meta property=\"og:site_name\" content=\"TRUUSK - Hem, Tr\u00e4dg\u00e5rd &amp; Fritid\" \/>\n<meta property=\"article:modified_time\" content=\"2026-03-12T08:03:43+00:00\" \/>\n<meta property=\"og:image\" content=\"https:\/\/i0.wp.com\/truusk.se\/wp-content\/uploads\/2024\/02\/set-med-9-terrassplattor-balkong-uteplats-30-x-30-cm-tradgardsklick-klinkergolv-golvplattor-inomhus-utomhus-plast-brun.webp?fit=800%2C800&ssl=1\" \/>\n\t<meta property=\"og:image:width\" content=\"800\" \/>\n\t<meta property=\"og:image:height\" content=\"800\" \/>\n\t<meta property=\"og:image:type\" content=\"image\/webp\" \/>\n<meta name=\"twitter:card\" content=\"summary_large_image\" \/>\n<meta name=\"twitter:label1\" content=\"Ber\u00e4knad l\u00e4stid\" \/>\n\t<meta name=\"twitter:data1\" content=\"1 minut\" \/>\n<!-- \/ Yoast SEO plugin. -->","yoast_head_json":{"title":"TRUUSK Set med 9 Terrassplattor - 30 x 30 cm - Klinkergolv - Inomhus\/Utomhus - Plast - Brun - TRUUSK - Hem, Tr\u00e4dg\u00e5rd &amp; Fritid","robots":{"index":"index","follow":"follow","max-snippet":"max-snippet:-1","max-image-preview":"max-image-preview:large","max-video-preview":"max-video-preview:-1"},"canonical":"https:\/\/truusk.store\/sv\/produkt\/truusk-set-med-9-terrassplattor-30-x-30-cm-klinkergolv-inomhus-utomhus-plast-brun\/","og_locale":"sv_SE","og_type":"article","og_title":"TRUUSK Set med 9 Terrassplattor - 30 x 30 cm - Klinkergolv - Inomhus\/Utomhus - Plast - Brun - TRUUSK - Hem, Tr\u00e4dg\u00e5rd &amp; Fritid","og_description":"Vill du g\u00f6ra golvet p\u00e5 din balkong eller terrass enast\u00e5ende vackert &#8211; p\u00e5 bara 10 minuter? Med dessa dekorativa och...","og_url":"https:\/\/truusk.store\/sv\/produkt\/truusk-set-med-9-terrassplattor-30-x-30-cm-klinkergolv-inomhus-utomhus-plast-brun\/","og_site_name":"TRUUSK - Hem, Tr\u00e4dg\u00e5rd &amp; Fritid","article_modified_time":"2026-03-12T08:03:43+00:00","og_image":[{"width":800,"height":800,"url":"https:\/\/i0.wp.com\/truusk.se\/wp-content\/uploads\/2024\/02\/set-med-9-terrassplattor-balkong-uteplats-30-x-30-cm-tradgardsklick-klinkergolv-golvplattor-inomhus-utomhus-plast-brun.webp?fit=800%2C800&ssl=1","type":"image\/webp"}],"twitter_card":"summary_large_image","twitter_misc":{"Ber\u00e4knad l\u00e4stid":"1 minut"},"schema":{"@context":"https:\/\/schema.org","@graph":[{"@type":"WebPage","@id":"https:\/\/truusk.store\/sv\/produkt\/truusk-set-med-9-terrassplattor-30-x-30-cm-klinkergolv-inomhus-utomhus-plast-brun\/","url":"https:\/\/truusk.store\/sv\/produkt\/truusk-set-med-9-terrassplattor-30-x-30-cm-klinkergolv-inomhus-utomhus-plast-brun\/","name":"TRUUSK Set med 9 Terrassplattor - 30 x 30 cm - Klinkergolv - Inomhus\/Utomhus - Plast - Brun - TRUUSK - Hem, Tr\u00e4dg\u00e5rd &amp; Fritid","isPartOf":{"@id":"https:\/\/truusk.store\/sv\/#website"},"primaryImageOfPage":{"@id":"https:\/\/truusk.store\/sv\/produkt\/truusk-set-med-9-terrassplattor-30-x-30-cm-klinkergolv-inomhus-utomhus-plast-brun\/#primaryimage"},"image":{"@id":"https:\/\/truusk.store\/sv\/produkt\/truusk-set-med-9-terrassplattor-30-x-30-cm-klinkergolv-inomhus-utomhus-plast-brun\/#primaryimage"},"thumbnailUrl":"https:\/\/i0.wp.com\/truusk.store\/wp-content\/uploads\/2024\/02\/set-med-9-terrassplattor-balkong-uteplats-30-x-30-cm-tradgardsklick-klinkergolv-golvplattor-inomhus-utomhus-plast-brun.webp?fit=800%2C800&ssl=1","datePublished":"2024-02-13T15:06:26+00:00","dateModified":"2026-03-12T08:03:43+00:00","breadcrumb":{"@id":"https:\/\/truusk.store\/sv\/produkt\/truusk-set-med-9-terrassplattor-30-x-30-cm-klinkergolv-inomhus-utomhus-plast-brun\/#breadcrumb"},"inLanguage":"sv-SE","potentialAction":[{"@type":"ReadAction","target":["https:\/\/truusk.store\/sv\/produkt\/truusk-set-med-9-terrassplattor-30-x-30-cm-klinkergolv-inomhus-utomhus-plast-brun\/"]}]},{"@type":"ImageObject","inLanguage":"sv-SE","@id":"https:\/\/truusk.store\/sv\/produkt\/truusk-set-med-9-terrassplattor-30-x-30-cm-klinkergolv-inomhus-utomhus-plast-brun\/#primaryimage","url":"https:\/\/i0.wp.com\/truusk.store\/wp-content\/uploads\/2024\/02\/set-med-9-terrassplattor-balkong-uteplats-30-x-30-cm-tradgardsklick-klinkergolv-golvplattor-inomhus-utomhus-plast-brun.webp?fit=800%2C800&ssl=1","contentUrl":"https:\/\/i0.wp.com\/truusk.store\/wp-content\/uploads\/2024\/02\/set-med-9-terrassplattor-balkong-uteplats-30-x-30-cm-tradgardsklick-klinkergolv-golvplattor-inomhus-utomhus-plast-brun.webp?fit=800%2C800&ssl=1","width":800,"height":800,"caption":"Set Med 9 Terrassplattor Balkong Uteplats 30 X 30 Cm Tr\u00e4dg\u00e5rdsklick Klinkergolv Golvplattor Inomhus Utomhus Plast Brun 1"},{"@type":"BreadcrumbList","@id":"https:\/\/truusk.store\/sv\/produkt\/truusk-set-med-9-terrassplattor-30-x-30-cm-klinkergolv-inomhus-utomhus-plast-brun\/#breadcrumb","itemListElement":[{"@type":"ListItem","position":1,"name":"Home","item":"https:\/\/truusk.store\/sv\/"},{"@type":"ListItem","position":2,"name":"Shop","item":"https:\/\/truusk.store\/shop\/"},{"@type":"ListItem","position":3,"name":"TRUUSK Set med 9 Terrassplattor &#8211; 30 x 30 cm &#8211; Klinkergolv &#8211; Inomhus\/Utomhus &#8211; Plast &#8211; Brun"}]},{"@type":"WebSite","@id":"https:\/\/truusk.store\/sv\/#website","url":"https:\/\/truusk.store\/sv\/","name":"TRUUSK - Hem, Tr\u00e4dg\u00e5rd & Fritid","description":"","publisher":{"@id":"https:\/\/truusk.store\/sv\/#organization"},"potentialAction":[{"@type":"SearchAction","target":{"@type":"EntryPoint","urlTemplate":"https:\/\/truusk.store\/sv\/?s={search_term_string}"},"query-input":{"@type":"PropertyValueSpecification","valueRequired":true,"valueName":"search_term_string"}}],"inLanguage":"sv-SE"},{"@type":"Organization","@id":"https:\/\/truusk.store\/sv\/#organization","name":"TRUUSK - Hem, Tr\u00e4dg\u00e5rd & Fritid","url":"https:\/\/truusk.store\/sv\/","logo":{"@type":"ImageObject","inLanguage":"sv-SE","@id":"https:\/\/truusk.store\/sv\/#\/schema\/logo\/image\/","url":"https:\/\/i0.wp.com\/truusk.store\/wp-content\/uploads\/2026\/03\/cropped-TRUUSK.png?fit=2032%2C917&ssl=1","contentUrl":"https:\/\/i0.wp.com\/truusk.store\/wp-content\/uploads\/2026\/03\/cropped-TRUUSK.png?fit=2032%2C917&ssl=1","width":2032,"height":917,"caption":"TRUUSK - Hem, Tr\u00e4dg\u00e5rd & Fritid"},"image":{"@id":"https:\/\/truusk.store\/sv\/#\/schema\/logo\/image\/"}}]}},"jetpack_sharing_enabled":true,"_links":{"self":[{"href":"https:\/\/truusk.store\/sv\/wp-json\/wp\/v2\/product\/21887","targetHints":{"allow":["GET"]}}],"collection":[{"href":"https:\/\/truusk.store\/sv\/wp-json\/wp\/v2\/product"}],"about":[{"href":"https:\/\/truusk.store\/sv\/wp-json\/wp\/v2\/types\/product"}],"wp:featuredmedia":[{"embeddable":true,"href":"https:\/\/truusk.store\/sv\/wp-json\/wp\/v2\/media\/21888"}],"wp:attachment":[{"href":"https:\/\/truusk.store\/sv\/wp-json\/wp\/v2\/media?parent=21887"}],"wp:term":[{"taxonomy":"product_brand","embeddable":true,"href":"https:\/\/truusk.store\/sv\/wp-json\/wp\/v2\/product_brand?post=21887"},{"taxonomy":"product_cat","embeddable":true,"href":"https:\/\/truusk.store\/sv\/wp-json\/wp\/v2\/product_cat?post=21887"},{"taxonomy":"product_tag","embeddable":true,"href":"https:\/\/truusk.store\/sv\/wp-json\/wp\/v2\/product_tag?post=21887"}],"curies":[{"name":"wp","href":"https:\/\/api.w.org\/{rel}","templated":true}]}}