{"id":21911,"date":"2024-02-13T16:07:09","date_gmt":"2024-02-13T15:07:09","guid":{"rendered":"https:\/\/truusk.store\/product\/barnskoter-med-broms-hojdjusterbar-lattviktskonstruktion-ljusbla\/"},"modified":"2026-03-12T09:03:44","modified_gmt":"2026-03-12T08:03:44","slug":"truusk-barnvagn-med-broms-justerbar-hojd-lattviktskonstruktion-ljusbla","status":"publish","type":"product","link":"https:\/\/truusk.store\/sv\/produkt\/truusk-barnvagn-med-broms-justerbar-hojd-lattviktskonstruktion-ljusbla\/","title":{"rendered":"TRUUSK Barnvagn med Broms &#8211; Justerbar H\u00f6jd &#8211; L\u00e4ttviktskonstruktion &#8211; Ljusbl\u00e5"},"content":{"rendered":"<p>Utomhusskoter f\u00f6r barn hj\u00e4lper inte bara att r\u00f6ra p\u00e5 sig och ha kul, utan ocks\u00e5 att h\u00e5lla balansen. D\u00e4rf\u00f6r \u00e4r v\u00e5r barnskoter den perfekta presenten till ditt barn. Med fram- och bakhjulets dubbla bromssystem, antisladd\u00e4ck, stora hjul och l\u00e5gt d\u00e4ck kommer dina barn att njuta av en tyst och rolig k\u00f6rupplevelse.<\/p>\n<h3>Beskrivning:<\/h3>\n<ul>\n<li>Hj\u00e4lper barn att st\u00e4rka sin motorik<\/li>\n<li>Bred, profilerad slitbana hj\u00e4lper till att uppr\u00e4tth\u00e5lla balansen<\/li>\n<li>Vadderat styre g\u00f6r greppet bekv\u00e4mare<\/li>\n<li>H\u00f6jdjusterbara styre g\u00f6r den l\u00e4mplig f\u00f6r barn i m\u00e5nga \u00e5ldrar<\/li>\n<li>En l\u00e4tt men \u00e4nd\u00e5 robust ram m\u00f6jligg\u00f6r enkel transport<\/li>\n<li>Slitstarka, luftfyllda gummid\u00e4ck \u00e4r l\u00e4mpliga f\u00f6r inomhus- och utomhusbruk<\/li>\n<li>Ram i rostfritt st\u00e5l f\u00f6r l\u00e5ngvarig anv\u00e4ndning<\/li>\n<li>Enkel montering kr\u00e4vs<\/li>\n<\/ul>\n<h3>Teknisk data:<\/h3>\n<ul>\n<li>F\u00e4rg: ljusbl\u00e5<\/li>\n<li>Material: st\u00e5l, aluminium, gummi<\/li>\n<li>\u00d6vergripande m\u00e5tt: 139L x 58W x 90-96H cm<\/li>\n<li>D\u00e4ckdiameter: 40 cm<\/li>\n<li>L\u00e4mplig \u00e5lder: 5+<\/li>\n<li>Lastkapacitet: 100 kg<\/li>\n<\/ul>\n<h3>Leveransens omfattning:<\/h3>\n<ul>\n<li>1 x sparkcykel<\/li>\n<li>1 x Instruktioner<\/li>\n<\/ul>\n","protected":false},"excerpt":{"rendered":"<p>Utomhusskoter f\u00f6r barn hj\u00e4lper inte bara att r\u00f6ra p\u00e5 sig och ha kul, utan ocks\u00e5 att h\u00e5lla balansen. D\u00e4rf\u00f6r \u00e4r&#8230;<\/p>\n","protected":false},"featured_media":21912,"template":"","meta":[],"product_brand":[],"product_cat":[609,610,611],"product_tag":[],"class_list":{"0":"post-21911","1":"product","2":"type-product","3":"status-publish","4":"has-post-thumbnail","6":"product_cat-baby-barn","7":"product_cat-barnfordon","8":"product_cat-skoter","10":"first","11":"instock","12":"sale","13":"taxable","14":"shipping-taxable","15":"purchasable","16":"product-type-simple"},"yoast_head":"<!-- This site is optimized with the Yoast SEO plugin v25.4 - https:\/\/yoast.com\/wordpress\/plugins\/seo\/ -->\n<title>TRUUSK Barnvagn med Broms - Justerbar H\u00f6jd - L\u00e4ttviktskonstruktion - Ljusbl\u00e5 - TRUUSK - Hem, Tr\u00e4dg\u00e5rd &amp; Fritid<\/title>\n<meta name=\"robots\" content=\"index, follow, max-snippet:-1, max-image-preview:large, max-video-preview:-1\" \/>\n<link rel=\"canonical\" href=\"https:\/\/truusk.store\/sv\/produkt\/truusk-barnvagn-med-broms-justerbar-hojd-lattviktskonstruktion-ljusbla\/\" \/>\n<meta property=\"og:locale\" content=\"sv_SE\" \/>\n<meta property=\"og:type\" content=\"article\" \/>\n<meta property=\"og:title\" content=\"TRUUSK Barnvagn med Broms - Justerbar H\u00f6jd - L\u00e4ttviktskonstruktion - Ljusbl\u00e5 - TRUUSK - Hem, Tr\u00e4dg\u00e5rd &amp; Fritid\" \/>\n<meta property=\"og:description\" content=\"Utomhusskoter f\u00f6r barn hj\u00e4lper inte bara att r\u00f6ra p\u00e5 sig och ha kul, utan ocks\u00e5 att h\u00e5lla balansen. D\u00e4rf\u00f6r \u00e4r...\" \/>\n<meta property=\"og:url\" content=\"https:\/\/truusk.store\/sv\/produkt\/truusk-barnvagn-med-broms-justerbar-hojd-lattviktskonstruktion-ljusbla\/\" \/>\n<meta property=\"og:site_name\" content=\"TRUUSK - Hem, Tr\u00e4dg\u00e5rd &amp; Fritid\" \/>\n<meta property=\"article:modified_time\" content=\"2026-03-12T08:03:44+00:00\" \/>\n<meta property=\"og:image\" content=\"https:\/\/i0.wp.com\/truusk.se\/wp-content\/uploads\/2024\/02\/barnskoter-med-broms-hojdjusterbar-lattviktskonstruktion-ljusbla.webp?fit=800%2C800&ssl=1\" \/>\n\t<meta property=\"og:image:width\" content=\"800\" \/>\n\t<meta property=\"og:image:height\" content=\"800\" \/>\n\t<meta property=\"og:image:type\" content=\"image\/webp\" \/>\n<meta name=\"twitter:card\" content=\"summary_large_image\" \/>\n<meta name=\"twitter:label1\" content=\"Ber\u00e4knad l\u00e4stid\" \/>\n\t<meta name=\"twitter:data1\" content=\"1 minut\" \/>\n<!-- \/ Yoast SEO plugin. -->","yoast_head_json":{"title":"TRUUSK Barnvagn med Broms - Justerbar H\u00f6jd - L\u00e4ttviktskonstruktion - Ljusbl\u00e5 - TRUUSK - Hem, Tr\u00e4dg\u00e5rd &amp; Fritid","robots":{"index":"index","follow":"follow","max-snippet":"max-snippet:-1","max-image-preview":"max-image-preview:large","max-video-preview":"max-video-preview:-1"},"canonical":"https:\/\/truusk.store\/sv\/produkt\/truusk-barnvagn-med-broms-justerbar-hojd-lattviktskonstruktion-ljusbla\/","og_locale":"sv_SE","og_type":"article","og_title":"TRUUSK Barnvagn med Broms - Justerbar H\u00f6jd - L\u00e4ttviktskonstruktion - Ljusbl\u00e5 - TRUUSK - Hem, Tr\u00e4dg\u00e5rd &amp; Fritid","og_description":"Utomhusskoter f\u00f6r barn hj\u00e4lper inte bara att r\u00f6ra p\u00e5 sig och ha kul, utan ocks\u00e5 att h\u00e5lla balansen. D\u00e4rf\u00f6r \u00e4r...","og_url":"https:\/\/truusk.store\/sv\/produkt\/truusk-barnvagn-med-broms-justerbar-hojd-lattviktskonstruktion-ljusbla\/","og_site_name":"TRUUSK - Hem, Tr\u00e4dg\u00e5rd &amp; Fritid","article_modified_time":"2026-03-12T08:03:44+00:00","og_image":[{"width":800,"height":800,"url":"https:\/\/i0.wp.com\/truusk.se\/wp-content\/uploads\/2024\/02\/barnskoter-med-broms-hojdjusterbar-lattviktskonstruktion-ljusbla.webp?fit=800%2C800&ssl=1","type":"image\/webp"}],"twitter_card":"summary_large_image","twitter_misc":{"Ber\u00e4knad l\u00e4stid":"1 minut"},"schema":{"@context":"https:\/\/schema.org","@graph":[{"@type":"WebPage","@id":"https:\/\/truusk.store\/sv\/produkt\/truusk-barnvagn-med-broms-justerbar-hojd-lattviktskonstruktion-ljusbla\/","url":"https:\/\/truusk.store\/sv\/produkt\/truusk-barnvagn-med-broms-justerbar-hojd-lattviktskonstruktion-ljusbla\/","name":"TRUUSK Barnvagn med Broms - Justerbar H\u00f6jd - L\u00e4ttviktskonstruktion - Ljusbl\u00e5 - TRUUSK - Hem, Tr\u00e4dg\u00e5rd &amp; Fritid","isPartOf":{"@id":"https:\/\/truusk.store\/sv\/#website"},"primaryImageOfPage":{"@id":"https:\/\/truusk.store\/sv\/produkt\/truusk-barnvagn-med-broms-justerbar-hojd-lattviktskonstruktion-ljusbla\/#primaryimage"},"image":{"@id":"https:\/\/truusk.store\/sv\/produkt\/truusk-barnvagn-med-broms-justerbar-hojd-lattviktskonstruktion-ljusbla\/#primaryimage"},"thumbnailUrl":"https:\/\/i0.wp.com\/truusk.store\/wp-content\/uploads\/2024\/02\/barnskoter-med-broms-hojdjusterbar-lattviktskonstruktion-ljusbla.webp?fit=800%2C800&ssl=1","datePublished":"2024-02-13T15:07:09+00:00","dateModified":"2026-03-12T08:03:44+00:00","breadcrumb":{"@id":"https:\/\/truusk.store\/sv\/produkt\/truusk-barnvagn-med-broms-justerbar-hojd-lattviktskonstruktion-ljusbla\/#breadcrumb"},"inLanguage":"sv-SE","potentialAction":[{"@type":"ReadAction","target":["https:\/\/truusk.store\/sv\/produkt\/truusk-barnvagn-med-broms-justerbar-hojd-lattviktskonstruktion-ljusbla\/"]}]},{"@type":"ImageObject","inLanguage":"sv-SE","@id":"https:\/\/truusk.store\/sv\/produkt\/truusk-barnvagn-med-broms-justerbar-hojd-lattviktskonstruktion-ljusbla\/#primaryimage","url":"https:\/\/i0.wp.com\/truusk.store\/wp-content\/uploads\/2024\/02\/barnskoter-med-broms-hojdjusterbar-lattviktskonstruktion-ljusbla.webp?fit=800%2C800&ssl=1","contentUrl":"https:\/\/i0.wp.com\/truusk.store\/wp-content\/uploads\/2024\/02\/barnskoter-med-broms-hojdjusterbar-lattviktskonstruktion-ljusbla.webp?fit=800%2C800&ssl=1","width":800,"height":800,"caption":"Barnskoter Med Broms, H\u00f6jdjusterbar, L\u00e4ttviktskonstruktion, Ljusbl\u00e5 1"},{"@type":"BreadcrumbList","@id":"https:\/\/truusk.store\/sv\/produkt\/truusk-barnvagn-med-broms-justerbar-hojd-lattviktskonstruktion-ljusbla\/#breadcrumb","itemListElement":[{"@type":"ListItem","position":1,"name":"Home","item":"https:\/\/truusk.store\/sv\/"},{"@type":"ListItem","position":2,"name":"Shop","item":"https:\/\/truusk.store\/shop\/"},{"@type":"ListItem","position":3,"name":"TRUUSK Barnvagn med Broms &#8211; Justerbar H\u00f6jd &#8211; L\u00e4ttviktskonstruktion &#8211; Ljusbl\u00e5"}]},{"@type":"WebSite","@id":"https:\/\/truusk.store\/sv\/#website","url":"https:\/\/truusk.store\/sv\/","name":"TRUUSK - Hem, Tr\u00e4dg\u00e5rd & Fritid","description":"","publisher":{"@id":"https:\/\/truusk.store\/sv\/#organization"},"potentialAction":[{"@type":"SearchAction","target":{"@type":"EntryPoint","urlTemplate":"https:\/\/truusk.store\/sv\/?s={search_term_string}"},"query-input":{"@type":"PropertyValueSpecification","valueRequired":true,"valueName":"search_term_string"}}],"inLanguage":"sv-SE"},{"@type":"Organization","@id":"https:\/\/truusk.store\/sv\/#organization","name":"TRUUSK - Hem, Tr\u00e4dg\u00e5rd & Fritid","url":"https:\/\/truusk.store\/sv\/","logo":{"@type":"ImageObject","inLanguage":"sv-SE","@id":"https:\/\/truusk.store\/sv\/#\/schema\/logo\/image\/","url":"https:\/\/i0.wp.com\/truusk.store\/wp-content\/uploads\/2026\/03\/cropped-TRUUSK.png?fit=2032%2C917&ssl=1","contentUrl":"https:\/\/i0.wp.com\/truusk.store\/wp-content\/uploads\/2026\/03\/cropped-TRUUSK.png?fit=2032%2C917&ssl=1","width":2032,"height":917,"caption":"TRUUSK - Hem, Tr\u00e4dg\u00e5rd & Fritid"},"image":{"@id":"https:\/\/truusk.store\/sv\/#\/schema\/logo\/image\/"}}]}},"jetpack_sharing_enabled":true,"_links":{"self":[{"href":"https:\/\/truusk.store\/sv\/wp-json\/wp\/v2\/product\/21911","targetHints":{"allow":["GET"]}}],"collection":[{"href":"https:\/\/truusk.store\/sv\/wp-json\/wp\/v2\/product"}],"about":[{"href":"https:\/\/truusk.store\/sv\/wp-json\/wp\/v2\/types\/product"}],"wp:featuredmedia":[{"embeddable":true,"href":"https:\/\/truusk.store\/sv\/wp-json\/wp\/v2\/media\/21912"}],"wp:attachment":[{"href":"https:\/\/truusk.store\/sv\/wp-json\/wp\/v2\/media?parent=21911"}],"wp:term":[{"taxonomy":"product_brand","embeddable":true,"href":"https:\/\/truusk.store\/sv\/wp-json\/wp\/v2\/product_brand?post=21911"},{"taxonomy":"product_cat","embeddable":true,"href":"https:\/\/truusk.store\/sv\/wp-json\/wp\/v2\/product_cat?post=21911"},{"taxonomy":"product_tag","embeddable":true,"href":"https:\/\/truusk.store\/sv\/wp-json\/wp\/v2\/product_tag?post=21911"}],"curies":[{"name":"wp","href":"https:\/\/api.w.org\/{rel}","templated":true}]}}