{"id":21943,"date":"2024-02-13T16:08:08","date_gmt":"2024-02-13T15:08:08","guid":{"rendered":"https:\/\/truusk.store\/product\/avslappningsstol-med-pall-liggfunktion-vridbar-upp-till-160-kg-konstlader-metallram-kram-80-x-79-x-100-cm\/"},"modified":"2026-03-12T09:03:44","modified_gmt":"2026-03-12T08:03:44","slug":"truusk-avslappningsstol-med-pall-liggfunktion-vridbar-upp-till-160-kg-konstlader-metallram-kram-80-x-79-x-100-cm","status":"publish","type":"product","link":"https:\/\/truusk.store\/sv\/produkt\/truusk-avslappningsstol-med-pall-liggfunktion-vridbar-upp-till-160-kg-konstlader-metallram-kram-80-x-79-x-100-cm\/","title":{"rendered":"TRUUSK Avslappningsstol Med Pall &#8211; Liggfunktion &#8211; Vridbar &#8211; Upp Till 160 Kg &#8211; Konstl\u00e4der &#8211; Metallram &#8211; Kr\u00e4m &#8211; 80 x 79 x 100 cm"},"content":{"rendered":"<p>F\u00f6rdjupa dig i en v\u00e4rld av komfort med denna vilstolsset. Denna oslagbara duo kommer att f\u00f6rvandla ditt vardagsrum till en elegant och avkopplande oas. Den robusta stolsramen av h\u00f6gkvalitativ metall ger ett stadigt st\u00e4llningstagande, medan det vackra konstl\u00e4der\u00f6verdraget ger ett uttryck av elegans. Den lyxigt vadderade sitsen l\u00e5ter dig sjunka in mjukt samtidigt som du f\u00f6rsiktigt v\u00e4xlar till en liggande position &#8211; perfekt f\u00f6r underbara timmar av avkoppling.<\/p>\n<h3>Beskrivning:<\/h3>\n<ul>\n<li>Kan lutas manuellt upp till en vinkel p\u00e5 145 grader s\u00e5 att du kan koppla av bekv\u00e4mt<\/li>\n<li>F\u00e5t\u00f6ljen kan enkelt vridas \u00e5t alla h\u00e5ll<\/li>\n<li>Metallramen erbjuder h\u00f6gsta niv\u00e5 av robusthet och stabilitet<\/li>\n<li>B\u00f6jtr\u00e4 basram f\u00f6r ett unikt utseende och stadigt stativ<\/li>\n<li>Tjock vaddering och halvh\u00f6ga armst\u00f6d f\u00f6r h\u00f6g komfort<\/li>\n<li>Mjukt, sl\u00e4tt fodral i konstl\u00e4der s\u00e4kerst\u00e4ller elegans och klass<\/li>\n<li>Lastkapacitet f\u00e5t\u00f6lj: 160 kg, pall: 20 kg<\/li>\n<li>Montering kr\u00e4vs<\/li>\n<\/ul>\n<h3>Teknisk data:<\/h3>\n<ul>\n<li>F\u00e4rg: Kr\u00e4m<\/li>\n<li>Material: st\u00e5l, tr\u00e4, konstl\u00e4der, skum<\/li>\n<li>M\u00e5tt f\u00e5t\u00f6lj: (st\u00e5ende) 80L x 79W x 100H cm, (i liggande l\u00e4ge) 80L x 122W x 85H cm<\/li>\n<li>M\u00e5tt pall: 48L x 42W x 42,5H cm<\/li>\n<li>Sittyta: 52L x 50W cm<\/li>\n<li>Ryggst\u00f6dsm\u00e5tt: 66W x 68D x 15D cm<\/li>\n<li>Max lutningsvinkel: 145<\/li>\n<li>Lastkapacitet: (f\u00e5t\u00f6lj) 160 kg, (pall) 20 kg<\/li>\n<\/ul>\n<h3>Leveransens omfattning:<\/h3>\n<ul>\n<li>1 x Relaxstol<\/li>\n<li>1 x pall<\/li>\n<li>Instruktioner<\/li>\n<li>VIKTIGT: Vi levererar varan till trottoarkanten utan kostnad. Se till att du anger r\u00e4tt adress och telefonnummer.<\/li>\n<\/ul>\n","protected":false},"excerpt":{"rendered":"<p>F\u00f6rdjupa dig i en v\u00e4rld av komfort med denna vilstolsset. Denna oslagbara duo kommer att f\u00f6rvandla ditt vardagsrum till en&#8230;<\/p>\n","protected":false},"featured_media":21944,"template":"","meta":[],"product_brand":[],"product_cat":[521,485,524],"product_tag":[],"class_list":{"0":"post-21943","1":"product","2":"type-product","3":"status-publish","4":"has-post-thumbnail","6":"product_cat-fatolj","7":"product_cat-hus-bo","8":"product_cat-relaxstol-med-pall","10":"first","11":"instock","12":"sale","13":"taxable","14":"shipping-taxable","15":"purchasable","16":"product-type-simple"},"yoast_head":"<!-- This site is optimized with the Yoast SEO plugin v25.4 - https:\/\/yoast.com\/wordpress\/plugins\/seo\/ -->\n<title>TRUUSK Avslappningsstol Med Pall - Liggfunktion - Vridbar - Upp Till 160 Kg - Konstl\u00e4der - Metallram - Kr\u00e4m - 80 x 79 x 100 cm - TRUUSK - Hem, Tr\u00e4dg\u00e5rd &amp; Fritid<\/title>\n<meta name=\"robots\" content=\"index, follow, max-snippet:-1, max-image-preview:large, max-video-preview:-1\" \/>\n<link rel=\"canonical\" href=\"https:\/\/truusk.store\/sv\/produkt\/truusk-avslappningsstol-med-pall-liggfunktion-vridbar-upp-till-160-kg-konstlader-metallram-kram-80-x-79-x-100-cm\/\" \/>\n<meta property=\"og:locale\" content=\"sv_SE\" \/>\n<meta property=\"og:type\" content=\"article\" \/>\n<meta property=\"og:title\" content=\"TRUUSK Avslappningsstol Med Pall - Liggfunktion - Vridbar - Upp Till 160 Kg - Konstl\u00e4der - Metallram - Kr\u00e4m - 80 x 79 x 100 cm - TRUUSK - Hem, Tr\u00e4dg\u00e5rd &amp; Fritid\" \/>\n<meta property=\"og:description\" content=\"F\u00f6rdjupa dig i en v\u00e4rld av komfort med denna vilstolsset. Denna oslagbara duo kommer att f\u00f6rvandla ditt vardagsrum till en...\" \/>\n<meta property=\"og:url\" content=\"https:\/\/truusk.store\/sv\/produkt\/truusk-avslappningsstol-med-pall-liggfunktion-vridbar-upp-till-160-kg-konstlader-metallram-kram-80-x-79-x-100-cm\/\" \/>\n<meta property=\"og:site_name\" content=\"TRUUSK - Hem, Tr\u00e4dg\u00e5rd &amp; Fritid\" \/>\n<meta property=\"article:modified_time\" content=\"2026-03-12T08:03:44+00:00\" \/>\n<meta property=\"og:image\" content=\"https:\/\/i0.wp.com\/truusk.se\/wp-content\/uploads\/2024\/02\/avslappningsstol-med-pall-liggfunktion-vridbar-upp-till-160-kg-konstlader-metallram-kram-80-x-79-x-100-cm.webp?fit=800%2C800&ssl=1\" \/>\n\t<meta property=\"og:image:width\" content=\"800\" \/>\n\t<meta property=\"og:image:height\" content=\"800\" \/>\n\t<meta property=\"og:image:type\" content=\"image\/webp\" \/>\n<meta name=\"twitter:card\" content=\"summary_large_image\" \/>\n<meta name=\"twitter:label1\" content=\"Ber\u00e4knad l\u00e4stid\" \/>\n\t<meta name=\"twitter:data1\" content=\"1 minut\" \/>\n<!-- \/ Yoast SEO plugin. -->","yoast_head_json":{"title":"TRUUSK Avslappningsstol Med Pall - Liggfunktion - Vridbar - Upp Till 160 Kg - Konstl\u00e4der - Metallram - Kr\u00e4m - 80 x 79 x 100 cm - TRUUSK - Hem, Tr\u00e4dg\u00e5rd &amp; Fritid","robots":{"index":"index","follow":"follow","max-snippet":"max-snippet:-1","max-image-preview":"max-image-preview:large","max-video-preview":"max-video-preview:-1"},"canonical":"https:\/\/truusk.store\/sv\/produkt\/truusk-avslappningsstol-med-pall-liggfunktion-vridbar-upp-till-160-kg-konstlader-metallram-kram-80-x-79-x-100-cm\/","og_locale":"sv_SE","og_type":"article","og_title":"TRUUSK Avslappningsstol Med Pall - Liggfunktion - Vridbar - Upp Till 160 Kg - Konstl\u00e4der - Metallram - Kr\u00e4m - 80 x 79 x 100 cm - TRUUSK - Hem, Tr\u00e4dg\u00e5rd &amp; Fritid","og_description":"F\u00f6rdjupa dig i en v\u00e4rld av komfort med denna vilstolsset. Denna oslagbara duo kommer att f\u00f6rvandla ditt vardagsrum till en...","og_url":"https:\/\/truusk.store\/sv\/produkt\/truusk-avslappningsstol-med-pall-liggfunktion-vridbar-upp-till-160-kg-konstlader-metallram-kram-80-x-79-x-100-cm\/","og_site_name":"TRUUSK - Hem, Tr\u00e4dg\u00e5rd &amp; Fritid","article_modified_time":"2026-03-12T08:03:44+00:00","og_image":[{"width":800,"height":800,"url":"https:\/\/i0.wp.com\/truusk.se\/wp-content\/uploads\/2024\/02\/avslappningsstol-med-pall-liggfunktion-vridbar-upp-till-160-kg-konstlader-metallram-kram-80-x-79-x-100-cm.webp?fit=800%2C800&ssl=1","type":"image\/webp"}],"twitter_card":"summary_large_image","twitter_misc":{"Ber\u00e4knad l\u00e4stid":"1 minut"},"schema":{"@context":"https:\/\/schema.org","@graph":[{"@type":"WebPage","@id":"https:\/\/truusk.store\/sv\/produkt\/truusk-avslappningsstol-med-pall-liggfunktion-vridbar-upp-till-160-kg-konstlader-metallram-kram-80-x-79-x-100-cm\/","url":"https:\/\/truusk.store\/sv\/produkt\/truusk-avslappningsstol-med-pall-liggfunktion-vridbar-upp-till-160-kg-konstlader-metallram-kram-80-x-79-x-100-cm\/","name":"TRUUSK Avslappningsstol Med Pall - Liggfunktion - Vridbar - Upp Till 160 Kg - Konstl\u00e4der - Metallram - Kr\u00e4m - 80 x 79 x 100 cm - TRUUSK - Hem, Tr\u00e4dg\u00e5rd &amp; Fritid","isPartOf":{"@id":"https:\/\/truusk.store\/sv\/#website"},"primaryImageOfPage":{"@id":"https:\/\/truusk.store\/sv\/produkt\/truusk-avslappningsstol-med-pall-liggfunktion-vridbar-upp-till-160-kg-konstlader-metallram-kram-80-x-79-x-100-cm\/#primaryimage"},"image":{"@id":"https:\/\/truusk.store\/sv\/produkt\/truusk-avslappningsstol-med-pall-liggfunktion-vridbar-upp-till-160-kg-konstlader-metallram-kram-80-x-79-x-100-cm\/#primaryimage"},"thumbnailUrl":"https:\/\/i0.wp.com\/truusk.store\/wp-content\/uploads\/2024\/02\/avslappningsstol-med-pall-liggfunktion-vridbar-upp-till-160-kg-konstlader-metallram-kram-80-x-79-x-100-cm.webp?fit=800%2C800&ssl=1","datePublished":"2024-02-13T15:08:08+00:00","dateModified":"2026-03-12T08:03:44+00:00","breadcrumb":{"@id":"https:\/\/truusk.store\/sv\/produkt\/truusk-avslappningsstol-med-pall-liggfunktion-vridbar-upp-till-160-kg-konstlader-metallram-kram-80-x-79-x-100-cm\/#breadcrumb"},"inLanguage":"sv-SE","potentialAction":[{"@type":"ReadAction","target":["https:\/\/truusk.store\/sv\/produkt\/truusk-avslappningsstol-med-pall-liggfunktion-vridbar-upp-till-160-kg-konstlader-metallram-kram-80-x-79-x-100-cm\/"]}]},{"@type":"ImageObject","inLanguage":"sv-SE","@id":"https:\/\/truusk.store\/sv\/produkt\/truusk-avslappningsstol-med-pall-liggfunktion-vridbar-upp-till-160-kg-konstlader-metallram-kram-80-x-79-x-100-cm\/#primaryimage","url":"https:\/\/i0.wp.com\/truusk.store\/wp-content\/uploads\/2024\/02\/avslappningsstol-med-pall-liggfunktion-vridbar-upp-till-160-kg-konstlader-metallram-kram-80-x-79-x-100-cm.webp?fit=800%2C800&ssl=1","contentUrl":"https:\/\/i0.wp.com\/truusk.store\/wp-content\/uploads\/2024\/02\/avslappningsstol-med-pall-liggfunktion-vridbar-upp-till-160-kg-konstlader-metallram-kram-80-x-79-x-100-cm.webp?fit=800%2C800&ssl=1","width":800,"height":800,"caption":"Avslappningsstol Med Pall, Liggfunktion, Vridbar, Upp Till 160 Kg, Konstl\u00e4der, Metallram, Kr\u00e4m, 80 X 79 X 100 Cm 1"},{"@type":"BreadcrumbList","@id":"https:\/\/truusk.store\/sv\/produkt\/truusk-avslappningsstol-med-pall-liggfunktion-vridbar-upp-till-160-kg-konstlader-metallram-kram-80-x-79-x-100-cm\/#breadcrumb","itemListElement":[{"@type":"ListItem","position":1,"name":"Home","item":"https:\/\/truusk.store\/sv\/"},{"@type":"ListItem","position":2,"name":"Shop","item":"https:\/\/truusk.store\/shop\/"},{"@type":"ListItem","position":3,"name":"TRUUSK Avslappningsstol Med Pall &#8211; Liggfunktion &#8211; Vridbar &#8211; Upp Till 160 Kg &#8211; Konstl\u00e4der &#8211; Metallram &#8211; Kr\u00e4m &#8211; 80 x 79 x 100 cm"}]},{"@type":"WebSite","@id":"https:\/\/truusk.store\/sv\/#website","url":"https:\/\/truusk.store\/sv\/","name":"TRUUSK - Hem, Tr\u00e4dg\u00e5rd & Fritid","description":"","publisher":{"@id":"https:\/\/truusk.store\/sv\/#organization"},"potentialAction":[{"@type":"SearchAction","target":{"@type":"EntryPoint","urlTemplate":"https:\/\/truusk.store\/sv\/?s={search_term_string}"},"query-input":{"@type":"PropertyValueSpecification","valueRequired":true,"valueName":"search_term_string"}}],"inLanguage":"sv-SE"},{"@type":"Organization","@id":"https:\/\/truusk.store\/sv\/#organization","name":"TRUUSK - Hem, Tr\u00e4dg\u00e5rd & Fritid","url":"https:\/\/truusk.store\/sv\/","logo":{"@type":"ImageObject","inLanguage":"sv-SE","@id":"https:\/\/truusk.store\/sv\/#\/schema\/logo\/image\/","url":"https:\/\/i0.wp.com\/truusk.store\/wp-content\/uploads\/2026\/03\/cropped-TRUUSK.png?fit=2032%2C917&ssl=1","contentUrl":"https:\/\/i0.wp.com\/truusk.store\/wp-content\/uploads\/2026\/03\/cropped-TRUUSK.png?fit=2032%2C917&ssl=1","width":2032,"height":917,"caption":"TRUUSK - Hem, Tr\u00e4dg\u00e5rd & Fritid"},"image":{"@id":"https:\/\/truusk.store\/sv\/#\/schema\/logo\/image\/"}}]}},"jetpack_sharing_enabled":true,"_links":{"self":[{"href":"https:\/\/truusk.store\/sv\/wp-json\/wp\/v2\/product\/21943","targetHints":{"allow":["GET"]}}],"collection":[{"href":"https:\/\/truusk.store\/sv\/wp-json\/wp\/v2\/product"}],"about":[{"href":"https:\/\/truusk.store\/sv\/wp-json\/wp\/v2\/types\/product"}],"wp:featuredmedia":[{"embeddable":true,"href":"https:\/\/truusk.store\/sv\/wp-json\/wp\/v2\/media\/21944"}],"wp:attachment":[{"href":"https:\/\/truusk.store\/sv\/wp-json\/wp\/v2\/media?parent=21943"}],"wp:term":[{"taxonomy":"product_brand","embeddable":true,"href":"https:\/\/truusk.store\/sv\/wp-json\/wp\/v2\/product_brand?post=21943"},{"taxonomy":"product_cat","embeddable":true,"href":"https:\/\/truusk.store\/sv\/wp-json\/wp\/v2\/product_cat?post=21943"},{"taxonomy":"product_tag","embeddable":true,"href":"https:\/\/truusk.store\/sv\/wp-json\/wp\/v2\/product_tag?post=21943"}],"curies":[{"name":"wp","href":"https:\/\/api.w.org\/{rel}","templated":true}]}}