{"id":22103,"date":"2024-02-13T16:13:01","date_gmt":"2024-02-13T15:13:01","guid":{"rendered":"https:\/\/truusk.store\/product\/sissy-squat-squat-trainer-ben-trainer-buktranare-3-i-1-trainer-justerbar-upp-till-120-kg-stal-gul-svart-50-x-97-x-44-5565-cm\/"},"modified":"2026-03-12T09:04:06","modified_gmt":"2026-03-12T08:04:06","slug":"truusk-sissy-squat-trainer-3-i-1-justerbar-upp-till-120-kg-stal-gul-svart-50-x-97-cm-buktranare-ben-trainer","status":"publish","type":"product","link":"https:\/\/truusk.store\/sv\/produkt\/truusk-sissy-squat-trainer-3-i-1-justerbar-upp-till-120-kg-stal-gul-svart-50-x-97-cm-buktranare-ben-trainer\/","title":{"rendered":"TRUUSK Sissy Squat Trainer 3 I 1 &#8211; Justerbar Upp Till 120 Kg &#8211; St\u00e5l &#8211; Gul + Svart &#8211; 50 x 97 cm &#8211; Buktr\u00e4nare &#8211; Ben Trainer"},"content":{"rendered":"<p>Denna tr\u00e4ningsenhet \u00e4r det perfekta valet f\u00f6r dig som vill uppn\u00e5 mycket med lite! Med bara en kompakt enhet kan du tr\u00e4na alla st\u00f6rre muskelgrupper i tre enkla \u00f6vningar. De h\u00f6j- och s\u00e4nkbara fot- och vaddynorna garanterar dig ett s\u00e4kert fotf\u00e4ste f\u00f6r sissy squats, den ultimata utvecklingen av squat och en komplett abs-ben-rumpa kurs i ett. Vad v\u00e4ntar du p\u00e5? Kom i form nu!<\/p>\n<h3>Beskrivning:<\/h3>\n<ul>\n<li>3 \u00f6vningar med 1 kompakt enhet: sissy squats, sit-ups, armh\u00e4vningar<\/li>\n<li>Tr\u00e4nar enkelt de flesta st\u00f6rre muskelgrupper<\/li>\n<li>Kraftig st\u00e5lram f\u00f6r 120 kg lastkapacitet<\/li>\n<li>Skonsam stoppning f\u00f6r vader, vrist och h\u00e4nder<\/li>\n<li>Flera h\u00f6jdjusteringar f\u00f6r att passa ett brett utbud av kroppsstorlekar<\/li>\n<li>Fotplatta med halkskydd och 4 sugkoppar<\/li>\n<li>Enkel konstruktion<\/li>\n<\/ul>\n<h3>Teknisk data:<\/h3>\n<ul>\n<li>Material: st\u00e5l, EVA<\/li>\n<li>F\u00e4rg: Gul+svart<\/li>\n<li>M\u00e5tt: B50 x L97 x H44.556,5 cm<\/li>\n<li>Vikt: 12,7 kg<\/li>\n<li>Lastkapacitet: 120 kg<\/li>\n<\/ul>\n<h3>Leveransens omfattning:<\/h3>\n<ul>\n<li>1 x Squat Trainer<\/li>\n<li>1 x Anv\u00e4ndarmanual<\/li>\n<\/ul>\n","protected":false},"excerpt":{"rendered":"<p>Denna tr\u00e4ningsenhet \u00e4r det perfekta valet f\u00f6r dig som vill uppn\u00e5 mycket med lite! Med bara en kompakt enhet kan&#8230;<\/p>\n","protected":false},"featured_media":22104,"template":"","meta":[],"product_brand":[],"product_cat":[661,647,665],"product_tag":[],"class_list":{"0":"post-22103","1":"product","2":"type-product","3":"status-publish","4":"has-post-thumbnail","6":"product_cat-kondition-styrketraning","7":"product_cat-sport-fritid","8":"product_cat-styrketraning","10":"first","11":"instock","12":"sale","13":"taxable","14":"shipping-taxable","15":"purchasable","16":"product-type-simple"},"yoast_head":"<!-- This site is optimized with the Yoast SEO plugin v25.4 - https:\/\/yoast.com\/wordpress\/plugins\/seo\/ -->\n<title>TRUUSK Sissy Squat Trainer 3 I 1 - Justerbar Upp Till 120 Kg - St\u00e5l - Gul + Svart - 50 x 97 cm - Buktr\u00e4nare - Ben Trainer - TRUUSK - Hem, Tr\u00e4dg\u00e5rd &amp; Fritid<\/title>\n<meta name=\"robots\" content=\"index, follow, max-snippet:-1, max-image-preview:large, max-video-preview:-1\" \/>\n<link rel=\"canonical\" href=\"https:\/\/truusk.store\/sv\/produkt\/truusk-sissy-squat-trainer-3-i-1-justerbar-upp-till-120-kg-stal-gul-svart-50-x-97-cm-buktranare-ben-trainer\/\" \/>\n<meta property=\"og:locale\" content=\"sv_SE\" \/>\n<meta property=\"og:type\" content=\"article\" \/>\n<meta property=\"og:title\" content=\"TRUUSK Sissy Squat Trainer 3 I 1 - Justerbar Upp Till 120 Kg - St\u00e5l - Gul + Svart - 50 x 97 cm - Buktr\u00e4nare - Ben Trainer - TRUUSK - Hem, Tr\u00e4dg\u00e5rd &amp; Fritid\" \/>\n<meta property=\"og:description\" content=\"Denna tr\u00e4ningsenhet \u00e4r det perfekta valet f\u00f6r dig som vill uppn\u00e5 mycket med lite! Med bara en kompakt enhet kan...\" \/>\n<meta property=\"og:url\" content=\"https:\/\/truusk.store\/sv\/produkt\/truusk-sissy-squat-trainer-3-i-1-justerbar-upp-till-120-kg-stal-gul-svart-50-x-97-cm-buktranare-ben-trainer\/\" \/>\n<meta property=\"og:site_name\" content=\"TRUUSK - Hem, Tr\u00e4dg\u00e5rd &amp; Fritid\" \/>\n<meta property=\"article:modified_time\" content=\"2026-03-12T08:04:06+00:00\" \/>\n<meta property=\"og:image\" content=\"https:\/\/i0.wp.com\/truusk.se\/wp-content\/uploads\/2024\/02\/sissy-squat-squat-trainer-ben-trainer-buktranare-3-i-1-trainer-justerbar-upp-till-120-kg-stal-gul-svart-50-x-97-x-44-5565-cm.webp?fit=800%2C800&ssl=1\" \/>\n\t<meta property=\"og:image:width\" content=\"800\" \/>\n\t<meta property=\"og:image:height\" content=\"800\" \/>\n\t<meta property=\"og:image:type\" content=\"image\/webp\" \/>\n<meta name=\"twitter:card\" content=\"summary_large_image\" \/>\n<meta name=\"twitter:label1\" content=\"Ber\u00e4knad l\u00e4stid\" \/>\n\t<meta name=\"twitter:data1\" content=\"1 minut\" \/>\n<!-- \/ Yoast SEO plugin. -->","yoast_head_json":{"title":"TRUUSK Sissy Squat Trainer 3 I 1 - Justerbar Upp Till 120 Kg - St\u00e5l - Gul + Svart - 50 x 97 cm - Buktr\u00e4nare - Ben Trainer - TRUUSK - Hem, Tr\u00e4dg\u00e5rd &amp; Fritid","robots":{"index":"index","follow":"follow","max-snippet":"max-snippet:-1","max-image-preview":"max-image-preview:large","max-video-preview":"max-video-preview:-1"},"canonical":"https:\/\/truusk.store\/sv\/produkt\/truusk-sissy-squat-trainer-3-i-1-justerbar-upp-till-120-kg-stal-gul-svart-50-x-97-cm-buktranare-ben-trainer\/","og_locale":"sv_SE","og_type":"article","og_title":"TRUUSK Sissy Squat Trainer 3 I 1 - Justerbar Upp Till 120 Kg - St\u00e5l - Gul + Svart - 50 x 97 cm - Buktr\u00e4nare - Ben Trainer - TRUUSK - Hem, Tr\u00e4dg\u00e5rd &amp; Fritid","og_description":"Denna tr\u00e4ningsenhet \u00e4r det perfekta valet f\u00f6r dig som vill uppn\u00e5 mycket med lite! Med bara en kompakt enhet kan...","og_url":"https:\/\/truusk.store\/sv\/produkt\/truusk-sissy-squat-trainer-3-i-1-justerbar-upp-till-120-kg-stal-gul-svart-50-x-97-cm-buktranare-ben-trainer\/","og_site_name":"TRUUSK - Hem, Tr\u00e4dg\u00e5rd &amp; Fritid","article_modified_time":"2026-03-12T08:04:06+00:00","og_image":[{"width":800,"height":800,"url":"https:\/\/i0.wp.com\/truusk.se\/wp-content\/uploads\/2024\/02\/sissy-squat-squat-trainer-ben-trainer-buktranare-3-i-1-trainer-justerbar-upp-till-120-kg-stal-gul-svart-50-x-97-x-44-5565-cm.webp?fit=800%2C800&ssl=1","type":"image\/webp"}],"twitter_card":"summary_large_image","twitter_misc":{"Ber\u00e4knad l\u00e4stid":"1 minut"},"schema":{"@context":"https:\/\/schema.org","@graph":[{"@type":"WebPage","@id":"https:\/\/truusk.store\/sv\/produkt\/truusk-sissy-squat-trainer-3-i-1-justerbar-upp-till-120-kg-stal-gul-svart-50-x-97-cm-buktranare-ben-trainer\/","url":"https:\/\/truusk.store\/sv\/produkt\/truusk-sissy-squat-trainer-3-i-1-justerbar-upp-till-120-kg-stal-gul-svart-50-x-97-cm-buktranare-ben-trainer\/","name":"TRUUSK Sissy Squat Trainer 3 I 1 - Justerbar Upp Till 120 Kg - St\u00e5l - Gul + Svart - 50 x 97 cm - Buktr\u00e4nare - Ben Trainer - TRUUSK - Hem, Tr\u00e4dg\u00e5rd &amp; Fritid","isPartOf":{"@id":"https:\/\/truusk.store\/sv\/#website"},"primaryImageOfPage":{"@id":"https:\/\/truusk.store\/sv\/produkt\/truusk-sissy-squat-trainer-3-i-1-justerbar-upp-till-120-kg-stal-gul-svart-50-x-97-cm-buktranare-ben-trainer\/#primaryimage"},"image":{"@id":"https:\/\/truusk.store\/sv\/produkt\/truusk-sissy-squat-trainer-3-i-1-justerbar-upp-till-120-kg-stal-gul-svart-50-x-97-cm-buktranare-ben-trainer\/#primaryimage"},"thumbnailUrl":"https:\/\/i0.wp.com\/truusk.store\/wp-content\/uploads\/2024\/02\/sissy-squat-squat-trainer-ben-trainer-buktranare-3-i-1-trainer-justerbar-upp-till-120-kg-stal-gul-svart-50-x-97-x-44-5565-cm.webp?fit=800%2C800&ssl=1","datePublished":"2024-02-13T15:13:01+00:00","dateModified":"2026-03-12T08:04:06+00:00","breadcrumb":{"@id":"https:\/\/truusk.store\/sv\/produkt\/truusk-sissy-squat-trainer-3-i-1-justerbar-upp-till-120-kg-stal-gul-svart-50-x-97-cm-buktranare-ben-trainer\/#breadcrumb"},"inLanguage":"sv-SE","potentialAction":[{"@type":"ReadAction","target":["https:\/\/truusk.store\/sv\/produkt\/truusk-sissy-squat-trainer-3-i-1-justerbar-upp-till-120-kg-stal-gul-svart-50-x-97-cm-buktranare-ben-trainer\/"]}]},{"@type":"ImageObject","inLanguage":"sv-SE","@id":"https:\/\/truusk.store\/sv\/produkt\/truusk-sissy-squat-trainer-3-i-1-justerbar-upp-till-120-kg-stal-gul-svart-50-x-97-cm-buktranare-ben-trainer\/#primaryimage","url":"https:\/\/i0.wp.com\/truusk.store\/wp-content\/uploads\/2024\/02\/sissy-squat-squat-trainer-ben-trainer-buktranare-3-i-1-trainer-justerbar-upp-till-120-kg-stal-gul-svart-50-x-97-x-44-5565-cm.webp?fit=800%2C800&ssl=1","contentUrl":"https:\/\/i0.wp.com\/truusk.store\/wp-content\/uploads\/2024\/02\/sissy-squat-squat-trainer-ben-trainer-buktranare-3-i-1-trainer-justerbar-upp-till-120-kg-stal-gul-svart-50-x-97-x-44-5565-cm.webp?fit=800%2C800&ssl=1","width":800,"height":800,"caption":"Sissy Squat Squat Trainer Ben Trainer Buktr\u00e4nare 3 I 1 Trainer Justerbar Upp Till 120 Kg St\u00e5l Gul + Svart 50 X 97 X (44 556,5) Cm 1"},{"@type":"BreadcrumbList","@id":"https:\/\/truusk.store\/sv\/produkt\/truusk-sissy-squat-trainer-3-i-1-justerbar-upp-till-120-kg-stal-gul-svart-50-x-97-cm-buktranare-ben-trainer\/#breadcrumb","itemListElement":[{"@type":"ListItem","position":1,"name":"Home","item":"https:\/\/truusk.store\/sv\/"},{"@type":"ListItem","position":2,"name":"Shop","item":"https:\/\/truusk.store\/shop\/"},{"@type":"ListItem","position":3,"name":"TRUUSK Sissy Squat Trainer 3 I 1 &#8211; Justerbar Upp Till 120 Kg &#8211; St\u00e5l &#8211; Gul + Svart &#8211; 50 x 97 cm &#8211; Buktr\u00e4nare &#8211; Ben Trainer"}]},{"@type":"WebSite","@id":"https:\/\/truusk.store\/sv\/#website","url":"https:\/\/truusk.store\/sv\/","name":"TRUUSK - Hem, Tr\u00e4dg\u00e5rd & Fritid","description":"","publisher":{"@id":"https:\/\/truusk.store\/sv\/#organization"},"potentialAction":[{"@type":"SearchAction","target":{"@type":"EntryPoint","urlTemplate":"https:\/\/truusk.store\/sv\/?s={search_term_string}"},"query-input":{"@type":"PropertyValueSpecification","valueRequired":true,"valueName":"search_term_string"}}],"inLanguage":"sv-SE"},{"@type":"Organization","@id":"https:\/\/truusk.store\/sv\/#organization","name":"TRUUSK - Hem, Tr\u00e4dg\u00e5rd & Fritid","url":"https:\/\/truusk.store\/sv\/","logo":{"@type":"ImageObject","inLanguage":"sv-SE","@id":"https:\/\/truusk.store\/sv\/#\/schema\/logo\/image\/","url":"https:\/\/i0.wp.com\/truusk.store\/wp-content\/uploads\/2026\/03\/cropped-TRUUSK.png?fit=2032%2C917&ssl=1","contentUrl":"https:\/\/i0.wp.com\/truusk.store\/wp-content\/uploads\/2026\/03\/cropped-TRUUSK.png?fit=2032%2C917&ssl=1","width":2032,"height":917,"caption":"TRUUSK - Hem, Tr\u00e4dg\u00e5rd & Fritid"},"image":{"@id":"https:\/\/truusk.store\/sv\/#\/schema\/logo\/image\/"}}]}},"jetpack_sharing_enabled":true,"_links":{"self":[{"href":"https:\/\/truusk.store\/sv\/wp-json\/wp\/v2\/product\/22103","targetHints":{"allow":["GET"]}}],"collection":[{"href":"https:\/\/truusk.store\/sv\/wp-json\/wp\/v2\/product"}],"about":[{"href":"https:\/\/truusk.store\/sv\/wp-json\/wp\/v2\/types\/product"}],"wp:featuredmedia":[{"embeddable":true,"href":"https:\/\/truusk.store\/sv\/wp-json\/wp\/v2\/media\/22104"}],"wp:attachment":[{"href":"https:\/\/truusk.store\/sv\/wp-json\/wp\/v2\/media?parent=22103"}],"wp:term":[{"taxonomy":"product_brand","embeddable":true,"href":"https:\/\/truusk.store\/sv\/wp-json\/wp\/v2\/product_brand?post=22103"},{"taxonomy":"product_cat","embeddable":true,"href":"https:\/\/truusk.store\/sv\/wp-json\/wp\/v2\/product_cat?post=22103"},{"taxonomy":"product_tag","embeddable":true,"href":"https:\/\/truusk.store\/sv\/wp-json\/wp\/v2\/product_tag?post=22103"}],"curies":[{"name":"wp","href":"https:\/\/api.w.org\/{rel}","templated":true}]}}