{"id":22115,"date":"2024-02-13T16:13:32","date_gmt":"2024-02-13T15:13:32","guid":{"rendered":"https:\/\/truusk.store\/product\/elektronisk-darttavla-darttavla-set-med-led-display-med-automatisk-poangljudeffekt-6-pilar-24-darthuvuden-27-spel-och-243-traffalternativ-for-16-spelare-44-x-515-x-32-cm\/"},"modified":"2026-03-12T09:04:06","modified_gmt":"2026-03-12T08:04:06","slug":"truusk-elektronisk-darttavla-set-led-display-automatisk-poangljudeffekt-6-pilar-24-darthuvuden-27-spel-243","status":"publish","type":"product","link":"https:\/\/truusk.store\/sv\/produkt\/truusk-elektronisk-darttavla-set-led-display-automatisk-poangljudeffekt-6-pilar-24-darthuvuden-27-spel-243\/","title":{"rendered":"TRUUSK Elektronisk Darttavla Set &#8211; LED-display &#8211; Automatisk Po\u00e4ngljudeffekt &#8211; 6 Pilar &#8211; 24 Darthuvuden &#8211; 27 Spel &#8211; 243"},"content":{"rendered":"<p>Spela dart hemma som ett proffs! Detta fantastiska dartset kommer med 6 pilar, en str\u00f6mk\u00e4lla och f\u00f6rborrade h\u00e5l f\u00f6r snabb v\u00e4ggmontering s\u00e5 att du kan komma ig\u00e5ng direkt. V\u00e4lj mellan 27 spel och 243 spelvarianter, inklusive turneringsl\u00e4ge. Interaktiva ljudeffekter och r\u00f6stutg\u00e5ng l\u00e5ter dig alltid veta var du och upp till 15 andra spelare st\u00e5r. Perfekt f\u00f6r tr\u00e4dg\u00e5rden, festlokalen eller som present.<\/p>\n<h3>Beskrivning:<\/h3>\n<ul>\n<li>S\u00e4rskilt stort upptagningsomr\u00e5de f\u00f6r felaktiga kast<\/li>\n<li>Praktiskt och perfekt f\u00f6r en m\u00e4ngd olika platser<\/li>\n<li>6 pilar f\u00f6r upp till 16 spelare<\/li>\n<li>F\u00f6rborrade h\u00e5l g\u00f6r det l\u00e4ttare att f\u00e4sta p\u00e5 v\u00e4ggen<\/li>\n<li>\u00c4ven med h\u00e5llare bakom f\u00f6nstret<\/li>\n<li>Enkel konstruktion<\/li>\n<\/ul>\n<h3>Teknisk data:<\/h3>\n<ul>\n<li>Material: ABS, PP<\/li>\n<li>\u00d6vergripande m\u00e5tt: 44L x 51,5W x 3,2H cm<\/li>\n<li>Tjocklek: 32mm<\/li>\n<li>Svart f\u00e4rg<\/li>\n<li>Batteri: 4 x 1,5V AA (ing\u00e5r ej)<\/li>\n<\/ul>\n<h3>Leveransens omfattning:<\/h3>\n<ul>\n<li>6 x Dart<\/li>\n<li>24 x darttips<\/li>\n<li>1 x str\u00f6madapter<\/li>\n<\/ul>\n","protected":false},"excerpt":{"rendered":"<p>Spela dart hemma som ett proffs! Detta fantastiska dartset kommer med 6 pilar, en str\u00f6mk\u00e4lla och f\u00f6rborrade h\u00e5l f\u00f6r snabb&#8230;<\/p>\n","protected":false},"featured_media":22116,"template":"","meta":[],"product_brand":[],"product_cat":[658,656,647],"product_tag":[],"class_list":{"0":"post-22115","1":"product","2":"type-product","3":"status-publish","4":"has-post-thumbnail","6":"product_cat-elektroniska-darttavlor","7":"product_cat-spel-hobby","8":"product_cat-sport-fritid","10":"first","11":"instock","12":"sale","13":"taxable","14":"shipping-taxable","15":"purchasable","16":"product-type-simple"},"yoast_head":"<!-- This site is optimized with the Yoast SEO plugin v25.4 - https:\/\/yoast.com\/wordpress\/plugins\/seo\/ -->\n<title>TRUUSK Elektronisk Darttavla Set - LED-display - Automatisk Po\u00e4ngljudeffekt - 6 Pilar - 24 Darthuvuden - 27 Spel - 243 - TRUUSK - Hem, Tr\u00e4dg\u00e5rd &amp; Fritid<\/title>\n<meta name=\"robots\" content=\"index, follow, max-snippet:-1, max-image-preview:large, max-video-preview:-1\" \/>\n<link rel=\"canonical\" href=\"https:\/\/truusk.store\/sv\/produkt\/truusk-elektronisk-darttavla-set-led-display-automatisk-poangljudeffekt-6-pilar-24-darthuvuden-27-spel-243\/\" \/>\n<meta property=\"og:locale\" content=\"sv_SE\" \/>\n<meta property=\"og:type\" content=\"article\" \/>\n<meta property=\"og:title\" content=\"TRUUSK Elektronisk Darttavla Set - LED-display - Automatisk Po\u00e4ngljudeffekt - 6 Pilar - 24 Darthuvuden - 27 Spel - 243 - TRUUSK - Hem, Tr\u00e4dg\u00e5rd &amp; Fritid\" \/>\n<meta property=\"og:description\" content=\"Spela dart hemma som ett proffs! Detta fantastiska dartset kommer med 6 pilar, en str\u00f6mk\u00e4lla och f\u00f6rborrade h\u00e5l f\u00f6r snabb...\" \/>\n<meta property=\"og:url\" content=\"https:\/\/truusk.store\/sv\/produkt\/truusk-elektronisk-darttavla-set-led-display-automatisk-poangljudeffekt-6-pilar-24-darthuvuden-27-spel-243\/\" \/>\n<meta property=\"og:site_name\" content=\"TRUUSK - Hem, Tr\u00e4dg\u00e5rd &amp; Fritid\" \/>\n<meta property=\"article:modified_time\" content=\"2026-03-12T08:04:06+00:00\" \/>\n<meta property=\"og:image\" content=\"https:\/\/i0.wp.com\/truusk.se\/wp-content\/uploads\/2024\/02\/elektronisk-darttavla-darttavla-set-med-led-display-med-automatisk-poangljudeffekt-6-pilar-24-darthuvuden-27-spel-och-243-traffalternativ-for-16-spelare-44-x-515-x-32-cm.webp?fit=800%2C800&ssl=1\" \/>\n\t<meta property=\"og:image:width\" content=\"800\" \/>\n\t<meta property=\"og:image:height\" content=\"800\" \/>\n\t<meta property=\"og:image:type\" content=\"image\/webp\" \/>\n<meta name=\"twitter:card\" content=\"summary_large_image\" \/>\n<meta name=\"twitter:label1\" content=\"Ber\u00e4knad l\u00e4stid\" \/>\n\t<meta name=\"twitter:data1\" content=\"1 minut\" \/>\n<!-- \/ Yoast SEO plugin. -->","yoast_head_json":{"title":"TRUUSK Elektronisk Darttavla Set - LED-display - Automatisk Po\u00e4ngljudeffekt - 6 Pilar - 24 Darthuvuden - 27 Spel - 243 - TRUUSK - Hem, Tr\u00e4dg\u00e5rd &amp; Fritid","robots":{"index":"index","follow":"follow","max-snippet":"max-snippet:-1","max-image-preview":"max-image-preview:large","max-video-preview":"max-video-preview:-1"},"canonical":"https:\/\/truusk.store\/sv\/produkt\/truusk-elektronisk-darttavla-set-led-display-automatisk-poangljudeffekt-6-pilar-24-darthuvuden-27-spel-243\/","og_locale":"sv_SE","og_type":"article","og_title":"TRUUSK Elektronisk Darttavla Set - LED-display - Automatisk Po\u00e4ngljudeffekt - 6 Pilar - 24 Darthuvuden - 27 Spel - 243 - TRUUSK - Hem, Tr\u00e4dg\u00e5rd &amp; Fritid","og_description":"Spela dart hemma som ett proffs! Detta fantastiska dartset kommer med 6 pilar, en str\u00f6mk\u00e4lla och f\u00f6rborrade h\u00e5l f\u00f6r snabb...","og_url":"https:\/\/truusk.store\/sv\/produkt\/truusk-elektronisk-darttavla-set-led-display-automatisk-poangljudeffekt-6-pilar-24-darthuvuden-27-spel-243\/","og_site_name":"TRUUSK - Hem, Tr\u00e4dg\u00e5rd &amp; Fritid","article_modified_time":"2026-03-12T08:04:06+00:00","og_image":[{"width":800,"height":800,"url":"https:\/\/i0.wp.com\/truusk.se\/wp-content\/uploads\/2024\/02\/elektronisk-darttavla-darttavla-set-med-led-display-med-automatisk-poangljudeffekt-6-pilar-24-darthuvuden-27-spel-och-243-traffalternativ-for-16-spelare-44-x-515-x-32-cm.webp?fit=800%2C800&ssl=1","type":"image\/webp"}],"twitter_card":"summary_large_image","twitter_misc":{"Ber\u00e4knad l\u00e4stid":"1 minut"},"schema":{"@context":"https:\/\/schema.org","@graph":[{"@type":"WebPage","@id":"https:\/\/truusk.store\/sv\/produkt\/truusk-elektronisk-darttavla-set-led-display-automatisk-poangljudeffekt-6-pilar-24-darthuvuden-27-spel-243\/","url":"https:\/\/truusk.store\/sv\/produkt\/truusk-elektronisk-darttavla-set-led-display-automatisk-poangljudeffekt-6-pilar-24-darthuvuden-27-spel-243\/","name":"TRUUSK Elektronisk Darttavla Set - LED-display - Automatisk Po\u00e4ngljudeffekt - 6 Pilar - 24 Darthuvuden - 27 Spel - 243 - TRUUSK - Hem, Tr\u00e4dg\u00e5rd &amp; Fritid","isPartOf":{"@id":"https:\/\/truusk.store\/sv\/#website"},"primaryImageOfPage":{"@id":"https:\/\/truusk.store\/sv\/produkt\/truusk-elektronisk-darttavla-set-led-display-automatisk-poangljudeffekt-6-pilar-24-darthuvuden-27-spel-243\/#primaryimage"},"image":{"@id":"https:\/\/truusk.store\/sv\/produkt\/truusk-elektronisk-darttavla-set-led-display-automatisk-poangljudeffekt-6-pilar-24-darthuvuden-27-spel-243\/#primaryimage"},"thumbnailUrl":"https:\/\/i0.wp.com\/truusk.store\/wp-content\/uploads\/2024\/02\/elektronisk-darttavla-darttavla-set-med-led-display-med-automatisk-poangljudeffekt-6-pilar-24-darthuvuden-27-spel-och-243-traffalternativ-for-16-spelare-44-x-515-x-32-cm.webp?fit=800%2C800&ssl=1","datePublished":"2024-02-13T15:13:32+00:00","dateModified":"2026-03-12T08:04:06+00:00","breadcrumb":{"@id":"https:\/\/truusk.store\/sv\/produkt\/truusk-elektronisk-darttavla-set-led-display-automatisk-poangljudeffekt-6-pilar-24-darthuvuden-27-spel-243\/#breadcrumb"},"inLanguage":"sv-SE","potentialAction":[{"@type":"ReadAction","target":["https:\/\/truusk.store\/sv\/produkt\/truusk-elektronisk-darttavla-set-led-display-automatisk-poangljudeffekt-6-pilar-24-darthuvuden-27-spel-243\/"]}]},{"@type":"ImageObject","inLanguage":"sv-SE","@id":"https:\/\/truusk.store\/sv\/produkt\/truusk-elektronisk-darttavla-set-led-display-automatisk-poangljudeffekt-6-pilar-24-darthuvuden-27-spel-243\/#primaryimage","url":"https:\/\/i0.wp.com\/truusk.store\/wp-content\/uploads\/2024\/02\/elektronisk-darttavla-darttavla-set-med-led-display-med-automatisk-poangljudeffekt-6-pilar-24-darthuvuden-27-spel-och-243-traffalternativ-for-16-spelare-44-x-515-x-32-cm.webp?fit=800%2C800&ssl=1","contentUrl":"https:\/\/i0.wp.com\/truusk.store\/wp-content\/uploads\/2024\/02\/elektronisk-darttavla-darttavla-set-med-led-display-med-automatisk-poangljudeffekt-6-pilar-24-darthuvuden-27-spel-och-243-traffalternativ-for-16-spelare-44-x-515-x-32-cm.webp?fit=800%2C800&ssl=1","width":800,"height":800,"caption":"Elektronisk Darttavla Darttavla Set Med LED-display Med Automatisk Po\u00e4ngljudeffekt 6 Pilar 24 Darthuvuden 27 Spel Och 243 Tr\u00e4ffalternativ F\u00f6r 16 Spelare 44 X 51,5 X 3,2 Cm 1"},{"@type":"BreadcrumbList","@id":"https:\/\/truusk.store\/sv\/produkt\/truusk-elektronisk-darttavla-set-led-display-automatisk-poangljudeffekt-6-pilar-24-darthuvuden-27-spel-243\/#breadcrumb","itemListElement":[{"@type":"ListItem","position":1,"name":"Home","item":"https:\/\/truusk.store\/sv\/"},{"@type":"ListItem","position":2,"name":"Shop","item":"https:\/\/truusk.store\/shop\/"},{"@type":"ListItem","position":3,"name":"TRUUSK Elektronisk Darttavla Set &#8211; LED-display &#8211; Automatisk Po\u00e4ngljudeffekt &#8211; 6 Pilar &#8211; 24 Darthuvuden &#8211; 27 Spel &#8211; 243"}]},{"@type":"WebSite","@id":"https:\/\/truusk.store\/sv\/#website","url":"https:\/\/truusk.store\/sv\/","name":"TRUUSK - Hem, Tr\u00e4dg\u00e5rd & Fritid","description":"","publisher":{"@id":"https:\/\/truusk.store\/sv\/#organization"},"potentialAction":[{"@type":"SearchAction","target":{"@type":"EntryPoint","urlTemplate":"https:\/\/truusk.store\/sv\/?s={search_term_string}"},"query-input":{"@type":"PropertyValueSpecification","valueRequired":true,"valueName":"search_term_string"}}],"inLanguage":"sv-SE"},{"@type":"Organization","@id":"https:\/\/truusk.store\/sv\/#organization","name":"TRUUSK - Hem, Tr\u00e4dg\u00e5rd & Fritid","url":"https:\/\/truusk.store\/sv\/","logo":{"@type":"ImageObject","inLanguage":"sv-SE","@id":"https:\/\/truusk.store\/sv\/#\/schema\/logo\/image\/","url":"https:\/\/i0.wp.com\/truusk.store\/wp-content\/uploads\/2026\/03\/cropped-TRUUSK.png?fit=2032%2C917&ssl=1","contentUrl":"https:\/\/i0.wp.com\/truusk.store\/wp-content\/uploads\/2026\/03\/cropped-TRUUSK.png?fit=2032%2C917&ssl=1","width":2032,"height":917,"caption":"TRUUSK - Hem, Tr\u00e4dg\u00e5rd & Fritid"},"image":{"@id":"https:\/\/truusk.store\/sv\/#\/schema\/logo\/image\/"}}]}},"jetpack_sharing_enabled":true,"_links":{"self":[{"href":"https:\/\/truusk.store\/sv\/wp-json\/wp\/v2\/product\/22115","targetHints":{"allow":["GET"]}}],"collection":[{"href":"https:\/\/truusk.store\/sv\/wp-json\/wp\/v2\/product"}],"about":[{"href":"https:\/\/truusk.store\/sv\/wp-json\/wp\/v2\/types\/product"}],"wp:featuredmedia":[{"embeddable":true,"href":"https:\/\/truusk.store\/sv\/wp-json\/wp\/v2\/media\/22116"}],"wp:attachment":[{"href":"https:\/\/truusk.store\/sv\/wp-json\/wp\/v2\/media?parent=22115"}],"wp:term":[{"taxonomy":"product_brand","embeddable":true,"href":"https:\/\/truusk.store\/sv\/wp-json\/wp\/v2\/product_brand?post=22115"},{"taxonomy":"product_cat","embeddable":true,"href":"https:\/\/truusk.store\/sv\/wp-json\/wp\/v2\/product_cat?post=22115"},{"taxonomy":"product_tag","embeddable":true,"href":"https:\/\/truusk.store\/sv\/wp-json\/wp\/v2\/product_tag?post=22115"}],"curies":[{"name":"wp","href":"https:\/\/api.w.org\/{rel}","templated":true}]}}