{"id":22127,"date":"2024-02-13T16:13:53","date_gmt":"2024-02-13T15:13:53","guid":{"rendered":"https:\/\/truusk.store\/product\/tradgardsbro-trabro-tragang-dammbro-dekorativ-bro-med-racken-upp-till-180-kg-naturligt-grantra-1525-x-67-x-48-cm\/"},"modified":"2026-03-12T09:04:07","modified_gmt":"2026-03-12T08:04:07","slug":"truusk-tradgardsbro-av-naturligt-grantra-dekorativ-bro-med-racken-upp-till-180-kg-1525-x-67-x-48-cm","status":"publish","type":"product","link":"https:\/\/truusk.store\/sv\/produkt\/truusk-tradgardsbro-av-naturligt-grantra-dekorativ-bro-med-racken-upp-till-180-kg-1525-x-67-x-48-cm\/","title":{"rendered":"TRUUSK Tr\u00e4dg\u00e5rdsbro av Naturligt Grantr\u00e4 &#8211; Dekorativ Bro med R\u00e4cken &#8211; Upp till 180 kg &#8211; 152,5 x 67 x 48 cm"},"content":{"rendered":"<p>Denna tr\u00e4bro med r\u00e4cken \u00e4r idealisk som ett dekorativt men praktiskt element f\u00f6r att anl\u00e4gga din tr\u00e4dg\u00e5rd. Kombinera dem med en damm eller liten b\u00e4ck och ge din tr\u00e4dg\u00e5rd en extra dimension genom att designa p\u00e5 flera niv\u00e5er. Det massiva grantr\u00e4et \u00e4r inte bara naturligt vackert, utan ocks\u00e5 v\u00e4derbest\u00e4ndigt och h\u00e5llbart. Njut av denna klassiska design som kompletterar den naturliga omgivningen snarare \u00e4n att \u00f6vermanna dem. G\u00f6r din tr\u00e4dg\u00e5rd till ett pittoreskt landskap med denna tr\u00e4dg\u00e5rdsbro!<\/p>\n<h3>Beskrivning:<\/h3>\n<ul>\n<li>Tillverkad av massiv gran: kan h\u00e5lla upp till 180 kg<\/li>\n<li>Dekorativt och funktionellt<\/li>\n<li>Klassisk b\u00f6jd design<\/li>\n<li>B\u00f6jt r\u00e4cke med 3 stolpar f\u00f6r elegans och s\u00e4kerhet<\/li>\n<li>V\u00e4derbest\u00e4ndig och h\u00e5llbar<\/li>\n<li>Enkel och snabb montering<\/li>\n<\/ul>\n<h3>Teknisk data:<\/h3>\n<ul>\n<li>Material: gran<\/li>\n<li>F\u00e4rg: Naturlig<\/li>\n<li>Vikt: 15 kg<\/li>\n<li>\u00d6vergripande m\u00e5tt: L152,5 x B67 x H48 cm<\/li>\n<li>Bryggans m\u00e5tt: L152,5 x B67 cm<\/li>\n<li>R\u00e4ckesm\u00e5tt: L105 x H45 cm<\/li>\n<li>Avst\u00e5nd mellan stolparna: 43,6 cm<\/li>\n<li>Max lastkapacitet: 181 kg<\/li>\n<\/ul>\n<h3>Leveransens omfattning:<\/h3>\n<ul>\n<li>1 x tr\u00e4dg\u00e5rdsbro;<\/li>\n<\/ul>\n","protected":false},"excerpt":{"rendered":"<p>Denna tr\u00e4bro med r\u00e4cken \u00e4r idealisk som ett dekorativt men praktiskt element f\u00f6r att anl\u00e4gga din tr\u00e4dg\u00e5rd. Kombinera dem med&#8230;<\/p>\n","protected":false},"featured_media":22128,"template":"","meta":[],"product_brand":[],"product_cat":[435,470,464],"product_tag":[],"class_list":{"0":"post-22127","1":"product","2":"type-product","3":"status-publish","4":"has-post-thumbnail","6":"product_cat-tradgard-och-terrass","7":"product_cat-tradgardsbroar","8":"product_cat-tradgardsdekoration","10":"first","11":"instock","12":"sale","13":"taxable","14":"shipping-taxable","15":"purchasable","16":"product-type-simple"},"yoast_head":"<!-- This site is optimized with the Yoast SEO plugin v25.4 - https:\/\/yoast.com\/wordpress\/plugins\/seo\/ -->\n<title>TRUUSK Tr\u00e4dg\u00e5rdsbro av Naturligt Grantr\u00e4 - Dekorativ Bro med R\u00e4cken - Upp till 180 kg - 152,5 x 67 x 48 cm - TRUUSK - Hem, Tr\u00e4dg\u00e5rd &amp; Fritid<\/title>\n<meta name=\"robots\" content=\"index, follow, max-snippet:-1, max-image-preview:large, max-video-preview:-1\" \/>\n<link rel=\"canonical\" href=\"https:\/\/truusk.store\/sv\/produkt\/truusk-tradgardsbro-av-naturligt-grantra-dekorativ-bro-med-racken-upp-till-180-kg-1525-x-67-x-48-cm\/\" \/>\n<meta property=\"og:locale\" content=\"sv_SE\" \/>\n<meta property=\"og:type\" content=\"article\" \/>\n<meta property=\"og:title\" content=\"TRUUSK Tr\u00e4dg\u00e5rdsbro av Naturligt Grantr\u00e4 - Dekorativ Bro med R\u00e4cken - Upp till 180 kg - 152,5 x 67 x 48 cm - TRUUSK - Hem, Tr\u00e4dg\u00e5rd &amp; Fritid\" \/>\n<meta property=\"og:description\" content=\"Denna tr\u00e4bro med r\u00e4cken \u00e4r idealisk som ett dekorativt men praktiskt element f\u00f6r att anl\u00e4gga din tr\u00e4dg\u00e5rd. Kombinera dem med...\" \/>\n<meta property=\"og:url\" content=\"https:\/\/truusk.store\/sv\/produkt\/truusk-tradgardsbro-av-naturligt-grantra-dekorativ-bro-med-racken-upp-till-180-kg-1525-x-67-x-48-cm\/\" \/>\n<meta property=\"og:site_name\" content=\"TRUUSK - Hem, Tr\u00e4dg\u00e5rd &amp; Fritid\" \/>\n<meta property=\"article:modified_time\" content=\"2026-03-12T08:04:07+00:00\" \/>\n<meta property=\"og:image\" content=\"https:\/\/i0.wp.com\/truusk.se\/wp-content\/uploads\/2024\/02\/tradgardsbro-trabro-tragang-dammbro-dekorativ-bro-med-racken-upp-till-180-kg-naturligt-grantra-1525-x-67-x-48-cm.webp?fit=800%2C800&ssl=1\" \/>\n\t<meta property=\"og:image:width\" content=\"800\" \/>\n\t<meta property=\"og:image:height\" content=\"800\" \/>\n\t<meta property=\"og:image:type\" content=\"image\/webp\" \/>\n<meta name=\"twitter:card\" content=\"summary_large_image\" \/>\n<meta name=\"twitter:label1\" content=\"Ber\u00e4knad l\u00e4stid\" \/>\n\t<meta name=\"twitter:data1\" content=\"1 minut\" \/>\n<!-- \/ Yoast SEO plugin. -->","yoast_head_json":{"title":"TRUUSK Tr\u00e4dg\u00e5rdsbro av Naturligt Grantr\u00e4 - Dekorativ Bro med R\u00e4cken - Upp till 180 kg - 152,5 x 67 x 48 cm - TRUUSK - Hem, Tr\u00e4dg\u00e5rd &amp; Fritid","robots":{"index":"index","follow":"follow","max-snippet":"max-snippet:-1","max-image-preview":"max-image-preview:large","max-video-preview":"max-video-preview:-1"},"canonical":"https:\/\/truusk.store\/sv\/produkt\/truusk-tradgardsbro-av-naturligt-grantra-dekorativ-bro-med-racken-upp-till-180-kg-1525-x-67-x-48-cm\/","og_locale":"sv_SE","og_type":"article","og_title":"TRUUSK Tr\u00e4dg\u00e5rdsbro av Naturligt Grantr\u00e4 - Dekorativ Bro med R\u00e4cken - Upp till 180 kg - 152,5 x 67 x 48 cm - TRUUSK - Hem, Tr\u00e4dg\u00e5rd &amp; Fritid","og_description":"Denna tr\u00e4bro med r\u00e4cken \u00e4r idealisk som ett dekorativt men praktiskt element f\u00f6r att anl\u00e4gga din tr\u00e4dg\u00e5rd. Kombinera dem med...","og_url":"https:\/\/truusk.store\/sv\/produkt\/truusk-tradgardsbro-av-naturligt-grantra-dekorativ-bro-med-racken-upp-till-180-kg-1525-x-67-x-48-cm\/","og_site_name":"TRUUSK - Hem, Tr\u00e4dg\u00e5rd &amp; Fritid","article_modified_time":"2026-03-12T08:04:07+00:00","og_image":[{"width":800,"height":800,"url":"https:\/\/i0.wp.com\/truusk.se\/wp-content\/uploads\/2024\/02\/tradgardsbro-trabro-tragang-dammbro-dekorativ-bro-med-racken-upp-till-180-kg-naturligt-grantra-1525-x-67-x-48-cm.webp?fit=800%2C800&ssl=1","type":"image\/webp"}],"twitter_card":"summary_large_image","twitter_misc":{"Ber\u00e4knad l\u00e4stid":"1 minut"},"schema":{"@context":"https:\/\/schema.org","@graph":[{"@type":"WebPage","@id":"https:\/\/truusk.store\/sv\/produkt\/truusk-tradgardsbro-av-naturligt-grantra-dekorativ-bro-med-racken-upp-till-180-kg-1525-x-67-x-48-cm\/","url":"https:\/\/truusk.store\/sv\/produkt\/truusk-tradgardsbro-av-naturligt-grantra-dekorativ-bro-med-racken-upp-till-180-kg-1525-x-67-x-48-cm\/","name":"TRUUSK Tr\u00e4dg\u00e5rdsbro av Naturligt Grantr\u00e4 - Dekorativ Bro med R\u00e4cken - Upp till 180 kg - 152,5 x 67 x 48 cm - TRUUSK - Hem, Tr\u00e4dg\u00e5rd &amp; Fritid","isPartOf":{"@id":"https:\/\/truusk.store\/sv\/#website"},"primaryImageOfPage":{"@id":"https:\/\/truusk.store\/sv\/produkt\/truusk-tradgardsbro-av-naturligt-grantra-dekorativ-bro-med-racken-upp-till-180-kg-1525-x-67-x-48-cm\/#primaryimage"},"image":{"@id":"https:\/\/truusk.store\/sv\/produkt\/truusk-tradgardsbro-av-naturligt-grantra-dekorativ-bro-med-racken-upp-till-180-kg-1525-x-67-x-48-cm\/#primaryimage"},"thumbnailUrl":"https:\/\/i0.wp.com\/truusk.store\/wp-content\/uploads\/2024\/02\/tradgardsbro-trabro-tragang-dammbro-dekorativ-bro-med-racken-upp-till-180-kg-naturligt-grantra-1525-x-67-x-48-cm.webp?fit=800%2C800&ssl=1","datePublished":"2024-02-13T15:13:53+00:00","dateModified":"2026-03-12T08:04:07+00:00","breadcrumb":{"@id":"https:\/\/truusk.store\/sv\/produkt\/truusk-tradgardsbro-av-naturligt-grantra-dekorativ-bro-med-racken-upp-till-180-kg-1525-x-67-x-48-cm\/#breadcrumb"},"inLanguage":"sv-SE","potentialAction":[{"@type":"ReadAction","target":["https:\/\/truusk.store\/sv\/produkt\/truusk-tradgardsbro-av-naturligt-grantra-dekorativ-bro-med-racken-upp-till-180-kg-1525-x-67-x-48-cm\/"]}]},{"@type":"ImageObject","inLanguage":"sv-SE","@id":"https:\/\/truusk.store\/sv\/produkt\/truusk-tradgardsbro-av-naturligt-grantra-dekorativ-bro-med-racken-upp-till-180-kg-1525-x-67-x-48-cm\/#primaryimage","url":"https:\/\/i0.wp.com\/truusk.store\/wp-content\/uploads\/2024\/02\/tradgardsbro-trabro-tragang-dammbro-dekorativ-bro-med-racken-upp-till-180-kg-naturligt-grantra-1525-x-67-x-48-cm.webp?fit=800%2C800&ssl=1","contentUrl":"https:\/\/i0.wp.com\/truusk.store\/wp-content\/uploads\/2024\/02\/tradgardsbro-trabro-tragang-dammbro-dekorativ-bro-med-racken-upp-till-180-kg-naturligt-grantra-1525-x-67-x-48-cm.webp?fit=800%2C800&ssl=1","width":800,"height":800,"caption":"Tr\u00e4dg\u00e5rdsbro, Tr\u00e4bro, Tr\u00e4g\u00e5ng, Dammbro, Dekorativ Bro Med R\u00e4cken Upp Till 180 Kg, Naturligt Grantr\u00e4, 152,5 X 67 X 48 Cm 1"},{"@type":"BreadcrumbList","@id":"https:\/\/truusk.store\/sv\/produkt\/truusk-tradgardsbro-av-naturligt-grantra-dekorativ-bro-med-racken-upp-till-180-kg-1525-x-67-x-48-cm\/#breadcrumb","itemListElement":[{"@type":"ListItem","position":1,"name":"Home","item":"https:\/\/truusk.store\/sv\/"},{"@type":"ListItem","position":2,"name":"Shop","item":"https:\/\/truusk.store\/shop\/"},{"@type":"ListItem","position":3,"name":"TRUUSK Tr\u00e4dg\u00e5rdsbro av Naturligt Grantr\u00e4 &#8211; Dekorativ Bro med R\u00e4cken &#8211; Upp till 180 kg &#8211; 152,5 x 67 x 48 cm"}]},{"@type":"WebSite","@id":"https:\/\/truusk.store\/sv\/#website","url":"https:\/\/truusk.store\/sv\/","name":"TRUUSK - Hem, Tr\u00e4dg\u00e5rd & Fritid","description":"","publisher":{"@id":"https:\/\/truusk.store\/sv\/#organization"},"potentialAction":[{"@type":"SearchAction","target":{"@type":"EntryPoint","urlTemplate":"https:\/\/truusk.store\/sv\/?s={search_term_string}"},"query-input":{"@type":"PropertyValueSpecification","valueRequired":true,"valueName":"search_term_string"}}],"inLanguage":"sv-SE"},{"@type":"Organization","@id":"https:\/\/truusk.store\/sv\/#organization","name":"TRUUSK - Hem, Tr\u00e4dg\u00e5rd & Fritid","url":"https:\/\/truusk.store\/sv\/","logo":{"@type":"ImageObject","inLanguage":"sv-SE","@id":"https:\/\/truusk.store\/sv\/#\/schema\/logo\/image\/","url":"https:\/\/i0.wp.com\/truusk.store\/wp-content\/uploads\/2026\/03\/cropped-TRUUSK.png?fit=2032%2C917&ssl=1","contentUrl":"https:\/\/i0.wp.com\/truusk.store\/wp-content\/uploads\/2026\/03\/cropped-TRUUSK.png?fit=2032%2C917&ssl=1","width":2032,"height":917,"caption":"TRUUSK - Hem, Tr\u00e4dg\u00e5rd & Fritid"},"image":{"@id":"https:\/\/truusk.store\/sv\/#\/schema\/logo\/image\/"}}]}},"jetpack_sharing_enabled":true,"_links":{"self":[{"href":"https:\/\/truusk.store\/sv\/wp-json\/wp\/v2\/product\/22127","targetHints":{"allow":["GET"]}}],"collection":[{"href":"https:\/\/truusk.store\/sv\/wp-json\/wp\/v2\/product"}],"about":[{"href":"https:\/\/truusk.store\/sv\/wp-json\/wp\/v2\/types\/product"}],"wp:featuredmedia":[{"embeddable":true,"href":"https:\/\/truusk.store\/sv\/wp-json\/wp\/v2\/media\/22128"}],"wp:attachment":[{"href":"https:\/\/truusk.store\/sv\/wp-json\/wp\/v2\/media?parent=22127"}],"wp:term":[{"taxonomy":"product_brand","embeddable":true,"href":"https:\/\/truusk.store\/sv\/wp-json\/wp\/v2\/product_brand?post=22127"},{"taxonomy":"product_cat","embeddable":true,"href":"https:\/\/truusk.store\/sv\/wp-json\/wp\/v2\/product_cat?post=22127"},{"taxonomy":"product_tag","embeddable":true,"href":"https:\/\/truusk.store\/sv\/wp-json\/wp\/v2\/product_tag?post=22127"}],"curies":[{"name":"wp","href":"https:\/\/api.w.org\/{rel}","templated":true}]}}