{"id":22162,"date":"2024-02-13T16:14:54","date_gmt":"2024-02-13T15:14:54","guid":{"rendered":"https:\/\/truusk.store\/product\/kattstol-kattvaggstol-kattsang-katthylla-vaggfaste-plyschdyna-mdf\/"},"modified":"2026-03-12T09:04:07","modified_gmt":"2026-03-12T08:04:07","slug":"truusk-kattstol-kattvaggstol-kattsang-katthylla-vaggfaste-plyschdyna-mdf","status":"publish","type":"product","link":"https:\/\/truusk.store\/sv\/produkt\/truusk-kattstol-kattvaggstol-kattsang-katthylla-vaggfaste-plyschdyna-mdf\/","title":{"rendered":"TRUUSK Kattstol &#8211; Kattv\u00e4ggstol &#8211; Katts\u00e4ng &#8211; Katthylla &#8211; V\u00e4ggf\u00e4ste &#8211; Plyschdyna MDF"},"content":{"rendered":"<p>Sova, spinna, busa runt: I den v\u00e4ggmonterade kattbr\u00e4dan hittar din katt allt som kattens hj\u00e4rta \u00f6nskar. Den l\u00e4tt b\u00f6jda designen och den mjuka plyschkudden g\u00f6r kattstolen till en perfekt, h\u00f6gt uppe viloplats. Du kan ocks\u00e5 installera flera katts\u00e4ngar p\u00e5 olika h\u00f6jder, vilket uppmuntrar din katt att hoppa och leka \u00e4nnu mer.<\/p>\n<h3>Beskrivning:<\/h3>\n<ul>\n<li>Kan f\u00e4stas p\u00e5 v\u00e4ggen i valfri h\u00f6jd<\/li>\n<li>Kudde gjord av mjukt skum och fluffig plysch<\/li>\n<li>N\u00e5got b\u00f6jd botten<\/li>\n<li>Fungerar som en plats att sova och vila p\u00e5, en skrapstolpe och en lekplats i ett<\/li>\n<li>Tillverkad av h\u00f6gkvalitativ och robust MDF klass E1<\/li>\n<li>Enkel konstruktion<\/li>\n<\/ul>\n<h3>Teknisk data:<\/h3>\n<ul>\n<li>Material: E1 klass MDF, skum, plysch<\/li>\n<li>F\u00e4rg brun<\/li>\n<li>\u00d6vergripande m\u00e5tt: 41L x 28W x 21H cm<\/li>\n<li>Vikt: 2kg<\/li>\n<li>Max belastning: 4,5 kg<\/li>\n<\/ul>\n<h3>Leveransens omfattning:<\/h3>\n<ul>\n<li>1 x katts\u00e4ng<\/li>\n<li>Tillbeh\u00f6r<\/li>\n<li>1 x Monteringsanvisning<\/li>\n<\/ul>\n","protected":false},"excerpt":{"rendered":"<p>Sova, spinna, busa runt: I den v\u00e4ggmonterade kattbr\u00e4dan hittar din katt allt som kattens hj\u00e4rta \u00f6nskar. Den l\u00e4tt b\u00f6jda designen&#8230;<\/p>\n","protected":false},"featured_media":22163,"template":"","meta":[],"product_brand":[],"product_cat":[573,590,588],"product_tag":[],"class_list":{"0":"post-22162","1":"product","2":"type-product","3":"status-publish","4":"has-post-thumbnail","6":"product_cat-husdjursmaterial","7":"product_cat-kattgrottor-kattsangar","8":"product_cat-katttillbehor","10":"first","11":"instock","12":"sale","13":"taxable","14":"shipping-taxable","15":"purchasable","16":"product-type-simple"},"yoast_head":"<!-- This site is optimized with the Yoast SEO plugin v25.4 - https:\/\/yoast.com\/wordpress\/plugins\/seo\/ -->\n<title>TRUUSK Kattstol - Kattv\u00e4ggstol - Katts\u00e4ng - Katthylla - V\u00e4ggf\u00e4ste - Plyschdyna MDF - TRUUSK - Hem, Tr\u00e4dg\u00e5rd &amp; Fritid<\/title>\n<meta name=\"robots\" content=\"index, follow, max-snippet:-1, max-image-preview:large, max-video-preview:-1\" \/>\n<link rel=\"canonical\" href=\"https:\/\/truusk.store\/sv\/produkt\/truusk-kattstol-kattvaggstol-kattsang-katthylla-vaggfaste-plyschdyna-mdf\/\" \/>\n<meta property=\"og:locale\" content=\"sv_SE\" \/>\n<meta property=\"og:type\" content=\"article\" \/>\n<meta property=\"og:title\" content=\"TRUUSK Kattstol - Kattv\u00e4ggstol - Katts\u00e4ng - Katthylla - V\u00e4ggf\u00e4ste - Plyschdyna MDF - TRUUSK - Hem, Tr\u00e4dg\u00e5rd &amp; Fritid\" \/>\n<meta property=\"og:description\" content=\"Sova, spinna, busa runt: I den v\u00e4ggmonterade kattbr\u00e4dan hittar din katt allt som kattens hj\u00e4rta \u00f6nskar. Den l\u00e4tt b\u00f6jda designen...\" \/>\n<meta property=\"og:url\" content=\"https:\/\/truusk.store\/sv\/produkt\/truusk-kattstol-kattvaggstol-kattsang-katthylla-vaggfaste-plyschdyna-mdf\/\" \/>\n<meta property=\"og:site_name\" content=\"TRUUSK - Hem, Tr\u00e4dg\u00e5rd &amp; Fritid\" \/>\n<meta property=\"article:modified_time\" content=\"2026-03-12T08:04:07+00:00\" \/>\n<meta property=\"og:image\" content=\"https:\/\/i0.wp.com\/truusk.se\/wp-content\/uploads\/2024\/02\/kattstol-kattvaggstol-kattsang-katthylla-vaggfaste-plyschdyna-mdf.webp?fit=800%2C800&ssl=1\" \/>\n\t<meta property=\"og:image:width\" content=\"800\" \/>\n\t<meta property=\"og:image:height\" content=\"800\" \/>\n\t<meta property=\"og:image:type\" content=\"image\/webp\" \/>\n<meta name=\"twitter:card\" content=\"summary_large_image\" \/>\n<meta name=\"twitter:label1\" content=\"Ber\u00e4knad l\u00e4stid\" \/>\n\t<meta name=\"twitter:data1\" content=\"1 minut\" \/>\n<!-- \/ Yoast SEO plugin. -->","yoast_head_json":{"title":"TRUUSK Kattstol - Kattv\u00e4ggstol - Katts\u00e4ng - Katthylla - V\u00e4ggf\u00e4ste - Plyschdyna MDF - TRUUSK - Hem, Tr\u00e4dg\u00e5rd &amp; Fritid","robots":{"index":"index","follow":"follow","max-snippet":"max-snippet:-1","max-image-preview":"max-image-preview:large","max-video-preview":"max-video-preview:-1"},"canonical":"https:\/\/truusk.store\/sv\/produkt\/truusk-kattstol-kattvaggstol-kattsang-katthylla-vaggfaste-plyschdyna-mdf\/","og_locale":"sv_SE","og_type":"article","og_title":"TRUUSK Kattstol - Kattv\u00e4ggstol - Katts\u00e4ng - Katthylla - V\u00e4ggf\u00e4ste - Plyschdyna MDF - TRUUSK - Hem, Tr\u00e4dg\u00e5rd &amp; Fritid","og_description":"Sova, spinna, busa runt: I den v\u00e4ggmonterade kattbr\u00e4dan hittar din katt allt som kattens hj\u00e4rta \u00f6nskar. Den l\u00e4tt b\u00f6jda designen...","og_url":"https:\/\/truusk.store\/sv\/produkt\/truusk-kattstol-kattvaggstol-kattsang-katthylla-vaggfaste-plyschdyna-mdf\/","og_site_name":"TRUUSK - Hem, Tr\u00e4dg\u00e5rd &amp; Fritid","article_modified_time":"2026-03-12T08:04:07+00:00","og_image":[{"width":800,"height":800,"url":"https:\/\/i0.wp.com\/truusk.se\/wp-content\/uploads\/2024\/02\/kattstol-kattvaggstol-kattsang-katthylla-vaggfaste-plyschdyna-mdf.webp?fit=800%2C800&ssl=1","type":"image\/webp"}],"twitter_card":"summary_large_image","twitter_misc":{"Ber\u00e4knad l\u00e4stid":"1 minut"},"schema":{"@context":"https:\/\/schema.org","@graph":[{"@type":"WebPage","@id":"https:\/\/truusk.store\/sv\/produkt\/truusk-kattstol-kattvaggstol-kattsang-katthylla-vaggfaste-plyschdyna-mdf\/","url":"https:\/\/truusk.store\/sv\/produkt\/truusk-kattstol-kattvaggstol-kattsang-katthylla-vaggfaste-plyschdyna-mdf\/","name":"TRUUSK Kattstol - Kattv\u00e4ggstol - Katts\u00e4ng - Katthylla - V\u00e4ggf\u00e4ste - Plyschdyna MDF - TRUUSK - Hem, Tr\u00e4dg\u00e5rd &amp; Fritid","isPartOf":{"@id":"https:\/\/truusk.store\/sv\/#website"},"primaryImageOfPage":{"@id":"https:\/\/truusk.store\/sv\/produkt\/truusk-kattstol-kattvaggstol-kattsang-katthylla-vaggfaste-plyschdyna-mdf\/#primaryimage"},"image":{"@id":"https:\/\/truusk.store\/sv\/produkt\/truusk-kattstol-kattvaggstol-kattsang-katthylla-vaggfaste-plyschdyna-mdf\/#primaryimage"},"thumbnailUrl":"https:\/\/i0.wp.com\/truusk.store\/wp-content\/uploads\/2024\/02\/kattstol-kattvaggstol-kattsang-katthylla-vaggfaste-plyschdyna-mdf.webp?fit=800%2C800&ssl=1","datePublished":"2024-02-13T15:14:54+00:00","dateModified":"2026-03-12T08:04:07+00:00","breadcrumb":{"@id":"https:\/\/truusk.store\/sv\/produkt\/truusk-kattstol-kattvaggstol-kattsang-katthylla-vaggfaste-plyschdyna-mdf\/#breadcrumb"},"inLanguage":"sv-SE","potentialAction":[{"@type":"ReadAction","target":["https:\/\/truusk.store\/sv\/produkt\/truusk-kattstol-kattvaggstol-kattsang-katthylla-vaggfaste-plyschdyna-mdf\/"]}]},{"@type":"ImageObject","inLanguage":"sv-SE","@id":"https:\/\/truusk.store\/sv\/produkt\/truusk-kattstol-kattvaggstol-kattsang-katthylla-vaggfaste-plyschdyna-mdf\/#primaryimage","url":"https:\/\/i0.wp.com\/truusk.store\/wp-content\/uploads\/2024\/02\/kattstol-kattvaggstol-kattsang-katthylla-vaggfaste-plyschdyna-mdf.webp?fit=800%2C800&ssl=1","contentUrl":"https:\/\/i0.wp.com\/truusk.store\/wp-content\/uploads\/2024\/02\/kattstol-kattvaggstol-kattsang-katthylla-vaggfaste-plyschdyna-mdf.webp?fit=800%2C800&ssl=1","width":800,"height":800,"caption":"Kattstol, Kattv\u00e4ggstol, Katts\u00e4ng, Katthylla, V\u00e4ggf\u00e4ste, Plyschdyna MDF 1"},{"@type":"BreadcrumbList","@id":"https:\/\/truusk.store\/sv\/produkt\/truusk-kattstol-kattvaggstol-kattsang-katthylla-vaggfaste-plyschdyna-mdf\/#breadcrumb","itemListElement":[{"@type":"ListItem","position":1,"name":"Home","item":"https:\/\/truusk.store\/sv\/"},{"@type":"ListItem","position":2,"name":"Shop","item":"https:\/\/truusk.store\/shop\/"},{"@type":"ListItem","position":3,"name":"TRUUSK Kattstol &#8211; Kattv\u00e4ggstol &#8211; Katts\u00e4ng &#8211; Katthylla &#8211; V\u00e4ggf\u00e4ste &#8211; Plyschdyna MDF"}]},{"@type":"WebSite","@id":"https:\/\/truusk.store\/sv\/#website","url":"https:\/\/truusk.store\/sv\/","name":"TRUUSK - Hem, Tr\u00e4dg\u00e5rd & Fritid","description":"","publisher":{"@id":"https:\/\/truusk.store\/sv\/#organization"},"potentialAction":[{"@type":"SearchAction","target":{"@type":"EntryPoint","urlTemplate":"https:\/\/truusk.store\/sv\/?s={search_term_string}"},"query-input":{"@type":"PropertyValueSpecification","valueRequired":true,"valueName":"search_term_string"}}],"inLanguage":"sv-SE"},{"@type":"Organization","@id":"https:\/\/truusk.store\/sv\/#organization","name":"TRUUSK - Hem, Tr\u00e4dg\u00e5rd & Fritid","url":"https:\/\/truusk.store\/sv\/","logo":{"@type":"ImageObject","inLanguage":"sv-SE","@id":"https:\/\/truusk.store\/sv\/#\/schema\/logo\/image\/","url":"https:\/\/i0.wp.com\/truusk.store\/wp-content\/uploads\/2026\/03\/cropped-TRUUSK.png?fit=2032%2C917&ssl=1","contentUrl":"https:\/\/i0.wp.com\/truusk.store\/wp-content\/uploads\/2026\/03\/cropped-TRUUSK.png?fit=2032%2C917&ssl=1","width":2032,"height":917,"caption":"TRUUSK - Hem, Tr\u00e4dg\u00e5rd & Fritid"},"image":{"@id":"https:\/\/truusk.store\/sv\/#\/schema\/logo\/image\/"}}]}},"jetpack_sharing_enabled":true,"_links":{"self":[{"href":"https:\/\/truusk.store\/sv\/wp-json\/wp\/v2\/product\/22162","targetHints":{"allow":["GET"]}}],"collection":[{"href":"https:\/\/truusk.store\/sv\/wp-json\/wp\/v2\/product"}],"about":[{"href":"https:\/\/truusk.store\/sv\/wp-json\/wp\/v2\/types\/product"}],"wp:featuredmedia":[{"embeddable":true,"href":"https:\/\/truusk.store\/sv\/wp-json\/wp\/v2\/media\/22163"}],"wp:attachment":[{"href":"https:\/\/truusk.store\/sv\/wp-json\/wp\/v2\/media?parent=22162"}],"wp:term":[{"taxonomy":"product_brand","embeddable":true,"href":"https:\/\/truusk.store\/sv\/wp-json\/wp\/v2\/product_brand?post=22162"},{"taxonomy":"product_cat","embeddable":true,"href":"https:\/\/truusk.store\/sv\/wp-json\/wp\/v2\/product_cat?post=22162"},{"taxonomy":"product_tag","embeddable":true,"href":"https:\/\/truusk.store\/sv\/wp-json\/wp\/v2\/product_tag?post=22162"}],"curies":[{"name":"wp","href":"https:\/\/api.w.org\/{rel}","templated":true}]}}