{"id":22300,"date":"2024-02-13T16:19:18","date_gmt":"2024-02-13T15:19:18","guid":{"rendered":"https:\/\/truusk.store\/product\/baddsoffa-med-armstod-3-i-1-baddsoffa-gastsang-hopfallbar-madrass-hopfallbar-sang-schaslong-multifunktionell-linneliknande-polyestergra-65-x-69-x-80-cm\/"},"modified":"2026-03-12T09:04:12","modified_gmt":"2026-03-12T08:04:12","slug":"truusk-baddsoffa-med-armstod-3-i-1-gastsang-hopfallbar-madrass-schaslong-multifunktionell-gra-65-x-69-x-80-cm","status":"publish","type":"product","link":"https:\/\/truusk.store\/sv\/produkt\/truusk-baddsoffa-med-armstod-3-i-1-gastsang-hopfallbar-madrass-schaslong-multifunktionell-gra-65-x-69-x-80-cm\/","title":{"rendered":"TRUUSK B\u00e4ddsoffa Med Armst\u00f6d 3-i-1 &#8211; G\u00e4sts\u00e4ng &#8211; Hopf\u00e4llbar Madrass &#8211; Sch\u00e4slong &#8211; Multifunktionell &#8211; Gr\u00e5 &#8211; 65 x 69 x 80 cm"},"content":{"rendered":"<p>Denna b\u00e4ddsoffa \u00e4r perfekt f\u00f6r ditt vardagsrum, arbetsrum eller sovrum. Det femv\u00e4gs justerbara ryggst\u00f6det erbjuder en m\u00e4ngd olika justeringsm\u00f6jligheter f\u00f6r att hitta den perfekta, avslappnade sittst\u00e4llningen. Denna stol f\u00f6rvandlas snabbt och enkelt fr\u00e5n stol till s\u00e4ng, perfekt f\u00f6r tupplurar eller objudna g\u00e4ster. En robust metallram och ett mjukt mockaskal s\u00e4kerst\u00e4ller bekv\u00e4m sitt-, ligg- och sovkomfort<\/p>\n<h3>Beskrivning:<\/h3>\n<ul>\n<li>Kan anv\u00e4ndas som soffstol, solstol och s\u00e4ng<\/li>\n<li>Ryggst\u00f6dets vinkel kan justeras till 5 niv\u00e5er<\/li>\n<li>Tjock vaddering f\u00f6r komfort<\/li>\n<li>Metallram f\u00f6r h\u00f6g stabilitet och l\u00e5ng livsl\u00e4ngd<\/li>\n<li>Inkluderar en kudde f\u00f6r att du ska k\u00e4nna dig mer bekv\u00e4m<\/li>\n<li>Armst\u00f6d i metall f\u00f6r extra komfort<\/li>\n<li>Kuddfodralet \u00e4r avtagbart f\u00f6r bekv\u00e4m tv\u00e4tt<\/li>\n<\/ul>\n<h3>Teknisk data:<\/h3>\n<ul>\n<li>Material: linneliknande polyester, metall, skum<\/li>\n<li>M\u00e5tt p\u00e5 soffa: L65 x B69 x H80 cm<\/li>\n<li>M\u00e5tt p\u00e5 s\u00e4ng: L185,5 x B60 x H25 cm<\/li>\n<li>Sitsstorlek: L60 x B60 cm<\/li>\n<li>H\u00f6jd p\u00e5 ryggst\u00f6d: 25-80 cm<\/li>\n<li>Kuddens storlek: L60 x B40 x H20 cm<\/li>\n<li>Max lastkapacitet: 100 kg<\/li>\n<li>F\u00e4rg: ljusgr\u00e5<\/li>\n<\/ul>\n<h3>Leveransens omfattning:<\/h3>\n<ul>\n<li>1 x b\u00e4ddsoffa<\/li>\n<li>1 x Monteringsanvisning<\/li>\n<\/ul>\n","protected":false},"excerpt":{"rendered":"<p>Denna b\u00e4ddsoffa \u00e4r perfekt f\u00f6r ditt vardagsrum, arbetsrum eller sovrum. Det femv\u00e4gs justerbara ryggst\u00f6det erbjuder en m\u00e4ngd olika justeringsm\u00f6jligheter f\u00f6r&#8230;<\/p>\n","protected":false},"featured_media":22301,"template":"","meta":[],"product_brand":[],"product_cat":[521,485,525],"product_tag":[],"class_list":{"0":"post-22300","1":"product","2":"type-product","3":"status-publish","4":"has-post-thumbnail","6":"product_cat-fatolj","7":"product_cat-hus-bo","8":"product_cat-sovstol","10":"first","11":"instock","12":"sale","13":"taxable","14":"shipping-taxable","15":"purchasable","16":"product-type-simple"},"yoast_head":"<!-- This site is optimized with the Yoast SEO plugin v25.4 - https:\/\/yoast.com\/wordpress\/plugins\/seo\/ -->\n<title>TRUUSK B\u00e4ddsoffa Med Armst\u00f6d 3-i-1 - G\u00e4sts\u00e4ng - Hopf\u00e4llbar Madrass - Sch\u00e4slong - Multifunktionell - Gr\u00e5 - 65 x 69 x 80 cm - TRUUSK - Hem, Tr\u00e4dg\u00e5rd &amp; Fritid<\/title>\n<meta name=\"robots\" content=\"index, follow, max-snippet:-1, max-image-preview:large, max-video-preview:-1\" \/>\n<link rel=\"canonical\" href=\"https:\/\/truusk.store\/sv\/produkt\/truusk-baddsoffa-med-armstod-3-i-1-gastsang-hopfallbar-madrass-schaslong-multifunktionell-gra-65-x-69-x-80-cm\/\" \/>\n<meta property=\"og:locale\" content=\"sv_SE\" \/>\n<meta property=\"og:type\" content=\"article\" \/>\n<meta property=\"og:title\" content=\"TRUUSK B\u00e4ddsoffa Med Armst\u00f6d 3-i-1 - G\u00e4sts\u00e4ng - Hopf\u00e4llbar Madrass - Sch\u00e4slong - Multifunktionell - Gr\u00e5 - 65 x 69 x 80 cm - TRUUSK - Hem, Tr\u00e4dg\u00e5rd &amp; Fritid\" \/>\n<meta property=\"og:description\" content=\"Denna b\u00e4ddsoffa \u00e4r perfekt f\u00f6r ditt vardagsrum, arbetsrum eller sovrum. Det femv\u00e4gs justerbara ryggst\u00f6det erbjuder en m\u00e4ngd olika justeringsm\u00f6jligheter f\u00f6r...\" \/>\n<meta property=\"og:url\" content=\"https:\/\/truusk.store\/sv\/produkt\/truusk-baddsoffa-med-armstod-3-i-1-gastsang-hopfallbar-madrass-schaslong-multifunktionell-gra-65-x-69-x-80-cm\/\" \/>\n<meta property=\"og:site_name\" content=\"TRUUSK - Hem, Tr\u00e4dg\u00e5rd &amp; Fritid\" \/>\n<meta property=\"article:modified_time\" content=\"2026-03-12T08:04:12+00:00\" \/>\n<meta property=\"og:image\" content=\"https:\/\/i0.wp.com\/truusk.se\/wp-content\/uploads\/2024\/02\/baddsoffa-med-armstod-3-i-1-baddsoffa-gastsang-hopfallbar-madrass-hopfallbar-sang-schaslong-multifunktionell-linneliknande-polyestergra-65-x-69-x-80-cm.webp?fit=800%2C800&ssl=1\" \/>\n\t<meta property=\"og:image:width\" content=\"800\" \/>\n\t<meta property=\"og:image:height\" content=\"800\" \/>\n\t<meta property=\"og:image:type\" content=\"image\/webp\" \/>\n<meta name=\"twitter:card\" content=\"summary_large_image\" \/>\n<meta name=\"twitter:label1\" content=\"Ber\u00e4knad l\u00e4stid\" \/>\n\t<meta name=\"twitter:data1\" content=\"1 minut\" \/>\n<!-- \/ Yoast SEO plugin. -->","yoast_head_json":{"title":"TRUUSK B\u00e4ddsoffa Med Armst\u00f6d 3-i-1 - G\u00e4sts\u00e4ng - Hopf\u00e4llbar Madrass - Sch\u00e4slong - Multifunktionell - Gr\u00e5 - 65 x 69 x 80 cm - TRUUSK - Hem, Tr\u00e4dg\u00e5rd &amp; Fritid","robots":{"index":"index","follow":"follow","max-snippet":"max-snippet:-1","max-image-preview":"max-image-preview:large","max-video-preview":"max-video-preview:-1"},"canonical":"https:\/\/truusk.store\/sv\/produkt\/truusk-baddsoffa-med-armstod-3-i-1-gastsang-hopfallbar-madrass-schaslong-multifunktionell-gra-65-x-69-x-80-cm\/","og_locale":"sv_SE","og_type":"article","og_title":"TRUUSK B\u00e4ddsoffa Med Armst\u00f6d 3-i-1 - G\u00e4sts\u00e4ng - Hopf\u00e4llbar Madrass - Sch\u00e4slong - Multifunktionell - Gr\u00e5 - 65 x 69 x 80 cm - TRUUSK - Hem, Tr\u00e4dg\u00e5rd &amp; Fritid","og_description":"Denna b\u00e4ddsoffa \u00e4r perfekt f\u00f6r ditt vardagsrum, arbetsrum eller sovrum. Det femv\u00e4gs justerbara ryggst\u00f6det erbjuder en m\u00e4ngd olika justeringsm\u00f6jligheter f\u00f6r...","og_url":"https:\/\/truusk.store\/sv\/produkt\/truusk-baddsoffa-med-armstod-3-i-1-gastsang-hopfallbar-madrass-schaslong-multifunktionell-gra-65-x-69-x-80-cm\/","og_site_name":"TRUUSK - Hem, Tr\u00e4dg\u00e5rd &amp; Fritid","article_modified_time":"2026-03-12T08:04:12+00:00","og_image":[{"width":800,"height":800,"url":"https:\/\/i0.wp.com\/truusk.se\/wp-content\/uploads\/2024\/02\/baddsoffa-med-armstod-3-i-1-baddsoffa-gastsang-hopfallbar-madrass-hopfallbar-sang-schaslong-multifunktionell-linneliknande-polyestergra-65-x-69-x-80-cm.webp?fit=800%2C800&ssl=1","type":"image\/webp"}],"twitter_card":"summary_large_image","twitter_misc":{"Ber\u00e4knad l\u00e4stid":"1 minut"},"schema":{"@context":"https:\/\/schema.org","@graph":[{"@type":"WebPage","@id":"https:\/\/truusk.store\/sv\/produkt\/truusk-baddsoffa-med-armstod-3-i-1-gastsang-hopfallbar-madrass-schaslong-multifunktionell-gra-65-x-69-x-80-cm\/","url":"https:\/\/truusk.store\/sv\/produkt\/truusk-baddsoffa-med-armstod-3-i-1-gastsang-hopfallbar-madrass-schaslong-multifunktionell-gra-65-x-69-x-80-cm\/","name":"TRUUSK B\u00e4ddsoffa Med Armst\u00f6d 3-i-1 - G\u00e4sts\u00e4ng - Hopf\u00e4llbar Madrass - Sch\u00e4slong - Multifunktionell - Gr\u00e5 - 65 x 69 x 80 cm - TRUUSK - Hem, Tr\u00e4dg\u00e5rd &amp; Fritid","isPartOf":{"@id":"https:\/\/truusk.store\/sv\/#website"},"primaryImageOfPage":{"@id":"https:\/\/truusk.store\/sv\/produkt\/truusk-baddsoffa-med-armstod-3-i-1-gastsang-hopfallbar-madrass-schaslong-multifunktionell-gra-65-x-69-x-80-cm\/#primaryimage"},"image":{"@id":"https:\/\/truusk.store\/sv\/produkt\/truusk-baddsoffa-med-armstod-3-i-1-gastsang-hopfallbar-madrass-schaslong-multifunktionell-gra-65-x-69-x-80-cm\/#primaryimage"},"thumbnailUrl":"https:\/\/i0.wp.com\/truusk.store\/wp-content\/uploads\/2024\/02\/baddsoffa-med-armstod-3-i-1-baddsoffa-gastsang-hopfallbar-madrass-hopfallbar-sang-schaslong-multifunktionell-linneliknande-polyestergra-65-x-69-x-80-cm.webp?fit=800%2C800&ssl=1","datePublished":"2024-02-13T15:19:18+00:00","dateModified":"2026-03-12T08:04:12+00:00","breadcrumb":{"@id":"https:\/\/truusk.store\/sv\/produkt\/truusk-baddsoffa-med-armstod-3-i-1-gastsang-hopfallbar-madrass-schaslong-multifunktionell-gra-65-x-69-x-80-cm\/#breadcrumb"},"inLanguage":"sv-SE","potentialAction":[{"@type":"ReadAction","target":["https:\/\/truusk.store\/sv\/produkt\/truusk-baddsoffa-med-armstod-3-i-1-gastsang-hopfallbar-madrass-schaslong-multifunktionell-gra-65-x-69-x-80-cm\/"]}]},{"@type":"ImageObject","inLanguage":"sv-SE","@id":"https:\/\/truusk.store\/sv\/produkt\/truusk-baddsoffa-med-armstod-3-i-1-gastsang-hopfallbar-madrass-schaslong-multifunktionell-gra-65-x-69-x-80-cm\/#primaryimage","url":"https:\/\/i0.wp.com\/truusk.store\/wp-content\/uploads\/2024\/02\/baddsoffa-med-armstod-3-i-1-baddsoffa-gastsang-hopfallbar-madrass-hopfallbar-sang-schaslong-multifunktionell-linneliknande-polyestergra-65-x-69-x-80-cm.webp?fit=800%2C800&ssl=1","contentUrl":"https:\/\/i0.wp.com\/truusk.store\/wp-content\/uploads\/2024\/02\/baddsoffa-med-armstod-3-i-1-baddsoffa-gastsang-hopfallbar-madrass-hopfallbar-sang-schaslong-multifunktionell-linneliknande-polyestergra-65-x-69-x-80-cm.webp?fit=800%2C800&ssl=1","width":800,"height":800,"caption":"B\u00e4ddsoffa Med Armst\u00f6d 3-i-1 B\u00e4ddsoffa G\u00e4sts\u00e4ng Hopf\u00e4llbar Madrass Hopf\u00e4llbar S\u00e4ng Sch\u00e4slong Multifunktionell Linneliknande Polyestergr\u00e5 65 X 69 X 80 Cm 1"},{"@type":"BreadcrumbList","@id":"https:\/\/truusk.store\/sv\/produkt\/truusk-baddsoffa-med-armstod-3-i-1-gastsang-hopfallbar-madrass-schaslong-multifunktionell-gra-65-x-69-x-80-cm\/#breadcrumb","itemListElement":[{"@type":"ListItem","position":1,"name":"Home","item":"https:\/\/truusk.store\/sv\/"},{"@type":"ListItem","position":2,"name":"Shop","item":"https:\/\/truusk.store\/shop\/"},{"@type":"ListItem","position":3,"name":"TRUUSK B\u00e4ddsoffa Med Armst\u00f6d 3-i-1 &#8211; G\u00e4sts\u00e4ng &#8211; Hopf\u00e4llbar Madrass &#8211; Sch\u00e4slong &#8211; Multifunktionell &#8211; Gr\u00e5 &#8211; 65 x 69 x 80 cm"}]},{"@type":"WebSite","@id":"https:\/\/truusk.store\/sv\/#website","url":"https:\/\/truusk.store\/sv\/","name":"TRUUSK - Hem, Tr\u00e4dg\u00e5rd & Fritid","description":"","publisher":{"@id":"https:\/\/truusk.store\/sv\/#organization"},"potentialAction":[{"@type":"SearchAction","target":{"@type":"EntryPoint","urlTemplate":"https:\/\/truusk.store\/sv\/?s={search_term_string}"},"query-input":{"@type":"PropertyValueSpecification","valueRequired":true,"valueName":"search_term_string"}}],"inLanguage":"sv-SE"},{"@type":"Organization","@id":"https:\/\/truusk.store\/sv\/#organization","name":"TRUUSK - Hem, Tr\u00e4dg\u00e5rd & Fritid","url":"https:\/\/truusk.store\/sv\/","logo":{"@type":"ImageObject","inLanguage":"sv-SE","@id":"https:\/\/truusk.store\/sv\/#\/schema\/logo\/image\/","url":"https:\/\/i0.wp.com\/truusk.store\/wp-content\/uploads\/2026\/03\/cropped-TRUUSK.png?fit=2032%2C917&ssl=1","contentUrl":"https:\/\/i0.wp.com\/truusk.store\/wp-content\/uploads\/2026\/03\/cropped-TRUUSK.png?fit=2032%2C917&ssl=1","width":2032,"height":917,"caption":"TRUUSK - Hem, Tr\u00e4dg\u00e5rd & Fritid"},"image":{"@id":"https:\/\/truusk.store\/sv\/#\/schema\/logo\/image\/"}}]}},"jetpack_sharing_enabled":true,"_links":{"self":[{"href":"https:\/\/truusk.store\/sv\/wp-json\/wp\/v2\/product\/22300","targetHints":{"allow":["GET"]}}],"collection":[{"href":"https:\/\/truusk.store\/sv\/wp-json\/wp\/v2\/product"}],"about":[{"href":"https:\/\/truusk.store\/sv\/wp-json\/wp\/v2\/types\/product"}],"wp:featuredmedia":[{"embeddable":true,"href":"https:\/\/truusk.store\/sv\/wp-json\/wp\/v2\/media\/22301"}],"wp:attachment":[{"href":"https:\/\/truusk.store\/sv\/wp-json\/wp\/v2\/media?parent=22300"}],"wp:term":[{"taxonomy":"product_brand","embeddable":true,"href":"https:\/\/truusk.store\/sv\/wp-json\/wp\/v2\/product_brand?post=22300"},{"taxonomy":"product_cat","embeddable":true,"href":"https:\/\/truusk.store\/sv\/wp-json\/wp\/v2\/product_cat?post=22300"},{"taxonomy":"product_tag","embeddable":true,"href":"https:\/\/truusk.store\/sv\/wp-json\/wp\/v2\/product_tag?post=22300"}],"curies":[{"name":"wp","href":"https:\/\/api.w.org\/{rel}","templated":true}]}}