{"id":22368,"date":"2024-02-13T16:21:50","date_gmt":"2024-02-13T15:21:50","guid":{"rendered":"https:\/\/truusk.store\/product\/kontorsstol-med-fotstod-hoj-och-sankbar-skrivbordsstol-snurrstol-ryggstod-konstlader-vit-66-x-72-x-122-130-cm\/"},"modified":"2026-03-12T09:04:13","modified_gmt":"2026-03-12T08:04:13","slug":"truusk-kontorsstol-med-fotstod-hoj-och-sankbar-snurrstol-ryggstod-konstlader-vit-66-x-72-x-122-130-cm","status":"publish","type":"product","link":"https:\/\/truusk.store\/sv\/produkt\/truusk-kontorsstol-med-fotstod-hoj-och-sankbar-snurrstol-ryggstod-konstlader-vit-66-x-72-x-122-130-cm\/","title":{"rendered":"TRUUSK Kontorsstol med Fotst\u00f6d &#8211; H\u00f6j- och s\u00e4nkbar &#8211; Snurrstol &#8211; Ryggst\u00f6d &#8211; Konstl\u00e4der &#8211; Vit &#8211; 66 x 72 x 122-130 cm"},"content":{"rendered":"<p>Denna kontorsstol imponerar med sin unika sittkomfort. Det \u00f6vre materialet av PU-l\u00e4der och den gener\u00f6sa stoppningen inbjuder dig att sitta och dr\u00f6ja kvar. Ett ergonomiskt format ryggst\u00f6d och inbyggda armst\u00f6d s\u00e4kerst\u00e4ller en h\u00f6g sittkomfort. Tack vare sina sv\u00e4ngbara hjul kan stolen enkelt flyttas fram och tillbaka. Denna kontorsstol erbjuder maximal komfort under l\u00e5nga arbetstider.<\/p>\n<h3>Beskrivning:<\/h3>\n<ul>\n<li>Justerbar sitth\u00f6jd f\u00f6r olika kroppsstorlekar, sittvanor och skrivbordsh\u00f6jder<\/li>\n<li>Stegl\u00f6st justerbart ryggst\u00f6d p\u00e5 upp till 155 f\u00f6r olika behov<\/li>\n<li>PU-l\u00e4derfodral f\u00f6r h\u00e5llbarhet och enkel reng\u00f6ring<\/li>\n<li>360-graderss\u00e4tet erbjuder gott om r\u00f6rlighet<\/li>\n<li>Metallbasen s\u00e4kerst\u00e4ller ett stabilt stativ<\/li>\n<li>L\u00e4mplig f\u00f6r olika rum som arbetsrum, hemmakontor, sovrum, etc.<\/li>\n<li>Montering kr\u00e4vs<\/li>\n<\/ul>\n<h3>Teknisk data:<\/h3>\n<ul>\n<li>F\u00e4rg vit<\/li>\n<li>Material: PU, PVC, metall<\/li>\n<li>\u00d6vergripande m\u00e5tt: 66W x 72D x 122-130H cm (st\u00e5ende), 66W x 120D x 98H cm (helt liggande)<\/li>\n<li>Sitsstorlek: 55W x 51D cm<\/li>\n<li>Sitth\u00f6jd justerbar: 55-63 cm<\/li>\n<li>M\u00e5tt bak: 54W x 80H x 23D cm<\/li>\n<li>Max lastkapacitet: 135 kg<\/li>\n<\/ul>\n<h3>Leveransens omfattning:<\/h3>\n<ul>\n<li>1 x Kontorsstol<\/li>\n<li>1 x Instruktioner<\/li>\n<\/ul>\n","protected":false},"excerpt":{"rendered":"<p>Denna kontorsstol imponerar med sin unika sittkomfort. Det \u00f6vre materialet av PU-l\u00e4der och den gener\u00f6sa stoppningen inbjuder dig att sitta&#8230;<\/p>\n","protected":false},"featured_media":22369,"template":"","meta":[],"product_brand":[],"product_cat":[485,516,515],"product_tag":[],"class_list":{"0":"post-22368","1":"product","2":"type-product","3":"status-publish","4":"has-post-thumbnail","6":"product_cat-hus-bo","7":"product_cat-kontorsstolar","8":"product_cat-stolar","10":"first","11":"instock","12":"sale","13":"taxable","14":"shipping-taxable","15":"purchasable","16":"product-type-simple"},"yoast_head":"<!-- This site is optimized with the Yoast SEO plugin v25.4 - https:\/\/yoast.com\/wordpress\/plugins\/seo\/ -->\n<title>TRUUSK Kontorsstol med Fotst\u00f6d - H\u00f6j- och s\u00e4nkbar - Snurrstol - Ryggst\u00f6d - Konstl\u00e4der - Vit - 66 x 72 x 122-130 cm - TRUUSK - Hem, Tr\u00e4dg\u00e5rd &amp; Fritid<\/title>\n<meta name=\"robots\" content=\"index, follow, max-snippet:-1, max-image-preview:large, max-video-preview:-1\" \/>\n<link rel=\"canonical\" href=\"https:\/\/truusk.store\/sv\/produkt\/truusk-kontorsstol-med-fotstod-hoj-och-sankbar-snurrstol-ryggstod-konstlader-vit-66-x-72-x-122-130-cm\/\" \/>\n<meta property=\"og:locale\" content=\"sv_SE\" \/>\n<meta property=\"og:type\" content=\"article\" \/>\n<meta property=\"og:title\" content=\"TRUUSK Kontorsstol med Fotst\u00f6d - H\u00f6j- och s\u00e4nkbar - Snurrstol - Ryggst\u00f6d - Konstl\u00e4der - Vit - 66 x 72 x 122-130 cm - TRUUSK - Hem, Tr\u00e4dg\u00e5rd &amp; Fritid\" \/>\n<meta property=\"og:description\" content=\"Denna kontorsstol imponerar med sin unika sittkomfort. Det \u00f6vre materialet av PU-l\u00e4der och den gener\u00f6sa stoppningen inbjuder dig att sitta...\" \/>\n<meta property=\"og:url\" content=\"https:\/\/truusk.store\/sv\/produkt\/truusk-kontorsstol-med-fotstod-hoj-och-sankbar-snurrstol-ryggstod-konstlader-vit-66-x-72-x-122-130-cm\/\" \/>\n<meta property=\"og:site_name\" content=\"TRUUSK - Hem, Tr\u00e4dg\u00e5rd &amp; Fritid\" \/>\n<meta property=\"article:modified_time\" content=\"2026-03-12T08:04:13+00:00\" \/>\n<meta property=\"og:image\" content=\"https:\/\/i0.wp.com\/truusk.se\/wp-content\/uploads\/2024\/02\/kontorsstol-med-fotstod-hoj-och-sankbar-skrivbordsstol-snurrstol-ryggstod-konstlader-vit-66-x-72-x-122-130-cm.webp?fit=800%2C800&ssl=1\" \/>\n\t<meta property=\"og:image:width\" content=\"800\" \/>\n\t<meta property=\"og:image:height\" content=\"800\" \/>\n\t<meta property=\"og:image:type\" content=\"image\/webp\" \/>\n<meta name=\"twitter:card\" content=\"summary_large_image\" \/>\n<meta name=\"twitter:label1\" content=\"Ber\u00e4knad l\u00e4stid\" \/>\n\t<meta name=\"twitter:data1\" content=\"1 minut\" \/>\n<!-- \/ Yoast SEO plugin. -->","yoast_head_json":{"title":"TRUUSK Kontorsstol med Fotst\u00f6d - H\u00f6j- och s\u00e4nkbar - Snurrstol - Ryggst\u00f6d - Konstl\u00e4der - Vit - 66 x 72 x 122-130 cm - TRUUSK - Hem, Tr\u00e4dg\u00e5rd &amp; Fritid","robots":{"index":"index","follow":"follow","max-snippet":"max-snippet:-1","max-image-preview":"max-image-preview:large","max-video-preview":"max-video-preview:-1"},"canonical":"https:\/\/truusk.store\/sv\/produkt\/truusk-kontorsstol-med-fotstod-hoj-och-sankbar-snurrstol-ryggstod-konstlader-vit-66-x-72-x-122-130-cm\/","og_locale":"sv_SE","og_type":"article","og_title":"TRUUSK Kontorsstol med Fotst\u00f6d - H\u00f6j- och s\u00e4nkbar - Snurrstol - Ryggst\u00f6d - Konstl\u00e4der - Vit - 66 x 72 x 122-130 cm - TRUUSK - Hem, Tr\u00e4dg\u00e5rd &amp; Fritid","og_description":"Denna kontorsstol imponerar med sin unika sittkomfort. Det \u00f6vre materialet av PU-l\u00e4der och den gener\u00f6sa stoppningen inbjuder dig att sitta...","og_url":"https:\/\/truusk.store\/sv\/produkt\/truusk-kontorsstol-med-fotstod-hoj-och-sankbar-snurrstol-ryggstod-konstlader-vit-66-x-72-x-122-130-cm\/","og_site_name":"TRUUSK - Hem, Tr\u00e4dg\u00e5rd &amp; Fritid","article_modified_time":"2026-03-12T08:04:13+00:00","og_image":[{"width":800,"height":800,"url":"https:\/\/i0.wp.com\/truusk.se\/wp-content\/uploads\/2024\/02\/kontorsstol-med-fotstod-hoj-och-sankbar-skrivbordsstol-snurrstol-ryggstod-konstlader-vit-66-x-72-x-122-130-cm.webp?fit=800%2C800&ssl=1","type":"image\/webp"}],"twitter_card":"summary_large_image","twitter_misc":{"Ber\u00e4knad l\u00e4stid":"1 minut"},"schema":{"@context":"https:\/\/schema.org","@graph":[{"@type":"WebPage","@id":"https:\/\/truusk.store\/sv\/produkt\/truusk-kontorsstol-med-fotstod-hoj-och-sankbar-snurrstol-ryggstod-konstlader-vit-66-x-72-x-122-130-cm\/","url":"https:\/\/truusk.store\/sv\/produkt\/truusk-kontorsstol-med-fotstod-hoj-och-sankbar-snurrstol-ryggstod-konstlader-vit-66-x-72-x-122-130-cm\/","name":"TRUUSK Kontorsstol med Fotst\u00f6d - H\u00f6j- och s\u00e4nkbar - Snurrstol - Ryggst\u00f6d - Konstl\u00e4der - Vit - 66 x 72 x 122-130 cm - TRUUSK - Hem, Tr\u00e4dg\u00e5rd &amp; Fritid","isPartOf":{"@id":"https:\/\/truusk.store\/sv\/#website"},"primaryImageOfPage":{"@id":"https:\/\/truusk.store\/sv\/produkt\/truusk-kontorsstol-med-fotstod-hoj-och-sankbar-snurrstol-ryggstod-konstlader-vit-66-x-72-x-122-130-cm\/#primaryimage"},"image":{"@id":"https:\/\/truusk.store\/sv\/produkt\/truusk-kontorsstol-med-fotstod-hoj-och-sankbar-snurrstol-ryggstod-konstlader-vit-66-x-72-x-122-130-cm\/#primaryimage"},"thumbnailUrl":"https:\/\/i0.wp.com\/truusk.store\/wp-content\/uploads\/2024\/02\/kontorsstol-med-fotstod-hoj-och-sankbar-skrivbordsstol-snurrstol-ryggstod-konstlader-vit-66-x-72-x-122-130-cm.webp?fit=800%2C800&ssl=1","datePublished":"2024-02-13T15:21:50+00:00","dateModified":"2026-03-12T08:04:13+00:00","breadcrumb":{"@id":"https:\/\/truusk.store\/sv\/produkt\/truusk-kontorsstol-med-fotstod-hoj-och-sankbar-snurrstol-ryggstod-konstlader-vit-66-x-72-x-122-130-cm\/#breadcrumb"},"inLanguage":"sv-SE","potentialAction":[{"@type":"ReadAction","target":["https:\/\/truusk.store\/sv\/produkt\/truusk-kontorsstol-med-fotstod-hoj-och-sankbar-snurrstol-ryggstod-konstlader-vit-66-x-72-x-122-130-cm\/"]}]},{"@type":"ImageObject","inLanguage":"sv-SE","@id":"https:\/\/truusk.store\/sv\/produkt\/truusk-kontorsstol-med-fotstod-hoj-och-sankbar-snurrstol-ryggstod-konstlader-vit-66-x-72-x-122-130-cm\/#primaryimage","url":"https:\/\/i0.wp.com\/truusk.store\/wp-content\/uploads\/2024\/02\/kontorsstol-med-fotstod-hoj-och-sankbar-skrivbordsstol-snurrstol-ryggstod-konstlader-vit-66-x-72-x-122-130-cm.webp?fit=800%2C800&ssl=1","contentUrl":"https:\/\/i0.wp.com\/truusk.store\/wp-content\/uploads\/2024\/02\/kontorsstol-med-fotstod-hoj-och-sankbar-skrivbordsstol-snurrstol-ryggstod-konstlader-vit-66-x-72-x-122-130-cm.webp?fit=800%2C800&ssl=1","width":800,"height":800,"caption":"Kontorsstol Med Fotst\u00f6d, H\u00f6j- Och S\u00e4nkbar Skrivbordsstol, Snurrstol, Ryggst\u00f6d, Konstl\u00e4der, Vit, 66 X 72 X 122-130 Cm 1"},{"@type":"BreadcrumbList","@id":"https:\/\/truusk.store\/sv\/produkt\/truusk-kontorsstol-med-fotstod-hoj-och-sankbar-snurrstol-ryggstod-konstlader-vit-66-x-72-x-122-130-cm\/#breadcrumb","itemListElement":[{"@type":"ListItem","position":1,"name":"Home","item":"https:\/\/truusk.store\/sv\/"},{"@type":"ListItem","position":2,"name":"Shop","item":"https:\/\/truusk.store\/shop\/"},{"@type":"ListItem","position":3,"name":"TRUUSK Kontorsstol med Fotst\u00f6d &#8211; H\u00f6j- och s\u00e4nkbar &#8211; Snurrstol &#8211; Ryggst\u00f6d &#8211; Konstl\u00e4der &#8211; Vit &#8211; 66 x 72 x 122-130 cm"}]},{"@type":"WebSite","@id":"https:\/\/truusk.store\/sv\/#website","url":"https:\/\/truusk.store\/sv\/","name":"TRUUSK - Hem, Tr\u00e4dg\u00e5rd & Fritid","description":"","publisher":{"@id":"https:\/\/truusk.store\/sv\/#organization"},"potentialAction":[{"@type":"SearchAction","target":{"@type":"EntryPoint","urlTemplate":"https:\/\/truusk.store\/sv\/?s={search_term_string}"},"query-input":{"@type":"PropertyValueSpecification","valueRequired":true,"valueName":"search_term_string"}}],"inLanguage":"sv-SE"},{"@type":"Organization","@id":"https:\/\/truusk.store\/sv\/#organization","name":"TRUUSK - Hem, Tr\u00e4dg\u00e5rd & Fritid","url":"https:\/\/truusk.store\/sv\/","logo":{"@type":"ImageObject","inLanguage":"sv-SE","@id":"https:\/\/truusk.store\/sv\/#\/schema\/logo\/image\/","url":"https:\/\/i0.wp.com\/truusk.store\/wp-content\/uploads\/2026\/03\/cropped-TRUUSK.png?fit=2032%2C917&ssl=1","contentUrl":"https:\/\/i0.wp.com\/truusk.store\/wp-content\/uploads\/2026\/03\/cropped-TRUUSK.png?fit=2032%2C917&ssl=1","width":2032,"height":917,"caption":"TRUUSK - Hem, Tr\u00e4dg\u00e5rd & Fritid"},"image":{"@id":"https:\/\/truusk.store\/sv\/#\/schema\/logo\/image\/"}}]}},"jetpack_sharing_enabled":true,"_links":{"self":[{"href":"https:\/\/truusk.store\/sv\/wp-json\/wp\/v2\/product\/22368","targetHints":{"allow":["GET"]}}],"collection":[{"href":"https:\/\/truusk.store\/sv\/wp-json\/wp\/v2\/product"}],"about":[{"href":"https:\/\/truusk.store\/sv\/wp-json\/wp\/v2\/types\/product"}],"wp:featuredmedia":[{"embeddable":true,"href":"https:\/\/truusk.store\/sv\/wp-json\/wp\/v2\/media\/22369"}],"wp:attachment":[{"href":"https:\/\/truusk.store\/sv\/wp-json\/wp\/v2\/media?parent=22368"}],"wp:term":[{"taxonomy":"product_brand","embeddable":true,"href":"https:\/\/truusk.store\/sv\/wp-json\/wp\/v2\/product_brand?post=22368"},{"taxonomy":"product_cat","embeddable":true,"href":"https:\/\/truusk.store\/sv\/wp-json\/wp\/v2\/product_cat?post=22368"},{"taxonomy":"product_tag","embeddable":true,"href":"https:\/\/truusk.store\/sv\/wp-json\/wp\/v2\/product_tag?post=22368"}],"curies":[{"name":"wp","href":"https:\/\/api.w.org\/{rel}","templated":true}]}}