{"id":22378,"date":"2024-02-13T16:22:12","date_gmt":"2024-02-13T15:22:12","guid":{"rendered":"https:\/\/truusk.store\/product\/stastol-tv-stol-med-stahjalp-elektrisk-liggfunktion-linnekram-725-x-94-x-109-cm\/"},"modified":"2026-03-12T09:04:13","modified_gmt":"2026-03-12T08:04:13","slug":"truusk-elektrisk-stastol-med-stahjalp-och-liggfunktion-linnekram-725-x-94-x-109-cm","status":"publish","type":"product","link":"https:\/\/truusk.store\/sv\/produkt\/truusk-elektrisk-stastol-med-stahjalp-och-liggfunktion-linnekram-725-x-94-x-109-cm\/","title":{"rendered":"TRUUSK Elektrisk St\u00e5stol med St\u00e5hj\u00e4lp och Liggfunktion &#8211; Linnekr\u00e4m &#8211; 72,5 x 94 x 109 cm"},"content":{"rendered":"<p>Den som lider av \u00e5ldersrelaterade problem \u00e4r tacksam f\u00f6r hj\u00e4lp i vardagen. V\u00e5r bekv\u00e4mare feel-good-f\u00e5t\u00f6lj ger dig tillbaka en bit av suver\u00e4nitet. Designen \u00e4r behagligt enkel. \u00d6verdraget av linnetyg k\u00e4nns behagligt mjukt mot kroppen. Tack vare den tjocka stoppningen kan du fortfarande sitta bekv\u00e4mt \u00e4ven efter timmar. Ett elektriskt stativsystem \u00e4r dolt under ytan. Med hj\u00e4lp av fj\u00e4rrkontrollen kan du h\u00f6ja din stol upp till en lutningsvinkel p\u00e5 45. Det betyder att du kan st\u00e5 upp samtidigt som du \u00e4r skonsam mot dina leder utan att belasta kroppen f\u00f6r mycket. Ryggst\u00f6det och benst\u00f6det kan l\u00e5sas fritt. Genomt\u00e4nkta funktioner, enkel design och absolut feel-good-komfort. Med din avslappnade st\u00e5stol kan du njuta av vardagen med ny kraft.<\/p>\n<h3>Beskrivning:<\/h3>\n<ul>\n<li>Elektrisk TV-stol i enkel design<\/li>\n<li>St\u00e5st\u00f6d: upp till max 45 lutningsvinklar, kan flexibelt l\u00e5sas i \u00f6nskad h\u00f6jd<\/li>\n<li>Liggfunktion: Lutningsvinkeln p\u00e5 ryggst\u00f6det kan justeras stegl\u00f6st upp till 135 grader<\/li>\n<li>Justerbara st\u00f6dben f\u00f6r att slappna av i benen<\/li>\n<li>Extra tjock stoppning s\u00e4kerst\u00e4ller b\u00e4sta sittkomfort<\/li>\n<li>\u00d6verdrag av slitstarkt linne<\/li>\n<li>Inkluderar fj\u00e4rrkontroll f\u00f6r enkel anv\u00e4ndning<\/li>\n<li>Snabb inst\u00e4llning<\/li>\n<\/ul>\n<h3>Teknisk data:<\/h3>\n<ul>\n<li>Material: linne, tr\u00e4, skum<\/li>\n<li>F\u00e4rg: Kr\u00e4m<\/li>\n<li>M\u00e5tt: B72,5 x D94 x H109 cm<\/li>\n<li>Sittyta: B46 x D51,5 cm<\/li>\n<li>Sitth\u00f6jd: 50 cm<\/li>\n<li>M\u00e5tt i liggl\u00e4ge: B72,5 x D170 x H90 cm<\/li>\n<li>Kabell\u00e4ngd: 1,6 m<\/li>\n<li>Max lastkapacitet: 200 kg<\/li>\n<\/ul>\n<h3>Leveransens omfattning:<\/h3>\n<ul>\n<li>1 x Riser stol<\/li>\n<li>1 x Fj\u00e4rrkontroll<\/li>\n<li>1 x Anv\u00e4ndarmanual<\/li>\n<li>VIKTIGT: Vi levererar varan till trottoarkanten utan kostnad. Se till att du anger r\u00e4tt adress och telefonnummer.<\/li>\n<\/ul>\n","protected":false},"excerpt":{"rendered":"<p>Den som lider av \u00e5ldersrelaterade problem \u00e4r tacksam f\u00f6r hj\u00e4lp i vardagen. V\u00e5r bekv\u00e4mare feel-good-f\u00e5t\u00f6lj ger dig tillbaka en bit&#8230;<\/p>\n","protected":false},"featured_media":22379,"template":"","meta":[],"product_brand":[],"product_cat":[521,485,523],"product_tag":[],"class_list":{"0":"post-22378","1":"product","2":"type-product","3":"status-publish","4":"has-post-thumbnail","6":"product_cat-fatolj","7":"product_cat-hus-bo","8":"product_cat-riser-stol","10":"first","11":"instock","12":"sale","13":"taxable","14":"shipping-taxable","15":"purchasable","16":"product-type-simple"},"yoast_head":"<!-- This site is optimized with the Yoast SEO plugin v25.4 - https:\/\/yoast.com\/wordpress\/plugins\/seo\/ -->\n<title>TRUUSK Elektrisk St\u00e5stol med St\u00e5hj\u00e4lp och Liggfunktion - Linnekr\u00e4m - 72,5 x 94 x 109 cm - TRUUSK - Hem, Tr\u00e4dg\u00e5rd &amp; Fritid<\/title>\n<meta name=\"robots\" content=\"index, follow, max-snippet:-1, max-image-preview:large, max-video-preview:-1\" \/>\n<link rel=\"canonical\" href=\"https:\/\/truusk.store\/sv\/produkt\/truusk-elektrisk-stastol-med-stahjalp-och-liggfunktion-linnekram-725-x-94-x-109-cm\/\" \/>\n<meta property=\"og:locale\" content=\"sv_SE\" \/>\n<meta property=\"og:type\" content=\"article\" \/>\n<meta property=\"og:title\" content=\"TRUUSK Elektrisk St\u00e5stol med St\u00e5hj\u00e4lp och Liggfunktion - Linnekr\u00e4m - 72,5 x 94 x 109 cm - TRUUSK - Hem, Tr\u00e4dg\u00e5rd &amp; Fritid\" \/>\n<meta property=\"og:description\" content=\"Den som lider av \u00e5ldersrelaterade problem \u00e4r tacksam f\u00f6r hj\u00e4lp i vardagen. V\u00e5r bekv\u00e4mare feel-good-f\u00e5t\u00f6lj ger dig tillbaka en bit...\" \/>\n<meta property=\"og:url\" content=\"https:\/\/truusk.store\/sv\/produkt\/truusk-elektrisk-stastol-med-stahjalp-och-liggfunktion-linnekram-725-x-94-x-109-cm\/\" \/>\n<meta property=\"og:site_name\" content=\"TRUUSK - Hem, Tr\u00e4dg\u00e5rd &amp; Fritid\" \/>\n<meta property=\"article:modified_time\" content=\"2026-03-12T08:04:13+00:00\" \/>\n<meta property=\"og:image\" content=\"https:\/\/i0.wp.com\/truusk.se\/wp-content\/uploads\/2024\/02\/stastol-tv-stol-med-stahjalp-elektrisk-liggfunktion-linnekram-725-x-94-x-109-cm.webp?fit=800%2C800&ssl=1\" \/>\n\t<meta property=\"og:image:width\" content=\"800\" \/>\n\t<meta property=\"og:image:height\" content=\"800\" \/>\n\t<meta property=\"og:image:type\" content=\"image\/webp\" \/>\n<meta name=\"twitter:card\" content=\"summary_large_image\" \/>\n<meta name=\"twitter:label1\" content=\"Ber\u00e4knad l\u00e4stid\" \/>\n\t<meta name=\"twitter:data1\" content=\"1 minut\" \/>\n<!-- \/ Yoast SEO plugin. -->","yoast_head_json":{"title":"TRUUSK Elektrisk St\u00e5stol med St\u00e5hj\u00e4lp och Liggfunktion - Linnekr\u00e4m - 72,5 x 94 x 109 cm - TRUUSK - Hem, Tr\u00e4dg\u00e5rd &amp; Fritid","robots":{"index":"index","follow":"follow","max-snippet":"max-snippet:-1","max-image-preview":"max-image-preview:large","max-video-preview":"max-video-preview:-1"},"canonical":"https:\/\/truusk.store\/sv\/produkt\/truusk-elektrisk-stastol-med-stahjalp-och-liggfunktion-linnekram-725-x-94-x-109-cm\/","og_locale":"sv_SE","og_type":"article","og_title":"TRUUSK Elektrisk St\u00e5stol med St\u00e5hj\u00e4lp och Liggfunktion - Linnekr\u00e4m - 72,5 x 94 x 109 cm - TRUUSK - Hem, Tr\u00e4dg\u00e5rd &amp; Fritid","og_description":"Den som lider av \u00e5ldersrelaterade problem \u00e4r tacksam f\u00f6r hj\u00e4lp i vardagen. V\u00e5r bekv\u00e4mare feel-good-f\u00e5t\u00f6lj ger dig tillbaka en bit...","og_url":"https:\/\/truusk.store\/sv\/produkt\/truusk-elektrisk-stastol-med-stahjalp-och-liggfunktion-linnekram-725-x-94-x-109-cm\/","og_site_name":"TRUUSK - Hem, Tr\u00e4dg\u00e5rd &amp; Fritid","article_modified_time":"2026-03-12T08:04:13+00:00","og_image":[{"width":800,"height":800,"url":"https:\/\/i0.wp.com\/truusk.se\/wp-content\/uploads\/2024\/02\/stastol-tv-stol-med-stahjalp-elektrisk-liggfunktion-linnekram-725-x-94-x-109-cm.webp?fit=800%2C800&ssl=1","type":"image\/webp"}],"twitter_card":"summary_large_image","twitter_misc":{"Ber\u00e4knad l\u00e4stid":"1 minut"},"schema":{"@context":"https:\/\/schema.org","@graph":[{"@type":"WebPage","@id":"https:\/\/truusk.store\/sv\/produkt\/truusk-elektrisk-stastol-med-stahjalp-och-liggfunktion-linnekram-725-x-94-x-109-cm\/","url":"https:\/\/truusk.store\/sv\/produkt\/truusk-elektrisk-stastol-med-stahjalp-och-liggfunktion-linnekram-725-x-94-x-109-cm\/","name":"TRUUSK Elektrisk St\u00e5stol med St\u00e5hj\u00e4lp och Liggfunktion - Linnekr\u00e4m - 72,5 x 94 x 109 cm - TRUUSK - Hem, Tr\u00e4dg\u00e5rd &amp; Fritid","isPartOf":{"@id":"https:\/\/truusk.store\/sv\/#website"},"primaryImageOfPage":{"@id":"https:\/\/truusk.store\/sv\/produkt\/truusk-elektrisk-stastol-med-stahjalp-och-liggfunktion-linnekram-725-x-94-x-109-cm\/#primaryimage"},"image":{"@id":"https:\/\/truusk.store\/sv\/produkt\/truusk-elektrisk-stastol-med-stahjalp-och-liggfunktion-linnekram-725-x-94-x-109-cm\/#primaryimage"},"thumbnailUrl":"https:\/\/i0.wp.com\/truusk.store\/wp-content\/uploads\/2024\/02\/stastol-tv-stol-med-stahjalp-elektrisk-liggfunktion-linnekram-725-x-94-x-109-cm.webp?fit=800%2C800&ssl=1","datePublished":"2024-02-13T15:22:12+00:00","dateModified":"2026-03-12T08:04:13+00:00","breadcrumb":{"@id":"https:\/\/truusk.store\/sv\/produkt\/truusk-elektrisk-stastol-med-stahjalp-och-liggfunktion-linnekram-725-x-94-x-109-cm\/#breadcrumb"},"inLanguage":"sv-SE","potentialAction":[{"@type":"ReadAction","target":["https:\/\/truusk.store\/sv\/produkt\/truusk-elektrisk-stastol-med-stahjalp-och-liggfunktion-linnekram-725-x-94-x-109-cm\/"]}]},{"@type":"ImageObject","inLanguage":"sv-SE","@id":"https:\/\/truusk.store\/sv\/produkt\/truusk-elektrisk-stastol-med-stahjalp-och-liggfunktion-linnekram-725-x-94-x-109-cm\/#primaryimage","url":"https:\/\/i0.wp.com\/truusk.store\/wp-content\/uploads\/2024\/02\/stastol-tv-stol-med-stahjalp-elektrisk-liggfunktion-linnekram-725-x-94-x-109-cm.webp?fit=800%2C800&ssl=1","contentUrl":"https:\/\/i0.wp.com\/truusk.store\/wp-content\/uploads\/2024\/02\/stastol-tv-stol-med-stahjalp-elektrisk-liggfunktion-linnekram-725-x-94-x-109-cm.webp?fit=800%2C800&ssl=1","width":800,"height":800,"caption":"St\u00e5stol TV-stol Med St\u00e5hj\u00e4lp Elektrisk Liggfunktion Linnekr\u00e4m 72,5 X 94 X 109 Cm 1"},{"@type":"BreadcrumbList","@id":"https:\/\/truusk.store\/sv\/produkt\/truusk-elektrisk-stastol-med-stahjalp-och-liggfunktion-linnekram-725-x-94-x-109-cm\/#breadcrumb","itemListElement":[{"@type":"ListItem","position":1,"name":"Home","item":"https:\/\/truusk.store\/sv\/"},{"@type":"ListItem","position":2,"name":"Shop","item":"https:\/\/truusk.store\/shop\/"},{"@type":"ListItem","position":3,"name":"TRUUSK Elektrisk St\u00e5stol med St\u00e5hj\u00e4lp och Liggfunktion &#8211; Linnekr\u00e4m &#8211; 72,5 x 94 x 109 cm"}]},{"@type":"WebSite","@id":"https:\/\/truusk.store\/sv\/#website","url":"https:\/\/truusk.store\/sv\/","name":"TRUUSK - Hem, Tr\u00e4dg\u00e5rd & Fritid","description":"","publisher":{"@id":"https:\/\/truusk.store\/sv\/#organization"},"potentialAction":[{"@type":"SearchAction","target":{"@type":"EntryPoint","urlTemplate":"https:\/\/truusk.store\/sv\/?s={search_term_string}"},"query-input":{"@type":"PropertyValueSpecification","valueRequired":true,"valueName":"search_term_string"}}],"inLanguage":"sv-SE"},{"@type":"Organization","@id":"https:\/\/truusk.store\/sv\/#organization","name":"TRUUSK - Hem, Tr\u00e4dg\u00e5rd & Fritid","url":"https:\/\/truusk.store\/sv\/","logo":{"@type":"ImageObject","inLanguage":"sv-SE","@id":"https:\/\/truusk.store\/sv\/#\/schema\/logo\/image\/","url":"https:\/\/i0.wp.com\/truusk.store\/wp-content\/uploads\/2026\/03\/cropped-TRUUSK.png?fit=2032%2C917&ssl=1","contentUrl":"https:\/\/i0.wp.com\/truusk.store\/wp-content\/uploads\/2026\/03\/cropped-TRUUSK.png?fit=2032%2C917&ssl=1","width":2032,"height":917,"caption":"TRUUSK - Hem, Tr\u00e4dg\u00e5rd & Fritid"},"image":{"@id":"https:\/\/truusk.store\/sv\/#\/schema\/logo\/image\/"}}]}},"jetpack_sharing_enabled":true,"_links":{"self":[{"href":"https:\/\/truusk.store\/sv\/wp-json\/wp\/v2\/product\/22378","targetHints":{"allow":["GET"]}}],"collection":[{"href":"https:\/\/truusk.store\/sv\/wp-json\/wp\/v2\/product"}],"about":[{"href":"https:\/\/truusk.store\/sv\/wp-json\/wp\/v2\/types\/product"}],"wp:featuredmedia":[{"embeddable":true,"href":"https:\/\/truusk.store\/sv\/wp-json\/wp\/v2\/media\/22379"}],"wp:attachment":[{"href":"https:\/\/truusk.store\/sv\/wp-json\/wp\/v2\/media?parent=22378"}],"wp:term":[{"taxonomy":"product_brand","embeddable":true,"href":"https:\/\/truusk.store\/sv\/wp-json\/wp\/v2\/product_brand?post=22378"},{"taxonomy":"product_cat","embeddable":true,"href":"https:\/\/truusk.store\/sv\/wp-json\/wp\/v2\/product_cat?post=22378"},{"taxonomy":"product_tag","embeddable":true,"href":"https:\/\/truusk.store\/sv\/wp-json\/wp\/v2\/product_tag?post=22378"}],"curies":[{"name":"wp","href":"https:\/\/api.w.org\/{rel}","templated":true}]}}