{"id":22389,"date":"2024-02-13T16:22:30","date_gmt":"2024-02-13T15:22:30","guid":{"rendered":"https:\/\/truusk.store\/product\/katthus-med-hangmatta-kattlada-med-sisalstam-kattgrotta-katttrad-kattaktivitetscenter-gran-naturlig-70-x-35-x-60-cm\/"},"modified":"2026-03-12T09:04:13","modified_gmt":"2026-03-12T08:04:13","slug":"truusk-kattmobel-set-hangmatta-kattlada-kattgrotta-sisalstam-katttrad-aktivitetscenter-naturlig-gran-70x35x60-cm","status":"publish","type":"product","link":"https:\/\/truusk.store\/sv\/produkt\/truusk-kattmobel-set-hangmatta-kattlada-kattgrotta-sisalstam-katttrad-aktivitetscenter-naturlig-gran-70x35x60-cm\/","title":{"rendered":"TRUUSK Kattm\u00f6bel Set &#8211; H\u00e4ngmatta, Kattl\u00e5da, Kattgrotta &#8211; Sisalstam &#8211; Katttr\u00e4d &#8211; Aktivitetscenter &#8211; Naturlig Gran &#8211; 70x35x60 cm"},"content":{"rendered":"<p>Tillfredsst\u00e4ll din katts naturliga instinkter s\u00e4kert med detta katttr\u00e4d! Detta multiaktivitetscenter har sisal-t\u00e4ckta skrapstolpar, en rymlig l\u00e4genhet, ett sidos\u00f6mnbo och hoppplattformar. Kattskrapor gynnar b\u00e5de husdjur och \u00e4gare genom att tillhandah\u00e5lla en plats f\u00f6r att lindra katters \u00f6nskan att kl\u00e4ttra och kl\u00e4ttra och skydda dina mattor och hush\u00e5llsm\u00f6bler fr\u00e5n skador. Vila, lek, tr\u00e4na, dina katter kan tillbringa hela dagen med det, en bekv\u00e4m enhet f\u00f6r dina lurviga v\u00e4nner!<\/p>\n<h3>Beskrivning:<\/h3>\n<ul>\n<li>Multifunktionellt aktivitetscenter, b\u00e5de ett katthus och en skrapstolpe<\/li>\n<li>Inkluderar en Bottom Cat Condo Box, sidoh\u00e4ngande sovs\u00e4ng och hoppplattformar f\u00f6r extra n\u00f6je<\/li>\n<li>Sisalstolpar f\u00f6r att tillfredsst\u00e4lla dina katters repor och skydda dina m\u00f6bler fr\u00e5n repor<\/li>\n<li>Tillverkad av h\u00f6gkvalitativ gran, milj\u00f6v\u00e4nlig och ofarlig f\u00f6r dina katters h\u00e4lsa<\/li>\n<li>Den nedre kattl\u00e5dan inneh\u00e5ller 2 ing\u00e5ngar f\u00f6r enkel in- och urstigning<\/li>\n<li>Enkel montering kr\u00e4vs<\/li>\n<\/ul>\n<h3>Teknisk data:<\/h3>\n<ul>\n<li>Material: gran, sisalrep, bomullstyg<\/li>\n<li>\u00d6vergripande m\u00e5tt: L70 x B35 x H60 cm<\/li>\n<li>M\u00e5tt p\u00e5 den nedre kattl\u00e5dan: L34 x B35 x H30 cm<\/li>\n<li>Fr\u00e4mre h\u00e5llare storlek: L16 x H15 cm<\/li>\n<li>Sidost\u00f6d: L25 x H20 cm<\/li>\n<li>H\u00e4ngmattans storlek: L33 x B35 cm<\/li>\n<li>\u00d6vre plattformsstorlek: L43,5 x B35 cm<\/li>\n<li>Lastkapacitet: 30 kg<\/li>\n<li>Nettovikt: 5,3 kg<\/li>\n<li>F\u00e4rg: Naturlig<\/li>\n<\/ul>\n<h3>Leveransens omfattning:<\/h3>\n<ul>\n<li>1 x Cat Activity Center<\/li>\n<li>1 x Monteringsanvisning<\/li>\n<\/ul>\n","protected":false},"excerpt":{"rendered":"<p>Tillfredsst\u00e4ll din katts naturliga instinkter s\u00e4kert med detta katttr\u00e4d! Detta multiaktivitetscenter har sisal-t\u00e4ckta skrapstolpar, en rymlig l\u00e4genhet, ett sidos\u00f6mnbo och&#8230;<\/p>\n","protected":false},"featured_media":22390,"template":"","meta":[],"product_brand":[],"product_cat":[573,591,588],"product_tag":[],"class_list":{"0":"post-22389","1":"product","2":"type-product","3":"status-publish","4":"has-post-thumbnail","6":"product_cat-husdjursmaterial","7":"product_cat-katthus","8":"product_cat-katttillbehor","10":"first","11":"instock","12":"sale","13":"taxable","14":"shipping-taxable","15":"purchasable","16":"product-type-simple"},"yoast_head":"<!-- This site is optimized with the Yoast SEO plugin v25.4 - https:\/\/yoast.com\/wordpress\/plugins\/seo\/ -->\n<title>TRUUSK Kattm\u00f6bel Set - H\u00e4ngmatta, Kattl\u00e5da, Kattgrotta - Sisalstam - Katttr\u00e4d - Aktivitetscenter - Naturlig Gran - 70x35x60 cm - TRUUSK - Hem, Tr\u00e4dg\u00e5rd &amp; Fritid<\/title>\n<meta name=\"robots\" content=\"index, follow, max-snippet:-1, max-image-preview:large, max-video-preview:-1\" \/>\n<link rel=\"canonical\" href=\"https:\/\/truusk.store\/sv\/produkt\/truusk-kattmobel-set-hangmatta-kattlada-kattgrotta-sisalstam-katttrad-aktivitetscenter-naturlig-gran-70x35x60-cm\/\" \/>\n<meta property=\"og:locale\" content=\"sv_SE\" \/>\n<meta property=\"og:type\" content=\"article\" \/>\n<meta property=\"og:title\" content=\"TRUUSK Kattm\u00f6bel Set - H\u00e4ngmatta, Kattl\u00e5da, Kattgrotta - Sisalstam - Katttr\u00e4d - Aktivitetscenter - Naturlig Gran - 70x35x60 cm - TRUUSK - Hem, Tr\u00e4dg\u00e5rd &amp; Fritid\" \/>\n<meta property=\"og:description\" content=\"Tillfredsst\u00e4ll din katts naturliga instinkter s\u00e4kert med detta katttr\u00e4d! Detta multiaktivitetscenter har sisal-t\u00e4ckta skrapstolpar, en rymlig l\u00e4genhet, ett sidos\u00f6mnbo och...\" \/>\n<meta property=\"og:url\" content=\"https:\/\/truusk.store\/sv\/produkt\/truusk-kattmobel-set-hangmatta-kattlada-kattgrotta-sisalstam-katttrad-aktivitetscenter-naturlig-gran-70x35x60-cm\/\" \/>\n<meta property=\"og:site_name\" content=\"TRUUSK - Hem, Tr\u00e4dg\u00e5rd &amp; Fritid\" \/>\n<meta property=\"article:modified_time\" content=\"2026-03-12T08:04:13+00:00\" \/>\n<meta property=\"og:image\" content=\"https:\/\/i0.wp.com\/truusk.se\/wp-content\/uploads\/2024\/02\/katthus-med-hangmatta-kattlada-med-sisalstam-kattgrotta-katttrad-kattaktivitetscenter-gran-naturlig-70-x-35-x-60-cm.webp?fit=800%2C800&ssl=1\" \/>\n\t<meta property=\"og:image:width\" content=\"800\" \/>\n\t<meta property=\"og:image:height\" content=\"800\" \/>\n\t<meta property=\"og:image:type\" content=\"image\/webp\" \/>\n<meta name=\"twitter:card\" content=\"summary_large_image\" \/>\n<meta name=\"twitter:label1\" content=\"Ber\u00e4knad l\u00e4stid\" \/>\n\t<meta name=\"twitter:data1\" content=\"1 minut\" \/>\n<!-- \/ Yoast SEO plugin. -->","yoast_head_json":{"title":"TRUUSK Kattm\u00f6bel Set - H\u00e4ngmatta, Kattl\u00e5da, Kattgrotta - Sisalstam - Katttr\u00e4d - Aktivitetscenter - Naturlig Gran - 70x35x60 cm - TRUUSK - Hem, Tr\u00e4dg\u00e5rd &amp; Fritid","robots":{"index":"index","follow":"follow","max-snippet":"max-snippet:-1","max-image-preview":"max-image-preview:large","max-video-preview":"max-video-preview:-1"},"canonical":"https:\/\/truusk.store\/sv\/produkt\/truusk-kattmobel-set-hangmatta-kattlada-kattgrotta-sisalstam-katttrad-aktivitetscenter-naturlig-gran-70x35x60-cm\/","og_locale":"sv_SE","og_type":"article","og_title":"TRUUSK Kattm\u00f6bel Set - H\u00e4ngmatta, Kattl\u00e5da, Kattgrotta - Sisalstam - Katttr\u00e4d - Aktivitetscenter - Naturlig Gran - 70x35x60 cm - TRUUSK - Hem, Tr\u00e4dg\u00e5rd &amp; Fritid","og_description":"Tillfredsst\u00e4ll din katts naturliga instinkter s\u00e4kert med detta katttr\u00e4d! Detta multiaktivitetscenter har sisal-t\u00e4ckta skrapstolpar, en rymlig l\u00e4genhet, ett sidos\u00f6mnbo och...","og_url":"https:\/\/truusk.store\/sv\/produkt\/truusk-kattmobel-set-hangmatta-kattlada-kattgrotta-sisalstam-katttrad-aktivitetscenter-naturlig-gran-70x35x60-cm\/","og_site_name":"TRUUSK - Hem, Tr\u00e4dg\u00e5rd &amp; Fritid","article_modified_time":"2026-03-12T08:04:13+00:00","og_image":[{"width":800,"height":800,"url":"https:\/\/i0.wp.com\/truusk.se\/wp-content\/uploads\/2024\/02\/katthus-med-hangmatta-kattlada-med-sisalstam-kattgrotta-katttrad-kattaktivitetscenter-gran-naturlig-70-x-35-x-60-cm.webp?fit=800%2C800&ssl=1","type":"image\/webp"}],"twitter_card":"summary_large_image","twitter_misc":{"Ber\u00e4knad l\u00e4stid":"1 minut"},"schema":{"@context":"https:\/\/schema.org","@graph":[{"@type":"WebPage","@id":"https:\/\/truusk.store\/sv\/produkt\/truusk-kattmobel-set-hangmatta-kattlada-kattgrotta-sisalstam-katttrad-aktivitetscenter-naturlig-gran-70x35x60-cm\/","url":"https:\/\/truusk.store\/sv\/produkt\/truusk-kattmobel-set-hangmatta-kattlada-kattgrotta-sisalstam-katttrad-aktivitetscenter-naturlig-gran-70x35x60-cm\/","name":"TRUUSK Kattm\u00f6bel Set - H\u00e4ngmatta, Kattl\u00e5da, Kattgrotta - Sisalstam - Katttr\u00e4d - Aktivitetscenter - Naturlig Gran - 70x35x60 cm - TRUUSK - Hem, Tr\u00e4dg\u00e5rd &amp; Fritid","isPartOf":{"@id":"https:\/\/truusk.store\/sv\/#website"},"primaryImageOfPage":{"@id":"https:\/\/truusk.store\/sv\/produkt\/truusk-kattmobel-set-hangmatta-kattlada-kattgrotta-sisalstam-katttrad-aktivitetscenter-naturlig-gran-70x35x60-cm\/#primaryimage"},"image":{"@id":"https:\/\/truusk.store\/sv\/produkt\/truusk-kattmobel-set-hangmatta-kattlada-kattgrotta-sisalstam-katttrad-aktivitetscenter-naturlig-gran-70x35x60-cm\/#primaryimage"},"thumbnailUrl":"https:\/\/i0.wp.com\/truusk.store\/wp-content\/uploads\/2024\/02\/katthus-med-hangmatta-kattlada-med-sisalstam-kattgrotta-katttrad-kattaktivitetscenter-gran-naturlig-70-x-35-x-60-cm.webp?fit=800%2C800&ssl=1","datePublished":"2024-02-13T15:22:30+00:00","dateModified":"2026-03-12T08:04:13+00:00","breadcrumb":{"@id":"https:\/\/truusk.store\/sv\/produkt\/truusk-kattmobel-set-hangmatta-kattlada-kattgrotta-sisalstam-katttrad-aktivitetscenter-naturlig-gran-70x35x60-cm\/#breadcrumb"},"inLanguage":"sv-SE","potentialAction":[{"@type":"ReadAction","target":["https:\/\/truusk.store\/sv\/produkt\/truusk-kattmobel-set-hangmatta-kattlada-kattgrotta-sisalstam-katttrad-aktivitetscenter-naturlig-gran-70x35x60-cm\/"]}]},{"@type":"ImageObject","inLanguage":"sv-SE","@id":"https:\/\/truusk.store\/sv\/produkt\/truusk-kattmobel-set-hangmatta-kattlada-kattgrotta-sisalstam-katttrad-aktivitetscenter-naturlig-gran-70x35x60-cm\/#primaryimage","url":"https:\/\/i0.wp.com\/truusk.store\/wp-content\/uploads\/2024\/02\/katthus-med-hangmatta-kattlada-med-sisalstam-kattgrotta-katttrad-kattaktivitetscenter-gran-naturlig-70-x-35-x-60-cm.webp?fit=800%2C800&ssl=1","contentUrl":"https:\/\/i0.wp.com\/truusk.store\/wp-content\/uploads\/2024\/02\/katthus-med-hangmatta-kattlada-med-sisalstam-kattgrotta-katttrad-kattaktivitetscenter-gran-naturlig-70-x-35-x-60-cm.webp?fit=800%2C800&ssl=1","width":800,"height":800,"caption":"Katthus Med H\u00e4ngmatta, Kattl\u00e5da Med Sisalstam, Kattgrotta, Katttr\u00e4d, Kattaktivitetscenter, Gran, Naturlig, 70 X 35 X 60 Cm 1"},{"@type":"BreadcrumbList","@id":"https:\/\/truusk.store\/sv\/produkt\/truusk-kattmobel-set-hangmatta-kattlada-kattgrotta-sisalstam-katttrad-aktivitetscenter-naturlig-gran-70x35x60-cm\/#breadcrumb","itemListElement":[{"@type":"ListItem","position":1,"name":"Home","item":"https:\/\/truusk.store\/sv\/"},{"@type":"ListItem","position":2,"name":"Shop","item":"https:\/\/truusk.store\/shop\/"},{"@type":"ListItem","position":3,"name":"TRUUSK Kattm\u00f6bel Set &#8211; H\u00e4ngmatta, Kattl\u00e5da, Kattgrotta &#8211; Sisalstam &#8211; Katttr\u00e4d &#8211; Aktivitetscenter &#8211; Naturlig Gran &#8211; 70x35x60 cm"}]},{"@type":"WebSite","@id":"https:\/\/truusk.store\/sv\/#website","url":"https:\/\/truusk.store\/sv\/","name":"TRUUSK - Hem, Tr\u00e4dg\u00e5rd & Fritid","description":"","publisher":{"@id":"https:\/\/truusk.store\/sv\/#organization"},"potentialAction":[{"@type":"SearchAction","target":{"@type":"EntryPoint","urlTemplate":"https:\/\/truusk.store\/sv\/?s={search_term_string}"},"query-input":{"@type":"PropertyValueSpecification","valueRequired":true,"valueName":"search_term_string"}}],"inLanguage":"sv-SE"},{"@type":"Organization","@id":"https:\/\/truusk.store\/sv\/#organization","name":"TRUUSK - Hem, Tr\u00e4dg\u00e5rd & Fritid","url":"https:\/\/truusk.store\/sv\/","logo":{"@type":"ImageObject","inLanguage":"sv-SE","@id":"https:\/\/truusk.store\/sv\/#\/schema\/logo\/image\/","url":"https:\/\/i0.wp.com\/truusk.store\/wp-content\/uploads\/2026\/03\/cropped-TRUUSK.png?fit=2032%2C917&ssl=1","contentUrl":"https:\/\/i0.wp.com\/truusk.store\/wp-content\/uploads\/2026\/03\/cropped-TRUUSK.png?fit=2032%2C917&ssl=1","width":2032,"height":917,"caption":"TRUUSK - Hem, Tr\u00e4dg\u00e5rd & Fritid"},"image":{"@id":"https:\/\/truusk.store\/sv\/#\/schema\/logo\/image\/"}}]}},"jetpack_sharing_enabled":true,"_links":{"self":[{"href":"https:\/\/truusk.store\/sv\/wp-json\/wp\/v2\/product\/22389","targetHints":{"allow":["GET"]}}],"collection":[{"href":"https:\/\/truusk.store\/sv\/wp-json\/wp\/v2\/product"}],"about":[{"href":"https:\/\/truusk.store\/sv\/wp-json\/wp\/v2\/types\/product"}],"wp:featuredmedia":[{"embeddable":true,"href":"https:\/\/truusk.store\/sv\/wp-json\/wp\/v2\/media\/22390"}],"wp:attachment":[{"href":"https:\/\/truusk.store\/sv\/wp-json\/wp\/v2\/media?parent=22389"}],"wp:term":[{"taxonomy":"product_brand","embeddable":true,"href":"https:\/\/truusk.store\/sv\/wp-json\/wp\/v2\/product_brand?post=22389"},{"taxonomy":"product_cat","embeddable":true,"href":"https:\/\/truusk.store\/sv\/wp-json\/wp\/v2\/product_cat?post=22389"},{"taxonomy":"product_tag","embeddable":true,"href":"https:\/\/truusk.store\/sv\/wp-json\/wp\/v2\/product_tag?post=22389"}],"curies":[{"name":"wp","href":"https:\/\/api.w.org\/{rel}","templated":true}]}}