{"id":22399,"date":"2024-02-13T16:22:48","date_gmt":"2024-02-13T15:22:48","guid":{"rendered":"https:\/\/truusk.store\/product\/tradgardsbank-3-sits-stalbank-med-armstod-gjutjarn-svart-127-x-60-x-89-cm\/"},"modified":"2026-03-12T09:04:14","modified_gmt":"2026-03-12T08:04:14","slug":"truusk-tradgardsbank-3-sits-stalbank-med-armstod-gjutjarn-svart-127-x-60-x-89-cm","status":"publish","type":"product","link":"https:\/\/truusk.store\/sv\/produkt\/truusk-tradgardsbank-3-sits-stalbank-med-armstod-gjutjarn-svart-127-x-60-x-89-cm\/","title":{"rendered":"TRUUSK Tr\u00e4dg\u00e5rdsb\u00e4nk 3-sits &#8211; St\u00e5lb\u00e4nk Med Armst\u00f6d &#8211; Gjutj\u00e4rn &#8211; Svart &#8211; 127 X 60 X 89 Cm"},"content":{"rendered":"<p>Denna vackra tr\u00e4dg\u00e5rdsb\u00e4nk kommer att lysa upp din tr\u00e4dg\u00e5rd eller terrass tack vare sin romantiska design och vackra dekorationer.Du kan bekv\u00e4mt njuta av solen utomhus p\u00e5 denna ergonomiskt formade b\u00e4nk.<\/p>\n<h3>Beskrivning:<\/h3>\n<ul>\n<li>En b\u00e4nk med 3 sittplatser, perfekt f\u00f6r en park, en tr\u00e4dg\u00e5rd, en terrass<\/li>\n<li>Djupt s\u00e4te och ergonomiskt format, lutande ryggst\u00f6d f\u00f6r optimal sittkomfort<\/li>\n<li>H\u00f6gt ryggst\u00f6d med harmoniskt rundade linjer i stil med en lilja<\/li>\n<li>Designad och tillverkad av h\u00e5llbar, korrosionsbest\u00e4ndig epoximetall f\u00f6r l\u00e5ngvarig anv\u00e4ndning<\/li>\n<li>Enkel att montera med hj\u00e4lp av den bifogade illustrerade monteringsanvisningen<\/li>\n<\/ul>\n<h3>Teknisk data:<\/h3>\n<ul>\n<li>Svart f\u00e4rg<\/li>\n<li>Material: st\u00e5l, metall<\/li>\n<li>\u00d6vergripande m\u00e5tt: 127L x 60W x 89H cm<\/li>\n<li>Sitsm\u00e5tt: 121W x 40,5D x 40,5H cm<\/li>\n<li>Ryggst\u00f6dsm\u00e5tt: 119W x 33H cm<\/li>\n<li>Armst\u00f6dsh\u00f6jd: 62 cm<\/li>\n<li>Rekommenderad maxlast: 240 kg<\/li>\n<\/ul>\n<h3>Leveransens omfattning:<\/h3>\n<ul>\n<li>1 x tr\u00e4dg\u00e5rdsb\u00e4nk;<\/li>\n<\/ul>\n","protected":false},"excerpt":{"rendered":"<p>Denna vackra tr\u00e4dg\u00e5rdsb\u00e4nk kommer att lysa upp din tr\u00e4dg\u00e5rd eller terrass tack vare sin romantiska design och vackra dekorationer.Du kan&#8230;<\/p>\n","protected":false},"featured_media":22400,"template":"","meta":[],"product_brand":[],"product_cat":[435,454,450],"product_tag":[],"class_list":{"0":"post-22399","1":"product","2":"type-product","3":"status-publish","4":"has-post-thumbnail","6":"product_cat-tradgard-och-terrass","7":"product_cat-tradgardsbankar","8":"product_cat-tradgardsmobler","10":"first","11":"instock","12":"sale","13":"taxable","14":"shipping-taxable","15":"purchasable","16":"product-type-simple"},"yoast_head":"<!-- This site is optimized with the Yoast SEO plugin v25.4 - https:\/\/yoast.com\/wordpress\/plugins\/seo\/ -->\n<title>TRUUSK Tr\u00e4dg\u00e5rdsb\u00e4nk 3-sits - St\u00e5lb\u00e4nk Med Armst\u00f6d - Gjutj\u00e4rn - Svart - 127 X 60 X 89 Cm - TRUUSK - Hem, Tr\u00e4dg\u00e5rd &amp; Fritid<\/title>\n<meta name=\"robots\" content=\"index, follow, max-snippet:-1, max-image-preview:large, max-video-preview:-1\" \/>\n<link rel=\"canonical\" href=\"https:\/\/truusk.store\/sv\/produkt\/truusk-tradgardsbank-3-sits-stalbank-med-armstod-gjutjarn-svart-127-x-60-x-89-cm\/\" \/>\n<meta property=\"og:locale\" content=\"sv_SE\" \/>\n<meta property=\"og:type\" content=\"article\" \/>\n<meta property=\"og:title\" content=\"TRUUSK Tr\u00e4dg\u00e5rdsb\u00e4nk 3-sits - St\u00e5lb\u00e4nk Med Armst\u00f6d - Gjutj\u00e4rn - Svart - 127 X 60 X 89 Cm - TRUUSK - Hem, Tr\u00e4dg\u00e5rd &amp; Fritid\" \/>\n<meta property=\"og:description\" content=\"Denna vackra tr\u00e4dg\u00e5rdsb\u00e4nk kommer att lysa upp din tr\u00e4dg\u00e5rd eller terrass tack vare sin romantiska design och vackra dekorationer.Du kan...\" \/>\n<meta property=\"og:url\" content=\"https:\/\/truusk.store\/sv\/produkt\/truusk-tradgardsbank-3-sits-stalbank-med-armstod-gjutjarn-svart-127-x-60-x-89-cm\/\" \/>\n<meta property=\"og:site_name\" content=\"TRUUSK - Hem, Tr\u00e4dg\u00e5rd &amp; Fritid\" \/>\n<meta property=\"article:modified_time\" content=\"2026-03-12T08:04:14+00:00\" \/>\n<meta property=\"og:image\" content=\"https:\/\/i0.wp.com\/truusk.se\/wp-content\/uploads\/2024\/02\/tradgardsbank-3-sits-stalbank-med-armstod-gjutjarn-svart-127-x-60-x-89-cm.webp?fit=800%2C800&ssl=1\" \/>\n\t<meta property=\"og:image:width\" content=\"800\" \/>\n\t<meta property=\"og:image:height\" content=\"800\" \/>\n\t<meta property=\"og:image:type\" content=\"image\/webp\" \/>\n<meta name=\"twitter:card\" content=\"summary_large_image\" \/>\n<meta name=\"twitter:label1\" content=\"Ber\u00e4knad l\u00e4stid\" \/>\n\t<meta name=\"twitter:data1\" content=\"1 minut\" \/>\n<!-- \/ Yoast SEO plugin. -->","yoast_head_json":{"title":"TRUUSK Tr\u00e4dg\u00e5rdsb\u00e4nk 3-sits - St\u00e5lb\u00e4nk Med Armst\u00f6d - Gjutj\u00e4rn - Svart - 127 X 60 X 89 Cm - TRUUSK - Hem, Tr\u00e4dg\u00e5rd &amp; Fritid","robots":{"index":"index","follow":"follow","max-snippet":"max-snippet:-1","max-image-preview":"max-image-preview:large","max-video-preview":"max-video-preview:-1"},"canonical":"https:\/\/truusk.store\/sv\/produkt\/truusk-tradgardsbank-3-sits-stalbank-med-armstod-gjutjarn-svart-127-x-60-x-89-cm\/","og_locale":"sv_SE","og_type":"article","og_title":"TRUUSK Tr\u00e4dg\u00e5rdsb\u00e4nk 3-sits - St\u00e5lb\u00e4nk Med Armst\u00f6d - Gjutj\u00e4rn - Svart - 127 X 60 X 89 Cm - TRUUSK - Hem, Tr\u00e4dg\u00e5rd &amp; Fritid","og_description":"Denna vackra tr\u00e4dg\u00e5rdsb\u00e4nk kommer att lysa upp din tr\u00e4dg\u00e5rd eller terrass tack vare sin romantiska design och vackra dekorationer.Du kan...","og_url":"https:\/\/truusk.store\/sv\/produkt\/truusk-tradgardsbank-3-sits-stalbank-med-armstod-gjutjarn-svart-127-x-60-x-89-cm\/","og_site_name":"TRUUSK - Hem, Tr\u00e4dg\u00e5rd &amp; Fritid","article_modified_time":"2026-03-12T08:04:14+00:00","og_image":[{"width":800,"height":800,"url":"https:\/\/i0.wp.com\/truusk.se\/wp-content\/uploads\/2024\/02\/tradgardsbank-3-sits-stalbank-med-armstod-gjutjarn-svart-127-x-60-x-89-cm.webp?fit=800%2C800&ssl=1","type":"image\/webp"}],"twitter_card":"summary_large_image","twitter_misc":{"Ber\u00e4knad l\u00e4stid":"1 minut"},"schema":{"@context":"https:\/\/schema.org","@graph":[{"@type":"WebPage","@id":"https:\/\/truusk.store\/sv\/produkt\/truusk-tradgardsbank-3-sits-stalbank-med-armstod-gjutjarn-svart-127-x-60-x-89-cm\/","url":"https:\/\/truusk.store\/sv\/produkt\/truusk-tradgardsbank-3-sits-stalbank-med-armstod-gjutjarn-svart-127-x-60-x-89-cm\/","name":"TRUUSK Tr\u00e4dg\u00e5rdsb\u00e4nk 3-sits - St\u00e5lb\u00e4nk Med Armst\u00f6d - Gjutj\u00e4rn - Svart - 127 X 60 X 89 Cm - TRUUSK - Hem, Tr\u00e4dg\u00e5rd &amp; Fritid","isPartOf":{"@id":"https:\/\/truusk.store\/sv\/#website"},"primaryImageOfPage":{"@id":"https:\/\/truusk.store\/sv\/produkt\/truusk-tradgardsbank-3-sits-stalbank-med-armstod-gjutjarn-svart-127-x-60-x-89-cm\/#primaryimage"},"image":{"@id":"https:\/\/truusk.store\/sv\/produkt\/truusk-tradgardsbank-3-sits-stalbank-med-armstod-gjutjarn-svart-127-x-60-x-89-cm\/#primaryimage"},"thumbnailUrl":"https:\/\/i0.wp.com\/truusk.store\/wp-content\/uploads\/2024\/02\/tradgardsbank-3-sits-stalbank-med-armstod-gjutjarn-svart-127-x-60-x-89-cm.webp?fit=800%2C800&ssl=1","datePublished":"2024-02-13T15:22:48+00:00","dateModified":"2026-03-12T08:04:14+00:00","breadcrumb":{"@id":"https:\/\/truusk.store\/sv\/produkt\/truusk-tradgardsbank-3-sits-stalbank-med-armstod-gjutjarn-svart-127-x-60-x-89-cm\/#breadcrumb"},"inLanguage":"sv-SE","potentialAction":[{"@type":"ReadAction","target":["https:\/\/truusk.store\/sv\/produkt\/truusk-tradgardsbank-3-sits-stalbank-med-armstod-gjutjarn-svart-127-x-60-x-89-cm\/"]}]},{"@type":"ImageObject","inLanguage":"sv-SE","@id":"https:\/\/truusk.store\/sv\/produkt\/truusk-tradgardsbank-3-sits-stalbank-med-armstod-gjutjarn-svart-127-x-60-x-89-cm\/#primaryimage","url":"https:\/\/i0.wp.com\/truusk.store\/wp-content\/uploads\/2024\/02\/tradgardsbank-3-sits-stalbank-med-armstod-gjutjarn-svart-127-x-60-x-89-cm.webp?fit=800%2C800&ssl=1","contentUrl":"https:\/\/i0.wp.com\/truusk.store\/wp-content\/uploads\/2024\/02\/tradgardsbank-3-sits-stalbank-med-armstod-gjutjarn-svart-127-x-60-x-89-cm.webp?fit=800%2C800&ssl=1","width":800,"height":800,"caption":"Tr\u00e4dg\u00e5rdsb\u00e4nk 3-sits St\u00e5lb\u00e4nk Med Armst\u00f6d Gjutj\u00e4rn Svart 127 X 60 X 89 Cm 1"},{"@type":"BreadcrumbList","@id":"https:\/\/truusk.store\/sv\/produkt\/truusk-tradgardsbank-3-sits-stalbank-med-armstod-gjutjarn-svart-127-x-60-x-89-cm\/#breadcrumb","itemListElement":[{"@type":"ListItem","position":1,"name":"Home","item":"https:\/\/truusk.store\/sv\/"},{"@type":"ListItem","position":2,"name":"Shop","item":"https:\/\/truusk.store\/shop\/"},{"@type":"ListItem","position":3,"name":"TRUUSK Tr\u00e4dg\u00e5rdsb\u00e4nk 3-sits &#8211; St\u00e5lb\u00e4nk Med Armst\u00f6d &#8211; Gjutj\u00e4rn &#8211; Svart &#8211; 127 X 60 X 89 Cm"}]},{"@type":"WebSite","@id":"https:\/\/truusk.store\/sv\/#website","url":"https:\/\/truusk.store\/sv\/","name":"TRUUSK - Hem, Tr\u00e4dg\u00e5rd & Fritid","description":"","publisher":{"@id":"https:\/\/truusk.store\/sv\/#organization"},"potentialAction":[{"@type":"SearchAction","target":{"@type":"EntryPoint","urlTemplate":"https:\/\/truusk.store\/sv\/?s={search_term_string}"},"query-input":{"@type":"PropertyValueSpecification","valueRequired":true,"valueName":"search_term_string"}}],"inLanguage":"sv-SE"},{"@type":"Organization","@id":"https:\/\/truusk.store\/sv\/#organization","name":"TRUUSK - Hem, Tr\u00e4dg\u00e5rd & Fritid","url":"https:\/\/truusk.store\/sv\/","logo":{"@type":"ImageObject","inLanguage":"sv-SE","@id":"https:\/\/truusk.store\/sv\/#\/schema\/logo\/image\/","url":"https:\/\/i0.wp.com\/truusk.store\/wp-content\/uploads\/2026\/03\/cropped-TRUUSK.png?fit=2032%2C917&ssl=1","contentUrl":"https:\/\/i0.wp.com\/truusk.store\/wp-content\/uploads\/2026\/03\/cropped-TRUUSK.png?fit=2032%2C917&ssl=1","width":2032,"height":917,"caption":"TRUUSK - Hem, Tr\u00e4dg\u00e5rd & Fritid"},"image":{"@id":"https:\/\/truusk.store\/sv\/#\/schema\/logo\/image\/"}}]}},"jetpack_sharing_enabled":true,"_links":{"self":[{"href":"https:\/\/truusk.store\/sv\/wp-json\/wp\/v2\/product\/22399","targetHints":{"allow":["GET"]}}],"collection":[{"href":"https:\/\/truusk.store\/sv\/wp-json\/wp\/v2\/product"}],"about":[{"href":"https:\/\/truusk.store\/sv\/wp-json\/wp\/v2\/types\/product"}],"wp:featuredmedia":[{"embeddable":true,"href":"https:\/\/truusk.store\/sv\/wp-json\/wp\/v2\/media\/22400"}],"wp:attachment":[{"href":"https:\/\/truusk.store\/sv\/wp-json\/wp\/v2\/media?parent=22399"}],"wp:term":[{"taxonomy":"product_brand","embeddable":true,"href":"https:\/\/truusk.store\/sv\/wp-json\/wp\/v2\/product_brand?post=22399"},{"taxonomy":"product_cat","embeddable":true,"href":"https:\/\/truusk.store\/sv\/wp-json\/wp\/v2\/product_cat?post=22399"},{"taxonomy":"product_tag","embeddable":true,"href":"https:\/\/truusk.store\/sv\/wp-json\/wp\/v2\/product_tag?post=22399"}],"curies":[{"name":"wp","href":"https:\/\/api.w.org\/{rel}","templated":true}]}}