{"id":22410,"date":"2024-02-13T16:23:08","date_gmt":"2024-02-13T15:23:08","guid":{"rendered":"https:\/\/truusk.store\/product\/verktygsvaska-verktygsvagn-verktygslada-3-nivaer-4-hjul-82-cm-x-35-cm-x-76-cm-rod\/"},"modified":"2026-03-12T09:04:14","modified_gmt":"2026-03-12T08:04:14","slug":"truusk-verktygsvaska-for-verktyg-3-nivaer-4-hjul-82x35x76-cm-rod","status":"publish","type":"product","link":"https:\/\/truusk.store\/sv\/produkt\/truusk-verktygsvaska-for-verktyg-3-nivaer-4-hjul-82x35x76-cm-rod\/","title":{"rendered":"TRUUSK Verktygsv\u00e4ska f\u00f6r Verktyg, 3 Niv\u00e5er &#8211; 4 Hjul &#8211; 82x35x76 cm &#8211; R\u00f6d"},"content":{"rendered":"<p>Den idealiska l\u00f6sningen f\u00f6r verktygsf\u00f6rvaring. Den praktiska verktygsvagnen \u00e4r komplett med 3 v\u00e5ningar och en l\u00e5da f\u00f6r att f\u00f6rvara alla dina verktyg snyggt. Den erbjuder gott om f\u00f6rvaringsutrymme f\u00f6r verktyg och andra sm\u00e5 tillbeh\u00f6r. Fyra hjul (2 universalhjul och 2 sv\u00e4ngbara hjul) s\u00e4kerst\u00e4ller enkel transport. Passar i vilket garage eller verkstad som helst.<\/p>\n<h3>Beskrivning:<\/h3>\n<ul>\n<li>Handtag p\u00e5 sidan och 4 hjul med bromsar f\u00f6r att underl\u00e4tta f\u00f6rflyttning av denna enhet<\/li>\n<li>Robust st\u00e5lkonstruktion f\u00f6r h\u00f6g motst\u00e5ndskraft mot repor och korrosion<\/li>\n<li>3 niv\u00e5er f\u00f6r att organisera och lagra verktyg<\/li>\n<li>Idealisk verktygsf\u00f6rvaring f\u00f6r garage och verkst\u00e4der<\/li>\n<\/ul>\n<h3>Teknisk data:<\/h3>\n<ul>\n<li>Material: st\u00e5l<\/li>\n<li>F\u00e4rger: R\u00f6d+svart<\/li>\n<li>Produktm\u00e5tt: 82L x 35W x 76H cm<\/li>\n<li>Varje niv\u00e5storlek: 70L x 35W x 6H cm<\/li>\n<li>L\u00e5dm\u00e5tt: 71,5L x 36W x 20H cm<\/li>\n<li>Viktkapacitet: 30 kg (varje niv\u00e5), 60 kg (totalt)<\/li>\n<\/ul>\n<h3>Leveransens omfattning:<\/h3>\n<ul>\n<li>1 x Verktygsvagn<\/li>\n<li>1 x Instruktioner<\/li>\n<\/ul>\n","protected":false},"excerpt":{"rendered":"<p>Den idealiska l\u00f6sningen f\u00f6r verktygsf\u00f6rvaring. Den praktiska verktygsvagnen \u00e4r komplett med 3 v\u00e5ningar och en l\u00e5da f\u00f6r att f\u00f6rvara alla&#8230;<\/p>\n","protected":false},"featured_media":22411,"template":"","meta":[],"product_brand":[],"product_cat":[688,671,692],"product_tag":[],"class_list":{"0":"post-22410","1":"product","2":"type-product","3":"status-publish","4":"has-post-thumbnail","6":"product_cat-diy","7":"product_cat-jarnaffar","8":"product_cat-ordersystem","10":"first","11":"instock","12":"sale","13":"taxable","14":"shipping-taxable","15":"purchasable","16":"product-type-simple"},"yoast_head":"<!-- This site is optimized with the Yoast SEO plugin v25.4 - https:\/\/yoast.com\/wordpress\/plugins\/seo\/ -->\n<title>TRUUSK Verktygsv\u00e4ska f\u00f6r Verktyg, 3 Niv\u00e5er - 4 Hjul - 82x35x76 cm - R\u00f6d - TRUUSK - Hem, Tr\u00e4dg\u00e5rd &amp; Fritid<\/title>\n<meta name=\"robots\" content=\"index, follow, max-snippet:-1, max-image-preview:large, max-video-preview:-1\" \/>\n<link rel=\"canonical\" href=\"https:\/\/truusk.store\/sv\/produkt\/truusk-verktygsvaska-for-verktyg-3-nivaer-4-hjul-82x35x76-cm-rod\/\" \/>\n<meta property=\"og:locale\" content=\"sv_SE\" \/>\n<meta property=\"og:type\" content=\"article\" \/>\n<meta property=\"og:title\" content=\"TRUUSK Verktygsv\u00e4ska f\u00f6r Verktyg, 3 Niv\u00e5er - 4 Hjul - 82x35x76 cm - R\u00f6d - TRUUSK - Hem, Tr\u00e4dg\u00e5rd &amp; Fritid\" \/>\n<meta property=\"og:description\" content=\"Den idealiska l\u00f6sningen f\u00f6r verktygsf\u00f6rvaring. Den praktiska verktygsvagnen \u00e4r komplett med 3 v\u00e5ningar och en l\u00e5da f\u00f6r att f\u00f6rvara alla...\" \/>\n<meta property=\"og:url\" content=\"https:\/\/truusk.store\/sv\/produkt\/truusk-verktygsvaska-for-verktyg-3-nivaer-4-hjul-82x35x76-cm-rod\/\" \/>\n<meta property=\"og:site_name\" content=\"TRUUSK - Hem, Tr\u00e4dg\u00e5rd &amp; Fritid\" \/>\n<meta property=\"article:modified_time\" content=\"2026-03-12T08:04:14+00:00\" \/>\n<meta property=\"og:image\" content=\"https:\/\/i0.wp.com\/truusk.se\/wp-content\/uploads\/2024\/02\/verktygsvaska-verktygsvagn-verktygslada-3-nivaer-4-hjul-82-cm-x-35-cm-x-76-cm-rod.webp?fit=800%2C800&ssl=1\" \/>\n\t<meta property=\"og:image:width\" content=\"800\" \/>\n\t<meta property=\"og:image:height\" content=\"800\" \/>\n\t<meta property=\"og:image:type\" content=\"image\/webp\" \/>\n<meta name=\"twitter:card\" content=\"summary_large_image\" \/>\n<meta name=\"twitter:label1\" content=\"Ber\u00e4knad l\u00e4stid\" \/>\n\t<meta name=\"twitter:data1\" content=\"1 minut\" \/>\n<!-- \/ Yoast SEO plugin. -->","yoast_head_json":{"title":"TRUUSK Verktygsv\u00e4ska f\u00f6r Verktyg, 3 Niv\u00e5er - 4 Hjul - 82x35x76 cm - R\u00f6d - TRUUSK - Hem, Tr\u00e4dg\u00e5rd &amp; Fritid","robots":{"index":"index","follow":"follow","max-snippet":"max-snippet:-1","max-image-preview":"max-image-preview:large","max-video-preview":"max-video-preview:-1"},"canonical":"https:\/\/truusk.store\/sv\/produkt\/truusk-verktygsvaska-for-verktyg-3-nivaer-4-hjul-82x35x76-cm-rod\/","og_locale":"sv_SE","og_type":"article","og_title":"TRUUSK Verktygsv\u00e4ska f\u00f6r Verktyg, 3 Niv\u00e5er - 4 Hjul - 82x35x76 cm - R\u00f6d - TRUUSK - Hem, Tr\u00e4dg\u00e5rd &amp; Fritid","og_description":"Den idealiska l\u00f6sningen f\u00f6r verktygsf\u00f6rvaring. Den praktiska verktygsvagnen \u00e4r komplett med 3 v\u00e5ningar och en l\u00e5da f\u00f6r att f\u00f6rvara alla...","og_url":"https:\/\/truusk.store\/sv\/produkt\/truusk-verktygsvaska-for-verktyg-3-nivaer-4-hjul-82x35x76-cm-rod\/","og_site_name":"TRUUSK - Hem, Tr\u00e4dg\u00e5rd &amp; Fritid","article_modified_time":"2026-03-12T08:04:14+00:00","og_image":[{"width":800,"height":800,"url":"https:\/\/i0.wp.com\/truusk.se\/wp-content\/uploads\/2024\/02\/verktygsvaska-verktygsvagn-verktygslada-3-nivaer-4-hjul-82-cm-x-35-cm-x-76-cm-rod.webp?fit=800%2C800&ssl=1","type":"image\/webp"}],"twitter_card":"summary_large_image","twitter_misc":{"Ber\u00e4knad l\u00e4stid":"1 minut"},"schema":{"@context":"https:\/\/schema.org","@graph":[{"@type":"WebPage","@id":"https:\/\/truusk.store\/sv\/produkt\/truusk-verktygsvaska-for-verktyg-3-nivaer-4-hjul-82x35x76-cm-rod\/","url":"https:\/\/truusk.store\/sv\/produkt\/truusk-verktygsvaska-for-verktyg-3-nivaer-4-hjul-82x35x76-cm-rod\/","name":"TRUUSK Verktygsv\u00e4ska f\u00f6r Verktyg, 3 Niv\u00e5er - 4 Hjul - 82x35x76 cm - R\u00f6d - TRUUSK - Hem, Tr\u00e4dg\u00e5rd &amp; Fritid","isPartOf":{"@id":"https:\/\/truusk.store\/sv\/#website"},"primaryImageOfPage":{"@id":"https:\/\/truusk.store\/sv\/produkt\/truusk-verktygsvaska-for-verktyg-3-nivaer-4-hjul-82x35x76-cm-rod\/#primaryimage"},"image":{"@id":"https:\/\/truusk.store\/sv\/produkt\/truusk-verktygsvaska-for-verktyg-3-nivaer-4-hjul-82x35x76-cm-rod\/#primaryimage"},"thumbnailUrl":"https:\/\/i0.wp.com\/truusk.store\/wp-content\/uploads\/2024\/02\/verktygsvaska-verktygsvagn-verktygslada-3-nivaer-4-hjul-82-cm-x-35-cm-x-76-cm-rod.webp?fit=800%2C800&ssl=1","datePublished":"2024-02-13T15:23:08+00:00","dateModified":"2026-03-12T08:04:14+00:00","breadcrumb":{"@id":"https:\/\/truusk.store\/sv\/produkt\/truusk-verktygsvaska-for-verktyg-3-nivaer-4-hjul-82x35x76-cm-rod\/#breadcrumb"},"inLanguage":"sv-SE","potentialAction":[{"@type":"ReadAction","target":["https:\/\/truusk.store\/sv\/produkt\/truusk-verktygsvaska-for-verktyg-3-nivaer-4-hjul-82x35x76-cm-rod\/"]}]},{"@type":"ImageObject","inLanguage":"sv-SE","@id":"https:\/\/truusk.store\/sv\/produkt\/truusk-verktygsvaska-for-verktyg-3-nivaer-4-hjul-82x35x76-cm-rod\/#primaryimage","url":"https:\/\/i0.wp.com\/truusk.store\/wp-content\/uploads\/2024\/02\/verktygsvaska-verktygsvagn-verktygslada-3-nivaer-4-hjul-82-cm-x-35-cm-x-76-cm-rod.webp?fit=800%2C800&ssl=1","contentUrl":"https:\/\/i0.wp.com\/truusk.store\/wp-content\/uploads\/2024\/02\/verktygsvaska-verktygsvagn-verktygslada-3-nivaer-4-hjul-82-cm-x-35-cm-x-76-cm-rod.webp?fit=800%2C800&ssl=1","width":800,"height":800,"caption":"Verktygsv\u00e4ska Verktygsvagn Verktygsl\u00e5da, 3 Niv\u00e5er, 4 Hjul, 82 Cm X 35 Cm X 76 Cm, R\u00f6d 1"},{"@type":"BreadcrumbList","@id":"https:\/\/truusk.store\/sv\/produkt\/truusk-verktygsvaska-for-verktyg-3-nivaer-4-hjul-82x35x76-cm-rod\/#breadcrumb","itemListElement":[{"@type":"ListItem","position":1,"name":"Home","item":"https:\/\/truusk.store\/sv\/"},{"@type":"ListItem","position":2,"name":"Shop","item":"https:\/\/truusk.store\/shop\/"},{"@type":"ListItem","position":3,"name":"TRUUSK Verktygsv\u00e4ska f\u00f6r Verktyg, 3 Niv\u00e5er &#8211; 4 Hjul &#8211; 82x35x76 cm &#8211; R\u00f6d"}]},{"@type":"WebSite","@id":"https:\/\/truusk.store\/sv\/#website","url":"https:\/\/truusk.store\/sv\/","name":"TRUUSK - Hem, Tr\u00e4dg\u00e5rd & Fritid","description":"","publisher":{"@id":"https:\/\/truusk.store\/sv\/#organization"},"potentialAction":[{"@type":"SearchAction","target":{"@type":"EntryPoint","urlTemplate":"https:\/\/truusk.store\/sv\/?s={search_term_string}"},"query-input":{"@type":"PropertyValueSpecification","valueRequired":true,"valueName":"search_term_string"}}],"inLanguage":"sv-SE"},{"@type":"Organization","@id":"https:\/\/truusk.store\/sv\/#organization","name":"TRUUSK - Hem, Tr\u00e4dg\u00e5rd & Fritid","url":"https:\/\/truusk.store\/sv\/","logo":{"@type":"ImageObject","inLanguage":"sv-SE","@id":"https:\/\/truusk.store\/sv\/#\/schema\/logo\/image\/","url":"https:\/\/i0.wp.com\/truusk.store\/wp-content\/uploads\/2026\/03\/cropped-TRUUSK.png?fit=2032%2C917&ssl=1","contentUrl":"https:\/\/i0.wp.com\/truusk.store\/wp-content\/uploads\/2026\/03\/cropped-TRUUSK.png?fit=2032%2C917&ssl=1","width":2032,"height":917,"caption":"TRUUSK - Hem, Tr\u00e4dg\u00e5rd & Fritid"},"image":{"@id":"https:\/\/truusk.store\/sv\/#\/schema\/logo\/image\/"}}]}},"jetpack_sharing_enabled":true,"_links":{"self":[{"href":"https:\/\/truusk.store\/sv\/wp-json\/wp\/v2\/product\/22410","targetHints":{"allow":["GET"]}}],"collection":[{"href":"https:\/\/truusk.store\/sv\/wp-json\/wp\/v2\/product"}],"about":[{"href":"https:\/\/truusk.store\/sv\/wp-json\/wp\/v2\/types\/product"}],"wp:featuredmedia":[{"embeddable":true,"href":"https:\/\/truusk.store\/sv\/wp-json\/wp\/v2\/media\/22411"}],"wp:attachment":[{"href":"https:\/\/truusk.store\/sv\/wp-json\/wp\/v2\/media?parent=22410"}],"wp:term":[{"taxonomy":"product_brand","embeddable":true,"href":"https:\/\/truusk.store\/sv\/wp-json\/wp\/v2\/product_brand?post=22410"},{"taxonomy":"product_cat","embeddable":true,"href":"https:\/\/truusk.store\/sv\/wp-json\/wp\/v2\/product_cat?post=22410"},{"taxonomy":"product_tag","embeddable":true,"href":"https:\/\/truusk.store\/sv\/wp-json\/wp\/v2\/product_tag?post=22410"}],"curies":[{"name":"wp","href":"https:\/\/api.w.org\/{rel}","templated":true}]}}