{"id":22421,"date":"2024-02-13T16:23:25","date_gmt":"2024-02-13T15:23:25","guid":{"rendered":"https:\/\/truusk.store\/product\/tradgardspaviljong-paviljong-tradgardstalt-talt-partytalt-med-4-x-sidovaggar-vaderbestandig-metall-polyestergra-294-x-294-x-265-m\/"},"modified":"2026-03-12T09:04:14","modified_gmt":"2026-03-12T08:04:14","slug":"truusk-tradgardspaviljong-partytalt-med-4-x-sidovaggar-vaderbestandig-metall-polyester-gra-294-x-294-x-265-m","status":"publish","type":"product","link":"https:\/\/truusk.store\/sv\/produkt\/truusk-tradgardspaviljong-partytalt-med-4-x-sidovaggar-vaderbestandig-metall-polyester-gra-294-x-294-x-265-m\/","title":{"rendered":"TRUUSK Tr\u00e4dg\u00e5rdspaviljong &#8211; Partyt\u00e4lt med 4 x Sidov\u00e4ggar &#8211; V\u00e4derbest\u00e4ndig &#8211; Metall + Polyester &#8211; Gr\u00e5 &#8211; 2,94 x 2,94 x 2,65 m"},"content":{"rendered":"<p>Detta chica lusthus f\u00f6rvandlar din uteplats till en praktisk och stilfull m\u00f6tesplats med sin eleganta och genomt\u00e4nkta design. Det vattenavvisande taket skyddar dig fr\u00e5n UV-str\u00e5lning och starkt solljus och \u00e4r fortfarande ljus\u00e4kta. Den pulverlackerade st\u00e5lramen och belagda polyestertaket kommer att tj\u00e4na dig v\u00e4l i m\u00e5nga \u00e5r fram\u00f6ver. Planera din n\u00e4sta tr\u00e4dg\u00e5rdsfest med din nya paviljong nu och njut av den varma \u00e5rstiden till fullo!<\/p>\n<h3>Beskrivning:<\/h3>\n<ul>\n<li>Dubbeltak design<\/li>\n<li>Robust polyesterv\u00e4v med PA-bel\u00e4ggning f\u00f6r att skydda mot UV och starkt solljus<\/li>\n<li>Praktiskt dubbeltak med myggn\u00e4t f\u00f6r b\u00e4ttre luftcirkulation och insektsskydd<\/li>\n<li>Robust pulverlackerad metallram<\/li>\n<li>Reglerad vattenavledning av 8 sen<\/li>\n<li>8 pinnar f\u00f6r f\u00f6rankring i marken och 4 stavar ger extra stabilitet<\/li>\n<li>Observera: L\u00e4mna inte paviljongen uppst\u00e4lld i h\u00e5rd vind eller storm, annars kan skador uppst\u00e5.<\/li>\n<\/ul>\n<h3>Teknisk data:<\/h3>\n<ul>\n<li>Material: polyester, metall<\/li>\n<li>F\u00e4rg gr\u00e5<\/li>\n<li>Vikt: 12kg<\/li>\n<li>\u00d6vergripande m\u00e5tt: 294L x 294W x 265H cm<\/li>\n<li>Genomg\u00e5ngsh\u00f6jd: 195 cm<\/li>\n<\/ul>\n<h3>Leveransens omfattning:<\/h3>\n<ul>\n<li>1 x Gazebo<\/li>\n<li>8 x pinnar, 4 x killrep<\/li>\n<li>1 x Monteringsanvisning<\/li>\n<\/ul>\n","protected":false},"excerpt":{"rendered":"<p>Detta chica lusthus f\u00f6rvandlar din uteplats till en praktisk och stilfull m\u00f6tesplats med sin eleganta och genomt\u00e4nkta design. Det vattenavvisande&#8230;<\/p>\n","protected":false},"featured_media":22422,"template":"","meta":[],"product_brand":[],"product_cat":[477,435,476],"product_tag":[],"class_list":{"0":"post-22421","1":"product","2":"type-product","3":"status-publish","4":"has-post-thumbnail","6":"product_cat-paviljonger-partytalt","7":"product_cat-tradgard-och-terrass","8":"product_cat-tradgardspaviljonger","10":"first","11":"instock","12":"sale","13":"taxable","14":"shipping-taxable","15":"purchasable","16":"product-type-simple"},"yoast_head":"<!-- This site is optimized with the Yoast SEO plugin v25.4 - https:\/\/yoast.com\/wordpress\/plugins\/seo\/ -->\n<title>TRUUSK Tr\u00e4dg\u00e5rdspaviljong - Partyt\u00e4lt med 4 x Sidov\u00e4ggar - V\u00e4derbest\u00e4ndig - Metall + Polyester - Gr\u00e5 - 2,94 x 2,94 x 2,65 m - TRUUSK - Hem, Tr\u00e4dg\u00e5rd &amp; Fritid<\/title>\n<meta name=\"robots\" content=\"index, follow, max-snippet:-1, max-image-preview:large, max-video-preview:-1\" \/>\n<link rel=\"canonical\" href=\"https:\/\/truusk.store\/sv\/produkt\/truusk-tradgardspaviljong-partytalt-med-4-x-sidovaggar-vaderbestandig-metall-polyester-gra-294-x-294-x-265-m\/\" \/>\n<meta property=\"og:locale\" content=\"sv_SE\" \/>\n<meta property=\"og:type\" content=\"article\" \/>\n<meta property=\"og:title\" content=\"TRUUSK Tr\u00e4dg\u00e5rdspaviljong - Partyt\u00e4lt med 4 x Sidov\u00e4ggar - V\u00e4derbest\u00e4ndig - Metall + Polyester - Gr\u00e5 - 2,94 x 2,94 x 2,65 m - TRUUSK - Hem, Tr\u00e4dg\u00e5rd &amp; Fritid\" \/>\n<meta property=\"og:description\" content=\"Detta chica lusthus f\u00f6rvandlar din uteplats till en praktisk och stilfull m\u00f6tesplats med sin eleganta och genomt\u00e4nkta design. Det vattenavvisande...\" \/>\n<meta property=\"og:url\" content=\"https:\/\/truusk.store\/sv\/produkt\/truusk-tradgardspaviljong-partytalt-med-4-x-sidovaggar-vaderbestandig-metall-polyester-gra-294-x-294-x-265-m\/\" \/>\n<meta property=\"og:site_name\" content=\"TRUUSK - Hem, Tr\u00e4dg\u00e5rd &amp; Fritid\" \/>\n<meta property=\"article:modified_time\" content=\"2026-03-12T08:04:14+00:00\" \/>\n<meta property=\"og:image\" content=\"https:\/\/i0.wp.com\/truusk.se\/wp-content\/uploads\/2024\/02\/tradgardspaviljong-paviljong-tradgardstalt-talt-partytalt-med-4-x-sidovaggar-vaderbestandig-metall-polyestergra-294-x-294-x-265-m.webp?fit=800%2C800&ssl=1\" \/>\n\t<meta property=\"og:image:width\" content=\"800\" \/>\n\t<meta property=\"og:image:height\" content=\"800\" \/>\n\t<meta property=\"og:image:type\" content=\"image\/webp\" \/>\n<meta name=\"twitter:card\" content=\"summary_large_image\" \/>\n<meta name=\"twitter:label1\" content=\"Ber\u00e4knad l\u00e4stid\" \/>\n\t<meta name=\"twitter:data1\" content=\"1 minut\" \/>\n<!-- \/ Yoast SEO plugin. -->","yoast_head_json":{"title":"TRUUSK Tr\u00e4dg\u00e5rdspaviljong - Partyt\u00e4lt med 4 x Sidov\u00e4ggar - V\u00e4derbest\u00e4ndig - Metall + Polyester - Gr\u00e5 - 2,94 x 2,94 x 2,65 m - TRUUSK - Hem, Tr\u00e4dg\u00e5rd &amp; Fritid","robots":{"index":"index","follow":"follow","max-snippet":"max-snippet:-1","max-image-preview":"max-image-preview:large","max-video-preview":"max-video-preview:-1"},"canonical":"https:\/\/truusk.store\/sv\/produkt\/truusk-tradgardspaviljong-partytalt-med-4-x-sidovaggar-vaderbestandig-metall-polyester-gra-294-x-294-x-265-m\/","og_locale":"sv_SE","og_type":"article","og_title":"TRUUSK Tr\u00e4dg\u00e5rdspaviljong - Partyt\u00e4lt med 4 x Sidov\u00e4ggar - V\u00e4derbest\u00e4ndig - Metall + Polyester - Gr\u00e5 - 2,94 x 2,94 x 2,65 m - TRUUSK - Hem, Tr\u00e4dg\u00e5rd &amp; Fritid","og_description":"Detta chica lusthus f\u00f6rvandlar din uteplats till en praktisk och stilfull m\u00f6tesplats med sin eleganta och genomt\u00e4nkta design. Det vattenavvisande...","og_url":"https:\/\/truusk.store\/sv\/produkt\/truusk-tradgardspaviljong-partytalt-med-4-x-sidovaggar-vaderbestandig-metall-polyester-gra-294-x-294-x-265-m\/","og_site_name":"TRUUSK - Hem, Tr\u00e4dg\u00e5rd &amp; Fritid","article_modified_time":"2026-03-12T08:04:14+00:00","og_image":[{"width":800,"height":800,"url":"https:\/\/i0.wp.com\/truusk.se\/wp-content\/uploads\/2024\/02\/tradgardspaviljong-paviljong-tradgardstalt-talt-partytalt-med-4-x-sidovaggar-vaderbestandig-metall-polyestergra-294-x-294-x-265-m.webp?fit=800%2C800&ssl=1","type":"image\/webp"}],"twitter_card":"summary_large_image","twitter_misc":{"Ber\u00e4knad l\u00e4stid":"1 minut"},"schema":{"@context":"https:\/\/schema.org","@graph":[{"@type":"WebPage","@id":"https:\/\/truusk.store\/sv\/produkt\/truusk-tradgardspaviljong-partytalt-med-4-x-sidovaggar-vaderbestandig-metall-polyester-gra-294-x-294-x-265-m\/","url":"https:\/\/truusk.store\/sv\/produkt\/truusk-tradgardspaviljong-partytalt-med-4-x-sidovaggar-vaderbestandig-metall-polyester-gra-294-x-294-x-265-m\/","name":"TRUUSK Tr\u00e4dg\u00e5rdspaviljong - Partyt\u00e4lt med 4 x Sidov\u00e4ggar - V\u00e4derbest\u00e4ndig - Metall + Polyester - Gr\u00e5 - 2,94 x 2,94 x 2,65 m - TRUUSK - Hem, Tr\u00e4dg\u00e5rd &amp; Fritid","isPartOf":{"@id":"https:\/\/truusk.store\/sv\/#website"},"primaryImageOfPage":{"@id":"https:\/\/truusk.store\/sv\/produkt\/truusk-tradgardspaviljong-partytalt-med-4-x-sidovaggar-vaderbestandig-metall-polyester-gra-294-x-294-x-265-m\/#primaryimage"},"image":{"@id":"https:\/\/truusk.store\/sv\/produkt\/truusk-tradgardspaviljong-partytalt-med-4-x-sidovaggar-vaderbestandig-metall-polyester-gra-294-x-294-x-265-m\/#primaryimage"},"thumbnailUrl":"https:\/\/i0.wp.com\/truusk.store\/wp-content\/uploads\/2024\/02\/tradgardspaviljong-paviljong-tradgardstalt-talt-partytalt-med-4-x-sidovaggar-vaderbestandig-metall-polyestergra-294-x-294-x-265-m.webp?fit=800%2C800&ssl=1","datePublished":"2024-02-13T15:23:25+00:00","dateModified":"2026-03-12T08:04:14+00:00","breadcrumb":{"@id":"https:\/\/truusk.store\/sv\/produkt\/truusk-tradgardspaviljong-partytalt-med-4-x-sidovaggar-vaderbestandig-metall-polyester-gra-294-x-294-x-265-m\/#breadcrumb"},"inLanguage":"sv-SE","potentialAction":[{"@type":"ReadAction","target":["https:\/\/truusk.store\/sv\/produkt\/truusk-tradgardspaviljong-partytalt-med-4-x-sidovaggar-vaderbestandig-metall-polyester-gra-294-x-294-x-265-m\/"]}]},{"@type":"ImageObject","inLanguage":"sv-SE","@id":"https:\/\/truusk.store\/sv\/produkt\/truusk-tradgardspaviljong-partytalt-med-4-x-sidovaggar-vaderbestandig-metall-polyester-gra-294-x-294-x-265-m\/#primaryimage","url":"https:\/\/i0.wp.com\/truusk.store\/wp-content\/uploads\/2024\/02\/tradgardspaviljong-paviljong-tradgardstalt-talt-partytalt-med-4-x-sidovaggar-vaderbestandig-metall-polyestergra-294-x-294-x-265-m.webp?fit=800%2C800&ssl=1","contentUrl":"https:\/\/i0.wp.com\/truusk.store\/wp-content\/uploads\/2024\/02\/tradgardspaviljong-paviljong-tradgardstalt-talt-partytalt-med-4-x-sidovaggar-vaderbestandig-metall-polyestergra-294-x-294-x-265-m.webp?fit=800%2C800&ssl=1","width":800,"height":800,"caption":"Tr\u00e4dg\u00e5rdspaviljong Paviljong Tr\u00e4dg\u00e5rdst\u00e4lt T\u00e4lt Partyt\u00e4lt Med 4 X Sidov\u00e4ggar V\u00e4derbest\u00e4ndig Metall + Polyestergr\u00e5 2,94 X 2,94 X 2,65 M 1"},{"@type":"BreadcrumbList","@id":"https:\/\/truusk.store\/sv\/produkt\/truusk-tradgardspaviljong-partytalt-med-4-x-sidovaggar-vaderbestandig-metall-polyester-gra-294-x-294-x-265-m\/#breadcrumb","itemListElement":[{"@type":"ListItem","position":1,"name":"Home","item":"https:\/\/truusk.store\/sv\/"},{"@type":"ListItem","position":2,"name":"Shop","item":"https:\/\/truusk.store\/shop\/"},{"@type":"ListItem","position":3,"name":"TRUUSK Tr\u00e4dg\u00e5rdspaviljong &#8211; Partyt\u00e4lt med 4 x Sidov\u00e4ggar &#8211; V\u00e4derbest\u00e4ndig &#8211; Metall + Polyester &#8211; Gr\u00e5 &#8211; 2,94 x 2,94 x 2,65 m"}]},{"@type":"WebSite","@id":"https:\/\/truusk.store\/sv\/#website","url":"https:\/\/truusk.store\/sv\/","name":"TRUUSK - Hem, Tr\u00e4dg\u00e5rd & Fritid","description":"","publisher":{"@id":"https:\/\/truusk.store\/sv\/#organization"},"potentialAction":[{"@type":"SearchAction","target":{"@type":"EntryPoint","urlTemplate":"https:\/\/truusk.store\/sv\/?s={search_term_string}"},"query-input":{"@type":"PropertyValueSpecification","valueRequired":true,"valueName":"search_term_string"}}],"inLanguage":"sv-SE"},{"@type":"Organization","@id":"https:\/\/truusk.store\/sv\/#organization","name":"TRUUSK - Hem, Tr\u00e4dg\u00e5rd & Fritid","url":"https:\/\/truusk.store\/sv\/","logo":{"@type":"ImageObject","inLanguage":"sv-SE","@id":"https:\/\/truusk.store\/sv\/#\/schema\/logo\/image\/","url":"https:\/\/i0.wp.com\/truusk.store\/wp-content\/uploads\/2026\/03\/cropped-TRUUSK.png?fit=2032%2C917&ssl=1","contentUrl":"https:\/\/i0.wp.com\/truusk.store\/wp-content\/uploads\/2026\/03\/cropped-TRUUSK.png?fit=2032%2C917&ssl=1","width":2032,"height":917,"caption":"TRUUSK - Hem, Tr\u00e4dg\u00e5rd & Fritid"},"image":{"@id":"https:\/\/truusk.store\/sv\/#\/schema\/logo\/image\/"}}]}},"jetpack_sharing_enabled":true,"_links":{"self":[{"href":"https:\/\/truusk.store\/sv\/wp-json\/wp\/v2\/product\/22421","targetHints":{"allow":["GET"]}}],"collection":[{"href":"https:\/\/truusk.store\/sv\/wp-json\/wp\/v2\/product"}],"about":[{"href":"https:\/\/truusk.store\/sv\/wp-json\/wp\/v2\/types\/product"}],"wp:featuredmedia":[{"embeddable":true,"href":"https:\/\/truusk.store\/sv\/wp-json\/wp\/v2\/media\/22422"}],"wp:attachment":[{"href":"https:\/\/truusk.store\/sv\/wp-json\/wp\/v2\/media?parent=22421"}],"wp:term":[{"taxonomy":"product_brand","embeddable":true,"href":"https:\/\/truusk.store\/sv\/wp-json\/wp\/v2\/product_brand?post=22421"},{"taxonomy":"product_cat","embeddable":true,"href":"https:\/\/truusk.store\/sv\/wp-json\/wp\/v2\/product_cat?post=22421"},{"taxonomy":"product_tag","embeddable":true,"href":"https:\/\/truusk.store\/sv\/wp-json\/wp\/v2\/product_tag?post=22421"}],"curies":[{"name":"wp","href":"https:\/\/api.w.org\/{rel}","templated":true}]}}