{"id":22443,"date":"2024-02-13T16:23:59","date_gmt":"2024-02-13T15:23:59","guid":{"rendered":"https:\/\/truusk.store\/product\/ersattningstak-paviljongtak-for-metallpaviljong-tradgardspaviljong-med-lackageoppning-partytalt-tradgardstalt-polyester-4x3m-kramvit\/"},"modified":"2026-03-12T09:04:15","modified_gmt":"2026-03-12T08:04:15","slug":"truusk-ersattningstak-for-metallpaviljong-lackageoppning-polyester-4x3m-kramvit","status":"publish","type":"product","link":"https:\/\/truusk.store\/sv\/produkt\/truusk-ersattningstak-for-metallpaviljong-lackageoppning-polyester-4x3m-kramvit\/","title":{"rendered":"TRUUSK Ers\u00e4ttningstak f\u00f6r Metallpaviljong &#8211; L\u00e4ckage\u00f6ppning &#8211; Polyester &#8211; 4x3m &#8211; Kr\u00e4mvit"},"content":{"rendered":"<p>Om ditt paviljongtak b\u00f6rjar tr\u00f6ttna och visar tecken p\u00e5 l\u00e5ng och trogen tj\u00e4nst, beh\u00f6ver du inte k\u00f6pa en helt ny paviljong, ett ers\u00e4ttningstak som detta r\u00e4cker f\u00f6r att \u00e5terst\u00e4lla din tr\u00e4dg\u00e5rdspaviljong till dess forna styrka och sk\u00f6nhet! Robusta material och en praktisk design ger dig alltid ett s\u00e4kert tak \u00f6ver huvudet n\u00e4r v\u00e4dergudarna vill \u00f6verraska dig med en liten regnskur.<\/p>\n<h3>Beskrivning:<\/h3>\n<ul>\n<li>L\u00e4mplig f\u00f6r tr\u00e4dg\u00e5rdspaviljongen med en yta p\u00e5 4 x 3 m<\/li>\n<li>Ger skugga, skyddar effektivt mot \u00f6verdrivet solljus<\/li>\n<li>Stabilt, fast monterat tak<\/li>\n<li>Polyestertyg med PA 180g\/m bel\u00e4ggning<\/li>\n<li>Robust och h\u00e5llbart material<\/li>\n<\/ul>\n<h3>Teknisk data:<\/h3>\n<ul>\n<li>Material: 180g\/m polyester<\/li>\n<li>F\u00e4rg: kr\u00e4mvit<\/li>\n<li>L\u00e4mplig f\u00f6r 4 x 3 m paviljonger<\/li>\n<li>Volang: 20 cm<\/li>\n<\/ul>\n<h3>Leveransens omfattning:<\/h3>\n<ul>\n<li>1 x ers\u00e4ttningstak f\u00f6r tr\u00e4dg\u00e5rdspaviljong;<\/li>\n<\/ul>\n","protected":false},"excerpt":{"rendered":"<p>Om ditt paviljongtak b\u00f6rjar tr\u00f6ttna och visar tecken p\u00e5 l\u00e5ng och trogen tj\u00e4nst, beh\u00f6ver du inte k\u00f6pa en helt ny&#8230;<\/p>\n","protected":false},"featured_media":22444,"template":"","meta":[],"product_brand":[],"product_cat":[479,435,476],"product_tag":[],"class_list":{"0":"post-22443","1":"product","2":"type-product","3":"status-publish","4":"has-post-thumbnail","6":"product_cat-paviljongtak","7":"product_cat-tradgard-och-terrass","8":"product_cat-tradgardspaviljonger","10":"first","11":"instock","12":"sale","13":"taxable","14":"shipping-taxable","15":"purchasable","16":"product-type-simple"},"yoast_head":"<!-- This site is optimized with the Yoast SEO plugin v25.4 - https:\/\/yoast.com\/wordpress\/plugins\/seo\/ -->\n<title>TRUUSK Ers\u00e4ttningstak f\u00f6r Metallpaviljong - L\u00e4ckage\u00f6ppning - Polyester - 4x3m - Kr\u00e4mvit - TRUUSK - Hem, Tr\u00e4dg\u00e5rd &amp; Fritid<\/title>\n<meta name=\"robots\" content=\"index, follow, max-snippet:-1, max-image-preview:large, max-video-preview:-1\" \/>\n<link rel=\"canonical\" href=\"https:\/\/truusk.store\/sv\/produkt\/truusk-ersattningstak-for-metallpaviljong-lackageoppning-polyester-4x3m-kramvit\/\" \/>\n<meta property=\"og:locale\" content=\"sv_SE\" \/>\n<meta property=\"og:type\" content=\"article\" \/>\n<meta property=\"og:title\" content=\"TRUUSK Ers\u00e4ttningstak f\u00f6r Metallpaviljong - L\u00e4ckage\u00f6ppning - Polyester - 4x3m - Kr\u00e4mvit - TRUUSK - Hem, Tr\u00e4dg\u00e5rd &amp; Fritid\" \/>\n<meta property=\"og:description\" content=\"Om ditt paviljongtak b\u00f6rjar tr\u00f6ttna och visar tecken p\u00e5 l\u00e5ng och trogen tj\u00e4nst, beh\u00f6ver du inte k\u00f6pa en helt ny...\" \/>\n<meta property=\"og:url\" content=\"https:\/\/truusk.store\/sv\/produkt\/truusk-ersattningstak-for-metallpaviljong-lackageoppning-polyester-4x3m-kramvit\/\" \/>\n<meta property=\"og:site_name\" content=\"TRUUSK - Hem, Tr\u00e4dg\u00e5rd &amp; Fritid\" \/>\n<meta property=\"article:modified_time\" content=\"2026-03-12T08:04:15+00:00\" \/>\n<meta property=\"og:image\" content=\"https:\/\/i0.wp.com\/truusk.se\/wp-content\/uploads\/2024\/02\/ersattningstak-paviljongtak-for-metallpaviljong-tradgardspaviljong-med-lackageoppning-partytalt-tradgardstalt-polyester-4x3m-kramvit.webp?fit=800%2C800&ssl=1\" \/>\n\t<meta property=\"og:image:width\" content=\"800\" \/>\n\t<meta property=\"og:image:height\" content=\"800\" \/>\n\t<meta property=\"og:image:type\" content=\"image\/webp\" \/>\n<meta name=\"twitter:card\" content=\"summary_large_image\" \/>\n<meta name=\"twitter:label1\" content=\"Ber\u00e4knad l\u00e4stid\" \/>\n\t<meta name=\"twitter:data1\" content=\"1 minut\" \/>\n<!-- \/ Yoast SEO plugin. -->","yoast_head_json":{"title":"TRUUSK Ers\u00e4ttningstak f\u00f6r Metallpaviljong - L\u00e4ckage\u00f6ppning - Polyester - 4x3m - Kr\u00e4mvit - TRUUSK - Hem, Tr\u00e4dg\u00e5rd &amp; Fritid","robots":{"index":"index","follow":"follow","max-snippet":"max-snippet:-1","max-image-preview":"max-image-preview:large","max-video-preview":"max-video-preview:-1"},"canonical":"https:\/\/truusk.store\/sv\/produkt\/truusk-ersattningstak-for-metallpaviljong-lackageoppning-polyester-4x3m-kramvit\/","og_locale":"sv_SE","og_type":"article","og_title":"TRUUSK Ers\u00e4ttningstak f\u00f6r Metallpaviljong - L\u00e4ckage\u00f6ppning - Polyester - 4x3m - Kr\u00e4mvit - TRUUSK - Hem, Tr\u00e4dg\u00e5rd &amp; Fritid","og_description":"Om ditt paviljongtak b\u00f6rjar tr\u00f6ttna och visar tecken p\u00e5 l\u00e5ng och trogen tj\u00e4nst, beh\u00f6ver du inte k\u00f6pa en helt ny...","og_url":"https:\/\/truusk.store\/sv\/produkt\/truusk-ersattningstak-for-metallpaviljong-lackageoppning-polyester-4x3m-kramvit\/","og_site_name":"TRUUSK - Hem, Tr\u00e4dg\u00e5rd &amp; Fritid","article_modified_time":"2026-03-12T08:04:15+00:00","og_image":[{"width":800,"height":800,"url":"https:\/\/i0.wp.com\/truusk.se\/wp-content\/uploads\/2024\/02\/ersattningstak-paviljongtak-for-metallpaviljong-tradgardspaviljong-med-lackageoppning-partytalt-tradgardstalt-polyester-4x3m-kramvit.webp?fit=800%2C800&ssl=1","type":"image\/webp"}],"twitter_card":"summary_large_image","twitter_misc":{"Ber\u00e4knad l\u00e4stid":"1 minut"},"schema":{"@context":"https:\/\/schema.org","@graph":[{"@type":"WebPage","@id":"https:\/\/truusk.store\/sv\/produkt\/truusk-ersattningstak-for-metallpaviljong-lackageoppning-polyester-4x3m-kramvit\/","url":"https:\/\/truusk.store\/sv\/produkt\/truusk-ersattningstak-for-metallpaviljong-lackageoppning-polyester-4x3m-kramvit\/","name":"TRUUSK Ers\u00e4ttningstak f\u00f6r Metallpaviljong - L\u00e4ckage\u00f6ppning - Polyester - 4x3m - Kr\u00e4mvit - TRUUSK - Hem, Tr\u00e4dg\u00e5rd &amp; Fritid","isPartOf":{"@id":"https:\/\/truusk.store\/sv\/#website"},"primaryImageOfPage":{"@id":"https:\/\/truusk.store\/sv\/produkt\/truusk-ersattningstak-for-metallpaviljong-lackageoppning-polyester-4x3m-kramvit\/#primaryimage"},"image":{"@id":"https:\/\/truusk.store\/sv\/produkt\/truusk-ersattningstak-for-metallpaviljong-lackageoppning-polyester-4x3m-kramvit\/#primaryimage"},"thumbnailUrl":"https:\/\/i0.wp.com\/truusk.store\/wp-content\/uploads\/2024\/02\/ersattningstak-paviljongtak-for-metallpaviljong-tradgardspaviljong-med-lackageoppning-partytalt-tradgardstalt-polyester-4x3m-kramvit.webp?fit=800%2C800&ssl=1","datePublished":"2024-02-13T15:23:59+00:00","dateModified":"2026-03-12T08:04:15+00:00","breadcrumb":{"@id":"https:\/\/truusk.store\/sv\/produkt\/truusk-ersattningstak-for-metallpaviljong-lackageoppning-polyester-4x3m-kramvit\/#breadcrumb"},"inLanguage":"sv-SE","potentialAction":[{"@type":"ReadAction","target":["https:\/\/truusk.store\/sv\/produkt\/truusk-ersattningstak-for-metallpaviljong-lackageoppning-polyester-4x3m-kramvit\/"]}]},{"@type":"ImageObject","inLanguage":"sv-SE","@id":"https:\/\/truusk.store\/sv\/produkt\/truusk-ersattningstak-for-metallpaviljong-lackageoppning-polyester-4x3m-kramvit\/#primaryimage","url":"https:\/\/i0.wp.com\/truusk.store\/wp-content\/uploads\/2024\/02\/ersattningstak-paviljongtak-for-metallpaviljong-tradgardspaviljong-med-lackageoppning-partytalt-tradgardstalt-polyester-4x3m-kramvit.webp?fit=800%2C800&ssl=1","contentUrl":"https:\/\/i0.wp.com\/truusk.store\/wp-content\/uploads\/2024\/02\/ersattningstak-paviljongtak-for-metallpaviljong-tradgardspaviljong-med-lackageoppning-partytalt-tradgardstalt-polyester-4x3m-kramvit.webp?fit=800%2C800&ssl=1","width":800,"height":800,"caption":"Ers\u00e4ttningstak Paviljongtak F\u00f6r Metallpaviljong Tr\u00e4dg\u00e5rdspaviljong Med L\u00e4ckage\u00f6ppning Partyt\u00e4lt Tr\u00e4dg\u00e5rdst\u00e4lt Polyester 4x3m Kr\u00e4mvit 1"},{"@type":"BreadcrumbList","@id":"https:\/\/truusk.store\/sv\/produkt\/truusk-ersattningstak-for-metallpaviljong-lackageoppning-polyester-4x3m-kramvit\/#breadcrumb","itemListElement":[{"@type":"ListItem","position":1,"name":"Home","item":"https:\/\/truusk.store\/sv\/"},{"@type":"ListItem","position":2,"name":"Shop","item":"https:\/\/truusk.store\/shop\/"},{"@type":"ListItem","position":3,"name":"TRUUSK Ers\u00e4ttningstak f\u00f6r Metallpaviljong &#8211; L\u00e4ckage\u00f6ppning &#8211; Polyester &#8211; 4x3m &#8211; Kr\u00e4mvit"}]},{"@type":"WebSite","@id":"https:\/\/truusk.store\/sv\/#website","url":"https:\/\/truusk.store\/sv\/","name":"TRUUSK - Hem, Tr\u00e4dg\u00e5rd & Fritid","description":"","publisher":{"@id":"https:\/\/truusk.store\/sv\/#organization"},"potentialAction":[{"@type":"SearchAction","target":{"@type":"EntryPoint","urlTemplate":"https:\/\/truusk.store\/sv\/?s={search_term_string}"},"query-input":{"@type":"PropertyValueSpecification","valueRequired":true,"valueName":"search_term_string"}}],"inLanguage":"sv-SE"},{"@type":"Organization","@id":"https:\/\/truusk.store\/sv\/#organization","name":"TRUUSK - Hem, Tr\u00e4dg\u00e5rd & Fritid","url":"https:\/\/truusk.store\/sv\/","logo":{"@type":"ImageObject","inLanguage":"sv-SE","@id":"https:\/\/truusk.store\/sv\/#\/schema\/logo\/image\/","url":"https:\/\/i0.wp.com\/truusk.store\/wp-content\/uploads\/2026\/03\/cropped-TRUUSK.png?fit=2032%2C917&ssl=1","contentUrl":"https:\/\/i0.wp.com\/truusk.store\/wp-content\/uploads\/2026\/03\/cropped-TRUUSK.png?fit=2032%2C917&ssl=1","width":2032,"height":917,"caption":"TRUUSK - Hem, Tr\u00e4dg\u00e5rd & Fritid"},"image":{"@id":"https:\/\/truusk.store\/sv\/#\/schema\/logo\/image\/"}}]}},"jetpack_sharing_enabled":true,"_links":{"self":[{"href":"https:\/\/truusk.store\/sv\/wp-json\/wp\/v2\/product\/22443","targetHints":{"allow":["GET"]}}],"collection":[{"href":"https:\/\/truusk.store\/sv\/wp-json\/wp\/v2\/product"}],"about":[{"href":"https:\/\/truusk.store\/sv\/wp-json\/wp\/v2\/types\/product"}],"wp:featuredmedia":[{"embeddable":true,"href":"https:\/\/truusk.store\/sv\/wp-json\/wp\/v2\/media\/22444"}],"wp:attachment":[{"href":"https:\/\/truusk.store\/sv\/wp-json\/wp\/v2\/media?parent=22443"}],"wp:term":[{"taxonomy":"product_brand","embeddable":true,"href":"https:\/\/truusk.store\/sv\/wp-json\/wp\/v2\/product_brand?post=22443"},{"taxonomy":"product_cat","embeddable":true,"href":"https:\/\/truusk.store\/sv\/wp-json\/wp\/v2\/product_cat?post=22443"},{"taxonomy":"product_tag","embeddable":true,"href":"https:\/\/truusk.store\/sv\/wp-json\/wp\/v2\/product_tag?post=22443"}],"curies":[{"name":"wp","href":"https:\/\/api.w.org\/{rel}","templated":true}]}}