{"id":22527,"date":"2024-02-13T16:26:33","date_gmt":"2024-02-13T15:26:33","guid":{"rendered":"https:\/\/truusk.store\/product\/3-i-1-eldskal-eldkorg-eldgrop-med-gnistskydd-grill-galler-ishink-tradgard-bbq-svart-76-x-76-x-47-cm\/"},"modified":"2026-03-12T09:04:16","modified_gmt":"2026-03-12T08:04:16","slug":"truusk-eldskal-eldkorg-och-eldgrop-3-i-1-med-gnistskydd-grill-galler-ishink-tradgard-bbq-svart-76-x-76-x-47-cm","status":"publish","type":"product","link":"https:\/\/truusk.store\/sv\/produkt\/truusk-eldskal-eldkorg-och-eldgrop-3-i-1-med-gnistskydd-grill-galler-ishink-tradgard-bbq-svart-76-x-76-x-47-cm\/","title":{"rendered":"TRUUSK Eldsk\u00e5l, Eldkorg och Eldgrop 3-i-1 &#8211; Med Gnistskydd &#8211; Grill Galler &#8211; Ishink &#8211; Tr\u00e4dg\u00e5rd BBQ &#8211; Svart &#8211; 76 x 76 x 47 cm"},"content":{"rendered":"<p>Ge din uteplats v\u00e4rme och atmosf\u00e4r med v\u00e5r multifunktionella eldstad! Den kan anv\u00e4ndas inte bara f\u00f6r uppv\u00e4rmning, utan ocks\u00e5 f\u00f6r grillning med ett grillgaller. Tillverkad av slitstarkt lackerat st\u00e5l, t\u00e5l denna sk\u00e5l h\u00f6ga temperaturer upp till 500 grader. En brandpoker ing\u00e5r f\u00f6r att skydda dig och dina familjemedlemmar fr\u00e5n br\u00e4nnskador.<\/p>\n<h3>Beskrivning:<\/h3>\n<ul>\n<li>Praktisk vedeldad eldgrop i metall skapar en varm samlingsplats i din tr\u00e4dg\u00e5rd<\/li>\n<li>Multifunktionell design f\u00f6r BBQ<\/li>\n<li>Tillverkad av massivt st\u00e5l f\u00f6r tillf\u00f6rlitlighet<\/li>\n<li>Poolen t\u00e5l 500 graders h\u00f6ga temperaturer<\/li>\n<li>Tr\u00e5dn\u00e4tskydd ger bra skydd mot v\u00e4rme och flygande gnistor<\/li>\n<li>Med ett spel f\u00f6r att flytta gl\u00f6dande kol<\/li>\n<li>H\u00e4lsogrilln\u00e4t finns tillg\u00e4ngligt<\/li>\n<li>Montering kr\u00e4vs<\/li>\n<\/ul>\n<h3>Teknisk data:<\/h3>\n<ul>\n<li>Svart f\u00e4rg<\/li>\n<li>Material: skiffer, st\u00e5l<\/li>\n<li>\u00d6vergripande m\u00e5tt: 76W x 76D x 47H cm<\/li>\n<li>M\u00e5tt (eldsk\u00e5l): 60,5L x 60,5W cm<\/li>\n<li>M\u00e5tt (omslag): 53L x 53W x 10H cm<\/li>\n<li>M\u00e5tt (kolh\u00e5llare): 33L x 33W cm<\/li>\n<li>M\u00e5tt (Spie): 50L x 5W cm<\/li>\n<li>M\u00e5tt (grill): 50L x 50W cm<\/li>\n<li>Artikelnummer: 842-170<\/li>\n<\/ul>\n<h3>Leveransens omfattning:<\/h3>\n<ul>\n<li>1 x eldstad<\/li>\n<li>1 x lock<\/li>\n<li>1 x spel<\/li>\n<li>1 x kolh\u00e5llare<\/li>\n<li>1 x Grilln\u00e4t<\/li>\n<li>1 x Instruktioner<\/li>\n<\/ul>\n","protected":false},"excerpt":{"rendered":"<p>Ge din uteplats v\u00e4rme och atmosf\u00e4r med v\u00e5r multifunktionella eldstad! Den kan anv\u00e4ndas inte bara f\u00f6r uppv\u00e4rmning, utan ocks\u00e5 f\u00f6r&#8230;<\/p>\n","protected":false},"featured_media":22528,"template":"","meta":[],"product_brand":[],"product_cat":[441,439,435],"product_tag":[],"class_list":{"0":"post-22527","1":"product","2":"type-product","3":"status-publish","4":"has-post-thumbnail","6":"product_cat-eldskalar","7":"product_cat-grillning-uppvarmning","8":"product_cat-tradgard-och-terrass","10":"first","11":"instock","12":"sale","13":"taxable","14":"shipping-taxable","15":"purchasable","16":"product-type-simple"},"yoast_head":"<!-- This site is optimized with the Yoast SEO plugin v25.4 - https:\/\/yoast.com\/wordpress\/plugins\/seo\/ -->\n<title>TRUUSK Eldsk\u00e5l, Eldkorg och Eldgrop 3-i-1 - Med Gnistskydd - Grill Galler - Ishink - Tr\u00e4dg\u00e5rd BBQ - Svart - 76 x 76 x 47 cm - TRUUSK - Hem, Tr\u00e4dg\u00e5rd &amp; Fritid<\/title>\n<meta name=\"robots\" content=\"index, follow, max-snippet:-1, max-image-preview:large, max-video-preview:-1\" \/>\n<link rel=\"canonical\" href=\"https:\/\/truusk.store\/sv\/produkt\/truusk-eldskal-eldkorg-och-eldgrop-3-i-1-med-gnistskydd-grill-galler-ishink-tradgard-bbq-svart-76-x-76-x-47-cm\/\" \/>\n<meta property=\"og:locale\" content=\"sv_SE\" \/>\n<meta property=\"og:type\" content=\"article\" \/>\n<meta property=\"og:title\" content=\"TRUUSK Eldsk\u00e5l, Eldkorg och Eldgrop 3-i-1 - Med Gnistskydd - Grill Galler - Ishink - Tr\u00e4dg\u00e5rd BBQ - Svart - 76 x 76 x 47 cm - TRUUSK - Hem, Tr\u00e4dg\u00e5rd &amp; Fritid\" \/>\n<meta property=\"og:description\" content=\"Ge din uteplats v\u00e4rme och atmosf\u00e4r med v\u00e5r multifunktionella eldstad! Den kan anv\u00e4ndas inte bara f\u00f6r uppv\u00e4rmning, utan ocks\u00e5 f\u00f6r...\" \/>\n<meta property=\"og:url\" content=\"https:\/\/truusk.store\/sv\/produkt\/truusk-eldskal-eldkorg-och-eldgrop-3-i-1-med-gnistskydd-grill-galler-ishink-tradgard-bbq-svart-76-x-76-x-47-cm\/\" \/>\n<meta property=\"og:site_name\" content=\"TRUUSK - Hem, Tr\u00e4dg\u00e5rd &amp; Fritid\" \/>\n<meta property=\"article:modified_time\" content=\"2026-03-12T08:04:16+00:00\" \/>\n<meta property=\"og:image\" content=\"https:\/\/i0.wp.com\/truusk.se\/wp-content\/uploads\/2024\/02\/3-i-1-eldskal-eldkorg-eldgrop-med-gnistskydd-grill-galler-ishink-tradgard-bbq-svart-76-x-76-x-47-cm.webp?fit=800%2C800&ssl=1\" \/>\n\t<meta property=\"og:image:width\" content=\"800\" \/>\n\t<meta property=\"og:image:height\" content=\"800\" \/>\n\t<meta property=\"og:image:type\" content=\"image\/webp\" \/>\n<meta name=\"twitter:card\" content=\"summary_large_image\" \/>\n<meta name=\"twitter:label1\" content=\"Ber\u00e4knad l\u00e4stid\" \/>\n\t<meta name=\"twitter:data1\" content=\"1 minut\" \/>\n<!-- \/ Yoast SEO plugin. -->","yoast_head_json":{"title":"TRUUSK Eldsk\u00e5l, Eldkorg och Eldgrop 3-i-1 - Med Gnistskydd - Grill Galler - Ishink - Tr\u00e4dg\u00e5rd BBQ - Svart - 76 x 76 x 47 cm - TRUUSK - Hem, Tr\u00e4dg\u00e5rd &amp; Fritid","robots":{"index":"index","follow":"follow","max-snippet":"max-snippet:-1","max-image-preview":"max-image-preview:large","max-video-preview":"max-video-preview:-1"},"canonical":"https:\/\/truusk.store\/sv\/produkt\/truusk-eldskal-eldkorg-och-eldgrop-3-i-1-med-gnistskydd-grill-galler-ishink-tradgard-bbq-svart-76-x-76-x-47-cm\/","og_locale":"sv_SE","og_type":"article","og_title":"TRUUSK Eldsk\u00e5l, Eldkorg och Eldgrop 3-i-1 - Med Gnistskydd - Grill Galler - Ishink - Tr\u00e4dg\u00e5rd BBQ - Svart - 76 x 76 x 47 cm - TRUUSK - Hem, Tr\u00e4dg\u00e5rd &amp; Fritid","og_description":"Ge din uteplats v\u00e4rme och atmosf\u00e4r med v\u00e5r multifunktionella eldstad! Den kan anv\u00e4ndas inte bara f\u00f6r uppv\u00e4rmning, utan ocks\u00e5 f\u00f6r...","og_url":"https:\/\/truusk.store\/sv\/produkt\/truusk-eldskal-eldkorg-och-eldgrop-3-i-1-med-gnistskydd-grill-galler-ishink-tradgard-bbq-svart-76-x-76-x-47-cm\/","og_site_name":"TRUUSK - Hem, Tr\u00e4dg\u00e5rd &amp; Fritid","article_modified_time":"2026-03-12T08:04:16+00:00","og_image":[{"width":800,"height":800,"url":"https:\/\/i0.wp.com\/truusk.se\/wp-content\/uploads\/2024\/02\/3-i-1-eldskal-eldkorg-eldgrop-med-gnistskydd-grill-galler-ishink-tradgard-bbq-svart-76-x-76-x-47-cm.webp?fit=800%2C800&ssl=1","type":"image\/webp"}],"twitter_card":"summary_large_image","twitter_misc":{"Ber\u00e4knad l\u00e4stid":"1 minut"},"schema":{"@context":"https:\/\/schema.org","@graph":[{"@type":"WebPage","@id":"https:\/\/truusk.store\/sv\/produkt\/truusk-eldskal-eldkorg-och-eldgrop-3-i-1-med-gnistskydd-grill-galler-ishink-tradgard-bbq-svart-76-x-76-x-47-cm\/","url":"https:\/\/truusk.store\/sv\/produkt\/truusk-eldskal-eldkorg-och-eldgrop-3-i-1-med-gnistskydd-grill-galler-ishink-tradgard-bbq-svart-76-x-76-x-47-cm\/","name":"TRUUSK Eldsk\u00e5l, Eldkorg och Eldgrop 3-i-1 - Med Gnistskydd - Grill Galler - Ishink - Tr\u00e4dg\u00e5rd BBQ - Svart - 76 x 76 x 47 cm - TRUUSK - Hem, Tr\u00e4dg\u00e5rd &amp; Fritid","isPartOf":{"@id":"https:\/\/truusk.store\/sv\/#website"},"primaryImageOfPage":{"@id":"https:\/\/truusk.store\/sv\/produkt\/truusk-eldskal-eldkorg-och-eldgrop-3-i-1-med-gnistskydd-grill-galler-ishink-tradgard-bbq-svart-76-x-76-x-47-cm\/#primaryimage"},"image":{"@id":"https:\/\/truusk.store\/sv\/produkt\/truusk-eldskal-eldkorg-och-eldgrop-3-i-1-med-gnistskydd-grill-galler-ishink-tradgard-bbq-svart-76-x-76-x-47-cm\/#primaryimage"},"thumbnailUrl":"https:\/\/i0.wp.com\/truusk.store\/wp-content\/uploads\/2024\/02\/3-i-1-eldskal-eldkorg-eldgrop-med-gnistskydd-grill-galler-ishink-tradgard-bbq-svart-76-x-76-x-47-cm.webp?fit=800%2C800&ssl=1","datePublished":"2024-02-13T15:26:33+00:00","dateModified":"2026-03-12T08:04:16+00:00","breadcrumb":{"@id":"https:\/\/truusk.store\/sv\/produkt\/truusk-eldskal-eldkorg-och-eldgrop-3-i-1-med-gnistskydd-grill-galler-ishink-tradgard-bbq-svart-76-x-76-x-47-cm\/#breadcrumb"},"inLanguage":"sv-SE","potentialAction":[{"@type":"ReadAction","target":["https:\/\/truusk.store\/sv\/produkt\/truusk-eldskal-eldkorg-och-eldgrop-3-i-1-med-gnistskydd-grill-galler-ishink-tradgard-bbq-svart-76-x-76-x-47-cm\/"]}]},{"@type":"ImageObject","inLanguage":"sv-SE","@id":"https:\/\/truusk.store\/sv\/produkt\/truusk-eldskal-eldkorg-och-eldgrop-3-i-1-med-gnistskydd-grill-galler-ishink-tradgard-bbq-svart-76-x-76-x-47-cm\/#primaryimage","url":"https:\/\/i0.wp.com\/truusk.store\/wp-content\/uploads\/2024\/02\/3-i-1-eldskal-eldkorg-eldgrop-med-gnistskydd-grill-galler-ishink-tradgard-bbq-svart-76-x-76-x-47-cm.webp?fit=800%2C800&ssl=1","contentUrl":"https:\/\/i0.wp.com\/truusk.store\/wp-content\/uploads\/2024\/02\/3-i-1-eldskal-eldkorg-eldgrop-med-gnistskydd-grill-galler-ishink-tradgard-bbq-svart-76-x-76-x-47-cm.webp?fit=800%2C800&ssl=1","width":800,"height":800,"caption":"3-i-1 Eldsk\u00e5l Eldkorg Eldgrop Med Gnistskydd Grill Galler Ishink Tr\u00e4dg\u00e5rd BBQ Svart 76 X 76 X 47 Cm 1"},{"@type":"BreadcrumbList","@id":"https:\/\/truusk.store\/sv\/produkt\/truusk-eldskal-eldkorg-och-eldgrop-3-i-1-med-gnistskydd-grill-galler-ishink-tradgard-bbq-svart-76-x-76-x-47-cm\/#breadcrumb","itemListElement":[{"@type":"ListItem","position":1,"name":"Home","item":"https:\/\/truusk.store\/sv\/"},{"@type":"ListItem","position":2,"name":"Shop","item":"https:\/\/truusk.store\/shop\/"},{"@type":"ListItem","position":3,"name":"TRUUSK Eldsk\u00e5l, Eldkorg och Eldgrop 3-i-1 &#8211; Med Gnistskydd &#8211; Grill Galler &#8211; Ishink &#8211; Tr\u00e4dg\u00e5rd BBQ &#8211; Svart &#8211; 76 x 76 x 47 cm"}]},{"@type":"WebSite","@id":"https:\/\/truusk.store\/sv\/#website","url":"https:\/\/truusk.store\/sv\/","name":"TRUUSK - Hem, Tr\u00e4dg\u00e5rd & Fritid","description":"","publisher":{"@id":"https:\/\/truusk.store\/sv\/#organization"},"potentialAction":[{"@type":"SearchAction","target":{"@type":"EntryPoint","urlTemplate":"https:\/\/truusk.store\/sv\/?s={search_term_string}"},"query-input":{"@type":"PropertyValueSpecification","valueRequired":true,"valueName":"search_term_string"}}],"inLanguage":"sv-SE"},{"@type":"Organization","@id":"https:\/\/truusk.store\/sv\/#organization","name":"TRUUSK - Hem, Tr\u00e4dg\u00e5rd & Fritid","url":"https:\/\/truusk.store\/sv\/","logo":{"@type":"ImageObject","inLanguage":"sv-SE","@id":"https:\/\/truusk.store\/sv\/#\/schema\/logo\/image\/","url":"https:\/\/i0.wp.com\/truusk.store\/wp-content\/uploads\/2026\/03\/cropped-TRUUSK.png?fit=2032%2C917&ssl=1","contentUrl":"https:\/\/i0.wp.com\/truusk.store\/wp-content\/uploads\/2026\/03\/cropped-TRUUSK.png?fit=2032%2C917&ssl=1","width":2032,"height":917,"caption":"TRUUSK - Hem, Tr\u00e4dg\u00e5rd & Fritid"},"image":{"@id":"https:\/\/truusk.store\/sv\/#\/schema\/logo\/image\/"}}]}},"jetpack_sharing_enabled":true,"_links":{"self":[{"href":"https:\/\/truusk.store\/sv\/wp-json\/wp\/v2\/product\/22527","targetHints":{"allow":["GET"]}}],"collection":[{"href":"https:\/\/truusk.store\/sv\/wp-json\/wp\/v2\/product"}],"about":[{"href":"https:\/\/truusk.store\/sv\/wp-json\/wp\/v2\/types\/product"}],"wp:featuredmedia":[{"embeddable":true,"href":"https:\/\/truusk.store\/sv\/wp-json\/wp\/v2\/media\/22528"}],"wp:attachment":[{"href":"https:\/\/truusk.store\/sv\/wp-json\/wp\/v2\/media?parent=22527"}],"wp:term":[{"taxonomy":"product_brand","embeddable":true,"href":"https:\/\/truusk.store\/sv\/wp-json\/wp\/v2\/product_brand?post=22527"},{"taxonomy":"product_cat","embeddable":true,"href":"https:\/\/truusk.store\/sv\/wp-json\/wp\/v2\/product_cat?post=22527"},{"taxonomy":"product_tag","embeddable":true,"href":"https:\/\/truusk.store\/sv\/wp-json\/wp\/v2\/product_tag?post=22527"}],"curies":[{"name":"wp","href":"https:\/\/api.w.org\/{rel}","templated":true}]}}