{"id":22559,"date":"2024-02-13T16:27:29","date_gmt":"2024-02-13T15:27:29","guid":{"rendered":"https:\/\/truusk.store\/product\/mjuka-byggstenar-7-stycken-set-sakert-material-mjukt-och-lattskott-skum-fargglatt\/"},"modified":"2026-03-12T09:04:16","modified_gmt":"2026-03-12T08:04:16","slug":"truusk-mjuka-byggstenar-set-med-7-stycken-sakert-och-lattskott-material-fargglatt-skum-leksak-for-barn-mangsidig-och","status":"publish","type":"product","link":"https:\/\/truusk.store\/sv\/produkt\/truusk-mjuka-byggstenar-set-med-7-stycken-sakert-och-lattskott-material-fargglatt-skum-leksak-for-barn-mangsidig-och\/","title":{"rendered":"TRUUSK Mjuka Byggstenar, Set med 7 Stycken &#8211; S\u00e4kert och L\u00e4ttsk\u00f6tt Material &#8211; F\u00e4rgglatt Skum &#8211; Leksak f\u00f6r Barn &#8211; M\u00e5ngsidig och"},"content":{"rendered":"<p>Detta interaktiva mjuka byggklossset fr\u00e5n Soozier \u00e4r s\u00e4kert, roligt och l\u00e4tt att reng\u00f6ra. Dina barn kommer att l\u00e4ra sig k\u00e4nna igen f\u00e4rger och former. F\u00f6r att stimulera fantasi och kreativitet inneh\u00e5ller setet sju olika formade skumblock. Den mjuka leksaken kan reng\u00f6ras med en fuktig trasa. Med det h\u00e4r setet kommer dina barn att springa, hoppa, kl\u00e4ttra och naturligtvis bygga s\u00e5 de vill.<\/p>\n<h3>Beskrivning:<\/h3>\n<ul>\n<li>Inneh\u00e5ller sju olika byggstenar av skum f\u00f6r att stimulera fantasi och kreativitet<\/li>\n<li>Det mjuka leksetet inneh\u00e5ller tre kuboider, en ramp, ett v\u00e5gelement, en kvartscylinder och en cylinder<\/li>\n<li>Reng\u00f6r ytorna med en fuktig trasa<\/li>\n<li>Ingen montering kr\u00e4vs<\/li>\n<li>Rekommenderad \u00e5lder: 1-3 \u00e5r<\/li>\n<\/ul>\n<h3>Teknisk data:<\/h3>\n<ul>\n<li>F\u00e4rg: Flerf\u00e4rgad<\/li>\n<li>Material: PU, EPE<\/li>\n<li>M\u00e5tt p\u00e5 stort fyrkantigt block: 40L x 40W x 20H cm<\/li>\n<li>M\u00e5tt rektangul\u00e4rt block: 40L x 20W x 20H cm<\/li>\n<li>M\u00e5tt fyrkantig platta: 40L x 40W x 5H cm<\/li>\n<li>M\u00e5tt p\u00e5 v\u00e5gelement: 60L x 40W x 11H cm<\/li>\n<li>M\u00e5tt ramp: 40L x 40W x 20H cm<\/li>\n<li>M\u00e5tt kvartscylinder: 40L x 20W x 20H cm<\/li>\n<li>M\u00e5tt cylinder: 15 x 40L cm<\/li>\n<li>Rekommenderad \u00e5lder: 1-3 \u00e5r<\/li>\n<\/ul>\n<h3>Leveransens omfattning:<\/h3>\n<ul>\n<li>7 x mjuka byggstenar<\/li>\n<li>1 x bruksanvisning<\/li>\n<\/ul>\n","protected":false},"excerpt":{"rendered":"<p>Detta interaktiva mjuka byggklossset fr\u00e5n Soozier \u00e4r s\u00e4kert, roligt och l\u00e4tt att reng\u00f6ra. Dina barn kommer att l\u00e4ra sig k\u00e4nna&#8230;<\/p>\n","protected":false},"featured_media":22560,"template":"","meta":[],"product_brand":[],"product_cat":[609,624,630],"product_tag":[],"class_list":{"0":"post-22559","1":"product","2":"type-product","3":"status-publish","4":"has-post-thumbnail","6":"product_cat-baby-barn","7":"product_cat-leksak","8":"product_cat-spela-byggklossar","10":"first","11":"instock","12":"sale","13":"taxable","14":"shipping-taxable","15":"purchasable","16":"product-type-simple"},"yoast_head":"<!-- This site is optimized with the Yoast SEO plugin v25.4 - https:\/\/yoast.com\/wordpress\/plugins\/seo\/ -->\n<title>TRUUSK Mjuka Byggstenar, Set med 7 Stycken - S\u00e4kert och L\u00e4ttsk\u00f6tt Material - F\u00e4rgglatt Skum - Leksak f\u00f6r Barn - M\u00e5ngsidig och - TRUUSK - Hem, Tr\u00e4dg\u00e5rd &amp; Fritid<\/title>\n<meta name=\"robots\" content=\"index, follow, max-snippet:-1, max-image-preview:large, max-video-preview:-1\" \/>\n<link rel=\"canonical\" href=\"https:\/\/truusk.store\/sv\/produkt\/truusk-mjuka-byggstenar-set-med-7-stycken-sakert-och-lattskott-material-fargglatt-skum-leksak-for-barn-mangsidig-och\/\" \/>\n<meta property=\"og:locale\" content=\"sv_SE\" \/>\n<meta property=\"og:type\" content=\"article\" \/>\n<meta property=\"og:title\" content=\"TRUUSK Mjuka Byggstenar, Set med 7 Stycken - S\u00e4kert och L\u00e4ttsk\u00f6tt Material - F\u00e4rgglatt Skum - Leksak f\u00f6r Barn - M\u00e5ngsidig och - TRUUSK - Hem, Tr\u00e4dg\u00e5rd &amp; Fritid\" \/>\n<meta property=\"og:description\" content=\"Detta interaktiva mjuka byggklossset fr\u00e5n Soozier \u00e4r s\u00e4kert, roligt och l\u00e4tt att reng\u00f6ra. Dina barn kommer att l\u00e4ra sig k\u00e4nna...\" \/>\n<meta property=\"og:url\" content=\"https:\/\/truusk.store\/sv\/produkt\/truusk-mjuka-byggstenar-set-med-7-stycken-sakert-och-lattskott-material-fargglatt-skum-leksak-for-barn-mangsidig-och\/\" \/>\n<meta property=\"og:site_name\" content=\"TRUUSK - Hem, Tr\u00e4dg\u00e5rd &amp; Fritid\" \/>\n<meta property=\"article:modified_time\" content=\"2026-03-12T08:04:16+00:00\" \/>\n<meta property=\"og:image\" content=\"https:\/\/i0.wp.com\/truusk.se\/wp-content\/uploads\/2024\/02\/mjuka-byggstenar-7-stycken-set-sakert-material-mjukt-och-lattskott-skum-fargglatt.webp?fit=800%2C800&ssl=1\" \/>\n\t<meta property=\"og:image:width\" content=\"800\" \/>\n\t<meta property=\"og:image:height\" content=\"800\" \/>\n\t<meta property=\"og:image:type\" content=\"image\/webp\" \/>\n<meta name=\"twitter:card\" content=\"summary_large_image\" \/>\n<meta name=\"twitter:label1\" content=\"Ber\u00e4knad l\u00e4stid\" \/>\n\t<meta name=\"twitter:data1\" content=\"1 minut\" \/>\n<!-- \/ Yoast SEO plugin. -->","yoast_head_json":{"title":"TRUUSK Mjuka Byggstenar, Set med 7 Stycken - S\u00e4kert och L\u00e4ttsk\u00f6tt Material - F\u00e4rgglatt Skum - Leksak f\u00f6r Barn - M\u00e5ngsidig och - TRUUSK - Hem, Tr\u00e4dg\u00e5rd &amp; Fritid","robots":{"index":"index","follow":"follow","max-snippet":"max-snippet:-1","max-image-preview":"max-image-preview:large","max-video-preview":"max-video-preview:-1"},"canonical":"https:\/\/truusk.store\/sv\/produkt\/truusk-mjuka-byggstenar-set-med-7-stycken-sakert-och-lattskott-material-fargglatt-skum-leksak-for-barn-mangsidig-och\/","og_locale":"sv_SE","og_type":"article","og_title":"TRUUSK Mjuka Byggstenar, Set med 7 Stycken - S\u00e4kert och L\u00e4ttsk\u00f6tt Material - F\u00e4rgglatt Skum - Leksak f\u00f6r Barn - M\u00e5ngsidig och - TRUUSK - Hem, Tr\u00e4dg\u00e5rd &amp; Fritid","og_description":"Detta interaktiva mjuka byggklossset fr\u00e5n Soozier \u00e4r s\u00e4kert, roligt och l\u00e4tt att reng\u00f6ra. Dina barn kommer att l\u00e4ra sig k\u00e4nna...","og_url":"https:\/\/truusk.store\/sv\/produkt\/truusk-mjuka-byggstenar-set-med-7-stycken-sakert-och-lattskott-material-fargglatt-skum-leksak-for-barn-mangsidig-och\/","og_site_name":"TRUUSK - Hem, Tr\u00e4dg\u00e5rd &amp; Fritid","article_modified_time":"2026-03-12T08:04:16+00:00","og_image":[{"width":800,"height":800,"url":"https:\/\/i0.wp.com\/truusk.se\/wp-content\/uploads\/2024\/02\/mjuka-byggstenar-7-stycken-set-sakert-material-mjukt-och-lattskott-skum-fargglatt.webp?fit=800%2C800&ssl=1","type":"image\/webp"}],"twitter_card":"summary_large_image","twitter_misc":{"Ber\u00e4knad l\u00e4stid":"1 minut"},"schema":{"@context":"https:\/\/schema.org","@graph":[{"@type":"WebPage","@id":"https:\/\/truusk.store\/sv\/produkt\/truusk-mjuka-byggstenar-set-med-7-stycken-sakert-och-lattskott-material-fargglatt-skum-leksak-for-barn-mangsidig-och\/","url":"https:\/\/truusk.store\/sv\/produkt\/truusk-mjuka-byggstenar-set-med-7-stycken-sakert-och-lattskott-material-fargglatt-skum-leksak-for-barn-mangsidig-och\/","name":"TRUUSK Mjuka Byggstenar, Set med 7 Stycken - S\u00e4kert och L\u00e4ttsk\u00f6tt Material - F\u00e4rgglatt Skum - Leksak f\u00f6r Barn - M\u00e5ngsidig och - TRUUSK - Hem, Tr\u00e4dg\u00e5rd &amp; Fritid","isPartOf":{"@id":"https:\/\/truusk.store\/sv\/#website"},"primaryImageOfPage":{"@id":"https:\/\/truusk.store\/sv\/produkt\/truusk-mjuka-byggstenar-set-med-7-stycken-sakert-och-lattskott-material-fargglatt-skum-leksak-for-barn-mangsidig-och\/#primaryimage"},"image":{"@id":"https:\/\/truusk.store\/sv\/produkt\/truusk-mjuka-byggstenar-set-med-7-stycken-sakert-och-lattskott-material-fargglatt-skum-leksak-for-barn-mangsidig-och\/#primaryimage"},"thumbnailUrl":"https:\/\/i0.wp.com\/truusk.store\/wp-content\/uploads\/2024\/02\/mjuka-byggstenar-7-stycken-set-sakert-material-mjukt-och-lattskott-skum-fargglatt.webp?fit=800%2C800&ssl=1","datePublished":"2024-02-13T15:27:29+00:00","dateModified":"2026-03-12T08:04:16+00:00","breadcrumb":{"@id":"https:\/\/truusk.store\/sv\/produkt\/truusk-mjuka-byggstenar-set-med-7-stycken-sakert-och-lattskott-material-fargglatt-skum-leksak-for-barn-mangsidig-och\/#breadcrumb"},"inLanguage":"sv-SE","potentialAction":[{"@type":"ReadAction","target":["https:\/\/truusk.store\/sv\/produkt\/truusk-mjuka-byggstenar-set-med-7-stycken-sakert-och-lattskott-material-fargglatt-skum-leksak-for-barn-mangsidig-och\/"]}]},{"@type":"ImageObject","inLanguage":"sv-SE","@id":"https:\/\/truusk.store\/sv\/produkt\/truusk-mjuka-byggstenar-set-med-7-stycken-sakert-och-lattskott-material-fargglatt-skum-leksak-for-barn-mangsidig-och\/#primaryimage","url":"https:\/\/i0.wp.com\/truusk.store\/wp-content\/uploads\/2024\/02\/mjuka-byggstenar-7-stycken-set-sakert-material-mjukt-och-lattskott-skum-fargglatt.webp?fit=800%2C800&ssl=1","contentUrl":"https:\/\/i0.wp.com\/truusk.store\/wp-content\/uploads\/2024\/02\/mjuka-byggstenar-7-stycken-set-sakert-material-mjukt-och-lattskott-skum-fargglatt.webp?fit=800%2C800&ssl=1","width":800,"height":800,"caption":"Mjuka Byggstenar, 7 Stycken. Set, S\u00e4kert Material, Mjukt Och L\u00e4ttsk\u00f6tt, Skum, F\u00e4rgglatt 1"},{"@type":"BreadcrumbList","@id":"https:\/\/truusk.store\/sv\/produkt\/truusk-mjuka-byggstenar-set-med-7-stycken-sakert-och-lattskott-material-fargglatt-skum-leksak-for-barn-mangsidig-och\/#breadcrumb","itemListElement":[{"@type":"ListItem","position":1,"name":"Home","item":"https:\/\/truusk.store\/sv\/"},{"@type":"ListItem","position":2,"name":"Shop","item":"https:\/\/truusk.store\/shop\/"},{"@type":"ListItem","position":3,"name":"TRUUSK Mjuka Byggstenar, Set med 7 Stycken &#8211; S\u00e4kert och L\u00e4ttsk\u00f6tt Material &#8211; F\u00e4rgglatt Skum &#8211; Leksak f\u00f6r Barn &#8211; M\u00e5ngsidig och"}]},{"@type":"WebSite","@id":"https:\/\/truusk.store\/sv\/#website","url":"https:\/\/truusk.store\/sv\/","name":"TRUUSK - Hem, Tr\u00e4dg\u00e5rd & Fritid","description":"","publisher":{"@id":"https:\/\/truusk.store\/sv\/#organization"},"potentialAction":[{"@type":"SearchAction","target":{"@type":"EntryPoint","urlTemplate":"https:\/\/truusk.store\/sv\/?s={search_term_string}"},"query-input":{"@type":"PropertyValueSpecification","valueRequired":true,"valueName":"search_term_string"}}],"inLanguage":"sv-SE"},{"@type":"Organization","@id":"https:\/\/truusk.store\/sv\/#organization","name":"TRUUSK - Hem, Tr\u00e4dg\u00e5rd & Fritid","url":"https:\/\/truusk.store\/sv\/","logo":{"@type":"ImageObject","inLanguage":"sv-SE","@id":"https:\/\/truusk.store\/sv\/#\/schema\/logo\/image\/","url":"https:\/\/i0.wp.com\/truusk.store\/wp-content\/uploads\/2026\/03\/cropped-TRUUSK.png?fit=2032%2C917&ssl=1","contentUrl":"https:\/\/i0.wp.com\/truusk.store\/wp-content\/uploads\/2026\/03\/cropped-TRUUSK.png?fit=2032%2C917&ssl=1","width":2032,"height":917,"caption":"TRUUSK - Hem, Tr\u00e4dg\u00e5rd & Fritid"},"image":{"@id":"https:\/\/truusk.store\/sv\/#\/schema\/logo\/image\/"}}]}},"jetpack_sharing_enabled":true,"_links":{"self":[{"href":"https:\/\/truusk.store\/sv\/wp-json\/wp\/v2\/product\/22559","targetHints":{"allow":["GET"]}}],"collection":[{"href":"https:\/\/truusk.store\/sv\/wp-json\/wp\/v2\/product"}],"about":[{"href":"https:\/\/truusk.store\/sv\/wp-json\/wp\/v2\/types\/product"}],"wp:featuredmedia":[{"embeddable":true,"href":"https:\/\/truusk.store\/sv\/wp-json\/wp\/v2\/media\/22560"}],"wp:attachment":[{"href":"https:\/\/truusk.store\/sv\/wp-json\/wp\/v2\/media?parent=22559"}],"wp:term":[{"taxonomy":"product_brand","embeddable":true,"href":"https:\/\/truusk.store\/sv\/wp-json\/wp\/v2\/product_brand?post=22559"},{"taxonomy":"product_cat","embeddable":true,"href":"https:\/\/truusk.store\/sv\/wp-json\/wp\/v2\/product_cat?post=22559"},{"taxonomy":"product_tag","embeddable":true,"href":"https:\/\/truusk.store\/sv\/wp-json\/wp\/v2\/product_tag?post=22559"}],"curies":[{"name":"wp","href":"https:\/\/api.w.org\/{rel}","templated":true}]}}