{"id":22569,"date":"2024-02-13T16:27:45","date_gmt":"2024-02-13T15:27:45","guid":{"rendered":"https:\/\/truusk.store\/product\/sidobord-soffbord-med-hjul-hoj-och-sankbart-sangbord-med-2-nedre-hyllplan-soffbord-for-matsal-vardagsrum-metall-vit-80x40x72-82-cm\/"},"modified":"2026-03-12T09:04:16","modified_gmt":"2026-03-12T08:04:16","slug":"truusk-sidobord-med-hjul-justerbart-2-hyllplan-metall-vit-80x40x72-82-cm","status":"publish","type":"product","link":"https:\/\/truusk.store\/sv\/produkt\/truusk-sidobord-med-hjul-justerbart-2-hyllplan-metall-vit-80x40x72-82-cm\/","title":{"rendered":"TRUUSK Sidobord Med Hjul &#8211; Justerbart &#8211; 2 Hyllplan &#8211; Metall &#8211; Vit &#8211; 80x40x72-82 cm"},"content":{"rendered":"<p>Beh\u00f6ver du ett praktiskt sidobord f\u00f6r att f\u00f6rvara vardagliga f\u00f6rem\u00e5l? Detta enkla och klassiska mobila sidobord \u00e4r en praktisk och stilren bostadsytasl\u00f6sning. En stor bordsyta och 2 hyllor ger gott om f\u00f6rvaringsutrymme och s\u00e4kerst\u00e4ller ordning och reda i ditt hem. Dess unika C-formade design g\u00f6r den m\u00e5ngsidig. Den kan anv\u00e4ndas som nattduksbord, soffbord, serveringsvagn mm.<\/p>\n<h3>Beskrivning:<\/h3>\n<ul>\n<li>Med 4 mjukrullande hjul, varav 2 \u00e4r utrustade med bromsar, f\u00f6r enkel transport<\/li>\n<li>Den unika C-formen m\u00f6jligg\u00f6r m\u00e5ngsidig anv\u00e4ndning<\/li>\n<li>H\u00f6jdjusterbar f\u00f6r att passa olika s\u00e4ngar och soffor<\/li>\n<li>En stor bordsskiva och 2 hyllor ger gott om f\u00f6rvaringsutrymme<\/li>\n<li>Kan anv\u00e4ndas som nattduksbord, soffbord, sidobord, minibar, etc<\/li>\n<li>Melaminytan \u00e4r l\u00e4tt att reng\u00f6ra.<\/li>\n<\/ul>\n<h3>Teknisk data:<\/h3>\n<ul>\n<li>F\u00e4rg vit<\/li>\n<li>Huvudmaterial: E1 sp\u00e5nskiva, j\u00e4rn, plast<\/li>\n<li>\u00d6vergripande m\u00e5tt: 80L x 40W x 72-82H cm<\/li>\n<li>Brickm\u00e5tt: 80L x 40W cm<\/li>\n<li>Hyllstorlek: 26,7L x 33D cm<\/li>\n<li>Hjuldiameter: 4,5 cm<\/li>\n<li>H\u00f6jd p\u00e5 sidoskyddsbr\u00e4da: 9,6 cm<\/li>\n<li>H\u00f6jd mellan bricka och hylla: 32-42 cm<\/li>\n<li>H\u00f6jd mellan 2 hyllplan: 30 cm<\/li>\n<li>Max rekommenderad belastning: 20 kg, 2,5 kg (per hylla)<\/li>\n<\/ul>\n<h3>Leveransens omfattning:<\/h3>\n<ul>\n<li>1 x Sidobord<\/li>\n<li>1 x Instruktioner<\/li>\n<\/ul>\n","protected":false},"excerpt":{"rendered":"<p>Beh\u00f6ver du ett praktiskt sidobord f\u00f6r att f\u00f6rvara vardagliga f\u00f6rem\u00e5l? Detta enkla och klassiska mobila sidobord \u00e4r en praktisk och&#8230;<\/p>\n","protected":false},"featured_media":22570,"template":"","meta":[],"product_brand":[],"product_cat":[485,505,501],"product_tag":[],"class_list":{"0":"post-22569","1":"product","2":"type-product","3":"status-publish","4":"has-post-thumbnail","6":"product_cat-hus-bo","7":"product_cat-soffa-och-sidobord","8":"product_cat-tabeller","10":"first","11":"instock","12":"sale","13":"taxable","14":"shipping-taxable","15":"purchasable","16":"product-type-simple"},"yoast_head":"<!-- This site is optimized with the Yoast SEO plugin v25.4 - https:\/\/yoast.com\/wordpress\/plugins\/seo\/ -->\n<title>TRUUSK Sidobord Med Hjul - Justerbart - 2 Hyllplan - Metall - Vit - 80x40x72-82 cm - TRUUSK - Hem, Tr\u00e4dg\u00e5rd &amp; Fritid<\/title>\n<meta name=\"robots\" content=\"index, follow, max-snippet:-1, max-image-preview:large, max-video-preview:-1\" \/>\n<link rel=\"canonical\" href=\"https:\/\/truusk.store\/sv\/produkt\/truusk-sidobord-med-hjul-justerbart-2-hyllplan-metall-vit-80x40x72-82-cm\/\" \/>\n<meta property=\"og:locale\" content=\"sv_SE\" \/>\n<meta property=\"og:type\" content=\"article\" \/>\n<meta property=\"og:title\" content=\"TRUUSK Sidobord Med Hjul - Justerbart - 2 Hyllplan - Metall - Vit - 80x40x72-82 cm - TRUUSK - Hem, Tr\u00e4dg\u00e5rd &amp; Fritid\" \/>\n<meta property=\"og:description\" content=\"Beh\u00f6ver du ett praktiskt sidobord f\u00f6r att f\u00f6rvara vardagliga f\u00f6rem\u00e5l? Detta enkla och klassiska mobila sidobord \u00e4r en praktisk och...\" \/>\n<meta property=\"og:url\" content=\"https:\/\/truusk.store\/sv\/produkt\/truusk-sidobord-med-hjul-justerbart-2-hyllplan-metall-vit-80x40x72-82-cm\/\" \/>\n<meta property=\"og:site_name\" content=\"TRUUSK - Hem, Tr\u00e4dg\u00e5rd &amp; Fritid\" \/>\n<meta property=\"article:modified_time\" content=\"2026-03-12T08:04:16+00:00\" \/>\n<meta property=\"og:image\" content=\"https:\/\/i0.wp.com\/truusk.se\/wp-content\/uploads\/2024\/02\/sidobord-soffbord-med-hjul-hoj-och-sankbart-sangbord-med-2-nedre-hyllplan-soffbord-for-matsal-vardagsrum-metall-vit-80x40x72-82-cm.webp?fit=800%2C800&ssl=1\" \/>\n\t<meta property=\"og:image:width\" content=\"800\" \/>\n\t<meta property=\"og:image:height\" content=\"800\" \/>\n\t<meta property=\"og:image:type\" content=\"image\/webp\" \/>\n<meta name=\"twitter:card\" content=\"summary_large_image\" \/>\n<meta name=\"twitter:label1\" content=\"Ber\u00e4knad l\u00e4stid\" \/>\n\t<meta name=\"twitter:data1\" content=\"1 minut\" \/>\n<!-- \/ Yoast SEO plugin. -->","yoast_head_json":{"title":"TRUUSK Sidobord Med Hjul - Justerbart - 2 Hyllplan - Metall - Vit - 80x40x72-82 cm - TRUUSK - Hem, Tr\u00e4dg\u00e5rd &amp; Fritid","robots":{"index":"index","follow":"follow","max-snippet":"max-snippet:-1","max-image-preview":"max-image-preview:large","max-video-preview":"max-video-preview:-1"},"canonical":"https:\/\/truusk.store\/sv\/produkt\/truusk-sidobord-med-hjul-justerbart-2-hyllplan-metall-vit-80x40x72-82-cm\/","og_locale":"sv_SE","og_type":"article","og_title":"TRUUSK Sidobord Med Hjul - Justerbart - 2 Hyllplan - Metall - Vit - 80x40x72-82 cm - TRUUSK - Hem, Tr\u00e4dg\u00e5rd &amp; Fritid","og_description":"Beh\u00f6ver du ett praktiskt sidobord f\u00f6r att f\u00f6rvara vardagliga f\u00f6rem\u00e5l? Detta enkla och klassiska mobila sidobord \u00e4r en praktisk och...","og_url":"https:\/\/truusk.store\/sv\/produkt\/truusk-sidobord-med-hjul-justerbart-2-hyllplan-metall-vit-80x40x72-82-cm\/","og_site_name":"TRUUSK - Hem, Tr\u00e4dg\u00e5rd &amp; Fritid","article_modified_time":"2026-03-12T08:04:16+00:00","og_image":[{"width":800,"height":800,"url":"https:\/\/i0.wp.com\/truusk.se\/wp-content\/uploads\/2024\/02\/sidobord-soffbord-med-hjul-hoj-och-sankbart-sangbord-med-2-nedre-hyllplan-soffbord-for-matsal-vardagsrum-metall-vit-80x40x72-82-cm.webp?fit=800%2C800&ssl=1","type":"image\/webp"}],"twitter_card":"summary_large_image","twitter_misc":{"Ber\u00e4knad l\u00e4stid":"1 minut"},"schema":{"@context":"https:\/\/schema.org","@graph":[{"@type":"WebPage","@id":"https:\/\/truusk.store\/sv\/produkt\/truusk-sidobord-med-hjul-justerbart-2-hyllplan-metall-vit-80x40x72-82-cm\/","url":"https:\/\/truusk.store\/sv\/produkt\/truusk-sidobord-med-hjul-justerbart-2-hyllplan-metall-vit-80x40x72-82-cm\/","name":"TRUUSK Sidobord Med Hjul - Justerbart - 2 Hyllplan - Metall - Vit - 80x40x72-82 cm - TRUUSK - Hem, Tr\u00e4dg\u00e5rd &amp; Fritid","isPartOf":{"@id":"https:\/\/truusk.store\/sv\/#website"},"primaryImageOfPage":{"@id":"https:\/\/truusk.store\/sv\/produkt\/truusk-sidobord-med-hjul-justerbart-2-hyllplan-metall-vit-80x40x72-82-cm\/#primaryimage"},"image":{"@id":"https:\/\/truusk.store\/sv\/produkt\/truusk-sidobord-med-hjul-justerbart-2-hyllplan-metall-vit-80x40x72-82-cm\/#primaryimage"},"thumbnailUrl":"https:\/\/i0.wp.com\/truusk.store\/wp-content\/uploads\/2024\/02\/sidobord-soffbord-med-hjul-hoj-och-sankbart-sangbord-med-2-nedre-hyllplan-soffbord-for-matsal-vardagsrum-metall-vit-80x40x72-82-cm.webp?fit=800%2C800&ssl=1","datePublished":"2024-02-13T15:27:45+00:00","dateModified":"2026-03-12T08:04:16+00:00","breadcrumb":{"@id":"https:\/\/truusk.store\/sv\/produkt\/truusk-sidobord-med-hjul-justerbart-2-hyllplan-metall-vit-80x40x72-82-cm\/#breadcrumb"},"inLanguage":"sv-SE","potentialAction":[{"@type":"ReadAction","target":["https:\/\/truusk.store\/sv\/produkt\/truusk-sidobord-med-hjul-justerbart-2-hyllplan-metall-vit-80x40x72-82-cm\/"]}]},{"@type":"ImageObject","inLanguage":"sv-SE","@id":"https:\/\/truusk.store\/sv\/produkt\/truusk-sidobord-med-hjul-justerbart-2-hyllplan-metall-vit-80x40x72-82-cm\/#primaryimage","url":"https:\/\/i0.wp.com\/truusk.store\/wp-content\/uploads\/2024\/02\/sidobord-soffbord-med-hjul-hoj-och-sankbart-sangbord-med-2-nedre-hyllplan-soffbord-for-matsal-vardagsrum-metall-vit-80x40x72-82-cm.webp?fit=800%2C800&ssl=1","contentUrl":"https:\/\/i0.wp.com\/truusk.store\/wp-content\/uploads\/2024\/02\/sidobord-soffbord-med-hjul-hoj-och-sankbart-sangbord-med-2-nedre-hyllplan-soffbord-for-matsal-vardagsrum-metall-vit-80x40x72-82-cm.webp?fit=800%2C800&ssl=1","width":800,"height":800,"caption":"Sidobord Soffbord Med Hjul, H\u00f6j- Och S\u00e4nkbart S\u00e4ngbord Med 2 Nedre Hyllplan, Soffbord F\u00f6r Matsal Vardagsrum, Metall, Vit, 80x40x72-82 Cm 1"},{"@type":"BreadcrumbList","@id":"https:\/\/truusk.store\/sv\/produkt\/truusk-sidobord-med-hjul-justerbart-2-hyllplan-metall-vit-80x40x72-82-cm\/#breadcrumb","itemListElement":[{"@type":"ListItem","position":1,"name":"Home","item":"https:\/\/truusk.store\/sv\/"},{"@type":"ListItem","position":2,"name":"Shop","item":"https:\/\/truusk.store\/shop\/"},{"@type":"ListItem","position":3,"name":"TRUUSK Sidobord Med Hjul &#8211; Justerbart &#8211; 2 Hyllplan &#8211; Metall &#8211; Vit &#8211; 80x40x72-82 cm"}]},{"@type":"WebSite","@id":"https:\/\/truusk.store\/sv\/#website","url":"https:\/\/truusk.store\/sv\/","name":"TRUUSK - Hem, Tr\u00e4dg\u00e5rd & Fritid","description":"","publisher":{"@id":"https:\/\/truusk.store\/sv\/#organization"},"potentialAction":[{"@type":"SearchAction","target":{"@type":"EntryPoint","urlTemplate":"https:\/\/truusk.store\/sv\/?s={search_term_string}"},"query-input":{"@type":"PropertyValueSpecification","valueRequired":true,"valueName":"search_term_string"}}],"inLanguage":"sv-SE"},{"@type":"Organization","@id":"https:\/\/truusk.store\/sv\/#organization","name":"TRUUSK - Hem, Tr\u00e4dg\u00e5rd & Fritid","url":"https:\/\/truusk.store\/sv\/","logo":{"@type":"ImageObject","inLanguage":"sv-SE","@id":"https:\/\/truusk.store\/sv\/#\/schema\/logo\/image\/","url":"https:\/\/i0.wp.com\/truusk.store\/wp-content\/uploads\/2026\/03\/cropped-TRUUSK.png?fit=2032%2C917&ssl=1","contentUrl":"https:\/\/i0.wp.com\/truusk.store\/wp-content\/uploads\/2026\/03\/cropped-TRUUSK.png?fit=2032%2C917&ssl=1","width":2032,"height":917,"caption":"TRUUSK - Hem, Tr\u00e4dg\u00e5rd & Fritid"},"image":{"@id":"https:\/\/truusk.store\/sv\/#\/schema\/logo\/image\/"}}]}},"jetpack_sharing_enabled":true,"_links":{"self":[{"href":"https:\/\/truusk.store\/sv\/wp-json\/wp\/v2\/product\/22569","targetHints":{"allow":["GET"]}}],"collection":[{"href":"https:\/\/truusk.store\/sv\/wp-json\/wp\/v2\/product"}],"about":[{"href":"https:\/\/truusk.store\/sv\/wp-json\/wp\/v2\/types\/product"}],"wp:featuredmedia":[{"embeddable":true,"href":"https:\/\/truusk.store\/sv\/wp-json\/wp\/v2\/media\/22570"}],"wp:attachment":[{"href":"https:\/\/truusk.store\/sv\/wp-json\/wp\/v2\/media?parent=22569"}],"wp:term":[{"taxonomy":"product_brand","embeddable":true,"href":"https:\/\/truusk.store\/sv\/wp-json\/wp\/v2\/product_brand?post=22569"},{"taxonomy":"product_cat","embeddable":true,"href":"https:\/\/truusk.store\/sv\/wp-json\/wp\/v2\/product_cat?post=22569"},{"taxonomy":"product_tag","embeddable":true,"href":"https:\/\/truusk.store\/sv\/wp-json\/wp\/v2\/product_tag?post=22569"}],"curies":[{"name":"wp","href":"https:\/\/api.w.org\/{rel}","templated":true}]}}