{"id":22581,"date":"2024-02-13T16:28:05","date_gmt":"2024-02-13T15:28:05","guid":{"rendered":"https:\/\/truusk.store\/product\/handkarra-hopfallbar-handkarra-360-tradgardsvagn-transportvagn-strandvagn-stalram-oxford-93-x-49-x-75-100-cm\/"},"modified":"2026-03-12T09:04:16","modified_gmt":"2026-03-12T08:04:16","slug":"truusk-fallbar-handvagn-stalram-oxfordmaterial-justerbar-hojd-93x49x75-100-cm","status":"publish","type":"product","link":"https:\/\/truusk.store\/sv\/produkt\/truusk-fallbar-handvagn-stalram-oxfordmaterial-justerbar-hojd-93x49x75-100-cm\/","title":{"rendered":"TRUUSK F\u00e4llbar Handvagn &#8211; St\u00e5lram &#8211; Oxfordmaterial &#8211; Justerbar H\u00f6jd &#8211; 93x49x75-100 cm"},"content":{"rendered":"<p>Campingbilen avlastar effektivt dina axlar! N\u00e4r du ska campa, g\u00e5 till stranden eller fiska beh\u00f6ver du inte l\u00e4ngre b\u00e4ra en stor campingv\u00e4ska f\u00f6r att ta med dig n\u00f6dv\u00e4ndiga redskap. Ta helt enkelt den hopf\u00e4llbara vagnen i din bagageutrymme. Det kan ocks\u00e5 hj\u00e4lpa till med hush\u00e5llsfr\u00e5gor som shopping och tr\u00e4dg\u00e5rdsarbete. Den \u00e4r l\u00e4tt att s\u00e4tta upp och f\u00e4lla ihop, bekv\u00e4m att f\u00f6rvara eller b\u00e4ra n\u00e4r den inte anv\u00e4nds. Utm\u00e4rkt hj\u00e4lpare f\u00f6r dig att f\u00f6rb\u00e4ttra livskvaliteten.<\/p>\n<h3>Beskrivning:<\/h3>\n<ul>\n<li>L\u00e4mplig f\u00f6r camping, fiske, sport, shopping, tr\u00e4dg\u00e5rdsarbete och alla aktiviteter som kr\u00e4ver f\u00f6rem\u00e5lstransport<\/li>\n<li>Den justerbara greppvinkeln passar din kroppsstorlek och v\u00e4garna bra och erbjuder bekv\u00e4m kontroll<\/li>\n<li>St\u00e5lram och Oxford-tyg med PVC-bel\u00e4ggning f\u00f6r robust och h\u00e5llbar anv\u00e4ndning i utomhusaktiviteter<\/li>\n<li>Universal framhjul med bromsar f\u00f6r bekv\u00e4m r\u00f6relse och s\u00e4ker st\u00e4llning<\/li>\n<li>L\u00e4tt att vika ihop f\u00f6r platsbesparande f\u00f6rvaring och transport<\/li>\n<li>St\u00e4ll upp och f\u00e4ll ihop p\u00e5 n\u00e5gra sekunder<\/li>\n<\/ul>\n<h3>Teknisk data:<\/h3>\n<ul>\n<li>m\u00f6rkbl\u00e5<\/li>\n<li>Material: St\u00e5l (Q195), Nylon, Oxford<\/li>\n<li>\u00d6vergripande m\u00e5tt: 93L x 49W x 75-100H cm<\/li>\n<li>Fraktvolym: 80L x 45W x 25H cm<\/li>\n<li>Vikstorlek: 52L x 17W x 77H cm<\/li>\n<li>Hjulstorlek: 177 x 36D mm<\/li>\n<li>Max lastkapacitet: 68 kg<\/li>\n<\/ul>\n<h3>Leveransens omfattning:<\/h3>\n<ul>\n<li>1 x transportvagn<\/li>\n<li>1 x manuell<\/li>\n<\/ul>\n","protected":false},"excerpt":{"rendered":"<p>Campingbilen avlastar effektivt dina axlar! N\u00e4r du ska campa, g\u00e5 till stranden eller fiska beh\u00f6ver du inte l\u00e4ngre b\u00e4ra en&#8230;<\/p>\n","protected":false},"featured_media":22582,"template":"","meta":[],"product_brand":[],"product_cat":[694,671,693],"product_tag":[],"class_list":{"0":"post-22581","1":"product","2":"type-product","3":"status-publish","4":"has-post-thumbnail","6":"product_cat-handkarror","7":"product_cat-jarnaffar","8":"product_cat-transport","10":"first","11":"instock","12":"sale","13":"taxable","14":"shipping-taxable","15":"purchasable","16":"product-type-simple"},"yoast_head":"<!-- This site is optimized with the Yoast SEO plugin v25.4 - https:\/\/yoast.com\/wordpress\/plugins\/seo\/ -->\n<title>TRUUSK F\u00e4llbar Handvagn - St\u00e5lram - Oxfordmaterial - Justerbar H\u00f6jd - 93x49x75-100 cm - TRUUSK - Hem, Tr\u00e4dg\u00e5rd &amp; Fritid<\/title>\n<meta name=\"robots\" content=\"index, follow, max-snippet:-1, max-image-preview:large, max-video-preview:-1\" \/>\n<link rel=\"canonical\" href=\"https:\/\/truusk.store\/sv\/produkt\/truusk-fallbar-handvagn-stalram-oxfordmaterial-justerbar-hojd-93x49x75-100-cm\/\" \/>\n<meta property=\"og:locale\" content=\"sv_SE\" \/>\n<meta property=\"og:type\" content=\"article\" \/>\n<meta property=\"og:title\" content=\"TRUUSK F\u00e4llbar Handvagn - St\u00e5lram - Oxfordmaterial - Justerbar H\u00f6jd - 93x49x75-100 cm - TRUUSK - Hem, Tr\u00e4dg\u00e5rd &amp; Fritid\" \/>\n<meta property=\"og:description\" content=\"Campingbilen avlastar effektivt dina axlar! N\u00e4r du ska campa, g\u00e5 till stranden eller fiska beh\u00f6ver du inte l\u00e4ngre b\u00e4ra en...\" \/>\n<meta property=\"og:url\" content=\"https:\/\/truusk.store\/sv\/produkt\/truusk-fallbar-handvagn-stalram-oxfordmaterial-justerbar-hojd-93x49x75-100-cm\/\" \/>\n<meta property=\"og:site_name\" content=\"TRUUSK - Hem, Tr\u00e4dg\u00e5rd &amp; Fritid\" \/>\n<meta property=\"article:modified_time\" content=\"2026-03-12T08:04:16+00:00\" \/>\n<meta property=\"og:image\" content=\"https:\/\/i0.wp.com\/truusk.se\/wp-content\/uploads\/2024\/02\/handkarra-hopfallbar-handkarra-360-tradgardsvagn-transportvagn-strandvagn-stalram-oxford-93-x-49-x-75-100-cm.webp?fit=800%2C800&ssl=1\" \/>\n\t<meta property=\"og:image:width\" content=\"800\" \/>\n\t<meta property=\"og:image:height\" content=\"800\" \/>\n\t<meta property=\"og:image:type\" content=\"image\/webp\" \/>\n<meta name=\"twitter:card\" content=\"summary_large_image\" \/>\n<meta name=\"twitter:label1\" content=\"Ber\u00e4knad l\u00e4stid\" \/>\n\t<meta name=\"twitter:data1\" content=\"1 minut\" \/>\n<!-- \/ Yoast SEO plugin. -->","yoast_head_json":{"title":"TRUUSK F\u00e4llbar Handvagn - St\u00e5lram - Oxfordmaterial - Justerbar H\u00f6jd - 93x49x75-100 cm - TRUUSK - Hem, Tr\u00e4dg\u00e5rd &amp; Fritid","robots":{"index":"index","follow":"follow","max-snippet":"max-snippet:-1","max-image-preview":"max-image-preview:large","max-video-preview":"max-video-preview:-1"},"canonical":"https:\/\/truusk.store\/sv\/produkt\/truusk-fallbar-handvagn-stalram-oxfordmaterial-justerbar-hojd-93x49x75-100-cm\/","og_locale":"sv_SE","og_type":"article","og_title":"TRUUSK F\u00e4llbar Handvagn - St\u00e5lram - Oxfordmaterial - Justerbar H\u00f6jd - 93x49x75-100 cm - TRUUSK - Hem, Tr\u00e4dg\u00e5rd &amp; Fritid","og_description":"Campingbilen avlastar effektivt dina axlar! N\u00e4r du ska campa, g\u00e5 till stranden eller fiska beh\u00f6ver du inte l\u00e4ngre b\u00e4ra en...","og_url":"https:\/\/truusk.store\/sv\/produkt\/truusk-fallbar-handvagn-stalram-oxfordmaterial-justerbar-hojd-93x49x75-100-cm\/","og_site_name":"TRUUSK - Hem, Tr\u00e4dg\u00e5rd &amp; Fritid","article_modified_time":"2026-03-12T08:04:16+00:00","og_image":[{"width":800,"height":800,"url":"https:\/\/i0.wp.com\/truusk.se\/wp-content\/uploads\/2024\/02\/handkarra-hopfallbar-handkarra-360-tradgardsvagn-transportvagn-strandvagn-stalram-oxford-93-x-49-x-75-100-cm.webp?fit=800%2C800&ssl=1","type":"image\/webp"}],"twitter_card":"summary_large_image","twitter_misc":{"Ber\u00e4knad l\u00e4stid":"1 minut"},"schema":{"@context":"https:\/\/schema.org","@graph":[{"@type":"WebPage","@id":"https:\/\/truusk.store\/sv\/produkt\/truusk-fallbar-handvagn-stalram-oxfordmaterial-justerbar-hojd-93x49x75-100-cm\/","url":"https:\/\/truusk.store\/sv\/produkt\/truusk-fallbar-handvagn-stalram-oxfordmaterial-justerbar-hojd-93x49x75-100-cm\/","name":"TRUUSK F\u00e4llbar Handvagn - St\u00e5lram - Oxfordmaterial - Justerbar H\u00f6jd - 93x49x75-100 cm - TRUUSK - Hem, Tr\u00e4dg\u00e5rd &amp; Fritid","isPartOf":{"@id":"https:\/\/truusk.store\/sv\/#website"},"primaryImageOfPage":{"@id":"https:\/\/truusk.store\/sv\/produkt\/truusk-fallbar-handvagn-stalram-oxfordmaterial-justerbar-hojd-93x49x75-100-cm\/#primaryimage"},"image":{"@id":"https:\/\/truusk.store\/sv\/produkt\/truusk-fallbar-handvagn-stalram-oxfordmaterial-justerbar-hojd-93x49x75-100-cm\/#primaryimage"},"thumbnailUrl":"https:\/\/i0.wp.com\/truusk.store\/wp-content\/uploads\/2024\/02\/handkarra-hopfallbar-handkarra-360-tradgardsvagn-transportvagn-strandvagn-stalram-oxford-93-x-49-x-75-100-cm.webp?fit=800%2C800&ssl=1","datePublished":"2024-02-13T15:28:05+00:00","dateModified":"2026-03-12T08:04:16+00:00","breadcrumb":{"@id":"https:\/\/truusk.store\/sv\/produkt\/truusk-fallbar-handvagn-stalram-oxfordmaterial-justerbar-hojd-93x49x75-100-cm\/#breadcrumb"},"inLanguage":"sv-SE","potentialAction":[{"@type":"ReadAction","target":["https:\/\/truusk.store\/sv\/produkt\/truusk-fallbar-handvagn-stalram-oxfordmaterial-justerbar-hojd-93x49x75-100-cm\/"]}]},{"@type":"ImageObject","inLanguage":"sv-SE","@id":"https:\/\/truusk.store\/sv\/produkt\/truusk-fallbar-handvagn-stalram-oxfordmaterial-justerbar-hojd-93x49x75-100-cm\/#primaryimage","url":"https:\/\/i0.wp.com\/truusk.store\/wp-content\/uploads\/2024\/02\/handkarra-hopfallbar-handkarra-360-tradgardsvagn-transportvagn-strandvagn-stalram-oxford-93-x-49-x-75-100-cm.webp?fit=800%2C800&ssl=1","contentUrl":"https:\/\/i0.wp.com\/truusk.store\/wp-content\/uploads\/2024\/02\/handkarra-hopfallbar-handkarra-360-tradgardsvagn-transportvagn-strandvagn-stalram-oxford-93-x-49-x-75-100-cm.webp?fit=800%2C800&ssl=1","width":800,"height":800,"caption":"Handk\u00e4rra, Hopf\u00e4llbar Handk\u00e4rra, 360 Tr\u00e4dg\u00e5rdsvagn, Transportvagn, Strandvagn, St\u00e5lram, Oxford, 93 X 49 X 75-100 Cm 1"},{"@type":"BreadcrumbList","@id":"https:\/\/truusk.store\/sv\/produkt\/truusk-fallbar-handvagn-stalram-oxfordmaterial-justerbar-hojd-93x49x75-100-cm\/#breadcrumb","itemListElement":[{"@type":"ListItem","position":1,"name":"Home","item":"https:\/\/truusk.store\/sv\/"},{"@type":"ListItem","position":2,"name":"Shop","item":"https:\/\/truusk.store\/shop\/"},{"@type":"ListItem","position":3,"name":"TRUUSK F\u00e4llbar Handvagn &#8211; St\u00e5lram &#8211; Oxfordmaterial &#8211; Justerbar H\u00f6jd &#8211; 93x49x75-100 cm"}]},{"@type":"WebSite","@id":"https:\/\/truusk.store\/sv\/#website","url":"https:\/\/truusk.store\/sv\/","name":"TRUUSK - Hem, Tr\u00e4dg\u00e5rd & Fritid","description":"","publisher":{"@id":"https:\/\/truusk.store\/sv\/#organization"},"potentialAction":[{"@type":"SearchAction","target":{"@type":"EntryPoint","urlTemplate":"https:\/\/truusk.store\/sv\/?s={search_term_string}"},"query-input":{"@type":"PropertyValueSpecification","valueRequired":true,"valueName":"search_term_string"}}],"inLanguage":"sv-SE"},{"@type":"Organization","@id":"https:\/\/truusk.store\/sv\/#organization","name":"TRUUSK - Hem, Tr\u00e4dg\u00e5rd & Fritid","url":"https:\/\/truusk.store\/sv\/","logo":{"@type":"ImageObject","inLanguage":"sv-SE","@id":"https:\/\/truusk.store\/sv\/#\/schema\/logo\/image\/","url":"https:\/\/i0.wp.com\/truusk.store\/wp-content\/uploads\/2026\/03\/cropped-TRUUSK.png?fit=2032%2C917&ssl=1","contentUrl":"https:\/\/i0.wp.com\/truusk.store\/wp-content\/uploads\/2026\/03\/cropped-TRUUSK.png?fit=2032%2C917&ssl=1","width":2032,"height":917,"caption":"TRUUSK - Hem, Tr\u00e4dg\u00e5rd & Fritid"},"image":{"@id":"https:\/\/truusk.store\/sv\/#\/schema\/logo\/image\/"}}]}},"jetpack_sharing_enabled":true,"_links":{"self":[{"href":"https:\/\/truusk.store\/sv\/wp-json\/wp\/v2\/product\/22581","targetHints":{"allow":["GET"]}}],"collection":[{"href":"https:\/\/truusk.store\/sv\/wp-json\/wp\/v2\/product"}],"about":[{"href":"https:\/\/truusk.store\/sv\/wp-json\/wp\/v2\/types\/product"}],"wp:featuredmedia":[{"embeddable":true,"href":"https:\/\/truusk.store\/sv\/wp-json\/wp\/v2\/media\/22582"}],"wp:attachment":[{"href":"https:\/\/truusk.store\/sv\/wp-json\/wp\/v2\/media?parent=22581"}],"wp:term":[{"taxonomy":"product_brand","embeddable":true,"href":"https:\/\/truusk.store\/sv\/wp-json\/wp\/v2\/product_brand?post=22581"},{"taxonomy":"product_cat","embeddable":true,"href":"https:\/\/truusk.store\/sv\/wp-json\/wp\/v2\/product_cat?post=22581"},{"taxonomy":"product_tag","embeddable":true,"href":"https:\/\/truusk.store\/sv\/wp-json\/wp\/v2\/product_tag?post=22581"}],"curies":[{"name":"wp","href":"https:\/\/api.w.org\/{rel}","templated":true}]}}