{"id":22601,"date":"2024-02-13T16:28:50","date_gmt":"2024-02-13T15:28:50","guid":{"rendered":"https:\/\/truusk.store\/product\/piedestalflakt-med-31-liter-vattenkylning-3-lagen-dimfunktion-90-w-flakt-justerbar-lutningsvinkel-stal-svart-hojd-135-cm\/"},"modified":"2026-03-12T09:04:17","modified_gmt":"2026-03-12T08:04:17","slug":"truusk-pedestalflakt-med-vattenkylning-3-lagen-dimfunktion-justerbar-lutningsvinkel-stal-svart-hojd-135-cm","status":"publish","type":"product","link":"https:\/\/truusk.store\/sv\/produkt\/truusk-pedestalflakt-med-vattenkylning-3-lagen-dimfunktion-justerbar-lutningsvinkel-stal-svart-hojd-135-cm\/","title":{"rendered":"TRUUSK Pedestalfl\u00e4kt Med Vattenkylning &#8211; 3 L\u00e4gen Dimfunktion &#8211; Justerbar Lutningsvinkel &#8211; St\u00e5l Svart &#8211; H\u00f6jd 135 Cm"},"content":{"rendered":"<p>F\u00e5 en fr\u00e4sch, sval sommar med denna imma piedestalfl\u00e4kt. Den har 3 hastighetsniv\u00e5er och 3 l\u00e4gen, 9 olika luftfl\u00f6desalternativ f\u00f6r att m\u00f6ta olika behov. Dess utbredda lutningsvinkel hj\u00e4lper till att ers\u00e4tta den stillast\u00e5ende heta luften med ett snabbt fl\u00f6de och en stor volym kall luft. Denna fl\u00e4kt \u00e4r ett m\u00e5ste f\u00f6r sommaren!<\/p>\n<h3>Beskrivning:<\/h3>\n<ul>\n<li>Har 3 l\u00e4gen (Normal, Natural, Sleep) och 3 hastigheter (H\u00f6g, Medium, L\u00e5g)<\/li>\n<li>Utrustad med 3-stegs befuktningsspray (220ml\/250ml\/280ml\/h)<\/li>\n<li>Aromaterapioljor kan ocks\u00e5 tills\u00e4ttas<\/li>\n<li>70 oscillerande och 10 vertikala vinklar \u00f6kar luftfl\u00f6det<\/li>\n<li>12 timmars timer f\u00f6r att spara energi<\/li>\n<li>Med LED-panel f\u00f6r att visa temperatur, hastighet och l\u00e4gen<\/li>\n<li>5 ABS-hjul m\u00f6jligg\u00f6r enkel f\u00f6rflyttning till vilken plats som helst<\/li>\n<li>Justera din fl\u00e4ktinst\u00e4llning med fj\u00e4rrkontrollen inom 5m<\/li>\n<li>Montering kr\u00e4vs<\/li>\n<\/ul>\n<h3>Teknisk data:<\/h3>\n<ul>\n<li>Svart f\u00e4rg<\/li>\n<li>Material: st\u00e5l, ABS\/AS\/PE plast<\/li>\n<li>Totalm\u00e5tt: 44,5 x 135H cm<\/li>\n<li>Omslagets storlek: 44,5 cm<\/li>\n<li>Vattentankens volym: 3,1L<\/li>\n<li>Str\u00f6mkabell\u00e4ngd: 160 cm<\/li>\n<li>Sp\u00e4nning: 220-240V\/50HZ<\/li>\n<li>Effekt: 90W<\/li>\n<li>Certifiering: CE-EMC, LVD, RoHS, ERP<\/li>\n<li>Artikelnummer: 824-019<\/li>\n<\/ul>\n<h3>Leveransens omfattning:<\/h3>\n<ul>\n<li>1 x piedestalfl\u00e4kt<\/li>\n<li>1 x Instruktioner<\/li>\n<li>1 x Fj\u00e4rrkontroll<\/li>\n<\/ul>\n","protected":false},"excerpt":{"rendered":"<p>F\u00e5 en fr\u00e4sch, sval sommar med denna imma piedestalfl\u00e4kt. Den har 3 hastighetsniv\u00e5er och 3 l\u00e4gen, 9 olika luftfl\u00f6desalternativ f\u00f6r&#8230;<\/p>\n","protected":false},"featured_media":22602,"template":"","meta":[],"product_brand":[],"product_cat":[697,671,696],"product_tag":[],"class_list":{"0":"post-22601","1":"product","2":"type-product","3":"status-publish","4":"has-post-thumbnail","6":"product_cat-flaktar-och-luftkonditioneringsapparater","7":"product_cat-jarnaffar","8":"product_cat-luftkonditionering-och-flaktar","10":"first","11":"instock","12":"sale","13":"taxable","14":"shipping-taxable","15":"purchasable","16":"product-type-simple"},"yoast_head":"<!-- This site is optimized with the Yoast SEO plugin v25.4 - https:\/\/yoast.com\/wordpress\/plugins\/seo\/ -->\n<title>TRUUSK Pedestalfl\u00e4kt Med Vattenkylning - 3 L\u00e4gen Dimfunktion - Justerbar Lutningsvinkel - St\u00e5l Svart - H\u00f6jd 135 Cm - TRUUSK - Hem, Tr\u00e4dg\u00e5rd &amp; Fritid<\/title>\n<meta name=\"robots\" content=\"index, follow, max-snippet:-1, max-image-preview:large, max-video-preview:-1\" \/>\n<link rel=\"canonical\" href=\"https:\/\/truusk.store\/sv\/produkt\/truusk-pedestalflakt-med-vattenkylning-3-lagen-dimfunktion-justerbar-lutningsvinkel-stal-svart-hojd-135-cm\/\" \/>\n<meta property=\"og:locale\" content=\"sv_SE\" \/>\n<meta property=\"og:type\" content=\"article\" \/>\n<meta property=\"og:title\" content=\"TRUUSK Pedestalfl\u00e4kt Med Vattenkylning - 3 L\u00e4gen Dimfunktion - Justerbar Lutningsvinkel - St\u00e5l Svart - H\u00f6jd 135 Cm - TRUUSK - Hem, Tr\u00e4dg\u00e5rd &amp; Fritid\" \/>\n<meta property=\"og:description\" content=\"F\u00e5 en fr\u00e4sch, sval sommar med denna imma piedestalfl\u00e4kt. Den har 3 hastighetsniv\u00e5er och 3 l\u00e4gen, 9 olika luftfl\u00f6desalternativ f\u00f6r...\" \/>\n<meta property=\"og:url\" content=\"https:\/\/truusk.store\/sv\/produkt\/truusk-pedestalflakt-med-vattenkylning-3-lagen-dimfunktion-justerbar-lutningsvinkel-stal-svart-hojd-135-cm\/\" \/>\n<meta property=\"og:site_name\" content=\"TRUUSK - Hem, Tr\u00e4dg\u00e5rd &amp; Fritid\" \/>\n<meta property=\"article:modified_time\" content=\"2026-03-12T08:04:17+00:00\" \/>\n<meta property=\"og:image\" content=\"https:\/\/i0.wp.com\/truusk.se\/wp-content\/uploads\/2024\/02\/piedestalflakt-med-31-liter-vattenkylning-3-lagen-dimfunktion-90-w-flakt-justerbar-lutningsvinkel-stal-svart-hojd-135-cm.webp?fit=800%2C800&ssl=1\" \/>\n\t<meta property=\"og:image:width\" content=\"800\" \/>\n\t<meta property=\"og:image:height\" content=\"800\" \/>\n\t<meta property=\"og:image:type\" content=\"image\/webp\" \/>\n<meta name=\"twitter:card\" content=\"summary_large_image\" \/>\n<meta name=\"twitter:label1\" content=\"Ber\u00e4knad l\u00e4stid\" \/>\n\t<meta name=\"twitter:data1\" content=\"1 minut\" \/>\n<!-- \/ Yoast SEO plugin. -->","yoast_head_json":{"title":"TRUUSK Pedestalfl\u00e4kt Med Vattenkylning - 3 L\u00e4gen Dimfunktion - Justerbar Lutningsvinkel - St\u00e5l Svart - H\u00f6jd 135 Cm - TRUUSK - Hem, Tr\u00e4dg\u00e5rd &amp; Fritid","robots":{"index":"index","follow":"follow","max-snippet":"max-snippet:-1","max-image-preview":"max-image-preview:large","max-video-preview":"max-video-preview:-1"},"canonical":"https:\/\/truusk.store\/sv\/produkt\/truusk-pedestalflakt-med-vattenkylning-3-lagen-dimfunktion-justerbar-lutningsvinkel-stal-svart-hojd-135-cm\/","og_locale":"sv_SE","og_type":"article","og_title":"TRUUSK Pedestalfl\u00e4kt Med Vattenkylning - 3 L\u00e4gen Dimfunktion - Justerbar Lutningsvinkel - St\u00e5l Svart - H\u00f6jd 135 Cm - TRUUSK - Hem, Tr\u00e4dg\u00e5rd &amp; Fritid","og_description":"F\u00e5 en fr\u00e4sch, sval sommar med denna imma piedestalfl\u00e4kt. Den har 3 hastighetsniv\u00e5er och 3 l\u00e4gen, 9 olika luftfl\u00f6desalternativ f\u00f6r...","og_url":"https:\/\/truusk.store\/sv\/produkt\/truusk-pedestalflakt-med-vattenkylning-3-lagen-dimfunktion-justerbar-lutningsvinkel-stal-svart-hojd-135-cm\/","og_site_name":"TRUUSK - Hem, Tr\u00e4dg\u00e5rd &amp; Fritid","article_modified_time":"2026-03-12T08:04:17+00:00","og_image":[{"width":800,"height":800,"url":"https:\/\/i0.wp.com\/truusk.se\/wp-content\/uploads\/2024\/02\/piedestalflakt-med-31-liter-vattenkylning-3-lagen-dimfunktion-90-w-flakt-justerbar-lutningsvinkel-stal-svart-hojd-135-cm.webp?fit=800%2C800&ssl=1","type":"image\/webp"}],"twitter_card":"summary_large_image","twitter_misc":{"Ber\u00e4knad l\u00e4stid":"1 minut"},"schema":{"@context":"https:\/\/schema.org","@graph":[{"@type":"WebPage","@id":"https:\/\/truusk.store\/sv\/produkt\/truusk-pedestalflakt-med-vattenkylning-3-lagen-dimfunktion-justerbar-lutningsvinkel-stal-svart-hojd-135-cm\/","url":"https:\/\/truusk.store\/sv\/produkt\/truusk-pedestalflakt-med-vattenkylning-3-lagen-dimfunktion-justerbar-lutningsvinkel-stal-svart-hojd-135-cm\/","name":"TRUUSK Pedestalfl\u00e4kt Med Vattenkylning - 3 L\u00e4gen Dimfunktion - Justerbar Lutningsvinkel - St\u00e5l Svart - H\u00f6jd 135 Cm - TRUUSK - Hem, Tr\u00e4dg\u00e5rd &amp; Fritid","isPartOf":{"@id":"https:\/\/truusk.store\/sv\/#website"},"primaryImageOfPage":{"@id":"https:\/\/truusk.store\/sv\/produkt\/truusk-pedestalflakt-med-vattenkylning-3-lagen-dimfunktion-justerbar-lutningsvinkel-stal-svart-hojd-135-cm\/#primaryimage"},"image":{"@id":"https:\/\/truusk.store\/sv\/produkt\/truusk-pedestalflakt-med-vattenkylning-3-lagen-dimfunktion-justerbar-lutningsvinkel-stal-svart-hojd-135-cm\/#primaryimage"},"thumbnailUrl":"https:\/\/i0.wp.com\/truusk.store\/wp-content\/uploads\/2024\/02\/piedestalflakt-med-31-liter-vattenkylning-3-lagen-dimfunktion-90-w-flakt-justerbar-lutningsvinkel-stal-svart-hojd-135-cm.webp?fit=800%2C800&ssl=1","datePublished":"2024-02-13T15:28:50+00:00","dateModified":"2026-03-12T08:04:17+00:00","breadcrumb":{"@id":"https:\/\/truusk.store\/sv\/produkt\/truusk-pedestalflakt-med-vattenkylning-3-lagen-dimfunktion-justerbar-lutningsvinkel-stal-svart-hojd-135-cm\/#breadcrumb"},"inLanguage":"sv-SE","potentialAction":[{"@type":"ReadAction","target":["https:\/\/truusk.store\/sv\/produkt\/truusk-pedestalflakt-med-vattenkylning-3-lagen-dimfunktion-justerbar-lutningsvinkel-stal-svart-hojd-135-cm\/"]}]},{"@type":"ImageObject","inLanguage":"sv-SE","@id":"https:\/\/truusk.store\/sv\/produkt\/truusk-pedestalflakt-med-vattenkylning-3-lagen-dimfunktion-justerbar-lutningsvinkel-stal-svart-hojd-135-cm\/#primaryimage","url":"https:\/\/i0.wp.com\/truusk.store\/wp-content\/uploads\/2024\/02\/piedestalflakt-med-31-liter-vattenkylning-3-lagen-dimfunktion-90-w-flakt-justerbar-lutningsvinkel-stal-svart-hojd-135-cm.webp?fit=800%2C800&ssl=1","contentUrl":"https:\/\/i0.wp.com\/truusk.store\/wp-content\/uploads\/2024\/02\/piedestalflakt-med-31-liter-vattenkylning-3-lagen-dimfunktion-90-w-flakt-justerbar-lutningsvinkel-stal-svart-hojd-135-cm.webp?fit=800%2C800&ssl=1","width":800,"height":800,"caption":"Piedestalfl\u00e4kt Med 3,1 Liter Vattenkylning 3 L\u00e4gen Dimfunktion 90 W Fl\u00e4kt Justerbar Lutningsvinkel St\u00e5l Svart H\u00f6jd 135 Cm 1"},{"@type":"BreadcrumbList","@id":"https:\/\/truusk.store\/sv\/produkt\/truusk-pedestalflakt-med-vattenkylning-3-lagen-dimfunktion-justerbar-lutningsvinkel-stal-svart-hojd-135-cm\/#breadcrumb","itemListElement":[{"@type":"ListItem","position":1,"name":"Home","item":"https:\/\/truusk.store\/sv\/"},{"@type":"ListItem","position":2,"name":"Shop","item":"https:\/\/truusk.store\/shop\/"},{"@type":"ListItem","position":3,"name":"TRUUSK Pedestalfl\u00e4kt Med Vattenkylning &#8211; 3 L\u00e4gen Dimfunktion &#8211; Justerbar Lutningsvinkel &#8211; St\u00e5l Svart &#8211; H\u00f6jd 135 Cm"}]},{"@type":"WebSite","@id":"https:\/\/truusk.store\/sv\/#website","url":"https:\/\/truusk.store\/sv\/","name":"TRUUSK - Hem, Tr\u00e4dg\u00e5rd & Fritid","description":"","publisher":{"@id":"https:\/\/truusk.store\/sv\/#organization"},"potentialAction":[{"@type":"SearchAction","target":{"@type":"EntryPoint","urlTemplate":"https:\/\/truusk.store\/sv\/?s={search_term_string}"},"query-input":{"@type":"PropertyValueSpecification","valueRequired":true,"valueName":"search_term_string"}}],"inLanguage":"sv-SE"},{"@type":"Organization","@id":"https:\/\/truusk.store\/sv\/#organization","name":"TRUUSK - Hem, Tr\u00e4dg\u00e5rd & Fritid","url":"https:\/\/truusk.store\/sv\/","logo":{"@type":"ImageObject","inLanguage":"sv-SE","@id":"https:\/\/truusk.store\/sv\/#\/schema\/logo\/image\/","url":"https:\/\/i0.wp.com\/truusk.store\/wp-content\/uploads\/2026\/03\/cropped-TRUUSK.png?fit=2032%2C917&ssl=1","contentUrl":"https:\/\/i0.wp.com\/truusk.store\/wp-content\/uploads\/2026\/03\/cropped-TRUUSK.png?fit=2032%2C917&ssl=1","width":2032,"height":917,"caption":"TRUUSK - Hem, Tr\u00e4dg\u00e5rd & Fritid"},"image":{"@id":"https:\/\/truusk.store\/sv\/#\/schema\/logo\/image\/"}}]}},"jetpack_sharing_enabled":true,"_links":{"self":[{"href":"https:\/\/truusk.store\/sv\/wp-json\/wp\/v2\/product\/22601","targetHints":{"allow":["GET"]}}],"collection":[{"href":"https:\/\/truusk.store\/sv\/wp-json\/wp\/v2\/product"}],"about":[{"href":"https:\/\/truusk.store\/sv\/wp-json\/wp\/v2\/types\/product"}],"wp:featuredmedia":[{"embeddable":true,"href":"https:\/\/truusk.store\/sv\/wp-json\/wp\/v2\/media\/22602"}],"wp:attachment":[{"href":"https:\/\/truusk.store\/sv\/wp-json\/wp\/v2\/media?parent=22601"}],"wp:term":[{"taxonomy":"product_brand","embeddable":true,"href":"https:\/\/truusk.store\/sv\/wp-json\/wp\/v2\/product_brand?post=22601"},{"taxonomy":"product_cat","embeddable":true,"href":"https:\/\/truusk.store\/sv\/wp-json\/wp\/v2\/product_cat?post=22601"},{"taxonomy":"product_tag","embeddable":true,"href":"https:\/\/truusk.store\/sv\/wp-json\/wp\/v2\/product_tag?post=22601"}],"curies":[{"name":"wp","href":"https:\/\/api.w.org\/{rel}","templated":true}]}}