{"id":22621,"date":"2024-02-13T16:29:36","date_gmt":"2024-02-13T15:29:36","guid":{"rendered":"https:\/\/truusk.store\/product\/elektronisk-darttavla-dartskiva-med-dorr-led-display-ljudeffekter-12-dart-12-darthuvuden-27-spel-och-216-traffalternativ-for-8-spelare-49-x-546-x-55-cm\/"},"modified":"2026-03-12T09:04:17","modified_gmt":"2026-03-12T08:04:17","slug":"truusk-elektronisk-darttavla-med-led-display-ljudeffekter-27-spel-216-traffalternativ-for-8-spelare-49-x-546-x-55-cm","status":"publish","type":"product","link":"https:\/\/truusk.store\/sv\/produkt\/truusk-elektronisk-darttavla-med-led-display-ljudeffekter-27-spel-216-traffalternativ-for-8-spelare-49-x-546-x-55-cm\/","title":{"rendered":"TRUUSK Elektronisk Darttavla med LED-display &#8211; Ljudeffekter &#8211; 27 Spel &#8211; 216 Tr\u00e4ffalternativ &#8211; F\u00f6r 8 Spelare &#8211; 49 x 54,6 x 5,5 cm"},"content":{"rendered":"<p>Darta som ett proffs hemma! N\u00f6je och sp\u00e4nning garanteras med ditt elektroniska dartspel. V\u00e4lj mellan 27 spel och 216 spelvarianter, inklusive turneringsl\u00e4ge. Interaktiva ljudeffekter och r\u00f6stutg\u00e5ng l\u00e5ter dig alltid veta var du st\u00e5r. Ta med dartnjutning hem. Perfekt f\u00f6r tr\u00e4dg\u00e5rden, festlokalen eller som present. Darttavla f\u00f6r upp till 8 spelare!<\/p>\n<h3>Beskrivning:<\/h3>\n<ul>\n<li>Visning av po\u00e4ng och po\u00e4ng med 4 LED-displayer<\/li>\n<li>Har r\u00f6stsk\u00e5despeleri och interaktiva ljudeffekter (p\u00e5 engelska). Volymen \u00e4r justerbar<\/li>\n<li>8-niv\u00e5er volymkontroll f\u00f6r individuell justering av \u00f6nskad volym<\/li>\n<li>27 mycket intressanta spel med 216 spelvarianter<\/li>\n<li>L\u00e4mplig f\u00f6r 1-8 spelare<\/li>\n<li>Turneringar \u00e4r ocks\u00e5 m\u00f6jliga<\/li>\n<li>Extra stort upptagningsomr\u00e5de f\u00f6r felaktiga kast<\/li>\n<\/ul>\n<h3>Teknisk data:<\/h3>\n<ul>\n<li>Material: plast (ABS, PP)<\/li>\n<li>Svart f\u00e4rg<\/li>\n<li>\u00d6vergripande m\u00e5tt: L49 x B54,6 x D5,5 cm<\/li>\n<li>Inklusive 12 pilar, 1 str\u00f6madapter<\/li>\n<li>L\u00e4gen:<\/li>\n<li>G01 Count Up: R\u00e4kna fram\u00e5t<\/li>\n<li>G02 Nedr\u00e4kning: R\u00e4knar bakl\u00e4nges<\/li>\n<li>G03 Around The Clock: Spel med flera spelare i tur och ordning, varje spelare kastar p\u00e5 &#8221;klockan&#8221; = darttavlan<\/li>\n<li>G04 Around The Clock-Double: Spel med flera spelare, d\u00e4r endast dubbla segment r\u00e4knas<\/li>\n<li>G05 Round The Clock-Triple: Spel med flera spelare, d\u00e4r endast trippelsegment r\u00e4knas<\/li>\n<li>G06 Simple Cricket<\/li>\n<li>G07 Score Cricket<\/li>\n<li>G08 Cut Throat Cricket<\/li>\n<li>G09 Dubbelpo\u00e4ng cricket<\/li>\n<li>G10 Shove Ha&#8217;penny Cricket<\/li>\n<li>G11 scram cricket<\/li>\n<li>G12 Golf<\/li>\n<li>G13 Bingo<\/li>\n<li>G14 h\u00f6gsta po\u00e4ng<\/li>\n<li>G15 alla fem<\/li>\n<li>G16 Shanghai: Tr\u00e4ningsmatch<\/li>\n<li>G17 Forty One: 41<\/li>\n<li>G18 Double Down<\/li>\n<li>G19 Jag har det<\/li>\n<li>G20 Big Little Simp<\/li>\n<\/ul>\n<h3>Leveransens omfattning:<\/h3>\n<ul>\n<li>1x darttavla<\/li>\n<li>12 x pilar<\/li>\n<li>12 x Ers\u00e4ttningstips<\/li>\n<li>1 x str\u00f6madapter<\/li>\n<li>1x instruktioner<\/li>\n<\/ul>\n","protected":false},"excerpt":{"rendered":"<p>Darta som ett proffs hemma! N\u00f6je och sp\u00e4nning garanteras med ditt elektroniska dartspel. V\u00e4lj mellan 27 spel och 216 spelvarianter,&#8230;<\/p>\n","protected":false},"featured_media":22622,"template":"","meta":[],"product_brand":[],"product_cat":[658,656,647],"product_tag":[],"class_list":{"0":"post-22621","1":"product","2":"type-product","3":"status-publish","4":"has-post-thumbnail","6":"product_cat-elektroniska-darttavlor","7":"product_cat-spel-hobby","8":"product_cat-sport-fritid","10":"first","11":"instock","12":"sale","13":"taxable","14":"shipping-taxable","15":"purchasable","16":"product-type-simple"},"yoast_head":"<!-- This site is optimized with the Yoast SEO plugin v25.4 - https:\/\/yoast.com\/wordpress\/plugins\/seo\/ -->\n<title>TRUUSK Elektronisk Darttavla med LED-display - Ljudeffekter - 27 Spel - 216 Tr\u00e4ffalternativ - F\u00f6r 8 Spelare - 49 x 54,6 x 5,5 cm - TRUUSK - Hem, Tr\u00e4dg\u00e5rd &amp; Fritid<\/title>\n<meta name=\"robots\" content=\"index, follow, max-snippet:-1, max-image-preview:large, max-video-preview:-1\" \/>\n<link rel=\"canonical\" href=\"https:\/\/truusk.store\/sv\/produkt\/truusk-elektronisk-darttavla-med-led-display-ljudeffekter-27-spel-216-traffalternativ-for-8-spelare-49-x-546-x-55-cm\/\" \/>\n<meta property=\"og:locale\" content=\"sv_SE\" \/>\n<meta property=\"og:type\" content=\"article\" \/>\n<meta property=\"og:title\" content=\"TRUUSK Elektronisk Darttavla med LED-display - Ljudeffekter - 27 Spel - 216 Tr\u00e4ffalternativ - F\u00f6r 8 Spelare - 49 x 54,6 x 5,5 cm - TRUUSK - Hem, Tr\u00e4dg\u00e5rd &amp; Fritid\" \/>\n<meta property=\"og:description\" content=\"Darta som ett proffs hemma! N\u00f6je och sp\u00e4nning garanteras med ditt elektroniska dartspel. V\u00e4lj mellan 27 spel och 216 spelvarianter,...\" \/>\n<meta property=\"og:url\" content=\"https:\/\/truusk.store\/sv\/produkt\/truusk-elektronisk-darttavla-med-led-display-ljudeffekter-27-spel-216-traffalternativ-for-8-spelare-49-x-546-x-55-cm\/\" \/>\n<meta property=\"og:site_name\" content=\"TRUUSK - Hem, Tr\u00e4dg\u00e5rd &amp; Fritid\" \/>\n<meta property=\"article:modified_time\" content=\"2026-03-12T08:04:17+00:00\" \/>\n<meta property=\"og:image\" content=\"https:\/\/i0.wp.com\/truusk.se\/wp-content\/uploads\/2024\/02\/elektronisk-darttavla-dartskiva-med-dorr-led-display-ljudeffekter-12-dart-12-darthuvuden-27-spel-och-216-traffalternativ-for-8-spelare-49-x-546-x-55-cm.webp?fit=800%2C800&ssl=1\" \/>\n\t<meta property=\"og:image:width\" content=\"800\" \/>\n\t<meta property=\"og:image:height\" content=\"800\" \/>\n\t<meta property=\"og:image:type\" content=\"image\/webp\" \/>\n<meta name=\"twitter:card\" content=\"summary_large_image\" \/>\n<meta name=\"twitter:label1\" content=\"Ber\u00e4knad l\u00e4stid\" \/>\n\t<meta name=\"twitter:data1\" content=\"1 minut\" \/>\n<!-- \/ Yoast SEO plugin. -->","yoast_head_json":{"title":"TRUUSK Elektronisk Darttavla med LED-display - Ljudeffekter - 27 Spel - 216 Tr\u00e4ffalternativ - F\u00f6r 8 Spelare - 49 x 54,6 x 5,5 cm - TRUUSK - Hem, Tr\u00e4dg\u00e5rd &amp; Fritid","robots":{"index":"index","follow":"follow","max-snippet":"max-snippet:-1","max-image-preview":"max-image-preview:large","max-video-preview":"max-video-preview:-1"},"canonical":"https:\/\/truusk.store\/sv\/produkt\/truusk-elektronisk-darttavla-med-led-display-ljudeffekter-27-spel-216-traffalternativ-for-8-spelare-49-x-546-x-55-cm\/","og_locale":"sv_SE","og_type":"article","og_title":"TRUUSK Elektronisk Darttavla med LED-display - Ljudeffekter - 27 Spel - 216 Tr\u00e4ffalternativ - F\u00f6r 8 Spelare - 49 x 54,6 x 5,5 cm - TRUUSK - Hem, Tr\u00e4dg\u00e5rd &amp; Fritid","og_description":"Darta som ett proffs hemma! N\u00f6je och sp\u00e4nning garanteras med ditt elektroniska dartspel. V\u00e4lj mellan 27 spel och 216 spelvarianter,...","og_url":"https:\/\/truusk.store\/sv\/produkt\/truusk-elektronisk-darttavla-med-led-display-ljudeffekter-27-spel-216-traffalternativ-for-8-spelare-49-x-546-x-55-cm\/","og_site_name":"TRUUSK - Hem, Tr\u00e4dg\u00e5rd &amp; Fritid","article_modified_time":"2026-03-12T08:04:17+00:00","og_image":[{"width":800,"height":800,"url":"https:\/\/i0.wp.com\/truusk.se\/wp-content\/uploads\/2024\/02\/elektronisk-darttavla-dartskiva-med-dorr-led-display-ljudeffekter-12-dart-12-darthuvuden-27-spel-och-216-traffalternativ-for-8-spelare-49-x-546-x-55-cm.webp?fit=800%2C800&ssl=1","type":"image\/webp"}],"twitter_card":"summary_large_image","twitter_misc":{"Ber\u00e4knad l\u00e4stid":"1 minut"},"schema":{"@context":"https:\/\/schema.org","@graph":[{"@type":"WebPage","@id":"https:\/\/truusk.store\/sv\/produkt\/truusk-elektronisk-darttavla-med-led-display-ljudeffekter-27-spel-216-traffalternativ-for-8-spelare-49-x-546-x-55-cm\/","url":"https:\/\/truusk.store\/sv\/produkt\/truusk-elektronisk-darttavla-med-led-display-ljudeffekter-27-spel-216-traffalternativ-for-8-spelare-49-x-546-x-55-cm\/","name":"TRUUSK Elektronisk Darttavla med LED-display - Ljudeffekter - 27 Spel - 216 Tr\u00e4ffalternativ - F\u00f6r 8 Spelare - 49 x 54,6 x 5,5 cm - TRUUSK - Hem, Tr\u00e4dg\u00e5rd &amp; Fritid","isPartOf":{"@id":"https:\/\/truusk.store\/sv\/#website"},"primaryImageOfPage":{"@id":"https:\/\/truusk.store\/sv\/produkt\/truusk-elektronisk-darttavla-med-led-display-ljudeffekter-27-spel-216-traffalternativ-for-8-spelare-49-x-546-x-55-cm\/#primaryimage"},"image":{"@id":"https:\/\/truusk.store\/sv\/produkt\/truusk-elektronisk-darttavla-med-led-display-ljudeffekter-27-spel-216-traffalternativ-for-8-spelare-49-x-546-x-55-cm\/#primaryimage"},"thumbnailUrl":"https:\/\/i0.wp.com\/truusk.store\/wp-content\/uploads\/2024\/02\/elektronisk-darttavla-dartskiva-med-dorr-led-display-ljudeffekter-12-dart-12-darthuvuden-27-spel-och-216-traffalternativ-for-8-spelare-49-x-546-x-55-cm.webp?fit=800%2C800&ssl=1","datePublished":"2024-02-13T15:29:36+00:00","dateModified":"2026-03-12T08:04:17+00:00","breadcrumb":{"@id":"https:\/\/truusk.store\/sv\/produkt\/truusk-elektronisk-darttavla-med-led-display-ljudeffekter-27-spel-216-traffalternativ-for-8-spelare-49-x-546-x-55-cm\/#breadcrumb"},"inLanguage":"sv-SE","potentialAction":[{"@type":"ReadAction","target":["https:\/\/truusk.store\/sv\/produkt\/truusk-elektronisk-darttavla-med-led-display-ljudeffekter-27-spel-216-traffalternativ-for-8-spelare-49-x-546-x-55-cm\/"]}]},{"@type":"ImageObject","inLanguage":"sv-SE","@id":"https:\/\/truusk.store\/sv\/produkt\/truusk-elektronisk-darttavla-med-led-display-ljudeffekter-27-spel-216-traffalternativ-for-8-spelare-49-x-546-x-55-cm\/#primaryimage","url":"https:\/\/i0.wp.com\/truusk.store\/wp-content\/uploads\/2024\/02\/elektronisk-darttavla-dartskiva-med-dorr-led-display-ljudeffekter-12-dart-12-darthuvuden-27-spel-och-216-traffalternativ-for-8-spelare-49-x-546-x-55-cm.webp?fit=800%2C800&ssl=1","contentUrl":"https:\/\/i0.wp.com\/truusk.store\/wp-content\/uploads\/2024\/02\/elektronisk-darttavla-dartskiva-med-dorr-led-display-ljudeffekter-12-dart-12-darthuvuden-27-spel-och-216-traffalternativ-for-8-spelare-49-x-546-x-55-cm.webp?fit=800%2C800&ssl=1","width":800,"height":800,"caption":"Elektronisk Darttavla Dartskiva Med D\u00f6rr LED-display Ljudeffekter 12 Dart 12 Darthuvuden 27 Spel Och 216 Tr\u00e4ffalternativ F\u00f6r 8 Spelare 49 X 54,6 X 5,5 Cm 1"},{"@type":"BreadcrumbList","@id":"https:\/\/truusk.store\/sv\/produkt\/truusk-elektronisk-darttavla-med-led-display-ljudeffekter-27-spel-216-traffalternativ-for-8-spelare-49-x-546-x-55-cm\/#breadcrumb","itemListElement":[{"@type":"ListItem","position":1,"name":"Home","item":"https:\/\/truusk.store\/sv\/"},{"@type":"ListItem","position":2,"name":"Shop","item":"https:\/\/truusk.store\/shop\/"},{"@type":"ListItem","position":3,"name":"TRUUSK Elektronisk Darttavla med LED-display &#8211; Ljudeffekter &#8211; 27 Spel &#8211; 216 Tr\u00e4ffalternativ &#8211; F\u00f6r 8 Spelare &#8211; 49 x 54,6 x 5,5 cm"}]},{"@type":"WebSite","@id":"https:\/\/truusk.store\/sv\/#website","url":"https:\/\/truusk.store\/sv\/","name":"TRUUSK - Hem, Tr\u00e4dg\u00e5rd & Fritid","description":"","publisher":{"@id":"https:\/\/truusk.store\/sv\/#organization"},"potentialAction":[{"@type":"SearchAction","target":{"@type":"EntryPoint","urlTemplate":"https:\/\/truusk.store\/sv\/?s={search_term_string}"},"query-input":{"@type":"PropertyValueSpecification","valueRequired":true,"valueName":"search_term_string"}}],"inLanguage":"sv-SE"},{"@type":"Organization","@id":"https:\/\/truusk.store\/sv\/#organization","name":"TRUUSK - Hem, Tr\u00e4dg\u00e5rd & Fritid","url":"https:\/\/truusk.store\/sv\/","logo":{"@type":"ImageObject","inLanguage":"sv-SE","@id":"https:\/\/truusk.store\/sv\/#\/schema\/logo\/image\/","url":"https:\/\/i0.wp.com\/truusk.store\/wp-content\/uploads\/2026\/03\/cropped-TRUUSK.png?fit=2032%2C917&ssl=1","contentUrl":"https:\/\/i0.wp.com\/truusk.store\/wp-content\/uploads\/2026\/03\/cropped-TRUUSK.png?fit=2032%2C917&ssl=1","width":2032,"height":917,"caption":"TRUUSK - Hem, Tr\u00e4dg\u00e5rd & Fritid"},"image":{"@id":"https:\/\/truusk.store\/sv\/#\/schema\/logo\/image\/"}}]}},"jetpack_sharing_enabled":true,"_links":{"self":[{"href":"https:\/\/truusk.store\/sv\/wp-json\/wp\/v2\/product\/22621","targetHints":{"allow":["GET"]}}],"collection":[{"href":"https:\/\/truusk.store\/sv\/wp-json\/wp\/v2\/product"}],"about":[{"href":"https:\/\/truusk.store\/sv\/wp-json\/wp\/v2\/types\/product"}],"wp:featuredmedia":[{"embeddable":true,"href":"https:\/\/truusk.store\/sv\/wp-json\/wp\/v2\/media\/22622"}],"wp:attachment":[{"href":"https:\/\/truusk.store\/sv\/wp-json\/wp\/v2\/media?parent=22621"}],"wp:term":[{"taxonomy":"product_brand","embeddable":true,"href":"https:\/\/truusk.store\/sv\/wp-json\/wp\/v2\/product_brand?post=22621"},{"taxonomy":"product_cat","embeddable":true,"href":"https:\/\/truusk.store\/sv\/wp-json\/wp\/v2\/product_cat?post=22621"},{"taxonomy":"product_tag","embeddable":true,"href":"https:\/\/truusk.store\/sv\/wp-json\/wp\/v2\/product_tag?post=22621"}],"curies":[{"name":"wp","href":"https:\/\/api.w.org\/{rel}","templated":true}]}}