{"id":22686,"date":"2024-02-13T16:31:36","date_gmt":"2024-02-13T15:31:36","guid":{"rendered":"https:\/\/truusk.store\/product\/frisorstol-salongsstol-med-ryggstod-snurrstol-hoj-och-sankbar-stal-pu-vit-48-x-52-x-78-90-cm\/"},"modified":"2026-03-12T09:04:17","modified_gmt":"2026-03-12T08:04:17","slug":"truusk-frisorstol-salongsstol-med-ryggstod-snurrstol-hoj-och-sankbar-stal-pu-vit-48-x-52-x-78-90-cm","status":"publish","type":"product","link":"https:\/\/truusk.store\/sv\/produkt\/truusk-frisorstol-salongsstol-med-ryggstod-snurrstol-hoj-och-sankbar-stal-pu-vit-48-x-52-x-78-90-cm\/","title":{"rendered":"TRUUSK Fris\u00f6rstol &#8211; Salongsstol med ryggst\u00f6d &#8211; Snurrstol &#8211; H\u00f6j- och s\u00e4nkbar &#8211; St\u00e5l PU &#8211; Vit &#8211; 48 x 52 x 78-90 cm"},"content":{"rendered":"<p>Koppla av med v\u00e5r ergonomifokuserade kontorsstol som ger en bekv\u00e4m h\u00e5llning f\u00f6r de flesta kroppstyper. Stolen har en 360 graders vridfunktion och en pneumatisk justeringsniv\u00e5. Perfekt f\u00f6r barer, sk\u00f6nhetssalonger eller fris\u00f6rsalonger med mera. Minimal design f\u00f6r maximal komfort.<\/p>\n<h3>Beskrivning:<\/h3>\n<ul>\n<li>Sits och ryggst\u00f6d mjukt vadderade f\u00f6r maximal komfort<\/li>\n<li>Sitth\u00f6jden kan flexibelt justeras mellan 43-55 cm<\/li>\n<li>Kl\u00e4dseln \u00e4r gjord av PU, slitstark och l\u00e4tt att reng\u00f6ra<\/li>\n<li>Stabilt fotkors med 5 nylonhjul, roterbart 360 grader<\/li>\n<li>L\u00e4mplig f\u00f6r kosmetiska studior, fris\u00f6rsalonger, kontor eller hemma<\/li>\n<li>Montering kr\u00e4vs<\/li>\n<\/ul>\n<h3>Teknisk data:<\/h3>\n<ul>\n<li>Material: st\u00e5l, PU, \u200b\u200bskum<\/li>\n<li>\u00d6vergripande m\u00e5tt: L48 x B52 x H78-90 cm<\/li>\n<li>Sitsstorlek: L46 x B41 cm<\/li>\n<li>Sitth\u00f6jd: 42-50 cm<\/li>\n<li>Lastkapacitet: 120 kg<\/li>\n<li>F\u00e4rg vit<\/li>\n<\/ul>\n<h3>Leveransens omfattning:<\/h3>\n<ul>\n<li>1 x salongsstol<\/li>\n<li>1 x Monteringsanvisning<\/li>\n<\/ul>\n","protected":false},"excerpt":{"rendered":"<p>Koppla av med v\u00e5r ergonomifokuserade kontorsstol som ger en bekv\u00e4m h\u00e5llning f\u00f6r de flesta kroppstyper. Stolen har en 360 graders&#8230;<\/p>\n","protected":false},"featured_media":22687,"template":"","meta":[],"product_brand":[],"product_cat":[485,516,515],"product_tag":[],"class_list":{"0":"post-22686","1":"product","2":"type-product","3":"status-publish","4":"has-post-thumbnail","6":"product_cat-hus-bo","7":"product_cat-kontorsstolar","8":"product_cat-stolar","10":"first","11":"instock","12":"sale","13":"taxable","14":"shipping-taxable","15":"purchasable","16":"product-type-simple"},"yoast_head":"<!-- This site is optimized with the Yoast SEO plugin v25.4 - https:\/\/yoast.com\/wordpress\/plugins\/seo\/ -->\n<title>TRUUSK Fris\u00f6rstol - Salongsstol med ryggst\u00f6d - Snurrstol - H\u00f6j- och s\u00e4nkbar - St\u00e5l PU - Vit - 48 x 52 x 78-90 cm - TRUUSK - Hem, Tr\u00e4dg\u00e5rd &amp; Fritid<\/title>\n<meta name=\"robots\" content=\"index, follow, max-snippet:-1, max-image-preview:large, max-video-preview:-1\" \/>\n<link rel=\"canonical\" href=\"https:\/\/truusk.store\/sv\/produkt\/truusk-frisorstol-salongsstol-med-ryggstod-snurrstol-hoj-och-sankbar-stal-pu-vit-48-x-52-x-78-90-cm\/\" \/>\n<meta property=\"og:locale\" content=\"sv_SE\" \/>\n<meta property=\"og:type\" content=\"article\" \/>\n<meta property=\"og:title\" content=\"TRUUSK Fris\u00f6rstol - Salongsstol med ryggst\u00f6d - Snurrstol - H\u00f6j- och s\u00e4nkbar - St\u00e5l PU - Vit - 48 x 52 x 78-90 cm - TRUUSK - Hem, Tr\u00e4dg\u00e5rd &amp; Fritid\" \/>\n<meta property=\"og:description\" content=\"Koppla av med v\u00e5r ergonomifokuserade kontorsstol som ger en bekv\u00e4m h\u00e5llning f\u00f6r de flesta kroppstyper. Stolen har en 360 graders...\" \/>\n<meta property=\"og:url\" content=\"https:\/\/truusk.store\/sv\/produkt\/truusk-frisorstol-salongsstol-med-ryggstod-snurrstol-hoj-och-sankbar-stal-pu-vit-48-x-52-x-78-90-cm\/\" \/>\n<meta property=\"og:site_name\" content=\"TRUUSK - Hem, Tr\u00e4dg\u00e5rd &amp; Fritid\" \/>\n<meta property=\"article:modified_time\" content=\"2026-03-12T08:04:17+00:00\" \/>\n<meta property=\"og:image\" content=\"https:\/\/i0.wp.com\/truusk.se\/wp-content\/uploads\/2024\/02\/frisorstol-salongsstol-med-ryggstod-snurrstol-hoj-och-sankbar-stal-pu-vit-48-x-52-x-78-90-cm.webp?fit=800%2C800&ssl=1\" \/>\n\t<meta property=\"og:image:width\" content=\"800\" \/>\n\t<meta property=\"og:image:height\" content=\"800\" \/>\n\t<meta property=\"og:image:type\" content=\"image\/webp\" \/>\n<meta name=\"twitter:card\" content=\"summary_large_image\" \/>\n<meta name=\"twitter:label1\" content=\"Ber\u00e4knad l\u00e4stid\" \/>\n\t<meta name=\"twitter:data1\" content=\"1 minut\" \/>\n<!-- \/ Yoast SEO plugin. -->","yoast_head_json":{"title":"TRUUSK Fris\u00f6rstol - Salongsstol med ryggst\u00f6d - Snurrstol - H\u00f6j- och s\u00e4nkbar - St\u00e5l PU - Vit - 48 x 52 x 78-90 cm - TRUUSK - Hem, Tr\u00e4dg\u00e5rd &amp; Fritid","robots":{"index":"index","follow":"follow","max-snippet":"max-snippet:-1","max-image-preview":"max-image-preview:large","max-video-preview":"max-video-preview:-1"},"canonical":"https:\/\/truusk.store\/sv\/produkt\/truusk-frisorstol-salongsstol-med-ryggstod-snurrstol-hoj-och-sankbar-stal-pu-vit-48-x-52-x-78-90-cm\/","og_locale":"sv_SE","og_type":"article","og_title":"TRUUSK Fris\u00f6rstol - Salongsstol med ryggst\u00f6d - Snurrstol - H\u00f6j- och s\u00e4nkbar - St\u00e5l PU - Vit - 48 x 52 x 78-90 cm - TRUUSK - Hem, Tr\u00e4dg\u00e5rd &amp; Fritid","og_description":"Koppla av med v\u00e5r ergonomifokuserade kontorsstol som ger en bekv\u00e4m h\u00e5llning f\u00f6r de flesta kroppstyper. Stolen har en 360 graders...","og_url":"https:\/\/truusk.store\/sv\/produkt\/truusk-frisorstol-salongsstol-med-ryggstod-snurrstol-hoj-och-sankbar-stal-pu-vit-48-x-52-x-78-90-cm\/","og_site_name":"TRUUSK - Hem, Tr\u00e4dg\u00e5rd &amp; Fritid","article_modified_time":"2026-03-12T08:04:17+00:00","og_image":[{"width":800,"height":800,"url":"https:\/\/i0.wp.com\/truusk.se\/wp-content\/uploads\/2024\/02\/frisorstol-salongsstol-med-ryggstod-snurrstol-hoj-och-sankbar-stal-pu-vit-48-x-52-x-78-90-cm.webp?fit=800%2C800&ssl=1","type":"image\/webp"}],"twitter_card":"summary_large_image","twitter_misc":{"Ber\u00e4knad l\u00e4stid":"1 minut"},"schema":{"@context":"https:\/\/schema.org","@graph":[{"@type":"WebPage","@id":"https:\/\/truusk.store\/sv\/produkt\/truusk-frisorstol-salongsstol-med-ryggstod-snurrstol-hoj-och-sankbar-stal-pu-vit-48-x-52-x-78-90-cm\/","url":"https:\/\/truusk.store\/sv\/produkt\/truusk-frisorstol-salongsstol-med-ryggstod-snurrstol-hoj-och-sankbar-stal-pu-vit-48-x-52-x-78-90-cm\/","name":"TRUUSK Fris\u00f6rstol - Salongsstol med ryggst\u00f6d - Snurrstol - H\u00f6j- och s\u00e4nkbar - St\u00e5l PU - Vit - 48 x 52 x 78-90 cm - TRUUSK - Hem, Tr\u00e4dg\u00e5rd &amp; Fritid","isPartOf":{"@id":"https:\/\/truusk.store\/sv\/#website"},"primaryImageOfPage":{"@id":"https:\/\/truusk.store\/sv\/produkt\/truusk-frisorstol-salongsstol-med-ryggstod-snurrstol-hoj-och-sankbar-stal-pu-vit-48-x-52-x-78-90-cm\/#primaryimage"},"image":{"@id":"https:\/\/truusk.store\/sv\/produkt\/truusk-frisorstol-salongsstol-med-ryggstod-snurrstol-hoj-och-sankbar-stal-pu-vit-48-x-52-x-78-90-cm\/#primaryimage"},"thumbnailUrl":"https:\/\/i0.wp.com\/truusk.store\/wp-content\/uploads\/2024\/02\/frisorstol-salongsstol-med-ryggstod-snurrstol-hoj-och-sankbar-stal-pu-vit-48-x-52-x-78-90-cm.webp?fit=800%2C800&ssl=1","datePublished":"2024-02-13T15:31:36+00:00","dateModified":"2026-03-12T08:04:17+00:00","breadcrumb":{"@id":"https:\/\/truusk.store\/sv\/produkt\/truusk-frisorstol-salongsstol-med-ryggstod-snurrstol-hoj-och-sankbar-stal-pu-vit-48-x-52-x-78-90-cm\/#breadcrumb"},"inLanguage":"sv-SE","potentialAction":[{"@type":"ReadAction","target":["https:\/\/truusk.store\/sv\/produkt\/truusk-frisorstol-salongsstol-med-ryggstod-snurrstol-hoj-och-sankbar-stal-pu-vit-48-x-52-x-78-90-cm\/"]}]},{"@type":"ImageObject","inLanguage":"sv-SE","@id":"https:\/\/truusk.store\/sv\/produkt\/truusk-frisorstol-salongsstol-med-ryggstod-snurrstol-hoj-och-sankbar-stal-pu-vit-48-x-52-x-78-90-cm\/#primaryimage","url":"https:\/\/i0.wp.com\/truusk.store\/wp-content\/uploads\/2024\/02\/frisorstol-salongsstol-med-ryggstod-snurrstol-hoj-och-sankbar-stal-pu-vit-48-x-52-x-78-90-cm.webp?fit=800%2C800&ssl=1","contentUrl":"https:\/\/i0.wp.com\/truusk.store\/wp-content\/uploads\/2024\/02\/frisorstol-salongsstol-med-ryggstod-snurrstol-hoj-och-sankbar-stal-pu-vit-48-x-52-x-78-90-cm.webp?fit=800%2C800&ssl=1","width":800,"height":800,"caption":"Fris\u00f6rstol, Salongsstol Med Ryggst\u00f6d, Snurrstol, H\u00f6j- Och S\u00e4nkbar, St\u00e5l PU, Vit, 48 X 52 X 78-90 Cm 1"},{"@type":"BreadcrumbList","@id":"https:\/\/truusk.store\/sv\/produkt\/truusk-frisorstol-salongsstol-med-ryggstod-snurrstol-hoj-och-sankbar-stal-pu-vit-48-x-52-x-78-90-cm\/#breadcrumb","itemListElement":[{"@type":"ListItem","position":1,"name":"Home","item":"https:\/\/truusk.store\/sv\/"},{"@type":"ListItem","position":2,"name":"Shop","item":"https:\/\/truusk.store\/shop\/"},{"@type":"ListItem","position":3,"name":"TRUUSK Fris\u00f6rstol &#8211; Salongsstol med ryggst\u00f6d &#8211; Snurrstol &#8211; H\u00f6j- och s\u00e4nkbar &#8211; St\u00e5l PU &#8211; Vit &#8211; 48 x 52 x 78-90 cm"}]},{"@type":"WebSite","@id":"https:\/\/truusk.store\/sv\/#website","url":"https:\/\/truusk.store\/sv\/","name":"TRUUSK - Hem, Tr\u00e4dg\u00e5rd & Fritid","description":"","publisher":{"@id":"https:\/\/truusk.store\/sv\/#organization"},"potentialAction":[{"@type":"SearchAction","target":{"@type":"EntryPoint","urlTemplate":"https:\/\/truusk.store\/sv\/?s={search_term_string}"},"query-input":{"@type":"PropertyValueSpecification","valueRequired":true,"valueName":"search_term_string"}}],"inLanguage":"sv-SE"},{"@type":"Organization","@id":"https:\/\/truusk.store\/sv\/#organization","name":"TRUUSK - Hem, Tr\u00e4dg\u00e5rd & Fritid","url":"https:\/\/truusk.store\/sv\/","logo":{"@type":"ImageObject","inLanguage":"sv-SE","@id":"https:\/\/truusk.store\/sv\/#\/schema\/logo\/image\/","url":"https:\/\/i0.wp.com\/truusk.store\/wp-content\/uploads\/2026\/03\/cropped-TRUUSK.png?fit=2032%2C917&ssl=1","contentUrl":"https:\/\/i0.wp.com\/truusk.store\/wp-content\/uploads\/2026\/03\/cropped-TRUUSK.png?fit=2032%2C917&ssl=1","width":2032,"height":917,"caption":"TRUUSK - Hem, Tr\u00e4dg\u00e5rd & Fritid"},"image":{"@id":"https:\/\/truusk.store\/sv\/#\/schema\/logo\/image\/"}}]}},"jetpack_sharing_enabled":true,"_links":{"self":[{"href":"https:\/\/truusk.store\/sv\/wp-json\/wp\/v2\/product\/22686","targetHints":{"allow":["GET"]}}],"collection":[{"href":"https:\/\/truusk.store\/sv\/wp-json\/wp\/v2\/product"}],"about":[{"href":"https:\/\/truusk.store\/sv\/wp-json\/wp\/v2\/types\/product"}],"wp:featuredmedia":[{"embeddable":true,"href":"https:\/\/truusk.store\/sv\/wp-json\/wp\/v2\/media\/22687"}],"wp:attachment":[{"href":"https:\/\/truusk.store\/sv\/wp-json\/wp\/v2\/media?parent=22686"}],"wp:term":[{"taxonomy":"product_brand","embeddable":true,"href":"https:\/\/truusk.store\/sv\/wp-json\/wp\/v2\/product_brand?post=22686"},{"taxonomy":"product_cat","embeddable":true,"href":"https:\/\/truusk.store\/sv\/wp-json\/wp\/v2\/product_cat?post=22686"},{"taxonomy":"product_tag","embeddable":true,"href":"https:\/\/truusk.store\/sv\/wp-json\/wp\/v2\/product_tag?post=22686"}],"curies":[{"name":"wp","href":"https:\/\/api.w.org\/{rel}","templated":true}]}}