{"id":22708,"date":"2024-02-13T16:32:17","date_gmt":"2024-02-13T15:32:17","guid":{"rendered":"https:\/\/truusk.store\/product\/210-cm-balansbalk-gymnastikbalk-inomhus-utomhus-balansbalk-hopfallbar-gymnastikbalk-balansbalk-balansbalk-upp-till-120-kg-rosa\/"},"modified":"2026-03-12T09:04:18","modified_gmt":"2026-03-12T08:04:18","slug":"truusk-210-cm-hopfallbar-balansbalk-inomhus-utomhus-upp-till-120-kg-rosa","status":"publish","type":"product","link":"https:\/\/truusk.store\/sv\/produkt\/truusk-210-cm-hopfallbar-balansbalk-inomhus-utomhus-upp-till-120-kg-rosa\/","title":{"rendered":"TRUUSK 210 cm Hopf\u00e4llbar Balansbalk &#8211; Inomhus\/Utomhus &#8211; Upp Till 120 kg &#8211; Rosa"},"content":{"rendered":"<p>Med denna vackra, f\u00e4llbara balansbalk kan du ut\u00f6va din favoritsport hemma eller p\u00e5 klubben. Tack vare sitt bekv\u00e4ma \u00f6verdrag, fyra halkfria f\u00f6tter och robusta g\u00e5ngj\u00e4rn i rostfritt st\u00e5l kan du tr\u00e4na s\u00e4kert och bekv\u00e4mt n\u00e4r som helst. Om balansbalken inte beh\u00f6vs kan den enkelt f\u00e4llas ihop och f\u00f6rvaras f\u00f6r att spara utrymme eller enkelt tas med \u00f6verallt: till gymnastikklubben, till parken eller till en sporthall.<\/p>\n<h3>Beskrivning:<\/h3>\n<ul>\n<li>Idealisk f\u00f6r gymnastiknyb\u00f6rjare f\u00f6r att gradvis \u00f6ka tr\u00e4ningen och utveckla sj\u00e4lvf\u00f6rtroendet i de grundl\u00e4ggande \u00f6vningarna<\/li>\n<li>Kan anv\u00e4ndas p\u00e5 en m\u00e4ngd olika s\u00e4tt: hemma, i en idrottsf\u00f6rening, p\u00e5 t\u00e4vlingar, etc.<\/li>\n<li>Vikbar f\u00f6r platsbesparande f\u00f6rvaring och enkel transport<\/li>\n<li>Trevligt fodral i mockalook<\/li>\n<li>Designad och tillverkad av h\u00f6gkvalitativa, robusta material f\u00f6r l\u00e5ng livsl\u00e4ngd<\/li>\n<li>Robusta g\u00e5ngj\u00e4rn i rostfritt st\u00e5l<\/li>\n<li>4 halkfria och repfria fotkuddar<\/li>\n<li>Rekommenderad maxlast: 120 kg<\/li>\n<\/ul>\n<h3>Teknisk data:<\/h3>\n<ul>\n<li>Huvudf\u00e4rg: rosa<\/li>\n<li>Huvudmaterial: tr\u00e4, syntetiskt l\u00e4der och EPE 22 kg\/m<\/li>\n<li>\u00d6vergripande m\u00e5tt: 210L x 10W x 6,5H cm<\/li>\n<li>Rekommenderad maxlast: 120 kg<\/li>\n<\/ul>\n<h3>Leveransens omfattning:<\/h3>\n<ul>\n<li>1 x balansstr\u00e5le;<\/li>\n<\/ul>\n","protected":false},"excerpt":{"rendered":"<p>Med denna vackra, f\u00e4llbara balansbalk kan du ut\u00f6va din favoritsport hemma eller p\u00e5 klubben. Tack vare sitt bekv\u00e4ma \u00f6verdrag, fyra&#8230;<\/p>\n","protected":false},"featured_media":22709,"template":"","meta":[],"product_brand":[],"product_cat":[661,647],"product_tag":[],"class_list":{"0":"post-22708","1":"product","2":"type-product","3":"status-publish","4":"has-post-thumbnail","6":"product_cat-kondition-styrketraning","7":"product_cat-sport-fritid","9":"first","10":"instock","11":"sale","12":"taxable","13":"shipping-taxable","14":"purchasable","15":"product-type-simple"},"yoast_head":"<!-- This site is optimized with the Yoast SEO plugin v25.4 - https:\/\/yoast.com\/wordpress\/plugins\/seo\/ -->\n<title>TRUUSK 210 cm Hopf\u00e4llbar Balansbalk - Inomhus\/Utomhus - Upp Till 120 kg - Rosa - TRUUSK - Hem, Tr\u00e4dg\u00e5rd &amp; Fritid<\/title>\n<meta name=\"robots\" content=\"index, follow, max-snippet:-1, max-image-preview:large, max-video-preview:-1\" \/>\n<link rel=\"canonical\" href=\"https:\/\/truusk.store\/sv\/produkt\/truusk-210-cm-hopfallbar-balansbalk-inomhus-utomhus-upp-till-120-kg-rosa\/\" \/>\n<meta property=\"og:locale\" content=\"sv_SE\" \/>\n<meta property=\"og:type\" content=\"article\" \/>\n<meta property=\"og:title\" content=\"TRUUSK 210 cm Hopf\u00e4llbar Balansbalk - Inomhus\/Utomhus - Upp Till 120 kg - Rosa - TRUUSK - Hem, Tr\u00e4dg\u00e5rd &amp; Fritid\" \/>\n<meta property=\"og:description\" content=\"Med denna vackra, f\u00e4llbara balansbalk kan du ut\u00f6va din favoritsport hemma eller p\u00e5 klubben. Tack vare sitt bekv\u00e4ma \u00f6verdrag, fyra...\" \/>\n<meta property=\"og:url\" content=\"https:\/\/truusk.store\/sv\/produkt\/truusk-210-cm-hopfallbar-balansbalk-inomhus-utomhus-upp-till-120-kg-rosa\/\" \/>\n<meta property=\"og:site_name\" content=\"TRUUSK - Hem, Tr\u00e4dg\u00e5rd &amp; Fritid\" \/>\n<meta property=\"article:modified_time\" content=\"2026-03-12T08:04:18+00:00\" \/>\n<meta property=\"og:image\" content=\"https:\/\/i0.wp.com\/truusk.se\/wp-content\/uploads\/2024\/02\/210-cm-balansbalk-gymnastikbalk-inomhus-utomhus-balansbalk-hopfallbar-gymnastikbalk-balansbalk-balansbalk-upp-till-120-kg-rosa.webp?fit=800%2C800&ssl=1\" \/>\n\t<meta property=\"og:image:width\" content=\"800\" \/>\n\t<meta property=\"og:image:height\" content=\"800\" \/>\n\t<meta property=\"og:image:type\" content=\"image\/webp\" \/>\n<meta name=\"twitter:card\" content=\"summary_large_image\" \/>\n<meta name=\"twitter:label1\" content=\"Ber\u00e4knad l\u00e4stid\" \/>\n\t<meta name=\"twitter:data1\" content=\"1 minut\" \/>\n<!-- \/ Yoast SEO plugin. -->","yoast_head_json":{"title":"TRUUSK 210 cm Hopf\u00e4llbar Balansbalk - Inomhus\/Utomhus - Upp Till 120 kg - Rosa - TRUUSK - Hem, Tr\u00e4dg\u00e5rd &amp; Fritid","robots":{"index":"index","follow":"follow","max-snippet":"max-snippet:-1","max-image-preview":"max-image-preview:large","max-video-preview":"max-video-preview:-1"},"canonical":"https:\/\/truusk.store\/sv\/produkt\/truusk-210-cm-hopfallbar-balansbalk-inomhus-utomhus-upp-till-120-kg-rosa\/","og_locale":"sv_SE","og_type":"article","og_title":"TRUUSK 210 cm Hopf\u00e4llbar Balansbalk - Inomhus\/Utomhus - Upp Till 120 kg - Rosa - TRUUSK - Hem, Tr\u00e4dg\u00e5rd &amp; Fritid","og_description":"Med denna vackra, f\u00e4llbara balansbalk kan du ut\u00f6va din favoritsport hemma eller p\u00e5 klubben. Tack vare sitt bekv\u00e4ma \u00f6verdrag, fyra...","og_url":"https:\/\/truusk.store\/sv\/produkt\/truusk-210-cm-hopfallbar-balansbalk-inomhus-utomhus-upp-till-120-kg-rosa\/","og_site_name":"TRUUSK - Hem, Tr\u00e4dg\u00e5rd &amp; Fritid","article_modified_time":"2026-03-12T08:04:18+00:00","og_image":[{"width":800,"height":800,"url":"https:\/\/i0.wp.com\/truusk.se\/wp-content\/uploads\/2024\/02\/210-cm-balansbalk-gymnastikbalk-inomhus-utomhus-balansbalk-hopfallbar-gymnastikbalk-balansbalk-balansbalk-upp-till-120-kg-rosa.webp?fit=800%2C800&ssl=1","type":"image\/webp"}],"twitter_card":"summary_large_image","twitter_misc":{"Ber\u00e4knad l\u00e4stid":"1 minut"},"schema":{"@context":"https:\/\/schema.org","@graph":[{"@type":"WebPage","@id":"https:\/\/truusk.store\/sv\/produkt\/truusk-210-cm-hopfallbar-balansbalk-inomhus-utomhus-upp-till-120-kg-rosa\/","url":"https:\/\/truusk.store\/sv\/produkt\/truusk-210-cm-hopfallbar-balansbalk-inomhus-utomhus-upp-till-120-kg-rosa\/","name":"TRUUSK 210 cm Hopf\u00e4llbar Balansbalk - Inomhus\/Utomhus - Upp Till 120 kg - Rosa - TRUUSK - Hem, Tr\u00e4dg\u00e5rd &amp; Fritid","isPartOf":{"@id":"https:\/\/truusk.store\/sv\/#website"},"primaryImageOfPage":{"@id":"https:\/\/truusk.store\/sv\/produkt\/truusk-210-cm-hopfallbar-balansbalk-inomhus-utomhus-upp-till-120-kg-rosa\/#primaryimage"},"image":{"@id":"https:\/\/truusk.store\/sv\/produkt\/truusk-210-cm-hopfallbar-balansbalk-inomhus-utomhus-upp-till-120-kg-rosa\/#primaryimage"},"thumbnailUrl":"https:\/\/i0.wp.com\/truusk.store\/wp-content\/uploads\/2024\/02\/210-cm-balansbalk-gymnastikbalk-inomhus-utomhus-balansbalk-hopfallbar-gymnastikbalk-balansbalk-balansbalk-upp-till-120-kg-rosa.webp?fit=800%2C800&ssl=1","datePublished":"2024-02-13T15:32:17+00:00","dateModified":"2026-03-12T08:04:18+00:00","breadcrumb":{"@id":"https:\/\/truusk.store\/sv\/produkt\/truusk-210-cm-hopfallbar-balansbalk-inomhus-utomhus-upp-till-120-kg-rosa\/#breadcrumb"},"inLanguage":"sv-SE","potentialAction":[{"@type":"ReadAction","target":["https:\/\/truusk.store\/sv\/produkt\/truusk-210-cm-hopfallbar-balansbalk-inomhus-utomhus-upp-till-120-kg-rosa\/"]}]},{"@type":"ImageObject","inLanguage":"sv-SE","@id":"https:\/\/truusk.store\/sv\/produkt\/truusk-210-cm-hopfallbar-balansbalk-inomhus-utomhus-upp-till-120-kg-rosa\/#primaryimage","url":"https:\/\/i0.wp.com\/truusk.store\/wp-content\/uploads\/2024\/02\/210-cm-balansbalk-gymnastikbalk-inomhus-utomhus-balansbalk-hopfallbar-gymnastikbalk-balansbalk-balansbalk-upp-till-120-kg-rosa.webp?fit=800%2C800&ssl=1","contentUrl":"https:\/\/i0.wp.com\/truusk.store\/wp-content\/uploads\/2024\/02\/210-cm-balansbalk-gymnastikbalk-inomhus-utomhus-balansbalk-hopfallbar-gymnastikbalk-balansbalk-balansbalk-upp-till-120-kg-rosa.webp?fit=800%2C800&ssl=1","width":800,"height":800,"caption":"210 Cm Balansbalk Gymnastikbalk Inomhus Utomhus Balansbalk Hopf\u00e4llbar Gymnastikbalk Balansbalk Balansbalk Upp Till 120 Kg Rosa 1"},{"@type":"BreadcrumbList","@id":"https:\/\/truusk.store\/sv\/produkt\/truusk-210-cm-hopfallbar-balansbalk-inomhus-utomhus-upp-till-120-kg-rosa\/#breadcrumb","itemListElement":[{"@type":"ListItem","position":1,"name":"Home","item":"https:\/\/truusk.store\/sv\/"},{"@type":"ListItem","position":2,"name":"Shop","item":"https:\/\/truusk.store\/shop\/"},{"@type":"ListItem","position":3,"name":"TRUUSK 210 cm Hopf\u00e4llbar Balansbalk &#8211; Inomhus\/Utomhus &#8211; Upp Till 120 kg &#8211; Rosa"}]},{"@type":"WebSite","@id":"https:\/\/truusk.store\/sv\/#website","url":"https:\/\/truusk.store\/sv\/","name":"TRUUSK - Hem, Tr\u00e4dg\u00e5rd & Fritid","description":"","publisher":{"@id":"https:\/\/truusk.store\/sv\/#organization"},"potentialAction":[{"@type":"SearchAction","target":{"@type":"EntryPoint","urlTemplate":"https:\/\/truusk.store\/sv\/?s={search_term_string}"},"query-input":{"@type":"PropertyValueSpecification","valueRequired":true,"valueName":"search_term_string"}}],"inLanguage":"sv-SE"},{"@type":"Organization","@id":"https:\/\/truusk.store\/sv\/#organization","name":"TRUUSK - Hem, Tr\u00e4dg\u00e5rd & Fritid","url":"https:\/\/truusk.store\/sv\/","logo":{"@type":"ImageObject","inLanguage":"sv-SE","@id":"https:\/\/truusk.store\/sv\/#\/schema\/logo\/image\/","url":"https:\/\/i0.wp.com\/truusk.store\/wp-content\/uploads\/2026\/03\/cropped-TRUUSK.png?fit=2032%2C917&ssl=1","contentUrl":"https:\/\/i0.wp.com\/truusk.store\/wp-content\/uploads\/2026\/03\/cropped-TRUUSK.png?fit=2032%2C917&ssl=1","width":2032,"height":917,"caption":"TRUUSK - Hem, Tr\u00e4dg\u00e5rd & Fritid"},"image":{"@id":"https:\/\/truusk.store\/sv\/#\/schema\/logo\/image\/"}}]}},"jetpack_sharing_enabled":true,"_links":{"self":[{"href":"https:\/\/truusk.store\/sv\/wp-json\/wp\/v2\/product\/22708","targetHints":{"allow":["GET"]}}],"collection":[{"href":"https:\/\/truusk.store\/sv\/wp-json\/wp\/v2\/product"}],"about":[{"href":"https:\/\/truusk.store\/sv\/wp-json\/wp\/v2\/types\/product"}],"wp:featuredmedia":[{"embeddable":true,"href":"https:\/\/truusk.store\/sv\/wp-json\/wp\/v2\/media\/22709"}],"wp:attachment":[{"href":"https:\/\/truusk.store\/sv\/wp-json\/wp\/v2\/media?parent=22708"}],"wp:term":[{"taxonomy":"product_brand","embeddable":true,"href":"https:\/\/truusk.store\/sv\/wp-json\/wp\/v2\/product_brand?post=22708"},{"taxonomy":"product_cat","embeddable":true,"href":"https:\/\/truusk.store\/sv\/wp-json\/wp\/v2\/product_cat?post=22708"},{"taxonomy":"product_tag","embeddable":true,"href":"https:\/\/truusk.store\/sv\/wp-json\/wp\/v2\/product_tag?post=22708"}],"curies":[{"name":"wp","href":"https:\/\/api.w.org\/{rel}","templated":true}]}}