{"id":22730,"date":"2024-02-13T16:32:51","date_gmt":"2024-02-13T15:32:51","guid":{"rendered":"https:\/\/truusk.store\/product\/konstgjord-banyantraddekoration-massivt-tra-konstgjord-trad-inomhussimulering-traddekoration-vardagsrum-20-x-145-cm\/"},"modified":"2026-03-12T09:04:19","modified_gmt":"2026-03-12T08:04:19","slug":"truusk-konstgjord-banyantraddekoration-massivt-tra-inomhussimulering-vardagsrum-20-x-145-cm","status":"publish","type":"product","link":"https:\/\/truusk.store\/sv\/produkt\/truusk-konstgjord-banyantraddekoration-massivt-tra-inomhussimulering-vardagsrum-20-x-145-cm\/","title":{"rendered":"TRUUSK Konstgjord Banyantr\u00e4ddekoration &#8211; Massivt tr\u00e4 &#8211; Inomhussimulering &#8211; Vardagsrum 20 x 145 cm"},"content":{"rendered":"<p>Vill du odla gr\u00f6na v\u00e4xter, men kan inte h\u00e5lla dem gr\u00f6na hela tiden? V\u00e5r konstgjorda palmv\u00e4xt \u00e4r precis vad du beh\u00f6ver. Den h\u00e5ller sig gr\u00f6n i m\u00e5nga \u00e5r utan att besk\u00e4ras eller formas. Ingen vattning, ingen g\u00f6dning, inga bekymmer n\u00e4r du reser. De realistiska grenarna kan b\u00f6jas efter eget tycke och kr\u00e4ver lite underh\u00e5ll. Den kommer f\u00e4rdigkrukad och passar alla typer av dekoration, perfekt f\u00f6r inomhus och utomhus.<\/p>\n<h3>Beskrivning:<\/h3>\n<ul>\n<li>Vackert konstgjord banyantr\u00e4d<\/li>\n<li>L\u00e4mplig f\u00f6r hem, kontor eller utomhusbruk, lyser upp alla rum med sin naturliga stil<\/li>\n<li>Denna v\u00e4xt inneh\u00e5ller 756 blad som kan b\u00f6jas manuellt<\/li>\n<li>En stadig blomkruka ger en stabil bas<\/li>\n<li>PE-mossa och cementlera ing\u00e5r, vilket g\u00f6r dem mer stabila och \u00e4kta<\/li>\n<li>Lite underh\u00e5ll kr\u00e4vs<\/li>\n<\/ul>\n<h3>Teknisk data:<\/h3>\n<ul>\n<li>F\u00e4rg: ljusgr\u00f6n+djupgr\u00f6n<\/li>\n<li>Material: PE, PP, cement<\/li>\n<li>Typ: Banyan<\/li>\n<li>Totalm\u00e5tt: 20 x 145H cm<\/li>\n<li>Krukstorlek: 20 x 17H cm<\/li>\n<li>Artikelnummer: 844-339<\/li>\n<\/ul>\n<h3>Leveransens omfattning:<\/h3>\n<ul>\n<li>1 x artificiellt banyantr\u00e4d;<\/li>\n<\/ul>\n","protected":false},"excerpt":{"rendered":"<p>Vill du odla gr\u00f6na v\u00e4xter, men kan inte h\u00e5lla dem gr\u00f6na hela tiden? V\u00e5r konstgjorda palmv\u00e4xt \u00e4r precis vad du&#8230;<\/p>\n","protected":false},"featured_media":22731,"template":"","meta":[],"product_brand":[],"product_cat":[671,681,672],"product_tag":[],"class_list":{"0":"post-22730","1":"product","2":"type-product","3":"status-publish","4":"has-post-thumbnail","6":"product_cat-jarnaffar","7":"product_cat-konstgjorda-vaxter","8":"product_cat-runt-huset","10":"first","11":"instock","12":"sale","13":"taxable","14":"shipping-taxable","15":"purchasable","16":"product-type-simple"},"yoast_head":"<!-- This site is optimized with the Yoast SEO plugin v25.4 - https:\/\/yoast.com\/wordpress\/plugins\/seo\/ -->\n<title>TRUUSK Konstgjord Banyantr\u00e4ddekoration - Massivt tr\u00e4 - Inomhussimulering - Vardagsrum 20 x 145 cm - TRUUSK - Hem, Tr\u00e4dg\u00e5rd &amp; Fritid<\/title>\n<meta name=\"robots\" content=\"index, follow, max-snippet:-1, max-image-preview:large, max-video-preview:-1\" \/>\n<link rel=\"canonical\" href=\"https:\/\/truusk.store\/sv\/produkt\/truusk-konstgjord-banyantraddekoration-massivt-tra-inomhussimulering-vardagsrum-20-x-145-cm\/\" \/>\n<meta property=\"og:locale\" content=\"sv_SE\" \/>\n<meta property=\"og:type\" content=\"article\" \/>\n<meta property=\"og:title\" content=\"TRUUSK Konstgjord Banyantr\u00e4ddekoration - Massivt tr\u00e4 - Inomhussimulering - Vardagsrum 20 x 145 cm - TRUUSK - Hem, Tr\u00e4dg\u00e5rd &amp; Fritid\" \/>\n<meta property=\"og:description\" content=\"Vill du odla gr\u00f6na v\u00e4xter, men kan inte h\u00e5lla dem gr\u00f6na hela tiden? V\u00e5r konstgjorda palmv\u00e4xt \u00e4r precis vad du...\" \/>\n<meta property=\"og:url\" content=\"https:\/\/truusk.store\/sv\/produkt\/truusk-konstgjord-banyantraddekoration-massivt-tra-inomhussimulering-vardagsrum-20-x-145-cm\/\" \/>\n<meta property=\"og:site_name\" content=\"TRUUSK - Hem, Tr\u00e4dg\u00e5rd &amp; Fritid\" \/>\n<meta property=\"article:modified_time\" content=\"2026-03-12T08:04:19+00:00\" \/>\n<meta property=\"og:image\" content=\"https:\/\/i0.wp.com\/truusk.se\/wp-content\/uploads\/2024\/02\/konstgjord-banyantraddekoration-massivt-tra-konstgjord-trad-inomhussimulering-traddekoration-vardagsrum-20-x-145-cm.webp?fit=800%2C800&ssl=1\" \/>\n\t<meta property=\"og:image:width\" content=\"800\" \/>\n\t<meta property=\"og:image:height\" content=\"800\" \/>\n\t<meta property=\"og:image:type\" content=\"image\/webp\" \/>\n<meta name=\"twitter:card\" content=\"summary_large_image\" \/>\n<meta name=\"twitter:label1\" content=\"Ber\u00e4knad l\u00e4stid\" \/>\n\t<meta name=\"twitter:data1\" content=\"1 minut\" \/>\n<!-- \/ Yoast SEO plugin. -->","yoast_head_json":{"title":"TRUUSK Konstgjord Banyantr\u00e4ddekoration - Massivt tr\u00e4 - Inomhussimulering - Vardagsrum 20 x 145 cm - TRUUSK - Hem, Tr\u00e4dg\u00e5rd &amp; Fritid","robots":{"index":"index","follow":"follow","max-snippet":"max-snippet:-1","max-image-preview":"max-image-preview:large","max-video-preview":"max-video-preview:-1"},"canonical":"https:\/\/truusk.store\/sv\/produkt\/truusk-konstgjord-banyantraddekoration-massivt-tra-inomhussimulering-vardagsrum-20-x-145-cm\/","og_locale":"sv_SE","og_type":"article","og_title":"TRUUSK Konstgjord Banyantr\u00e4ddekoration - Massivt tr\u00e4 - Inomhussimulering - Vardagsrum 20 x 145 cm - TRUUSK - Hem, Tr\u00e4dg\u00e5rd &amp; Fritid","og_description":"Vill du odla gr\u00f6na v\u00e4xter, men kan inte h\u00e5lla dem gr\u00f6na hela tiden? V\u00e5r konstgjorda palmv\u00e4xt \u00e4r precis vad du...","og_url":"https:\/\/truusk.store\/sv\/produkt\/truusk-konstgjord-banyantraddekoration-massivt-tra-inomhussimulering-vardagsrum-20-x-145-cm\/","og_site_name":"TRUUSK - Hem, Tr\u00e4dg\u00e5rd &amp; Fritid","article_modified_time":"2026-03-12T08:04:19+00:00","og_image":[{"width":800,"height":800,"url":"https:\/\/i0.wp.com\/truusk.se\/wp-content\/uploads\/2024\/02\/konstgjord-banyantraddekoration-massivt-tra-konstgjord-trad-inomhussimulering-traddekoration-vardagsrum-20-x-145-cm.webp?fit=800%2C800&ssl=1","type":"image\/webp"}],"twitter_card":"summary_large_image","twitter_misc":{"Ber\u00e4knad l\u00e4stid":"1 minut"},"schema":{"@context":"https:\/\/schema.org","@graph":[{"@type":"WebPage","@id":"https:\/\/truusk.store\/sv\/produkt\/truusk-konstgjord-banyantraddekoration-massivt-tra-inomhussimulering-vardagsrum-20-x-145-cm\/","url":"https:\/\/truusk.store\/sv\/produkt\/truusk-konstgjord-banyantraddekoration-massivt-tra-inomhussimulering-vardagsrum-20-x-145-cm\/","name":"TRUUSK Konstgjord Banyantr\u00e4ddekoration - Massivt tr\u00e4 - Inomhussimulering - Vardagsrum 20 x 145 cm - TRUUSK - Hem, Tr\u00e4dg\u00e5rd &amp; Fritid","isPartOf":{"@id":"https:\/\/truusk.store\/sv\/#website"},"primaryImageOfPage":{"@id":"https:\/\/truusk.store\/sv\/produkt\/truusk-konstgjord-banyantraddekoration-massivt-tra-inomhussimulering-vardagsrum-20-x-145-cm\/#primaryimage"},"image":{"@id":"https:\/\/truusk.store\/sv\/produkt\/truusk-konstgjord-banyantraddekoration-massivt-tra-inomhussimulering-vardagsrum-20-x-145-cm\/#primaryimage"},"thumbnailUrl":"https:\/\/i0.wp.com\/truusk.store\/wp-content\/uploads\/2024\/02\/konstgjord-banyantraddekoration-massivt-tra-konstgjord-trad-inomhussimulering-traddekoration-vardagsrum-20-x-145-cm.webp?fit=800%2C800&ssl=1","datePublished":"2024-02-13T15:32:51+00:00","dateModified":"2026-03-12T08:04:19+00:00","breadcrumb":{"@id":"https:\/\/truusk.store\/sv\/produkt\/truusk-konstgjord-banyantraddekoration-massivt-tra-inomhussimulering-vardagsrum-20-x-145-cm\/#breadcrumb"},"inLanguage":"sv-SE","potentialAction":[{"@type":"ReadAction","target":["https:\/\/truusk.store\/sv\/produkt\/truusk-konstgjord-banyantraddekoration-massivt-tra-inomhussimulering-vardagsrum-20-x-145-cm\/"]}]},{"@type":"ImageObject","inLanguage":"sv-SE","@id":"https:\/\/truusk.store\/sv\/produkt\/truusk-konstgjord-banyantraddekoration-massivt-tra-inomhussimulering-vardagsrum-20-x-145-cm\/#primaryimage","url":"https:\/\/i0.wp.com\/truusk.store\/wp-content\/uploads\/2024\/02\/konstgjord-banyantraddekoration-massivt-tra-konstgjord-trad-inomhussimulering-traddekoration-vardagsrum-20-x-145-cm.webp?fit=800%2C800&ssl=1","contentUrl":"https:\/\/i0.wp.com\/truusk.store\/wp-content\/uploads\/2024\/02\/konstgjord-banyantraddekoration-massivt-tra-konstgjord-trad-inomhussimulering-traddekoration-vardagsrum-20-x-145-cm.webp?fit=800%2C800&ssl=1","width":800,"height":800,"caption":"Konstgjord Banyantr\u00e4ddekoration Massivt Tr\u00e4 Konstgjord Tr\u00e4d Inomhussimulering Tr\u00e4ddekoration Vardagsrum 20 X 145 Cm 1"},{"@type":"BreadcrumbList","@id":"https:\/\/truusk.store\/sv\/produkt\/truusk-konstgjord-banyantraddekoration-massivt-tra-inomhussimulering-vardagsrum-20-x-145-cm\/#breadcrumb","itemListElement":[{"@type":"ListItem","position":1,"name":"Home","item":"https:\/\/truusk.store\/sv\/"},{"@type":"ListItem","position":2,"name":"Shop","item":"https:\/\/truusk.store\/shop\/"},{"@type":"ListItem","position":3,"name":"TRUUSK Konstgjord Banyantr\u00e4ddekoration &#8211; Massivt tr\u00e4 &#8211; Inomhussimulering &#8211; Vardagsrum 20 x 145 cm"}]},{"@type":"WebSite","@id":"https:\/\/truusk.store\/sv\/#website","url":"https:\/\/truusk.store\/sv\/","name":"TRUUSK - Hem, Tr\u00e4dg\u00e5rd & Fritid","description":"","publisher":{"@id":"https:\/\/truusk.store\/sv\/#organization"},"potentialAction":[{"@type":"SearchAction","target":{"@type":"EntryPoint","urlTemplate":"https:\/\/truusk.store\/sv\/?s={search_term_string}"},"query-input":{"@type":"PropertyValueSpecification","valueRequired":true,"valueName":"search_term_string"}}],"inLanguage":"sv-SE"},{"@type":"Organization","@id":"https:\/\/truusk.store\/sv\/#organization","name":"TRUUSK - Hem, Tr\u00e4dg\u00e5rd & Fritid","url":"https:\/\/truusk.store\/sv\/","logo":{"@type":"ImageObject","inLanguage":"sv-SE","@id":"https:\/\/truusk.store\/sv\/#\/schema\/logo\/image\/","url":"https:\/\/i0.wp.com\/truusk.store\/wp-content\/uploads\/2026\/03\/cropped-TRUUSK.png?fit=2032%2C917&ssl=1","contentUrl":"https:\/\/i0.wp.com\/truusk.store\/wp-content\/uploads\/2026\/03\/cropped-TRUUSK.png?fit=2032%2C917&ssl=1","width":2032,"height":917,"caption":"TRUUSK - Hem, Tr\u00e4dg\u00e5rd & Fritid"},"image":{"@id":"https:\/\/truusk.store\/sv\/#\/schema\/logo\/image\/"}}]}},"jetpack_sharing_enabled":true,"_links":{"self":[{"href":"https:\/\/truusk.store\/sv\/wp-json\/wp\/v2\/product\/22730","targetHints":{"allow":["GET"]}}],"collection":[{"href":"https:\/\/truusk.store\/sv\/wp-json\/wp\/v2\/product"}],"about":[{"href":"https:\/\/truusk.store\/sv\/wp-json\/wp\/v2\/types\/product"}],"wp:featuredmedia":[{"embeddable":true,"href":"https:\/\/truusk.store\/sv\/wp-json\/wp\/v2\/media\/22731"}],"wp:attachment":[{"href":"https:\/\/truusk.store\/sv\/wp-json\/wp\/v2\/media?parent=22730"}],"wp:term":[{"taxonomy":"product_brand","embeddable":true,"href":"https:\/\/truusk.store\/sv\/wp-json\/wp\/v2\/product_brand?post=22730"},{"taxonomy":"product_cat","embeddable":true,"href":"https:\/\/truusk.store\/sv\/wp-json\/wp\/v2\/product_cat?post=22730"},{"taxonomy":"product_tag","embeddable":true,"href":"https:\/\/truusk.store\/sv\/wp-json\/wp\/v2\/product_tag?post=22730"}],"curies":[{"name":"wp","href":"https:\/\/api.w.org\/{rel}","templated":true}]}}