{"id":22750,"date":"2024-02-13T16:33:27","date_gmt":"2024-02-13T15:33:27","guid":{"rendered":"https:\/\/truusk.store\/product\/parasoll-tradgard-paraply-455-x-270-cm-marknadsparasoll-dubbel-parasoll-uteplats-parasoll-med-handvev-vinrod-oval\/"},"modified":"2026-03-12T09:04:19","modified_gmt":"2026-03-12T08:04:19","slug":"truusk-parasoll-for-tradgarden-dubbelmarkis-handvev-vinrod-455-x-270-cm","status":"publish","type":"product","link":"https:\/\/truusk.store\/sv\/produkt\/truusk-parasoll-for-tradgarden-dubbelmarkis-handvev-vinrod-455-x-270-cm\/","title":{"rendered":"TRUUSK Parasoll f\u00f6r Tr\u00e4dg\u00e5rden &#8211; Dubbelmarkis &#8211; Handvev &#8211; Vinr\u00f6d &#8211; 455 x 270 cm"},"content":{"rendered":"<p>Tv\u00e5 g\u00e5nger \u00e4r b\u00e4ttre! F\u00f6r alla som letar efter lite mer skugga under varma dagar \u00e4r v\u00e5rt h\u00f6gkvalitativa dubbelparasoll perfekt. Ditt tr\u00e4dg\u00e5rdsparaply ser alltid bra ut i tr\u00e4dg\u00e5rden, p\u00e5 terrassen, p\u00e5 stranden eller p\u00e5 en campingtur tillsammans. Att \u00f6ppna och st\u00e4nga \u00e4r en barnlek med hj\u00e4lp av den medf\u00f6ljande handveven. Tolv h\u00f6gkvalitativa metallstag s\u00e4kerst\u00e4ller h\u00f6g stabilitet. Sommaren kan komma!<\/p>\n<h3>Beskrivning:<\/h3>\n<ul>\n<li>Dubbelparasoll f\u00f6r tr\u00e4dg\u00e5rden, terrassen eller stranden<\/li>\n<li>Ger mer skugga \u00e4n traditionella parasoll<\/li>\n<li>2-delad paraplyst\u00e5ng och 12 metallstag s\u00e4kerst\u00e4ller h\u00f6g stabilitet<\/li>\n<li>Handvev m\u00f6jligg\u00f6r enkel \u00f6ppning och st\u00e4ngning<\/li>\n<li>Snabb och enkel att montera och demontera<\/li>\n<li>Du kan uppn\u00e5 ytterligare stabilitet, till exempel genom att anv\u00e4nda ett bord med en parasollh\u00e5llare eller ett paraplyst\u00e4ll.<\/li>\n<\/ul>\n<h3>Teknisk data:<\/h3>\n<ul>\n<li>Material: st\u00e5l, polyester, ABS<\/li>\n<li>\u00d6vergripande m\u00e5tt: L460 x B270 x H240 cm<\/li>\n<li>M\u00e5tt per sidoparaply: 2,7 m<\/li>\n<li>R\u00f6rdiameter: 48mm<\/li>\n<li>Nettovikt: ca 12,5 kg<\/li>\n<li>F\u00e4rg: vinr\u00f6d<\/li>\n<li>OBS: Rekommenderas inte f\u00f6r anv\u00e4ndning i kraftigt regn eller extrema v\u00e4derf\u00f6rh\u00e5llanden<\/li>\n<\/ul>\n<h3>Leveransens omfattning:<\/h3>\n<ul>\n<li>1 x Dubbelparasoll<\/li>\n<li>1 x bruksanvisning<\/li>\n<li>Paraplyst\u00e4ll ing\u00e5r INTE.<\/li>\n<\/ul>\n","protected":false},"excerpt":{"rendered":"<p>Tv\u00e5 g\u00e5nger \u00e4r b\u00e4ttre! F\u00f6r alla som letar efter lite mer skugga under varma dagar \u00e4r v\u00e5rt h\u00f6gkvalitativa dubbelparasoll perfekt&#8230;.<\/p>\n","protected":false},"featured_media":22751,"template":"","meta":[],"product_brand":[],"product_cat":[472,471,435],"product_tag":[],"class_list":{"0":"post-22750","1":"product","2":"type-product","3":"status-publish","4":"has-post-thumbnail","6":"product_cat-parasoller","7":"product_cat-solskydd-integritetsskydd","8":"product_cat-tradgard-och-terrass","10":"first","11":"instock","12":"sale","13":"taxable","14":"shipping-taxable","15":"purchasable","16":"product-type-simple"},"yoast_head":"<!-- This site is optimized with the Yoast SEO plugin v25.4 - https:\/\/yoast.com\/wordpress\/plugins\/seo\/ -->\n<title>TRUUSK Parasoll f\u00f6r Tr\u00e4dg\u00e5rden - Dubbelmarkis - Handvev - Vinr\u00f6d - 455 x 270 cm - TRUUSK - Hem, Tr\u00e4dg\u00e5rd &amp; Fritid<\/title>\n<meta name=\"robots\" content=\"index, follow, max-snippet:-1, max-image-preview:large, max-video-preview:-1\" \/>\n<link rel=\"canonical\" href=\"https:\/\/truusk.store\/sv\/produkt\/truusk-parasoll-for-tradgarden-dubbelmarkis-handvev-vinrod-455-x-270-cm\/\" \/>\n<meta property=\"og:locale\" content=\"sv_SE\" \/>\n<meta property=\"og:type\" content=\"article\" \/>\n<meta property=\"og:title\" content=\"TRUUSK Parasoll f\u00f6r Tr\u00e4dg\u00e5rden - Dubbelmarkis - Handvev - Vinr\u00f6d - 455 x 270 cm - TRUUSK - Hem, Tr\u00e4dg\u00e5rd &amp; Fritid\" \/>\n<meta property=\"og:description\" content=\"Tv\u00e5 g\u00e5nger \u00e4r b\u00e4ttre! F\u00f6r alla som letar efter lite mer skugga under varma dagar \u00e4r v\u00e5rt h\u00f6gkvalitativa dubbelparasoll perfekt....\" \/>\n<meta property=\"og:url\" content=\"https:\/\/truusk.store\/sv\/produkt\/truusk-parasoll-for-tradgarden-dubbelmarkis-handvev-vinrod-455-x-270-cm\/\" \/>\n<meta property=\"og:site_name\" content=\"TRUUSK - Hem, Tr\u00e4dg\u00e5rd &amp; Fritid\" \/>\n<meta property=\"article:modified_time\" content=\"2026-03-12T08:04:19+00:00\" \/>\n<meta property=\"og:image\" content=\"https:\/\/i0.wp.com\/truusk.se\/wp-content\/uploads\/2024\/02\/parasoll-tradgard-paraply-455-x-270-cm-marknadsparasoll-dubbel-parasoll-uteplats-parasoll-med-handvev-vinrod-oval.webp?fit=800%2C800&ssl=1\" \/>\n\t<meta property=\"og:image:width\" content=\"800\" \/>\n\t<meta property=\"og:image:height\" content=\"800\" \/>\n\t<meta property=\"og:image:type\" content=\"image\/webp\" \/>\n<meta name=\"twitter:card\" content=\"summary_large_image\" \/>\n<meta name=\"twitter:label1\" content=\"Ber\u00e4knad l\u00e4stid\" \/>\n\t<meta name=\"twitter:data1\" content=\"1 minut\" \/>\n<!-- \/ Yoast SEO plugin. -->","yoast_head_json":{"title":"TRUUSK Parasoll f\u00f6r Tr\u00e4dg\u00e5rden - Dubbelmarkis - Handvev - Vinr\u00f6d - 455 x 270 cm - TRUUSK - Hem, Tr\u00e4dg\u00e5rd &amp; Fritid","robots":{"index":"index","follow":"follow","max-snippet":"max-snippet:-1","max-image-preview":"max-image-preview:large","max-video-preview":"max-video-preview:-1"},"canonical":"https:\/\/truusk.store\/sv\/produkt\/truusk-parasoll-for-tradgarden-dubbelmarkis-handvev-vinrod-455-x-270-cm\/","og_locale":"sv_SE","og_type":"article","og_title":"TRUUSK Parasoll f\u00f6r Tr\u00e4dg\u00e5rden - Dubbelmarkis - Handvev - Vinr\u00f6d - 455 x 270 cm - TRUUSK - Hem, Tr\u00e4dg\u00e5rd &amp; Fritid","og_description":"Tv\u00e5 g\u00e5nger \u00e4r b\u00e4ttre! F\u00f6r alla som letar efter lite mer skugga under varma dagar \u00e4r v\u00e5rt h\u00f6gkvalitativa dubbelparasoll perfekt....","og_url":"https:\/\/truusk.store\/sv\/produkt\/truusk-parasoll-for-tradgarden-dubbelmarkis-handvev-vinrod-455-x-270-cm\/","og_site_name":"TRUUSK - Hem, Tr\u00e4dg\u00e5rd &amp; Fritid","article_modified_time":"2026-03-12T08:04:19+00:00","og_image":[{"width":800,"height":800,"url":"https:\/\/i0.wp.com\/truusk.se\/wp-content\/uploads\/2024\/02\/parasoll-tradgard-paraply-455-x-270-cm-marknadsparasoll-dubbel-parasoll-uteplats-parasoll-med-handvev-vinrod-oval.webp?fit=800%2C800&ssl=1","type":"image\/webp"}],"twitter_card":"summary_large_image","twitter_misc":{"Ber\u00e4knad l\u00e4stid":"1 minut"},"schema":{"@context":"https:\/\/schema.org","@graph":[{"@type":"WebPage","@id":"https:\/\/truusk.store\/sv\/produkt\/truusk-parasoll-for-tradgarden-dubbelmarkis-handvev-vinrod-455-x-270-cm\/","url":"https:\/\/truusk.store\/sv\/produkt\/truusk-parasoll-for-tradgarden-dubbelmarkis-handvev-vinrod-455-x-270-cm\/","name":"TRUUSK Parasoll f\u00f6r Tr\u00e4dg\u00e5rden - Dubbelmarkis - Handvev - Vinr\u00f6d - 455 x 270 cm - TRUUSK - Hem, Tr\u00e4dg\u00e5rd &amp; Fritid","isPartOf":{"@id":"https:\/\/truusk.store\/sv\/#website"},"primaryImageOfPage":{"@id":"https:\/\/truusk.store\/sv\/produkt\/truusk-parasoll-for-tradgarden-dubbelmarkis-handvev-vinrod-455-x-270-cm\/#primaryimage"},"image":{"@id":"https:\/\/truusk.store\/sv\/produkt\/truusk-parasoll-for-tradgarden-dubbelmarkis-handvev-vinrod-455-x-270-cm\/#primaryimage"},"thumbnailUrl":"https:\/\/i0.wp.com\/truusk.store\/wp-content\/uploads\/2024\/02\/parasoll-tradgard-paraply-455-x-270-cm-marknadsparasoll-dubbel-parasoll-uteplats-parasoll-med-handvev-vinrod-oval.webp?fit=800%2C800&ssl=1","datePublished":"2024-02-13T15:33:27+00:00","dateModified":"2026-03-12T08:04:19+00:00","breadcrumb":{"@id":"https:\/\/truusk.store\/sv\/produkt\/truusk-parasoll-for-tradgarden-dubbelmarkis-handvev-vinrod-455-x-270-cm\/#breadcrumb"},"inLanguage":"sv-SE","potentialAction":[{"@type":"ReadAction","target":["https:\/\/truusk.store\/sv\/produkt\/truusk-parasoll-for-tradgarden-dubbelmarkis-handvev-vinrod-455-x-270-cm\/"]}]},{"@type":"ImageObject","inLanguage":"sv-SE","@id":"https:\/\/truusk.store\/sv\/produkt\/truusk-parasoll-for-tradgarden-dubbelmarkis-handvev-vinrod-455-x-270-cm\/#primaryimage","url":"https:\/\/i0.wp.com\/truusk.store\/wp-content\/uploads\/2024\/02\/parasoll-tradgard-paraply-455-x-270-cm-marknadsparasoll-dubbel-parasoll-uteplats-parasoll-med-handvev-vinrod-oval.webp?fit=800%2C800&ssl=1","contentUrl":"https:\/\/i0.wp.com\/truusk.store\/wp-content\/uploads\/2024\/02\/parasoll-tradgard-paraply-455-x-270-cm-marknadsparasoll-dubbel-parasoll-uteplats-parasoll-med-handvev-vinrod-oval.webp?fit=800%2C800&ssl=1","width":800,"height":800,"caption":"Parasoll Tr\u00e4dg\u00e5rd Paraply 455 X 270 Cm Marknadsparasoll Dubbel Parasoll Uteplats Parasoll Med Handvev Vinr\u00f6d Oval 1"},{"@type":"BreadcrumbList","@id":"https:\/\/truusk.store\/sv\/produkt\/truusk-parasoll-for-tradgarden-dubbelmarkis-handvev-vinrod-455-x-270-cm\/#breadcrumb","itemListElement":[{"@type":"ListItem","position":1,"name":"Home","item":"https:\/\/truusk.store\/sv\/"},{"@type":"ListItem","position":2,"name":"Shop","item":"https:\/\/truusk.store\/shop\/"},{"@type":"ListItem","position":3,"name":"TRUUSK Parasoll f\u00f6r Tr\u00e4dg\u00e5rden &#8211; Dubbelmarkis &#8211; Handvev &#8211; Vinr\u00f6d &#8211; 455 x 270 cm"}]},{"@type":"WebSite","@id":"https:\/\/truusk.store\/sv\/#website","url":"https:\/\/truusk.store\/sv\/","name":"TRUUSK - Hem, Tr\u00e4dg\u00e5rd & Fritid","description":"","publisher":{"@id":"https:\/\/truusk.store\/sv\/#organization"},"potentialAction":[{"@type":"SearchAction","target":{"@type":"EntryPoint","urlTemplate":"https:\/\/truusk.store\/sv\/?s={search_term_string}"},"query-input":{"@type":"PropertyValueSpecification","valueRequired":true,"valueName":"search_term_string"}}],"inLanguage":"sv-SE"},{"@type":"Organization","@id":"https:\/\/truusk.store\/sv\/#organization","name":"TRUUSK - Hem, Tr\u00e4dg\u00e5rd & Fritid","url":"https:\/\/truusk.store\/sv\/","logo":{"@type":"ImageObject","inLanguage":"sv-SE","@id":"https:\/\/truusk.store\/sv\/#\/schema\/logo\/image\/","url":"https:\/\/i0.wp.com\/truusk.store\/wp-content\/uploads\/2026\/03\/cropped-TRUUSK.png?fit=2032%2C917&ssl=1","contentUrl":"https:\/\/i0.wp.com\/truusk.store\/wp-content\/uploads\/2026\/03\/cropped-TRUUSK.png?fit=2032%2C917&ssl=1","width":2032,"height":917,"caption":"TRUUSK - Hem, Tr\u00e4dg\u00e5rd & Fritid"},"image":{"@id":"https:\/\/truusk.store\/sv\/#\/schema\/logo\/image\/"}}]}},"jetpack_sharing_enabled":true,"_links":{"self":[{"href":"https:\/\/truusk.store\/sv\/wp-json\/wp\/v2\/product\/22750","targetHints":{"allow":["GET"]}}],"collection":[{"href":"https:\/\/truusk.store\/sv\/wp-json\/wp\/v2\/product"}],"about":[{"href":"https:\/\/truusk.store\/sv\/wp-json\/wp\/v2\/types\/product"}],"wp:featuredmedia":[{"embeddable":true,"href":"https:\/\/truusk.store\/sv\/wp-json\/wp\/v2\/media\/22751"}],"wp:attachment":[{"href":"https:\/\/truusk.store\/sv\/wp-json\/wp\/v2\/media?parent=22750"}],"wp:term":[{"taxonomy":"product_brand","embeddable":true,"href":"https:\/\/truusk.store\/sv\/wp-json\/wp\/v2\/product_brand?post=22750"},{"taxonomy":"product_cat","embeddable":true,"href":"https:\/\/truusk.store\/sv\/wp-json\/wp\/v2\/product_cat?post=22750"},{"taxonomy":"product_tag","embeddable":true,"href":"https:\/\/truusk.store\/sv\/wp-json\/wp\/v2\/product_tag?post=22750"}],"curies":[{"name":"wp","href":"https:\/\/api.w.org\/{rel}","templated":true}]}}