{"id":22770,"date":"2024-02-13T16:34:03","date_gmt":"2024-02-13T15:34:03","guid":{"rendered":"https:\/\/truusk.store\/product\/barnfatolj-med-fotpall-barnsoffa-med-pall-barnsoffa-sofffatolj-svart-83-x-42-x-41-cm\/"},"modified":"2026-03-12T09:04:20","modified_gmt":"2026-03-12T08:04:20","slug":"truusk-barnfatolj-med-fotpall-svart-matt-83-x-42-x-41-cm","status":"publish","type":"product","link":"https:\/\/truusk.store\/sv\/produkt\/truusk-barnfatolj-med-fotpall-svart-matt-83-x-42-x-41-cm\/","title":{"rendered":"TRUUSK Barnf\u00e5t\u00f6lj Med Fotpall &#8211; Svart &#8211; M\u00e5tt: 83 x 42 x 41 cm"},"content":{"rendered":"<p>\u00c4ven om dina barn inte kan sitta still, kommer dina sm\u00e5 inte att kunna motst\u00e5 denna barnsoffa med ottoman! En modern design i vitt, en robust tr\u00e4ram och ett l\u00e4ttsk\u00f6tt fodral i konstl\u00e4der g\u00f6r denna barnsoffa till en praktisk och bekv\u00e4m sittplats. Ge dina barn och dig sj\u00e4lv detta praktiska och dekorativa m\u00f6belset s\u00e5 att ni kan koppla av tillsammans och bara sitta ner bekv\u00e4mt.<\/p>\n<h3>Beskrivning:<\/h3>\n<ul>\n<li>2-delat set best\u00e5r av 1 tv\u00e5sitssoffa och 1 pall<\/li>\n<li>1 matchande pall ger extra komfort<\/li>\n<li>Rundade kanter och h\u00f6rn skyddar ditt barn fr\u00e5n skador<\/li>\n<li>Massiv tr\u00e4ram och halkfria f\u00f6tter i botten g\u00f6r soffan stabil och s\u00e4ker<\/li>\n<li>PVC-\u00f6verdrag och skumstoppning ger ditt barn en bekv\u00e4m sittupplevelse<\/li>\n<li>Perfekt f\u00f6r barnrummet eller din egen plats i vardagsrummet<\/li>\n<li>L\u00e4tt att st\u00e4da<\/li>\n<\/ul>\n<h3>Teknisk data:<\/h3>\n<ul>\n<li>Material: tr\u00e4, PVC, skum<\/li>\n<li>Svart f\u00e4rg<\/li>\n<li>Soffans lastkapacitet: 60 kg<\/li>\n<li>Lastkapacitet p\u00e5 pallen: 40 kg<\/li>\n<li>Sofff\u00f6rb\u00e4ttring: 83L x 42W x 41H cm<\/li>\n<li>M\u00e5tt pall: 54L x 25W x 18H cm<\/li>\n<li>Sitsstorlek: 29W x 56D cm<\/li>\n<li>Sitth\u00f6jd: 18 cm<\/li>\n<li>L\u00e4mplig \u00e5lder: 1,5-3 \u00e5r<\/li>\n<\/ul>\n<h3>Leveransens omfattning:<\/h3>\n<ul>\n<li>1 x Barnsoffa<\/li>\n<li>1 x pall<\/li>\n<\/ul>\n","protected":false},"excerpt":{"rendered":"<p>\u00c4ven om dina barn inte kan sitta still, kommer dina sm\u00e5 inte att kunna motst\u00e5 denna barnsoffa med ottoman! En&#8230;<\/p>\n","protected":false},"featured_media":22771,"template":"","meta":[],"product_brand":[],"product_cat":[609,737,631,632],"product_tag":[],"class_list":{"0":"post-22770","1":"product","2":"type-product","3":"status-publish","4":"has-post-thumbnail","6":"product_cat-baby-barn","7":"product_cat-barnfatolj","8":"product_cat-barnmobler","9":"product_cat-sittmobler-for-barn","11":"first","12":"instock","13":"sale","14":"taxable","15":"shipping-taxable","16":"purchasable","17":"product-type-simple"},"yoast_head":"<!-- This site is optimized with the Yoast SEO plugin v25.4 - https:\/\/yoast.com\/wordpress\/plugins\/seo\/ -->\n<title>TRUUSK Barnf\u00e5t\u00f6lj Med Fotpall - Svart - M\u00e5tt: 83 x 42 x 41 cm - TRUUSK - Hem, Tr\u00e4dg\u00e5rd &amp; Fritid<\/title>\n<meta name=\"robots\" content=\"index, follow, max-snippet:-1, max-image-preview:large, max-video-preview:-1\" \/>\n<link rel=\"canonical\" href=\"https:\/\/truusk.store\/sv\/produkt\/truusk-barnfatolj-med-fotpall-svart-matt-83-x-42-x-41-cm\/\" \/>\n<meta property=\"og:locale\" content=\"sv_SE\" \/>\n<meta property=\"og:type\" content=\"article\" \/>\n<meta property=\"og:title\" content=\"TRUUSK Barnf\u00e5t\u00f6lj Med Fotpall - Svart - M\u00e5tt: 83 x 42 x 41 cm - TRUUSK - Hem, Tr\u00e4dg\u00e5rd &amp; Fritid\" \/>\n<meta property=\"og:description\" content=\"\u00c4ven om dina barn inte kan sitta still, kommer dina sm\u00e5 inte att kunna motst\u00e5 denna barnsoffa med ottoman! En...\" \/>\n<meta property=\"og:url\" content=\"https:\/\/truusk.store\/sv\/produkt\/truusk-barnfatolj-med-fotpall-svart-matt-83-x-42-x-41-cm\/\" \/>\n<meta property=\"og:site_name\" content=\"TRUUSK - Hem, Tr\u00e4dg\u00e5rd &amp; Fritid\" \/>\n<meta property=\"article:modified_time\" content=\"2026-03-12T08:04:20+00:00\" \/>\n<meta property=\"og:image\" content=\"https:\/\/i0.wp.com\/truusk.se\/wp-content\/uploads\/2024\/02\/barnfatolj-med-fotpall-barnsoffa-med-pall-barnsoffa-sofffatolj-svart-83-x-42-x-41-cm.webp?fit=800%2C800&ssl=1\" \/>\n\t<meta property=\"og:image:width\" content=\"800\" \/>\n\t<meta property=\"og:image:height\" content=\"800\" \/>\n\t<meta property=\"og:image:type\" content=\"image\/webp\" \/>\n<meta name=\"twitter:card\" content=\"summary_large_image\" \/>\n<meta name=\"twitter:label1\" content=\"Ber\u00e4knad l\u00e4stid\" \/>\n\t<meta name=\"twitter:data1\" content=\"1 minut\" \/>\n<!-- \/ Yoast SEO plugin. -->","yoast_head_json":{"title":"TRUUSK Barnf\u00e5t\u00f6lj Med Fotpall - Svart - M\u00e5tt: 83 x 42 x 41 cm - TRUUSK - Hem, Tr\u00e4dg\u00e5rd &amp; Fritid","robots":{"index":"index","follow":"follow","max-snippet":"max-snippet:-1","max-image-preview":"max-image-preview:large","max-video-preview":"max-video-preview:-1"},"canonical":"https:\/\/truusk.store\/sv\/produkt\/truusk-barnfatolj-med-fotpall-svart-matt-83-x-42-x-41-cm\/","og_locale":"sv_SE","og_type":"article","og_title":"TRUUSK Barnf\u00e5t\u00f6lj Med Fotpall - Svart - M\u00e5tt: 83 x 42 x 41 cm - TRUUSK - Hem, Tr\u00e4dg\u00e5rd &amp; Fritid","og_description":"\u00c4ven om dina barn inte kan sitta still, kommer dina sm\u00e5 inte att kunna motst\u00e5 denna barnsoffa med ottoman! En...","og_url":"https:\/\/truusk.store\/sv\/produkt\/truusk-barnfatolj-med-fotpall-svart-matt-83-x-42-x-41-cm\/","og_site_name":"TRUUSK - Hem, Tr\u00e4dg\u00e5rd &amp; Fritid","article_modified_time":"2026-03-12T08:04:20+00:00","og_image":[{"width":800,"height":800,"url":"https:\/\/i0.wp.com\/truusk.se\/wp-content\/uploads\/2024\/02\/barnfatolj-med-fotpall-barnsoffa-med-pall-barnsoffa-sofffatolj-svart-83-x-42-x-41-cm.webp?fit=800%2C800&ssl=1","type":"image\/webp"}],"twitter_card":"summary_large_image","twitter_misc":{"Ber\u00e4knad l\u00e4stid":"1 minut"},"schema":{"@context":"https:\/\/schema.org","@graph":[{"@type":"WebPage","@id":"https:\/\/truusk.store\/sv\/produkt\/truusk-barnfatolj-med-fotpall-svart-matt-83-x-42-x-41-cm\/","url":"https:\/\/truusk.store\/sv\/produkt\/truusk-barnfatolj-med-fotpall-svart-matt-83-x-42-x-41-cm\/","name":"TRUUSK Barnf\u00e5t\u00f6lj Med Fotpall - Svart - M\u00e5tt: 83 x 42 x 41 cm - TRUUSK - Hem, Tr\u00e4dg\u00e5rd &amp; Fritid","isPartOf":{"@id":"https:\/\/truusk.store\/sv\/#website"},"primaryImageOfPage":{"@id":"https:\/\/truusk.store\/sv\/produkt\/truusk-barnfatolj-med-fotpall-svart-matt-83-x-42-x-41-cm\/#primaryimage"},"image":{"@id":"https:\/\/truusk.store\/sv\/produkt\/truusk-barnfatolj-med-fotpall-svart-matt-83-x-42-x-41-cm\/#primaryimage"},"thumbnailUrl":"https:\/\/i0.wp.com\/truusk.store\/wp-content\/uploads\/2024\/02\/barnfatolj-med-fotpall-barnsoffa-med-pall-barnsoffa-sofffatolj-svart-83-x-42-x-41-cm.webp?fit=800%2C800&ssl=1","datePublished":"2024-02-13T15:34:03+00:00","dateModified":"2026-03-12T08:04:20+00:00","breadcrumb":{"@id":"https:\/\/truusk.store\/sv\/produkt\/truusk-barnfatolj-med-fotpall-svart-matt-83-x-42-x-41-cm\/#breadcrumb"},"inLanguage":"sv-SE","potentialAction":[{"@type":"ReadAction","target":["https:\/\/truusk.store\/sv\/produkt\/truusk-barnfatolj-med-fotpall-svart-matt-83-x-42-x-41-cm\/"]}]},{"@type":"ImageObject","inLanguage":"sv-SE","@id":"https:\/\/truusk.store\/sv\/produkt\/truusk-barnfatolj-med-fotpall-svart-matt-83-x-42-x-41-cm\/#primaryimage","url":"https:\/\/i0.wp.com\/truusk.store\/wp-content\/uploads\/2024\/02\/barnfatolj-med-fotpall-barnsoffa-med-pall-barnsoffa-sofffatolj-svart-83-x-42-x-41-cm.webp?fit=800%2C800&ssl=1","contentUrl":"https:\/\/i0.wp.com\/truusk.store\/wp-content\/uploads\/2024\/02\/barnfatolj-med-fotpall-barnsoffa-med-pall-barnsoffa-sofffatolj-svart-83-x-42-x-41-cm.webp?fit=800%2C800&ssl=1","width":800,"height":800,"caption":"Barnf\u00e5t\u00f6lj Med Fotpall, Barnsoffa Med Pall, Barnsoffa, Sofff\u00e5t\u00f6lj, Svart, 83 X 42 X 41 Cm 1"},{"@type":"BreadcrumbList","@id":"https:\/\/truusk.store\/sv\/produkt\/truusk-barnfatolj-med-fotpall-svart-matt-83-x-42-x-41-cm\/#breadcrumb","itemListElement":[{"@type":"ListItem","position":1,"name":"Home","item":"https:\/\/truusk.store\/sv\/"},{"@type":"ListItem","position":2,"name":"Shop","item":"https:\/\/truusk.store\/shop\/"},{"@type":"ListItem","position":3,"name":"TRUUSK Barnf\u00e5t\u00f6lj Med Fotpall &#8211; Svart &#8211; M\u00e5tt: 83 x 42 x 41 cm"}]},{"@type":"WebSite","@id":"https:\/\/truusk.store\/sv\/#website","url":"https:\/\/truusk.store\/sv\/","name":"TRUUSK - Hem, Tr\u00e4dg\u00e5rd & Fritid","description":"","publisher":{"@id":"https:\/\/truusk.store\/sv\/#organization"},"potentialAction":[{"@type":"SearchAction","target":{"@type":"EntryPoint","urlTemplate":"https:\/\/truusk.store\/sv\/?s={search_term_string}"},"query-input":{"@type":"PropertyValueSpecification","valueRequired":true,"valueName":"search_term_string"}}],"inLanguage":"sv-SE"},{"@type":"Organization","@id":"https:\/\/truusk.store\/sv\/#organization","name":"TRUUSK - Hem, Tr\u00e4dg\u00e5rd & Fritid","url":"https:\/\/truusk.store\/sv\/","logo":{"@type":"ImageObject","inLanguage":"sv-SE","@id":"https:\/\/truusk.store\/sv\/#\/schema\/logo\/image\/","url":"https:\/\/i0.wp.com\/truusk.store\/wp-content\/uploads\/2026\/03\/cropped-TRUUSK.png?fit=2032%2C917&ssl=1","contentUrl":"https:\/\/i0.wp.com\/truusk.store\/wp-content\/uploads\/2026\/03\/cropped-TRUUSK.png?fit=2032%2C917&ssl=1","width":2032,"height":917,"caption":"TRUUSK - Hem, Tr\u00e4dg\u00e5rd & Fritid"},"image":{"@id":"https:\/\/truusk.store\/sv\/#\/schema\/logo\/image\/"}}]}},"jetpack_sharing_enabled":true,"_links":{"self":[{"href":"https:\/\/truusk.store\/sv\/wp-json\/wp\/v2\/product\/22770","targetHints":{"allow":["GET"]}}],"collection":[{"href":"https:\/\/truusk.store\/sv\/wp-json\/wp\/v2\/product"}],"about":[{"href":"https:\/\/truusk.store\/sv\/wp-json\/wp\/v2\/types\/product"}],"wp:featuredmedia":[{"embeddable":true,"href":"https:\/\/truusk.store\/sv\/wp-json\/wp\/v2\/media\/22771"}],"wp:attachment":[{"href":"https:\/\/truusk.store\/sv\/wp-json\/wp\/v2\/media?parent=22770"}],"wp:term":[{"taxonomy":"product_brand","embeddable":true,"href":"https:\/\/truusk.store\/sv\/wp-json\/wp\/v2\/product_brand?post=22770"},{"taxonomy":"product_cat","embeddable":true,"href":"https:\/\/truusk.store\/sv\/wp-json\/wp\/v2\/product_cat?post=22770"},{"taxonomy":"product_tag","embeddable":true,"href":"https:\/\/truusk.store\/sv\/wp-json\/wp\/v2\/product_tag?post=22770"}],"curies":[{"name":"wp","href":"https:\/\/api.w.org\/{rel}","templated":true}]}}