{"id":22791,"date":"2024-02-13T16:34:42","date_gmt":"2024-02-13T15:34:42","guid":{"rendered":"https:\/\/truusk.store\/product\/cykelslap-lastvagn-lastkapacitet-max-40-kg-transportvagn-handkarra-last-cykelvagn-vit-svart-stal-oxford-140-x-77-x-65-cm\/"},"modified":"2026-03-12T09:04:21","modified_gmt":"2026-03-12T08:04:21","slug":"truusk-cykelvagn-och-lastvagn-max-40-kg-kapacitet-handkarra-stalkonstruktion-oxford-tyg-140-x-77-x-65-cm-vit-och-svart","status":"publish","type":"product","link":"https:\/\/truusk.store\/sv\/produkt\/truusk-cykelvagn-och-lastvagn-max-40-kg-kapacitet-handkarra-stalkonstruktion-oxford-tyg-140-x-77-x-65-cm-vit-och-svart\/","title":{"rendered":"TRUUSK Cykelvagn och Lastvagn &#8211; Max 40 kg Kapacitet &#8211; Handk\u00e4rra &#8211; St\u00e5lkonstruktion &#8211; Oxford Tyg &#8211; 140 x 77 x 65 cm &#8211; Vit och Svart"},"content":{"rendered":"<p>Du kan transportera mycket med cykel. \u00c4ven mycket l\u00e4tt med lastvagnen. Den universella sl\u00e4pvagnen passar n\u00e4stan alla cyklar och kan snabbt f\u00e4stas och tas bort igen. Den robusta st\u00e5lramen till\u00e5ter en belastning p\u00e5 upp till 40 kg. Med 20-tumsd\u00e4cken \u00e4r sl\u00e4pet l\u00e4tt att dra \u00e4ven n\u00e4r det \u00e4r fullastat och f\u00e4lgreflektorerna s\u00e4kerst\u00e4ller b\u00e4ttre sikt.<\/p>\n<h3>Beskrivning:<\/h3>\n<ul>\n<li>Mycket stabil, pulverlackerad st\u00e5lr\u00f6rsram med st\u00f6rtb\u00e5ge<\/li>\n<li>Slitstarkt, l\u00e4ttsk\u00f6tt fodral<\/li>\n<li>20&#8243; pneumatiska d\u00e4ck med snabbf\u00e4sten<\/li>\n<li>Hjul kan enkelt demonteras f\u00f6r platsbesparande f\u00f6rvaring<\/li>\n<li>Avtagbar huva<\/li>\n<li>Inklusive sl\u00e4pvagnskoppling<\/li>\n<li>StVO godk\u00e4nd vid eftermontering av godk\u00e4nd baklykta<\/li>\n<li>Enkel och snabb montering och demontering utan verktyg<\/li>\n<li>Tv\u00e5 reflexer per hjul<\/li>\n<\/ul>\n<h3>Teknisk data:<\/h3>\n<ul>\n<li>Material: st\u00e5l och Oxford<\/li>\n<li>\u00d6vergripande m\u00e5tt: L140 x B77 x H65 cm<\/li>\n<li>Transportl\u00e5da: L86x B57 x H36 cm<\/li>\n<li>Pneumatiska d\u00e4ck: 20 tum<\/li>\n<li>F\u00e4rg: Vit\/Svart<\/li>\n<\/ul>\n<h3>Leveransens omfattning:<\/h3>\n<ul>\n<li>1 x transportvagn<\/li>\n<li>1 x Artikelinstruktioner<\/li>\n<\/ul>\n","protected":false},"excerpt":{"rendered":"<p>Du kan transportera mycket med cykel. \u00c4ven mycket l\u00e4tt med lastvagnen. Den universella sl\u00e4pvagnen passar n\u00e4stan alla cyklar och kan&#8230;<\/p>\n","protected":false},"featured_media":22792,"template":"","meta":[],"product_brand":[],"product_cat":[652,653,647],"product_tag":[],"class_list":{"0":"post-22791","1":"product","2":"type-product","3":"status-publish","4":"has-post-thumbnail","6":"product_cat-cykel","7":"product_cat-cykelvagn","8":"product_cat-sport-fritid","10":"first","11":"instock","12":"sale","13":"taxable","14":"shipping-taxable","15":"purchasable","16":"product-type-simple"},"yoast_head":"<!-- This site is optimized with the Yoast SEO plugin v25.4 - https:\/\/yoast.com\/wordpress\/plugins\/seo\/ -->\n<title>TRUUSK Cykelvagn och Lastvagn - Max 40 kg Kapacitet - Handk\u00e4rra - St\u00e5lkonstruktion - Oxford Tyg - 140 x 77 x 65 cm - Vit och Svart - TRUUSK - Hem, Tr\u00e4dg\u00e5rd &amp; Fritid<\/title>\n<meta name=\"robots\" content=\"index, follow, max-snippet:-1, max-image-preview:large, max-video-preview:-1\" \/>\n<link rel=\"canonical\" href=\"https:\/\/truusk.store\/sv\/produkt\/truusk-cykelvagn-och-lastvagn-max-40-kg-kapacitet-handkarra-stalkonstruktion-oxford-tyg-140-x-77-x-65-cm-vit-och-svart\/\" \/>\n<meta property=\"og:locale\" content=\"sv_SE\" \/>\n<meta property=\"og:type\" content=\"article\" \/>\n<meta property=\"og:title\" content=\"TRUUSK Cykelvagn och Lastvagn - Max 40 kg Kapacitet - Handk\u00e4rra - St\u00e5lkonstruktion - Oxford Tyg - 140 x 77 x 65 cm - Vit och Svart - TRUUSK - Hem, Tr\u00e4dg\u00e5rd &amp; Fritid\" \/>\n<meta property=\"og:description\" content=\"Du kan transportera mycket med cykel. \u00c4ven mycket l\u00e4tt med lastvagnen. Den universella sl\u00e4pvagnen passar n\u00e4stan alla cyklar och kan...\" \/>\n<meta property=\"og:url\" content=\"https:\/\/truusk.store\/sv\/produkt\/truusk-cykelvagn-och-lastvagn-max-40-kg-kapacitet-handkarra-stalkonstruktion-oxford-tyg-140-x-77-x-65-cm-vit-och-svart\/\" \/>\n<meta property=\"og:site_name\" content=\"TRUUSK - Hem, Tr\u00e4dg\u00e5rd &amp; Fritid\" \/>\n<meta property=\"article:modified_time\" content=\"2026-03-12T08:04:21+00:00\" \/>\n<meta property=\"og:image\" content=\"https:\/\/i0.wp.com\/truusk.se\/wp-content\/uploads\/2024\/02\/cykelslap-lastvagn-lastkapacitet-max-40-kg-transportvagn-handkarra-last-cykelvagn-vit-svart-stal-oxford-140-x-77-x-65-cm.webp?fit=800%2C800&ssl=1\" \/>\n\t<meta property=\"og:image:width\" content=\"800\" \/>\n\t<meta property=\"og:image:height\" content=\"800\" \/>\n\t<meta property=\"og:image:type\" content=\"image\/webp\" \/>\n<meta name=\"twitter:card\" content=\"summary_large_image\" \/>\n<meta name=\"twitter:label1\" content=\"Ber\u00e4knad l\u00e4stid\" \/>\n\t<meta name=\"twitter:data1\" content=\"1 minut\" \/>\n<!-- \/ Yoast SEO plugin. -->","yoast_head_json":{"title":"TRUUSK Cykelvagn och Lastvagn - Max 40 kg Kapacitet - Handk\u00e4rra - St\u00e5lkonstruktion - Oxford Tyg - 140 x 77 x 65 cm - Vit och Svart - TRUUSK - Hem, Tr\u00e4dg\u00e5rd &amp; Fritid","robots":{"index":"index","follow":"follow","max-snippet":"max-snippet:-1","max-image-preview":"max-image-preview:large","max-video-preview":"max-video-preview:-1"},"canonical":"https:\/\/truusk.store\/sv\/produkt\/truusk-cykelvagn-och-lastvagn-max-40-kg-kapacitet-handkarra-stalkonstruktion-oxford-tyg-140-x-77-x-65-cm-vit-och-svart\/","og_locale":"sv_SE","og_type":"article","og_title":"TRUUSK Cykelvagn och Lastvagn - Max 40 kg Kapacitet - Handk\u00e4rra - St\u00e5lkonstruktion - Oxford Tyg - 140 x 77 x 65 cm - Vit och Svart - TRUUSK - Hem, Tr\u00e4dg\u00e5rd &amp; Fritid","og_description":"Du kan transportera mycket med cykel. \u00c4ven mycket l\u00e4tt med lastvagnen. Den universella sl\u00e4pvagnen passar n\u00e4stan alla cyklar och kan...","og_url":"https:\/\/truusk.store\/sv\/produkt\/truusk-cykelvagn-och-lastvagn-max-40-kg-kapacitet-handkarra-stalkonstruktion-oxford-tyg-140-x-77-x-65-cm-vit-och-svart\/","og_site_name":"TRUUSK - Hem, Tr\u00e4dg\u00e5rd &amp; Fritid","article_modified_time":"2026-03-12T08:04:21+00:00","og_image":[{"width":800,"height":800,"url":"https:\/\/i0.wp.com\/truusk.se\/wp-content\/uploads\/2024\/02\/cykelslap-lastvagn-lastkapacitet-max-40-kg-transportvagn-handkarra-last-cykelvagn-vit-svart-stal-oxford-140-x-77-x-65-cm.webp?fit=800%2C800&ssl=1","type":"image\/webp"}],"twitter_card":"summary_large_image","twitter_misc":{"Ber\u00e4knad l\u00e4stid":"1 minut"},"schema":{"@context":"https:\/\/schema.org","@graph":[{"@type":"WebPage","@id":"https:\/\/truusk.store\/sv\/produkt\/truusk-cykelvagn-och-lastvagn-max-40-kg-kapacitet-handkarra-stalkonstruktion-oxford-tyg-140-x-77-x-65-cm-vit-och-svart\/","url":"https:\/\/truusk.store\/sv\/produkt\/truusk-cykelvagn-och-lastvagn-max-40-kg-kapacitet-handkarra-stalkonstruktion-oxford-tyg-140-x-77-x-65-cm-vit-och-svart\/","name":"TRUUSK Cykelvagn och Lastvagn - Max 40 kg Kapacitet - Handk\u00e4rra - St\u00e5lkonstruktion - Oxford Tyg - 140 x 77 x 65 cm - Vit och Svart - TRUUSK - Hem, Tr\u00e4dg\u00e5rd &amp; Fritid","isPartOf":{"@id":"https:\/\/truusk.store\/sv\/#website"},"primaryImageOfPage":{"@id":"https:\/\/truusk.store\/sv\/produkt\/truusk-cykelvagn-och-lastvagn-max-40-kg-kapacitet-handkarra-stalkonstruktion-oxford-tyg-140-x-77-x-65-cm-vit-och-svart\/#primaryimage"},"image":{"@id":"https:\/\/truusk.store\/sv\/produkt\/truusk-cykelvagn-och-lastvagn-max-40-kg-kapacitet-handkarra-stalkonstruktion-oxford-tyg-140-x-77-x-65-cm-vit-och-svart\/#primaryimage"},"thumbnailUrl":"https:\/\/i0.wp.com\/truusk.store\/wp-content\/uploads\/2024\/02\/cykelslap-lastvagn-lastkapacitet-max-40-kg-transportvagn-handkarra-last-cykelvagn-vit-svart-stal-oxford-140-x-77-x-65-cm.webp?fit=800%2C800&ssl=1","datePublished":"2024-02-13T15:34:42+00:00","dateModified":"2026-03-12T08:04:21+00:00","breadcrumb":{"@id":"https:\/\/truusk.store\/sv\/produkt\/truusk-cykelvagn-och-lastvagn-max-40-kg-kapacitet-handkarra-stalkonstruktion-oxford-tyg-140-x-77-x-65-cm-vit-och-svart\/#breadcrumb"},"inLanguage":"sv-SE","potentialAction":[{"@type":"ReadAction","target":["https:\/\/truusk.store\/sv\/produkt\/truusk-cykelvagn-och-lastvagn-max-40-kg-kapacitet-handkarra-stalkonstruktion-oxford-tyg-140-x-77-x-65-cm-vit-och-svart\/"]}]},{"@type":"ImageObject","inLanguage":"sv-SE","@id":"https:\/\/truusk.store\/sv\/produkt\/truusk-cykelvagn-och-lastvagn-max-40-kg-kapacitet-handkarra-stalkonstruktion-oxford-tyg-140-x-77-x-65-cm-vit-och-svart\/#primaryimage","url":"https:\/\/i0.wp.com\/truusk.store\/wp-content\/uploads\/2024\/02\/cykelslap-lastvagn-lastkapacitet-max-40-kg-transportvagn-handkarra-last-cykelvagn-vit-svart-stal-oxford-140-x-77-x-65-cm.webp?fit=800%2C800&ssl=1","contentUrl":"https:\/\/i0.wp.com\/truusk.store\/wp-content\/uploads\/2024\/02\/cykelslap-lastvagn-lastkapacitet-max-40-kg-transportvagn-handkarra-last-cykelvagn-vit-svart-stal-oxford-140-x-77-x-65-cm.webp?fit=800%2C800&ssl=1","width":800,"height":800,"caption":"Cykelsl\u00e4p Lastvagn Lastkapacitet Max 40 Kg Transportvagn Handk\u00e4rra Last Cykelvagn Vit + Svart St\u00e5l Oxford 140 X 77 X 65 Cm 1"},{"@type":"BreadcrumbList","@id":"https:\/\/truusk.store\/sv\/produkt\/truusk-cykelvagn-och-lastvagn-max-40-kg-kapacitet-handkarra-stalkonstruktion-oxford-tyg-140-x-77-x-65-cm-vit-och-svart\/#breadcrumb","itemListElement":[{"@type":"ListItem","position":1,"name":"Home","item":"https:\/\/truusk.store\/sv\/"},{"@type":"ListItem","position":2,"name":"Shop","item":"https:\/\/truusk.store\/shop\/"},{"@type":"ListItem","position":3,"name":"TRUUSK Cykelvagn och Lastvagn &#8211; Max 40 kg Kapacitet &#8211; Handk\u00e4rra &#8211; St\u00e5lkonstruktion &#8211; Oxford Tyg &#8211; 140 x 77 x 65 cm &#8211; Vit och Svart"}]},{"@type":"WebSite","@id":"https:\/\/truusk.store\/sv\/#website","url":"https:\/\/truusk.store\/sv\/","name":"TRUUSK - Hem, Tr\u00e4dg\u00e5rd & Fritid","description":"","publisher":{"@id":"https:\/\/truusk.store\/sv\/#organization"},"potentialAction":[{"@type":"SearchAction","target":{"@type":"EntryPoint","urlTemplate":"https:\/\/truusk.store\/sv\/?s={search_term_string}"},"query-input":{"@type":"PropertyValueSpecification","valueRequired":true,"valueName":"search_term_string"}}],"inLanguage":"sv-SE"},{"@type":"Organization","@id":"https:\/\/truusk.store\/sv\/#organization","name":"TRUUSK - Hem, Tr\u00e4dg\u00e5rd & Fritid","url":"https:\/\/truusk.store\/sv\/","logo":{"@type":"ImageObject","inLanguage":"sv-SE","@id":"https:\/\/truusk.store\/sv\/#\/schema\/logo\/image\/","url":"https:\/\/i0.wp.com\/truusk.store\/wp-content\/uploads\/2026\/03\/cropped-TRUUSK.png?fit=2032%2C917&ssl=1","contentUrl":"https:\/\/i0.wp.com\/truusk.store\/wp-content\/uploads\/2026\/03\/cropped-TRUUSK.png?fit=2032%2C917&ssl=1","width":2032,"height":917,"caption":"TRUUSK - Hem, Tr\u00e4dg\u00e5rd & Fritid"},"image":{"@id":"https:\/\/truusk.store\/sv\/#\/schema\/logo\/image\/"}}]}},"jetpack_sharing_enabled":true,"_links":{"self":[{"href":"https:\/\/truusk.store\/sv\/wp-json\/wp\/v2\/product\/22791","targetHints":{"allow":["GET"]}}],"collection":[{"href":"https:\/\/truusk.store\/sv\/wp-json\/wp\/v2\/product"}],"about":[{"href":"https:\/\/truusk.store\/sv\/wp-json\/wp\/v2\/types\/product"}],"wp:featuredmedia":[{"embeddable":true,"href":"https:\/\/truusk.store\/sv\/wp-json\/wp\/v2\/media\/22792"}],"wp:attachment":[{"href":"https:\/\/truusk.store\/sv\/wp-json\/wp\/v2\/media?parent=22791"}],"wp:term":[{"taxonomy":"product_brand","embeddable":true,"href":"https:\/\/truusk.store\/sv\/wp-json\/wp\/v2\/product_brand?post=22791"},{"taxonomy":"product_cat","embeddable":true,"href":"https:\/\/truusk.store\/sv\/wp-json\/wp\/v2\/product_cat?post=22791"},{"taxonomy":"product_tag","embeddable":true,"href":"https:\/\/truusk.store\/sv\/wp-json\/wp\/v2\/product_tag?post=22791"}],"curies":[{"name":"wp","href":"https:\/\/api.w.org\/{rel}","templated":true}]}}