{"id":22801,"date":"2024-02-13T16:34:58","date_gmt":"2024-02-13T15:34:58","guid":{"rendered":"https:\/\/truusk.store\/product\/barstol-set-om-2-laderlook-vridbar-hoj-och-sankbar-fotstod-metallram-44-x-49-x-90-110-cm-gra\/"},"modified":"2026-03-12T09:04:22","modified_gmt":"2026-03-12T08:04:22","slug":"truusk-barstol-set-om-2-laderlook-vridbar-hoj-och-sankbar-fotstod-metallram-44-x-49-x-90-110-cm-gra","status":"publish","type":"product","link":"https:\/\/truusk.store\/sv\/produkt\/truusk-barstol-set-om-2-laderlook-vridbar-hoj-och-sankbar-fotstod-metallram-44-x-49-x-90-110-cm-gra\/","title":{"rendered":"TRUUSK Barstol Set om 2 &#8211; L\u00e4derlook &#8211; Vridbar &#8211; H\u00f6j- och s\u00e4nkbar &#8211; Fotst\u00f6d &#8211; Metallram &#8211; 44 x 49 x 90-110 cm &#8211; Gr\u00e5"},"content":{"rendered":"<p>Upplev en ny niv\u00e5 av stil och komfort. Dessa moderna barstolar, med sitt eleganta fodral i konstl\u00e4der och mjuk stoppning, \u00e4r inte bara ett blickf\u00e5ng, utan ocks\u00e5 en plats att koppla av. Det bekv\u00e4ma ryggst\u00f6det ger optimalt st\u00f6d, perfekt f\u00f6r en mysig drink. Med sin breda, runda bas garanterar dessa vridbara pallar stabilitet och s\u00e4kerhet, perfekt f\u00f6r alla rum. Unna dig den tidl\u00f6sa designen och den oj\u00e4mf\u00f6rliga komforten hos k\u00f6kspallarna.<\/p>\n<h3>Beskrivning:<\/h3>\n<ul>\n<li>Set med tv\u00e5 h\u00f6ga barstolar idealiska f\u00f6r alla milj\u00f6er<\/li>\n<li>Perfekt som barstol, till k\u00f6ket mm.<\/li>\n<li>Vridbar och h\u00f6j- och s\u00e4nkbar sits<\/li>\n<li>K\u00f6kspalls fotst\u00f6d f\u00f6r att st\u00f6dja benen<\/li>\n<li>Elegant fodral i konstl\u00e4der och mjuk stoppning<\/li>\n<li>Tubul\u00e4r quiltning<\/li>\n<li>Fe med halkfria golvskydd<\/li>\n<li>Montering kr\u00e4vs<\/li>\n<\/ul>\n<h3>Teknisk data:<\/h3>\n<ul>\n<li>F\u00e4rg gr\u00e5<\/li>\n<li>Material: konstl\u00e4der, metall<\/li>\n<li>\u00d6vergripande m\u00e5tt: 44L x 49W x 90-110H cm<\/li>\n<li>Sitsstorlek: 44,5L x 43W x 59-79H cm<\/li>\n<li>M\u00e5tt p\u00e5 stativ: 41 cm<\/li>\n<li>Lastkapacitet: 120 kg<\/li>\n<\/ul>\n<h3>Leveransens omfattning:<\/h3>\n<ul>\n<li>2 x pallar<\/li>\n<li>1 x manuell<\/li>\n<\/ul>\n","protected":false},"excerpt":{"rendered":"<p>Upplev en ny niv\u00e5 av stil och komfort. Dessa moderna barstolar, med sitt eleganta fodral i konstl\u00e4der och mjuk stoppning,&#8230;<\/p>\n","protected":false},"featured_media":22802,"template":"","meta":[],"product_brand":[],"product_cat":[544,485,542],"product_tag":[],"class_list":{"0":"post-22801","1":"product","2":"type-product","3":"status-publish","4":"has-post-thumbnail","6":"product_cat-barstol","7":"product_cat-hus-bo","8":"product_cat-pall","10":"first","11":"instock","12":"sale","13":"taxable","14":"shipping-taxable","15":"purchasable","16":"product-type-simple"},"yoast_head":"<!-- This site is optimized with the Yoast SEO plugin v25.4 - https:\/\/yoast.com\/wordpress\/plugins\/seo\/ -->\n<title>TRUUSK Barstol Set om 2 - L\u00e4derlook - Vridbar - H\u00f6j- och s\u00e4nkbar - Fotst\u00f6d - Metallram - 44 x 49 x 90-110 cm - Gr\u00e5 - TRUUSK - Hem, Tr\u00e4dg\u00e5rd &amp; Fritid<\/title>\n<meta name=\"robots\" content=\"index, follow, max-snippet:-1, max-image-preview:large, max-video-preview:-1\" \/>\n<link rel=\"canonical\" href=\"https:\/\/truusk.store\/sv\/produkt\/truusk-barstol-set-om-2-laderlook-vridbar-hoj-och-sankbar-fotstod-metallram-44-x-49-x-90-110-cm-gra\/\" \/>\n<meta property=\"og:locale\" content=\"sv_SE\" \/>\n<meta property=\"og:type\" content=\"article\" \/>\n<meta property=\"og:title\" content=\"TRUUSK Barstol Set om 2 - L\u00e4derlook - Vridbar - H\u00f6j- och s\u00e4nkbar - Fotst\u00f6d - Metallram - 44 x 49 x 90-110 cm - Gr\u00e5 - TRUUSK - Hem, Tr\u00e4dg\u00e5rd &amp; Fritid\" \/>\n<meta property=\"og:description\" content=\"Upplev en ny niv\u00e5 av stil och komfort. Dessa moderna barstolar, med sitt eleganta fodral i konstl\u00e4der och mjuk stoppning,...\" \/>\n<meta property=\"og:url\" content=\"https:\/\/truusk.store\/sv\/produkt\/truusk-barstol-set-om-2-laderlook-vridbar-hoj-och-sankbar-fotstod-metallram-44-x-49-x-90-110-cm-gra\/\" \/>\n<meta property=\"og:site_name\" content=\"TRUUSK - Hem, Tr\u00e4dg\u00e5rd &amp; Fritid\" \/>\n<meta property=\"article:modified_time\" content=\"2026-03-12T08:04:22+00:00\" \/>\n<meta property=\"og:image\" content=\"https:\/\/i0.wp.com\/truusk.se\/wp-content\/uploads\/2024\/02\/barstol-set-om-2-laderlook-vridbar-hoj-och-sankbar-fotstod-metallram-44-x-49-x-90-110-cm-gra.webp?fit=800%2C800&ssl=1\" \/>\n\t<meta property=\"og:image:width\" content=\"800\" \/>\n\t<meta property=\"og:image:height\" content=\"800\" \/>\n\t<meta property=\"og:image:type\" content=\"image\/webp\" \/>\n<meta name=\"twitter:card\" content=\"summary_large_image\" \/>\n<meta name=\"twitter:label1\" content=\"Ber\u00e4knad l\u00e4stid\" \/>\n\t<meta name=\"twitter:data1\" content=\"1 minut\" \/>\n<!-- \/ Yoast SEO plugin. -->","yoast_head_json":{"title":"TRUUSK Barstol Set om 2 - L\u00e4derlook - Vridbar - H\u00f6j- och s\u00e4nkbar - Fotst\u00f6d - Metallram - 44 x 49 x 90-110 cm - Gr\u00e5 - TRUUSK - Hem, Tr\u00e4dg\u00e5rd &amp; Fritid","robots":{"index":"index","follow":"follow","max-snippet":"max-snippet:-1","max-image-preview":"max-image-preview:large","max-video-preview":"max-video-preview:-1"},"canonical":"https:\/\/truusk.store\/sv\/produkt\/truusk-barstol-set-om-2-laderlook-vridbar-hoj-och-sankbar-fotstod-metallram-44-x-49-x-90-110-cm-gra\/","og_locale":"sv_SE","og_type":"article","og_title":"TRUUSK Barstol Set om 2 - L\u00e4derlook - Vridbar - H\u00f6j- och s\u00e4nkbar - Fotst\u00f6d - Metallram - 44 x 49 x 90-110 cm - Gr\u00e5 - TRUUSK - Hem, Tr\u00e4dg\u00e5rd &amp; Fritid","og_description":"Upplev en ny niv\u00e5 av stil och komfort. Dessa moderna barstolar, med sitt eleganta fodral i konstl\u00e4der och mjuk stoppning,...","og_url":"https:\/\/truusk.store\/sv\/produkt\/truusk-barstol-set-om-2-laderlook-vridbar-hoj-och-sankbar-fotstod-metallram-44-x-49-x-90-110-cm-gra\/","og_site_name":"TRUUSK - Hem, Tr\u00e4dg\u00e5rd &amp; Fritid","article_modified_time":"2026-03-12T08:04:22+00:00","og_image":[{"width":800,"height":800,"url":"https:\/\/i0.wp.com\/truusk.se\/wp-content\/uploads\/2024\/02\/barstol-set-om-2-laderlook-vridbar-hoj-och-sankbar-fotstod-metallram-44-x-49-x-90-110-cm-gra.webp?fit=800%2C800&ssl=1","type":"image\/webp"}],"twitter_card":"summary_large_image","twitter_misc":{"Ber\u00e4knad l\u00e4stid":"1 minut"},"schema":{"@context":"https:\/\/schema.org","@graph":[{"@type":"WebPage","@id":"https:\/\/truusk.store\/sv\/produkt\/truusk-barstol-set-om-2-laderlook-vridbar-hoj-och-sankbar-fotstod-metallram-44-x-49-x-90-110-cm-gra\/","url":"https:\/\/truusk.store\/sv\/produkt\/truusk-barstol-set-om-2-laderlook-vridbar-hoj-och-sankbar-fotstod-metallram-44-x-49-x-90-110-cm-gra\/","name":"TRUUSK Barstol Set om 2 - L\u00e4derlook - Vridbar - H\u00f6j- och s\u00e4nkbar - Fotst\u00f6d - Metallram - 44 x 49 x 90-110 cm - Gr\u00e5 - TRUUSK - Hem, Tr\u00e4dg\u00e5rd &amp; Fritid","isPartOf":{"@id":"https:\/\/truusk.store\/sv\/#website"},"primaryImageOfPage":{"@id":"https:\/\/truusk.store\/sv\/produkt\/truusk-barstol-set-om-2-laderlook-vridbar-hoj-och-sankbar-fotstod-metallram-44-x-49-x-90-110-cm-gra\/#primaryimage"},"image":{"@id":"https:\/\/truusk.store\/sv\/produkt\/truusk-barstol-set-om-2-laderlook-vridbar-hoj-och-sankbar-fotstod-metallram-44-x-49-x-90-110-cm-gra\/#primaryimage"},"thumbnailUrl":"https:\/\/i0.wp.com\/truusk.store\/wp-content\/uploads\/2024\/02\/barstol-set-om-2-laderlook-vridbar-hoj-och-sankbar-fotstod-metallram-44-x-49-x-90-110-cm-gra.webp?fit=800%2C800&ssl=1","datePublished":"2024-02-13T15:34:58+00:00","dateModified":"2026-03-12T08:04:22+00:00","breadcrumb":{"@id":"https:\/\/truusk.store\/sv\/produkt\/truusk-barstol-set-om-2-laderlook-vridbar-hoj-och-sankbar-fotstod-metallram-44-x-49-x-90-110-cm-gra\/#breadcrumb"},"inLanguage":"sv-SE","potentialAction":[{"@type":"ReadAction","target":["https:\/\/truusk.store\/sv\/produkt\/truusk-barstol-set-om-2-laderlook-vridbar-hoj-och-sankbar-fotstod-metallram-44-x-49-x-90-110-cm-gra\/"]}]},{"@type":"ImageObject","inLanguage":"sv-SE","@id":"https:\/\/truusk.store\/sv\/produkt\/truusk-barstol-set-om-2-laderlook-vridbar-hoj-och-sankbar-fotstod-metallram-44-x-49-x-90-110-cm-gra\/#primaryimage","url":"https:\/\/i0.wp.com\/truusk.store\/wp-content\/uploads\/2024\/02\/barstol-set-om-2-laderlook-vridbar-hoj-och-sankbar-fotstod-metallram-44-x-49-x-90-110-cm-gra.webp?fit=800%2C800&ssl=1","contentUrl":"https:\/\/i0.wp.com\/truusk.store\/wp-content\/uploads\/2024\/02\/barstol-set-om-2-laderlook-vridbar-hoj-och-sankbar-fotstod-metallram-44-x-49-x-90-110-cm-gra.webp?fit=800%2C800&ssl=1","width":800,"height":800,"caption":"Barstol Set Om 2, L\u00e4derlook, Vridbar, H\u00f6j- Och S\u00e4nkbar, Fotst\u00f6d, Metallram, 44 X 49 X 90-110 Cm, Gr\u00e5 1"},{"@type":"BreadcrumbList","@id":"https:\/\/truusk.store\/sv\/produkt\/truusk-barstol-set-om-2-laderlook-vridbar-hoj-och-sankbar-fotstod-metallram-44-x-49-x-90-110-cm-gra\/#breadcrumb","itemListElement":[{"@type":"ListItem","position":1,"name":"Home","item":"https:\/\/truusk.store\/sv\/"},{"@type":"ListItem","position":2,"name":"Shop","item":"https:\/\/truusk.store\/shop\/"},{"@type":"ListItem","position":3,"name":"TRUUSK Barstol Set om 2 &#8211; L\u00e4derlook &#8211; Vridbar &#8211; H\u00f6j- och s\u00e4nkbar &#8211; Fotst\u00f6d &#8211; Metallram &#8211; 44 x 49 x 90-110 cm &#8211; Gr\u00e5"}]},{"@type":"WebSite","@id":"https:\/\/truusk.store\/sv\/#website","url":"https:\/\/truusk.store\/sv\/","name":"TRUUSK - Hem, Tr\u00e4dg\u00e5rd & Fritid","description":"","publisher":{"@id":"https:\/\/truusk.store\/sv\/#organization"},"potentialAction":[{"@type":"SearchAction","target":{"@type":"EntryPoint","urlTemplate":"https:\/\/truusk.store\/sv\/?s={search_term_string}"},"query-input":{"@type":"PropertyValueSpecification","valueRequired":true,"valueName":"search_term_string"}}],"inLanguage":"sv-SE"},{"@type":"Organization","@id":"https:\/\/truusk.store\/sv\/#organization","name":"TRUUSK - Hem, Tr\u00e4dg\u00e5rd & Fritid","url":"https:\/\/truusk.store\/sv\/","logo":{"@type":"ImageObject","inLanguage":"sv-SE","@id":"https:\/\/truusk.store\/sv\/#\/schema\/logo\/image\/","url":"https:\/\/i0.wp.com\/truusk.store\/wp-content\/uploads\/2026\/03\/cropped-TRUUSK.png?fit=2032%2C917&ssl=1","contentUrl":"https:\/\/i0.wp.com\/truusk.store\/wp-content\/uploads\/2026\/03\/cropped-TRUUSK.png?fit=2032%2C917&ssl=1","width":2032,"height":917,"caption":"TRUUSK - Hem, Tr\u00e4dg\u00e5rd & Fritid"},"image":{"@id":"https:\/\/truusk.store\/sv\/#\/schema\/logo\/image\/"}}]}},"jetpack_sharing_enabled":true,"_links":{"self":[{"href":"https:\/\/truusk.store\/sv\/wp-json\/wp\/v2\/product\/22801","targetHints":{"allow":["GET"]}}],"collection":[{"href":"https:\/\/truusk.store\/sv\/wp-json\/wp\/v2\/product"}],"about":[{"href":"https:\/\/truusk.store\/sv\/wp-json\/wp\/v2\/types\/product"}],"wp:featuredmedia":[{"embeddable":true,"href":"https:\/\/truusk.store\/sv\/wp-json\/wp\/v2\/media\/22802"}],"wp:attachment":[{"href":"https:\/\/truusk.store\/sv\/wp-json\/wp\/v2\/media?parent=22801"}],"wp:term":[{"taxonomy":"product_brand","embeddable":true,"href":"https:\/\/truusk.store\/sv\/wp-json\/wp\/v2\/product_brand?post=22801"},{"taxonomy":"product_cat","embeddable":true,"href":"https:\/\/truusk.store\/sv\/wp-json\/wp\/v2\/product_cat?post=22801"},{"taxonomy":"product_tag","embeddable":true,"href":"https:\/\/truusk.store\/sv\/wp-json\/wp\/v2\/product_tag?post=22801"}],"curies":[{"name":"wp","href":"https:\/\/api.w.org\/{rel}","templated":true}]}}