{"id":22812,"date":"2024-02-13T16:35:16","date_gmt":"2024-02-13T15:35:16","guid":{"rendered":"https:\/\/truusk.store\/product\/sorteringslada-smadelar-magasinsdelar-lada-forvaringslada-39-fack-gron-l38-x-b16-x-h475-cm\/"},"modified":"2026-03-12T09:04:22","modified_gmt":"2026-03-12T08:04:22","slug":"truusk-sorteringslada-39-fack-for-smadelar-och-magasinsdelar-gron-l38-x-b16-x-h475-cm","status":"publish","type":"product","link":"https:\/\/truusk.store\/sv\/produkt\/truusk-sorteringslada-39-fack-for-smadelar-och-magasinsdelar-gron-l38-x-b16-x-h475-cm\/","title":{"rendered":"TRUUSK Sorteringsl\u00e5da 39 Fack &#8211; F\u00f6r Sm\u00e5delar och Magasinsdelar &#8211; Gr\u00f6n &#8211; L38 x B16 x H47,5 cm"},"content":{"rendered":"<p>Ordning i verkstaden hj\u00e4lper \u00e4ven den b\u00e4sta g\u00f6r-det-sj\u00e4lv-entusiasten. Med 39 fack kan skruvar, spikar, vinklar och mycket mer f\u00f6rvaras separat och snabbt hittas vid behov. Tack vare den robusta polypropenplasten f\u00f6rblir arrang\u00f6ren en l\u00e5ngvarig arrang\u00f6r i garaget, verkstaden eller boden. Facken \u00e4r s\u00e4krade med en propp fr\u00e5n att falla ut. Tack vare de genomskinliga facken kan inneh\u00e5llet ses innan de \u00f6ppnas, vilket sparar dig besv\u00e4ret med att s\u00f6ka. Organizern monteras snabbt och enkelt p\u00e5 v\u00e4ggen och kan anv\u00e4ndas direkt f\u00f6r mer ordning.<\/p>\n<h3>Beskrivning:<\/h3>\n<ul>\n<li>Transparenta fack f\u00f6r att se inneh\u00e5llet fr\u00e5n utsidan<\/li>\n<li>39 fack f\u00f6r separat f\u00f6rvaring av skruvar, spikar, vinklar och mycket mer<\/li>\n<li>Fack med integrerad propp f\u00f6r att f\u00f6rhindra att den faller ut<\/li>\n<li>Perfekt f\u00f6r garage, verkstad eller friggebod<\/li>\n<li>Frist\u00e5ende eller v\u00e4ggmonterad<\/li>\n<li>Snabb och enkel installation<\/li>\n<\/ul>\n<h3>Teknisk data:<\/h3>\n<ul>\n<li>Material: PP-plast<\/li>\n<li>F\u00e4rg: gr\u00f6n<\/li>\n<li>\u00d6vergripande m\u00e5tt: B16 x L38 x H47,5 cm<\/li>\n<li>Fackstorlek (30 x liten): B15,5 x L5 cm<\/li>\n<li>Fackstorlek (9 x stort): B16 x L10 cm<\/li>\n<li>Vikt: 2,5 kg<\/li>\n<li>Lastkapacitet: 0,5 kg (sm\u00e5 fack), 1,5 kg (stora fack)<\/li>\n<\/ul>\n<h3>Leveransens omfattning:<\/h3>\n<ul>\n<li>Sm\u00e5delsmagasin med 39 l\u00e5dor<\/li>\n<li>F\u00e4stmaterial<\/li>\n<\/ul>\n","protected":false},"excerpt":{"rendered":"<p>Ordning i verkstaden hj\u00e4lper \u00e4ven den b\u00e4sta g\u00f6r-det-sj\u00e4lv-entusiasten. Med 39 fack kan skruvar, spikar, vinklar och mycket mer f\u00f6rvaras separat&#8230;<\/p>\n","protected":false},"featured_media":22813,"template":"","meta":[],"product_brand":[],"product_cat":[688,671,692],"product_tag":[],"class_list":{"0":"post-22812","1":"product","2":"type-product","3":"status-publish","4":"has-post-thumbnail","6":"product_cat-diy","7":"product_cat-jarnaffar","8":"product_cat-ordersystem","10":"first","11":"instock","12":"sale","13":"taxable","14":"shipping-taxable","15":"purchasable","16":"product-type-simple"},"yoast_head":"<!-- This site is optimized with the Yoast SEO plugin v25.4 - https:\/\/yoast.com\/wordpress\/plugins\/seo\/ -->\n<title>TRUUSK Sorteringsl\u00e5da 39 Fack - F\u00f6r Sm\u00e5delar och Magasinsdelar - Gr\u00f6n - L38 x B16 x H47,5 cm - TRUUSK - Hem, Tr\u00e4dg\u00e5rd &amp; Fritid<\/title>\n<meta name=\"robots\" content=\"index, follow, max-snippet:-1, max-image-preview:large, max-video-preview:-1\" \/>\n<link rel=\"canonical\" href=\"https:\/\/truusk.store\/sv\/produkt\/truusk-sorteringslada-39-fack-for-smadelar-och-magasinsdelar-gron-l38-x-b16-x-h475-cm\/\" \/>\n<meta property=\"og:locale\" content=\"sv_SE\" \/>\n<meta property=\"og:type\" content=\"article\" \/>\n<meta property=\"og:title\" content=\"TRUUSK Sorteringsl\u00e5da 39 Fack - F\u00f6r Sm\u00e5delar och Magasinsdelar - Gr\u00f6n - L38 x B16 x H47,5 cm - TRUUSK - Hem, Tr\u00e4dg\u00e5rd &amp; Fritid\" \/>\n<meta property=\"og:description\" content=\"Ordning i verkstaden hj\u00e4lper \u00e4ven den b\u00e4sta g\u00f6r-det-sj\u00e4lv-entusiasten. Med 39 fack kan skruvar, spikar, vinklar och mycket mer f\u00f6rvaras separat...\" \/>\n<meta property=\"og:url\" content=\"https:\/\/truusk.store\/sv\/produkt\/truusk-sorteringslada-39-fack-for-smadelar-och-magasinsdelar-gron-l38-x-b16-x-h475-cm\/\" \/>\n<meta property=\"og:site_name\" content=\"TRUUSK - Hem, Tr\u00e4dg\u00e5rd &amp; Fritid\" \/>\n<meta property=\"article:modified_time\" content=\"2026-03-12T08:04:22+00:00\" \/>\n<meta property=\"og:image\" content=\"https:\/\/i0.wp.com\/truusk.se\/wp-content\/uploads\/2024\/02\/sorteringslada-smadelar-magasinsdelar-lada-forvaringslada-39-fack-gron-l38-x-b16-x-h475-cm.webp?fit=800%2C800&ssl=1\" \/>\n\t<meta property=\"og:image:width\" content=\"800\" \/>\n\t<meta property=\"og:image:height\" content=\"800\" \/>\n\t<meta property=\"og:image:type\" content=\"image\/webp\" \/>\n<meta name=\"twitter:card\" content=\"summary_large_image\" \/>\n<meta name=\"twitter:label1\" content=\"Ber\u00e4knad l\u00e4stid\" \/>\n\t<meta name=\"twitter:data1\" content=\"1 minut\" \/>\n<!-- \/ Yoast SEO plugin. -->","yoast_head_json":{"title":"TRUUSK Sorteringsl\u00e5da 39 Fack - F\u00f6r Sm\u00e5delar och Magasinsdelar - Gr\u00f6n - L38 x B16 x H47,5 cm - TRUUSK - Hem, Tr\u00e4dg\u00e5rd &amp; Fritid","robots":{"index":"index","follow":"follow","max-snippet":"max-snippet:-1","max-image-preview":"max-image-preview:large","max-video-preview":"max-video-preview:-1"},"canonical":"https:\/\/truusk.store\/sv\/produkt\/truusk-sorteringslada-39-fack-for-smadelar-och-magasinsdelar-gron-l38-x-b16-x-h475-cm\/","og_locale":"sv_SE","og_type":"article","og_title":"TRUUSK Sorteringsl\u00e5da 39 Fack - F\u00f6r Sm\u00e5delar och Magasinsdelar - Gr\u00f6n - L38 x B16 x H47,5 cm - TRUUSK - Hem, Tr\u00e4dg\u00e5rd &amp; Fritid","og_description":"Ordning i verkstaden hj\u00e4lper \u00e4ven den b\u00e4sta g\u00f6r-det-sj\u00e4lv-entusiasten. Med 39 fack kan skruvar, spikar, vinklar och mycket mer f\u00f6rvaras separat...","og_url":"https:\/\/truusk.store\/sv\/produkt\/truusk-sorteringslada-39-fack-for-smadelar-och-magasinsdelar-gron-l38-x-b16-x-h475-cm\/","og_site_name":"TRUUSK - Hem, Tr\u00e4dg\u00e5rd &amp; Fritid","article_modified_time":"2026-03-12T08:04:22+00:00","og_image":[{"width":800,"height":800,"url":"https:\/\/i0.wp.com\/truusk.se\/wp-content\/uploads\/2024\/02\/sorteringslada-smadelar-magasinsdelar-lada-forvaringslada-39-fack-gron-l38-x-b16-x-h475-cm.webp?fit=800%2C800&ssl=1","type":"image\/webp"}],"twitter_card":"summary_large_image","twitter_misc":{"Ber\u00e4knad l\u00e4stid":"1 minut"},"schema":{"@context":"https:\/\/schema.org","@graph":[{"@type":"WebPage","@id":"https:\/\/truusk.store\/sv\/produkt\/truusk-sorteringslada-39-fack-for-smadelar-och-magasinsdelar-gron-l38-x-b16-x-h475-cm\/","url":"https:\/\/truusk.store\/sv\/produkt\/truusk-sorteringslada-39-fack-for-smadelar-och-magasinsdelar-gron-l38-x-b16-x-h475-cm\/","name":"TRUUSK Sorteringsl\u00e5da 39 Fack - F\u00f6r Sm\u00e5delar och Magasinsdelar - Gr\u00f6n - L38 x B16 x H47,5 cm - TRUUSK - Hem, Tr\u00e4dg\u00e5rd &amp; Fritid","isPartOf":{"@id":"https:\/\/truusk.store\/sv\/#website"},"primaryImageOfPage":{"@id":"https:\/\/truusk.store\/sv\/produkt\/truusk-sorteringslada-39-fack-for-smadelar-och-magasinsdelar-gron-l38-x-b16-x-h475-cm\/#primaryimage"},"image":{"@id":"https:\/\/truusk.store\/sv\/produkt\/truusk-sorteringslada-39-fack-for-smadelar-och-magasinsdelar-gron-l38-x-b16-x-h475-cm\/#primaryimage"},"thumbnailUrl":"https:\/\/i0.wp.com\/truusk.store\/wp-content\/uploads\/2024\/02\/sorteringslada-smadelar-magasinsdelar-lada-forvaringslada-39-fack-gron-l38-x-b16-x-h475-cm.webp?fit=800%2C800&ssl=1","datePublished":"2024-02-13T15:35:16+00:00","dateModified":"2026-03-12T08:04:22+00:00","breadcrumb":{"@id":"https:\/\/truusk.store\/sv\/produkt\/truusk-sorteringslada-39-fack-for-smadelar-och-magasinsdelar-gron-l38-x-b16-x-h475-cm\/#breadcrumb"},"inLanguage":"sv-SE","potentialAction":[{"@type":"ReadAction","target":["https:\/\/truusk.store\/sv\/produkt\/truusk-sorteringslada-39-fack-for-smadelar-och-magasinsdelar-gron-l38-x-b16-x-h475-cm\/"]}]},{"@type":"ImageObject","inLanguage":"sv-SE","@id":"https:\/\/truusk.store\/sv\/produkt\/truusk-sorteringslada-39-fack-for-smadelar-och-magasinsdelar-gron-l38-x-b16-x-h475-cm\/#primaryimage","url":"https:\/\/i0.wp.com\/truusk.store\/wp-content\/uploads\/2024\/02\/sorteringslada-smadelar-magasinsdelar-lada-forvaringslada-39-fack-gron-l38-x-b16-x-h475-cm.webp?fit=800%2C800&ssl=1","contentUrl":"https:\/\/i0.wp.com\/truusk.store\/wp-content\/uploads\/2024\/02\/sorteringslada-smadelar-magasinsdelar-lada-forvaringslada-39-fack-gron-l38-x-b16-x-h475-cm.webp?fit=800%2C800&ssl=1","width":800,"height":800,"caption":"Sorteringsl\u00e5da Sm\u00e5delar Magasinsdelar L\u00e5da F\u00f6rvaringsl\u00e5da 39 Fack Gr\u00f6n L38 X B16 X H47,5 Cm 1"},{"@type":"BreadcrumbList","@id":"https:\/\/truusk.store\/sv\/produkt\/truusk-sorteringslada-39-fack-for-smadelar-och-magasinsdelar-gron-l38-x-b16-x-h475-cm\/#breadcrumb","itemListElement":[{"@type":"ListItem","position":1,"name":"Home","item":"https:\/\/truusk.store\/sv\/"},{"@type":"ListItem","position":2,"name":"Shop","item":"https:\/\/truusk.store\/shop\/"},{"@type":"ListItem","position":3,"name":"TRUUSK Sorteringsl\u00e5da 39 Fack &#8211; F\u00f6r Sm\u00e5delar och Magasinsdelar &#8211; Gr\u00f6n &#8211; L38 x B16 x H47,5 cm"}]},{"@type":"WebSite","@id":"https:\/\/truusk.store\/sv\/#website","url":"https:\/\/truusk.store\/sv\/","name":"TRUUSK - Hem, Tr\u00e4dg\u00e5rd & Fritid","description":"","publisher":{"@id":"https:\/\/truusk.store\/sv\/#organization"},"potentialAction":[{"@type":"SearchAction","target":{"@type":"EntryPoint","urlTemplate":"https:\/\/truusk.store\/sv\/?s={search_term_string}"},"query-input":{"@type":"PropertyValueSpecification","valueRequired":true,"valueName":"search_term_string"}}],"inLanguage":"sv-SE"},{"@type":"Organization","@id":"https:\/\/truusk.store\/sv\/#organization","name":"TRUUSK - Hem, Tr\u00e4dg\u00e5rd & Fritid","url":"https:\/\/truusk.store\/sv\/","logo":{"@type":"ImageObject","inLanguage":"sv-SE","@id":"https:\/\/truusk.store\/sv\/#\/schema\/logo\/image\/","url":"https:\/\/i0.wp.com\/truusk.store\/wp-content\/uploads\/2026\/03\/cropped-TRUUSK.png?fit=2032%2C917&ssl=1","contentUrl":"https:\/\/i0.wp.com\/truusk.store\/wp-content\/uploads\/2026\/03\/cropped-TRUUSK.png?fit=2032%2C917&ssl=1","width":2032,"height":917,"caption":"TRUUSK - Hem, Tr\u00e4dg\u00e5rd & Fritid"},"image":{"@id":"https:\/\/truusk.store\/sv\/#\/schema\/logo\/image\/"}}]}},"jetpack_sharing_enabled":true,"_links":{"self":[{"href":"https:\/\/truusk.store\/sv\/wp-json\/wp\/v2\/product\/22812","targetHints":{"allow":["GET"]}}],"collection":[{"href":"https:\/\/truusk.store\/sv\/wp-json\/wp\/v2\/product"}],"about":[{"href":"https:\/\/truusk.store\/sv\/wp-json\/wp\/v2\/types\/product"}],"wp:featuredmedia":[{"embeddable":true,"href":"https:\/\/truusk.store\/sv\/wp-json\/wp\/v2\/media\/22813"}],"wp:attachment":[{"href":"https:\/\/truusk.store\/sv\/wp-json\/wp\/v2\/media?parent=22812"}],"wp:term":[{"taxonomy":"product_brand","embeddable":true,"href":"https:\/\/truusk.store\/sv\/wp-json\/wp\/v2\/product_brand?post=22812"},{"taxonomy":"product_cat","embeddable":true,"href":"https:\/\/truusk.store\/sv\/wp-json\/wp\/v2\/product_cat?post=22812"},{"taxonomy":"product_tag","embeddable":true,"href":"https:\/\/truusk.store\/sv\/wp-json\/wp\/v2\/product_tag?post=22812"}],"curies":[{"name":"wp","href":"https:\/\/api.w.org\/{rel}","templated":true}]}}