{"id":22831,"date":"2024-02-13T16:35:51","date_gmt":"2024-02-13T15:35:51","guid":{"rendered":"https:\/\/truusk.store\/product\/polyrottingsoffa-med-kuddar-3-sits-tradgardsloungesoffa-metall-polyestergra-185-x-70-x-80-cm\/"},"modified":"2026-03-12T09:04:23","modified_gmt":"2026-03-12T08:04:23","slug":"truusk-polyrottingsoffa-med-kuddar-3-sits-tradgardsloungesoffa-metall-polyestergra-185-x-70-x-80-cm","status":"publish","type":"product","link":"https:\/\/truusk.store\/sv\/produkt\/truusk-polyrottingsoffa-med-kuddar-3-sits-tradgardsloungesoffa-metall-polyestergra-185-x-70-x-80-cm\/","title":{"rendered":"TRUUSK Polyrottingsoffa Med Kuddar 3-sits &#8211; Tr\u00e4dg\u00e5rdsloungesoffa &#8211; Metall &#8211; Polyestergr\u00e5 &#8211; 185 x 70 x 80 cm"},"content":{"rendered":"<p>En trendig loungem\u00f6bel f\u00f6r din terrass: Med denna tr\u00e4dg\u00e5rdssoffa kan du skapa en mysig uteservering. Soffan f\u00e5r po\u00e4ng med sin h\u00f6gkvalitativa rottinglook och passar perfekt till v\u00e5ra tr\u00e4dg\u00e5rdsf\u00e5t\u00f6ljer. Materialet \u00e4r robust och v\u00e4derbest\u00e4ndigt. G\u00f6r dig sj\u00e4lv och dina g\u00e4ster bekv\u00e4ma vid poolen, p\u00e5 terrassen eller i vintertr\u00e4dg\u00e5rden.<\/p>\n<h3>Beskrivning:<\/h3>\n<ul>\n<li>Tr\u00e4dg\u00e5rdssoffa med armst\u00f6d, l\u00e4mplig f\u00f6r tr\u00e4dg\u00e5rd, veranda, takterrass<\/li>\n<li>Pulverlackerad och galvaniserad metallram ger styrka och ger en solid grund<\/li>\n<li>Yta av robust plastpolyeten (PE) med rottinglook<\/li>\n<li>Tjocka sitt- och ryggkuddar m\u00f6jligg\u00f6r bekv\u00e4mt sittande<\/li>\n<li>Vid kraftigt regn och v\u00e4der m\u00e5ste kuddarna tas bort fr\u00e5n sitsen<\/li>\n<li>Fyra f\u00f6tter skyddar golvet fr\u00e5n skador och h\u00e5ller soffan balanserad och stabil<\/li>\n<li>Montering kr\u00e4vs<\/li>\n<\/ul>\n<h3>Teknisk data:<\/h3>\n<ul>\n<li>F\u00e4rg gr\u00e5<\/li>\n<li>Material: metall, PE-rotting, polyester<\/li>\n<li>Totala m\u00e5tt: 185W x 70D x 80H cm<\/li>\n<li>Sitsstorlek: 165W x 50D cm<\/li>\n<li>Sitth\u00f6jd: 35 cm<\/li>\n<li>Sittdynans tjocklek: 10 cm<\/li>\n<li>Ryggkuddens tjocklek: 8 cm<\/li>\n<li>Enkel soffa lastkapacitet: 180 kg<\/li>\n<\/ul>\n<h3>Leveransens omfattning:<\/h3>\n<ul>\n<li>1 x rottingsoffa<\/li>\n<li>3 x ryggkuddar<\/li>\n<li>3 x sittdynor<\/li>\n<li>1 x Instruktioner<\/li>\n<li>VIKTIGT: Vi levererar varan till trottoarkanten utan kostnad. Se till att du anger r\u00e4tt adress och telefonnummer.<\/li>\n<\/ul>\n","protected":false},"excerpt":{"rendered":"<p>En trendig loungem\u00f6bel f\u00f6r din terrass: Med denna tr\u00e4dg\u00e5rdssoffa kan du skapa en mysig uteservering. Soffan f\u00e5r po\u00e4ng med sin&#8230;<\/p>\n","protected":false},"featured_media":22832,"template":"","meta":[],"product_brand":[],"product_cat":[458,435,450],"product_tag":[],"class_list":{"0":"post-22831","1":"product","2":"type-product","3":"status-publish","4":"has-post-thumbnail","6":"product_cat-loungemobler","7":"product_cat-tradgard-och-terrass","8":"product_cat-tradgardsmobler","10":"first","11":"instock","12":"sale","13":"taxable","14":"shipping-taxable","15":"purchasable","16":"product-type-simple"},"yoast_head":"<!-- This site is optimized with the Yoast SEO plugin v25.4 - https:\/\/yoast.com\/wordpress\/plugins\/seo\/ -->\n<title>TRUUSK Polyrottingsoffa Med Kuddar 3-sits - Tr\u00e4dg\u00e5rdsloungesoffa - Metall - Polyestergr\u00e5 - 185 x 70 x 80 cm - TRUUSK - Hem, Tr\u00e4dg\u00e5rd &amp; Fritid<\/title>\n<meta name=\"robots\" content=\"index, follow, max-snippet:-1, max-image-preview:large, max-video-preview:-1\" \/>\n<link rel=\"canonical\" href=\"https:\/\/truusk.store\/sv\/produkt\/truusk-polyrottingsoffa-med-kuddar-3-sits-tradgardsloungesoffa-metall-polyestergra-185-x-70-x-80-cm\/\" \/>\n<meta property=\"og:locale\" content=\"sv_SE\" \/>\n<meta property=\"og:type\" content=\"article\" \/>\n<meta property=\"og:title\" content=\"TRUUSK Polyrottingsoffa Med Kuddar 3-sits - Tr\u00e4dg\u00e5rdsloungesoffa - Metall - Polyestergr\u00e5 - 185 x 70 x 80 cm - TRUUSK - Hem, Tr\u00e4dg\u00e5rd &amp; Fritid\" \/>\n<meta property=\"og:description\" content=\"En trendig loungem\u00f6bel f\u00f6r din terrass: Med denna tr\u00e4dg\u00e5rdssoffa kan du skapa en mysig uteservering. Soffan f\u00e5r po\u00e4ng med sin...\" \/>\n<meta property=\"og:url\" content=\"https:\/\/truusk.store\/sv\/produkt\/truusk-polyrottingsoffa-med-kuddar-3-sits-tradgardsloungesoffa-metall-polyestergra-185-x-70-x-80-cm\/\" \/>\n<meta property=\"og:site_name\" content=\"TRUUSK - Hem, Tr\u00e4dg\u00e5rd &amp; Fritid\" \/>\n<meta property=\"article:modified_time\" content=\"2026-03-12T08:04:23+00:00\" \/>\n<meta property=\"og:image\" content=\"https:\/\/i0.wp.com\/truusk.se\/wp-content\/uploads\/2024\/02\/polyrottingsoffa-med-kuddar-3-sits-tradgardsloungesoffa-metall-polyestergra-185-x-70-x-80-cm.webp?fit=800%2C800&ssl=1\" \/>\n\t<meta property=\"og:image:width\" content=\"800\" \/>\n\t<meta property=\"og:image:height\" content=\"800\" \/>\n\t<meta property=\"og:image:type\" content=\"image\/webp\" \/>\n<meta name=\"twitter:card\" content=\"summary_large_image\" \/>\n<meta name=\"twitter:label1\" content=\"Ber\u00e4knad l\u00e4stid\" \/>\n\t<meta name=\"twitter:data1\" content=\"1 minut\" \/>\n<!-- \/ Yoast SEO plugin. -->","yoast_head_json":{"title":"TRUUSK Polyrottingsoffa Med Kuddar 3-sits - Tr\u00e4dg\u00e5rdsloungesoffa - Metall - Polyestergr\u00e5 - 185 x 70 x 80 cm - TRUUSK - Hem, Tr\u00e4dg\u00e5rd &amp; Fritid","robots":{"index":"index","follow":"follow","max-snippet":"max-snippet:-1","max-image-preview":"max-image-preview:large","max-video-preview":"max-video-preview:-1"},"canonical":"https:\/\/truusk.store\/sv\/produkt\/truusk-polyrottingsoffa-med-kuddar-3-sits-tradgardsloungesoffa-metall-polyestergra-185-x-70-x-80-cm\/","og_locale":"sv_SE","og_type":"article","og_title":"TRUUSK Polyrottingsoffa Med Kuddar 3-sits - Tr\u00e4dg\u00e5rdsloungesoffa - Metall - Polyestergr\u00e5 - 185 x 70 x 80 cm - TRUUSK - Hem, Tr\u00e4dg\u00e5rd &amp; Fritid","og_description":"En trendig loungem\u00f6bel f\u00f6r din terrass: Med denna tr\u00e4dg\u00e5rdssoffa kan du skapa en mysig uteservering. Soffan f\u00e5r po\u00e4ng med sin...","og_url":"https:\/\/truusk.store\/sv\/produkt\/truusk-polyrottingsoffa-med-kuddar-3-sits-tradgardsloungesoffa-metall-polyestergra-185-x-70-x-80-cm\/","og_site_name":"TRUUSK - Hem, Tr\u00e4dg\u00e5rd &amp; Fritid","article_modified_time":"2026-03-12T08:04:23+00:00","og_image":[{"width":800,"height":800,"url":"https:\/\/i0.wp.com\/truusk.se\/wp-content\/uploads\/2024\/02\/polyrottingsoffa-med-kuddar-3-sits-tradgardsloungesoffa-metall-polyestergra-185-x-70-x-80-cm.webp?fit=800%2C800&ssl=1","type":"image\/webp"}],"twitter_card":"summary_large_image","twitter_misc":{"Ber\u00e4knad l\u00e4stid":"1 minut"},"schema":{"@context":"https:\/\/schema.org","@graph":[{"@type":"WebPage","@id":"https:\/\/truusk.store\/sv\/produkt\/truusk-polyrottingsoffa-med-kuddar-3-sits-tradgardsloungesoffa-metall-polyestergra-185-x-70-x-80-cm\/","url":"https:\/\/truusk.store\/sv\/produkt\/truusk-polyrottingsoffa-med-kuddar-3-sits-tradgardsloungesoffa-metall-polyestergra-185-x-70-x-80-cm\/","name":"TRUUSK Polyrottingsoffa Med Kuddar 3-sits - Tr\u00e4dg\u00e5rdsloungesoffa - Metall - Polyestergr\u00e5 - 185 x 70 x 80 cm - TRUUSK - Hem, Tr\u00e4dg\u00e5rd &amp; Fritid","isPartOf":{"@id":"https:\/\/truusk.store\/sv\/#website"},"primaryImageOfPage":{"@id":"https:\/\/truusk.store\/sv\/produkt\/truusk-polyrottingsoffa-med-kuddar-3-sits-tradgardsloungesoffa-metall-polyestergra-185-x-70-x-80-cm\/#primaryimage"},"image":{"@id":"https:\/\/truusk.store\/sv\/produkt\/truusk-polyrottingsoffa-med-kuddar-3-sits-tradgardsloungesoffa-metall-polyestergra-185-x-70-x-80-cm\/#primaryimage"},"thumbnailUrl":"https:\/\/i0.wp.com\/truusk.store\/wp-content\/uploads\/2024\/02\/polyrottingsoffa-med-kuddar-3-sits-tradgardsloungesoffa-metall-polyestergra-185-x-70-x-80-cm.webp?fit=800%2C800&ssl=1","datePublished":"2024-02-13T15:35:51+00:00","dateModified":"2026-03-12T08:04:23+00:00","breadcrumb":{"@id":"https:\/\/truusk.store\/sv\/produkt\/truusk-polyrottingsoffa-med-kuddar-3-sits-tradgardsloungesoffa-metall-polyestergra-185-x-70-x-80-cm\/#breadcrumb"},"inLanguage":"sv-SE","potentialAction":[{"@type":"ReadAction","target":["https:\/\/truusk.store\/sv\/produkt\/truusk-polyrottingsoffa-med-kuddar-3-sits-tradgardsloungesoffa-metall-polyestergra-185-x-70-x-80-cm\/"]}]},{"@type":"ImageObject","inLanguage":"sv-SE","@id":"https:\/\/truusk.store\/sv\/produkt\/truusk-polyrottingsoffa-med-kuddar-3-sits-tradgardsloungesoffa-metall-polyestergra-185-x-70-x-80-cm\/#primaryimage","url":"https:\/\/i0.wp.com\/truusk.store\/wp-content\/uploads\/2024\/02\/polyrottingsoffa-med-kuddar-3-sits-tradgardsloungesoffa-metall-polyestergra-185-x-70-x-80-cm.webp?fit=800%2C800&ssl=1","contentUrl":"https:\/\/i0.wp.com\/truusk.store\/wp-content\/uploads\/2024\/02\/polyrottingsoffa-med-kuddar-3-sits-tradgardsloungesoffa-metall-polyestergra-185-x-70-x-80-cm.webp?fit=800%2C800&ssl=1","width":800,"height":800,"caption":"Polyrottingsoffa Med Kuddar 3-sits Tr\u00e4dg\u00e5rdsloungesoffa Metall Polyestergr\u00e5 185 X 70 X 80 Cm 1"},{"@type":"BreadcrumbList","@id":"https:\/\/truusk.store\/sv\/produkt\/truusk-polyrottingsoffa-med-kuddar-3-sits-tradgardsloungesoffa-metall-polyestergra-185-x-70-x-80-cm\/#breadcrumb","itemListElement":[{"@type":"ListItem","position":1,"name":"Home","item":"https:\/\/truusk.store\/sv\/"},{"@type":"ListItem","position":2,"name":"Shop","item":"https:\/\/truusk.store\/shop\/"},{"@type":"ListItem","position":3,"name":"TRUUSK Polyrottingsoffa Med Kuddar 3-sits &#8211; Tr\u00e4dg\u00e5rdsloungesoffa &#8211; Metall &#8211; Polyestergr\u00e5 &#8211; 185 x 70 x 80 cm"}]},{"@type":"WebSite","@id":"https:\/\/truusk.store\/sv\/#website","url":"https:\/\/truusk.store\/sv\/","name":"TRUUSK - Hem, Tr\u00e4dg\u00e5rd & Fritid","description":"","publisher":{"@id":"https:\/\/truusk.store\/sv\/#organization"},"potentialAction":[{"@type":"SearchAction","target":{"@type":"EntryPoint","urlTemplate":"https:\/\/truusk.store\/sv\/?s={search_term_string}"},"query-input":{"@type":"PropertyValueSpecification","valueRequired":true,"valueName":"search_term_string"}}],"inLanguage":"sv-SE"},{"@type":"Organization","@id":"https:\/\/truusk.store\/sv\/#organization","name":"TRUUSK - Hem, Tr\u00e4dg\u00e5rd & Fritid","url":"https:\/\/truusk.store\/sv\/","logo":{"@type":"ImageObject","inLanguage":"sv-SE","@id":"https:\/\/truusk.store\/sv\/#\/schema\/logo\/image\/","url":"https:\/\/i0.wp.com\/truusk.store\/wp-content\/uploads\/2026\/03\/cropped-TRUUSK.png?fit=2032%2C917&ssl=1","contentUrl":"https:\/\/i0.wp.com\/truusk.store\/wp-content\/uploads\/2026\/03\/cropped-TRUUSK.png?fit=2032%2C917&ssl=1","width":2032,"height":917,"caption":"TRUUSK - Hem, Tr\u00e4dg\u00e5rd & Fritid"},"image":{"@id":"https:\/\/truusk.store\/sv\/#\/schema\/logo\/image\/"}}]}},"jetpack_sharing_enabled":true,"_links":{"self":[{"href":"https:\/\/truusk.store\/sv\/wp-json\/wp\/v2\/product\/22831","targetHints":{"allow":["GET"]}}],"collection":[{"href":"https:\/\/truusk.store\/sv\/wp-json\/wp\/v2\/product"}],"about":[{"href":"https:\/\/truusk.store\/sv\/wp-json\/wp\/v2\/types\/product"}],"wp:featuredmedia":[{"embeddable":true,"href":"https:\/\/truusk.store\/sv\/wp-json\/wp\/v2\/media\/22832"}],"wp:attachment":[{"href":"https:\/\/truusk.store\/sv\/wp-json\/wp\/v2\/media?parent=22831"}],"wp:term":[{"taxonomy":"product_brand","embeddable":true,"href":"https:\/\/truusk.store\/sv\/wp-json\/wp\/v2\/product_brand?post=22831"},{"taxonomy":"product_cat","embeddable":true,"href":"https:\/\/truusk.store\/sv\/wp-json\/wp\/v2\/product_cat?post=22831"},{"taxonomy":"product_tag","embeddable":true,"href":"https:\/\/truusk.store\/sv\/wp-json\/wp\/v2\/product_tag?post=22831"}],"curies":[{"name":"wp","href":"https:\/\/api.w.org\/{rel}","templated":true}]}}