{"id":22862,"date":"2024-02-13T16:36:43","date_gmt":"2024-02-13T15:36:43","guid":{"rendered":"https:\/\/truusk.store\/product\/solstol-tradgardsstol-5-vanings-ryggstod-aluminium-kramvit-202-x-65-x-43-cm\/"},"modified":"2026-03-12T09:04:23","modified_gmt":"2026-03-12T08:04:23","slug":"truusk-solstol-tradgardsstol-med-5-vanings-ryggstod-aluminium-kramvit-202-x-65-x-43-cm","status":"publish","type":"product","link":"https:\/\/truusk.store\/sv\/produkt\/truusk-solstol-tradgardsstol-med-5-vanings-ryggstod-aluminium-kramvit-202-x-65-x-43-cm\/","title":{"rendered":"TRUUSK Solstol &#8211; Tr\u00e4dg\u00e5rdsstol med 5-v\u00e5nings Ryggst\u00f6d &#8211; Aluminium &#8211; Kr\u00e4mvit &#8211; 202 x 65 x 43 cm"},"content":{"rendered":"<p>Ta dig tid att l\u00e4sa din favoritbok eller ta en avkopplande tupplur i solen p\u00e5 denna bekv\u00e4ma sch\u00e4slong! Balkongstolen \u00e4r gjord av slitstark aluminium och ett speciellt n\u00e4ttyg p\u00e5 sitsen s\u00e4kerst\u00e4ller speciell komfort och estetik. Bastustolen \u00e4r v\u00e4derbest\u00e4ndig och extremt h\u00e5llbar, vilket inneb\u00e4r att den kan anv\u00e4ndas tillf\u00f6rlitligt i flera \u00e5r. Ryggst\u00f6det kan justeras s\u00e5 att du alltid hittar den mest bekv\u00e4ma positionen.<\/p>\n<h3>Beskrivning:<\/h3>\n<ul>\n<li>Ett perfekt s\u00e4tt att hitta lite avkoppling i din tr\u00e4dg\u00e5rd, uteplats eller annan uteplats<\/li>\n<li>Ram tillverkad av aluminium, rostbest\u00e4ndig, v\u00e4derbest\u00e4ndig och robust<\/li>\n<li>T\u00e4ckt med andningsbart meshtyg, v\u00e4derbest\u00e4ndigt och extremt slitstarkt<\/li>\n<li>5-niv\u00e5 justerbart ryggst\u00f6d f\u00f6r den perfekta liggst\u00e4llningen<\/li>\n<li>L\u00e4ttsk\u00f6tt, enkel och snabb att reng\u00f6ra med en fuktig trasa<\/li>\n<li>L\u00e4tt att montera tack vare detaljerade instruktioner<\/li>\n<\/ul>\n<h3>Teknisk data:<\/h3>\n<ul>\n<li>Material: aluminium, meshtyg<\/li>\n<li>\u00d6vergripande m\u00e5tt: L169 x B65 x H102 cm<\/li>\n<li>M\u00e5tt i plant l\u00e4ge: L202 x B65 x H43 cm<\/li>\n<li>Ryggst\u00f6dsh\u00f6jd: 43-102 cm<\/li>\n<li>Sittbredd: 60 cm<\/li>\n<li>Sitth\u00f6jd: 43 cm<\/li>\n<li>Hjulstorlek: 6 cm<\/li>\n<li>Nettovikt: 8 kg<\/li>\n<li>Max lastkapacitet: 120 kg<\/li>\n<li>F\u00e4rg: kr\u00e4mvit<\/li>\n<\/ul>\n<h3>Leveransens omfattning:<\/h3>\n<ul>\n<li>1 x tr\u00e4dg\u00e5rdsstol<\/li>\n<li>1 x Monteringsanvisning<\/li>\n<li>VIKTIGT: Vi levererar varan till trottoarkanten utan kostnad. Se till att du anger r\u00e4tt adress och telefonnummer.<\/li>\n<\/ul>\n","protected":false},"excerpt":{"rendered":"<p>Ta dig tid att l\u00e4sa din favoritbok eller ta en avkopplande tupplur i solen p\u00e5 denna bekv\u00e4ma sch\u00e4slong! Balkongstolen \u00e4r&#8230;<\/p>\n","protected":false},"featured_media":22863,"template":"","meta":[],"product_brand":[],"product_cat":[451,435,450],"product_tag":[],"class_list":{"0":"post-22862","1":"product","2":"type-product","3":"status-publish","4":"has-post-thumbnail","6":"product_cat-solstolar","7":"product_cat-tradgard-och-terrass","8":"product_cat-tradgardsmobler","10":"first","11":"instock","12":"sale","13":"taxable","14":"shipping-taxable","15":"purchasable","16":"product-type-simple"},"yoast_head":"<!-- This site is optimized with the Yoast SEO plugin v25.4 - https:\/\/yoast.com\/wordpress\/plugins\/seo\/ -->\n<title>TRUUSK Solstol - Tr\u00e4dg\u00e5rdsstol med 5-v\u00e5nings Ryggst\u00f6d - Aluminium - Kr\u00e4mvit - 202 x 65 x 43 cm - TRUUSK - Hem, Tr\u00e4dg\u00e5rd &amp; Fritid<\/title>\n<meta name=\"robots\" content=\"index, follow, max-snippet:-1, max-image-preview:large, max-video-preview:-1\" \/>\n<link rel=\"canonical\" href=\"https:\/\/truusk.store\/sv\/produkt\/truusk-solstol-tradgardsstol-med-5-vanings-ryggstod-aluminium-kramvit-202-x-65-x-43-cm\/\" \/>\n<meta property=\"og:locale\" content=\"sv_SE\" \/>\n<meta property=\"og:type\" content=\"article\" \/>\n<meta property=\"og:title\" content=\"TRUUSK Solstol - Tr\u00e4dg\u00e5rdsstol med 5-v\u00e5nings Ryggst\u00f6d - Aluminium - Kr\u00e4mvit - 202 x 65 x 43 cm - TRUUSK - Hem, Tr\u00e4dg\u00e5rd &amp; Fritid\" \/>\n<meta property=\"og:description\" content=\"Ta dig tid att l\u00e4sa din favoritbok eller ta en avkopplande tupplur i solen p\u00e5 denna bekv\u00e4ma sch\u00e4slong! Balkongstolen \u00e4r...\" \/>\n<meta property=\"og:url\" content=\"https:\/\/truusk.store\/sv\/produkt\/truusk-solstol-tradgardsstol-med-5-vanings-ryggstod-aluminium-kramvit-202-x-65-x-43-cm\/\" \/>\n<meta property=\"og:site_name\" content=\"TRUUSK - Hem, Tr\u00e4dg\u00e5rd &amp; Fritid\" \/>\n<meta property=\"article:modified_time\" content=\"2026-03-12T08:04:23+00:00\" \/>\n<meta property=\"og:image\" content=\"https:\/\/i0.wp.com\/truusk.se\/wp-content\/uploads\/2024\/02\/solstol-tradgardsstol-5-vanings-ryggstod-aluminium-kramvit-202-x-65-x-43-cm.webp?fit=800%2C800&ssl=1\" \/>\n\t<meta property=\"og:image:width\" content=\"800\" \/>\n\t<meta property=\"og:image:height\" content=\"800\" \/>\n\t<meta property=\"og:image:type\" content=\"image\/webp\" \/>\n<meta name=\"twitter:card\" content=\"summary_large_image\" \/>\n<meta name=\"twitter:label1\" content=\"Ber\u00e4knad l\u00e4stid\" \/>\n\t<meta name=\"twitter:data1\" content=\"1 minut\" \/>\n<!-- \/ Yoast SEO plugin. -->","yoast_head_json":{"title":"TRUUSK Solstol - Tr\u00e4dg\u00e5rdsstol med 5-v\u00e5nings Ryggst\u00f6d - Aluminium - Kr\u00e4mvit - 202 x 65 x 43 cm - TRUUSK - Hem, Tr\u00e4dg\u00e5rd &amp; Fritid","robots":{"index":"index","follow":"follow","max-snippet":"max-snippet:-1","max-image-preview":"max-image-preview:large","max-video-preview":"max-video-preview:-1"},"canonical":"https:\/\/truusk.store\/sv\/produkt\/truusk-solstol-tradgardsstol-med-5-vanings-ryggstod-aluminium-kramvit-202-x-65-x-43-cm\/","og_locale":"sv_SE","og_type":"article","og_title":"TRUUSK Solstol - Tr\u00e4dg\u00e5rdsstol med 5-v\u00e5nings Ryggst\u00f6d - Aluminium - Kr\u00e4mvit - 202 x 65 x 43 cm - TRUUSK - Hem, Tr\u00e4dg\u00e5rd &amp; Fritid","og_description":"Ta dig tid att l\u00e4sa din favoritbok eller ta en avkopplande tupplur i solen p\u00e5 denna bekv\u00e4ma sch\u00e4slong! Balkongstolen \u00e4r...","og_url":"https:\/\/truusk.store\/sv\/produkt\/truusk-solstol-tradgardsstol-med-5-vanings-ryggstod-aluminium-kramvit-202-x-65-x-43-cm\/","og_site_name":"TRUUSK - Hem, Tr\u00e4dg\u00e5rd &amp; Fritid","article_modified_time":"2026-03-12T08:04:23+00:00","og_image":[{"width":800,"height":800,"url":"https:\/\/i0.wp.com\/truusk.se\/wp-content\/uploads\/2024\/02\/solstol-tradgardsstol-5-vanings-ryggstod-aluminium-kramvit-202-x-65-x-43-cm.webp?fit=800%2C800&ssl=1","type":"image\/webp"}],"twitter_card":"summary_large_image","twitter_misc":{"Ber\u00e4knad l\u00e4stid":"1 minut"},"schema":{"@context":"https:\/\/schema.org","@graph":[{"@type":"WebPage","@id":"https:\/\/truusk.store\/sv\/produkt\/truusk-solstol-tradgardsstol-med-5-vanings-ryggstod-aluminium-kramvit-202-x-65-x-43-cm\/","url":"https:\/\/truusk.store\/sv\/produkt\/truusk-solstol-tradgardsstol-med-5-vanings-ryggstod-aluminium-kramvit-202-x-65-x-43-cm\/","name":"TRUUSK Solstol - Tr\u00e4dg\u00e5rdsstol med 5-v\u00e5nings Ryggst\u00f6d - Aluminium - Kr\u00e4mvit - 202 x 65 x 43 cm - TRUUSK - Hem, Tr\u00e4dg\u00e5rd &amp; Fritid","isPartOf":{"@id":"https:\/\/truusk.store\/sv\/#website"},"primaryImageOfPage":{"@id":"https:\/\/truusk.store\/sv\/produkt\/truusk-solstol-tradgardsstol-med-5-vanings-ryggstod-aluminium-kramvit-202-x-65-x-43-cm\/#primaryimage"},"image":{"@id":"https:\/\/truusk.store\/sv\/produkt\/truusk-solstol-tradgardsstol-med-5-vanings-ryggstod-aluminium-kramvit-202-x-65-x-43-cm\/#primaryimage"},"thumbnailUrl":"https:\/\/i0.wp.com\/truusk.store\/wp-content\/uploads\/2024\/02\/solstol-tradgardsstol-5-vanings-ryggstod-aluminium-kramvit-202-x-65-x-43-cm.webp?fit=800%2C800&ssl=1","datePublished":"2024-02-13T15:36:43+00:00","dateModified":"2026-03-12T08:04:23+00:00","breadcrumb":{"@id":"https:\/\/truusk.store\/sv\/produkt\/truusk-solstol-tradgardsstol-med-5-vanings-ryggstod-aluminium-kramvit-202-x-65-x-43-cm\/#breadcrumb"},"inLanguage":"sv-SE","potentialAction":[{"@type":"ReadAction","target":["https:\/\/truusk.store\/sv\/produkt\/truusk-solstol-tradgardsstol-med-5-vanings-ryggstod-aluminium-kramvit-202-x-65-x-43-cm\/"]}]},{"@type":"ImageObject","inLanguage":"sv-SE","@id":"https:\/\/truusk.store\/sv\/produkt\/truusk-solstol-tradgardsstol-med-5-vanings-ryggstod-aluminium-kramvit-202-x-65-x-43-cm\/#primaryimage","url":"https:\/\/i0.wp.com\/truusk.store\/wp-content\/uploads\/2024\/02\/solstol-tradgardsstol-5-vanings-ryggstod-aluminium-kramvit-202-x-65-x-43-cm.webp?fit=800%2C800&ssl=1","contentUrl":"https:\/\/i0.wp.com\/truusk.store\/wp-content\/uploads\/2024\/02\/solstol-tradgardsstol-5-vanings-ryggstod-aluminium-kramvit-202-x-65-x-43-cm.webp?fit=800%2C800&ssl=1","width":800,"height":800,"caption":"Solstol, Tr\u00e4dg\u00e5rdsstol, 5-v\u00e5nings Ryggst\u00f6d, Aluminium, Kr\u00e4mvit, 202 X 65 X 43 Cm 1"},{"@type":"BreadcrumbList","@id":"https:\/\/truusk.store\/sv\/produkt\/truusk-solstol-tradgardsstol-med-5-vanings-ryggstod-aluminium-kramvit-202-x-65-x-43-cm\/#breadcrumb","itemListElement":[{"@type":"ListItem","position":1,"name":"Home","item":"https:\/\/truusk.store\/sv\/"},{"@type":"ListItem","position":2,"name":"Shop","item":"https:\/\/truusk.store\/shop\/"},{"@type":"ListItem","position":3,"name":"TRUUSK Solstol &#8211; Tr\u00e4dg\u00e5rdsstol med 5-v\u00e5nings Ryggst\u00f6d &#8211; Aluminium &#8211; Kr\u00e4mvit &#8211; 202 x 65 x 43 cm"}]},{"@type":"WebSite","@id":"https:\/\/truusk.store\/sv\/#website","url":"https:\/\/truusk.store\/sv\/","name":"TRUUSK - Hem, Tr\u00e4dg\u00e5rd & Fritid","description":"","publisher":{"@id":"https:\/\/truusk.store\/sv\/#organization"},"potentialAction":[{"@type":"SearchAction","target":{"@type":"EntryPoint","urlTemplate":"https:\/\/truusk.store\/sv\/?s={search_term_string}"},"query-input":{"@type":"PropertyValueSpecification","valueRequired":true,"valueName":"search_term_string"}}],"inLanguage":"sv-SE"},{"@type":"Organization","@id":"https:\/\/truusk.store\/sv\/#organization","name":"TRUUSK - Hem, Tr\u00e4dg\u00e5rd & Fritid","url":"https:\/\/truusk.store\/sv\/","logo":{"@type":"ImageObject","inLanguage":"sv-SE","@id":"https:\/\/truusk.store\/sv\/#\/schema\/logo\/image\/","url":"https:\/\/i0.wp.com\/truusk.store\/wp-content\/uploads\/2026\/03\/cropped-TRUUSK.png?fit=2032%2C917&ssl=1","contentUrl":"https:\/\/i0.wp.com\/truusk.store\/wp-content\/uploads\/2026\/03\/cropped-TRUUSK.png?fit=2032%2C917&ssl=1","width":2032,"height":917,"caption":"TRUUSK - Hem, Tr\u00e4dg\u00e5rd & Fritid"},"image":{"@id":"https:\/\/truusk.store\/sv\/#\/schema\/logo\/image\/"}}]}},"jetpack_sharing_enabled":true,"_links":{"self":[{"href":"https:\/\/truusk.store\/sv\/wp-json\/wp\/v2\/product\/22862","targetHints":{"allow":["GET"]}}],"collection":[{"href":"https:\/\/truusk.store\/sv\/wp-json\/wp\/v2\/product"}],"about":[{"href":"https:\/\/truusk.store\/sv\/wp-json\/wp\/v2\/types\/product"}],"wp:featuredmedia":[{"embeddable":true,"href":"https:\/\/truusk.store\/sv\/wp-json\/wp\/v2\/media\/22863"}],"wp:attachment":[{"href":"https:\/\/truusk.store\/sv\/wp-json\/wp\/v2\/media?parent=22862"}],"wp:term":[{"taxonomy":"product_brand","embeddable":true,"href":"https:\/\/truusk.store\/sv\/wp-json\/wp\/v2\/product_brand?post=22862"},{"taxonomy":"product_cat","embeddable":true,"href":"https:\/\/truusk.store\/sv\/wp-json\/wp\/v2\/product_cat?post=22862"},{"taxonomy":"product_tag","embeddable":true,"href":"https:\/\/truusk.store\/sv\/wp-json\/wp\/v2\/product_tag?post=22862"}],"curies":[{"name":"wp","href":"https:\/\/api.w.org\/{rel}","templated":true}]}}