{"id":22884,"date":"2024-02-13T16:37:17","date_gmt":"2024-02-13T15:37:17","guid":{"rendered":"https:\/\/truusk.store\/product\/bistroset-for-2-personer-balkongmobelset-bistrobord-med-2-stolar-svart\/"},"modified":"2026-03-12T09:04:24","modified_gmt":"2026-03-12T08:04:24","slug":"truusk-balkongmobelset-bistroset-for-2-personer-bistrobord-och-2-stolar-svart-for-balkongen-uteplatsen-max-130-kg","status":"publish","type":"product","link":"https:\/\/truusk.store\/sv\/produkt\/truusk-balkongmobelset-bistroset-for-2-personer-bistrobord-och-2-stolar-svart-for-balkongen-uteplatsen-max-130-kg\/","title":{"rendered":"TRUUSK Balkongm\u00f6belset &#8211; Bistroset F\u00f6r 2 Personer &#8211; Bistrobord och 2 Stolar &#8211; Svart &#8211; F\u00f6r Balkongen &#8211; Uteplatsen &#8211; Max 130 kg"},"content":{"rendered":"<p>L\u00e4gg till sk\u00f6nhet och stil till din tr\u00e4dg\u00e5rdsmilj\u00f6 med denna viktiga del av en elegant tr\u00e4dg\u00e5rd. V\u00e5ra utebalkongm\u00f6bler passar vilken inredning som helst och \u00e4r s\u00e5 vackra att de till och med kan anv\u00e4ndas inomhus. Balkongm\u00f6belset \u00e4r tillverkat i traditionen av fin europeisk utomhusgastronomi. Detta 3-delade tr\u00e4dg\u00e5rdsset inneh\u00e5ller allt du beh\u00f6ver f\u00f6r en mysig plats att koppla av med v\u00e4nner och familj.<\/p>\n<h3>Beskrivning:<\/h3>\n<ul>\n<li>Bistroset inneh\u00e5ller 2 stolar och 1 bord, perfekt f\u00f6r din tr\u00e4dg\u00e5rd, uteplats, pool eller andra utomhus- eller inomhusomr\u00e5den<\/li>\n<li>H\u00e5llbar metallramkonstruktion, rostskyddsbel\u00e4ggning<\/li>\n<li>Elegant design, l\u00e4tt och b\u00e4rbar<\/li>\n<li>L\u00e4tt att reng\u00f6ra med en fuktig trasa<\/li>\n<li>Montering kr\u00e4vs<\/li>\n<\/ul>\n<h3>Teknisk data:<\/h3>\n<ul>\n<li>Svart f\u00e4rg<\/li>\n<li>Material: gjuten aluminium<\/li>\n<li>Bordsm\u00e5tt: 60L x 60W x 65H cm<\/li>\n<li>Sittm\u00e5tt: 40W x 45D x 86H cm<\/li>\n<li>Sitth\u00f6jd: 41 cm<\/li>\n<li>S\u00e4tets viktkapacitet: 120 kg<\/li>\n<li>Bordets viktkapacitet: 50 kg<\/li>\n<\/ul>\n<h3>Leveransens omfattning:<\/h3>\n<ul>\n<li>1 x bord<\/li>\n<li>2 x stol<\/li>\n<li>1 x Instruktioner<\/li>\n<\/ul>\n","protected":false},"excerpt":{"rendered":"<p>L\u00e4gg till sk\u00f6nhet och stil till din tr\u00e4dg\u00e5rdsmilj\u00f6 med denna viktiga del av en elegant tr\u00e4dg\u00e5rd. V\u00e5ra utebalkongm\u00f6bler passar vilken&#8230;<\/p>\n","protected":false},"featured_media":22885,"template":"","meta":[],"product_brand":[],"product_cat":[435,450,456],"product_tag":[],"class_list":{"0":"post-22884","1":"product","2":"type-product","3":"status-publish","4":"has-post-thumbnail","6":"product_cat-tradgard-och-terrass","7":"product_cat-tradgardsmobler","8":"product_cat-tradgardsmobler-set","10":"first","11":"instock","12":"sale","13":"taxable","14":"shipping-taxable","15":"purchasable","16":"product-type-simple"},"yoast_head":"<!-- This site is optimized with the Yoast SEO plugin v25.4 - https:\/\/yoast.com\/wordpress\/plugins\/seo\/ -->\n<title>TRUUSK Balkongm\u00f6belset - Bistroset F\u00f6r 2 Personer - Bistrobord och 2 Stolar - Svart - F\u00f6r Balkongen - Uteplatsen - Max 130 kg - TRUUSK - Hem, Tr\u00e4dg\u00e5rd &amp; Fritid<\/title>\n<meta name=\"robots\" content=\"index, follow, max-snippet:-1, max-image-preview:large, max-video-preview:-1\" \/>\n<link rel=\"canonical\" href=\"https:\/\/truusk.store\/sv\/produkt\/truusk-balkongmobelset-bistroset-for-2-personer-bistrobord-och-2-stolar-svart-for-balkongen-uteplatsen-max-130-kg\/\" \/>\n<meta property=\"og:locale\" content=\"sv_SE\" \/>\n<meta property=\"og:type\" content=\"article\" \/>\n<meta property=\"og:title\" content=\"TRUUSK Balkongm\u00f6belset - Bistroset F\u00f6r 2 Personer - Bistrobord och 2 Stolar - Svart - F\u00f6r Balkongen - Uteplatsen - Max 130 kg - TRUUSK - Hem, Tr\u00e4dg\u00e5rd &amp; Fritid\" \/>\n<meta property=\"og:description\" content=\"L\u00e4gg till sk\u00f6nhet och stil till din tr\u00e4dg\u00e5rdsmilj\u00f6 med denna viktiga del av en elegant tr\u00e4dg\u00e5rd. V\u00e5ra utebalkongm\u00f6bler passar vilken...\" \/>\n<meta property=\"og:url\" content=\"https:\/\/truusk.store\/sv\/produkt\/truusk-balkongmobelset-bistroset-for-2-personer-bistrobord-och-2-stolar-svart-for-balkongen-uteplatsen-max-130-kg\/\" \/>\n<meta property=\"og:site_name\" content=\"TRUUSK - Hem, Tr\u00e4dg\u00e5rd &amp; Fritid\" \/>\n<meta property=\"article:modified_time\" content=\"2026-03-12T08:04:24+00:00\" \/>\n<meta property=\"og:image\" content=\"https:\/\/i0.wp.com\/truusk.se\/wp-content\/uploads\/2024\/02\/bistroset-for-2-personer-balkongmobelset-bistrobord-med-2-stolar-svart.webp?fit=800%2C800&ssl=1\" \/>\n\t<meta property=\"og:image:width\" content=\"800\" \/>\n\t<meta property=\"og:image:height\" content=\"800\" \/>\n\t<meta property=\"og:image:type\" content=\"image\/webp\" \/>\n<meta name=\"twitter:card\" content=\"summary_large_image\" \/>\n<meta name=\"twitter:label1\" content=\"Ber\u00e4knad l\u00e4stid\" \/>\n\t<meta name=\"twitter:data1\" content=\"1 minut\" \/>\n<!-- \/ Yoast SEO plugin. -->","yoast_head_json":{"title":"TRUUSK Balkongm\u00f6belset - Bistroset F\u00f6r 2 Personer - Bistrobord och 2 Stolar - Svart - F\u00f6r Balkongen - Uteplatsen - Max 130 kg - TRUUSK - Hem, Tr\u00e4dg\u00e5rd &amp; Fritid","robots":{"index":"index","follow":"follow","max-snippet":"max-snippet:-1","max-image-preview":"max-image-preview:large","max-video-preview":"max-video-preview:-1"},"canonical":"https:\/\/truusk.store\/sv\/produkt\/truusk-balkongmobelset-bistroset-for-2-personer-bistrobord-och-2-stolar-svart-for-balkongen-uteplatsen-max-130-kg\/","og_locale":"sv_SE","og_type":"article","og_title":"TRUUSK Balkongm\u00f6belset - Bistroset F\u00f6r 2 Personer - Bistrobord och 2 Stolar - Svart - F\u00f6r Balkongen - Uteplatsen - Max 130 kg - TRUUSK - Hem, Tr\u00e4dg\u00e5rd &amp; Fritid","og_description":"L\u00e4gg till sk\u00f6nhet och stil till din tr\u00e4dg\u00e5rdsmilj\u00f6 med denna viktiga del av en elegant tr\u00e4dg\u00e5rd. V\u00e5ra utebalkongm\u00f6bler passar vilken...","og_url":"https:\/\/truusk.store\/sv\/produkt\/truusk-balkongmobelset-bistroset-for-2-personer-bistrobord-och-2-stolar-svart-for-balkongen-uteplatsen-max-130-kg\/","og_site_name":"TRUUSK - Hem, Tr\u00e4dg\u00e5rd &amp; Fritid","article_modified_time":"2026-03-12T08:04:24+00:00","og_image":[{"width":800,"height":800,"url":"https:\/\/i0.wp.com\/truusk.se\/wp-content\/uploads\/2024\/02\/bistroset-for-2-personer-balkongmobelset-bistrobord-med-2-stolar-svart.webp?fit=800%2C800&ssl=1","type":"image\/webp"}],"twitter_card":"summary_large_image","twitter_misc":{"Ber\u00e4knad l\u00e4stid":"1 minut"},"schema":{"@context":"https:\/\/schema.org","@graph":[{"@type":"WebPage","@id":"https:\/\/truusk.store\/sv\/produkt\/truusk-balkongmobelset-bistroset-for-2-personer-bistrobord-och-2-stolar-svart-for-balkongen-uteplatsen-max-130-kg\/","url":"https:\/\/truusk.store\/sv\/produkt\/truusk-balkongmobelset-bistroset-for-2-personer-bistrobord-och-2-stolar-svart-for-balkongen-uteplatsen-max-130-kg\/","name":"TRUUSK Balkongm\u00f6belset - Bistroset F\u00f6r 2 Personer - Bistrobord och 2 Stolar - Svart - F\u00f6r Balkongen - Uteplatsen - Max 130 kg - TRUUSK - Hem, Tr\u00e4dg\u00e5rd &amp; Fritid","isPartOf":{"@id":"https:\/\/truusk.store\/sv\/#website"},"primaryImageOfPage":{"@id":"https:\/\/truusk.store\/sv\/produkt\/truusk-balkongmobelset-bistroset-for-2-personer-bistrobord-och-2-stolar-svart-for-balkongen-uteplatsen-max-130-kg\/#primaryimage"},"image":{"@id":"https:\/\/truusk.store\/sv\/produkt\/truusk-balkongmobelset-bistroset-for-2-personer-bistrobord-och-2-stolar-svart-for-balkongen-uteplatsen-max-130-kg\/#primaryimage"},"thumbnailUrl":"https:\/\/i0.wp.com\/truusk.store\/wp-content\/uploads\/2024\/02\/bistroset-for-2-personer-balkongmobelset-bistrobord-med-2-stolar-svart.webp?fit=800%2C800&ssl=1","datePublished":"2024-02-13T15:37:17+00:00","dateModified":"2026-03-12T08:04:24+00:00","breadcrumb":{"@id":"https:\/\/truusk.store\/sv\/produkt\/truusk-balkongmobelset-bistroset-for-2-personer-bistrobord-och-2-stolar-svart-for-balkongen-uteplatsen-max-130-kg\/#breadcrumb"},"inLanguage":"sv-SE","potentialAction":[{"@type":"ReadAction","target":["https:\/\/truusk.store\/sv\/produkt\/truusk-balkongmobelset-bistroset-for-2-personer-bistrobord-och-2-stolar-svart-for-balkongen-uteplatsen-max-130-kg\/"]}]},{"@type":"ImageObject","inLanguage":"sv-SE","@id":"https:\/\/truusk.store\/sv\/produkt\/truusk-balkongmobelset-bistroset-for-2-personer-bistrobord-och-2-stolar-svart-for-balkongen-uteplatsen-max-130-kg\/#primaryimage","url":"https:\/\/i0.wp.com\/truusk.store\/wp-content\/uploads\/2024\/02\/bistroset-for-2-personer-balkongmobelset-bistrobord-med-2-stolar-svart.webp?fit=800%2C800&ssl=1","contentUrl":"https:\/\/i0.wp.com\/truusk.store\/wp-content\/uploads\/2024\/02\/bistroset-for-2-personer-balkongmobelset-bistrobord-med-2-stolar-svart.webp?fit=800%2C800&ssl=1","width":800,"height":800,"caption":"Bistroset F\u00f6r 2 Personer Balkongm\u00f6belset Bistrobord Med 2 Stolar Svart 1"},{"@type":"BreadcrumbList","@id":"https:\/\/truusk.store\/sv\/produkt\/truusk-balkongmobelset-bistroset-for-2-personer-bistrobord-och-2-stolar-svart-for-balkongen-uteplatsen-max-130-kg\/#breadcrumb","itemListElement":[{"@type":"ListItem","position":1,"name":"Home","item":"https:\/\/truusk.store\/sv\/"},{"@type":"ListItem","position":2,"name":"Shop","item":"https:\/\/truusk.store\/shop\/"},{"@type":"ListItem","position":3,"name":"TRUUSK Balkongm\u00f6belset &#8211; Bistroset F\u00f6r 2 Personer &#8211; Bistrobord och 2 Stolar &#8211; Svart &#8211; F\u00f6r Balkongen &#8211; Uteplatsen &#8211; Max 130 kg"}]},{"@type":"WebSite","@id":"https:\/\/truusk.store\/sv\/#website","url":"https:\/\/truusk.store\/sv\/","name":"TRUUSK - Hem, Tr\u00e4dg\u00e5rd & Fritid","description":"","publisher":{"@id":"https:\/\/truusk.store\/sv\/#organization"},"potentialAction":[{"@type":"SearchAction","target":{"@type":"EntryPoint","urlTemplate":"https:\/\/truusk.store\/sv\/?s={search_term_string}"},"query-input":{"@type":"PropertyValueSpecification","valueRequired":true,"valueName":"search_term_string"}}],"inLanguage":"sv-SE"},{"@type":"Organization","@id":"https:\/\/truusk.store\/sv\/#organization","name":"TRUUSK - Hem, Tr\u00e4dg\u00e5rd & Fritid","url":"https:\/\/truusk.store\/sv\/","logo":{"@type":"ImageObject","inLanguage":"sv-SE","@id":"https:\/\/truusk.store\/sv\/#\/schema\/logo\/image\/","url":"https:\/\/i0.wp.com\/truusk.store\/wp-content\/uploads\/2026\/03\/cropped-TRUUSK.png?fit=2032%2C917&ssl=1","contentUrl":"https:\/\/i0.wp.com\/truusk.store\/wp-content\/uploads\/2026\/03\/cropped-TRUUSK.png?fit=2032%2C917&ssl=1","width":2032,"height":917,"caption":"TRUUSK - Hem, Tr\u00e4dg\u00e5rd & Fritid"},"image":{"@id":"https:\/\/truusk.store\/sv\/#\/schema\/logo\/image\/"}}]}},"jetpack_sharing_enabled":true,"_links":{"self":[{"href":"https:\/\/truusk.store\/sv\/wp-json\/wp\/v2\/product\/22884","targetHints":{"allow":["GET"]}}],"collection":[{"href":"https:\/\/truusk.store\/sv\/wp-json\/wp\/v2\/product"}],"about":[{"href":"https:\/\/truusk.store\/sv\/wp-json\/wp\/v2\/types\/product"}],"wp:featuredmedia":[{"embeddable":true,"href":"https:\/\/truusk.store\/sv\/wp-json\/wp\/v2\/media\/22885"}],"wp:attachment":[{"href":"https:\/\/truusk.store\/sv\/wp-json\/wp\/v2\/media?parent=22884"}],"wp:term":[{"taxonomy":"product_brand","embeddable":true,"href":"https:\/\/truusk.store\/sv\/wp-json\/wp\/v2\/product_brand?post=22884"},{"taxonomy":"product_cat","embeddable":true,"href":"https:\/\/truusk.store\/sv\/wp-json\/wp\/v2\/product_cat?post=22884"},{"taxonomy":"product_tag","embeddable":true,"href":"https:\/\/truusk.store\/sv\/wp-json\/wp\/v2\/product_tag?post=22884"}],"curies":[{"name":"wp","href":"https:\/\/api.w.org\/{rel}","templated":true}]}}