{"id":22938,"date":"2024-02-13T16:38:54","date_gmt":"2024-02-13T15:38:54","guid":{"rendered":"https:\/\/truusk.store\/product\/planteringslada-for-hogbadd-med-8-delade-galler-hopfallbar-hylla-blomlada-blomkruka-ortbadd-massivt-tra-brun-123-x-54-x-74-cm\/"},"modified":"2026-03-12T09:04:25","modified_gmt":"2026-03-12T08:04:25","slug":"truusk-hojdbaddsplanteringslada-8-delat-galler-hopfallbar-hylla-blomlada-blomkruka-ortbadd-massivt-tra-brun-123-x","status":"publish","type":"product","link":"https:\/\/truusk.store\/sv\/produkt\/truusk-hojdbaddsplanteringslada-8-delat-galler-hopfallbar-hylla-blomlada-blomkruka-ortbadd-massivt-tra-brun-123-x\/","title":{"rendered":"TRUUSK H\u00f6jdb\u00e4ddsplanteringsl\u00e5da &#8211; 8-delat galler &#8211; Hopf\u00e4llbar hylla &#8211; Bloml\u00e5da &#8211; Blomkruka &#8211; \u00d6rtb\u00e4dd &#8211; Massivt tr\u00e4 &#8211; Brun &#8211; 123 x"},"content":{"rendered":"<p>Denna v\u00e4xttrappa i tr\u00e4 har ett enkelt och rustikt utseende men \u00e4r v\u00e4ldigt praktisk. Tillverkad av massivt tr\u00e4, stabil och h\u00e5llbar. En stor bloml\u00e5da med sidof\u00e4llbar flik, dina blommor och gr\u00f6nsaker kan helt absorbera solljus och vatten. Du kan placera dina verktyg och hinkar p\u00e5 den nedre hyllan f\u00f6r att g\u00f6ra plantering enkelt. Tr\u00e4dg\u00e5rdsarbete \u00e4r roligt med denna unika bloml\u00e5da.<\/p>\n<h3>Beskrivning:<\/h3>\n<ul>\n<li>Upph\u00f6jd v\u00e4xtb\u00e4dd skyddar dina kn\u00e4n och rygg<\/li>\n<li>idealisk f\u00f6r uteplatser, balkonger, tr\u00e4dg\u00e5rdar och mer<\/li>\n<li>Tillverkad av massivt tr\u00e4 f\u00f6r h\u00e5llbarhet och stabilitet<\/li>\n<li>Rymlig planteringsl\u00e5da med 8 ytor f\u00f6r dina v\u00e4xter<\/li>\n<li>Vikbar sidoflik och bottenhylla ger gott om f\u00f6rvaringsutrymme<\/li>\n<li>4 h\u00e5l i botten av planteringsl\u00e5dan f\u00f6r att dr\u00e4nera \u00f6verfl\u00f6digt vatten<\/li>\n<li>Montering kr\u00e4vs<\/li>\n<\/ul>\n<h3>Teknisk data:<\/h3>\n<ul>\n<li>F\u00e4rg brun<\/li>\n<li>Material: gran<\/li>\n<li>\u00d6vergripande m\u00e5tt: 123L x 54W x 74H cm<\/li>\n<li>V\u00e4xtl\u00e5dans m\u00e5tt: 95,5L x 48W cm<\/li>\n<li>H\u00f6jd mellan planteringsbotten och mark: 44,5 cm<\/li>\n<li>Nedre hyllm\u00e5tt: 92L x 45,5W cm<\/li>\n<li>H\u00f6jd mellan hylla och golv: 8 cm<\/li>\n<li>Sidoklaffsm\u00e5tt: 48L x 20W cm<\/li>\n<li>Lastkapacitet: 100 kg (plantl\u00e5da), 40 kg (hylla)<\/li>\n<\/ul>\n<h3>Leveransens omfattning:<\/h3>\n<ul>\n<li>1 x h\u00f6gs\u00e4ng i tr\u00e4<\/li>\n<li>1 x Instruktioner<\/li>\n<\/ul>\n","protected":false},"excerpt":{"rendered":"<p>Denna v\u00e4xttrappa i tr\u00e4 har ett enkelt och rustikt utseende men \u00e4r v\u00e4ldigt praktisk. Tillverkad av massivt tr\u00e4, stabil och&#8230;<\/p>\n","protected":false},"featured_media":22939,"template":"","meta":[],"product_brand":[],"product_cat":[447,435,443],"product_tag":[],"class_list":{"0":"post-22938","1":"product","2":"type-product","3":"status-publish","4":"has-post-thumbnail","6":"product_cat-planteringsmaskiner","7":"product_cat-tradgard-och-terrass","8":"product_cat-vaxthus-tradgardsskotsel","10":"first","11":"instock","12":"sale","13":"taxable","14":"shipping-taxable","15":"purchasable","16":"product-type-simple"},"yoast_head":"<!-- This site is optimized with the Yoast SEO plugin v25.4 - https:\/\/yoast.com\/wordpress\/plugins\/seo\/ -->\n<title>TRUUSK H\u00f6jdb\u00e4ddsplanteringsl\u00e5da - 8-delat galler - Hopf\u00e4llbar hylla - Bloml\u00e5da - Blomkruka - \u00d6rtb\u00e4dd - Massivt tr\u00e4 - Brun - 123 x - TRUUSK - Hem, Tr\u00e4dg\u00e5rd &amp; Fritid<\/title>\n<meta name=\"robots\" content=\"index, follow, max-snippet:-1, max-image-preview:large, max-video-preview:-1\" \/>\n<link rel=\"canonical\" href=\"https:\/\/truusk.store\/sv\/produkt\/truusk-hojdbaddsplanteringslada-8-delat-galler-hopfallbar-hylla-blomlada-blomkruka-ortbadd-massivt-tra-brun-123-x\/\" \/>\n<meta property=\"og:locale\" content=\"sv_SE\" \/>\n<meta property=\"og:type\" content=\"article\" \/>\n<meta property=\"og:title\" content=\"TRUUSK H\u00f6jdb\u00e4ddsplanteringsl\u00e5da - 8-delat galler - Hopf\u00e4llbar hylla - Bloml\u00e5da - Blomkruka - \u00d6rtb\u00e4dd - Massivt tr\u00e4 - Brun - 123 x - TRUUSK - Hem, Tr\u00e4dg\u00e5rd &amp; Fritid\" \/>\n<meta property=\"og:description\" content=\"Denna v\u00e4xttrappa i tr\u00e4 har ett enkelt och rustikt utseende men \u00e4r v\u00e4ldigt praktisk. Tillverkad av massivt tr\u00e4, stabil och...\" \/>\n<meta property=\"og:url\" content=\"https:\/\/truusk.store\/sv\/produkt\/truusk-hojdbaddsplanteringslada-8-delat-galler-hopfallbar-hylla-blomlada-blomkruka-ortbadd-massivt-tra-brun-123-x\/\" \/>\n<meta property=\"og:site_name\" content=\"TRUUSK - Hem, Tr\u00e4dg\u00e5rd &amp; Fritid\" \/>\n<meta property=\"article:modified_time\" content=\"2026-03-12T08:04:25+00:00\" \/>\n<meta property=\"og:image\" content=\"https:\/\/i0.wp.com\/truusk.se\/wp-content\/uploads\/2024\/02\/planteringslada-for-hogbadd-med-8-delade-galler-hopfallbar-hylla-blomlada-blomkruka-ortbadd-massivt-tra-brun-123-x-54-x-74-cm.webp?fit=800%2C800&ssl=1\" \/>\n\t<meta property=\"og:image:width\" content=\"800\" \/>\n\t<meta property=\"og:image:height\" content=\"800\" \/>\n\t<meta property=\"og:image:type\" content=\"image\/webp\" \/>\n<meta name=\"twitter:card\" content=\"summary_large_image\" \/>\n<meta name=\"twitter:label1\" content=\"Ber\u00e4knad l\u00e4stid\" \/>\n\t<meta name=\"twitter:data1\" content=\"1 minut\" \/>\n<!-- \/ Yoast SEO plugin. -->","yoast_head_json":{"title":"TRUUSK H\u00f6jdb\u00e4ddsplanteringsl\u00e5da - 8-delat galler - Hopf\u00e4llbar hylla - Bloml\u00e5da - Blomkruka - \u00d6rtb\u00e4dd - Massivt tr\u00e4 - Brun - 123 x - TRUUSK - Hem, Tr\u00e4dg\u00e5rd &amp; Fritid","robots":{"index":"index","follow":"follow","max-snippet":"max-snippet:-1","max-image-preview":"max-image-preview:large","max-video-preview":"max-video-preview:-1"},"canonical":"https:\/\/truusk.store\/sv\/produkt\/truusk-hojdbaddsplanteringslada-8-delat-galler-hopfallbar-hylla-blomlada-blomkruka-ortbadd-massivt-tra-brun-123-x\/","og_locale":"sv_SE","og_type":"article","og_title":"TRUUSK H\u00f6jdb\u00e4ddsplanteringsl\u00e5da - 8-delat galler - Hopf\u00e4llbar hylla - Bloml\u00e5da - Blomkruka - \u00d6rtb\u00e4dd - Massivt tr\u00e4 - Brun - 123 x - TRUUSK - Hem, Tr\u00e4dg\u00e5rd &amp; Fritid","og_description":"Denna v\u00e4xttrappa i tr\u00e4 har ett enkelt och rustikt utseende men \u00e4r v\u00e4ldigt praktisk. Tillverkad av massivt tr\u00e4, stabil och...","og_url":"https:\/\/truusk.store\/sv\/produkt\/truusk-hojdbaddsplanteringslada-8-delat-galler-hopfallbar-hylla-blomlada-blomkruka-ortbadd-massivt-tra-brun-123-x\/","og_site_name":"TRUUSK - Hem, Tr\u00e4dg\u00e5rd &amp; Fritid","article_modified_time":"2026-03-12T08:04:25+00:00","og_image":[{"width":800,"height":800,"url":"https:\/\/i0.wp.com\/truusk.se\/wp-content\/uploads\/2024\/02\/planteringslada-for-hogbadd-med-8-delade-galler-hopfallbar-hylla-blomlada-blomkruka-ortbadd-massivt-tra-brun-123-x-54-x-74-cm.webp?fit=800%2C800&ssl=1","type":"image\/webp"}],"twitter_card":"summary_large_image","twitter_misc":{"Ber\u00e4knad l\u00e4stid":"1 minut"},"schema":{"@context":"https:\/\/schema.org","@graph":[{"@type":"WebPage","@id":"https:\/\/truusk.store\/sv\/produkt\/truusk-hojdbaddsplanteringslada-8-delat-galler-hopfallbar-hylla-blomlada-blomkruka-ortbadd-massivt-tra-brun-123-x\/","url":"https:\/\/truusk.store\/sv\/produkt\/truusk-hojdbaddsplanteringslada-8-delat-galler-hopfallbar-hylla-blomlada-blomkruka-ortbadd-massivt-tra-brun-123-x\/","name":"TRUUSK H\u00f6jdb\u00e4ddsplanteringsl\u00e5da - 8-delat galler - Hopf\u00e4llbar hylla - Bloml\u00e5da - Blomkruka - \u00d6rtb\u00e4dd - Massivt tr\u00e4 - Brun - 123 x - TRUUSK - Hem, Tr\u00e4dg\u00e5rd &amp; Fritid","isPartOf":{"@id":"https:\/\/truusk.store\/sv\/#website"},"primaryImageOfPage":{"@id":"https:\/\/truusk.store\/sv\/produkt\/truusk-hojdbaddsplanteringslada-8-delat-galler-hopfallbar-hylla-blomlada-blomkruka-ortbadd-massivt-tra-brun-123-x\/#primaryimage"},"image":{"@id":"https:\/\/truusk.store\/sv\/produkt\/truusk-hojdbaddsplanteringslada-8-delat-galler-hopfallbar-hylla-blomlada-blomkruka-ortbadd-massivt-tra-brun-123-x\/#primaryimage"},"thumbnailUrl":"https:\/\/i0.wp.com\/truusk.store\/wp-content\/uploads\/2024\/02\/planteringslada-for-hogbadd-med-8-delade-galler-hopfallbar-hylla-blomlada-blomkruka-ortbadd-massivt-tra-brun-123-x-54-x-74-cm.webp?fit=800%2C800&ssl=1","datePublished":"2024-02-13T15:38:54+00:00","dateModified":"2026-03-12T08:04:25+00:00","breadcrumb":{"@id":"https:\/\/truusk.store\/sv\/produkt\/truusk-hojdbaddsplanteringslada-8-delat-galler-hopfallbar-hylla-blomlada-blomkruka-ortbadd-massivt-tra-brun-123-x\/#breadcrumb"},"inLanguage":"sv-SE","potentialAction":[{"@type":"ReadAction","target":["https:\/\/truusk.store\/sv\/produkt\/truusk-hojdbaddsplanteringslada-8-delat-galler-hopfallbar-hylla-blomlada-blomkruka-ortbadd-massivt-tra-brun-123-x\/"]}]},{"@type":"ImageObject","inLanguage":"sv-SE","@id":"https:\/\/truusk.store\/sv\/produkt\/truusk-hojdbaddsplanteringslada-8-delat-galler-hopfallbar-hylla-blomlada-blomkruka-ortbadd-massivt-tra-brun-123-x\/#primaryimage","url":"https:\/\/i0.wp.com\/truusk.store\/wp-content\/uploads\/2024\/02\/planteringslada-for-hogbadd-med-8-delade-galler-hopfallbar-hylla-blomlada-blomkruka-ortbadd-massivt-tra-brun-123-x-54-x-74-cm.webp?fit=800%2C800&ssl=1","contentUrl":"https:\/\/i0.wp.com\/truusk.store\/wp-content\/uploads\/2024\/02\/planteringslada-for-hogbadd-med-8-delade-galler-hopfallbar-hylla-blomlada-blomkruka-ortbadd-massivt-tra-brun-123-x-54-x-74-cm.webp?fit=800%2C800&ssl=1","width":800,"height":800,"caption":"Planteringsl\u00e5da F\u00f6r H\u00f6gb\u00e4dd Med 8 Delade Galler, Hopf\u00e4llbar Hylla, Bloml\u00e5da, Blomkruka, \u00f6rtb\u00e4dd, Massivt Tr\u00e4, Brun, 123 X 54 X 74 Cm 1"},{"@type":"BreadcrumbList","@id":"https:\/\/truusk.store\/sv\/produkt\/truusk-hojdbaddsplanteringslada-8-delat-galler-hopfallbar-hylla-blomlada-blomkruka-ortbadd-massivt-tra-brun-123-x\/#breadcrumb","itemListElement":[{"@type":"ListItem","position":1,"name":"Home","item":"https:\/\/truusk.store\/sv\/"},{"@type":"ListItem","position":2,"name":"Shop","item":"https:\/\/truusk.store\/shop\/"},{"@type":"ListItem","position":3,"name":"TRUUSK H\u00f6jdb\u00e4ddsplanteringsl\u00e5da &#8211; 8-delat galler &#8211; Hopf\u00e4llbar hylla &#8211; Bloml\u00e5da &#8211; Blomkruka &#8211; \u00d6rtb\u00e4dd &#8211; Massivt tr\u00e4 &#8211; Brun &#8211; 123 x"}]},{"@type":"WebSite","@id":"https:\/\/truusk.store\/sv\/#website","url":"https:\/\/truusk.store\/sv\/","name":"TRUUSK - Hem, Tr\u00e4dg\u00e5rd & Fritid","description":"","publisher":{"@id":"https:\/\/truusk.store\/sv\/#organization"},"potentialAction":[{"@type":"SearchAction","target":{"@type":"EntryPoint","urlTemplate":"https:\/\/truusk.store\/sv\/?s={search_term_string}"},"query-input":{"@type":"PropertyValueSpecification","valueRequired":true,"valueName":"search_term_string"}}],"inLanguage":"sv-SE"},{"@type":"Organization","@id":"https:\/\/truusk.store\/sv\/#organization","name":"TRUUSK - Hem, Tr\u00e4dg\u00e5rd & Fritid","url":"https:\/\/truusk.store\/sv\/","logo":{"@type":"ImageObject","inLanguage":"sv-SE","@id":"https:\/\/truusk.store\/sv\/#\/schema\/logo\/image\/","url":"https:\/\/i0.wp.com\/truusk.store\/wp-content\/uploads\/2026\/03\/cropped-TRUUSK.png?fit=2032%2C917&ssl=1","contentUrl":"https:\/\/i0.wp.com\/truusk.store\/wp-content\/uploads\/2026\/03\/cropped-TRUUSK.png?fit=2032%2C917&ssl=1","width":2032,"height":917,"caption":"TRUUSK - Hem, Tr\u00e4dg\u00e5rd & Fritid"},"image":{"@id":"https:\/\/truusk.store\/sv\/#\/schema\/logo\/image\/"}}]}},"jetpack_sharing_enabled":true,"_links":{"self":[{"href":"https:\/\/truusk.store\/sv\/wp-json\/wp\/v2\/product\/22938","targetHints":{"allow":["GET"]}}],"collection":[{"href":"https:\/\/truusk.store\/sv\/wp-json\/wp\/v2\/product"}],"about":[{"href":"https:\/\/truusk.store\/sv\/wp-json\/wp\/v2\/types\/product"}],"wp:featuredmedia":[{"embeddable":true,"href":"https:\/\/truusk.store\/sv\/wp-json\/wp\/v2\/media\/22939"}],"wp:attachment":[{"href":"https:\/\/truusk.store\/sv\/wp-json\/wp\/v2\/media?parent=22938"}],"wp:term":[{"taxonomy":"product_brand","embeddable":true,"href":"https:\/\/truusk.store\/sv\/wp-json\/wp\/v2\/product_brand?post=22938"},{"taxonomy":"product_cat","embeddable":true,"href":"https:\/\/truusk.store\/sv\/wp-json\/wp\/v2\/product_cat?post=22938"},{"taxonomy":"product_tag","embeddable":true,"href":"https:\/\/truusk.store\/sv\/wp-json\/wp\/v2\/product_tag?post=22938"}],"curies":[{"name":"wp","href":"https:\/\/api.w.org\/{rel}","templated":true}]}}