{"id":22962,"date":"2024-02-13T16:39:34","date_gmt":"2024-02-13T15:39:34","guid":{"rendered":"https:\/\/truusk.store\/product\/talt-for-3-personer-campingtalt-med-pinnar-kupoltalt-polyester-gront-205-x-195-x-135-cm\/"},"modified":"2026-03-12T09:04:25","modified_gmt":"2026-03-12T08:04:25","slug":"truusk-3-personers-campingtalt-med-pinnar-kupoltalt-polyester-gront-205-x-195-x-135-cm","status":"publish","type":"product","link":"https:\/\/truusk.store\/sv\/produkt\/truusk-3-personers-campingtalt-med-pinnar-kupoltalt-polyester-gront-205-x-195-x-135-cm\/","title":{"rendered":"TRUUSK 3-Personers Campingt\u00e4lt &#8211; Med Pinnar &#8211; Kupolt\u00e4lt &#8211; Polyester &#8211; Gr\u00f6nt &#8211; 205 x 195 x 135 cm"},"content":{"rendered":"<p>Detta 3-personerst\u00e4lt \u00e4r idealiskt f\u00f6r campingturer, \u00f6vernattningar eller vandringar. Det rymliga t\u00e4ltet erbjuder tillr\u00e4ckligt med utrymme f\u00f6r par eller familjer och det v\u00e4derbest\u00e4ndiga \u00f6verdraget skyddar dig fr\u00e5n v\u00e4der och vind. De h\u00f6gkvalitativa materialen \u00e4r robusta, slitstarka och h\u00e5llbara. Ing\u00e5r i leveransen \u00e4r pinnar och en transportv\u00e4ska f\u00f6r bekv\u00e4m transport.Obs: T\u00e4ltet b\u00f6r inte anv\u00e4ndas i extrem vind, regn eller sn\u00f6!<\/p>\n<h3>Beskrivning:<\/h3>\n<ul>\n<li>L\u00e4tt att installera med popup-design<\/li>\n<li>N\u00e4td\u00f6rr skyddar mot v\u00e4der och vind<\/li>\n<li>Inkl entr\u00e9matta<\/li>\n<li>Inkluderar b\u00e4rv\u00e4ska f\u00f6r enkel transport<\/li>\n<li>Krokar f\u00f6r campinglampor<\/li>\n<li>Plats f\u00f6r 3 vuxna<\/li>\n<li>Material av h\u00f6g kvalitet, mycket h\u00e5llbart<\/li>\n<li>F\u00f6nster f\u00f6r h\u00f6g luftcirkulation<\/li>\n<li>Inkl 10 pinnar och 6 sp\u00e4nnlinor<\/li>\n<li>T\u00e4ltst\u00e4nger i glasfiber \u00e4r robusta och rostbest\u00e4ndiga<\/li>\n<li>F\u00f6rvaringsv\u00e4ska med f\u00f6rvaringsutrymme f\u00f6r sm\u00e5saker<\/li>\n<li>3-s\u00e4songst\u00e4lt: Perfekt f\u00f6r v\u00e5r, sommar och h\u00f6st<\/li>\n<li>Inte l\u00e4mplig f\u00f6r extremt v\u00e4der<\/li>\n<li>Inte l\u00e4mplig f\u00f6r extremt l\u00e5ga temperaturer<\/li>\n<\/ul>\n<h3>Teknisk data:<\/h3>\n<ul>\n<li>Material: Polyester, Oxford, glasfiber, PE-tyg<\/li>\n<li>\u00d6vergripande m\u00e5tt: L205 x B195 x H135 cm<\/li>\n<li>M\u00e5tt (tr): B114 x H100 cm<\/li>\n<li>M\u00e5tt (f\u00f6rvaringsficka): L25 x H23 cm<\/li>\n<li>Vikstorlek: 17 x L73 cm<\/li>\n<li>Nettovikt: 3,2 kg<\/li>\n<li>F\u00e4rg: olivgr\u00f6n<\/li>\n<\/ul>\n<h3>Leveransens omfattning:<\/h3>\n<ul>\n<li>1 x Campingt\u00e4lt<\/li>\n<li>10 x pinnar<\/li>\n<li>6 x sp\u00e4nnlinor<\/li>\n<li>1 x B\u00e4rv\u00e4ska<\/li>\n<li>1 x Monteringsanvisning<\/li>\n<\/ul>\n","protected":false},"excerpt":{"rendered":"<p>Detta 3-personerst\u00e4lt \u00e4r idealiskt f\u00f6r campingturer, \u00f6vernattningar eller vandringar. Det rymliga t\u00e4ltet erbjuder tillr\u00e4ckligt med utrymme f\u00f6r par eller familjer&#8230;<\/p>\n","protected":false},"featured_media":22963,"template":"","meta":[],"product_brand":[],"product_cat":[648,647,650],"product_tag":[],"class_list":{"0":"post-22962","1":"product","2":"type-product","3":"status-publish","4":"has-post-thumbnail","6":"product_cat-camping-tillbehor","7":"product_cat-sport-fritid","8":"product_cat-talt","10":"first","11":"instock","12":"sale","13":"taxable","14":"shipping-taxable","15":"purchasable","16":"product-type-simple"},"yoast_head":"<!-- This site is optimized with the Yoast SEO plugin v25.4 - https:\/\/yoast.com\/wordpress\/plugins\/seo\/ -->\n<title>TRUUSK 3-Personers Campingt\u00e4lt - Med Pinnar - Kupolt\u00e4lt - Polyester - Gr\u00f6nt - 205 x 195 x 135 cm - TRUUSK - Hem, Tr\u00e4dg\u00e5rd &amp; Fritid<\/title>\n<meta name=\"robots\" content=\"index, follow, max-snippet:-1, max-image-preview:large, max-video-preview:-1\" \/>\n<link rel=\"canonical\" href=\"https:\/\/truusk.store\/sv\/produkt\/truusk-3-personers-campingtalt-med-pinnar-kupoltalt-polyester-gront-205-x-195-x-135-cm\/\" \/>\n<meta property=\"og:locale\" content=\"sv_SE\" \/>\n<meta property=\"og:type\" content=\"article\" \/>\n<meta property=\"og:title\" content=\"TRUUSK 3-Personers Campingt\u00e4lt - Med Pinnar - Kupolt\u00e4lt - Polyester - Gr\u00f6nt - 205 x 195 x 135 cm - TRUUSK - Hem, Tr\u00e4dg\u00e5rd &amp; Fritid\" \/>\n<meta property=\"og:description\" content=\"Detta 3-personerst\u00e4lt \u00e4r idealiskt f\u00f6r campingturer, \u00f6vernattningar eller vandringar. Det rymliga t\u00e4ltet erbjuder tillr\u00e4ckligt med utrymme f\u00f6r par eller familjer...\" \/>\n<meta property=\"og:url\" content=\"https:\/\/truusk.store\/sv\/produkt\/truusk-3-personers-campingtalt-med-pinnar-kupoltalt-polyester-gront-205-x-195-x-135-cm\/\" \/>\n<meta property=\"og:site_name\" content=\"TRUUSK - Hem, Tr\u00e4dg\u00e5rd &amp; Fritid\" \/>\n<meta property=\"article:modified_time\" content=\"2026-03-12T08:04:25+00:00\" \/>\n<meta property=\"og:image\" content=\"https:\/\/i0.wp.com\/truusk.se\/wp-content\/uploads\/2024\/02\/talt-for-3-personer-campingtalt-med-pinnar-kupoltalt-polyester-gront-205-x-195-x-135-cm.webp?fit=800%2C800&ssl=1\" \/>\n\t<meta property=\"og:image:width\" content=\"800\" \/>\n\t<meta property=\"og:image:height\" content=\"800\" \/>\n\t<meta property=\"og:image:type\" content=\"image\/webp\" \/>\n<meta name=\"twitter:card\" content=\"summary_large_image\" \/>\n<meta name=\"twitter:label1\" content=\"Ber\u00e4knad l\u00e4stid\" \/>\n\t<meta name=\"twitter:data1\" content=\"1 minut\" \/>\n<!-- \/ Yoast SEO plugin. -->","yoast_head_json":{"title":"TRUUSK 3-Personers Campingt\u00e4lt - Med Pinnar - Kupolt\u00e4lt - Polyester - Gr\u00f6nt - 205 x 195 x 135 cm - TRUUSK - Hem, Tr\u00e4dg\u00e5rd &amp; Fritid","robots":{"index":"index","follow":"follow","max-snippet":"max-snippet:-1","max-image-preview":"max-image-preview:large","max-video-preview":"max-video-preview:-1"},"canonical":"https:\/\/truusk.store\/sv\/produkt\/truusk-3-personers-campingtalt-med-pinnar-kupoltalt-polyester-gront-205-x-195-x-135-cm\/","og_locale":"sv_SE","og_type":"article","og_title":"TRUUSK 3-Personers Campingt\u00e4lt - Med Pinnar - Kupolt\u00e4lt - Polyester - Gr\u00f6nt - 205 x 195 x 135 cm - TRUUSK - Hem, Tr\u00e4dg\u00e5rd &amp; Fritid","og_description":"Detta 3-personerst\u00e4lt \u00e4r idealiskt f\u00f6r campingturer, \u00f6vernattningar eller vandringar. Det rymliga t\u00e4ltet erbjuder tillr\u00e4ckligt med utrymme f\u00f6r par eller familjer...","og_url":"https:\/\/truusk.store\/sv\/produkt\/truusk-3-personers-campingtalt-med-pinnar-kupoltalt-polyester-gront-205-x-195-x-135-cm\/","og_site_name":"TRUUSK - Hem, Tr\u00e4dg\u00e5rd &amp; Fritid","article_modified_time":"2026-03-12T08:04:25+00:00","og_image":[{"width":800,"height":800,"url":"https:\/\/i0.wp.com\/truusk.se\/wp-content\/uploads\/2024\/02\/talt-for-3-personer-campingtalt-med-pinnar-kupoltalt-polyester-gront-205-x-195-x-135-cm.webp?fit=800%2C800&ssl=1","type":"image\/webp"}],"twitter_card":"summary_large_image","twitter_misc":{"Ber\u00e4knad l\u00e4stid":"1 minut"},"schema":{"@context":"https:\/\/schema.org","@graph":[{"@type":"WebPage","@id":"https:\/\/truusk.store\/sv\/produkt\/truusk-3-personers-campingtalt-med-pinnar-kupoltalt-polyester-gront-205-x-195-x-135-cm\/","url":"https:\/\/truusk.store\/sv\/produkt\/truusk-3-personers-campingtalt-med-pinnar-kupoltalt-polyester-gront-205-x-195-x-135-cm\/","name":"TRUUSK 3-Personers Campingt\u00e4lt - Med Pinnar - Kupolt\u00e4lt - Polyester - Gr\u00f6nt - 205 x 195 x 135 cm - TRUUSK - Hem, Tr\u00e4dg\u00e5rd &amp; Fritid","isPartOf":{"@id":"https:\/\/truusk.store\/sv\/#website"},"primaryImageOfPage":{"@id":"https:\/\/truusk.store\/sv\/produkt\/truusk-3-personers-campingtalt-med-pinnar-kupoltalt-polyester-gront-205-x-195-x-135-cm\/#primaryimage"},"image":{"@id":"https:\/\/truusk.store\/sv\/produkt\/truusk-3-personers-campingtalt-med-pinnar-kupoltalt-polyester-gront-205-x-195-x-135-cm\/#primaryimage"},"thumbnailUrl":"https:\/\/i0.wp.com\/truusk.store\/wp-content\/uploads\/2024\/02\/talt-for-3-personer-campingtalt-med-pinnar-kupoltalt-polyester-gront-205-x-195-x-135-cm.webp?fit=800%2C800&ssl=1","datePublished":"2024-02-13T15:39:34+00:00","dateModified":"2026-03-12T08:04:25+00:00","breadcrumb":{"@id":"https:\/\/truusk.store\/sv\/produkt\/truusk-3-personers-campingtalt-med-pinnar-kupoltalt-polyester-gront-205-x-195-x-135-cm\/#breadcrumb"},"inLanguage":"sv-SE","potentialAction":[{"@type":"ReadAction","target":["https:\/\/truusk.store\/sv\/produkt\/truusk-3-personers-campingtalt-med-pinnar-kupoltalt-polyester-gront-205-x-195-x-135-cm\/"]}]},{"@type":"ImageObject","inLanguage":"sv-SE","@id":"https:\/\/truusk.store\/sv\/produkt\/truusk-3-personers-campingtalt-med-pinnar-kupoltalt-polyester-gront-205-x-195-x-135-cm\/#primaryimage","url":"https:\/\/i0.wp.com\/truusk.store\/wp-content\/uploads\/2024\/02\/talt-for-3-personer-campingtalt-med-pinnar-kupoltalt-polyester-gront-205-x-195-x-135-cm.webp?fit=800%2C800&ssl=1","contentUrl":"https:\/\/i0.wp.com\/truusk.store\/wp-content\/uploads\/2024\/02\/talt-for-3-personer-campingtalt-med-pinnar-kupoltalt-polyester-gront-205-x-195-x-135-cm.webp?fit=800%2C800&ssl=1","width":800,"height":800,"caption":"T\u00e4lt F\u00f6r 3 Personer, Campingt\u00e4lt Med Pinnar, Kupolt\u00e4lt, Polyester, Gr\u00f6nt, 205 X 195 X 135 Cm 1"},{"@type":"BreadcrumbList","@id":"https:\/\/truusk.store\/sv\/produkt\/truusk-3-personers-campingtalt-med-pinnar-kupoltalt-polyester-gront-205-x-195-x-135-cm\/#breadcrumb","itemListElement":[{"@type":"ListItem","position":1,"name":"Home","item":"https:\/\/truusk.store\/sv\/"},{"@type":"ListItem","position":2,"name":"Shop","item":"https:\/\/truusk.store\/shop\/"},{"@type":"ListItem","position":3,"name":"TRUUSK 3-Personers Campingt\u00e4lt &#8211; Med Pinnar &#8211; Kupolt\u00e4lt &#8211; Polyester &#8211; Gr\u00f6nt &#8211; 205 x 195 x 135 cm"}]},{"@type":"WebSite","@id":"https:\/\/truusk.store\/sv\/#website","url":"https:\/\/truusk.store\/sv\/","name":"TRUUSK - Hem, Tr\u00e4dg\u00e5rd & Fritid","description":"","publisher":{"@id":"https:\/\/truusk.store\/sv\/#organization"},"potentialAction":[{"@type":"SearchAction","target":{"@type":"EntryPoint","urlTemplate":"https:\/\/truusk.store\/sv\/?s={search_term_string}"},"query-input":{"@type":"PropertyValueSpecification","valueRequired":true,"valueName":"search_term_string"}}],"inLanguage":"sv-SE"},{"@type":"Organization","@id":"https:\/\/truusk.store\/sv\/#organization","name":"TRUUSK - Hem, Tr\u00e4dg\u00e5rd & Fritid","url":"https:\/\/truusk.store\/sv\/","logo":{"@type":"ImageObject","inLanguage":"sv-SE","@id":"https:\/\/truusk.store\/sv\/#\/schema\/logo\/image\/","url":"https:\/\/i0.wp.com\/truusk.store\/wp-content\/uploads\/2026\/03\/cropped-TRUUSK.png?fit=2032%2C917&ssl=1","contentUrl":"https:\/\/i0.wp.com\/truusk.store\/wp-content\/uploads\/2026\/03\/cropped-TRUUSK.png?fit=2032%2C917&ssl=1","width":2032,"height":917,"caption":"TRUUSK - Hem, Tr\u00e4dg\u00e5rd & Fritid"},"image":{"@id":"https:\/\/truusk.store\/sv\/#\/schema\/logo\/image\/"}}]}},"jetpack_sharing_enabled":true,"_links":{"self":[{"href":"https:\/\/truusk.store\/sv\/wp-json\/wp\/v2\/product\/22962","targetHints":{"allow":["GET"]}}],"collection":[{"href":"https:\/\/truusk.store\/sv\/wp-json\/wp\/v2\/product"}],"about":[{"href":"https:\/\/truusk.store\/sv\/wp-json\/wp\/v2\/types\/product"}],"wp:featuredmedia":[{"embeddable":true,"href":"https:\/\/truusk.store\/sv\/wp-json\/wp\/v2\/media\/22963"}],"wp:attachment":[{"href":"https:\/\/truusk.store\/sv\/wp-json\/wp\/v2\/media?parent=22962"}],"wp:term":[{"taxonomy":"product_brand","embeddable":true,"href":"https:\/\/truusk.store\/sv\/wp-json\/wp\/v2\/product_brand?post=22962"},{"taxonomy":"product_cat","embeddable":true,"href":"https:\/\/truusk.store\/sv\/wp-json\/wp\/v2\/product_cat?post=22962"},{"taxonomy":"product_tag","embeddable":true,"href":"https:\/\/truusk.store\/sv\/wp-json\/wp\/v2\/product_tag?post=22962"}],"curies":[{"name":"wp","href":"https:\/\/api.w.org\/{rel}","templated":true}]}}