{"id":22972,"date":"2024-02-13T16:40:04","date_gmt":"2024-02-13T15:40:04","guid":{"rendered":"https:\/\/truusk.store\/product\/set-med-2-solstolsset-med-kuddar-hopfallbar-solstol-5-nivaer-av-justerbart-ryggstod-tradgardsstol-tradgardsmobelset-stal-polyester-rod-60-x-75-x-65-102-cm\/"},"modified":"2026-03-12T09:04:26","modified_gmt":"2026-03-12T08:04:26","slug":"truusk-tradgardsmobelset-2-solstolar-med-kuddar-hopfallbar-justerbart-ryggstod-stal-polyester-rod-60-x-75-x-65-102","status":"publish","type":"product","link":"https:\/\/truusk.store\/sv\/produkt\/truusk-tradgardsmobelset-2-solstolar-med-kuddar-hopfallbar-justerbart-ryggstod-stal-polyester-rod-60-x-75-x-65-102\/","title":{"rendered":"TRUUSK Tr\u00e4dg\u00e5rdsm\u00f6belset &#8211; 2 Solstolar med Kuddar &#8211; Hopf\u00e4llbar &#8211; Justerbart Ryggst\u00f6d &#8211; St\u00e5l &#8211; Polyester &#8211; R\u00f6d &#8211; 60 x 75 x 65-102"},"content":{"rendered":"<p>Luta dig bekv\u00e4mt tillbaka och njut av en solig paus p\u00e5 dessa bekv\u00e4ma tr\u00e4dg\u00e5rdsstolar. En modern design, gener\u00f6st vadderade kuddar och ett justerbart ryggst\u00f6d i fem l\u00e4gen kombinerar estetik och praktisk komfort f\u00f6r att g\u00f6ra detta set till en smakfull samlingspunkt i din tr\u00e4dg\u00e5rd, uteplats eller tr\u00e4dg\u00e5rd. Tack vare en robust metallram \u00e4r dessa stolar extremt stabila och kan enkelt f\u00e4llas ihop och f\u00f6rvaras vid behov.<\/p>\n<h3>Beskrivning:<\/h3>\n<ul>\n<li>Hopf\u00e4llbar, vadderad tr\u00e4dg\u00e5rdss\u00e4ng<\/li>\n<li>5-niv\u00e5 justerbart ryggst\u00f6d<\/li>\n<li>Gener\u00f6st vadderad kudde f\u00f6r h\u00f6g komfort<\/li>\n<li>Gr\u00e5, pulverlackerad st\u00e5lr\u00f6rsram f\u00f6r maximal stabilitet<\/li>\n<li>Dyna med l\u00e4ttsk\u00f6tt och slitstarkt polyesterfodral<\/li>\n<li>L\u00e4tt och vikbar konstruktion f\u00f6r enkel f\u00f6rvaring och transport<\/li>\n<li>Perfekt f\u00f6r camping, uteplats, tr\u00e4dg\u00e5rd eller andra utomhusomr\u00e5den<\/li>\n<\/ul>\n<h3>Teknisk data:<\/h3>\n<ul>\n<li>r\u00f6d f\u00e4rg<\/li>\n<li>Material: st\u00e5l, polyester, bomull<\/li>\n<li>\u00d6vergripande m\u00e5tt: 60W x 75D x 65-102H cm<\/li>\n<li>Vikta m\u00e5tt: 92L x 61,2B x 12H cm<\/li>\n<li>Lastkapacitet (vardera): 120 kg<\/li>\n<li>Armst\u00f6d fr\u00e5n golv: 63 cm<\/li>\n<\/ul>\n<h3>Leveransens omfattning:<\/h3>\n<ul>\n<li>2 x solstolar<\/li>\n<li>1 x Instruktioner<\/li>\n<\/ul>\n","protected":false},"excerpt":{"rendered":"<p>Luta dig bekv\u00e4mt tillbaka och njut av en solig paus p\u00e5 dessa bekv\u00e4ma tr\u00e4dg\u00e5rdsstolar. En modern design, gener\u00f6st vadderade kuddar&#8230;<\/p>\n","protected":false},"featured_media":22973,"template":"","meta":[],"product_brand":[],"product_cat":[451,435,450],"product_tag":[],"class_list":{"0":"post-22972","1":"product","2":"type-product","3":"status-publish","4":"has-post-thumbnail","6":"product_cat-solstolar","7":"product_cat-tradgard-och-terrass","8":"product_cat-tradgardsmobler","10":"first","11":"instock","12":"sale","13":"taxable","14":"shipping-taxable","15":"purchasable","16":"product-type-simple"},"yoast_head":"<!-- This site is optimized with the Yoast SEO plugin v25.4 - https:\/\/yoast.com\/wordpress\/plugins\/seo\/ -->\n<title>TRUUSK Tr\u00e4dg\u00e5rdsm\u00f6belset - 2 Solstolar med Kuddar - Hopf\u00e4llbar - Justerbart Ryggst\u00f6d - St\u00e5l - Polyester - R\u00f6d - 60 x 75 x 65-102 - TRUUSK - Hem, Tr\u00e4dg\u00e5rd &amp; Fritid<\/title>\n<meta name=\"robots\" content=\"index, follow, max-snippet:-1, max-image-preview:large, max-video-preview:-1\" \/>\n<link rel=\"canonical\" href=\"https:\/\/truusk.store\/sv\/produkt\/truusk-tradgardsmobelset-2-solstolar-med-kuddar-hopfallbar-justerbart-ryggstod-stal-polyester-rod-60-x-75-x-65-102\/\" \/>\n<meta property=\"og:locale\" content=\"sv_SE\" \/>\n<meta property=\"og:type\" content=\"article\" \/>\n<meta property=\"og:title\" content=\"TRUUSK Tr\u00e4dg\u00e5rdsm\u00f6belset - 2 Solstolar med Kuddar - Hopf\u00e4llbar - Justerbart Ryggst\u00f6d - St\u00e5l - Polyester - R\u00f6d - 60 x 75 x 65-102 - TRUUSK - Hem, Tr\u00e4dg\u00e5rd &amp; Fritid\" \/>\n<meta property=\"og:description\" content=\"Luta dig bekv\u00e4mt tillbaka och njut av en solig paus p\u00e5 dessa bekv\u00e4ma tr\u00e4dg\u00e5rdsstolar. En modern design, gener\u00f6st vadderade kuddar...\" \/>\n<meta property=\"og:url\" content=\"https:\/\/truusk.store\/sv\/produkt\/truusk-tradgardsmobelset-2-solstolar-med-kuddar-hopfallbar-justerbart-ryggstod-stal-polyester-rod-60-x-75-x-65-102\/\" \/>\n<meta property=\"og:site_name\" content=\"TRUUSK - Hem, Tr\u00e4dg\u00e5rd &amp; Fritid\" \/>\n<meta property=\"article:modified_time\" content=\"2026-03-12T08:04:26+00:00\" \/>\n<meta property=\"og:image\" content=\"https:\/\/i0.wp.com\/truusk.se\/wp-content\/uploads\/2024\/02\/set-med-2-solstolsset-med-kuddar-hopfallbar-solstol-5-nivaer-av-justerbart-ryggstod-tradgardsstol-tradgardsmobelset-stal-polyester-rod-60-x-75-x-65-102-cm.webp?fit=800%2C800&ssl=1\" \/>\n\t<meta property=\"og:image:width\" content=\"800\" \/>\n\t<meta property=\"og:image:height\" content=\"800\" \/>\n\t<meta property=\"og:image:type\" content=\"image\/webp\" \/>\n<meta name=\"twitter:card\" content=\"summary_large_image\" \/>\n<meta name=\"twitter:label1\" content=\"Ber\u00e4knad l\u00e4stid\" \/>\n\t<meta name=\"twitter:data1\" content=\"1 minut\" \/>\n<!-- \/ Yoast SEO plugin. -->","yoast_head_json":{"title":"TRUUSK Tr\u00e4dg\u00e5rdsm\u00f6belset - 2 Solstolar med Kuddar - Hopf\u00e4llbar - Justerbart Ryggst\u00f6d - St\u00e5l - Polyester - R\u00f6d - 60 x 75 x 65-102 - TRUUSK - Hem, Tr\u00e4dg\u00e5rd &amp; Fritid","robots":{"index":"index","follow":"follow","max-snippet":"max-snippet:-1","max-image-preview":"max-image-preview:large","max-video-preview":"max-video-preview:-1"},"canonical":"https:\/\/truusk.store\/sv\/produkt\/truusk-tradgardsmobelset-2-solstolar-med-kuddar-hopfallbar-justerbart-ryggstod-stal-polyester-rod-60-x-75-x-65-102\/","og_locale":"sv_SE","og_type":"article","og_title":"TRUUSK Tr\u00e4dg\u00e5rdsm\u00f6belset - 2 Solstolar med Kuddar - Hopf\u00e4llbar - Justerbart Ryggst\u00f6d - St\u00e5l - Polyester - R\u00f6d - 60 x 75 x 65-102 - TRUUSK - Hem, Tr\u00e4dg\u00e5rd &amp; Fritid","og_description":"Luta dig bekv\u00e4mt tillbaka och njut av en solig paus p\u00e5 dessa bekv\u00e4ma tr\u00e4dg\u00e5rdsstolar. En modern design, gener\u00f6st vadderade kuddar...","og_url":"https:\/\/truusk.store\/sv\/produkt\/truusk-tradgardsmobelset-2-solstolar-med-kuddar-hopfallbar-justerbart-ryggstod-stal-polyester-rod-60-x-75-x-65-102\/","og_site_name":"TRUUSK - Hem, Tr\u00e4dg\u00e5rd &amp; Fritid","article_modified_time":"2026-03-12T08:04:26+00:00","og_image":[{"width":800,"height":800,"url":"https:\/\/i0.wp.com\/truusk.se\/wp-content\/uploads\/2024\/02\/set-med-2-solstolsset-med-kuddar-hopfallbar-solstol-5-nivaer-av-justerbart-ryggstod-tradgardsstol-tradgardsmobelset-stal-polyester-rod-60-x-75-x-65-102-cm.webp?fit=800%2C800&ssl=1","type":"image\/webp"}],"twitter_card":"summary_large_image","twitter_misc":{"Ber\u00e4knad l\u00e4stid":"1 minut"},"schema":{"@context":"https:\/\/schema.org","@graph":[{"@type":"WebPage","@id":"https:\/\/truusk.store\/sv\/produkt\/truusk-tradgardsmobelset-2-solstolar-med-kuddar-hopfallbar-justerbart-ryggstod-stal-polyester-rod-60-x-75-x-65-102\/","url":"https:\/\/truusk.store\/sv\/produkt\/truusk-tradgardsmobelset-2-solstolar-med-kuddar-hopfallbar-justerbart-ryggstod-stal-polyester-rod-60-x-75-x-65-102\/","name":"TRUUSK Tr\u00e4dg\u00e5rdsm\u00f6belset - 2 Solstolar med Kuddar - Hopf\u00e4llbar - Justerbart Ryggst\u00f6d - St\u00e5l - Polyester - R\u00f6d - 60 x 75 x 65-102 - TRUUSK - Hem, Tr\u00e4dg\u00e5rd &amp; Fritid","isPartOf":{"@id":"https:\/\/truusk.store\/sv\/#website"},"primaryImageOfPage":{"@id":"https:\/\/truusk.store\/sv\/produkt\/truusk-tradgardsmobelset-2-solstolar-med-kuddar-hopfallbar-justerbart-ryggstod-stal-polyester-rod-60-x-75-x-65-102\/#primaryimage"},"image":{"@id":"https:\/\/truusk.store\/sv\/produkt\/truusk-tradgardsmobelset-2-solstolar-med-kuddar-hopfallbar-justerbart-ryggstod-stal-polyester-rod-60-x-75-x-65-102\/#primaryimage"},"thumbnailUrl":"https:\/\/i0.wp.com\/truusk.store\/wp-content\/uploads\/2024\/02\/set-med-2-solstolsset-med-kuddar-hopfallbar-solstol-5-nivaer-av-justerbart-ryggstod-tradgardsstol-tradgardsmobelset-stal-polyester-rod-60-x-75-x-65-102-cm.webp?fit=800%2C800&ssl=1","datePublished":"2024-02-13T15:40:04+00:00","dateModified":"2026-03-12T08:04:26+00:00","breadcrumb":{"@id":"https:\/\/truusk.store\/sv\/produkt\/truusk-tradgardsmobelset-2-solstolar-med-kuddar-hopfallbar-justerbart-ryggstod-stal-polyester-rod-60-x-75-x-65-102\/#breadcrumb"},"inLanguage":"sv-SE","potentialAction":[{"@type":"ReadAction","target":["https:\/\/truusk.store\/sv\/produkt\/truusk-tradgardsmobelset-2-solstolar-med-kuddar-hopfallbar-justerbart-ryggstod-stal-polyester-rod-60-x-75-x-65-102\/"]}]},{"@type":"ImageObject","inLanguage":"sv-SE","@id":"https:\/\/truusk.store\/sv\/produkt\/truusk-tradgardsmobelset-2-solstolar-med-kuddar-hopfallbar-justerbart-ryggstod-stal-polyester-rod-60-x-75-x-65-102\/#primaryimage","url":"https:\/\/i0.wp.com\/truusk.store\/wp-content\/uploads\/2024\/02\/set-med-2-solstolsset-med-kuddar-hopfallbar-solstol-5-nivaer-av-justerbart-ryggstod-tradgardsstol-tradgardsmobelset-stal-polyester-rod-60-x-75-x-65-102-cm.webp?fit=800%2C800&ssl=1","contentUrl":"https:\/\/i0.wp.com\/truusk.store\/wp-content\/uploads\/2024\/02\/set-med-2-solstolsset-med-kuddar-hopfallbar-solstol-5-nivaer-av-justerbart-ryggstod-tradgardsstol-tradgardsmobelset-stal-polyester-rod-60-x-75-x-65-102-cm.webp?fit=800%2C800&ssl=1","width":800,"height":800,"caption":"Set Med 2 Solstolsset Med Kuddar, Hopf\u00e4llbar Solstol, 5 Niv\u00e5er Av Justerbart Ryggst\u00f6d, Tr\u00e4dg\u00e5rdsstol, Tr\u00e4dg\u00e5rdsm\u00f6belset, St\u00e5l, Polyester, R\u00f6d, 60 X 75 X 65-102 Cm 1"},{"@type":"BreadcrumbList","@id":"https:\/\/truusk.store\/sv\/produkt\/truusk-tradgardsmobelset-2-solstolar-med-kuddar-hopfallbar-justerbart-ryggstod-stal-polyester-rod-60-x-75-x-65-102\/#breadcrumb","itemListElement":[{"@type":"ListItem","position":1,"name":"Home","item":"https:\/\/truusk.store\/sv\/"},{"@type":"ListItem","position":2,"name":"Shop","item":"https:\/\/truusk.store\/shop\/"},{"@type":"ListItem","position":3,"name":"TRUUSK Tr\u00e4dg\u00e5rdsm\u00f6belset &#8211; 2 Solstolar med Kuddar &#8211; Hopf\u00e4llbar &#8211; Justerbart Ryggst\u00f6d &#8211; St\u00e5l &#8211; Polyester &#8211; R\u00f6d &#8211; 60 x 75 x 65-102"}]},{"@type":"WebSite","@id":"https:\/\/truusk.store\/sv\/#website","url":"https:\/\/truusk.store\/sv\/","name":"TRUUSK - Hem, Tr\u00e4dg\u00e5rd & Fritid","description":"","publisher":{"@id":"https:\/\/truusk.store\/sv\/#organization"},"potentialAction":[{"@type":"SearchAction","target":{"@type":"EntryPoint","urlTemplate":"https:\/\/truusk.store\/sv\/?s={search_term_string}"},"query-input":{"@type":"PropertyValueSpecification","valueRequired":true,"valueName":"search_term_string"}}],"inLanguage":"sv-SE"},{"@type":"Organization","@id":"https:\/\/truusk.store\/sv\/#organization","name":"TRUUSK - Hem, Tr\u00e4dg\u00e5rd & Fritid","url":"https:\/\/truusk.store\/sv\/","logo":{"@type":"ImageObject","inLanguage":"sv-SE","@id":"https:\/\/truusk.store\/sv\/#\/schema\/logo\/image\/","url":"https:\/\/i0.wp.com\/truusk.store\/wp-content\/uploads\/2026\/03\/cropped-TRUUSK.png?fit=2032%2C917&ssl=1","contentUrl":"https:\/\/i0.wp.com\/truusk.store\/wp-content\/uploads\/2026\/03\/cropped-TRUUSK.png?fit=2032%2C917&ssl=1","width":2032,"height":917,"caption":"TRUUSK - Hem, Tr\u00e4dg\u00e5rd & Fritid"},"image":{"@id":"https:\/\/truusk.store\/sv\/#\/schema\/logo\/image\/"}}]}},"jetpack_sharing_enabled":true,"_links":{"self":[{"href":"https:\/\/truusk.store\/sv\/wp-json\/wp\/v2\/product\/22972","targetHints":{"allow":["GET"]}}],"collection":[{"href":"https:\/\/truusk.store\/sv\/wp-json\/wp\/v2\/product"}],"about":[{"href":"https:\/\/truusk.store\/sv\/wp-json\/wp\/v2\/types\/product"}],"wp:featuredmedia":[{"embeddable":true,"href":"https:\/\/truusk.store\/sv\/wp-json\/wp\/v2\/media\/22973"}],"wp:attachment":[{"href":"https:\/\/truusk.store\/sv\/wp-json\/wp\/v2\/media?parent=22972"}],"wp:term":[{"taxonomy":"product_brand","embeddable":true,"href":"https:\/\/truusk.store\/sv\/wp-json\/wp\/v2\/product_brand?post=22972"},{"taxonomy":"product_cat","embeddable":true,"href":"https:\/\/truusk.store\/sv\/wp-json\/wp\/v2\/product_cat?post=22972"},{"taxonomy":"product_tag","embeddable":true,"href":"https:\/\/truusk.store\/sv\/wp-json\/wp\/v2\/product_tag?post=22972"}],"curies":[{"name":"wp","href":"https:\/\/api.w.org\/{rel}","templated":true}]}}