{"id":22984,"date":"2024-02-13T16:40:25","date_gmt":"2024-02-13T15:40:25","guid":{"rendered":"https:\/\/truusk.store\/product\/agility-ovningsset-slalom-hack-tunnel-hundsport-traningsomrade-pepolyester-blagul\/"},"modified":"2026-03-12T09:04:27","modified_gmt":"2026-03-12T08:04:27","slug":"truusk-agility-ovningsset-slalom-hack-tunnel-hundsport-traningsomrade-pepolyester-blagul","status":"publish","type":"product","link":"https:\/\/truusk.store\/sv\/produkt\/truusk-agility-ovningsset-slalom-hack-tunnel-hundsport-traningsomrade-pepolyester-blagul\/","title":{"rendered":"TRUUSK Agility \u00f6vningsset &#8211; Slalom, H\u00e4ck, Tunnel &#8211; Hundsport Tr\u00e4ningsomr\u00e5de &#8211; PE+polyester &#8211; Bl\u00e5+gul"},"content":{"rendered":"<p>Har du en pigg hund som vill bli utmanad? D\u00e5 erbjuder v\u00e5rt hundagilityset den b\u00e4sta sorten. Den best\u00e5r av 1 tunnel, 8 slalomstavar, 1 upps\u00e4ttning hinderstavar och 1 startf\u00e4lt. Hopph\u00f6jden \u00e4r stegl\u00f6st justerbar och kan d\u00e4rf\u00f6r anpassas individuellt efter din hund. Dog agility set \u00e4r l\u00e4tt att transportera tack vare den medf\u00f6ljande b\u00e4rv\u00e4skan.<\/p>\n<h3>Beskrivning:<\/h3>\n<ul>\n<li>Dog Agility Slalom Set erbjuder en m\u00e4ngd olika tr\u00e4ningsalternativ<\/li>\n<li>1 x tunnel + 8 x slalomstavar + 1 x h\u00e4ckstavssats + 1 x startf\u00e4lt<\/li>\n<li>Hopph\u00f6jden \u00e4r stegl\u00f6st justerbar<\/li>\n<li>Tillverkad av PE-material<\/li>\n<li>Enkel och snabb montering och demontering<\/li>\n<li>Inkluderar b\u00e4rv\u00e4ska med dragkedja f\u00f6r enkel transport<\/li>\n<\/ul>\n<h3>Teknisk data:<\/h3>\n<ul>\n<li>Material: PE, polyester<\/li>\n<li>Tunnelset: L148 x 60 cm, 1 x v\u00e4ska: 65 cm<\/li>\n<li>St\u00e5ngsats: 2 x st\u00e4nger: H86 x 3,2 cm<\/li>\n<li>1 x Traversst\u00e5ng: L85 x 3,2cm<\/li>\n<li>Slalomstavsats: 8 x stavar: L60 x 3,2 cm<\/li>\n<li>Startf\u00e4lt: L88 x B88 x D2,5 cm<\/li>\n<li>Tillbeh\u00f6r: 6 x markpinnar, 1 x rep, 2 x reppinnar, 8 x tunnel- och positionspinnar<\/li>\n<li>B\u00e4rv\u00e4ska: L95 x 11 cm<\/li>\n<li>Vikt: ca 3,6 kg<\/li>\n<li>F\u00e4rg: gul, bl\u00e5<\/li>\n<\/ul>\n<h3>Leveransens omfattning:<\/h3>\n<ul>\n<li>1 x Pet Agility Set<\/li>\n<li>1 x Instruktioner<\/li>\n<\/ul>\n","protected":false},"excerpt":{"rendered":"<p>Har du en pigg hund som vill bli utmanad? D\u00e5 erbjuder v\u00e5rt hundagilityset den b\u00e4sta sorten. Den best\u00e5r av 1&#8230;<\/p>\n","protected":false},"featured_media":22985,"template":"","meta":[],"product_brand":[],"product_cat":[578,574,573],"product_tag":[],"class_list":{"0":"post-22984","1":"product","2":"type-product","3":"status-publish","4":"has-post-thumbnail","6":"product_cat-agility-set","7":"product_cat-hundtillbehor","8":"product_cat-husdjursmaterial","10":"first","11":"instock","12":"sale","13":"taxable","14":"shipping-taxable","15":"purchasable","16":"product-type-simple"},"yoast_head":"<!-- This site is optimized with the Yoast SEO plugin v25.4 - https:\/\/yoast.com\/wordpress\/plugins\/seo\/ -->\n<title>TRUUSK Agility \u00f6vningsset - Slalom, H\u00e4ck, Tunnel - Hundsport Tr\u00e4ningsomr\u00e5de - PE+polyester - Bl\u00e5+gul - TRUUSK - Hem, Tr\u00e4dg\u00e5rd &amp; Fritid<\/title>\n<meta name=\"robots\" content=\"index, follow, max-snippet:-1, max-image-preview:large, max-video-preview:-1\" \/>\n<link rel=\"canonical\" href=\"https:\/\/truusk.store\/sv\/produkt\/truusk-agility-ovningsset-slalom-hack-tunnel-hundsport-traningsomrade-pepolyester-blagul\/\" \/>\n<meta property=\"og:locale\" content=\"sv_SE\" \/>\n<meta property=\"og:type\" content=\"article\" \/>\n<meta property=\"og:title\" content=\"TRUUSK Agility \u00f6vningsset - Slalom, H\u00e4ck, Tunnel - Hundsport Tr\u00e4ningsomr\u00e5de - PE+polyester - Bl\u00e5+gul - TRUUSK - Hem, Tr\u00e4dg\u00e5rd &amp; Fritid\" \/>\n<meta property=\"og:description\" content=\"Har du en pigg hund som vill bli utmanad? D\u00e5 erbjuder v\u00e5rt hundagilityset den b\u00e4sta sorten. Den best\u00e5r av 1...\" \/>\n<meta property=\"og:url\" content=\"https:\/\/truusk.store\/sv\/produkt\/truusk-agility-ovningsset-slalom-hack-tunnel-hundsport-traningsomrade-pepolyester-blagul\/\" \/>\n<meta property=\"og:site_name\" content=\"TRUUSK - Hem, Tr\u00e4dg\u00e5rd &amp; Fritid\" \/>\n<meta property=\"article:modified_time\" content=\"2026-03-12T08:04:27+00:00\" \/>\n<meta property=\"og:image\" content=\"https:\/\/i0.wp.com\/truusk.se\/wp-content\/uploads\/2024\/02\/agility-ovningsset-slalom-hack-tunnel-hundsport-traningsomrade-pepolyester-blagul.webp?fit=800%2C800&ssl=1\" \/>\n\t<meta property=\"og:image:width\" content=\"800\" \/>\n\t<meta property=\"og:image:height\" content=\"800\" \/>\n\t<meta property=\"og:image:type\" content=\"image\/webp\" \/>\n<meta name=\"twitter:card\" content=\"summary_large_image\" \/>\n<meta name=\"twitter:label1\" content=\"Ber\u00e4knad l\u00e4stid\" \/>\n\t<meta name=\"twitter:data1\" content=\"1 minut\" \/>\n<!-- \/ Yoast SEO plugin. -->","yoast_head_json":{"title":"TRUUSK Agility \u00f6vningsset - Slalom, H\u00e4ck, Tunnel - Hundsport Tr\u00e4ningsomr\u00e5de - PE+polyester - Bl\u00e5+gul - TRUUSK - Hem, Tr\u00e4dg\u00e5rd &amp; Fritid","robots":{"index":"index","follow":"follow","max-snippet":"max-snippet:-1","max-image-preview":"max-image-preview:large","max-video-preview":"max-video-preview:-1"},"canonical":"https:\/\/truusk.store\/sv\/produkt\/truusk-agility-ovningsset-slalom-hack-tunnel-hundsport-traningsomrade-pepolyester-blagul\/","og_locale":"sv_SE","og_type":"article","og_title":"TRUUSK Agility \u00f6vningsset - Slalom, H\u00e4ck, Tunnel - Hundsport Tr\u00e4ningsomr\u00e5de - PE+polyester - Bl\u00e5+gul - TRUUSK - Hem, Tr\u00e4dg\u00e5rd &amp; Fritid","og_description":"Har du en pigg hund som vill bli utmanad? D\u00e5 erbjuder v\u00e5rt hundagilityset den b\u00e4sta sorten. Den best\u00e5r av 1...","og_url":"https:\/\/truusk.store\/sv\/produkt\/truusk-agility-ovningsset-slalom-hack-tunnel-hundsport-traningsomrade-pepolyester-blagul\/","og_site_name":"TRUUSK - Hem, Tr\u00e4dg\u00e5rd &amp; Fritid","article_modified_time":"2026-03-12T08:04:27+00:00","og_image":[{"width":800,"height":800,"url":"https:\/\/i0.wp.com\/truusk.se\/wp-content\/uploads\/2024\/02\/agility-ovningsset-slalom-hack-tunnel-hundsport-traningsomrade-pepolyester-blagul.webp?fit=800%2C800&ssl=1","type":"image\/webp"}],"twitter_card":"summary_large_image","twitter_misc":{"Ber\u00e4knad l\u00e4stid":"1 minut"},"schema":{"@context":"https:\/\/schema.org","@graph":[{"@type":"WebPage","@id":"https:\/\/truusk.store\/sv\/produkt\/truusk-agility-ovningsset-slalom-hack-tunnel-hundsport-traningsomrade-pepolyester-blagul\/","url":"https:\/\/truusk.store\/sv\/produkt\/truusk-agility-ovningsset-slalom-hack-tunnel-hundsport-traningsomrade-pepolyester-blagul\/","name":"TRUUSK Agility \u00f6vningsset - Slalom, H\u00e4ck, Tunnel - Hundsport Tr\u00e4ningsomr\u00e5de - PE+polyester - Bl\u00e5+gul - TRUUSK - Hem, Tr\u00e4dg\u00e5rd &amp; Fritid","isPartOf":{"@id":"https:\/\/truusk.store\/sv\/#website"},"primaryImageOfPage":{"@id":"https:\/\/truusk.store\/sv\/produkt\/truusk-agility-ovningsset-slalom-hack-tunnel-hundsport-traningsomrade-pepolyester-blagul\/#primaryimage"},"image":{"@id":"https:\/\/truusk.store\/sv\/produkt\/truusk-agility-ovningsset-slalom-hack-tunnel-hundsport-traningsomrade-pepolyester-blagul\/#primaryimage"},"thumbnailUrl":"https:\/\/i0.wp.com\/truusk.store\/wp-content\/uploads\/2024\/02\/agility-ovningsset-slalom-hack-tunnel-hundsport-traningsomrade-pepolyester-blagul.webp?fit=800%2C800&ssl=1","datePublished":"2024-02-13T15:40:25+00:00","dateModified":"2026-03-12T08:04:27+00:00","breadcrumb":{"@id":"https:\/\/truusk.store\/sv\/produkt\/truusk-agility-ovningsset-slalom-hack-tunnel-hundsport-traningsomrade-pepolyester-blagul\/#breadcrumb"},"inLanguage":"sv-SE","potentialAction":[{"@type":"ReadAction","target":["https:\/\/truusk.store\/sv\/produkt\/truusk-agility-ovningsset-slalom-hack-tunnel-hundsport-traningsomrade-pepolyester-blagul\/"]}]},{"@type":"ImageObject","inLanguage":"sv-SE","@id":"https:\/\/truusk.store\/sv\/produkt\/truusk-agility-ovningsset-slalom-hack-tunnel-hundsport-traningsomrade-pepolyester-blagul\/#primaryimage","url":"https:\/\/i0.wp.com\/truusk.store\/wp-content\/uploads\/2024\/02\/agility-ovningsset-slalom-hack-tunnel-hundsport-traningsomrade-pepolyester-blagul.webp?fit=800%2C800&ssl=1","contentUrl":"https:\/\/i0.wp.com\/truusk.store\/wp-content\/uploads\/2024\/02\/agility-ovningsset-slalom-hack-tunnel-hundsport-traningsomrade-pepolyester-blagul.webp?fit=800%2C800&ssl=1","width":800,"height":800,"caption":"Agility \u00f6vningsset Slalom H\u00e4ck Tunnel Hundsport Tr\u00e4ningsomr\u00e5de PE+polyester Bl\u00e5+gul 1"},{"@type":"BreadcrumbList","@id":"https:\/\/truusk.store\/sv\/produkt\/truusk-agility-ovningsset-slalom-hack-tunnel-hundsport-traningsomrade-pepolyester-blagul\/#breadcrumb","itemListElement":[{"@type":"ListItem","position":1,"name":"Home","item":"https:\/\/truusk.store\/sv\/"},{"@type":"ListItem","position":2,"name":"Shop","item":"https:\/\/truusk.store\/shop\/"},{"@type":"ListItem","position":3,"name":"TRUUSK Agility \u00f6vningsset &#8211; Slalom, H\u00e4ck, Tunnel &#8211; Hundsport Tr\u00e4ningsomr\u00e5de &#8211; PE+polyester &#8211; Bl\u00e5+gul"}]},{"@type":"WebSite","@id":"https:\/\/truusk.store\/sv\/#website","url":"https:\/\/truusk.store\/sv\/","name":"TRUUSK - Hem, Tr\u00e4dg\u00e5rd & Fritid","description":"","publisher":{"@id":"https:\/\/truusk.store\/sv\/#organization"},"potentialAction":[{"@type":"SearchAction","target":{"@type":"EntryPoint","urlTemplate":"https:\/\/truusk.store\/sv\/?s={search_term_string}"},"query-input":{"@type":"PropertyValueSpecification","valueRequired":true,"valueName":"search_term_string"}}],"inLanguage":"sv-SE"},{"@type":"Organization","@id":"https:\/\/truusk.store\/sv\/#organization","name":"TRUUSK - Hem, Tr\u00e4dg\u00e5rd & Fritid","url":"https:\/\/truusk.store\/sv\/","logo":{"@type":"ImageObject","inLanguage":"sv-SE","@id":"https:\/\/truusk.store\/sv\/#\/schema\/logo\/image\/","url":"https:\/\/i0.wp.com\/truusk.store\/wp-content\/uploads\/2026\/03\/cropped-TRUUSK.png?fit=2032%2C917&ssl=1","contentUrl":"https:\/\/i0.wp.com\/truusk.store\/wp-content\/uploads\/2026\/03\/cropped-TRUUSK.png?fit=2032%2C917&ssl=1","width":2032,"height":917,"caption":"TRUUSK - Hem, Tr\u00e4dg\u00e5rd & Fritid"},"image":{"@id":"https:\/\/truusk.store\/sv\/#\/schema\/logo\/image\/"}}]}},"jetpack_sharing_enabled":true,"_links":{"self":[{"href":"https:\/\/truusk.store\/sv\/wp-json\/wp\/v2\/product\/22984","targetHints":{"allow":["GET"]}}],"collection":[{"href":"https:\/\/truusk.store\/sv\/wp-json\/wp\/v2\/product"}],"about":[{"href":"https:\/\/truusk.store\/sv\/wp-json\/wp\/v2\/types\/product"}],"wp:featuredmedia":[{"embeddable":true,"href":"https:\/\/truusk.store\/sv\/wp-json\/wp\/v2\/media\/22985"}],"wp:attachment":[{"href":"https:\/\/truusk.store\/sv\/wp-json\/wp\/v2\/media?parent=22984"}],"wp:term":[{"taxonomy":"product_brand","embeddable":true,"href":"https:\/\/truusk.store\/sv\/wp-json\/wp\/v2\/product_brand?post=22984"},{"taxonomy":"product_cat","embeddable":true,"href":"https:\/\/truusk.store\/sv\/wp-json\/wp\/v2\/product_cat?post=22984"},{"taxonomy":"product_tag","embeddable":true,"href":"https:\/\/truusk.store\/sv\/wp-json\/wp\/v2\/product_tag?post=22984"}],"curies":[{"name":"wp","href":"https:\/\/api.w.org\/{rel}","templated":true}]}}