{"id":22994,"date":"2024-02-13T16:40:40","date_gmt":"2024-02-13T15:40:40","guid":{"rendered":"https:\/\/truusk.store\/product\/ersattningstak-for-tradgardspaviljonger-3x4m-polyesterkaffe-2\/"},"modified":"2026-03-12T09:04:27","modified_gmt":"2026-03-12T08:04:27","slug":"truusk-ersattningstak-for-tradgardspaviljonger-3x4m-polyester-kaffe-uv-skydd-vattenavvisande-enkel-att-montera","status":"publish","type":"product","link":"https:\/\/truusk.store\/sv\/produkt\/truusk-ersattningstak-for-tradgardspaviljonger-3x4m-polyester-kaffe-uv-skydd-vattenavvisande-enkel-att-montera\/","title":{"rendered":"TRUUSK Ers\u00e4ttningstak F\u00f6r Tr\u00e4dg\u00e5rdspaviljonger 3x4m &#8211; Polyester &#8211; Kaffe &#8211; UV-skydd &#8211; Vattenavvisande &#8211; Enkel att montera"},"content":{"rendered":"<p>F\u00f6rvandla ditt lusthus till en v\u00e4derbest\u00e4ndig, bekv\u00e4m plats att koppla av med detta fantastiska ers\u00e4ttningstak. Bo i tr\u00e4dg\u00e5rden med familj och v\u00e4nner, s\u00e4kert skyddad fr\u00e5n sol och regn. Tillverkat av s\u00e4kra och h\u00e5llbara material, kommer detta ers\u00e4ttningstak att tj\u00e4na dig under l\u00e5ng tid och tillf\u00f6rlitligt, s\u00e5 att du fortfarande kan anv\u00e4nda ditt befintliga lusthus ofta.<\/p>\n<h3>Beskrivning:<\/h3>\n<ul>\n<li>L\u00e4mplig f\u00f6r tr\u00e4dg\u00e5rdspaviljongen med en yta p\u00e5 4 x 3 m<\/li>\n<li>Ger skugga, skyddar effektivt mot \u00f6verdrivet solljus<\/li>\n<li>Stabilt, fast monterat tak<\/li>\n<li>Polyestertyg med PA 180g\/m bel\u00e4ggning<\/li>\n<li>Robust och h\u00e5llbart material<\/li>\n<\/ul>\n<h3>Teknisk data:<\/h3>\n<ul>\n<li>Material: 180g\/m polyester<\/li>\n<li>F\u00e4rg: rostr\u00f6d<\/li>\n<li>\u00d6vergripande m\u00e5tt: F\u00f6r paviljong 3 x 4 m<\/li>\n<li>Volang: 20 cm<\/li>\n<\/ul>\n<h3>Leveransens omfattning:<\/h3>\n<ul>\n<li>1 x ers\u00e4ttningstak f\u00f6r tr\u00e4dg\u00e5rdspaviljong;<\/li>\n<\/ul>\n","protected":false},"excerpt":{"rendered":"<p>F\u00f6rvandla ditt lusthus till en v\u00e4derbest\u00e4ndig, bekv\u00e4m plats att koppla av med detta fantastiska ers\u00e4ttningstak. Bo i tr\u00e4dg\u00e5rden med familj&#8230;<\/p>\n","protected":false},"featured_media":22995,"template":"","meta":[],"product_brand":[],"product_cat":[479,435,476],"product_tag":[],"class_list":{"0":"post-22994","1":"product","2":"type-product","3":"status-publish","4":"has-post-thumbnail","6":"product_cat-paviljongtak","7":"product_cat-tradgard-och-terrass","8":"product_cat-tradgardspaviljonger","10":"first","11":"instock","12":"sale","13":"taxable","14":"shipping-taxable","15":"purchasable","16":"product-type-simple"},"yoast_head":"<!-- This site is optimized with the Yoast SEO plugin v25.4 - https:\/\/yoast.com\/wordpress\/plugins\/seo\/ -->\n<title>TRUUSK Ers\u00e4ttningstak F\u00f6r Tr\u00e4dg\u00e5rdspaviljonger 3x4m - Polyester - Kaffe - UV-skydd - Vattenavvisande - Enkel att montera - TRUUSK - Hem, Tr\u00e4dg\u00e5rd &amp; Fritid<\/title>\n<meta name=\"robots\" content=\"index, follow, max-snippet:-1, max-image-preview:large, max-video-preview:-1\" \/>\n<link rel=\"canonical\" href=\"https:\/\/truusk.store\/sv\/produkt\/truusk-ersattningstak-for-tradgardspaviljonger-3x4m-polyester-kaffe-uv-skydd-vattenavvisande-enkel-att-montera\/\" \/>\n<meta property=\"og:locale\" content=\"sv_SE\" \/>\n<meta property=\"og:type\" content=\"article\" \/>\n<meta property=\"og:title\" content=\"TRUUSK Ers\u00e4ttningstak F\u00f6r Tr\u00e4dg\u00e5rdspaviljonger 3x4m - Polyester - Kaffe - UV-skydd - Vattenavvisande - Enkel att montera - TRUUSK - Hem, Tr\u00e4dg\u00e5rd &amp; Fritid\" \/>\n<meta property=\"og:description\" content=\"F\u00f6rvandla ditt lusthus till en v\u00e4derbest\u00e4ndig, bekv\u00e4m plats att koppla av med detta fantastiska ers\u00e4ttningstak. Bo i tr\u00e4dg\u00e5rden med familj...\" \/>\n<meta property=\"og:url\" content=\"https:\/\/truusk.store\/sv\/produkt\/truusk-ersattningstak-for-tradgardspaviljonger-3x4m-polyester-kaffe-uv-skydd-vattenavvisande-enkel-att-montera\/\" \/>\n<meta property=\"og:site_name\" content=\"TRUUSK - Hem, Tr\u00e4dg\u00e5rd &amp; Fritid\" \/>\n<meta property=\"article:modified_time\" content=\"2026-03-12T08:04:27+00:00\" \/>\n<meta property=\"og:image\" content=\"https:\/\/i0.wp.com\/truusk.se\/wp-content\/uploads\/2024\/02\/ersattningstak-for-tradgardspaviljonger-3x4m-polyesterkaffe-8.webp?fit=800%2C800&ssl=1\" \/>\n\t<meta property=\"og:image:width\" content=\"800\" \/>\n\t<meta property=\"og:image:height\" content=\"800\" \/>\n\t<meta property=\"og:image:type\" content=\"image\/webp\" \/>\n<meta name=\"twitter:card\" content=\"summary_large_image\" \/>\n<meta name=\"twitter:label1\" content=\"Ber\u00e4knad l\u00e4stid\" \/>\n\t<meta name=\"twitter:data1\" content=\"1 minut\" \/>\n<!-- \/ Yoast SEO plugin. -->","yoast_head_json":{"title":"TRUUSK Ers\u00e4ttningstak F\u00f6r Tr\u00e4dg\u00e5rdspaviljonger 3x4m - Polyester - Kaffe - UV-skydd - Vattenavvisande - Enkel att montera - TRUUSK - Hem, Tr\u00e4dg\u00e5rd &amp; Fritid","robots":{"index":"index","follow":"follow","max-snippet":"max-snippet:-1","max-image-preview":"max-image-preview:large","max-video-preview":"max-video-preview:-1"},"canonical":"https:\/\/truusk.store\/sv\/produkt\/truusk-ersattningstak-for-tradgardspaviljonger-3x4m-polyester-kaffe-uv-skydd-vattenavvisande-enkel-att-montera\/","og_locale":"sv_SE","og_type":"article","og_title":"TRUUSK Ers\u00e4ttningstak F\u00f6r Tr\u00e4dg\u00e5rdspaviljonger 3x4m - Polyester - Kaffe - UV-skydd - Vattenavvisande - Enkel att montera - TRUUSK - Hem, Tr\u00e4dg\u00e5rd &amp; Fritid","og_description":"F\u00f6rvandla ditt lusthus till en v\u00e4derbest\u00e4ndig, bekv\u00e4m plats att koppla av med detta fantastiska ers\u00e4ttningstak. Bo i tr\u00e4dg\u00e5rden med familj...","og_url":"https:\/\/truusk.store\/sv\/produkt\/truusk-ersattningstak-for-tradgardspaviljonger-3x4m-polyester-kaffe-uv-skydd-vattenavvisande-enkel-att-montera\/","og_site_name":"TRUUSK - Hem, Tr\u00e4dg\u00e5rd &amp; Fritid","article_modified_time":"2026-03-12T08:04:27+00:00","og_image":[{"width":800,"height":800,"url":"https:\/\/i0.wp.com\/truusk.se\/wp-content\/uploads\/2024\/02\/ersattningstak-for-tradgardspaviljonger-3x4m-polyesterkaffe-8.webp?fit=800%2C800&ssl=1","type":"image\/webp"}],"twitter_card":"summary_large_image","twitter_misc":{"Ber\u00e4knad l\u00e4stid":"1 minut"},"schema":{"@context":"https:\/\/schema.org","@graph":[{"@type":"WebPage","@id":"https:\/\/truusk.store\/sv\/produkt\/truusk-ersattningstak-for-tradgardspaviljonger-3x4m-polyester-kaffe-uv-skydd-vattenavvisande-enkel-att-montera\/","url":"https:\/\/truusk.store\/sv\/produkt\/truusk-ersattningstak-for-tradgardspaviljonger-3x4m-polyester-kaffe-uv-skydd-vattenavvisande-enkel-att-montera\/","name":"TRUUSK Ers\u00e4ttningstak F\u00f6r Tr\u00e4dg\u00e5rdspaviljonger 3x4m - Polyester - Kaffe - UV-skydd - Vattenavvisande - Enkel att montera - TRUUSK - Hem, Tr\u00e4dg\u00e5rd &amp; Fritid","isPartOf":{"@id":"https:\/\/truusk.store\/sv\/#website"},"primaryImageOfPage":{"@id":"https:\/\/truusk.store\/sv\/produkt\/truusk-ersattningstak-for-tradgardspaviljonger-3x4m-polyester-kaffe-uv-skydd-vattenavvisande-enkel-att-montera\/#primaryimage"},"image":{"@id":"https:\/\/truusk.store\/sv\/produkt\/truusk-ersattningstak-for-tradgardspaviljonger-3x4m-polyester-kaffe-uv-skydd-vattenavvisande-enkel-att-montera\/#primaryimage"},"thumbnailUrl":"https:\/\/i0.wp.com\/truusk.store\/wp-content\/uploads\/2024\/02\/ersattningstak-for-tradgardspaviljonger-3x4m-polyesterkaffe-8.webp?fit=800%2C800&ssl=1","datePublished":"2024-02-13T15:40:40+00:00","dateModified":"2026-03-12T08:04:27+00:00","breadcrumb":{"@id":"https:\/\/truusk.store\/sv\/produkt\/truusk-ersattningstak-for-tradgardspaviljonger-3x4m-polyester-kaffe-uv-skydd-vattenavvisande-enkel-att-montera\/#breadcrumb"},"inLanguage":"sv-SE","potentialAction":[{"@type":"ReadAction","target":["https:\/\/truusk.store\/sv\/produkt\/truusk-ersattningstak-for-tradgardspaviljonger-3x4m-polyester-kaffe-uv-skydd-vattenavvisande-enkel-att-montera\/"]}]},{"@type":"ImageObject","inLanguage":"sv-SE","@id":"https:\/\/truusk.store\/sv\/produkt\/truusk-ersattningstak-for-tradgardspaviljonger-3x4m-polyester-kaffe-uv-skydd-vattenavvisande-enkel-att-montera\/#primaryimage","url":"https:\/\/i0.wp.com\/truusk.store\/wp-content\/uploads\/2024\/02\/ersattningstak-for-tradgardspaviljonger-3x4m-polyesterkaffe-8.webp?fit=800%2C800&ssl=1","contentUrl":"https:\/\/i0.wp.com\/truusk.store\/wp-content\/uploads\/2024\/02\/ersattningstak-for-tradgardspaviljonger-3x4m-polyesterkaffe-8.webp?fit=800%2C800&ssl=1","width":800,"height":800,"caption":"Ers\u00e4ttningstak F\u00f6r Tr\u00e4dg\u00e5rdspaviljonger 3x4m Polyesterkaffe 1"},{"@type":"BreadcrumbList","@id":"https:\/\/truusk.store\/sv\/produkt\/truusk-ersattningstak-for-tradgardspaviljonger-3x4m-polyester-kaffe-uv-skydd-vattenavvisande-enkel-att-montera\/#breadcrumb","itemListElement":[{"@type":"ListItem","position":1,"name":"Home","item":"https:\/\/truusk.store\/sv\/"},{"@type":"ListItem","position":2,"name":"Shop","item":"https:\/\/truusk.store\/shop\/"},{"@type":"ListItem","position":3,"name":"TRUUSK Ers\u00e4ttningstak F\u00f6r Tr\u00e4dg\u00e5rdspaviljonger 3x4m &#8211; Polyester &#8211; Kaffe &#8211; UV-skydd &#8211; Vattenavvisande &#8211; Enkel att montera"}]},{"@type":"WebSite","@id":"https:\/\/truusk.store\/sv\/#website","url":"https:\/\/truusk.store\/sv\/","name":"TRUUSK - Hem, Tr\u00e4dg\u00e5rd & Fritid","description":"","publisher":{"@id":"https:\/\/truusk.store\/sv\/#organization"},"potentialAction":[{"@type":"SearchAction","target":{"@type":"EntryPoint","urlTemplate":"https:\/\/truusk.store\/sv\/?s={search_term_string}"},"query-input":{"@type":"PropertyValueSpecification","valueRequired":true,"valueName":"search_term_string"}}],"inLanguage":"sv-SE"},{"@type":"Organization","@id":"https:\/\/truusk.store\/sv\/#organization","name":"TRUUSK - Hem, Tr\u00e4dg\u00e5rd & Fritid","url":"https:\/\/truusk.store\/sv\/","logo":{"@type":"ImageObject","inLanguage":"sv-SE","@id":"https:\/\/truusk.store\/sv\/#\/schema\/logo\/image\/","url":"https:\/\/i0.wp.com\/truusk.store\/wp-content\/uploads\/2026\/03\/cropped-TRUUSK.png?fit=2032%2C917&ssl=1","contentUrl":"https:\/\/i0.wp.com\/truusk.store\/wp-content\/uploads\/2026\/03\/cropped-TRUUSK.png?fit=2032%2C917&ssl=1","width":2032,"height":917,"caption":"TRUUSK - Hem, Tr\u00e4dg\u00e5rd & Fritid"},"image":{"@id":"https:\/\/truusk.store\/sv\/#\/schema\/logo\/image\/"}}]}},"jetpack_sharing_enabled":true,"_links":{"self":[{"href":"https:\/\/truusk.store\/sv\/wp-json\/wp\/v2\/product\/22994","targetHints":{"allow":["GET"]}}],"collection":[{"href":"https:\/\/truusk.store\/sv\/wp-json\/wp\/v2\/product"}],"about":[{"href":"https:\/\/truusk.store\/sv\/wp-json\/wp\/v2\/types\/product"}],"wp:featuredmedia":[{"embeddable":true,"href":"https:\/\/truusk.store\/sv\/wp-json\/wp\/v2\/media\/22995"}],"wp:attachment":[{"href":"https:\/\/truusk.store\/sv\/wp-json\/wp\/v2\/media?parent=22994"}],"wp:term":[{"taxonomy":"product_brand","embeddable":true,"href":"https:\/\/truusk.store\/sv\/wp-json\/wp\/v2\/product_brand?post=22994"},{"taxonomy":"product_cat","embeddable":true,"href":"https:\/\/truusk.store\/sv\/wp-json\/wp\/v2\/product_cat?post=22994"},{"taxonomy":"product_tag","embeddable":true,"href":"https:\/\/truusk.store\/sv\/wp-json\/wp\/v2\/product_tag?post=22994"}],"curies":[{"name":"wp","href":"https:\/\/api.w.org\/{rel}","templated":true}]}}