{"id":23107,"date":"2024-02-13T16:44:06","date_gmt":"2024-02-13T15:44:06","guid":{"rendered":"https:\/\/truusk.store\/product\/parasoll-tra-300-cm-tra-paraply-tradgard-paraply-balkong-paraply-bambu-bla\/"},"modified":"2026-03-12T09:04:28","modified_gmt":"2026-03-12T08:04:28","slug":"truusk-traparaply-300-cm-bla-for-tradgard-och-balkong-bambu-hallbar-stilren","status":"publish","type":"product","link":"https:\/\/truusk.store\/sv\/produkt\/truusk-traparaply-300-cm-bla-for-tradgard-och-balkong-bambu-hallbar-stilren\/","title":{"rendered":"TRUUSK Tr\u00e4paraply 300 cm &#8211; Bl\u00e5 &#8211; F\u00f6r tr\u00e4dg\u00e5rd och balkong &#8211; Bambu &#8211; H\u00e5llbar &#8211; Stilren"},"content":{"rendered":"<p>Ett h\u00f6gkvalitativt parasoll f\u00f6r sommaren. Den kan anv\u00e4ndas p\u00e5 ett s\u00e4rskilt m\u00e5ngsidigt s\u00e4tt &#8211; oavsett om det \u00e4r p\u00e5 din terrass, din balkong eller p\u00e5 en fest. Tack vare sina dimensioner \u00e4r den \u00e4ven l\u00e4mplig f\u00f6r anv\u00e4ndning i st\u00f6rre anl\u00e4ggningar. St\u00f6dbenen \u00e4r gjorda av robust och l\u00e4tt bambu. Tack vare den smidigt l\u00f6pande remskivan kan ditt tr\u00e4dg\u00e5rdsparaply l\u00e4tt \u00f6ppnas och st\u00e4ngas. Sommaren kan komma!<\/p>\n<h3>Beskrivning:<\/h3>\n<ul>\n<li>Slitstarkt material: vattenavvisande och UV-best\u00e4ndigt, inte vattent\u00e4tt (\u00f6verdrag kan tas av och tv\u00e4ttas vid behov &#8211; handtv\u00e4tt)<\/li>\n<li>Den 2-delade masten \u00e4r gjord av 38 mm tjockt grantr\u00e4, \u00e4r m\u00e5lad i en naturlig f\u00e4rg och \u00e4r v\u00e4derbest\u00e4ndig<\/li>\n<li>8 st bambustag s\u00e4kerst\u00e4ller h\u00f6g stabilitet<\/li>\n<li>Paraplylutningen kan justeras till 3 olika l\u00e4gen, den idealiska skuggan f\u00f6r balkonger, tr\u00e4dg\u00e5rdar och terrasser<\/li>\n<li>Med en sl\u00e4t remskiva f\u00f6r enkel \u00f6ppning och st\u00e4ngning<\/li>\n<li>Observera: Bord, stativ och paraplystativ ing\u00e5r inte<\/li>\n<\/ul>\n<h3>Teknisk data:<\/h3>\n<ul>\n<li>Material: bambu, polyester, poppeltr\u00e4<\/li>\n<li>F\u00e4rg bl\u00e5<\/li>\n<li>Totalm\u00e5tt: 300 x H250 cm<\/li>\n<li>R\u00f6rdiameter: 38mm<\/li>\n<\/ul>\n<h3>Leveransens omfattning:<\/h3>\n<ul>\n<li>1 x parasoll;<\/li>\n<\/ul>\n","protected":false},"excerpt":{"rendered":"<p>Ett h\u00f6gkvalitativt parasoll f\u00f6r sommaren. Den kan anv\u00e4ndas p\u00e5 ett s\u00e4rskilt m\u00e5ngsidigt s\u00e4tt &#8211; oavsett om det \u00e4r p\u00e5 din&#8230;<\/p>\n","protected":false},"featured_media":23108,"template":"","meta":[],"product_brand":[],"product_cat":[472,471,435],"product_tag":[],"class_list":{"0":"post-23107","1":"product","2":"type-product","3":"status-publish","4":"has-post-thumbnail","6":"product_cat-parasoller","7":"product_cat-solskydd-integritetsskydd","8":"product_cat-tradgard-och-terrass","10":"first","11":"instock","12":"sale","13":"taxable","14":"shipping-taxable","15":"purchasable","16":"product-type-simple"},"yoast_head":"<!-- This site is optimized with the Yoast SEO plugin v25.4 - https:\/\/yoast.com\/wordpress\/plugins\/seo\/ -->\n<title>TRUUSK Tr\u00e4paraply 300 cm - Bl\u00e5 - F\u00f6r tr\u00e4dg\u00e5rd och balkong - Bambu - H\u00e5llbar - Stilren - TRUUSK - Hem, Tr\u00e4dg\u00e5rd &amp; Fritid<\/title>\n<meta name=\"robots\" content=\"index, follow, max-snippet:-1, max-image-preview:large, max-video-preview:-1\" \/>\n<link rel=\"canonical\" href=\"https:\/\/truusk.store\/sv\/produkt\/truusk-traparaply-300-cm-bla-for-tradgard-och-balkong-bambu-hallbar-stilren\/\" \/>\n<meta property=\"og:locale\" content=\"sv_SE\" \/>\n<meta property=\"og:type\" content=\"article\" \/>\n<meta property=\"og:title\" content=\"TRUUSK Tr\u00e4paraply 300 cm - Bl\u00e5 - F\u00f6r tr\u00e4dg\u00e5rd och balkong - Bambu - H\u00e5llbar - Stilren - TRUUSK - Hem, Tr\u00e4dg\u00e5rd &amp; Fritid\" \/>\n<meta property=\"og:description\" content=\"Ett h\u00f6gkvalitativt parasoll f\u00f6r sommaren. Den kan anv\u00e4ndas p\u00e5 ett s\u00e4rskilt m\u00e5ngsidigt s\u00e4tt &#8211; oavsett om det \u00e4r p\u00e5 din...\" \/>\n<meta property=\"og:url\" content=\"https:\/\/truusk.store\/sv\/produkt\/truusk-traparaply-300-cm-bla-for-tradgard-och-balkong-bambu-hallbar-stilren\/\" \/>\n<meta property=\"og:site_name\" content=\"TRUUSK - Hem, Tr\u00e4dg\u00e5rd &amp; Fritid\" \/>\n<meta property=\"article:modified_time\" content=\"2026-03-12T08:04:28+00:00\" \/>\n<meta property=\"og:image\" content=\"https:\/\/i0.wp.com\/truusk.se\/wp-content\/uploads\/2024\/02\/parasoll-tra-300-cm-tra-paraply-tradgard-paraply-balkong-paraply-bambu-bla.webp?fit=800%2C800&ssl=1\" \/>\n\t<meta property=\"og:image:width\" content=\"800\" \/>\n\t<meta property=\"og:image:height\" content=\"800\" \/>\n\t<meta property=\"og:image:type\" content=\"image\/webp\" \/>\n<meta name=\"twitter:card\" content=\"summary_large_image\" \/>\n<meta name=\"twitter:label1\" content=\"Ber\u00e4knad l\u00e4stid\" \/>\n\t<meta name=\"twitter:data1\" content=\"1 minut\" \/>\n<!-- \/ Yoast SEO plugin. -->","yoast_head_json":{"title":"TRUUSK Tr\u00e4paraply 300 cm - Bl\u00e5 - F\u00f6r tr\u00e4dg\u00e5rd och balkong - Bambu - H\u00e5llbar - Stilren - TRUUSK - Hem, Tr\u00e4dg\u00e5rd &amp; Fritid","robots":{"index":"index","follow":"follow","max-snippet":"max-snippet:-1","max-image-preview":"max-image-preview:large","max-video-preview":"max-video-preview:-1"},"canonical":"https:\/\/truusk.store\/sv\/produkt\/truusk-traparaply-300-cm-bla-for-tradgard-och-balkong-bambu-hallbar-stilren\/","og_locale":"sv_SE","og_type":"article","og_title":"TRUUSK Tr\u00e4paraply 300 cm - Bl\u00e5 - F\u00f6r tr\u00e4dg\u00e5rd och balkong - Bambu - H\u00e5llbar - Stilren - TRUUSK - Hem, Tr\u00e4dg\u00e5rd &amp; Fritid","og_description":"Ett h\u00f6gkvalitativt parasoll f\u00f6r sommaren. Den kan anv\u00e4ndas p\u00e5 ett s\u00e4rskilt m\u00e5ngsidigt s\u00e4tt &#8211; oavsett om det \u00e4r p\u00e5 din...","og_url":"https:\/\/truusk.store\/sv\/produkt\/truusk-traparaply-300-cm-bla-for-tradgard-och-balkong-bambu-hallbar-stilren\/","og_site_name":"TRUUSK - Hem, Tr\u00e4dg\u00e5rd &amp; Fritid","article_modified_time":"2026-03-12T08:04:28+00:00","og_image":[{"width":800,"height":800,"url":"https:\/\/i0.wp.com\/truusk.se\/wp-content\/uploads\/2024\/02\/parasoll-tra-300-cm-tra-paraply-tradgard-paraply-balkong-paraply-bambu-bla.webp?fit=800%2C800&ssl=1","type":"image\/webp"}],"twitter_card":"summary_large_image","twitter_misc":{"Ber\u00e4knad l\u00e4stid":"1 minut"},"schema":{"@context":"https:\/\/schema.org","@graph":[{"@type":"WebPage","@id":"https:\/\/truusk.store\/sv\/produkt\/truusk-traparaply-300-cm-bla-for-tradgard-och-balkong-bambu-hallbar-stilren\/","url":"https:\/\/truusk.store\/sv\/produkt\/truusk-traparaply-300-cm-bla-for-tradgard-och-balkong-bambu-hallbar-stilren\/","name":"TRUUSK Tr\u00e4paraply 300 cm - Bl\u00e5 - F\u00f6r tr\u00e4dg\u00e5rd och balkong - Bambu - H\u00e5llbar - Stilren - TRUUSK - Hem, Tr\u00e4dg\u00e5rd &amp; Fritid","isPartOf":{"@id":"https:\/\/truusk.store\/sv\/#website"},"primaryImageOfPage":{"@id":"https:\/\/truusk.store\/sv\/produkt\/truusk-traparaply-300-cm-bla-for-tradgard-och-balkong-bambu-hallbar-stilren\/#primaryimage"},"image":{"@id":"https:\/\/truusk.store\/sv\/produkt\/truusk-traparaply-300-cm-bla-for-tradgard-och-balkong-bambu-hallbar-stilren\/#primaryimage"},"thumbnailUrl":"https:\/\/i0.wp.com\/truusk.store\/wp-content\/uploads\/2024\/02\/parasoll-tra-300-cm-tra-paraply-tradgard-paraply-balkong-paraply-bambu-bla.webp?fit=800%2C800&ssl=1","datePublished":"2024-02-13T15:44:06+00:00","dateModified":"2026-03-12T08:04:28+00:00","breadcrumb":{"@id":"https:\/\/truusk.store\/sv\/produkt\/truusk-traparaply-300-cm-bla-for-tradgard-och-balkong-bambu-hallbar-stilren\/#breadcrumb"},"inLanguage":"sv-SE","potentialAction":[{"@type":"ReadAction","target":["https:\/\/truusk.store\/sv\/produkt\/truusk-traparaply-300-cm-bla-for-tradgard-och-balkong-bambu-hallbar-stilren\/"]}]},{"@type":"ImageObject","inLanguage":"sv-SE","@id":"https:\/\/truusk.store\/sv\/produkt\/truusk-traparaply-300-cm-bla-for-tradgard-och-balkong-bambu-hallbar-stilren\/#primaryimage","url":"https:\/\/i0.wp.com\/truusk.store\/wp-content\/uploads\/2024\/02\/parasoll-tra-300-cm-tra-paraply-tradgard-paraply-balkong-paraply-bambu-bla.webp?fit=800%2C800&ssl=1","contentUrl":"https:\/\/i0.wp.com\/truusk.store\/wp-content\/uploads\/2024\/02\/parasoll-tra-300-cm-tra-paraply-tradgard-paraply-balkong-paraply-bambu-bla.webp?fit=800%2C800&ssl=1","width":800,"height":800,"caption":"Parasoll Tr\u00e4 300 Cm Tr\u00e4 Paraply Tr\u00e4dg\u00e5rd Paraply Balkong Paraply Bambu Bl\u00e5 1"},{"@type":"BreadcrumbList","@id":"https:\/\/truusk.store\/sv\/produkt\/truusk-traparaply-300-cm-bla-for-tradgard-och-balkong-bambu-hallbar-stilren\/#breadcrumb","itemListElement":[{"@type":"ListItem","position":1,"name":"Home","item":"https:\/\/truusk.store\/sv\/"},{"@type":"ListItem","position":2,"name":"Shop","item":"https:\/\/truusk.store\/shop\/"},{"@type":"ListItem","position":3,"name":"TRUUSK Tr\u00e4paraply 300 cm &#8211; Bl\u00e5 &#8211; F\u00f6r tr\u00e4dg\u00e5rd och balkong &#8211; Bambu &#8211; H\u00e5llbar &#8211; Stilren"}]},{"@type":"WebSite","@id":"https:\/\/truusk.store\/sv\/#website","url":"https:\/\/truusk.store\/sv\/","name":"TRUUSK - Hem, Tr\u00e4dg\u00e5rd & Fritid","description":"","publisher":{"@id":"https:\/\/truusk.store\/sv\/#organization"},"potentialAction":[{"@type":"SearchAction","target":{"@type":"EntryPoint","urlTemplate":"https:\/\/truusk.store\/sv\/?s={search_term_string}"},"query-input":{"@type":"PropertyValueSpecification","valueRequired":true,"valueName":"search_term_string"}}],"inLanguage":"sv-SE"},{"@type":"Organization","@id":"https:\/\/truusk.store\/sv\/#organization","name":"TRUUSK - Hem, Tr\u00e4dg\u00e5rd & Fritid","url":"https:\/\/truusk.store\/sv\/","logo":{"@type":"ImageObject","inLanguage":"sv-SE","@id":"https:\/\/truusk.store\/sv\/#\/schema\/logo\/image\/","url":"https:\/\/i0.wp.com\/truusk.store\/wp-content\/uploads\/2026\/03\/cropped-TRUUSK.png?fit=2032%2C917&ssl=1","contentUrl":"https:\/\/i0.wp.com\/truusk.store\/wp-content\/uploads\/2026\/03\/cropped-TRUUSK.png?fit=2032%2C917&ssl=1","width":2032,"height":917,"caption":"TRUUSK - Hem, Tr\u00e4dg\u00e5rd & Fritid"},"image":{"@id":"https:\/\/truusk.store\/sv\/#\/schema\/logo\/image\/"}}]}},"jetpack_sharing_enabled":true,"_links":{"self":[{"href":"https:\/\/truusk.store\/sv\/wp-json\/wp\/v2\/product\/23107","targetHints":{"allow":["GET"]}}],"collection":[{"href":"https:\/\/truusk.store\/sv\/wp-json\/wp\/v2\/product"}],"about":[{"href":"https:\/\/truusk.store\/sv\/wp-json\/wp\/v2\/types\/product"}],"wp:featuredmedia":[{"embeddable":true,"href":"https:\/\/truusk.store\/sv\/wp-json\/wp\/v2\/media\/23108"}],"wp:attachment":[{"href":"https:\/\/truusk.store\/sv\/wp-json\/wp\/v2\/media?parent=23107"}],"wp:term":[{"taxonomy":"product_brand","embeddable":true,"href":"https:\/\/truusk.store\/sv\/wp-json\/wp\/v2\/product_brand?post=23107"},{"taxonomy":"product_cat","embeddable":true,"href":"https:\/\/truusk.store\/sv\/wp-json\/wp\/v2\/product_cat?post=23107"},{"taxonomy":"product_tag","embeddable":true,"href":"https:\/\/truusk.store\/sv\/wp-json\/wp\/v2\/product_tag?post=23107"}],"curies":[{"name":"wp","href":"https:\/\/api.w.org\/{rel}","templated":true}]}}