{"id":23126,"date":"2024-02-13T16:44:37","date_gmt":"2024-02-13T15:44:37","guid":{"rendered":"https:\/\/truusk.store\/product\/4-x-22-kg-vikter-for-paviljong-oltalt-stapelbar-cementkarna-20-x-45-cm-svart\/"},"modified":"2026-03-12T09:04:28","modified_gmt":"2026-03-12T08:04:28","slug":"truusk-vikter-for-paviljong-stapelbara-cementkarna-20x45-cm-svart-4-st-22-kg","status":"publish","type":"product","link":"https:\/\/truusk.store\/sv\/produkt\/truusk-vikter-for-paviljong-stapelbara-cementkarna-20x45-cm-svart-4-st-22-kg\/","title":{"rendered":"TRUUSK Vikter f\u00f6r Paviljong &#8211; Stapelbara &#8211; Cementk\u00e4rna &#8211; 20&#215;4,5 cm &#8211; Svart &#8211; 4 st &#8211; 2,2 kg"},"content":{"rendered":"<p>V\u00e5ra 4 x 2,2 kg extra cementvikter s\u00e4kerst\u00e4ller att t\u00e4lt och paviljonger \u00e4r s\u00e4kert f\u00e4sta p\u00e5 betong eller asfalt. Vikterna \u00e4r staplingsbara f\u00f6r att individuellt anpassa vikten efter behov.<\/p>\n<h3>Beskrivning:<\/h3>\n<ul>\n<li>Extra vikter av cement med plasth\u00f6lje<\/li>\n<li>L\u00e4mplig f\u00f6r 20 x 20 mm till 30 x 30 mm st\u00e4nger<\/li>\n<li>Stapelbar f\u00f6r att justera vikten efter behov<\/li>\n<li>Mer stabilitet och l\u00e4tt att montera<\/li>\n<\/ul>\n<h3>Teknisk data:<\/h3>\n<ul>\n<li>Totalm\u00e5tt: 20 x 4,5 cm<\/li>\n<li>Mitth\u00e5l: 11,5 x 3,2 cm (L x B)<\/li>\n<li>Vikt: 4 x 2,2 kg<\/li>\n<li>Svart f\u00e4rg<\/li>\n<\/ul>\n<h3>Leveransens omfattning:<\/h3>\n<ul>\n<li>4 x 2,2 kg vikter f\u00f6r paviljong<\/li>\n<\/ul>\n","protected":false},"excerpt":{"rendered":"<p>V\u00e5ra 4 x 2,2 kg extra cementvikter s\u00e4kerst\u00e4ller att t\u00e4lt och paviljonger \u00e4r s\u00e4kert f\u00e4sta p\u00e5 betong eller asfalt. Vikterna&#8230;<\/p>\n","protected":false},"featured_media":23127,"template":"","meta":[],"product_brand":[],"product_cat":[477,435,476],"product_tag":[],"class_list":{"0":"post-23126","1":"product","2":"type-product","3":"status-publish","4":"has-post-thumbnail","6":"product_cat-paviljonger-partytalt","7":"product_cat-tradgard-och-terrass","8":"product_cat-tradgardspaviljonger","10":"first","11":"instock","12":"sale","13":"taxable","14":"shipping-taxable","15":"purchasable","16":"product-type-simple"},"yoast_head":"<!-- This site is optimized with the Yoast SEO plugin v25.4 - https:\/\/yoast.com\/wordpress\/plugins\/seo\/ -->\n<title>TRUUSK Vikter f\u00f6r Paviljong - Stapelbara - Cementk\u00e4rna - 20x4,5 cm - Svart - 4 st - 2,2 kg - TRUUSK - Hem, Tr\u00e4dg\u00e5rd &amp; Fritid<\/title>\n<meta name=\"robots\" content=\"index, follow, max-snippet:-1, max-image-preview:large, max-video-preview:-1\" \/>\n<link rel=\"canonical\" href=\"https:\/\/truusk.store\/sv\/produkt\/truusk-vikter-for-paviljong-stapelbara-cementkarna-20x45-cm-svart-4-st-22-kg\/\" \/>\n<meta property=\"og:locale\" content=\"sv_SE\" \/>\n<meta property=\"og:type\" content=\"article\" \/>\n<meta property=\"og:title\" content=\"TRUUSK Vikter f\u00f6r Paviljong - Stapelbara - Cementk\u00e4rna - 20x4,5 cm - Svart - 4 st - 2,2 kg - TRUUSK - Hem, Tr\u00e4dg\u00e5rd &amp; Fritid\" \/>\n<meta property=\"og:description\" content=\"V\u00e5ra 4 x 2,2 kg extra cementvikter s\u00e4kerst\u00e4ller att t\u00e4lt och paviljonger \u00e4r s\u00e4kert f\u00e4sta p\u00e5 betong eller asfalt. Vikterna...\" \/>\n<meta property=\"og:url\" content=\"https:\/\/truusk.store\/sv\/produkt\/truusk-vikter-for-paviljong-stapelbara-cementkarna-20x45-cm-svart-4-st-22-kg\/\" \/>\n<meta property=\"og:site_name\" content=\"TRUUSK - Hem, Tr\u00e4dg\u00e5rd &amp; Fritid\" \/>\n<meta property=\"article:modified_time\" content=\"2026-03-12T08:04:28+00:00\" \/>\n<meta property=\"og:image\" content=\"https:\/\/i0.wp.com\/truusk.se\/wp-content\/uploads\/2024\/02\/4-x-22-kg-vikter-for-paviljong-oltalt-stapelbar-cementkarna-20-x-45-cm-svart.webp?fit=800%2C800&ssl=1\" \/>\n\t<meta property=\"og:image:width\" content=\"800\" \/>\n\t<meta property=\"og:image:height\" content=\"800\" \/>\n\t<meta property=\"og:image:type\" content=\"image\/webp\" \/>\n<meta name=\"twitter:card\" content=\"summary_large_image\" \/>\n<!-- \/ Yoast SEO plugin. -->","yoast_head_json":{"title":"TRUUSK Vikter f\u00f6r Paviljong - Stapelbara - Cementk\u00e4rna - 20x4,5 cm - Svart - 4 st - 2,2 kg - TRUUSK - Hem, Tr\u00e4dg\u00e5rd &amp; Fritid","robots":{"index":"index","follow":"follow","max-snippet":"max-snippet:-1","max-image-preview":"max-image-preview:large","max-video-preview":"max-video-preview:-1"},"canonical":"https:\/\/truusk.store\/sv\/produkt\/truusk-vikter-for-paviljong-stapelbara-cementkarna-20x45-cm-svart-4-st-22-kg\/","og_locale":"sv_SE","og_type":"article","og_title":"TRUUSK Vikter f\u00f6r Paviljong - Stapelbara - Cementk\u00e4rna - 20x4,5 cm - Svart - 4 st - 2,2 kg - TRUUSK - Hem, Tr\u00e4dg\u00e5rd &amp; Fritid","og_description":"V\u00e5ra 4 x 2,2 kg extra cementvikter s\u00e4kerst\u00e4ller att t\u00e4lt och paviljonger \u00e4r s\u00e4kert f\u00e4sta p\u00e5 betong eller asfalt. Vikterna...","og_url":"https:\/\/truusk.store\/sv\/produkt\/truusk-vikter-for-paviljong-stapelbara-cementkarna-20x45-cm-svart-4-st-22-kg\/","og_site_name":"TRUUSK - Hem, Tr\u00e4dg\u00e5rd &amp; Fritid","article_modified_time":"2026-03-12T08:04:28+00:00","og_image":[{"width":800,"height":800,"url":"https:\/\/i0.wp.com\/truusk.se\/wp-content\/uploads\/2024\/02\/4-x-22-kg-vikter-for-paviljong-oltalt-stapelbar-cementkarna-20-x-45-cm-svart.webp?fit=800%2C800&ssl=1","type":"image\/webp"}],"twitter_card":"summary_large_image","schema":{"@context":"https:\/\/schema.org","@graph":[{"@type":"WebPage","@id":"https:\/\/truusk.store\/sv\/produkt\/truusk-vikter-for-paviljong-stapelbara-cementkarna-20x45-cm-svart-4-st-22-kg\/","url":"https:\/\/truusk.store\/sv\/produkt\/truusk-vikter-for-paviljong-stapelbara-cementkarna-20x45-cm-svart-4-st-22-kg\/","name":"TRUUSK Vikter f\u00f6r Paviljong - Stapelbara - Cementk\u00e4rna - 20x4,5 cm - Svart - 4 st - 2,2 kg - TRUUSK - Hem, Tr\u00e4dg\u00e5rd &amp; Fritid","isPartOf":{"@id":"https:\/\/truusk.store\/sv\/#website"},"primaryImageOfPage":{"@id":"https:\/\/truusk.store\/sv\/produkt\/truusk-vikter-for-paviljong-stapelbara-cementkarna-20x45-cm-svart-4-st-22-kg\/#primaryimage"},"image":{"@id":"https:\/\/truusk.store\/sv\/produkt\/truusk-vikter-for-paviljong-stapelbara-cementkarna-20x45-cm-svart-4-st-22-kg\/#primaryimage"},"thumbnailUrl":"https:\/\/i0.wp.com\/truusk.store\/wp-content\/uploads\/2024\/02\/4-x-22-kg-vikter-for-paviljong-oltalt-stapelbar-cementkarna-20-x-45-cm-svart.webp?fit=800%2C800&ssl=1","datePublished":"2024-02-13T15:44:37+00:00","dateModified":"2026-03-12T08:04:28+00:00","breadcrumb":{"@id":"https:\/\/truusk.store\/sv\/produkt\/truusk-vikter-for-paviljong-stapelbara-cementkarna-20x45-cm-svart-4-st-22-kg\/#breadcrumb"},"inLanguage":"sv-SE","potentialAction":[{"@type":"ReadAction","target":["https:\/\/truusk.store\/sv\/produkt\/truusk-vikter-for-paviljong-stapelbara-cementkarna-20x45-cm-svart-4-st-22-kg\/"]}]},{"@type":"ImageObject","inLanguage":"sv-SE","@id":"https:\/\/truusk.store\/sv\/produkt\/truusk-vikter-for-paviljong-stapelbara-cementkarna-20x45-cm-svart-4-st-22-kg\/#primaryimage","url":"https:\/\/i0.wp.com\/truusk.store\/wp-content\/uploads\/2024\/02\/4-x-22-kg-vikter-for-paviljong-oltalt-stapelbar-cementkarna-20-x-45-cm-svart.webp?fit=800%2C800&ssl=1","contentUrl":"https:\/\/i0.wp.com\/truusk.store\/wp-content\/uploads\/2024\/02\/4-x-22-kg-vikter-for-paviljong-oltalt-stapelbar-cementkarna-20-x-45-cm-svart.webp?fit=800%2C800&ssl=1","width":800,"height":800,"caption":"4 X 2,2 Kg Vikter F\u00f6r Paviljong, \u00f6lt\u00e4lt, Stapelbar, Cementk\u00e4rna, 20 X 4,5 Cm, Svart 1"},{"@type":"BreadcrumbList","@id":"https:\/\/truusk.store\/sv\/produkt\/truusk-vikter-for-paviljong-stapelbara-cementkarna-20x45-cm-svart-4-st-22-kg\/#breadcrumb","itemListElement":[{"@type":"ListItem","position":1,"name":"Home","item":"https:\/\/truusk.store\/sv\/"},{"@type":"ListItem","position":2,"name":"Shop","item":"https:\/\/truusk.store\/shop\/"},{"@type":"ListItem","position":3,"name":"TRUUSK Vikter f\u00f6r Paviljong &#8211; Stapelbara &#8211; Cementk\u00e4rna &#8211; 20&#215;4,5 cm &#8211; Svart &#8211; 4 st &#8211; 2,2 kg"}]},{"@type":"WebSite","@id":"https:\/\/truusk.store\/sv\/#website","url":"https:\/\/truusk.store\/sv\/","name":"TRUUSK - Hem, Tr\u00e4dg\u00e5rd & Fritid","description":"","publisher":{"@id":"https:\/\/truusk.store\/sv\/#organization"},"potentialAction":[{"@type":"SearchAction","target":{"@type":"EntryPoint","urlTemplate":"https:\/\/truusk.store\/sv\/?s={search_term_string}"},"query-input":{"@type":"PropertyValueSpecification","valueRequired":true,"valueName":"search_term_string"}}],"inLanguage":"sv-SE"},{"@type":"Organization","@id":"https:\/\/truusk.store\/sv\/#organization","name":"TRUUSK - Hem, Tr\u00e4dg\u00e5rd & Fritid","url":"https:\/\/truusk.store\/sv\/","logo":{"@type":"ImageObject","inLanguage":"sv-SE","@id":"https:\/\/truusk.store\/sv\/#\/schema\/logo\/image\/","url":"https:\/\/i0.wp.com\/truusk.store\/wp-content\/uploads\/2026\/03\/cropped-TRUUSK.png?fit=2032%2C917&ssl=1","contentUrl":"https:\/\/i0.wp.com\/truusk.store\/wp-content\/uploads\/2026\/03\/cropped-TRUUSK.png?fit=2032%2C917&ssl=1","width":2032,"height":917,"caption":"TRUUSK - Hem, Tr\u00e4dg\u00e5rd & Fritid"},"image":{"@id":"https:\/\/truusk.store\/sv\/#\/schema\/logo\/image\/"}}]}},"jetpack_sharing_enabled":true,"_links":{"self":[{"href":"https:\/\/truusk.store\/sv\/wp-json\/wp\/v2\/product\/23126","targetHints":{"allow":["GET"]}}],"collection":[{"href":"https:\/\/truusk.store\/sv\/wp-json\/wp\/v2\/product"}],"about":[{"href":"https:\/\/truusk.store\/sv\/wp-json\/wp\/v2\/types\/product"}],"wp:featuredmedia":[{"embeddable":true,"href":"https:\/\/truusk.store\/sv\/wp-json\/wp\/v2\/media\/23127"}],"wp:attachment":[{"href":"https:\/\/truusk.store\/sv\/wp-json\/wp\/v2\/media?parent=23126"}],"wp:term":[{"taxonomy":"product_brand","embeddable":true,"href":"https:\/\/truusk.store\/sv\/wp-json\/wp\/v2\/product_brand?post=23126"},{"taxonomy":"product_cat","embeddable":true,"href":"https:\/\/truusk.store\/sv\/wp-json\/wp\/v2\/product_cat?post=23126"},{"taxonomy":"product_tag","embeddable":true,"href":"https:\/\/truusk.store\/sv\/wp-json\/wp\/v2\/product_tag?post=23126"}],"curies":[{"name":"wp","href":"https:\/\/api.w.org\/{rel}","templated":true}]}}