{"id":23180,"date":"2024-02-13T16:46:06","date_gmt":"2024-02-13T15:46:06","guid":{"rendered":"https:\/\/truusk.store\/product\/kickback-fotboll-rebounder-mal-rebound-vaggnat-for-fotboll-basket-och-baseboll-stal-pe-gul-svart-184-x-63-x-123-cm\/"},"modified":"2026-03-12T09:04:29","modified_gmt":"2026-03-12T08:04:29","slug":"truusk-fotboll-rebounder-mal-vaggnat-for-fotboll-basket-baseboll-stal-pe-gul-svart-184-x-63-x-123-cm","status":"publish","type":"product","link":"https:\/\/truusk.store\/sv\/produkt\/truusk-fotboll-rebounder-mal-vaggnat-for-fotboll-basket-baseboll-stal-pe-gul-svart-184-x-63-x-123-cm\/","title":{"rendered":"TRUUSK Fotboll Rebounder M\u00e5l &#8211; V\u00e4ggn\u00e4t f\u00f6r fotboll, basket &amp; baseboll &#8211; St\u00e5l + PE &#8211; Gul + Svart &#8211; 184 x 63 x 123 cm"},"content":{"rendered":"<p>Det \u00e4r ett v\u00e4ldesignat rebound-n\u00e4tfotbollsm\u00e5l, mycket l\u00e4mpligt f\u00f6r fotboll, basket och basebolltr\u00e4ning. Precis som din personliga tr\u00e4ningsassistent sparar den tid p\u00e5 att plocka upp bollen och studsar bollen i olika hastigheter och vinklar f\u00f6r att f\u00f6rb\u00e4ttra dina bollkunskaper, smidighet och reaktionshastighet. Olika maskstorlekar garanterar fler spelmetoder och roligt. Ta med den hem och njut av sporten just nu!<\/p>\n<h3>Beskrivning:<\/h3>\n<ul>\n<li>En rebounder f\u00f6r daglig tr\u00e4ning, s\u00e4rskilt l\u00e4mplig f\u00f6r fotboll, basket och baseboll<\/li>\n<li>Kan hj\u00e4lpa till att spara mycket tid f\u00f6r att samla bollen, f\u00f6rb\u00e4ttra dina bollf\u00e4rdigheter, smidighet och reaktionsf\u00f6rm\u00e5ga<\/li>\n<li>St\u00e5lram med pulverlackerad process f\u00f6r l\u00e5ngvarig anv\u00e4ndning<\/li>\n<li>H\u00f6gkvalitativt PE mesh-tyg \u00e4r slitstarkt och kan minska d\u00e4mpningen<\/li>\n<li>4 U-formade markspik anv\u00e4nds f\u00f6r att f\u00e4sta fotbollsm\u00e5let<\/li>\n<li>PE-fotbollsn\u00e4tet h\u00e4ngs av 20 svarta p\u00e4rlknappar<\/li>\n<\/ul>\n<h3>Teknisk data:<\/h3>\n<ul>\n<li>F\u00e4rg: Gul+svart<\/li>\n<li>Material: St\u00e5l (Q195), PE<\/li>\n<li>\u00d6vergripande m\u00e5tt: 184L x 63W x 123H cm<\/li>\n<li>Rebound n\u00e4tstorlek: 165L x 100W cm<\/li>\n<li>Justerbar vinkel: 60-90<\/li>\n<li>Litet n\u00e4t: 4L x 4W cm<\/li>\n<li>Stort meshn\u00e4t: 10L x 10W cm<\/li>\n<li>Nettovikt: 8,6 kg<\/li>\n<\/ul>\n<h3>Leveransens omfattning:<\/h3>\n<ul>\n<li>1 x fotbollsm\u00e5l<\/li>\n<li>4 x U typ spik<\/li>\n<\/ul>\n","protected":false},"excerpt":{"rendered":"<p>Det \u00e4r ett v\u00e4ldesignat rebound-n\u00e4tfotbollsm\u00e5l, mycket l\u00e4mpligt f\u00f6r fotboll, basket och basebolltr\u00e4ning. Precis som din personliga tr\u00e4ningsassistent sparar den tid&#8230;<\/p>\n","protected":false},"featured_media":23181,"template":"","meta":[],"product_brand":[],"product_cat":[669,647],"product_tag":[],"class_list":{"0":"post-23180","1":"product","2":"type-product","3":"status-publish","4":"has-post-thumbnail","6":"product_cat-bollsporter","7":"product_cat-sport-fritid","9":"first","10":"instock","11":"sale","12":"taxable","13":"shipping-taxable","14":"purchasable","15":"product-type-simple"},"yoast_head":"<!-- This site is optimized with the Yoast SEO plugin v25.4 - https:\/\/yoast.com\/wordpress\/plugins\/seo\/ -->\n<title>TRUUSK Fotboll Rebounder M\u00e5l - V\u00e4ggn\u00e4t f\u00f6r fotboll, basket &amp; baseboll - St\u00e5l + PE - Gul + Svart - 184 x 63 x 123 cm - TRUUSK - Hem, Tr\u00e4dg\u00e5rd &amp; Fritid<\/title>\n<meta name=\"robots\" content=\"index, follow, max-snippet:-1, max-image-preview:large, max-video-preview:-1\" \/>\n<link rel=\"canonical\" href=\"https:\/\/truusk.store\/sv\/produkt\/truusk-fotboll-rebounder-mal-vaggnat-for-fotboll-basket-baseboll-stal-pe-gul-svart-184-x-63-x-123-cm\/\" \/>\n<meta property=\"og:locale\" content=\"sv_SE\" \/>\n<meta property=\"og:type\" content=\"article\" \/>\n<meta property=\"og:title\" content=\"TRUUSK Fotboll Rebounder M\u00e5l - V\u00e4ggn\u00e4t f\u00f6r fotboll, basket &amp; baseboll - St\u00e5l + PE - Gul + Svart - 184 x 63 x 123 cm - TRUUSK - Hem, Tr\u00e4dg\u00e5rd &amp; Fritid\" \/>\n<meta property=\"og:description\" content=\"Det \u00e4r ett v\u00e4ldesignat rebound-n\u00e4tfotbollsm\u00e5l, mycket l\u00e4mpligt f\u00f6r fotboll, basket och basebolltr\u00e4ning. Precis som din personliga tr\u00e4ningsassistent sparar den tid...\" \/>\n<meta property=\"og:url\" content=\"https:\/\/truusk.store\/sv\/produkt\/truusk-fotboll-rebounder-mal-vaggnat-for-fotboll-basket-baseboll-stal-pe-gul-svart-184-x-63-x-123-cm\/\" \/>\n<meta property=\"og:site_name\" content=\"TRUUSK - Hem, Tr\u00e4dg\u00e5rd &amp; Fritid\" \/>\n<meta property=\"article:modified_time\" content=\"2026-03-12T08:04:29+00:00\" \/>\n<meta property=\"og:image\" content=\"https:\/\/i0.wp.com\/truusk.se\/wp-content\/uploads\/2024\/02\/kickback-fotboll-rebounder-mal-rebound-vaggnat-for-fotboll-basket-och-baseboll-stal-pe-gul-svart-184-x-63-x-123-cm.webp?fit=800%2C800&ssl=1\" \/>\n\t<meta property=\"og:image:width\" content=\"800\" \/>\n\t<meta property=\"og:image:height\" content=\"800\" \/>\n\t<meta property=\"og:image:type\" content=\"image\/webp\" \/>\n<meta name=\"twitter:card\" content=\"summary_large_image\" \/>\n<meta name=\"twitter:label1\" content=\"Ber\u00e4knad l\u00e4stid\" \/>\n\t<meta name=\"twitter:data1\" content=\"1 minut\" \/>\n<!-- \/ Yoast SEO plugin. -->","yoast_head_json":{"title":"TRUUSK Fotboll Rebounder M\u00e5l - V\u00e4ggn\u00e4t f\u00f6r fotboll, basket &amp; baseboll - St\u00e5l + PE - Gul + Svart - 184 x 63 x 123 cm - TRUUSK - Hem, Tr\u00e4dg\u00e5rd &amp; Fritid","robots":{"index":"index","follow":"follow","max-snippet":"max-snippet:-1","max-image-preview":"max-image-preview:large","max-video-preview":"max-video-preview:-1"},"canonical":"https:\/\/truusk.store\/sv\/produkt\/truusk-fotboll-rebounder-mal-vaggnat-for-fotboll-basket-baseboll-stal-pe-gul-svart-184-x-63-x-123-cm\/","og_locale":"sv_SE","og_type":"article","og_title":"TRUUSK Fotboll Rebounder M\u00e5l - V\u00e4ggn\u00e4t f\u00f6r fotboll, basket &amp; baseboll - St\u00e5l + PE - Gul + Svart - 184 x 63 x 123 cm - TRUUSK - Hem, Tr\u00e4dg\u00e5rd &amp; Fritid","og_description":"Det \u00e4r ett v\u00e4ldesignat rebound-n\u00e4tfotbollsm\u00e5l, mycket l\u00e4mpligt f\u00f6r fotboll, basket och basebolltr\u00e4ning. Precis som din personliga tr\u00e4ningsassistent sparar den tid...","og_url":"https:\/\/truusk.store\/sv\/produkt\/truusk-fotboll-rebounder-mal-vaggnat-for-fotboll-basket-baseboll-stal-pe-gul-svart-184-x-63-x-123-cm\/","og_site_name":"TRUUSK - Hem, Tr\u00e4dg\u00e5rd &amp; Fritid","article_modified_time":"2026-03-12T08:04:29+00:00","og_image":[{"width":800,"height":800,"url":"https:\/\/i0.wp.com\/truusk.se\/wp-content\/uploads\/2024\/02\/kickback-fotboll-rebounder-mal-rebound-vaggnat-for-fotboll-basket-och-baseboll-stal-pe-gul-svart-184-x-63-x-123-cm.webp?fit=800%2C800&ssl=1","type":"image\/webp"}],"twitter_card":"summary_large_image","twitter_misc":{"Ber\u00e4knad l\u00e4stid":"1 minut"},"schema":{"@context":"https:\/\/schema.org","@graph":[{"@type":"WebPage","@id":"https:\/\/truusk.store\/sv\/produkt\/truusk-fotboll-rebounder-mal-vaggnat-for-fotboll-basket-baseboll-stal-pe-gul-svart-184-x-63-x-123-cm\/","url":"https:\/\/truusk.store\/sv\/produkt\/truusk-fotboll-rebounder-mal-vaggnat-for-fotboll-basket-baseboll-stal-pe-gul-svart-184-x-63-x-123-cm\/","name":"TRUUSK Fotboll Rebounder M\u00e5l - V\u00e4ggn\u00e4t f\u00f6r fotboll, basket &amp; baseboll - St\u00e5l + PE - Gul + Svart - 184 x 63 x 123 cm - TRUUSK - Hem, Tr\u00e4dg\u00e5rd &amp; Fritid","isPartOf":{"@id":"https:\/\/truusk.store\/sv\/#website"},"primaryImageOfPage":{"@id":"https:\/\/truusk.store\/sv\/produkt\/truusk-fotboll-rebounder-mal-vaggnat-for-fotboll-basket-baseboll-stal-pe-gul-svart-184-x-63-x-123-cm\/#primaryimage"},"image":{"@id":"https:\/\/truusk.store\/sv\/produkt\/truusk-fotboll-rebounder-mal-vaggnat-for-fotboll-basket-baseboll-stal-pe-gul-svart-184-x-63-x-123-cm\/#primaryimage"},"thumbnailUrl":"https:\/\/i0.wp.com\/truusk.store\/wp-content\/uploads\/2024\/02\/kickback-fotboll-rebounder-mal-rebound-vaggnat-for-fotboll-basket-och-baseboll-stal-pe-gul-svart-184-x-63-x-123-cm.webp?fit=800%2C800&ssl=1","datePublished":"2024-02-13T15:46:06+00:00","dateModified":"2026-03-12T08:04:29+00:00","breadcrumb":{"@id":"https:\/\/truusk.store\/sv\/produkt\/truusk-fotboll-rebounder-mal-vaggnat-for-fotboll-basket-baseboll-stal-pe-gul-svart-184-x-63-x-123-cm\/#breadcrumb"},"inLanguage":"sv-SE","potentialAction":[{"@type":"ReadAction","target":["https:\/\/truusk.store\/sv\/produkt\/truusk-fotboll-rebounder-mal-vaggnat-for-fotboll-basket-baseboll-stal-pe-gul-svart-184-x-63-x-123-cm\/"]}]},{"@type":"ImageObject","inLanguage":"sv-SE","@id":"https:\/\/truusk.store\/sv\/produkt\/truusk-fotboll-rebounder-mal-vaggnat-for-fotboll-basket-baseboll-stal-pe-gul-svart-184-x-63-x-123-cm\/#primaryimage","url":"https:\/\/i0.wp.com\/truusk.store\/wp-content\/uploads\/2024\/02\/kickback-fotboll-rebounder-mal-rebound-vaggnat-for-fotboll-basket-och-baseboll-stal-pe-gul-svart-184-x-63-x-123-cm.webp?fit=800%2C800&ssl=1","contentUrl":"https:\/\/i0.wp.com\/truusk.store\/wp-content\/uploads\/2024\/02\/kickback-fotboll-rebounder-mal-rebound-vaggnat-for-fotboll-basket-och-baseboll-stal-pe-gul-svart-184-x-63-x-123-cm.webp?fit=800%2C800&ssl=1","width":800,"height":800,"caption":"Kickback Fotboll Rebounder M\u00e5l Rebound V\u00e4ggn\u00e4t F\u00f6r Fotboll, Basket Och Baseboll, St\u00e5l + PE, Gul + Svart, 184 X 63 X 123 Cm 1"},{"@type":"BreadcrumbList","@id":"https:\/\/truusk.store\/sv\/produkt\/truusk-fotboll-rebounder-mal-vaggnat-for-fotboll-basket-baseboll-stal-pe-gul-svart-184-x-63-x-123-cm\/#breadcrumb","itemListElement":[{"@type":"ListItem","position":1,"name":"Home","item":"https:\/\/truusk.store\/sv\/"},{"@type":"ListItem","position":2,"name":"Shop","item":"https:\/\/truusk.store\/shop\/"},{"@type":"ListItem","position":3,"name":"TRUUSK Fotboll Rebounder M\u00e5l &#8211; V\u00e4ggn\u00e4t f\u00f6r fotboll, basket &amp; baseboll &#8211; St\u00e5l + PE &#8211; Gul + Svart &#8211; 184 x 63 x 123 cm"}]},{"@type":"WebSite","@id":"https:\/\/truusk.store\/sv\/#website","url":"https:\/\/truusk.store\/sv\/","name":"TRUUSK - Hem, Tr\u00e4dg\u00e5rd & Fritid","description":"","publisher":{"@id":"https:\/\/truusk.store\/sv\/#organization"},"potentialAction":[{"@type":"SearchAction","target":{"@type":"EntryPoint","urlTemplate":"https:\/\/truusk.store\/sv\/?s={search_term_string}"},"query-input":{"@type":"PropertyValueSpecification","valueRequired":true,"valueName":"search_term_string"}}],"inLanguage":"sv-SE"},{"@type":"Organization","@id":"https:\/\/truusk.store\/sv\/#organization","name":"TRUUSK - Hem, Tr\u00e4dg\u00e5rd & Fritid","url":"https:\/\/truusk.store\/sv\/","logo":{"@type":"ImageObject","inLanguage":"sv-SE","@id":"https:\/\/truusk.store\/sv\/#\/schema\/logo\/image\/","url":"https:\/\/i0.wp.com\/truusk.store\/wp-content\/uploads\/2026\/03\/cropped-TRUUSK.png?fit=2032%2C917&ssl=1","contentUrl":"https:\/\/i0.wp.com\/truusk.store\/wp-content\/uploads\/2026\/03\/cropped-TRUUSK.png?fit=2032%2C917&ssl=1","width":2032,"height":917,"caption":"TRUUSK - Hem, Tr\u00e4dg\u00e5rd & Fritid"},"image":{"@id":"https:\/\/truusk.store\/sv\/#\/schema\/logo\/image\/"}}]}},"jetpack_sharing_enabled":true,"_links":{"self":[{"href":"https:\/\/truusk.store\/sv\/wp-json\/wp\/v2\/product\/23180","targetHints":{"allow":["GET"]}}],"collection":[{"href":"https:\/\/truusk.store\/sv\/wp-json\/wp\/v2\/product"}],"about":[{"href":"https:\/\/truusk.store\/sv\/wp-json\/wp\/v2\/types\/product"}],"wp:featuredmedia":[{"embeddable":true,"href":"https:\/\/truusk.store\/sv\/wp-json\/wp\/v2\/media\/23181"}],"wp:attachment":[{"href":"https:\/\/truusk.store\/sv\/wp-json\/wp\/v2\/media?parent=23180"}],"wp:term":[{"taxonomy":"product_brand","embeddable":true,"href":"https:\/\/truusk.store\/sv\/wp-json\/wp\/v2\/product_brand?post=23180"},{"taxonomy":"product_cat","embeddable":true,"href":"https:\/\/truusk.store\/sv\/wp-json\/wp\/v2\/product_cat?post=23180"},{"taxonomy":"product_tag","embeddable":true,"href":"https:\/\/truusk.store\/sv\/wp-json\/wp\/v2\/product_tag?post=23180"}],"curies":[{"name":"wp","href":"https:\/\/api.w.org\/{rel}","templated":true}]}}