{"id":23242,"date":"2024-02-13T16:47:54","date_gmt":"2024-02-13T15:47:54","guid":{"rendered":"https:\/\/truusk.store\/product\/honshus-honshus-lamplig-for-1-2-kycklingar-med-holk-agglada-med-2-fack-gran-gra-vit-160-x-75-x-80-cm\/"},"modified":"2026-03-12T09:04:30","modified_gmt":"2026-03-12T08:04:30","slug":"truusk-honsstall-for-1-2-hons-med-agglada-gran-gra-vit-160-x-75-x-80-cm","status":"publish","type":"product","link":"https:\/\/truusk.store\/sv\/produkt\/truusk-honsstall-for-1-2-hons-med-agglada-gran-gra-vit-160-x-75-x-80-cm\/","title":{"rendered":"TRUUSK H\u00f6nsstall f\u00f6r 1-2 H\u00f6ns &#8211; Med \u00e4ggl\u00e5da &#8211; Gran &#8211; Gr\u00e5 + Vit &#8211; 160 x 75 x 80 cm"},"content":{"rendered":"<p>Ge dina fj\u00e4derkl\u00e4dda v\u00e4nner ett bekv\u00e4mt boende! Den mysiga holken inomhus och den rymliga innerg\u00e5rden erbjuder gott om plats f\u00f6r dagliga djuraktiviteter. L\u00e5sbara front\u00f6ppningar ger enkel \u00e5tkomst f\u00f6r reng\u00f6ring, matning och andra rutinuppgifter. Och huvudomr\u00e5det har ett vattent\u00e4tt f\u00e4llbart tak med polykarbonatpaneler. V\u00e5rt h\u00f6nshus i tr\u00e4 \u00e4r den perfekta blandningen av trygghet och frihet.<\/p>\n<h3>Beskrivning:<\/h3>\n<ul>\n<li>Utomhush\u00f6nshus av massivt lackerat grantr\u00e4<\/li>\n<li>G\u00e5ngj\u00e4rnigt vattent\u00e4tt tak med polykarbonatpaneler f\u00f6r isolering<\/li>\n<li>Holkl\u00e5dan erbjuder dina h\u00f6ns ett s\u00e4kert och bekv\u00e4mt inre utrymme f\u00f6r att v\u00e4rpa \u00e4gg<\/li>\n<li>Exteri\u00f6rt omr\u00e5de omslutet med husdjursv\u00e4nlig tr\u00e5d f\u00f6r att f\u00f6rhindra rovdjur<\/li>\n<li>Inbyggt utdragbart fack f\u00f6r enkel reng\u00f6ring och underh\u00e5ll<\/li>\n<li>L\u00e5sbara d\u00f6rrar f\u00f6r s\u00e4ker och bekv\u00e4m \u00e5tkomst till interi\u00f6ren<\/li>\n<li>Montering kr\u00e4vs med all n\u00f6dv\u00e4ndig h\u00e5rdvara<\/li>\n<\/ul>\n<h3>Teknisk data:<\/h3>\n<ul>\n<li>F\u00e4rg: Gr\u00e5+Vit<\/li>\n<li>Material: gran<\/li>\n<li>Totala m\u00e5tt: 160L x 75W x 80H cm<\/li>\n<li>Storlek p\u00e5 huset: 50,5L x 70W x 72H cm<\/li>\n<li>L\u00f6parburens storlek: 77L x 70W x 77,5H cm (h\u00f6ger)<\/li>\n<li>26W x 70D x 41H cm (under holken)<\/li>\n<li>Storlek p\u00e5 bol\u00e5dan: 26W x 70D x 36H cm<\/li>\n<li>Tr storlek: 24W x 45H cm (bostadshus)<\/li>\n<li>33W x 70,5H cm (l\u00f6parbur)<\/li>\n<li>22,5 W x 34,5 H cm (holkl\u00e5da)<\/li>\n<\/ul>\n<h3>Leveransens omfattning:<\/h3>\n<ul>\n<li>1 x h\u00f6nshus<\/li>\n<li>1 x Instruktioner<\/li>\n<li>VIKTIGT: Vi levererar varan till trottoarkanten utan kostnad. Se till att din adress och telefonnummer \u00e4r korrekta.<\/li>\n<\/ul>\n","protected":false},"excerpt":{"rendered":"<p>Ge dina fj\u00e4derkl\u00e4dda v\u00e4nner ett bekv\u00e4mt boende! Den mysiga holken inomhus och den rymliga innerg\u00e5rden erbjuder gott om plats f\u00f6r&#8230;<\/p>\n","protected":false},"featured_media":23243,"template":"","meta":[],"product_brand":[],"product_cat":[601,602,573],"product_tag":[],"class_list":{"0":"post-23242","1":"product","2":"type-product","3":"status-publish","4":"has-post-thumbnail","6":"product_cat-fageltillbehor","7":"product_cat-honshus","8":"product_cat-husdjursmaterial","10":"first","11":"instock","12":"sale","13":"taxable","14":"shipping-taxable","15":"purchasable","16":"product-type-simple"},"yoast_head":"<!-- This site is optimized with the Yoast SEO plugin v25.4 - https:\/\/yoast.com\/wordpress\/plugins\/seo\/ -->\n<title>TRUUSK H\u00f6nsstall f\u00f6r 1-2 H\u00f6ns - Med \u00e4ggl\u00e5da - Gran - Gr\u00e5 + Vit - 160 x 75 x 80 cm - TRUUSK - Hem, Tr\u00e4dg\u00e5rd &amp; Fritid<\/title>\n<meta name=\"robots\" content=\"index, follow, max-snippet:-1, max-image-preview:large, max-video-preview:-1\" \/>\n<link rel=\"canonical\" href=\"https:\/\/truusk.store\/sv\/produkt\/truusk-honsstall-for-1-2-hons-med-agglada-gran-gra-vit-160-x-75-x-80-cm\/\" \/>\n<meta property=\"og:locale\" content=\"sv_SE\" \/>\n<meta property=\"og:type\" content=\"article\" \/>\n<meta property=\"og:title\" content=\"TRUUSK H\u00f6nsstall f\u00f6r 1-2 H\u00f6ns - Med \u00e4ggl\u00e5da - Gran - Gr\u00e5 + Vit - 160 x 75 x 80 cm - TRUUSK - Hem, Tr\u00e4dg\u00e5rd &amp; Fritid\" \/>\n<meta property=\"og:description\" content=\"Ge dina fj\u00e4derkl\u00e4dda v\u00e4nner ett bekv\u00e4mt boende! Den mysiga holken inomhus och den rymliga innerg\u00e5rden erbjuder gott om plats f\u00f6r...\" \/>\n<meta property=\"og:url\" content=\"https:\/\/truusk.store\/sv\/produkt\/truusk-honsstall-for-1-2-hons-med-agglada-gran-gra-vit-160-x-75-x-80-cm\/\" \/>\n<meta property=\"og:site_name\" content=\"TRUUSK - Hem, Tr\u00e4dg\u00e5rd &amp; Fritid\" \/>\n<meta property=\"article:modified_time\" content=\"2026-03-12T08:04:30+00:00\" \/>\n<meta property=\"og:image\" content=\"https:\/\/i0.wp.com\/truusk.se\/wp-content\/uploads\/2024\/02\/honshus-honshus-lamplig-for-1-2-kycklingar-med-holk-agglada-med-2-fack-gran-gra-vit-160-x-75-x-80-cm.webp?fit=800%2C800&ssl=1\" \/>\n\t<meta property=\"og:image:width\" content=\"800\" \/>\n\t<meta property=\"og:image:height\" content=\"800\" \/>\n\t<meta property=\"og:image:type\" content=\"image\/webp\" \/>\n<meta name=\"twitter:card\" content=\"summary_large_image\" \/>\n<meta name=\"twitter:label1\" content=\"Ber\u00e4knad l\u00e4stid\" \/>\n\t<meta name=\"twitter:data1\" content=\"1 minut\" \/>\n<!-- \/ Yoast SEO plugin. -->","yoast_head_json":{"title":"TRUUSK H\u00f6nsstall f\u00f6r 1-2 H\u00f6ns - Med \u00e4ggl\u00e5da - Gran - Gr\u00e5 + Vit - 160 x 75 x 80 cm - TRUUSK - Hem, Tr\u00e4dg\u00e5rd &amp; Fritid","robots":{"index":"index","follow":"follow","max-snippet":"max-snippet:-1","max-image-preview":"max-image-preview:large","max-video-preview":"max-video-preview:-1"},"canonical":"https:\/\/truusk.store\/sv\/produkt\/truusk-honsstall-for-1-2-hons-med-agglada-gran-gra-vit-160-x-75-x-80-cm\/","og_locale":"sv_SE","og_type":"article","og_title":"TRUUSK H\u00f6nsstall f\u00f6r 1-2 H\u00f6ns - Med \u00e4ggl\u00e5da - Gran - Gr\u00e5 + Vit - 160 x 75 x 80 cm - TRUUSK - Hem, Tr\u00e4dg\u00e5rd &amp; Fritid","og_description":"Ge dina fj\u00e4derkl\u00e4dda v\u00e4nner ett bekv\u00e4mt boende! Den mysiga holken inomhus och den rymliga innerg\u00e5rden erbjuder gott om plats f\u00f6r...","og_url":"https:\/\/truusk.store\/sv\/produkt\/truusk-honsstall-for-1-2-hons-med-agglada-gran-gra-vit-160-x-75-x-80-cm\/","og_site_name":"TRUUSK - Hem, Tr\u00e4dg\u00e5rd &amp; Fritid","article_modified_time":"2026-03-12T08:04:30+00:00","og_image":[{"width":800,"height":800,"url":"https:\/\/i0.wp.com\/truusk.se\/wp-content\/uploads\/2024\/02\/honshus-honshus-lamplig-for-1-2-kycklingar-med-holk-agglada-med-2-fack-gran-gra-vit-160-x-75-x-80-cm.webp?fit=800%2C800&ssl=1","type":"image\/webp"}],"twitter_card":"summary_large_image","twitter_misc":{"Ber\u00e4knad l\u00e4stid":"1 minut"},"schema":{"@context":"https:\/\/schema.org","@graph":[{"@type":"WebPage","@id":"https:\/\/truusk.store\/sv\/produkt\/truusk-honsstall-for-1-2-hons-med-agglada-gran-gra-vit-160-x-75-x-80-cm\/","url":"https:\/\/truusk.store\/sv\/produkt\/truusk-honsstall-for-1-2-hons-med-agglada-gran-gra-vit-160-x-75-x-80-cm\/","name":"TRUUSK H\u00f6nsstall f\u00f6r 1-2 H\u00f6ns - Med \u00e4ggl\u00e5da - Gran - Gr\u00e5 + Vit - 160 x 75 x 80 cm - TRUUSK - Hem, Tr\u00e4dg\u00e5rd &amp; Fritid","isPartOf":{"@id":"https:\/\/truusk.store\/sv\/#website"},"primaryImageOfPage":{"@id":"https:\/\/truusk.store\/sv\/produkt\/truusk-honsstall-for-1-2-hons-med-agglada-gran-gra-vit-160-x-75-x-80-cm\/#primaryimage"},"image":{"@id":"https:\/\/truusk.store\/sv\/produkt\/truusk-honsstall-for-1-2-hons-med-agglada-gran-gra-vit-160-x-75-x-80-cm\/#primaryimage"},"thumbnailUrl":"https:\/\/i0.wp.com\/truusk.store\/wp-content\/uploads\/2024\/02\/honshus-honshus-lamplig-for-1-2-kycklingar-med-holk-agglada-med-2-fack-gran-gra-vit-160-x-75-x-80-cm.webp?fit=800%2C800&ssl=1","datePublished":"2024-02-13T15:47:54+00:00","dateModified":"2026-03-12T08:04:30+00:00","breadcrumb":{"@id":"https:\/\/truusk.store\/sv\/produkt\/truusk-honsstall-for-1-2-hons-med-agglada-gran-gra-vit-160-x-75-x-80-cm\/#breadcrumb"},"inLanguage":"sv-SE","potentialAction":[{"@type":"ReadAction","target":["https:\/\/truusk.store\/sv\/produkt\/truusk-honsstall-for-1-2-hons-med-agglada-gran-gra-vit-160-x-75-x-80-cm\/"]}]},{"@type":"ImageObject","inLanguage":"sv-SE","@id":"https:\/\/truusk.store\/sv\/produkt\/truusk-honsstall-for-1-2-hons-med-agglada-gran-gra-vit-160-x-75-x-80-cm\/#primaryimage","url":"https:\/\/i0.wp.com\/truusk.store\/wp-content\/uploads\/2024\/02\/honshus-honshus-lamplig-for-1-2-kycklingar-med-holk-agglada-med-2-fack-gran-gra-vit-160-x-75-x-80-cm.webp?fit=800%2C800&ssl=1","contentUrl":"https:\/\/i0.wp.com\/truusk.store\/wp-content\/uploads\/2024\/02\/honshus-honshus-lamplig-for-1-2-kycklingar-med-holk-agglada-med-2-fack-gran-gra-vit-160-x-75-x-80-cm.webp?fit=800%2C800&ssl=1","width":800,"height":800,"caption":"H\u00f6nshus H\u00f6nshus L\u00e4mplig F\u00f6r 1-2 Kycklingar, Med Holk \u00c4ggl\u00e5da Med 2 Fack, Gran, Gr\u00e5 + Vit, 160 X 75 X 80 Cm 1"},{"@type":"BreadcrumbList","@id":"https:\/\/truusk.store\/sv\/produkt\/truusk-honsstall-for-1-2-hons-med-agglada-gran-gra-vit-160-x-75-x-80-cm\/#breadcrumb","itemListElement":[{"@type":"ListItem","position":1,"name":"Home","item":"https:\/\/truusk.store\/sv\/"},{"@type":"ListItem","position":2,"name":"Shop","item":"https:\/\/truusk.store\/shop\/"},{"@type":"ListItem","position":3,"name":"TRUUSK H\u00f6nsstall f\u00f6r 1-2 H\u00f6ns &#8211; Med \u00e4ggl\u00e5da &#8211; Gran &#8211; Gr\u00e5 + Vit &#8211; 160 x 75 x 80 cm"}]},{"@type":"WebSite","@id":"https:\/\/truusk.store\/sv\/#website","url":"https:\/\/truusk.store\/sv\/","name":"TRUUSK - Hem, Tr\u00e4dg\u00e5rd & Fritid","description":"","publisher":{"@id":"https:\/\/truusk.store\/sv\/#organization"},"potentialAction":[{"@type":"SearchAction","target":{"@type":"EntryPoint","urlTemplate":"https:\/\/truusk.store\/sv\/?s={search_term_string}"},"query-input":{"@type":"PropertyValueSpecification","valueRequired":true,"valueName":"search_term_string"}}],"inLanguage":"sv-SE"},{"@type":"Organization","@id":"https:\/\/truusk.store\/sv\/#organization","name":"TRUUSK - Hem, Tr\u00e4dg\u00e5rd & Fritid","url":"https:\/\/truusk.store\/sv\/","logo":{"@type":"ImageObject","inLanguage":"sv-SE","@id":"https:\/\/truusk.store\/sv\/#\/schema\/logo\/image\/","url":"https:\/\/i0.wp.com\/truusk.store\/wp-content\/uploads\/2026\/03\/cropped-TRUUSK.png?fit=2032%2C917&ssl=1","contentUrl":"https:\/\/i0.wp.com\/truusk.store\/wp-content\/uploads\/2026\/03\/cropped-TRUUSK.png?fit=2032%2C917&ssl=1","width":2032,"height":917,"caption":"TRUUSK - Hem, Tr\u00e4dg\u00e5rd & Fritid"},"image":{"@id":"https:\/\/truusk.store\/sv\/#\/schema\/logo\/image\/"}}]}},"jetpack_sharing_enabled":true,"_links":{"self":[{"href":"https:\/\/truusk.store\/sv\/wp-json\/wp\/v2\/product\/23242","targetHints":{"allow":["GET"]}}],"collection":[{"href":"https:\/\/truusk.store\/sv\/wp-json\/wp\/v2\/product"}],"about":[{"href":"https:\/\/truusk.store\/sv\/wp-json\/wp\/v2\/types\/product"}],"wp:featuredmedia":[{"embeddable":true,"href":"https:\/\/truusk.store\/sv\/wp-json\/wp\/v2\/media\/23243"}],"wp:attachment":[{"href":"https:\/\/truusk.store\/sv\/wp-json\/wp\/v2\/media?parent=23242"}],"wp:term":[{"taxonomy":"product_brand","embeddable":true,"href":"https:\/\/truusk.store\/sv\/wp-json\/wp\/v2\/product_brand?post=23242"},{"taxonomy":"product_cat","embeddable":true,"href":"https:\/\/truusk.store\/sv\/wp-json\/wp\/v2\/product_cat?post=23242"},{"taxonomy":"product_tag","embeddable":true,"href":"https:\/\/truusk.store\/sv\/wp-json\/wp\/v2\/product_tag?post=23242"}],"curies":[{"name":"wp","href":"https:\/\/api.w.org\/{rel}","templated":true}]}}