{"id":23266,"date":"2024-02-13T16:48:31","date_gmt":"2024-02-13T15:48:31","guid":{"rendered":"https:\/\/truusk.store\/product\/hornsoffa-i-scandi-design-med-knappsommar-massivt-tra-linnelook-gra\/"},"modified":"2026-03-12T09:04:30","modified_gmt":"2026-03-12T08:04:30","slug":"truusk-hornsoffa-i-skandinavisk-design-med-knappdetaljer-massivt-tra-linne-look-gra","status":"publish","type":"product","link":"https:\/\/truusk.store\/sv\/produkt\/truusk-hornsoffa-i-skandinavisk-design-med-knappdetaljer-massivt-tra-linne-look-gra\/","title":{"rendered":"TRUUSK H\u00f6rnsoffa i Skandinavisk Design &#8211; Med Knappdetaljer &#8211; Massivt Tr\u00e4 &#8211; Linne-Look &#8211; Gr\u00e5"},"content":{"rendered":"<p>Denna 3-sits h\u00f6rnsoffa \u00e4r perfekt f\u00f6r en filmkv\u00e4ll med v\u00e4nner eller f\u00f6r en lugn kv\u00e4ll med l\u00e4sning. Ramen \u00e4r gjord av tr\u00e4 och \u00e4r mjukt vadderad. Fodralet \u00e4r tillverkat av linne: andas, avtagbart och tv\u00e4ttbart. Perfekt f\u00f6r alla milj\u00f6er!<\/p>\n<h3>Beskrivning:<\/h3>\n<ul>\n<li>3-sits h\u00f6rnsoffa (161 cm bred)<\/li>\n<li>Ryggkuddarna \u00e4r dekorerade med knapps\u00f6mmar<\/li>\n<li>Tr\u00e4ram<\/li>\n<li>Sitt- och ryggkuddar \u00e4r mjukt vadderade<\/li>\n<li>\u00d6verdrag i linnelook som andas, perfekt f\u00f6r \u00e5ret runt<\/li>\n<li>\u00d6rngott \u00e4r avtagbart och tv\u00e4ttbart<\/li>\n<li>Montering kr\u00e4vs<\/li>\n<li>Sch\u00e4slongen \u00e4r v\u00e4ndbar och kan placeras p\u00e5 b\u00e5de h\u00f6ger och v\u00e4nster sida<\/li>\n<\/ul>\n<h3>Teknisk data:<\/h3>\n<ul>\n<li>F\u00e4rg: M\u00f6rkgr\u00e5<\/li>\n<li>Material: Linne (100% polyester), skum, gummitr\u00e4<\/li>\n<li>Totalstorlek: 193L x 136W x 85H cm<\/li>\n<li>Sitsm\u00e5tt: 161L x 44W x 47H cm<\/li>\n<li>Ryggst\u00f6dsm\u00e5tt: 161L x 38W x 10H cm<\/li>\n<li>Longue solstol: 53L x 50W x 47H cm<\/li>\n<li>Viktkapacitet: 200 kg<\/li>\n<\/ul>\n<h3>Leveransens omfattning:<\/h3>\n<ul>\n<li>1 x 3-sits h\u00f6rnsoffa<\/li>\n<li>1 x bruksanvisning<\/li>\n<\/ul>\n","protected":false},"excerpt":{"rendered":"<p>Denna 3-sits h\u00f6rnsoffa \u00e4r perfekt f\u00f6r en filmkv\u00e4ll med v\u00e4nner eller f\u00f6r en lugn kv\u00e4ll med l\u00e4sning. Ramen \u00e4r gjord&#8230;<\/p>\n","protected":false},"featured_media":23267,"template":"","meta":[],"product_brand":[],"product_cat":[555,485,554],"product_tag":[],"class_list":{"0":"post-23266","1":"product","2":"type-product","3":"status-publish","4":"has-post-thumbnail","6":"product_cat-hornsoffor","7":"product_cat-hus-bo","8":"product_cat-soffor-soffor","10":"first","11":"instock","12":"sale","13":"taxable","14":"shipping-taxable","15":"purchasable","16":"product-type-simple"},"yoast_head":"<!-- This site is optimized with the Yoast SEO plugin v25.4 - https:\/\/yoast.com\/wordpress\/plugins\/seo\/ -->\n<title>TRUUSK H\u00f6rnsoffa i Skandinavisk Design - Med Knappdetaljer - Massivt Tr\u00e4 - Linne-Look - Gr\u00e5 - TRUUSK - Hem, Tr\u00e4dg\u00e5rd &amp; Fritid<\/title>\n<meta name=\"robots\" content=\"index, follow, max-snippet:-1, max-image-preview:large, max-video-preview:-1\" \/>\n<link rel=\"canonical\" href=\"https:\/\/truusk.store\/sv\/produkt\/truusk-hornsoffa-i-skandinavisk-design-med-knappdetaljer-massivt-tra-linne-look-gra\/\" \/>\n<meta property=\"og:locale\" content=\"sv_SE\" \/>\n<meta property=\"og:type\" content=\"article\" \/>\n<meta property=\"og:title\" content=\"TRUUSK H\u00f6rnsoffa i Skandinavisk Design - Med Knappdetaljer - Massivt Tr\u00e4 - Linne-Look - Gr\u00e5 - TRUUSK - Hem, Tr\u00e4dg\u00e5rd &amp; Fritid\" \/>\n<meta property=\"og:description\" content=\"Denna 3-sits h\u00f6rnsoffa \u00e4r perfekt f\u00f6r en filmkv\u00e4ll med v\u00e4nner eller f\u00f6r en lugn kv\u00e4ll med l\u00e4sning. Ramen \u00e4r gjord...\" \/>\n<meta property=\"og:url\" content=\"https:\/\/truusk.store\/sv\/produkt\/truusk-hornsoffa-i-skandinavisk-design-med-knappdetaljer-massivt-tra-linne-look-gra\/\" \/>\n<meta property=\"og:site_name\" content=\"TRUUSK - Hem, Tr\u00e4dg\u00e5rd &amp; Fritid\" \/>\n<meta property=\"article:modified_time\" content=\"2026-03-12T08:04:30+00:00\" \/>\n<meta property=\"og:image\" content=\"https:\/\/i0.wp.com\/truusk.se\/wp-content\/uploads\/2024\/02\/hornsoffa-i-scandi-design-med-knappsommar-massivt-tra-linnelook-gra.webp?fit=800%2C800&ssl=1\" \/>\n\t<meta property=\"og:image:width\" content=\"800\" \/>\n\t<meta property=\"og:image:height\" content=\"800\" \/>\n\t<meta property=\"og:image:type\" content=\"image\/webp\" \/>\n<meta name=\"twitter:card\" content=\"summary_large_image\" \/>\n<meta name=\"twitter:label1\" content=\"Ber\u00e4knad l\u00e4stid\" \/>\n\t<meta name=\"twitter:data1\" content=\"1 minut\" \/>\n<!-- \/ Yoast SEO plugin. -->","yoast_head_json":{"title":"TRUUSK H\u00f6rnsoffa i Skandinavisk Design - Med Knappdetaljer - Massivt Tr\u00e4 - Linne-Look - Gr\u00e5 - TRUUSK - Hem, Tr\u00e4dg\u00e5rd &amp; Fritid","robots":{"index":"index","follow":"follow","max-snippet":"max-snippet:-1","max-image-preview":"max-image-preview:large","max-video-preview":"max-video-preview:-1"},"canonical":"https:\/\/truusk.store\/sv\/produkt\/truusk-hornsoffa-i-skandinavisk-design-med-knappdetaljer-massivt-tra-linne-look-gra\/","og_locale":"sv_SE","og_type":"article","og_title":"TRUUSK H\u00f6rnsoffa i Skandinavisk Design - Med Knappdetaljer - Massivt Tr\u00e4 - Linne-Look - Gr\u00e5 - TRUUSK - Hem, Tr\u00e4dg\u00e5rd &amp; Fritid","og_description":"Denna 3-sits h\u00f6rnsoffa \u00e4r perfekt f\u00f6r en filmkv\u00e4ll med v\u00e4nner eller f\u00f6r en lugn kv\u00e4ll med l\u00e4sning. Ramen \u00e4r gjord...","og_url":"https:\/\/truusk.store\/sv\/produkt\/truusk-hornsoffa-i-skandinavisk-design-med-knappdetaljer-massivt-tra-linne-look-gra\/","og_site_name":"TRUUSK - Hem, Tr\u00e4dg\u00e5rd &amp; Fritid","article_modified_time":"2026-03-12T08:04:30+00:00","og_image":[{"width":800,"height":800,"url":"https:\/\/i0.wp.com\/truusk.se\/wp-content\/uploads\/2024\/02\/hornsoffa-i-scandi-design-med-knappsommar-massivt-tra-linnelook-gra.webp?fit=800%2C800&ssl=1","type":"image\/webp"}],"twitter_card":"summary_large_image","twitter_misc":{"Ber\u00e4knad l\u00e4stid":"1 minut"},"schema":{"@context":"https:\/\/schema.org","@graph":[{"@type":"WebPage","@id":"https:\/\/truusk.store\/sv\/produkt\/truusk-hornsoffa-i-skandinavisk-design-med-knappdetaljer-massivt-tra-linne-look-gra\/","url":"https:\/\/truusk.store\/sv\/produkt\/truusk-hornsoffa-i-skandinavisk-design-med-knappdetaljer-massivt-tra-linne-look-gra\/","name":"TRUUSK H\u00f6rnsoffa i Skandinavisk Design - Med Knappdetaljer - Massivt Tr\u00e4 - Linne-Look - Gr\u00e5 - TRUUSK - Hem, Tr\u00e4dg\u00e5rd &amp; Fritid","isPartOf":{"@id":"https:\/\/truusk.store\/sv\/#website"},"primaryImageOfPage":{"@id":"https:\/\/truusk.store\/sv\/produkt\/truusk-hornsoffa-i-skandinavisk-design-med-knappdetaljer-massivt-tra-linne-look-gra\/#primaryimage"},"image":{"@id":"https:\/\/truusk.store\/sv\/produkt\/truusk-hornsoffa-i-skandinavisk-design-med-knappdetaljer-massivt-tra-linne-look-gra\/#primaryimage"},"thumbnailUrl":"https:\/\/i0.wp.com\/truusk.store\/wp-content\/uploads\/2024\/02\/hornsoffa-i-scandi-design-med-knappsommar-massivt-tra-linnelook-gra.webp?fit=800%2C800&ssl=1","datePublished":"2024-02-13T15:48:31+00:00","dateModified":"2026-03-12T08:04:30+00:00","breadcrumb":{"@id":"https:\/\/truusk.store\/sv\/produkt\/truusk-hornsoffa-i-skandinavisk-design-med-knappdetaljer-massivt-tra-linne-look-gra\/#breadcrumb"},"inLanguage":"sv-SE","potentialAction":[{"@type":"ReadAction","target":["https:\/\/truusk.store\/sv\/produkt\/truusk-hornsoffa-i-skandinavisk-design-med-knappdetaljer-massivt-tra-linne-look-gra\/"]}]},{"@type":"ImageObject","inLanguage":"sv-SE","@id":"https:\/\/truusk.store\/sv\/produkt\/truusk-hornsoffa-i-skandinavisk-design-med-knappdetaljer-massivt-tra-linne-look-gra\/#primaryimage","url":"https:\/\/i0.wp.com\/truusk.store\/wp-content\/uploads\/2024\/02\/hornsoffa-i-scandi-design-med-knappsommar-massivt-tra-linnelook-gra.webp?fit=800%2C800&ssl=1","contentUrl":"https:\/\/i0.wp.com\/truusk.store\/wp-content\/uploads\/2024\/02\/hornsoffa-i-scandi-design-med-knappsommar-massivt-tra-linnelook-gra.webp?fit=800%2C800&ssl=1","width":800,"height":800,"caption":"H\u00f6rnsoffa I Scandi Design, Med Knapps\u00f6mmar, Massivt Tr\u00e4, Linnelook, Gr\u00e5 1"},{"@type":"BreadcrumbList","@id":"https:\/\/truusk.store\/sv\/produkt\/truusk-hornsoffa-i-skandinavisk-design-med-knappdetaljer-massivt-tra-linne-look-gra\/#breadcrumb","itemListElement":[{"@type":"ListItem","position":1,"name":"Home","item":"https:\/\/truusk.store\/sv\/"},{"@type":"ListItem","position":2,"name":"Shop","item":"https:\/\/truusk.store\/shop\/"},{"@type":"ListItem","position":3,"name":"TRUUSK H\u00f6rnsoffa i Skandinavisk Design &#8211; Med Knappdetaljer &#8211; Massivt Tr\u00e4 &#8211; Linne-Look &#8211; Gr\u00e5"}]},{"@type":"WebSite","@id":"https:\/\/truusk.store\/sv\/#website","url":"https:\/\/truusk.store\/sv\/","name":"TRUUSK - Hem, Tr\u00e4dg\u00e5rd & Fritid","description":"","publisher":{"@id":"https:\/\/truusk.store\/sv\/#organization"},"potentialAction":[{"@type":"SearchAction","target":{"@type":"EntryPoint","urlTemplate":"https:\/\/truusk.store\/sv\/?s={search_term_string}"},"query-input":{"@type":"PropertyValueSpecification","valueRequired":true,"valueName":"search_term_string"}}],"inLanguage":"sv-SE"},{"@type":"Organization","@id":"https:\/\/truusk.store\/sv\/#organization","name":"TRUUSK - Hem, Tr\u00e4dg\u00e5rd & Fritid","url":"https:\/\/truusk.store\/sv\/","logo":{"@type":"ImageObject","inLanguage":"sv-SE","@id":"https:\/\/truusk.store\/sv\/#\/schema\/logo\/image\/","url":"https:\/\/i0.wp.com\/truusk.store\/wp-content\/uploads\/2026\/03\/cropped-TRUUSK.png?fit=2032%2C917&ssl=1","contentUrl":"https:\/\/i0.wp.com\/truusk.store\/wp-content\/uploads\/2026\/03\/cropped-TRUUSK.png?fit=2032%2C917&ssl=1","width":2032,"height":917,"caption":"TRUUSK - Hem, Tr\u00e4dg\u00e5rd & Fritid"},"image":{"@id":"https:\/\/truusk.store\/sv\/#\/schema\/logo\/image\/"}}]}},"jetpack_sharing_enabled":true,"_links":{"self":[{"href":"https:\/\/truusk.store\/sv\/wp-json\/wp\/v2\/product\/23266","targetHints":{"allow":["GET"]}}],"collection":[{"href":"https:\/\/truusk.store\/sv\/wp-json\/wp\/v2\/product"}],"about":[{"href":"https:\/\/truusk.store\/sv\/wp-json\/wp\/v2\/types\/product"}],"wp:featuredmedia":[{"embeddable":true,"href":"https:\/\/truusk.store\/sv\/wp-json\/wp\/v2\/media\/23267"}],"wp:attachment":[{"href":"https:\/\/truusk.store\/sv\/wp-json\/wp\/v2\/media?parent=23266"}],"wp:term":[{"taxonomy":"product_brand","embeddable":true,"href":"https:\/\/truusk.store\/sv\/wp-json\/wp\/v2\/product_brand?post=23266"},{"taxonomy":"product_cat","embeddable":true,"href":"https:\/\/truusk.store\/sv\/wp-json\/wp\/v2\/product_cat?post=23266"},{"taxonomy":"product_tag","embeddable":true,"href":"https:\/\/truusk.store\/sv\/wp-json\/wp\/v2\/product_tag?post=23266"}],"curies":[{"name":"wp","href":"https:\/\/api.w.org\/{rel}","templated":true}]}}