{"id":23308,"date":"2024-02-13T16:49:40","date_gmt":"2024-02-13T15:49:40","guid":{"rendered":"https:\/\/truusk.store\/product\/fallbart-parasoll-tradgardsparaply-marknadsparaply-med-handvev-aluminium-180-polyesterrod-26-x-235-m\/"},"modified":"2026-03-12T09:04:31","modified_gmt":"2026-03-12T08:04:31","slug":"truusk-fallbart-parasoll-tradgardsparaply-aluminiumram-handvev-180-polyesterrod-26-x-235-m","status":"publish","type":"product","link":"https:\/\/truusk.store\/sv\/produkt\/truusk-fallbart-parasoll-tradgardsparaply-aluminiumram-handvev-180-polyesterrod-26-x-235-m\/","title":{"rendered":"TRUUSK F\u00e4llbart Parasoll Tr\u00e4dg\u00e5rdsparaply &#8211; Aluminiumram &#8211; Handvev &#8211; 180\/polyesterr\u00f6d &#8211; 2,6 x 2,35 m"},"content":{"rendered":"<p>Detta parasoll imponerar inte bara med sin eleganta design, utan ocks\u00e5 med sin anv\u00e4ndarv\u00e4nlighet. Den kan l\u00e4tt \u00f6ppnas och st\u00e4ngas med en vev. Paraplyet \u00e4r vattenavvisande och passar alla v\u00e4der. Materialet tillverkat av aluminium och polyester g\u00f6r detta parasoll mycket robust och h\u00e5llbart. Detta eleganta parasoll ger massor av skugga p\u00e5 soliga dagar och skyddar dig \u00e4ven fr\u00e5n skadliga UV-str\u00e5lar.<\/p>\n<h3>Beskrivning:<\/h3>\n<ul>\n<li>L\u00e4mplig f\u00f6r alla utomhusomr\u00e5den som tr\u00e4dg\u00e5rden, terrassen eller stranden<\/li>\n<li>Aluminiummaterialet \u00e4r robust och h\u00e5llbart<\/li>\n<li>6 st\u00e5lstag ger h\u00f6g stabilitet<\/li>\n<li>Paraplyskyddet \u00e4r tillverkat av 180 g\/m polyester och \u00e4r vattenavvisande och UV-best\u00e4ndigt<\/li>\n<li>Paraplyet har en tiltfunktion<\/li>\n<li>Handvev m\u00f6jligg\u00f6r enkel \u00f6ppning och st\u00e4ngning<\/li>\n<li>Enkelt och snabbt att s\u00e4tta upp<\/li>\n<li>Kompatibel med paraplyst\u00e4ll och tr\u00e4dg\u00e5rdsbord<\/li>\n<\/ul>\n<h3>Teknisk data:<\/h3>\n<ul>\n<li>r\u00f6d f\u00e4rg<\/li>\n<li>Material: st\u00e5l, aluminium, polyester<\/li>\n<li>Totalm\u00e5tt: 2,6 x H2,35 m<\/li>\n<li>R\u00f6rdiameter st\u00e5ng: 38 mm<\/li>\n<li>R\u00f6rdiameter per stag: 12 x 18 mm<\/li>\n<\/ul>\n<h3>Leveransens omfattning:<\/h3>\n<ul>\n<li>1 x Parasoll<\/li>\n<li>OBSERVERA: Det visade paraplyst\u00e4llet ing\u00e5r INTE i leveransen.<\/li>\n<\/ul>\n","protected":false},"excerpt":{"rendered":"<p>Detta parasoll imponerar inte bara med sin eleganta design, utan ocks\u00e5 med sin anv\u00e4ndarv\u00e4nlighet. Den kan l\u00e4tt \u00f6ppnas och st\u00e4ngas&#8230;<\/p>\n","protected":false},"featured_media":23309,"template":"","meta":[],"product_brand":[],"product_cat":[472,471,435],"product_tag":[],"class_list":{"0":"post-23308","1":"product","2":"type-product","3":"status-publish","4":"has-post-thumbnail","6":"product_cat-parasoller","7":"product_cat-solskydd-integritetsskydd","8":"product_cat-tradgard-och-terrass","10":"first","11":"instock","12":"sale","13":"taxable","14":"shipping-taxable","15":"purchasable","16":"product-type-simple"},"yoast_head":"<!-- This site is optimized with the Yoast SEO plugin v25.4 - https:\/\/yoast.com\/wordpress\/plugins\/seo\/ -->\n<title>TRUUSK F\u00e4llbart Parasoll Tr\u00e4dg\u00e5rdsparaply - Aluminiumram - Handvev - 180\/polyesterr\u00f6d - 2,6 x 2,35 m - TRUUSK - Hem, Tr\u00e4dg\u00e5rd &amp; Fritid<\/title>\n<meta name=\"robots\" content=\"index, follow, max-snippet:-1, max-image-preview:large, max-video-preview:-1\" \/>\n<link rel=\"canonical\" href=\"https:\/\/truusk.store\/sv\/produkt\/truusk-fallbart-parasoll-tradgardsparaply-aluminiumram-handvev-180-polyesterrod-26-x-235-m\/\" \/>\n<meta property=\"og:locale\" content=\"sv_SE\" \/>\n<meta property=\"og:type\" content=\"article\" \/>\n<meta property=\"og:title\" content=\"TRUUSK F\u00e4llbart Parasoll Tr\u00e4dg\u00e5rdsparaply - Aluminiumram - Handvev - 180\/polyesterr\u00f6d - 2,6 x 2,35 m - TRUUSK - Hem, Tr\u00e4dg\u00e5rd &amp; Fritid\" \/>\n<meta property=\"og:description\" content=\"Detta parasoll imponerar inte bara med sin eleganta design, utan ocks\u00e5 med sin anv\u00e4ndarv\u00e4nlighet. Den kan l\u00e4tt \u00f6ppnas och st\u00e4ngas...\" \/>\n<meta property=\"og:url\" content=\"https:\/\/truusk.store\/sv\/produkt\/truusk-fallbart-parasoll-tradgardsparaply-aluminiumram-handvev-180-polyesterrod-26-x-235-m\/\" \/>\n<meta property=\"og:site_name\" content=\"TRUUSK - Hem, Tr\u00e4dg\u00e5rd &amp; Fritid\" \/>\n<meta property=\"article:modified_time\" content=\"2026-03-12T08:04:31+00:00\" \/>\n<meta property=\"og:image\" content=\"https:\/\/i0.wp.com\/truusk.se\/wp-content\/uploads\/2024\/02\/fallbart-parasoll-tradgardsparaply-marknadsparaply-med-handvev-aluminium-180-polyesterrod-26-x-235-m.webp?fit=800%2C800&ssl=1\" \/>\n\t<meta property=\"og:image:width\" content=\"800\" \/>\n\t<meta property=\"og:image:height\" content=\"800\" \/>\n\t<meta property=\"og:image:type\" content=\"image\/webp\" \/>\n<meta name=\"twitter:card\" content=\"summary_large_image\" \/>\n<meta name=\"twitter:label1\" content=\"Ber\u00e4knad l\u00e4stid\" \/>\n\t<meta name=\"twitter:data1\" content=\"1 minut\" \/>\n<!-- \/ Yoast SEO plugin. -->","yoast_head_json":{"title":"TRUUSK F\u00e4llbart Parasoll Tr\u00e4dg\u00e5rdsparaply - Aluminiumram - Handvev - 180\/polyesterr\u00f6d - 2,6 x 2,35 m - TRUUSK - Hem, Tr\u00e4dg\u00e5rd &amp; Fritid","robots":{"index":"index","follow":"follow","max-snippet":"max-snippet:-1","max-image-preview":"max-image-preview:large","max-video-preview":"max-video-preview:-1"},"canonical":"https:\/\/truusk.store\/sv\/produkt\/truusk-fallbart-parasoll-tradgardsparaply-aluminiumram-handvev-180-polyesterrod-26-x-235-m\/","og_locale":"sv_SE","og_type":"article","og_title":"TRUUSK F\u00e4llbart Parasoll Tr\u00e4dg\u00e5rdsparaply - Aluminiumram - Handvev - 180\/polyesterr\u00f6d - 2,6 x 2,35 m - TRUUSK - Hem, Tr\u00e4dg\u00e5rd &amp; Fritid","og_description":"Detta parasoll imponerar inte bara med sin eleganta design, utan ocks\u00e5 med sin anv\u00e4ndarv\u00e4nlighet. Den kan l\u00e4tt \u00f6ppnas och st\u00e4ngas...","og_url":"https:\/\/truusk.store\/sv\/produkt\/truusk-fallbart-parasoll-tradgardsparaply-aluminiumram-handvev-180-polyesterrod-26-x-235-m\/","og_site_name":"TRUUSK - Hem, Tr\u00e4dg\u00e5rd &amp; Fritid","article_modified_time":"2026-03-12T08:04:31+00:00","og_image":[{"width":800,"height":800,"url":"https:\/\/i0.wp.com\/truusk.se\/wp-content\/uploads\/2024\/02\/fallbart-parasoll-tradgardsparaply-marknadsparaply-med-handvev-aluminium-180-polyesterrod-26-x-235-m.webp?fit=800%2C800&ssl=1","type":"image\/webp"}],"twitter_card":"summary_large_image","twitter_misc":{"Ber\u00e4knad l\u00e4stid":"1 minut"},"schema":{"@context":"https:\/\/schema.org","@graph":[{"@type":"WebPage","@id":"https:\/\/truusk.store\/sv\/produkt\/truusk-fallbart-parasoll-tradgardsparaply-aluminiumram-handvev-180-polyesterrod-26-x-235-m\/","url":"https:\/\/truusk.store\/sv\/produkt\/truusk-fallbart-parasoll-tradgardsparaply-aluminiumram-handvev-180-polyesterrod-26-x-235-m\/","name":"TRUUSK F\u00e4llbart Parasoll Tr\u00e4dg\u00e5rdsparaply - Aluminiumram - Handvev - 180\/polyesterr\u00f6d - 2,6 x 2,35 m - TRUUSK - Hem, Tr\u00e4dg\u00e5rd &amp; Fritid","isPartOf":{"@id":"https:\/\/truusk.store\/sv\/#website"},"primaryImageOfPage":{"@id":"https:\/\/truusk.store\/sv\/produkt\/truusk-fallbart-parasoll-tradgardsparaply-aluminiumram-handvev-180-polyesterrod-26-x-235-m\/#primaryimage"},"image":{"@id":"https:\/\/truusk.store\/sv\/produkt\/truusk-fallbart-parasoll-tradgardsparaply-aluminiumram-handvev-180-polyesterrod-26-x-235-m\/#primaryimage"},"thumbnailUrl":"https:\/\/i0.wp.com\/truusk.store\/wp-content\/uploads\/2024\/02\/fallbart-parasoll-tradgardsparaply-marknadsparaply-med-handvev-aluminium-180-polyesterrod-26-x-235-m.webp?fit=800%2C800&ssl=1","datePublished":"2024-02-13T15:49:40+00:00","dateModified":"2026-03-12T08:04:31+00:00","breadcrumb":{"@id":"https:\/\/truusk.store\/sv\/produkt\/truusk-fallbart-parasoll-tradgardsparaply-aluminiumram-handvev-180-polyesterrod-26-x-235-m\/#breadcrumb"},"inLanguage":"sv-SE","potentialAction":[{"@type":"ReadAction","target":["https:\/\/truusk.store\/sv\/produkt\/truusk-fallbart-parasoll-tradgardsparaply-aluminiumram-handvev-180-polyesterrod-26-x-235-m\/"]}]},{"@type":"ImageObject","inLanguage":"sv-SE","@id":"https:\/\/truusk.store\/sv\/produkt\/truusk-fallbart-parasoll-tradgardsparaply-aluminiumram-handvev-180-polyesterrod-26-x-235-m\/#primaryimage","url":"https:\/\/i0.wp.com\/truusk.store\/wp-content\/uploads\/2024\/02\/fallbart-parasoll-tradgardsparaply-marknadsparaply-med-handvev-aluminium-180-polyesterrod-26-x-235-m.webp?fit=800%2C800&ssl=1","contentUrl":"https:\/\/i0.wp.com\/truusk.store\/wp-content\/uploads\/2024\/02\/fallbart-parasoll-tradgardsparaply-marknadsparaply-med-handvev-aluminium-180-polyesterrod-26-x-235-m.webp?fit=800%2C800&ssl=1","width":800,"height":800,"caption":"F\u00e4llbart Parasoll Tr\u00e4dg\u00e5rdsparaply Marknadsparaply Med Handvev Aluminium 180\/polyesterr\u00f6d 2,6 X 2,35 M 1"},{"@type":"BreadcrumbList","@id":"https:\/\/truusk.store\/sv\/produkt\/truusk-fallbart-parasoll-tradgardsparaply-aluminiumram-handvev-180-polyesterrod-26-x-235-m\/#breadcrumb","itemListElement":[{"@type":"ListItem","position":1,"name":"Home","item":"https:\/\/truusk.store\/sv\/"},{"@type":"ListItem","position":2,"name":"Shop","item":"https:\/\/truusk.store\/shop\/"},{"@type":"ListItem","position":3,"name":"TRUUSK F\u00e4llbart Parasoll Tr\u00e4dg\u00e5rdsparaply &#8211; Aluminiumram &#8211; Handvev &#8211; 180\/polyesterr\u00f6d &#8211; 2,6 x 2,35 m"}]},{"@type":"WebSite","@id":"https:\/\/truusk.store\/sv\/#website","url":"https:\/\/truusk.store\/sv\/","name":"TRUUSK - Hem, Tr\u00e4dg\u00e5rd & Fritid","description":"","publisher":{"@id":"https:\/\/truusk.store\/sv\/#organization"},"potentialAction":[{"@type":"SearchAction","target":{"@type":"EntryPoint","urlTemplate":"https:\/\/truusk.store\/sv\/?s={search_term_string}"},"query-input":{"@type":"PropertyValueSpecification","valueRequired":true,"valueName":"search_term_string"}}],"inLanguage":"sv-SE"},{"@type":"Organization","@id":"https:\/\/truusk.store\/sv\/#organization","name":"TRUUSK - Hem, Tr\u00e4dg\u00e5rd & Fritid","url":"https:\/\/truusk.store\/sv\/","logo":{"@type":"ImageObject","inLanguage":"sv-SE","@id":"https:\/\/truusk.store\/sv\/#\/schema\/logo\/image\/","url":"https:\/\/i0.wp.com\/truusk.store\/wp-content\/uploads\/2026\/03\/cropped-TRUUSK.png?fit=2032%2C917&ssl=1","contentUrl":"https:\/\/i0.wp.com\/truusk.store\/wp-content\/uploads\/2026\/03\/cropped-TRUUSK.png?fit=2032%2C917&ssl=1","width":2032,"height":917,"caption":"TRUUSK - Hem, Tr\u00e4dg\u00e5rd & Fritid"},"image":{"@id":"https:\/\/truusk.store\/sv\/#\/schema\/logo\/image\/"}}]}},"jetpack_sharing_enabled":true,"_links":{"self":[{"href":"https:\/\/truusk.store\/sv\/wp-json\/wp\/v2\/product\/23308","targetHints":{"allow":["GET"]}}],"collection":[{"href":"https:\/\/truusk.store\/sv\/wp-json\/wp\/v2\/product"}],"about":[{"href":"https:\/\/truusk.store\/sv\/wp-json\/wp\/v2\/types\/product"}],"wp:featuredmedia":[{"embeddable":true,"href":"https:\/\/truusk.store\/sv\/wp-json\/wp\/v2\/media\/23309"}],"wp:attachment":[{"href":"https:\/\/truusk.store\/sv\/wp-json\/wp\/v2\/media?parent=23308"}],"wp:term":[{"taxonomy":"product_brand","embeddable":true,"href":"https:\/\/truusk.store\/sv\/wp-json\/wp\/v2\/product_brand?post=23308"},{"taxonomy":"product_cat","embeddable":true,"href":"https:\/\/truusk.store\/sv\/wp-json\/wp\/v2\/product_cat?post=23308"},{"taxonomy":"product_tag","embeddable":true,"href":"https:\/\/truusk.store\/sv\/wp-json\/wp\/v2\/product_tag?post=23308"}],"curies":[{"name":"wp","href":"https:\/\/api.w.org\/{rel}","templated":true}]}}