{"id":23365,"date":"2024-02-13T16:51:30","date_gmt":"2024-02-13T15:51:30","guid":{"rendered":"https:\/\/truusk.store\/product\/set-med-3-soffbord-sidobord-tradgardsbord-retro-metallkorg-tradkorg-tradgardsbord-tradgardsmobler-utebalkong-metall-natur-svart-3-storlekar\/"},"modified":"2026-03-12T09:05:07","modified_gmt":"2026-03-12T08:05:07","slug":"truusk-set-med-3-retro-metallkorgar-tradgardsbord-i-3-storlekar-utebalkongsmobler-naturlig-svart","status":"publish","type":"product","link":"https:\/\/truusk.store\/sv\/produkt\/truusk-set-med-3-retro-metallkorgar-tradgardsbord-i-3-storlekar-utebalkongsmobler-naturlig-svart\/","title":{"rendered":"TRUUSK Set med 3 Retro Metallkorgar &#8211; Tr\u00e4dg\u00e5rdsbord i 3 Storlekar &#8211; Utebalkongsm\u00f6bler &#8211; Naturlig + Svart"},"content":{"rendered":"<p>Tillf\u00f6r elegansen av industriell stil till ditt utomhusutrymme med det stapelbara balkongbordssetet i 3 delar. Du kan f\u00f6rvara dem inuti varandra f\u00f6r att spara utrymme n\u00e4r de inte anv\u00e4nds och enkelt flytta dem. Metallramen p\u00e5 det lilla tr\u00e4dg\u00e5rdsbordet \u00e4r solid, h\u00e5llbar och s\u00e4kerst\u00e4ller maximal stabilitet. Bordsskivan i rotting ger bordet en touch av elegans och \u00e4r l\u00e4tt att reng\u00f6ra.<\/p>\n<h3>Beskrivning:<\/h3>\n<ul>\n<li>Set med 3 soffbord i metall och rotting<\/li>\n<li>Perfekt f\u00f6r tr\u00e4dg\u00e5rden, innerg\u00e5rden, uteplatsen, balkongen och var du \u00e4n vill<\/li>\n<li>Stapelbar och platsbesparande design<\/li>\n<li>Solid och h\u00e5llbar konstruktion<\/li>\n<li>Vattent\u00e4t och l\u00e4ttst\u00e4dad yta<\/li>\n<li>Montering kr\u00e4vs<\/li>\n<\/ul>\n<h3>Teknisk data:<\/h3>\n<ul>\n<li>Svart f\u00e4rg<\/li>\n<li>Material: metall<\/li>\n<li>Totala m\u00e5tt: 38 x 41H cm (stor), 31 x 35H cm (medium), 26,5 x 30H cm (liten)<\/li>\n<li>Viktkapacitet: 15 kg<\/li>\n<\/ul>\n<h3>Leveransens omfattning:<\/h3>\n<ul>\n<li>3 x bordshyllor<\/li>\n<li>3 x metallkonstruktioner<\/li>\n<li>1 x Instruktioner<\/li>\n<\/ul>\n","protected":false},"excerpt":{"rendered":"<p>Tillf\u00f6r elegansen av industriell stil till ditt utomhusutrymme med det stapelbara balkongbordssetet i 3 delar. Du kan f\u00f6rvara dem inuti&#8230;<\/p>\n","protected":false},"featured_media":23366,"template":"","meta":[],"product_brand":[],"product_cat":[435,457,450],"product_tag":[],"class_list":{"0":"post-23365","1":"product","2":"type-product","3":"status-publish","4":"has-post-thumbnail","6":"product_cat-tradgard-och-terrass","7":"product_cat-tradgardsbord","8":"product_cat-tradgardsmobler","10":"first","11":"instock","12":"sale","13":"taxable","14":"shipping-taxable","15":"purchasable","16":"product-type-simple"},"yoast_head":"<!-- This site is optimized with the Yoast SEO plugin v25.4 - https:\/\/yoast.com\/wordpress\/plugins\/seo\/ -->\n<title>TRUUSK Set med 3 Retro Metallkorgar - Tr\u00e4dg\u00e5rdsbord i 3 Storlekar - Utebalkongsm\u00f6bler - Naturlig + Svart - TRUUSK - Hem, Tr\u00e4dg\u00e5rd &amp; Fritid<\/title>\n<meta name=\"robots\" content=\"index, follow, max-snippet:-1, max-image-preview:large, max-video-preview:-1\" \/>\n<link rel=\"canonical\" href=\"https:\/\/truusk.store\/sv\/produkt\/truusk-set-med-3-retro-metallkorgar-tradgardsbord-i-3-storlekar-utebalkongsmobler-naturlig-svart\/\" \/>\n<meta property=\"og:locale\" content=\"sv_SE\" \/>\n<meta property=\"og:type\" content=\"article\" \/>\n<meta property=\"og:title\" content=\"TRUUSK Set med 3 Retro Metallkorgar - Tr\u00e4dg\u00e5rdsbord i 3 Storlekar - Utebalkongsm\u00f6bler - Naturlig + Svart - TRUUSK - Hem, Tr\u00e4dg\u00e5rd &amp; Fritid\" \/>\n<meta property=\"og:description\" content=\"Tillf\u00f6r elegansen av industriell stil till ditt utomhusutrymme med det stapelbara balkongbordssetet i 3 delar. Du kan f\u00f6rvara dem inuti...\" \/>\n<meta property=\"og:url\" content=\"https:\/\/truusk.store\/sv\/produkt\/truusk-set-med-3-retro-metallkorgar-tradgardsbord-i-3-storlekar-utebalkongsmobler-naturlig-svart\/\" \/>\n<meta property=\"og:site_name\" content=\"TRUUSK - Hem, Tr\u00e4dg\u00e5rd &amp; Fritid\" \/>\n<meta property=\"article:modified_time\" content=\"2026-03-12T08:05:07+00:00\" \/>\n<meta property=\"og:image\" content=\"https:\/\/i0.wp.com\/truusk.se\/wp-content\/uploads\/2024\/02\/set-med-3-soffbord-sidobord-tradgardsbord-retro-metallkorg-tradkorg-tradgardsbord-tradgardsmobler-utebalkong-metall-natur-svart-3-storlekar.webp?fit=800%2C800&ssl=1\" \/>\n\t<meta property=\"og:image:width\" content=\"800\" \/>\n\t<meta property=\"og:image:height\" content=\"800\" \/>\n\t<meta property=\"og:image:type\" content=\"image\/webp\" \/>\n<meta name=\"twitter:card\" content=\"summary_large_image\" \/>\n<meta name=\"twitter:label1\" content=\"Ber\u00e4knad l\u00e4stid\" \/>\n\t<meta name=\"twitter:data1\" content=\"1 minut\" \/>\n<!-- \/ Yoast SEO plugin. -->","yoast_head_json":{"title":"TRUUSK Set med 3 Retro Metallkorgar - Tr\u00e4dg\u00e5rdsbord i 3 Storlekar - Utebalkongsm\u00f6bler - Naturlig + Svart - TRUUSK - Hem, Tr\u00e4dg\u00e5rd &amp; Fritid","robots":{"index":"index","follow":"follow","max-snippet":"max-snippet:-1","max-image-preview":"max-image-preview:large","max-video-preview":"max-video-preview:-1"},"canonical":"https:\/\/truusk.store\/sv\/produkt\/truusk-set-med-3-retro-metallkorgar-tradgardsbord-i-3-storlekar-utebalkongsmobler-naturlig-svart\/","og_locale":"sv_SE","og_type":"article","og_title":"TRUUSK Set med 3 Retro Metallkorgar - Tr\u00e4dg\u00e5rdsbord i 3 Storlekar - Utebalkongsm\u00f6bler - Naturlig + Svart - TRUUSK - Hem, Tr\u00e4dg\u00e5rd &amp; Fritid","og_description":"Tillf\u00f6r elegansen av industriell stil till ditt utomhusutrymme med det stapelbara balkongbordssetet i 3 delar. Du kan f\u00f6rvara dem inuti...","og_url":"https:\/\/truusk.store\/sv\/produkt\/truusk-set-med-3-retro-metallkorgar-tradgardsbord-i-3-storlekar-utebalkongsmobler-naturlig-svart\/","og_site_name":"TRUUSK - Hem, Tr\u00e4dg\u00e5rd &amp; Fritid","article_modified_time":"2026-03-12T08:05:07+00:00","og_image":[{"width":800,"height":800,"url":"https:\/\/i0.wp.com\/truusk.se\/wp-content\/uploads\/2024\/02\/set-med-3-soffbord-sidobord-tradgardsbord-retro-metallkorg-tradkorg-tradgardsbord-tradgardsmobler-utebalkong-metall-natur-svart-3-storlekar.webp?fit=800%2C800&ssl=1","type":"image\/webp"}],"twitter_card":"summary_large_image","twitter_misc":{"Ber\u00e4knad l\u00e4stid":"1 minut"},"schema":{"@context":"https:\/\/schema.org","@graph":[{"@type":"WebPage","@id":"https:\/\/truusk.store\/sv\/produkt\/truusk-set-med-3-retro-metallkorgar-tradgardsbord-i-3-storlekar-utebalkongsmobler-naturlig-svart\/","url":"https:\/\/truusk.store\/sv\/produkt\/truusk-set-med-3-retro-metallkorgar-tradgardsbord-i-3-storlekar-utebalkongsmobler-naturlig-svart\/","name":"TRUUSK Set med 3 Retro Metallkorgar - Tr\u00e4dg\u00e5rdsbord i 3 Storlekar - Utebalkongsm\u00f6bler - Naturlig + Svart - TRUUSK - Hem, Tr\u00e4dg\u00e5rd &amp; Fritid","isPartOf":{"@id":"https:\/\/truusk.store\/sv\/#website"},"primaryImageOfPage":{"@id":"https:\/\/truusk.store\/sv\/produkt\/truusk-set-med-3-retro-metallkorgar-tradgardsbord-i-3-storlekar-utebalkongsmobler-naturlig-svart\/#primaryimage"},"image":{"@id":"https:\/\/truusk.store\/sv\/produkt\/truusk-set-med-3-retro-metallkorgar-tradgardsbord-i-3-storlekar-utebalkongsmobler-naturlig-svart\/#primaryimage"},"thumbnailUrl":"https:\/\/i0.wp.com\/truusk.store\/wp-content\/uploads\/2024\/02\/set-med-3-soffbord-sidobord-tradgardsbord-retro-metallkorg-tradkorg-tradgardsbord-tradgardsmobler-utebalkong-metall-natur-svart-3-storlekar.webp?fit=800%2C800&ssl=1","datePublished":"2024-02-13T15:51:30+00:00","dateModified":"2026-03-12T08:05:07+00:00","breadcrumb":{"@id":"https:\/\/truusk.store\/sv\/produkt\/truusk-set-med-3-retro-metallkorgar-tradgardsbord-i-3-storlekar-utebalkongsmobler-naturlig-svart\/#breadcrumb"},"inLanguage":"sv-SE","potentialAction":[{"@type":"ReadAction","target":["https:\/\/truusk.store\/sv\/produkt\/truusk-set-med-3-retro-metallkorgar-tradgardsbord-i-3-storlekar-utebalkongsmobler-naturlig-svart\/"]}]},{"@type":"ImageObject","inLanguage":"sv-SE","@id":"https:\/\/truusk.store\/sv\/produkt\/truusk-set-med-3-retro-metallkorgar-tradgardsbord-i-3-storlekar-utebalkongsmobler-naturlig-svart\/#primaryimage","url":"https:\/\/i0.wp.com\/truusk.store\/wp-content\/uploads\/2024\/02\/set-med-3-soffbord-sidobord-tradgardsbord-retro-metallkorg-tradkorg-tradgardsbord-tradgardsmobler-utebalkong-metall-natur-svart-3-storlekar.webp?fit=800%2C800&ssl=1","contentUrl":"https:\/\/i0.wp.com\/truusk.store\/wp-content\/uploads\/2024\/02\/set-med-3-soffbord-sidobord-tradgardsbord-retro-metallkorg-tradkorg-tradgardsbord-tradgardsmobler-utebalkong-metall-natur-svart-3-storlekar.webp?fit=800%2C800&ssl=1","width":800,"height":800,"caption":"Set Med 3 Soffbord, Sidobord, Tr\u00e4dg\u00e5rdsbord, Retro Metallkorg, Tr\u00e5dkorg, Tr\u00e4dg\u00e5rdsbord, Tr\u00e4dg\u00e5rdsm\u00f6bler, Utebalkong, Metall, Natur + Svart, 3 Storlekar 1"},{"@type":"BreadcrumbList","@id":"https:\/\/truusk.store\/sv\/produkt\/truusk-set-med-3-retro-metallkorgar-tradgardsbord-i-3-storlekar-utebalkongsmobler-naturlig-svart\/#breadcrumb","itemListElement":[{"@type":"ListItem","position":1,"name":"Home","item":"https:\/\/truusk.store\/sv\/"},{"@type":"ListItem","position":2,"name":"Shop","item":"https:\/\/truusk.store\/shop\/"},{"@type":"ListItem","position":3,"name":"TRUUSK Set med 3 Retro Metallkorgar &#8211; Tr\u00e4dg\u00e5rdsbord i 3 Storlekar &#8211; Utebalkongsm\u00f6bler &#8211; Naturlig + Svart"}]},{"@type":"WebSite","@id":"https:\/\/truusk.store\/sv\/#website","url":"https:\/\/truusk.store\/sv\/","name":"TRUUSK - Hem, Tr\u00e4dg\u00e5rd & Fritid","description":"","publisher":{"@id":"https:\/\/truusk.store\/sv\/#organization"},"potentialAction":[{"@type":"SearchAction","target":{"@type":"EntryPoint","urlTemplate":"https:\/\/truusk.store\/sv\/?s={search_term_string}"},"query-input":{"@type":"PropertyValueSpecification","valueRequired":true,"valueName":"search_term_string"}}],"inLanguage":"sv-SE"},{"@type":"Organization","@id":"https:\/\/truusk.store\/sv\/#organization","name":"TRUUSK - Hem, Tr\u00e4dg\u00e5rd & Fritid","url":"https:\/\/truusk.store\/sv\/","logo":{"@type":"ImageObject","inLanguage":"sv-SE","@id":"https:\/\/truusk.store\/sv\/#\/schema\/logo\/image\/","url":"https:\/\/i0.wp.com\/truusk.store\/wp-content\/uploads\/2026\/03\/cropped-TRUUSK.png?fit=2032%2C917&ssl=1","contentUrl":"https:\/\/i0.wp.com\/truusk.store\/wp-content\/uploads\/2026\/03\/cropped-TRUUSK.png?fit=2032%2C917&ssl=1","width":2032,"height":917,"caption":"TRUUSK - Hem, Tr\u00e4dg\u00e5rd & Fritid"},"image":{"@id":"https:\/\/truusk.store\/sv\/#\/schema\/logo\/image\/"}}]}},"jetpack_sharing_enabled":true,"_links":{"self":[{"href":"https:\/\/truusk.store\/sv\/wp-json\/wp\/v2\/product\/23365","targetHints":{"allow":["GET"]}}],"collection":[{"href":"https:\/\/truusk.store\/sv\/wp-json\/wp\/v2\/product"}],"about":[{"href":"https:\/\/truusk.store\/sv\/wp-json\/wp\/v2\/types\/product"}],"wp:featuredmedia":[{"embeddable":true,"href":"https:\/\/truusk.store\/sv\/wp-json\/wp\/v2\/media\/23366"}],"wp:attachment":[{"href":"https:\/\/truusk.store\/sv\/wp-json\/wp\/v2\/media?parent=23365"}],"wp:term":[{"taxonomy":"product_brand","embeddable":true,"href":"https:\/\/truusk.store\/sv\/wp-json\/wp\/v2\/product_brand?post=23365"},{"taxonomy":"product_cat","embeddable":true,"href":"https:\/\/truusk.store\/sv\/wp-json\/wp\/v2\/product_cat?post=23365"},{"taxonomy":"product_tag","embeddable":true,"href":"https:\/\/truusk.store\/sv\/wp-json\/wp\/v2\/product_tag?post=23365"}],"curies":[{"name":"wp","href":"https:\/\/api.w.org\/{rel}","templated":true}]}}