{"id":23449,"date":"2024-02-13T16:53:54","date_gmt":"2024-02-13T15:53:54","guid":{"rendered":"https:\/\/truusk.store\/product\/vaxthylla-skohylla-blomsterhylla-vaxttrappa-staende-hylla-4-vaningar-metall-svart-595-x-30-x-92-cm\/"},"modified":"2026-03-12T09:05:08","modified_gmt":"2026-03-12T08:05:08","slug":"truusk-blomsterhylla-vaxttrappa-4-vaningar-metall-svart-595-x-30-x-92-cm","status":"publish","type":"product","link":"https:\/\/truusk.store\/sv\/produkt\/truusk-blomsterhylla-vaxttrappa-4-vaningar-metall-svart-595-x-30-x-92-cm\/","title":{"rendered":"TRUUSK Blomsterhylla, V\u00e4xttrappa &#8211; 4 V\u00e5ningar &#8211; Metall &#8211; Svart &#8211; 59,5 X 30 X 92 Cm"},"content":{"rendered":"<p>V\u00e5r blomsterhylla \u00e4r charmig och m\u00e5ngsidig. Tillverkad av pulverlackerad metall, \u00e4r den ok\u00e4nslig f\u00f6r v\u00e4derp\u00e5verkan och imponerar vad g\u00e4ller utf\u00f6rande och robusthet. Hyllorna ger dig tillr\u00e4ckligt med utrymme f\u00f6r att snyggt f\u00f6rvara v\u00e4xter, skor eller andra f\u00f6rem\u00e5l. Den sk\u00e4r ocks\u00e5 en fin figur som badrumshj\u00e4lp eller skost\u00e4ll. Det som \u00e4r s\u00e4rskilt sl\u00e5ende \u00e4r de eleganta dekorationerna, som g\u00f6r din st\u00e5ende hylla till ett riktigt blickf\u00e5ng. Med v\u00e5r m\u00e5ngsidiga v\u00e4xthylla kan du f\u00f6ra in dekorativ elegans i ditt hem.<\/p>\n<h3>Beskrivning:<\/h3>\n<ul>\n<li>H\u00f6gkvalitativ hylla tillverkad av pulverlackerad metall<\/li>\n<li>4 hyllor ger tillr\u00e4ckligt med f\u00f6rvaringsutrymme f\u00f6r v\u00e4xter, skor eller handdukar<\/li>\n<li>4 metallf\u00f6tter f\u00f6r ett s\u00e4kert stativ<\/li>\n<li>Med eleganta blomdekorationer<\/li>\n<li>Enkel konstruktion<\/li>\n<\/ul>\n<h3>Teknisk data:<\/h3>\n<ul>\n<li>Material: metall<\/li>\n<li>Svart f\u00e4rg<\/li>\n<li>Vikt: 5,2 kg<\/li>\n<li>\u00d6vergripande m\u00e5tt: L59,5 x B30 x H92 cm<\/li>\n<li>H\u00f6jd per fack: 18,5 cm<\/li>\n<li>Max lastkapacitet: 15 kg<\/li>\n<\/ul>\n<h3>Leveransens omfattning:<\/h3>\n<ul>\n<li>1 x Skost\u00e4ll<\/li>\n<li>1 x Monteringsanvisning<\/li>\n<\/ul>\n","protected":false},"excerpt":{"rendered":"<p>V\u00e5r blomsterhylla \u00e4r charmig och m\u00e5ngsidig. Tillverkad av pulverlackerad metall, \u00e4r den ok\u00e4nslig f\u00f6r v\u00e4derp\u00e5verkan och imponerar vad g\u00e4ller utf\u00f6rande&#8230;<\/p>\n","protected":false},"featured_media":23450,"template":"","meta":[],"product_brand":[],"product_cat":[448,435,443,734],"product_tag":[],"class_list":{"0":"post-23449","1":"product","2":"type-product","3":"status-publish","4":"has-post-thumbnail","6":"product_cat-plantera-trappor-hyllor","7":"product_cat-tradgard-och-terrass","8":"product_cat-vaxthus-tradgardsskotsel","9":"product_cat-vaxthyllor","11":"first","12":"instock","13":"sale","14":"taxable","15":"shipping-taxable","16":"purchasable","17":"product-type-simple"},"yoast_head":"<!-- This site is optimized with the Yoast SEO plugin v25.4 - https:\/\/yoast.com\/wordpress\/plugins\/seo\/ -->\n<title>TRUUSK Blomsterhylla, V\u00e4xttrappa - 4 V\u00e5ningar - Metall - Svart - 59,5 X 30 X 92 Cm - TRUUSK - Hem, Tr\u00e4dg\u00e5rd &amp; Fritid<\/title>\n<meta name=\"robots\" content=\"index, follow, max-snippet:-1, max-image-preview:large, max-video-preview:-1\" \/>\n<link rel=\"canonical\" href=\"https:\/\/truusk.store\/sv\/produkt\/truusk-blomsterhylla-vaxttrappa-4-vaningar-metall-svart-595-x-30-x-92-cm\/\" \/>\n<meta property=\"og:locale\" content=\"sv_SE\" \/>\n<meta property=\"og:type\" content=\"article\" \/>\n<meta property=\"og:title\" content=\"TRUUSK Blomsterhylla, V\u00e4xttrappa - 4 V\u00e5ningar - Metall - Svart - 59,5 X 30 X 92 Cm - TRUUSK - Hem, Tr\u00e4dg\u00e5rd &amp; Fritid\" \/>\n<meta property=\"og:description\" content=\"V\u00e5r blomsterhylla \u00e4r charmig och m\u00e5ngsidig. Tillverkad av pulverlackerad metall, \u00e4r den ok\u00e4nslig f\u00f6r v\u00e4derp\u00e5verkan och imponerar vad g\u00e4ller utf\u00f6rande...\" \/>\n<meta property=\"og:url\" content=\"https:\/\/truusk.store\/sv\/produkt\/truusk-blomsterhylla-vaxttrappa-4-vaningar-metall-svart-595-x-30-x-92-cm\/\" \/>\n<meta property=\"og:site_name\" content=\"TRUUSK - Hem, Tr\u00e4dg\u00e5rd &amp; Fritid\" \/>\n<meta property=\"article:modified_time\" content=\"2026-03-12T08:05:08+00:00\" \/>\n<meta property=\"og:image\" content=\"https:\/\/i0.wp.com\/truusk.se\/wp-content\/uploads\/2024\/02\/vaxthylla-skohylla-blomsterhylla-vaxttrappa-staende-hylla-4-vaningar-metall-svart-595-x-30-x-92-cm.webp?fit=800%2C800&ssl=1\" \/>\n\t<meta property=\"og:image:width\" content=\"800\" \/>\n\t<meta property=\"og:image:height\" content=\"800\" \/>\n\t<meta property=\"og:image:type\" content=\"image\/webp\" \/>\n<meta name=\"twitter:card\" content=\"summary_large_image\" \/>\n<meta name=\"twitter:label1\" content=\"Ber\u00e4knad l\u00e4stid\" \/>\n\t<meta name=\"twitter:data1\" content=\"1 minut\" \/>\n<!-- \/ Yoast SEO plugin. -->","yoast_head_json":{"title":"TRUUSK Blomsterhylla, V\u00e4xttrappa - 4 V\u00e5ningar - Metall - Svart - 59,5 X 30 X 92 Cm - TRUUSK - Hem, Tr\u00e4dg\u00e5rd &amp; Fritid","robots":{"index":"index","follow":"follow","max-snippet":"max-snippet:-1","max-image-preview":"max-image-preview:large","max-video-preview":"max-video-preview:-1"},"canonical":"https:\/\/truusk.store\/sv\/produkt\/truusk-blomsterhylla-vaxttrappa-4-vaningar-metall-svart-595-x-30-x-92-cm\/","og_locale":"sv_SE","og_type":"article","og_title":"TRUUSK Blomsterhylla, V\u00e4xttrappa - 4 V\u00e5ningar - Metall - Svart - 59,5 X 30 X 92 Cm - TRUUSK - Hem, Tr\u00e4dg\u00e5rd &amp; Fritid","og_description":"V\u00e5r blomsterhylla \u00e4r charmig och m\u00e5ngsidig. Tillverkad av pulverlackerad metall, \u00e4r den ok\u00e4nslig f\u00f6r v\u00e4derp\u00e5verkan och imponerar vad g\u00e4ller utf\u00f6rande...","og_url":"https:\/\/truusk.store\/sv\/produkt\/truusk-blomsterhylla-vaxttrappa-4-vaningar-metall-svart-595-x-30-x-92-cm\/","og_site_name":"TRUUSK - Hem, Tr\u00e4dg\u00e5rd &amp; Fritid","article_modified_time":"2026-03-12T08:05:08+00:00","og_image":[{"width":800,"height":800,"url":"https:\/\/i0.wp.com\/truusk.se\/wp-content\/uploads\/2024\/02\/vaxthylla-skohylla-blomsterhylla-vaxttrappa-staende-hylla-4-vaningar-metall-svart-595-x-30-x-92-cm.webp?fit=800%2C800&ssl=1","type":"image\/webp"}],"twitter_card":"summary_large_image","twitter_misc":{"Ber\u00e4knad l\u00e4stid":"1 minut"},"schema":{"@context":"https:\/\/schema.org","@graph":[{"@type":"WebPage","@id":"https:\/\/truusk.store\/sv\/produkt\/truusk-blomsterhylla-vaxttrappa-4-vaningar-metall-svart-595-x-30-x-92-cm\/","url":"https:\/\/truusk.store\/sv\/produkt\/truusk-blomsterhylla-vaxttrappa-4-vaningar-metall-svart-595-x-30-x-92-cm\/","name":"TRUUSK Blomsterhylla, V\u00e4xttrappa - 4 V\u00e5ningar - Metall - Svart - 59,5 X 30 X 92 Cm - TRUUSK - Hem, Tr\u00e4dg\u00e5rd &amp; Fritid","isPartOf":{"@id":"https:\/\/truusk.store\/sv\/#website"},"primaryImageOfPage":{"@id":"https:\/\/truusk.store\/sv\/produkt\/truusk-blomsterhylla-vaxttrappa-4-vaningar-metall-svart-595-x-30-x-92-cm\/#primaryimage"},"image":{"@id":"https:\/\/truusk.store\/sv\/produkt\/truusk-blomsterhylla-vaxttrappa-4-vaningar-metall-svart-595-x-30-x-92-cm\/#primaryimage"},"thumbnailUrl":"https:\/\/i0.wp.com\/truusk.store\/wp-content\/uploads\/2024\/02\/vaxthylla-skohylla-blomsterhylla-vaxttrappa-staende-hylla-4-vaningar-metall-svart-595-x-30-x-92-cm.webp?fit=800%2C800&ssl=1","datePublished":"2024-02-13T15:53:54+00:00","dateModified":"2026-03-12T08:05:08+00:00","breadcrumb":{"@id":"https:\/\/truusk.store\/sv\/produkt\/truusk-blomsterhylla-vaxttrappa-4-vaningar-metall-svart-595-x-30-x-92-cm\/#breadcrumb"},"inLanguage":"sv-SE","potentialAction":[{"@type":"ReadAction","target":["https:\/\/truusk.store\/sv\/produkt\/truusk-blomsterhylla-vaxttrappa-4-vaningar-metall-svart-595-x-30-x-92-cm\/"]}]},{"@type":"ImageObject","inLanguage":"sv-SE","@id":"https:\/\/truusk.store\/sv\/produkt\/truusk-blomsterhylla-vaxttrappa-4-vaningar-metall-svart-595-x-30-x-92-cm\/#primaryimage","url":"https:\/\/i0.wp.com\/truusk.store\/wp-content\/uploads\/2024\/02\/vaxthylla-skohylla-blomsterhylla-vaxttrappa-staende-hylla-4-vaningar-metall-svart-595-x-30-x-92-cm.webp?fit=800%2C800&ssl=1","contentUrl":"https:\/\/i0.wp.com\/truusk.store\/wp-content\/uploads\/2024\/02\/vaxthylla-skohylla-blomsterhylla-vaxttrappa-staende-hylla-4-vaningar-metall-svart-595-x-30-x-92-cm.webp?fit=800%2C800&ssl=1","width":800,"height":800,"caption":"V\u00e4xthylla, Skohylla, Blomsterhylla, V\u00e4xttrappa, St\u00e5ende Hylla, 4 V\u00e5ningar, Metall, Svart, 59,5 X 30 X 92 Cm 1"},{"@type":"BreadcrumbList","@id":"https:\/\/truusk.store\/sv\/produkt\/truusk-blomsterhylla-vaxttrappa-4-vaningar-metall-svart-595-x-30-x-92-cm\/#breadcrumb","itemListElement":[{"@type":"ListItem","position":1,"name":"Home","item":"https:\/\/truusk.store\/sv\/"},{"@type":"ListItem","position":2,"name":"Shop","item":"https:\/\/truusk.store\/shop\/"},{"@type":"ListItem","position":3,"name":"TRUUSK Blomsterhylla, V\u00e4xttrappa &#8211; 4 V\u00e5ningar &#8211; Metall &#8211; Svart &#8211; 59,5 X 30 X 92 Cm"}]},{"@type":"WebSite","@id":"https:\/\/truusk.store\/sv\/#website","url":"https:\/\/truusk.store\/sv\/","name":"TRUUSK - Hem, Tr\u00e4dg\u00e5rd & Fritid","description":"","publisher":{"@id":"https:\/\/truusk.store\/sv\/#organization"},"potentialAction":[{"@type":"SearchAction","target":{"@type":"EntryPoint","urlTemplate":"https:\/\/truusk.store\/sv\/?s={search_term_string}"},"query-input":{"@type":"PropertyValueSpecification","valueRequired":true,"valueName":"search_term_string"}}],"inLanguage":"sv-SE"},{"@type":"Organization","@id":"https:\/\/truusk.store\/sv\/#organization","name":"TRUUSK - Hem, Tr\u00e4dg\u00e5rd & Fritid","url":"https:\/\/truusk.store\/sv\/","logo":{"@type":"ImageObject","inLanguage":"sv-SE","@id":"https:\/\/truusk.store\/sv\/#\/schema\/logo\/image\/","url":"https:\/\/i0.wp.com\/truusk.store\/wp-content\/uploads\/2026\/03\/cropped-TRUUSK.png?fit=2032%2C917&ssl=1","contentUrl":"https:\/\/i0.wp.com\/truusk.store\/wp-content\/uploads\/2026\/03\/cropped-TRUUSK.png?fit=2032%2C917&ssl=1","width":2032,"height":917,"caption":"TRUUSK - Hem, Tr\u00e4dg\u00e5rd & Fritid"},"image":{"@id":"https:\/\/truusk.store\/sv\/#\/schema\/logo\/image\/"}}]}},"jetpack_sharing_enabled":true,"_links":{"self":[{"href":"https:\/\/truusk.store\/sv\/wp-json\/wp\/v2\/product\/23449","targetHints":{"allow":["GET"]}}],"collection":[{"href":"https:\/\/truusk.store\/sv\/wp-json\/wp\/v2\/product"}],"about":[{"href":"https:\/\/truusk.store\/sv\/wp-json\/wp\/v2\/types\/product"}],"wp:featuredmedia":[{"embeddable":true,"href":"https:\/\/truusk.store\/sv\/wp-json\/wp\/v2\/media\/23450"}],"wp:attachment":[{"href":"https:\/\/truusk.store\/sv\/wp-json\/wp\/v2\/media?parent=23449"}],"wp:term":[{"taxonomy":"product_brand","embeddable":true,"href":"https:\/\/truusk.store\/sv\/wp-json\/wp\/v2\/product_brand?post=23449"},{"taxonomy":"product_cat","embeddable":true,"href":"https:\/\/truusk.store\/sv\/wp-json\/wp\/v2\/product_cat?post=23449"},{"taxonomy":"product_tag","embeddable":true,"href":"https:\/\/truusk.store\/sv\/wp-json\/wp\/v2\/product_tag?post=23449"}],"curies":[{"name":"wp","href":"https:\/\/api.w.org\/{rel}","templated":true}]}}