{"id":23469,"date":"2024-02-13T16:54:27","date_gmt":"2024-02-13T15:54:27","guid":{"rendered":"https:\/\/truusk.store\/product\/parasoll-tradgardsparaply-3-vanings-solskydd-bambu-180-polyestergra-25-x-23-m\/"},"modified":"2026-03-12T09:05:08","modified_gmt":"2026-03-12T08:05:08","slug":"truusk-parasoll-tradgardsparaply-3-vanings-solskydd-bambu-180-polyestergra-25-x-23-m","status":"publish","type":"product","link":"https:\/\/truusk.store\/sv\/produkt\/truusk-parasoll-tradgardsparaply-3-vanings-solskydd-bambu-180-polyestergra-25-x-23-m\/","title":{"rendered":"TRUUSK Parasoll Tr\u00e4dg\u00e5rdsparaply &#8211; 3-v\u00e5nings Solskydd &#8211; Bambu &#8211; 180\/polyestergr\u00e5 &#8211; 2,5 X 2,3 M"},"content":{"rendered":"<p>Detta parasoll, med en diameter p\u00e5 2,5 m, ger dig ett optimalt skydd mot solen. Sex ribbor och stavar av bambu s\u00e4kerst\u00e4ller enkel anv\u00e4ndning av parasollet, som \u00e4r utrustat med ett lin- och rulllyftssystem. N\u00e4r v\u00e4dret \u00e4r fint \u00e4r detta parasoll n\u00f6dv\u00e4ndigt s\u00e5 att du kan njuta av din tr\u00e4dg\u00e5rd, terrass eller balkong.<\/p>\n<h3>Beskrivning:<\/h3>\n<ul>\n<li>2,5 m diameter paraply med 6 revben skyddar mot regn och sol<\/li>\n<li>Bambustam med tr\u00e4ribbor och 180g\/UV-skyddad polyester<\/li>\n<li>Perfekt f\u00f6r alla tr\u00e4dg\u00e5rdar, uteplatser, pooler, torg, kaf\u00e9er och mer<\/li>\n<li>Dra i sn\u00f6ret f\u00f6r enkel \u00f6ppning och st\u00e4ngning av paraplyet<\/li>\n<li>Kan demonteras i tv\u00e5 delar f\u00f6r enkel transport<\/li>\n<li>Stativ ing\u00e5r ej<\/li>\n<\/ul>\n<h3>Teknisk data:<\/h3>\n<ul>\n<li>Material: bambu, gran, polyester<\/li>\n<li>M\u00e5tt: 2,50 x H2,3 m<\/li>\n<li>Paraplyst\u00e5ng: 38 mm<\/li>\n<li>F\u00e4rg gr\u00e5<\/li>\n<\/ul>\n<h3>Leveransens omfattning:<\/h3>\n<ul>\n<li>1 x Parasoll<\/li>\n<li>1 x Monteringsanvisning<\/li>\n<li>OBSERVERA: Det visade paraplyst\u00e4llet ing\u00e5r INTE i leveransen.<\/li>\n<\/ul>\n","protected":false},"excerpt":{"rendered":"<p>Detta parasoll, med en diameter p\u00e5 2,5 m, ger dig ett optimalt skydd mot solen. Sex ribbor och stavar av&#8230;<\/p>\n","protected":false},"featured_media":23470,"template":"","meta":[],"product_brand":[],"product_cat":[472,471,435],"product_tag":[],"class_list":{"0":"post-23469","1":"product","2":"type-product","3":"status-publish","4":"has-post-thumbnail","6":"product_cat-parasoller","7":"product_cat-solskydd-integritetsskydd","8":"product_cat-tradgard-och-terrass","10":"first","11":"instock","12":"sale","13":"taxable","14":"shipping-taxable","15":"purchasable","16":"product-type-simple"},"yoast_head":"<!-- This site is optimized with the Yoast SEO plugin v25.4 - https:\/\/yoast.com\/wordpress\/plugins\/seo\/ -->\n<title>TRUUSK Parasoll Tr\u00e4dg\u00e5rdsparaply - 3-v\u00e5nings Solskydd - Bambu - 180\/polyestergr\u00e5 - 2,5 X 2,3 M - TRUUSK - Hem, Tr\u00e4dg\u00e5rd &amp; Fritid<\/title>\n<meta name=\"robots\" content=\"index, follow, max-snippet:-1, max-image-preview:large, max-video-preview:-1\" \/>\n<link rel=\"canonical\" href=\"https:\/\/truusk.store\/sv\/produkt\/truusk-parasoll-tradgardsparaply-3-vanings-solskydd-bambu-180-polyestergra-25-x-23-m\/\" \/>\n<meta property=\"og:locale\" content=\"sv_SE\" \/>\n<meta property=\"og:type\" content=\"article\" \/>\n<meta property=\"og:title\" content=\"TRUUSK Parasoll Tr\u00e4dg\u00e5rdsparaply - 3-v\u00e5nings Solskydd - Bambu - 180\/polyestergr\u00e5 - 2,5 X 2,3 M - TRUUSK - Hem, Tr\u00e4dg\u00e5rd &amp; Fritid\" \/>\n<meta property=\"og:description\" content=\"Detta parasoll, med en diameter p\u00e5 2,5 m, ger dig ett optimalt skydd mot solen. Sex ribbor och stavar av...\" \/>\n<meta property=\"og:url\" content=\"https:\/\/truusk.store\/sv\/produkt\/truusk-parasoll-tradgardsparaply-3-vanings-solskydd-bambu-180-polyestergra-25-x-23-m\/\" \/>\n<meta property=\"og:site_name\" content=\"TRUUSK - Hem, Tr\u00e4dg\u00e5rd &amp; Fritid\" \/>\n<meta property=\"article:modified_time\" content=\"2026-03-12T08:05:08+00:00\" \/>\n<meta property=\"og:image\" content=\"https:\/\/i0.wp.com\/truusk.se\/wp-content\/uploads\/2024\/02\/parasoll-tradgardsparaply-3-vanings-solskydd-bambu-180-polyestergra-25-x-23-m.webp?fit=800%2C800&ssl=1\" \/>\n\t<meta property=\"og:image:width\" content=\"800\" \/>\n\t<meta property=\"og:image:height\" content=\"800\" \/>\n\t<meta property=\"og:image:type\" content=\"image\/webp\" \/>\n<meta name=\"twitter:card\" content=\"summary_large_image\" \/>\n<meta name=\"twitter:label1\" content=\"Ber\u00e4knad l\u00e4stid\" \/>\n\t<meta name=\"twitter:data1\" content=\"1 minut\" \/>\n<!-- \/ Yoast SEO plugin. -->","yoast_head_json":{"title":"TRUUSK Parasoll Tr\u00e4dg\u00e5rdsparaply - 3-v\u00e5nings Solskydd - Bambu - 180\/polyestergr\u00e5 - 2,5 X 2,3 M - TRUUSK - Hem, Tr\u00e4dg\u00e5rd &amp; Fritid","robots":{"index":"index","follow":"follow","max-snippet":"max-snippet:-1","max-image-preview":"max-image-preview:large","max-video-preview":"max-video-preview:-1"},"canonical":"https:\/\/truusk.store\/sv\/produkt\/truusk-parasoll-tradgardsparaply-3-vanings-solskydd-bambu-180-polyestergra-25-x-23-m\/","og_locale":"sv_SE","og_type":"article","og_title":"TRUUSK Parasoll Tr\u00e4dg\u00e5rdsparaply - 3-v\u00e5nings Solskydd - Bambu - 180\/polyestergr\u00e5 - 2,5 X 2,3 M - TRUUSK - Hem, Tr\u00e4dg\u00e5rd &amp; Fritid","og_description":"Detta parasoll, med en diameter p\u00e5 2,5 m, ger dig ett optimalt skydd mot solen. Sex ribbor och stavar av...","og_url":"https:\/\/truusk.store\/sv\/produkt\/truusk-parasoll-tradgardsparaply-3-vanings-solskydd-bambu-180-polyestergra-25-x-23-m\/","og_site_name":"TRUUSK - Hem, Tr\u00e4dg\u00e5rd &amp; Fritid","article_modified_time":"2026-03-12T08:05:08+00:00","og_image":[{"width":800,"height":800,"url":"https:\/\/i0.wp.com\/truusk.se\/wp-content\/uploads\/2024\/02\/parasoll-tradgardsparaply-3-vanings-solskydd-bambu-180-polyestergra-25-x-23-m.webp?fit=800%2C800&ssl=1","type":"image\/webp"}],"twitter_card":"summary_large_image","twitter_misc":{"Ber\u00e4knad l\u00e4stid":"1 minut"},"schema":{"@context":"https:\/\/schema.org","@graph":[{"@type":"WebPage","@id":"https:\/\/truusk.store\/sv\/produkt\/truusk-parasoll-tradgardsparaply-3-vanings-solskydd-bambu-180-polyestergra-25-x-23-m\/","url":"https:\/\/truusk.store\/sv\/produkt\/truusk-parasoll-tradgardsparaply-3-vanings-solskydd-bambu-180-polyestergra-25-x-23-m\/","name":"TRUUSK Parasoll Tr\u00e4dg\u00e5rdsparaply - 3-v\u00e5nings Solskydd - Bambu - 180\/polyestergr\u00e5 - 2,5 X 2,3 M - TRUUSK - Hem, Tr\u00e4dg\u00e5rd &amp; Fritid","isPartOf":{"@id":"https:\/\/truusk.store\/sv\/#website"},"primaryImageOfPage":{"@id":"https:\/\/truusk.store\/sv\/produkt\/truusk-parasoll-tradgardsparaply-3-vanings-solskydd-bambu-180-polyestergra-25-x-23-m\/#primaryimage"},"image":{"@id":"https:\/\/truusk.store\/sv\/produkt\/truusk-parasoll-tradgardsparaply-3-vanings-solskydd-bambu-180-polyestergra-25-x-23-m\/#primaryimage"},"thumbnailUrl":"https:\/\/i0.wp.com\/truusk.store\/wp-content\/uploads\/2024\/02\/parasoll-tradgardsparaply-3-vanings-solskydd-bambu-180-polyestergra-25-x-23-m.webp?fit=800%2C800&ssl=1","datePublished":"2024-02-13T15:54:27+00:00","dateModified":"2026-03-12T08:05:08+00:00","breadcrumb":{"@id":"https:\/\/truusk.store\/sv\/produkt\/truusk-parasoll-tradgardsparaply-3-vanings-solskydd-bambu-180-polyestergra-25-x-23-m\/#breadcrumb"},"inLanguage":"sv-SE","potentialAction":[{"@type":"ReadAction","target":["https:\/\/truusk.store\/sv\/produkt\/truusk-parasoll-tradgardsparaply-3-vanings-solskydd-bambu-180-polyestergra-25-x-23-m\/"]}]},{"@type":"ImageObject","inLanguage":"sv-SE","@id":"https:\/\/truusk.store\/sv\/produkt\/truusk-parasoll-tradgardsparaply-3-vanings-solskydd-bambu-180-polyestergra-25-x-23-m\/#primaryimage","url":"https:\/\/i0.wp.com\/truusk.store\/wp-content\/uploads\/2024\/02\/parasoll-tradgardsparaply-3-vanings-solskydd-bambu-180-polyestergra-25-x-23-m.webp?fit=800%2C800&ssl=1","contentUrl":"https:\/\/i0.wp.com\/truusk.store\/wp-content\/uploads\/2024\/02\/parasoll-tradgardsparaply-3-vanings-solskydd-bambu-180-polyestergra-25-x-23-m.webp?fit=800%2C800&ssl=1","width":800,"height":800,"caption":"Parasoll Tr\u00e4dg\u00e5rdsparaply 3-v\u00e5nings Solskydd Bambu 180\/polyestergr\u00e5 2,5 X 2,3 M 1"},{"@type":"BreadcrumbList","@id":"https:\/\/truusk.store\/sv\/produkt\/truusk-parasoll-tradgardsparaply-3-vanings-solskydd-bambu-180-polyestergra-25-x-23-m\/#breadcrumb","itemListElement":[{"@type":"ListItem","position":1,"name":"Home","item":"https:\/\/truusk.store\/sv\/"},{"@type":"ListItem","position":2,"name":"Shop","item":"https:\/\/truusk.store\/shop\/"},{"@type":"ListItem","position":3,"name":"TRUUSK Parasoll Tr\u00e4dg\u00e5rdsparaply &#8211; 3-v\u00e5nings Solskydd &#8211; Bambu &#8211; 180\/polyestergr\u00e5 &#8211; 2,5 X 2,3 M"}]},{"@type":"WebSite","@id":"https:\/\/truusk.store\/sv\/#website","url":"https:\/\/truusk.store\/sv\/","name":"TRUUSK - Hem, Tr\u00e4dg\u00e5rd & Fritid","description":"","publisher":{"@id":"https:\/\/truusk.store\/sv\/#organization"},"potentialAction":[{"@type":"SearchAction","target":{"@type":"EntryPoint","urlTemplate":"https:\/\/truusk.store\/sv\/?s={search_term_string}"},"query-input":{"@type":"PropertyValueSpecification","valueRequired":true,"valueName":"search_term_string"}}],"inLanguage":"sv-SE"},{"@type":"Organization","@id":"https:\/\/truusk.store\/sv\/#organization","name":"TRUUSK - Hem, Tr\u00e4dg\u00e5rd & Fritid","url":"https:\/\/truusk.store\/sv\/","logo":{"@type":"ImageObject","inLanguage":"sv-SE","@id":"https:\/\/truusk.store\/sv\/#\/schema\/logo\/image\/","url":"https:\/\/i0.wp.com\/truusk.store\/wp-content\/uploads\/2026\/03\/cropped-TRUUSK.png?fit=2032%2C917&ssl=1","contentUrl":"https:\/\/i0.wp.com\/truusk.store\/wp-content\/uploads\/2026\/03\/cropped-TRUUSK.png?fit=2032%2C917&ssl=1","width":2032,"height":917,"caption":"TRUUSK - Hem, Tr\u00e4dg\u00e5rd & Fritid"},"image":{"@id":"https:\/\/truusk.store\/sv\/#\/schema\/logo\/image\/"}}]}},"jetpack_sharing_enabled":true,"_links":{"self":[{"href":"https:\/\/truusk.store\/sv\/wp-json\/wp\/v2\/product\/23469","targetHints":{"allow":["GET"]}}],"collection":[{"href":"https:\/\/truusk.store\/sv\/wp-json\/wp\/v2\/product"}],"about":[{"href":"https:\/\/truusk.store\/sv\/wp-json\/wp\/v2\/types\/product"}],"wp:featuredmedia":[{"embeddable":true,"href":"https:\/\/truusk.store\/sv\/wp-json\/wp\/v2\/media\/23470"}],"wp:attachment":[{"href":"https:\/\/truusk.store\/sv\/wp-json\/wp\/v2\/media?parent=23469"}],"wp:term":[{"taxonomy":"product_brand","embeddable":true,"href":"https:\/\/truusk.store\/sv\/wp-json\/wp\/v2\/product_brand?post=23469"},{"taxonomy":"product_cat","embeddable":true,"href":"https:\/\/truusk.store\/sv\/wp-json\/wp\/v2\/product_cat?post=23469"},{"taxonomy":"product_tag","embeddable":true,"href":"https:\/\/truusk.store\/sv\/wp-json\/wp\/v2\/product_tag?post=23469"}],"curies":[{"name":"wp","href":"https:\/\/api.w.org\/{rel}","templated":true}]}}