{"id":23481,"date":"2024-02-13T16:54:53","date_gmt":"2024-02-13T15:54:53","guid":{"rendered":"https:\/\/truusk.store\/product\/markis-vikarm-markis-klamma-markis-hojdjusterbar-solskydd-vikarm-handvev-balkong-aluminium-bla-vit-300-x-150cm\/"},"modified":"2026-03-12T09:05:09","modified_gmt":"2026-03-12T08:05:09","slug":"truusk-markis-med-klamma-justerbar-hojd-uv-skydd-handvev-aluminium-bla-vit-300-x-150cm","status":"publish","type":"product","link":"https:\/\/truusk.store\/sv\/produkt\/truusk-markis-med-klamma-justerbar-hojd-uv-skydd-handvev-aluminium-bla-vit-300-x-150cm\/","title":{"rendered":"TRUUSK Markis med Kl\u00e4mma &#8211; Justerbar H\u00f6jd &#8211; UV-skydd &#8211; Handvev &#8211; Aluminium &#8211; Bl\u00e5\/Vit &#8211; 300 x 150cm"},"content":{"rendered":"<p>Denna vikarmsmarkis \u00e4r en framg\u00e5ngsrik f\u00f6rl\u00e4ngning av dina utomhusomr\u00e5den. Den frist\u00e5ende markisen kan man\u00f6vreras manuellt med en vev och kan enkelt f\u00e4stas \u00f6ver entr\u00e9er, f\u00f6nster eller balkonger. Designen skyddar dig fr\u00e5n farlig UV-str\u00e5lning. Metallramen ger l\u00e5ng livsl\u00e4ngd. Njut av skuggan.<\/p>\n<h3>Beskrivning:<\/h3>\n<ul>\n<li>Markis som skydd mot sol eller l\u00e4tt regn<\/li>\n<li>L\u00e4mplig f\u00f6r f\u00f6nstret eller entr\u00e9n<\/li>\n<li>Rullen \u00e4r gjord av h\u00f6gkvalitativt aluminium<\/li>\n<li>Markistyg av 180 g\/m polyester<\/li>\n<li>Teleskopstavar h\u00f6jdjusterbara mellan 1,7 &#8211; 2,8 m<\/li>\n<li>L\u00e4tt att man\u00f6vrera med hj\u00e4lp av handveven<\/li>\n<li>Enkel konstruktion<\/li>\n<\/ul>\n<h3>Teknisk data:<\/h3>\n<ul>\n<li>Material: aluminium, j\u00e4rn, polyester<\/li>\n<li>M\u00e5tt: 300L x 150W cm<\/li>\n<li>H\u00f6jd p\u00e5 teleskoparmarna: 1,7 &#8211; 2,8 m<\/li>\n<li>Justerbara vinklar: 0 &#8211; 90<\/li>\n<li>L\u00e4ngd vev: 1,2 m<\/li>\n<li>F\u00e4rg: Bl\u00e5+Vit<\/li>\n<\/ul>\n<h3>Leveransens omfattning:<\/h3>\n<ul>\n<li>1 x Clamp Markis<\/li>\n<li>1 x Monteringsanvisning<\/li>\n<li>Monteringstillbeh\u00f6r<\/li>\n<\/ul>\n","protected":false},"excerpt":{"rendered":"<p>Denna vikarmsmarkis \u00e4r en framg\u00e5ngsrik f\u00f6rl\u00e4ngning av dina utomhusomr\u00e5den. Den frist\u00e5ende markisen kan man\u00f6vreras manuellt med en vev och kan&#8230;<\/p>\n","protected":false},"featured_media":23482,"template":"","meta":[],"product_brand":[],"product_cat":[473,471,435],"product_tag":[],"class_list":{"0":"post-23481","1":"product","2":"type-product","3":"status-publish","4":"has-post-thumbnail","6":"product_cat-markiser","7":"product_cat-solskydd-integritetsskydd","8":"product_cat-tradgard-och-terrass","10":"first","11":"instock","12":"sale","13":"taxable","14":"shipping-taxable","15":"purchasable","16":"product-type-simple"},"yoast_head":"<!-- This site is optimized with the Yoast SEO plugin v25.4 - https:\/\/yoast.com\/wordpress\/plugins\/seo\/ -->\n<title>TRUUSK Markis med Kl\u00e4mma - Justerbar H\u00f6jd - UV-skydd - Handvev - Aluminium - Bl\u00e5\/Vit - 300 x 150cm - TRUUSK - Hem, Tr\u00e4dg\u00e5rd &amp; Fritid<\/title>\n<meta name=\"robots\" content=\"index, follow, max-snippet:-1, max-image-preview:large, max-video-preview:-1\" \/>\n<link rel=\"canonical\" href=\"https:\/\/truusk.store\/sv\/produkt\/truusk-markis-med-klamma-justerbar-hojd-uv-skydd-handvev-aluminium-bla-vit-300-x-150cm\/\" \/>\n<meta property=\"og:locale\" content=\"sv_SE\" \/>\n<meta property=\"og:type\" content=\"article\" \/>\n<meta property=\"og:title\" content=\"TRUUSK Markis med Kl\u00e4mma - Justerbar H\u00f6jd - UV-skydd - Handvev - Aluminium - Bl\u00e5\/Vit - 300 x 150cm - TRUUSK - Hem, Tr\u00e4dg\u00e5rd &amp; Fritid\" \/>\n<meta property=\"og:description\" content=\"Denna vikarmsmarkis \u00e4r en framg\u00e5ngsrik f\u00f6rl\u00e4ngning av dina utomhusomr\u00e5den. Den frist\u00e5ende markisen kan man\u00f6vreras manuellt med en vev och kan...\" \/>\n<meta property=\"og:url\" content=\"https:\/\/truusk.store\/sv\/produkt\/truusk-markis-med-klamma-justerbar-hojd-uv-skydd-handvev-aluminium-bla-vit-300-x-150cm\/\" \/>\n<meta property=\"og:site_name\" content=\"TRUUSK - Hem, Tr\u00e4dg\u00e5rd &amp; Fritid\" \/>\n<meta property=\"article:modified_time\" content=\"2026-03-12T08:05:09+00:00\" \/>\n<meta property=\"og:image\" content=\"https:\/\/i0.wp.com\/truusk.se\/wp-content\/uploads\/2024\/02\/markis-vikarm-markis-klamma-markis-hojdjusterbar-solskydd-vikarm-handvev-balkong-aluminium-bla-vit-300-x-150cm.webp?fit=800%2C800&ssl=1\" \/>\n\t<meta property=\"og:image:width\" content=\"800\" \/>\n\t<meta property=\"og:image:height\" content=\"800\" \/>\n\t<meta property=\"og:image:type\" content=\"image\/webp\" \/>\n<meta name=\"twitter:card\" content=\"summary_large_image\" \/>\n<meta name=\"twitter:label1\" content=\"Ber\u00e4knad l\u00e4stid\" \/>\n\t<meta name=\"twitter:data1\" content=\"1 minut\" \/>\n<!-- \/ Yoast SEO plugin. -->","yoast_head_json":{"title":"TRUUSK Markis med Kl\u00e4mma - Justerbar H\u00f6jd - UV-skydd - Handvev - Aluminium - Bl\u00e5\/Vit - 300 x 150cm - TRUUSK - Hem, Tr\u00e4dg\u00e5rd &amp; Fritid","robots":{"index":"index","follow":"follow","max-snippet":"max-snippet:-1","max-image-preview":"max-image-preview:large","max-video-preview":"max-video-preview:-1"},"canonical":"https:\/\/truusk.store\/sv\/produkt\/truusk-markis-med-klamma-justerbar-hojd-uv-skydd-handvev-aluminium-bla-vit-300-x-150cm\/","og_locale":"sv_SE","og_type":"article","og_title":"TRUUSK Markis med Kl\u00e4mma - Justerbar H\u00f6jd - UV-skydd - Handvev - Aluminium - Bl\u00e5\/Vit - 300 x 150cm - TRUUSK - Hem, Tr\u00e4dg\u00e5rd &amp; Fritid","og_description":"Denna vikarmsmarkis \u00e4r en framg\u00e5ngsrik f\u00f6rl\u00e4ngning av dina utomhusomr\u00e5den. Den frist\u00e5ende markisen kan man\u00f6vreras manuellt med en vev och kan...","og_url":"https:\/\/truusk.store\/sv\/produkt\/truusk-markis-med-klamma-justerbar-hojd-uv-skydd-handvev-aluminium-bla-vit-300-x-150cm\/","og_site_name":"TRUUSK - Hem, Tr\u00e4dg\u00e5rd &amp; Fritid","article_modified_time":"2026-03-12T08:05:09+00:00","og_image":[{"width":800,"height":800,"url":"https:\/\/i0.wp.com\/truusk.se\/wp-content\/uploads\/2024\/02\/markis-vikarm-markis-klamma-markis-hojdjusterbar-solskydd-vikarm-handvev-balkong-aluminium-bla-vit-300-x-150cm.webp?fit=800%2C800&ssl=1","type":"image\/webp"}],"twitter_card":"summary_large_image","twitter_misc":{"Ber\u00e4knad l\u00e4stid":"1 minut"},"schema":{"@context":"https:\/\/schema.org","@graph":[{"@type":"WebPage","@id":"https:\/\/truusk.store\/sv\/produkt\/truusk-markis-med-klamma-justerbar-hojd-uv-skydd-handvev-aluminium-bla-vit-300-x-150cm\/","url":"https:\/\/truusk.store\/sv\/produkt\/truusk-markis-med-klamma-justerbar-hojd-uv-skydd-handvev-aluminium-bla-vit-300-x-150cm\/","name":"TRUUSK Markis med Kl\u00e4mma - Justerbar H\u00f6jd - UV-skydd - Handvev - Aluminium - Bl\u00e5\/Vit - 300 x 150cm - TRUUSK - Hem, Tr\u00e4dg\u00e5rd &amp; Fritid","isPartOf":{"@id":"https:\/\/truusk.store\/sv\/#website"},"primaryImageOfPage":{"@id":"https:\/\/truusk.store\/sv\/produkt\/truusk-markis-med-klamma-justerbar-hojd-uv-skydd-handvev-aluminium-bla-vit-300-x-150cm\/#primaryimage"},"image":{"@id":"https:\/\/truusk.store\/sv\/produkt\/truusk-markis-med-klamma-justerbar-hojd-uv-skydd-handvev-aluminium-bla-vit-300-x-150cm\/#primaryimage"},"thumbnailUrl":"https:\/\/i0.wp.com\/truusk.store\/wp-content\/uploads\/2024\/02\/markis-vikarm-markis-klamma-markis-hojdjusterbar-solskydd-vikarm-handvev-balkong-aluminium-bla-vit-300-x-150cm.webp?fit=800%2C800&ssl=1","datePublished":"2024-02-13T15:54:53+00:00","dateModified":"2026-03-12T08:05:09+00:00","breadcrumb":{"@id":"https:\/\/truusk.store\/sv\/produkt\/truusk-markis-med-klamma-justerbar-hojd-uv-skydd-handvev-aluminium-bla-vit-300-x-150cm\/#breadcrumb"},"inLanguage":"sv-SE","potentialAction":[{"@type":"ReadAction","target":["https:\/\/truusk.store\/sv\/produkt\/truusk-markis-med-klamma-justerbar-hojd-uv-skydd-handvev-aluminium-bla-vit-300-x-150cm\/"]}]},{"@type":"ImageObject","inLanguage":"sv-SE","@id":"https:\/\/truusk.store\/sv\/produkt\/truusk-markis-med-klamma-justerbar-hojd-uv-skydd-handvev-aluminium-bla-vit-300-x-150cm\/#primaryimage","url":"https:\/\/i0.wp.com\/truusk.store\/wp-content\/uploads\/2024\/02\/markis-vikarm-markis-klamma-markis-hojdjusterbar-solskydd-vikarm-handvev-balkong-aluminium-bla-vit-300-x-150cm.webp?fit=800%2C800&ssl=1","contentUrl":"https:\/\/i0.wp.com\/truusk.store\/wp-content\/uploads\/2024\/02\/markis-vikarm-markis-klamma-markis-hojdjusterbar-solskydd-vikarm-handvev-balkong-aluminium-bla-vit-300-x-150cm.webp?fit=800%2C800&ssl=1","width":800,"height":800,"caption":"Markis Vikarm Markis Kl\u00e4mma Markis H\u00f6jdjusterbar Solskydd Vikarm Handvev Balkong Aluminium Bl\u00e5 + Vit 300 X 150cm 1"},{"@type":"BreadcrumbList","@id":"https:\/\/truusk.store\/sv\/produkt\/truusk-markis-med-klamma-justerbar-hojd-uv-skydd-handvev-aluminium-bla-vit-300-x-150cm\/#breadcrumb","itemListElement":[{"@type":"ListItem","position":1,"name":"Home","item":"https:\/\/truusk.store\/sv\/"},{"@type":"ListItem","position":2,"name":"Shop","item":"https:\/\/truusk.store\/shop\/"},{"@type":"ListItem","position":3,"name":"TRUUSK Markis med Kl\u00e4mma &#8211; Justerbar H\u00f6jd &#8211; UV-skydd &#8211; Handvev &#8211; Aluminium &#8211; Bl\u00e5\/Vit &#8211; 300 x 150cm"}]},{"@type":"WebSite","@id":"https:\/\/truusk.store\/sv\/#website","url":"https:\/\/truusk.store\/sv\/","name":"TRUUSK - Hem, Tr\u00e4dg\u00e5rd & Fritid","description":"","publisher":{"@id":"https:\/\/truusk.store\/sv\/#organization"},"potentialAction":[{"@type":"SearchAction","target":{"@type":"EntryPoint","urlTemplate":"https:\/\/truusk.store\/sv\/?s={search_term_string}"},"query-input":{"@type":"PropertyValueSpecification","valueRequired":true,"valueName":"search_term_string"}}],"inLanguage":"sv-SE"},{"@type":"Organization","@id":"https:\/\/truusk.store\/sv\/#organization","name":"TRUUSK - Hem, Tr\u00e4dg\u00e5rd & Fritid","url":"https:\/\/truusk.store\/sv\/","logo":{"@type":"ImageObject","inLanguage":"sv-SE","@id":"https:\/\/truusk.store\/sv\/#\/schema\/logo\/image\/","url":"https:\/\/i0.wp.com\/truusk.store\/wp-content\/uploads\/2026\/03\/cropped-TRUUSK.png?fit=2032%2C917&ssl=1","contentUrl":"https:\/\/i0.wp.com\/truusk.store\/wp-content\/uploads\/2026\/03\/cropped-TRUUSK.png?fit=2032%2C917&ssl=1","width":2032,"height":917,"caption":"TRUUSK - Hem, Tr\u00e4dg\u00e5rd & Fritid"},"image":{"@id":"https:\/\/truusk.store\/sv\/#\/schema\/logo\/image\/"}}]}},"jetpack_sharing_enabled":true,"_links":{"self":[{"href":"https:\/\/truusk.store\/sv\/wp-json\/wp\/v2\/product\/23481","targetHints":{"allow":["GET"]}}],"collection":[{"href":"https:\/\/truusk.store\/sv\/wp-json\/wp\/v2\/product"}],"about":[{"href":"https:\/\/truusk.store\/sv\/wp-json\/wp\/v2\/types\/product"}],"wp:featuredmedia":[{"embeddable":true,"href":"https:\/\/truusk.store\/sv\/wp-json\/wp\/v2\/media\/23482"}],"wp:attachment":[{"href":"https:\/\/truusk.store\/sv\/wp-json\/wp\/v2\/media?parent=23481"}],"wp:term":[{"taxonomy":"product_brand","embeddable":true,"href":"https:\/\/truusk.store\/sv\/wp-json\/wp\/v2\/product_brand?post=23481"},{"taxonomy":"product_cat","embeddable":true,"href":"https:\/\/truusk.store\/sv\/wp-json\/wp\/v2\/product_cat?post=23481"},{"taxonomy":"product_tag","embeddable":true,"href":"https:\/\/truusk.store\/sv\/wp-json\/wp\/v2\/product_tag?post=23481"}],"curies":[{"name":"wp","href":"https:\/\/api.w.org\/{rel}","templated":true}]}}